{"id":3309,"date":"2026-05-11T14:44:30","date_gmt":"2026-05-11T14:44:30","guid":{"rendered":"https:\/\/ecosupplements.ch\/?product=mega-benfotiamine-250mg-120-vcaps"},"modified":"2026-05-13T07:24:22","modified_gmt":"2026-05-13T07:24:22","slug":"mega-benfotiamine-250mg-120-vcaps","status":"publish","type":"product","link":"https:\/\/ecosupplements.ch\/?product=mega-benfotiamine-250mg-120-vcaps","title":{"rendered":"Mega Benfotiamine, 250mg &#8211; 120 vcaps"},"content":{"rendered":"<div class=\"chcg-product-description\">\n<h2 class=\"chcg-heading\">\u00dcber Life Extension \u2013 Mega Benfotiamine, 250mg \u2013 120 Kapseln<\/h2>\n<div class=\"chcg-intro\">\n<p>Benfotiamine ist eine fettl\u00f6sliche Form von Thiamin (Vitamin B1), die im Vergleich zur wasserl\u00f6slichen Form eine h\u00f6here Bioverf\u00fcgbarkeit aufweist. Life Extension Mega Benfotiamine liefert pro Kapsel 250 mg Benfotiamine sowie zus\u00e4tzlich 10 mg Thiamin als Thiamin-HCl \u2013 f\u00fcr eine umfassende Versorgung mit diesem wichtigen B-Vitamin.<\/p>\n<p>Thiamin (Vitamin B1) tr\u00e4gt zur normalen Funktion des Energiestoffwechsels sowie zur normalen Herzfunktion bei. Ausserdem unterst\u00fctzt es die normale Funktion des Nervensystems. Die Kombination aus Benfotiamine und klassischem Thiamin in einer einzigen Kapsel macht dieses Produkt zu einer praktischen Wahl f\u00fcr alle, die eine hochdosierte B1-Erg\u00e4nzung suchen.<\/p>\n<p>Die vegetarischen Kapseln von Life Extension enthalten keine Gelatine und eignen sich f\u00fcr eine vegetarische Ern\u00e4hrungsweise. Mit 120 Kapseln pro Beh\u00e4lter bietet das Produkt je nach Dosierung einen Vorrat f\u00fcr 30 bis 120 Tage.<\/p>\n<\/p><\/div>\n<div class=\"chcg-nutrition\">\n<h3>N\u00e4hrwertangaben<\/h3>\n<table class=\"chcg-nutrition-table\">\n<thead>\n<tr>\n<th>N\u00e4hrstoff<\/th>\n<th>Pro Portion (1 Kapsel)<\/th>\n<\/tr>\n<\/thead>\n<tbody>\n<tr>\n<td>Thiamin (Vitamin B1) (als Thiamin-HCl)<\/td>\n<td>10 mg (833 % des Tagesbedarfs)<\/td>\n<\/tr>\n<tr>\n<td>Benfotiamine<\/td>\n<td>250 mg (*)<\/td>\n<\/tr>\n<\/tbody>\n<\/table>\n<p class=\"chcg-footnote\">* Kein festgelegter Tagesbedarf.<\/p>\n<\/p><\/div>\n<div class=\"chcg-ingredients\">\n<h3>Zutaten<\/h3>\n<p>Thiamin (Vitamin B1) (als Thiamin-HCl) 10 mg, Benfotiamine 250 mg. Weitere Zutaten: mikrokristalline Cellulose, pflanzliche Cellulose (Kapsel), Stearins\u00e4ure, Siliciumdioxid, pflanzliches Stearat.<\/p>\n<p class=\"chcg-capsule-shell\">Kapselh\u00fclle: Pflanzliche Cellulose (vegetarische Kapsel)<\/p>\n<\/p><\/div>\n<div class=\"chcg-dosage\">\n<h3>Verzehrempfehlung<\/h3>\n<p>Eine (1) Kapsel ein- bis viermal t\u00e4glich einnehmen, oder gem\u00e4ss Empfehlung eines Arztes oder einer Fachperson f\u00fcr Gesundheit.<\/p>\n<\/p><\/div>\n<div class=\"chcg-warnings\">\n<h3>Warnhinweise<\/h3>\n<p>Nicht kaufen, wenn die \u00e4ussere Versiegelung besch\u00e4digt oder gebrochen ist. Bei der Einnahme von Nahrungserg\u00e4nzungsmitteln wird empfohlen, einen Arzt zu konsultieren, wenn Sie sich in medizinischer Behandlung befinden, schwanger sind oder stillen. Nahrungserg\u00e4nzungsmittel sind kein Ersatz f\u00fcr eine ausgewogene und abwechslungsreiche Ern\u00e4hrung. Ausserhalb der Reichweite von Kindern aufbewahren.<\/p>\n<\/p><\/div>\n<div class=\"chcg-allergens\">\n<h3>Allergeninformationen<\/h3>\n<p>Auf dem Etikett sind keine Allergene deklariert. Das Produkt ist als glutenfrei und ohne gentechnisch ver\u00e4nderte Organismen (Non-GMO) gekennzeichnet.<\/p>\n<\/p><\/div>\n<div class=\"chcg-storage\">\n<h3>Lagerung<\/h3>\n<p>An einem k\u00fchlen, trockenen Ort lagern.<\/p>\n<\/p><\/div>\n<div class=\"chcg-dietary\">\n<h3>Ern\u00e4hrungshinweise<\/h3>\n<ul>\n<li>Vegetarisch<\/li>\n<li>Glutenfrei<\/li>\n<\/ul><\/div>\n<\/div>\n","protected":false},"excerpt":{"rendered":"<p>Mega Benfotiamine von Life Extension liefert 250 mg Benfotiamine und 10 mg Thiamin (Vitamin B1) pro vegetarischer Kapsel \u2013 zur Unterst\u00fctzung des normalen Energiestoffwechsels und des Nervensystems. 120 Kapseln pro Beh\u00e4lter, glutenfrei und vegetarisch.<\/p>\n","protected":false},"featured_media":3310,"comment_status":"closed","ping_status":"open","template":"","meta":[],"product_brand":[202],"product_cat":[34,48,25,169],"product_tag":[],"class_list":{"0":"post-3309","1":"product","2":"type-product","3":"status-publish","4":"has-post-thumbnail","6":"product_brand-life-extension","7":"product_cat-antioxidantien","8":"product_cat-gesunde-ernaehrung","9":"product_cat-gesundheit-und-wohlbefinden","10":"product_cat-nordische-vitalitaet","12":"first","13":"outofstock","14":"taxable","15":"shipping-taxable","16":"purchasable","17":"product-type-simple"},"yoast_head":"<!-- This site is optimized with the Yoast SEO plugin v27.5 - https:\/\/yoast.com\/product\/yoast-seo-wordpress\/ -->\n<title>Mega Benfotiamine 250mg \u2013 Life Extension | ecosupplements.ch<\/title>\n<meta name=\"description\" content=\"Hochdosiertes Benfotiamine mit 250 mg pro Kapsel plus Thiamin (Vitamin B1) \u2013 120 vegetarische Kapseln, glutenfrei. Jetzt bestellen.\" \/>\n<meta name=\"robots\" content=\"index, follow, max-snippet:-1, max-image-preview:large, max-video-preview:-1\" \/>\n<link rel=\"canonical\" href=\"https:\/\/ecosupplements.ch\/?product=mega-benfotiamine-250mg-120-vcaps\" \/>\n<meta property=\"og:locale\" content=\"de_DE\" \/>\n<meta property=\"og:type\" content=\"article\" \/>\n<meta property=\"og:title\" content=\"Mega Benfotiamine 250mg \u2013 Life Extension | ecosupplements.ch\" \/>\n<meta property=\"og:description\" content=\"Hochdosiertes Benfotiamine mit 250 mg pro Kapsel plus Thiamin (Vitamin B1) \u2013 120 vegetarische Kapseln, glutenfrei. Jetzt bestellen.\" \/>\n<meta property=\"og:url\" content=\"https:\/\/ecosupplements.ch\/?product=mega-benfotiamine-250mg-120-vcaps\" \/>\n<meta property=\"og:site_name\" content=\"Eco Supplements\" \/>\n<meta property=\"article:modified_time\" content=\"2026-05-13T07:24:22+00:00\" \/>\n<meta property=\"og:image\" content=\"https:\/\/ecosupplements.ch\/wp-content\/uploads\/2026\/05\/Mega-Benfotiamine-250mg-120-vcaps.webp\" \/>\n\t<meta property=\"og:image:width\" content=\"1000\" \/>\n\t<meta property=\"og:image:height\" content=\"1000\" \/>\n\t<meta property=\"og:image:type\" content=\"image\/jpeg\" \/>\n<meta name=\"twitter:card\" content=\"summary_large_image\" \/>\n<meta name=\"twitter:label1\" content=\"Price\" \/>\n\t<meta name=\"twitter:data1\" content=\"&#067;&#072;&#070;&nbsp;32.14\" \/>\n\t<meta name=\"twitter:label2\" content=\"Availability\" \/>\n\t<meta name=\"twitter:data2\" content=\"Out of stock\" \/>\n<script type=\"application\/ld+json\" class=\"yoast-schema-graph\">{\"@context\":\"https:\\\/\\\/schema.org\",\"@graph\":[{\"@type\":\"WebPage\",\"@id\":\"https:\\\/\\\/ecosupplements.ch\\\/?product=mega-benfotiamine-250mg-120-vcaps\",\"url\":\"https:\\\/\\\/ecosupplements.ch\\\/?product=mega-benfotiamine-250mg-120-vcaps\",\"name\":\"Mega Benfotiamine 250mg \u2013 Life Extension | ecosupplements.ch\",\"isPartOf\":{\"@id\":\"https:\\\/\\\/ecosupplements.ch\\\/#website\"},\"primaryImageOfPage\":{\"@id\":\"https:\\\/\\\/ecosupplements.ch\\\/?product=mega-benfotiamine-250mg-120-vcaps#primaryimage\"},\"image\":{\"@id\":\"https:\\\/\\\/ecosupplements.ch\\\/?product=mega-benfotiamine-250mg-120-vcaps#primaryimage\"},\"thumbnailUrl\":\"https:\\\/\\\/ecosupplements.ch\\\/wp-content\\\/uploads\\\/2026\\\/05\\\/Mega-Benfotiamine-250mg-120-vcaps.webp\",\"datePublished\":\"2026-05-11T14:44:30+00:00\",\"dateModified\":\"2026-05-13T07:24:22+00:00\",\"description\":\"Hochdosiertes Benfotiamine mit 250 mg pro Kapsel plus Thiamin (Vitamin B1) \u2013 120 vegetarische Kapseln, glutenfrei. Jetzt bestellen.\",\"breadcrumb\":{\"@id\":\"https:\\\/\\\/ecosupplements.ch\\\/?product=mega-benfotiamine-250mg-120-vcaps#breadcrumb\"},\"inLanguage\":\"de-CH\",\"potentialAction\":[{\"@type\":\"ReadAction\",\"target\":[\"https:\\\/\\\/ecosupplements.ch\\\/?product=mega-benfotiamine-250mg-120-vcaps\"]}]},{\"@type\":\"ImageObject\",\"inLanguage\":\"de-CH\",\"@id\":\"https:\\\/\\\/ecosupplements.ch\\\/?product=mega-benfotiamine-250mg-120-vcaps#primaryimage\",\"url\":\"https:\\\/\\\/ecosupplements.ch\\\/wp-content\\\/uploads\\\/2026\\\/05\\\/Mega-Benfotiamine-250mg-120-vcaps.webp\",\"contentUrl\":\"https:\\\/\\\/ecosupplements.ch\\\/wp-content\\\/uploads\\\/2026\\\/05\\\/Mega-Benfotiamine-250mg-120-vcaps.webp\",\"width\":1000,\"height\":1000,\"caption\":\"Mega Benfotiamine\"},{\"@type\":\"BreadcrumbList\",\"@id\":\"https:\\\/\\\/ecosupplements.ch\\\/?product=mega-benfotiamine-250mg-120-vcaps#breadcrumb\",\"itemListElement\":[{\"@type\":\"ListItem\",\"position\":1,\"name\":\"Home\",\"item\":\"https:\\\/\\\/ecosupplements.ch\\\/\"},{\"@type\":\"ListItem\",\"position\":2,\"name\":\"Shop\",\"item\":\"https:\\\/\\\/ecosupplements.ch\\\/?page_id=14\"},{\"@type\":\"ListItem\",\"position\":3,\"name\":\"Mega Benfotiamine, 250mg &#8211; 120 vcaps\"}]},{\"@type\":\"WebSite\",\"@id\":\"https:\\\/\\\/ecosupplements.ch\\\/#website\",\"url\":\"https:\\\/\\\/ecosupplements.ch\\\/\",\"name\":\"Eco Supplements\",\"description\":\"\",\"potentialAction\":[{\"@type\":\"SearchAction\",\"target\":{\"@type\":\"EntryPoint\",\"urlTemplate\":\"https:\\\/\\\/ecosupplements.ch\\\/?s={search_term_string}\"},\"query-input\":{\"@type\":\"PropertyValueSpecification\",\"valueRequired\":true,\"valueName\":\"search_term_string\"}}],\"inLanguage\":\"de-CH\"}]}<\/script>\n<meta property=\"product:price:amount\" content=\"32.14\" \/>\n<meta property=\"product:price:currency\" content=\"CHF\" \/>\n<meta property=\"og:availability\" content=\"out of stock\" \/>\n<meta property=\"product:availability\" content=\"out of stock\" \/>\n<meta property=\"product:retailer_item_id\" content=\"737870925125\" \/>\n<meta property=\"product:condition\" content=\"new\" \/>\n<!-- \/ Yoast SEO plugin. -->","yoast_head_json":{"title":"Mega Benfotiamine 250mg \u2013 Life Extension | ecosupplements.ch","description":"Hochdosiertes Benfotiamine mit 250 mg pro Kapsel plus Thiamin (Vitamin B1) \u2013 120 vegetarische Kapseln, glutenfrei. Jetzt bestellen.","robots":{"index":"index","follow":"follow","max-snippet":"max-snippet:-1","max-image-preview":"max-image-preview:large","max-video-preview":"max-video-preview:-1"},"canonical":"https:\/\/ecosupplements.ch\/?product=mega-benfotiamine-250mg-120-vcaps","og_locale":"de_DE","og_type":"article","og_title":"Mega Benfotiamine 250mg \u2013 Life Extension | ecosupplements.ch","og_description":"Hochdosiertes Benfotiamine mit 250 mg pro Kapsel plus Thiamin (Vitamin B1) \u2013 120 vegetarische Kapseln, glutenfrei. Jetzt bestellen.","og_url":"https:\/\/ecosupplements.ch\/?product=mega-benfotiamine-250mg-120-vcaps","og_site_name":"Eco Supplements","article_modified_time":"2026-05-13T07:24:22+00:00","og_image":[{"width":1000,"height":1000,"url":"https:\/\/ecosupplements.ch\/wp-content\/uploads\/2026\/05\/Mega-Benfotiamine-250mg-120-vcaps.webp","type":"image\/jpeg"}],"twitter_card":"summary_large_image","twitter_misc":{"Price":"&#67;&#72;&#70;&nbsp;32.14","Availability":"Out of stock"},"schema":{"@context":"https:\/\/schema.org","@graph":[{"@type":"WebPage","@id":"https:\/\/ecosupplements.ch\/?product=mega-benfotiamine-250mg-120-vcaps","url":"https:\/\/ecosupplements.ch\/?product=mega-benfotiamine-250mg-120-vcaps","name":"Mega Benfotiamine 250mg \u2013 Life Extension | ecosupplements.ch","isPartOf":{"@id":"https:\/\/ecosupplements.ch\/#website"},"primaryImageOfPage":{"@id":"https:\/\/ecosupplements.ch\/?product=mega-benfotiamine-250mg-120-vcaps#primaryimage"},"image":{"@id":"https:\/\/ecosupplements.ch\/?product=mega-benfotiamine-250mg-120-vcaps#primaryimage"},"thumbnailUrl":"https:\/\/ecosupplements.ch\/wp-content\/uploads\/2026\/05\/Mega-Benfotiamine-250mg-120-vcaps.webp","datePublished":"2026-05-11T14:44:30+00:00","dateModified":"2026-05-13T07:24:22+00:00","description":"Hochdosiertes Benfotiamine mit 250 mg pro Kapsel plus Thiamin (Vitamin B1) \u2013 120 vegetarische Kapseln, glutenfrei. Jetzt bestellen.","breadcrumb":{"@id":"https:\/\/ecosupplements.ch\/?product=mega-benfotiamine-250mg-120-vcaps#breadcrumb"},"inLanguage":"de-CH","potentialAction":[{"@type":"ReadAction","target":["https:\/\/ecosupplements.ch\/?product=mega-benfotiamine-250mg-120-vcaps"]}]},{"@type":"ImageObject","inLanguage":"de-CH","@id":"https:\/\/ecosupplements.ch\/?product=mega-benfotiamine-250mg-120-vcaps#primaryimage","url":"https:\/\/ecosupplements.ch\/wp-content\/uploads\/2026\/05\/Mega-Benfotiamine-250mg-120-vcaps.webp","contentUrl":"https:\/\/ecosupplements.ch\/wp-content\/uploads\/2026\/05\/Mega-Benfotiamine-250mg-120-vcaps.webp","width":1000,"height":1000,"caption":"Mega Benfotiamine"},{"@type":"BreadcrumbList","@id":"https:\/\/ecosupplements.ch\/?product=mega-benfotiamine-250mg-120-vcaps#breadcrumb","itemListElement":[{"@type":"ListItem","position":1,"name":"Home","item":"https:\/\/ecosupplements.ch\/"},{"@type":"ListItem","position":2,"name":"Shop","item":"https:\/\/ecosupplements.ch\/?page_id=14"},{"@type":"ListItem","position":3,"name":"Mega Benfotiamine, 250mg &#8211; 120 vcaps"}]},{"@type":"WebSite","@id":"https:\/\/ecosupplements.ch\/#website","url":"https:\/\/ecosupplements.ch\/","name":"Eco Supplements","description":"","potentialAction":[{"@type":"SearchAction","target":{"@type":"EntryPoint","urlTemplate":"https:\/\/ecosupplements.ch\/?s={search_term_string}"},"query-input":{"@type":"PropertyValueSpecification","valueRequired":true,"valueName":"search_term_string"}}],"inLanguage":"de-CH"}]},"product_price_amount":"32.14","product_price_currency":"CHF","og_availability":"out of stock","product_availability":"out of stock","product_retailer_item_id":"737870925125","product_condition":"new"},"_links":{"self":[{"href":"https:\/\/ecosupplements.ch\/index.php?rest_route=\/wp\/v2\/product\/3309","targetHints":{"allow":["GET"]}}],"collection":[{"href":"https:\/\/ecosupplements.ch\/index.php?rest_route=\/wp\/v2\/product"}],"about":[{"href":"https:\/\/ecosupplements.ch\/index.php?rest_route=\/wp\/v2\/types\/product"}],"replies":[{"embeddable":true,"href":"https:\/\/ecosupplements.ch\/index.php?rest_route=%2Fwp%2Fv2%2Fcomments&post=3309"}],"wp:featuredmedia":[{"embeddable":true,"href":"https:\/\/ecosupplements.ch\/index.php?rest_route=\/wp\/v2\/media\/3310"}],"wp:attachment":[{"href":"https:\/\/ecosupplements.ch\/index.php?rest_route=%2Fwp%2Fv2%2Fmedia&parent=3309"}],"wp:term":[{"taxonomy":"product_brand","embeddable":true,"href":"https:\/\/ecosupplements.ch\/index.php?rest_route=%2Fwp%2Fv2%2Fproduct_brand&post=3309"},{"taxonomy":"product_cat","embeddable":true,"href":"https:\/\/ecosupplements.ch\/index.php?rest_route=%2Fwp%2Fv2%2Fproduct_cat&post=3309"},{"taxonomy":"product_tag","embeddable":true,"href":"https:\/\/ecosupplements.ch\/index.php?rest_route=%2Fwp%2Fv2%2Fproduct_tag&post=3309"}],"curies":[{"name":"wp","href":"https:\/\/api.w.org\/{rel}","templated":true}]}}