{"id":3314,"date":"2026-05-11T14:44:32","date_gmt":"2026-05-11T14:44:32","guid":{"rendered":"https:\/\/ecosupplements.ch\/?product=melatonin-6-hour-timed-release-750mcg-60-vegetarian-tabs"},"modified":"2026-05-13T07:22:43","modified_gmt":"2026-05-13T07:22:43","slug":"melatonin-6-hour-timed-release-750mcg-60-vegetarian-tabs","status":"publish","type":"product","link":"https:\/\/ecosupplements.ch\/?product=melatonin-6-hour-timed-release-750mcg-60-vegetarian-tabs","title":{"rendered":"Melatonin 6 Hour Timed Release, 750mcg &#8211; 60 vegetarian tabs"},"content":{"rendered":"<div class=\"chcg-product-description\">\n<h2 class=\"chcg-heading\">\u00dcber Life Extension \u2013 Melatonin 6 Hour Timed Release, 750mcg \u2013 60 vegetarische Tabletten<\/h2>\n<div class=\"chcg-intro\">\n<p>Melatonin ist ein k\u00f6rpereigenes Hormon, das von der Zirbeldr\u00fcse in der Nacht ausgesch\u00fcttet wird und eine zentrale Rolle bei der Regulierung des Schlaf-Wach-Rhythmus spielt. Die Formulierung von Life Extension setzt auf eine zeitverz\u00f6gerte Freisetzung \u00fcber 6 Stunden, wodurch der Wirkstoff gleichm\u00e4ssig \u00fcber die Nacht abgegeben wird \u2013 anstatt auf einmal. Mit einer niedrigen Dosierung von 750 mcg pro Tablette orientiert sich dieses Produkt an einer physiologisch sinnvollen Menge.<\/p>\n<p>Die vegetarischen Tabletten enthalten keine tierischen Bestandteile in der Zusammensetzung und eignen sich damit f\u00fcr eine vegetarische Ern\u00e4hrungsweise. Die sorgf\u00e4ltig ausgew\u00e4hlten Hilfsstoffe sind pflanzlichen Ursprungs, und das Produkt ist frei von Gluten sowie gentechnisch ver\u00e4nderten Organismen (GVO).<\/p>\n<p>Life Extension ist ein renommierter US-amerikanischer Hersteller, der seit Jahrzehnten f\u00fcr wissenschaftlich fundierte Nahrungserg\u00e4nzungsmittel bekannt ist. Dieses Melatonin-Pr\u00e4parat richtet sich an Personen, die ihre n\u00e4chtliche Einschlaf- und Durchschlafroutine auf nat\u00fcrliche Weise unterst\u00fctzen m\u00f6chten.<\/p>\n<\/p><\/div>\n<div class=\"chcg-nutrition\">\n<h3>N\u00e4hrwertangaben<\/h3>\n<table class=\"chcg-nutrition-table\">\n<thead>\n<tr>\n<th>N\u00e4hrstoff<\/th>\n<th>Pro Portion (1 Tablette)<\/th>\n<\/tr>\n<\/thead>\n<tbody>\n<tr>\n<td>Melatonin<\/td>\n<td>750 mcg<\/td>\n<\/tr>\n<\/tbody>\n<\/table>\n<p class=\"chcg-footnote\">* Kein festgelegter Tagesreferenzwert vorhanden.<\/p>\n<\/p><\/div>\n<div class=\"chcg-ingredients\">\n<h3>Zutaten<\/h3>\n<p>Melatonin 750 mcg. Weitere Zutaten: Mikrokristalline Cellulose, Hydroxypropylmethylcellulose (Hypromellose), Hydroxypropylcellulose, w\u00e4ssrige Filmh\u00fclle (gereinigtes Wasser, Hydroxypropylmethylcellulose, Glycerin), Stearins\u00e4ure, pflanzliches Stearat, Croscarmellose-Natrium, Siliciumdioxid.<\/p>\n<\/p><\/div>\n<div class=\"chcg-dosage\">\n<h3>Verzehrempfehlung<\/h3>\n<p>Eine (1) Tablette 30 bis 60 Minuten vor dem Schlafengehen einnehmen, oder gem\u00e4ss Empfehlung Ihrer medizinischen Fachperson. Melatonin wird von der Zirbeldr\u00fcse auf nat\u00fcrliche Weise in der Nacht ausgesch\u00fcttet und sollte f\u00fcr optimale Ergebnisse abends eingenommen werden.<\/p>\n<\/p><\/div>\n<div class=\"chcg-warnings\">\n<h3>Warnhinweise<\/h3>\n<p>Ausserhalb der Reichweite von Kindern aufbewahren. Die empfohlene Dosierung nicht \u00fcberschreiten. Nicht kaufen, wenn die Aussenversiegelung gebrochen oder besch\u00e4digt ist. Konsultieren Sie Ihre medizinische Fachperson, bevor Sie dieses Produkt einnehmen, wenn Sie wegen einer Erkrankung behandelt werden (insbesondere bei Autoimmun- oder Depressionserkrankungen). Vorsicht beim gleichzeitigen Konsum von Alkohol. Dieses Produkt ist nicht f\u00fcr Kinder, schwangere oder stillende Frauen oder Frauen mit Kinderwunsch geeignet. Nach der Einnahme dieses Produkts nicht Auto fahren oder schwere Maschinen bedienen.<\/p>\n<\/p><\/div>\n<div class=\"chcg-allergens\">\n<h3>Allergeninformationen<\/h3>\n<p>Auf dem Etikett sind keine Allergene deklariert. Das Produkt ist glutenfrei und frei von gentechnisch ver\u00e4nderten Organismen (GVO).<\/p>\n<\/p><\/div>\n<div class=\"chcg-storage\">\n<h3>Lagerung<\/h3>\n<p>Fest verschlossen an einem k\u00fchlen, trockenen Ort aufbewahren.<\/p>\n<\/p><\/div>\n<div class=\"chcg-dietary\">\n<h3>Ern\u00e4hrungshinweise<\/h3>\n<ul>\n<li>Vegetarisch<\/li>\n<li>Glutenfrei<\/li>\n<li>Laktosefrei<\/li>\n<\/ul><\/div>\n<\/div>\n","protected":false},"excerpt":{"rendered":"<p>Melatonin 750 mcg von Life Extension mit zeitverz\u00f6gerter 6-Stunden-Freisetzung \u2013 f\u00fcr eine gleichm\u00e4ssige n\u00e4chtliche Abgabe. 60 vegetarische Tabletten, glutenfrei und GVO-frei.<\/p>\n","protected":false},"featured_media":3315,"comment_status":"closed","ping_status":"open","template":"","meta":[],"product_brand":[202],"product_cat":[514,90,48,83,165,21],"product_tag":[],"class_list":{"0":"post-3314","1":"product","2":"type-product","3":"status-publish","4":"has-post-thumbnail","6":"product_brand-life-extension","7":"product_cat-aminosaeuren-und-bcaas","8":"product_cat-fitness-training","9":"product_cat-gesunde-ernaehrung","10":"product_cat-schlafunterstuetzung","11":"product_cat-humorforbedring","12":"product_cat-vitamine-und-mineralstoffe","14":"first","15":"outofstock","16":"taxable","17":"shipping-taxable","18":"purchasable","19":"product-type-simple"},"yoast_head":"<!-- This site is optimized with the Yoast SEO plugin v27.5 - https:\/\/yoast.com\/product\/yoast-seo-wordpress\/ -->\n<title>Melatonin 6H Timed Release 750mcg \u2013 Life Extension | ecosupplements.ch<\/title>\n<meta name=\"description\" content=\"Melatonin 750 mcg mit 6-Stunden-Freisetzung von Life Extension \u2013 60 vegetarische Tabletten, glutenfrei. Jetzt bestellen.\" \/>\n<meta name=\"robots\" content=\"index, follow, max-snippet:-1, max-image-preview:large, max-video-preview:-1\" \/>\n<link rel=\"canonical\" href=\"https:\/\/ecosupplements.ch\/?product=melatonin-6-hour-timed-release-750mcg-60-vegetarian-tabs\" \/>\n<meta property=\"og:locale\" content=\"de_DE\" \/>\n<meta property=\"og:type\" content=\"article\" \/>\n<meta property=\"og:title\" content=\"Melatonin 6H Timed Release 750mcg \u2013 Life Extension | ecosupplements.ch\" \/>\n<meta property=\"og:description\" content=\"Melatonin 750 mcg mit 6-Stunden-Freisetzung von Life Extension \u2013 60 vegetarische Tabletten, glutenfrei. Jetzt bestellen.\" \/>\n<meta property=\"og:url\" content=\"https:\/\/ecosupplements.ch\/?product=melatonin-6-hour-timed-release-750mcg-60-vegetarian-tabs\" \/>\n<meta property=\"og:site_name\" content=\"Eco Supplements\" \/>\n<meta property=\"article:modified_time\" content=\"2026-05-13T07:22:43+00:00\" \/>\n<meta property=\"og:image\" content=\"https:\/\/ecosupplements.ch\/wp-content\/uploads\/2026\/05\/Melatonin-6-Hour-Timed-Release-750mcg-60-vegetarian-tabs.jpg\" \/>\n\t<meta property=\"og:image:width\" content=\"499\" \/>\n\t<meta property=\"og:image:height\" content=\"1000\" \/>\n\t<meta property=\"og:image:type\" content=\"image\/jpeg\" \/>\n<meta name=\"twitter:card\" content=\"summary_large_image\" \/>\n<meta name=\"twitter:label1\" content=\"Price\" \/>\n\t<meta name=\"twitter:data1\" content=\"&#067;&#072;&#070;&nbsp;12.24\" \/>\n\t<meta name=\"twitter:label2\" content=\"Availability\" \/>\n\t<meta name=\"twitter:data2\" content=\"Out of stock\" \/>\n<script type=\"application\/ld+json\" class=\"yoast-schema-graph\">{\"@context\":\"https:\\\/\\\/schema.org\",\"@graph\":[{\"@type\":\"WebPage\",\"@id\":\"https:\\\/\\\/ecosupplements.ch\\\/?product=melatonin-6-hour-timed-release-750mcg-60-vegetarian-tabs\",\"url\":\"https:\\\/\\\/ecosupplements.ch\\\/?product=melatonin-6-hour-timed-release-750mcg-60-vegetarian-tabs\",\"name\":\"Melatonin 6H Timed Release 750mcg \u2013 Life Extension | ecosupplements.ch\",\"isPartOf\":{\"@id\":\"https:\\\/\\\/ecosupplements.ch\\\/#website\"},\"primaryImageOfPage\":{\"@id\":\"https:\\\/\\\/ecosupplements.ch\\\/?product=melatonin-6-hour-timed-release-750mcg-60-vegetarian-tabs#primaryimage\"},\"image\":{\"@id\":\"https:\\\/\\\/ecosupplements.ch\\\/?product=melatonin-6-hour-timed-release-750mcg-60-vegetarian-tabs#primaryimage\"},\"thumbnailUrl\":\"https:\\\/\\\/ecosupplements.ch\\\/wp-content\\\/uploads\\\/2026\\\/05\\\/Melatonin-6-Hour-Timed-Release-750mcg-60-vegetarian-tabs.jpg\",\"datePublished\":\"2026-05-11T14:44:32+00:00\",\"dateModified\":\"2026-05-13T07:22:43+00:00\",\"description\":\"Melatonin 750 mcg mit 6-Stunden-Freisetzung von Life Extension \u2013 60 vegetarische Tabletten, glutenfrei. Jetzt bestellen.\",\"breadcrumb\":{\"@id\":\"https:\\\/\\\/ecosupplements.ch\\\/?product=melatonin-6-hour-timed-release-750mcg-60-vegetarian-tabs#breadcrumb\"},\"inLanguage\":\"de-CH\",\"potentialAction\":[{\"@type\":\"ReadAction\",\"target\":[\"https:\\\/\\\/ecosupplements.ch\\\/?product=melatonin-6-hour-timed-release-750mcg-60-vegetarian-tabs\"]}]},{\"@type\":\"ImageObject\",\"inLanguage\":\"de-CH\",\"@id\":\"https:\\\/\\\/ecosupplements.ch\\\/?product=melatonin-6-hour-timed-release-750mcg-60-vegetarian-tabs#primaryimage\",\"url\":\"https:\\\/\\\/ecosupplements.ch\\\/wp-content\\\/uploads\\\/2026\\\/05\\\/Melatonin-6-Hour-Timed-Release-750mcg-60-vegetarian-tabs.jpg\",\"contentUrl\":\"https:\\\/\\\/ecosupplements.ch\\\/wp-content\\\/uploads\\\/2026\\\/05\\\/Melatonin-6-Hour-Timed-Release-750mcg-60-vegetarian-tabs.jpg\",\"width\":499,\"height\":1000,\"caption\":\"Melatonin 6 Hour Timed Release\"},{\"@type\":\"BreadcrumbList\",\"@id\":\"https:\\\/\\\/ecosupplements.ch\\\/?product=melatonin-6-hour-timed-release-750mcg-60-vegetarian-tabs#breadcrumb\",\"itemListElement\":[{\"@type\":\"ListItem\",\"position\":1,\"name\":\"Home\",\"item\":\"https:\\\/\\\/ecosupplements.ch\\\/\"},{\"@type\":\"ListItem\",\"position\":2,\"name\":\"Shop\",\"item\":\"https:\\\/\\\/ecosupplements.ch\\\/?page_id=14\"},{\"@type\":\"ListItem\",\"position\":3,\"name\":\"Melatonin 6 Hour Timed Release, 750mcg &#8211; 60 vegetarian tabs\"}]},{\"@type\":\"WebSite\",\"@id\":\"https:\\\/\\\/ecosupplements.ch\\\/#website\",\"url\":\"https:\\\/\\\/ecosupplements.ch\\\/\",\"name\":\"Eco Supplements\",\"description\":\"\",\"potentialAction\":[{\"@type\":\"SearchAction\",\"target\":{\"@type\":\"EntryPoint\",\"urlTemplate\":\"https:\\\/\\\/ecosupplements.ch\\\/?s={search_term_string}\"},\"query-input\":{\"@type\":\"PropertyValueSpecification\",\"valueRequired\":true,\"valueName\":\"search_term_string\"}}],\"inLanguage\":\"de-CH\"}]}<\/script>\n<meta property=\"product:price:amount\" content=\"12.24\" \/>\n<meta property=\"product:price:currency\" content=\"CHF\" \/>\n<meta property=\"og:availability\" content=\"out of stock\" \/>\n<meta property=\"product:availability\" content=\"out of stock\" \/>\n<meta property=\"product:retailer_item_id\" content=\"737870178866\" \/>\n<meta property=\"product:condition\" content=\"new\" \/>\n<!-- \/ Yoast SEO plugin. -->","yoast_head_json":{"title":"Melatonin 6H Timed Release 750mcg \u2013 Life Extension | ecosupplements.ch","description":"Melatonin 750 mcg mit 6-Stunden-Freisetzung von Life Extension \u2013 60 vegetarische Tabletten, glutenfrei. Jetzt bestellen.","robots":{"index":"index","follow":"follow","max-snippet":"max-snippet:-1","max-image-preview":"max-image-preview:large","max-video-preview":"max-video-preview:-1"},"canonical":"https:\/\/ecosupplements.ch\/?product=melatonin-6-hour-timed-release-750mcg-60-vegetarian-tabs","og_locale":"de_DE","og_type":"article","og_title":"Melatonin 6H Timed Release 750mcg \u2013 Life Extension | ecosupplements.ch","og_description":"Melatonin 750 mcg mit 6-Stunden-Freisetzung von Life Extension \u2013 60 vegetarische Tabletten, glutenfrei. Jetzt bestellen.","og_url":"https:\/\/ecosupplements.ch\/?product=melatonin-6-hour-timed-release-750mcg-60-vegetarian-tabs","og_site_name":"Eco Supplements","article_modified_time":"2026-05-13T07:22:43+00:00","og_image":[{"width":499,"height":1000,"url":"https:\/\/ecosupplements.ch\/wp-content\/uploads\/2026\/05\/Melatonin-6-Hour-Timed-Release-750mcg-60-vegetarian-tabs.jpg","type":"image\/jpeg"}],"twitter_card":"summary_large_image","twitter_misc":{"Price":"&#67;&#72;&#70;&nbsp;12.24","Availability":"Out of stock"},"schema":{"@context":"https:\/\/schema.org","@graph":[{"@type":"WebPage","@id":"https:\/\/ecosupplements.ch\/?product=melatonin-6-hour-timed-release-750mcg-60-vegetarian-tabs","url":"https:\/\/ecosupplements.ch\/?product=melatonin-6-hour-timed-release-750mcg-60-vegetarian-tabs","name":"Melatonin 6H Timed Release 750mcg \u2013 Life Extension | ecosupplements.ch","isPartOf":{"@id":"https:\/\/ecosupplements.ch\/#website"},"primaryImageOfPage":{"@id":"https:\/\/ecosupplements.ch\/?product=melatonin-6-hour-timed-release-750mcg-60-vegetarian-tabs#primaryimage"},"image":{"@id":"https:\/\/ecosupplements.ch\/?product=melatonin-6-hour-timed-release-750mcg-60-vegetarian-tabs#primaryimage"},"thumbnailUrl":"https:\/\/ecosupplements.ch\/wp-content\/uploads\/2026\/05\/Melatonin-6-Hour-Timed-Release-750mcg-60-vegetarian-tabs.jpg","datePublished":"2026-05-11T14:44:32+00:00","dateModified":"2026-05-13T07:22:43+00:00","description":"Melatonin 750 mcg mit 6-Stunden-Freisetzung von Life Extension \u2013 60 vegetarische Tabletten, glutenfrei. Jetzt bestellen.","breadcrumb":{"@id":"https:\/\/ecosupplements.ch\/?product=melatonin-6-hour-timed-release-750mcg-60-vegetarian-tabs#breadcrumb"},"inLanguage":"de-CH","potentialAction":[{"@type":"ReadAction","target":["https:\/\/ecosupplements.ch\/?product=melatonin-6-hour-timed-release-750mcg-60-vegetarian-tabs"]}]},{"@type":"ImageObject","inLanguage":"de-CH","@id":"https:\/\/ecosupplements.ch\/?product=melatonin-6-hour-timed-release-750mcg-60-vegetarian-tabs#primaryimage","url":"https:\/\/ecosupplements.ch\/wp-content\/uploads\/2026\/05\/Melatonin-6-Hour-Timed-Release-750mcg-60-vegetarian-tabs.jpg","contentUrl":"https:\/\/ecosupplements.ch\/wp-content\/uploads\/2026\/05\/Melatonin-6-Hour-Timed-Release-750mcg-60-vegetarian-tabs.jpg","width":499,"height":1000,"caption":"Melatonin 6 Hour Timed Release"},{"@type":"BreadcrumbList","@id":"https:\/\/ecosupplements.ch\/?product=melatonin-6-hour-timed-release-750mcg-60-vegetarian-tabs#breadcrumb","itemListElement":[{"@type":"ListItem","position":1,"name":"Home","item":"https:\/\/ecosupplements.ch\/"},{"@type":"ListItem","position":2,"name":"Shop","item":"https:\/\/ecosupplements.ch\/?page_id=14"},{"@type":"ListItem","position":3,"name":"Melatonin 6 Hour Timed Release, 750mcg &#8211; 60 vegetarian tabs"}]},{"@type":"WebSite","@id":"https:\/\/ecosupplements.ch\/#website","url":"https:\/\/ecosupplements.ch\/","name":"Eco Supplements","description":"","potentialAction":[{"@type":"SearchAction","target":{"@type":"EntryPoint","urlTemplate":"https:\/\/ecosupplements.ch\/?s={search_term_string}"},"query-input":{"@type":"PropertyValueSpecification","valueRequired":true,"valueName":"search_term_string"}}],"inLanguage":"de-CH"}]},"product_price_amount":"12.24","product_price_currency":"CHF","og_availability":"out of stock","product_availability":"out of stock","product_retailer_item_id":"737870178866","product_condition":"new"},"_links":{"self":[{"href":"https:\/\/ecosupplements.ch\/index.php?rest_route=\/wp\/v2\/product\/3314","targetHints":{"allow":["GET"]}}],"collection":[{"href":"https:\/\/ecosupplements.ch\/index.php?rest_route=\/wp\/v2\/product"}],"about":[{"href":"https:\/\/ecosupplements.ch\/index.php?rest_route=\/wp\/v2\/types\/product"}],"replies":[{"embeddable":true,"href":"https:\/\/ecosupplements.ch\/index.php?rest_route=%2Fwp%2Fv2%2Fcomments&post=3314"}],"wp:featuredmedia":[{"embeddable":true,"href":"https:\/\/ecosupplements.ch\/index.php?rest_route=\/wp\/v2\/media\/3315"}],"wp:attachment":[{"href":"https:\/\/ecosupplements.ch\/index.php?rest_route=%2Fwp%2Fv2%2Fmedia&parent=3314"}],"wp:term":[{"taxonomy":"product_brand","embeddable":true,"href":"https:\/\/ecosupplements.ch\/index.php?rest_route=%2Fwp%2Fv2%2Fproduct_brand&post=3314"},{"taxonomy":"product_cat","embeddable":true,"href":"https:\/\/ecosupplements.ch\/index.php?rest_route=%2Fwp%2Fv2%2Fproduct_cat&post=3314"},{"taxonomy":"product_tag","embeddable":true,"href":"https:\/\/ecosupplements.ch\/index.php?rest_route=%2Fwp%2Fv2%2Fproduct_tag&post=3314"}],"curies":[{"name":"wp","href":"https:\/\/api.w.org\/{rel}","templated":true}]}}