{"id":3320,"date":"2026-05-11T14:44:35","date_gmt":"2026-05-11T14:44:35","guid":{"rendered":"https:\/\/ecosupplements.ch\/?product=menopause-731-30-tablets"},"modified":"2026-05-13T07:22:43","modified_gmt":"2026-05-13T07:22:43","slug":"menopause-731-30-tablets","status":"publish","type":"product","link":"https:\/\/ecosupplements.ch\/?product=menopause-731-30-tablets","title":{"rendered":"Menopause 731 &#8211; 30 tablets"},"content":{"rendered":"<div class=\"chcg-product-description\">\n<h2 class=\"chcg-heading\">\u00dcber Life Extension \u2013 Menopause 731 \u2013 30 Tabletten<\/h2>\n<div class=\"chcg-intro\">\n<p>Menopause 731 von Life Extension enth\u00e4lt den klinisch gepr\u00fcften ERr 731\u00ae-Extrakt aus sibirischem Rhabarber (Rheum rhaponticum L.), der auf mindestens 54 % Rhaponticin und mindestens 27 % Desoxyrhaponticin standardisiert ist. Dieser spezialisierte Pflanzenextrakt wird in Europa seit Jahren intensiv erforscht und ist speziell f\u00fcr Frauen in der Perimenopause und Menopause entwickelt worden.<\/p>\n<p>Die magensaftresistente Tablette (Enteric Coated) sorgt daf\u00fcr, dass der Wirkstoff erst im D\u00fcnndarm freigesetzt wird, was eine optimale Aufnahme unterst\u00fctzt. Mit nur einer Tablette pro Tag bietet dieses Pr\u00e4parat eine praktische und pr\u00e4zise dosierte Erg\u00e4nzung im Alltag.<\/p>\n<p>Life Extension steht f\u00fcr h\u00f6chste Qualit\u00e4tsstandards und wissenschaftlich fundierte Formulierungen. Menopause 731 ist vegetarisch und glutenfrei \u2013 ideal f\u00fcr Frauen, die Wert auf eine sorgf\u00e4ltig zusammengesetzte Nahrungserg\u00e4nzung legen.<\/p>\n<\/p><\/div>\n<div class=\"chcg-nutrition\">\n<h3>N\u00e4hrwertangaben<\/h3>\n<table class=\"chcg-nutrition-table\">\n<thead>\n<tr>\n<th>N\u00e4hrstoff<\/th>\n<th>Pro Portion (1 Tablette)<\/th>\n<\/tr>\n<\/thead>\n<tbody>\n<tr>\n<td>ERr 731\u00ae Sibirischer Rhabarber (<em>Rheum rhaponticum<\/em> L.) Extrakt (Wurzel) [std. auf \u2265 54 % Rhaponticin, \u2265 27 % Desoxyrhaponticin]<\/td>\n<td>4 mg<\/td>\n<\/tr>\n<\/tbody>\n<\/table>\n<p class=\"chcg-footnote\">** Kein Tagesbedarf festgelegt.<\/p>\n<\/p><\/div>\n<div class=\"chcg-ingredients\">\n<h3>Zutaten<\/h3>\n<p>Sibirischer Rhabarber (<em>Rheum rhaponticum<\/em> L.) Extrakt (Wurzel) [std. auf \u2265 54 % Rhaponticin, \u2265 27 % Desoxyrhaponticin] 4 mg. Weitere Zutaten: Mikrokristalline Cellulose, Stearins\u00e4ure, Croscarmellose-Natrium, Siliciumdioxid, magensaftresistente Umh\u00fcllung (Ethylcellulose, Natriumalginat, mittelkettige Triglyceride, \u00d6ls\u00e4ure).<\/p>\n<\/p><\/div>\n<div class=\"chcg-dosage\">\n<h3>Verzehrempfehlung<\/h3>\n<p>T\u00e4glich eine (1) Tablette einnehmen oder gem\u00e4ss Empfehlung einer Fachperson f\u00fcr Gesundheit.<\/p>\n<\/p><\/div>\n<div class=\"chcg-warnings\">\n<h3>Warnhinweise<\/h3>\n<p>Konsultieren Sie Ihre \u00c4rztin oder Ihren Arzt, wenn Sie an \u00f6strogenabh\u00e4ngigen Tumoren leiden oder in der Vergangenheit daran erkrankt waren. Ausserhalb der Reichweite von Kindern aufbewahren. Die empfohlene Tagesdosis nicht \u00fcberschreiten. Nicht kaufen, wenn die Aussenversiegelung besch\u00e4digt oder gebrochen ist. Bei der Einnahme von Nahrungserg\u00e4nzungsmitteln konsultieren Sie bitte Ihre \u00c4rztin oder Ihren Arzt, wenn Sie wegen einer Erkrankung in Behandlung sind oder wenn Sie schwanger sind oder stillen. Nahrungserg\u00e4nzungsmittel sind kein Ersatz f\u00fcr eine ausgewogene und abwechslungsreiche Ern\u00e4hrung.<\/p>\n<\/p><\/div>\n<div class=\"chcg-allergens\">\n<h3>Allergeninformationen<\/h3>\n<p>Auf der Verpackung werden keine Allergene ausgewiesen. Laut Herstellerangaben glutenfrei und ohne gentechnisch ver\u00e4nderte Organismen (Non-GMO).<\/p>\n<\/p><\/div>\n<div class=\"chcg-storage\">\n<h3>Lagerung<\/h3>\n<p>Fest verschlossen an einem k\u00fchlen, trockenen Ort aufbewahren.<\/p>\n<\/p><\/div>\n<div class=\"chcg-dietary\">\n<h3>Ern\u00e4hrungshinweise<\/h3>\n<ul>\n<li>Vegetarisch<\/li>\n<li>Glutenfrei<\/li>\n<\/ul><\/div>\n<\/div>\n","protected":false},"excerpt":{"rendered":"<p>Menopause 731 von Life Extension liefert 4 mg des klinisch gepr\u00fcften ERr 731\u00ae-Sibirischer-Rhabarber-Extrakts pro magensaftresistenter Tablette. Glutenfreie vegetarische Formulierung, 30 Tabletten pro Packung.<\/p>\n","protected":false},"featured_media":3321,"comment_status":"closed","ping_status":"open","template":"","meta":[],"product_brand":[202],"product_cat":[27,48,25,26,32,29,21],"product_tag":[],"class_list":{"0":"post-3320","1":"product","2":"type-product","3":"status-publish","4":"has-post-thumbnail","6":"product_brand-life-extension","7":"product_cat-einige-vitamine","8":"product_cat-gesunde-ernaehrung","9":"product_cat-gesundheit-und-wohlbefinden","10":"product_cat-multivitamine","11":"product_cat-nahrungsergaenzungsmittel-fuer-frauen","12":"product_cat-vitamin-c","13":"product_cat-vitamine-und-mineralstoffe","15":"first","16":"outofstock","17":"taxable","18":"shipping-taxable","19":"purchasable","20":"product-type-simple"},"yoast_head":"<!-- This site is optimized with the Yoast SEO plugin v27.5 - https:\/\/yoast.com\/product\/yoast-seo-wordpress\/ -->\n<title>Menopause 731 30 Tabletten \u2013 Life Extension | ecosupplements.ch<\/title>\n<meta name=\"description\" content=\"Menopause 731 mit ERr 731\u00ae-Sibirischer-Rhabarber-Extrakt \u2013 30 magensaftresistente vegetarische Tabletten von Life Extension. Jetzt bestellen.\" \/>\n<meta name=\"robots\" content=\"index, follow, max-snippet:-1, max-image-preview:large, max-video-preview:-1\" \/>\n<link rel=\"canonical\" href=\"https:\/\/ecosupplements.ch\/?product=menopause-731-30-tablets\" \/>\n<meta property=\"og:locale\" content=\"de_DE\" \/>\n<meta property=\"og:type\" content=\"article\" \/>\n<meta property=\"og:title\" content=\"Menopause 731 30 Tabletten \u2013 Life Extension | ecosupplements.ch\" \/>\n<meta property=\"og:description\" content=\"Menopause 731 mit ERr 731\u00ae-Sibirischer-Rhabarber-Extrakt \u2013 30 magensaftresistente vegetarische Tabletten von Life Extension. Jetzt bestellen.\" \/>\n<meta property=\"og:url\" content=\"https:\/\/ecosupplements.ch\/?product=menopause-731-30-tablets\" \/>\n<meta property=\"og:site_name\" content=\"Eco Supplements\" \/>\n<meta property=\"article:modified_time\" content=\"2026-05-13T07:22:43+00:00\" \/>\n<meta property=\"og:image\" content=\"https:\/\/ecosupplements.ch\/wp-content\/uploads\/2026\/05\/Menopause-731-30-tablets.webp\" \/>\n\t<meta property=\"og:image:width\" content=\"1000\" \/>\n\t<meta property=\"og:image:height\" content=\"1000\" \/>\n\t<meta property=\"og:image:type\" content=\"image\/jpeg\" \/>\n<meta name=\"twitter:card\" content=\"summary_large_image\" \/>\n<meta name=\"twitter:label1\" content=\"Price\" \/>\n\t<meta name=\"twitter:data1\" content=\"&#067;&#072;&#070;&nbsp;25.61\" \/>\n\t<meta name=\"twitter:label2\" content=\"Availability\" \/>\n\t<meta name=\"twitter:data2\" content=\"Out of stock\" \/>\n<script type=\"application\/ld+json\" class=\"yoast-schema-graph\">{\"@context\":\"https:\\\/\\\/schema.org\",\"@graph\":[{\"@type\":\"WebPage\",\"@id\":\"https:\\\/\\\/ecosupplements.ch\\\/?product=menopause-731-30-tablets\",\"url\":\"https:\\\/\\\/ecosupplements.ch\\\/?product=menopause-731-30-tablets\",\"name\":\"Menopause 731 30 Tabletten \u2013 Life Extension | ecosupplements.ch\",\"isPartOf\":{\"@id\":\"https:\\\/\\\/ecosupplements.ch\\\/#website\"},\"primaryImageOfPage\":{\"@id\":\"https:\\\/\\\/ecosupplements.ch\\\/?product=menopause-731-30-tablets#primaryimage\"},\"image\":{\"@id\":\"https:\\\/\\\/ecosupplements.ch\\\/?product=menopause-731-30-tablets#primaryimage\"},\"thumbnailUrl\":\"https:\\\/\\\/ecosupplements.ch\\\/wp-content\\\/uploads\\\/2026\\\/05\\\/Menopause-731-30-tablets.webp\",\"datePublished\":\"2026-05-11T14:44:35+00:00\",\"dateModified\":\"2026-05-13T07:22:43+00:00\",\"description\":\"Menopause 731 mit ERr 731\u00ae-Sibirischer-Rhabarber-Extrakt \u2013 30 magensaftresistente vegetarische Tabletten von Life Extension. Jetzt bestellen.\",\"breadcrumb\":{\"@id\":\"https:\\\/\\\/ecosupplements.ch\\\/?product=menopause-731-30-tablets#breadcrumb\"},\"inLanguage\":\"de-CH\",\"potentialAction\":[{\"@type\":\"ReadAction\",\"target\":[\"https:\\\/\\\/ecosupplements.ch\\\/?product=menopause-731-30-tablets\"]}]},{\"@type\":\"ImageObject\",\"inLanguage\":\"de-CH\",\"@id\":\"https:\\\/\\\/ecosupplements.ch\\\/?product=menopause-731-30-tablets#primaryimage\",\"url\":\"https:\\\/\\\/ecosupplements.ch\\\/wp-content\\\/uploads\\\/2026\\\/05\\\/Menopause-731-30-tablets.webp\",\"contentUrl\":\"https:\\\/\\\/ecosupplements.ch\\\/wp-content\\\/uploads\\\/2026\\\/05\\\/Menopause-731-30-tablets.webp\",\"width\":1000,\"height\":1000,\"caption\":\"Menopause 731 - 30 tablets\"},{\"@type\":\"BreadcrumbList\",\"@id\":\"https:\\\/\\\/ecosupplements.ch\\\/?product=menopause-731-30-tablets#breadcrumb\",\"itemListElement\":[{\"@type\":\"ListItem\",\"position\":1,\"name\":\"Home\",\"item\":\"https:\\\/\\\/ecosupplements.ch\\\/\"},{\"@type\":\"ListItem\",\"position\":2,\"name\":\"Shop\",\"item\":\"https:\\\/\\\/ecosupplements.ch\\\/?page_id=14\"},{\"@type\":\"ListItem\",\"position\":3,\"name\":\"Menopause 731 &#8211; 30 tablets\"}]},{\"@type\":\"WebSite\",\"@id\":\"https:\\\/\\\/ecosupplements.ch\\\/#website\",\"url\":\"https:\\\/\\\/ecosupplements.ch\\\/\",\"name\":\"Eco Supplements\",\"description\":\"\",\"potentialAction\":[{\"@type\":\"SearchAction\",\"target\":{\"@type\":\"EntryPoint\",\"urlTemplate\":\"https:\\\/\\\/ecosupplements.ch\\\/?s={search_term_string}\"},\"query-input\":{\"@type\":\"PropertyValueSpecification\",\"valueRequired\":true,\"valueName\":\"search_term_string\"}}],\"inLanguage\":\"de-CH\"}]}<\/script>\n<meta property=\"product:price:amount\" content=\"25.61\" \/>\n<meta property=\"product:price:currency\" content=\"CHF\" \/>\n<meta property=\"og:availability\" content=\"out of stock\" \/>\n<meta property=\"product:availability\" content=\"out of stock\" \/>\n<meta property=\"product:retailer_item_id\" content=\"737870220435\" \/>\n<meta property=\"product:condition\" content=\"new\" \/>\n<!-- \/ Yoast SEO plugin. -->","yoast_head_json":{"title":"Menopause 731 30 Tabletten \u2013 Life Extension | ecosupplements.ch","description":"Menopause 731 mit ERr 731\u00ae-Sibirischer-Rhabarber-Extrakt \u2013 30 magensaftresistente vegetarische Tabletten von Life Extension. Jetzt bestellen.","robots":{"index":"index","follow":"follow","max-snippet":"max-snippet:-1","max-image-preview":"max-image-preview:large","max-video-preview":"max-video-preview:-1"},"canonical":"https:\/\/ecosupplements.ch\/?product=menopause-731-30-tablets","og_locale":"de_DE","og_type":"article","og_title":"Menopause 731 30 Tabletten \u2013 Life Extension | ecosupplements.ch","og_description":"Menopause 731 mit ERr 731\u00ae-Sibirischer-Rhabarber-Extrakt \u2013 30 magensaftresistente vegetarische Tabletten von Life Extension. Jetzt bestellen.","og_url":"https:\/\/ecosupplements.ch\/?product=menopause-731-30-tablets","og_site_name":"Eco Supplements","article_modified_time":"2026-05-13T07:22:43+00:00","og_image":[{"width":1000,"height":1000,"url":"https:\/\/ecosupplements.ch\/wp-content\/uploads\/2026\/05\/Menopause-731-30-tablets.webp","type":"image\/jpeg"}],"twitter_card":"summary_large_image","twitter_misc":{"Price":"&#67;&#72;&#70;&nbsp;25.61","Availability":"Out of stock"},"schema":{"@context":"https:\/\/schema.org","@graph":[{"@type":"WebPage","@id":"https:\/\/ecosupplements.ch\/?product=menopause-731-30-tablets","url":"https:\/\/ecosupplements.ch\/?product=menopause-731-30-tablets","name":"Menopause 731 30 Tabletten \u2013 Life Extension | ecosupplements.ch","isPartOf":{"@id":"https:\/\/ecosupplements.ch\/#website"},"primaryImageOfPage":{"@id":"https:\/\/ecosupplements.ch\/?product=menopause-731-30-tablets#primaryimage"},"image":{"@id":"https:\/\/ecosupplements.ch\/?product=menopause-731-30-tablets#primaryimage"},"thumbnailUrl":"https:\/\/ecosupplements.ch\/wp-content\/uploads\/2026\/05\/Menopause-731-30-tablets.webp","datePublished":"2026-05-11T14:44:35+00:00","dateModified":"2026-05-13T07:22:43+00:00","description":"Menopause 731 mit ERr 731\u00ae-Sibirischer-Rhabarber-Extrakt \u2013 30 magensaftresistente vegetarische Tabletten von Life Extension. Jetzt bestellen.","breadcrumb":{"@id":"https:\/\/ecosupplements.ch\/?product=menopause-731-30-tablets#breadcrumb"},"inLanguage":"de-CH","potentialAction":[{"@type":"ReadAction","target":["https:\/\/ecosupplements.ch\/?product=menopause-731-30-tablets"]}]},{"@type":"ImageObject","inLanguage":"de-CH","@id":"https:\/\/ecosupplements.ch\/?product=menopause-731-30-tablets#primaryimage","url":"https:\/\/ecosupplements.ch\/wp-content\/uploads\/2026\/05\/Menopause-731-30-tablets.webp","contentUrl":"https:\/\/ecosupplements.ch\/wp-content\/uploads\/2026\/05\/Menopause-731-30-tablets.webp","width":1000,"height":1000,"caption":"Menopause 731 - 30 tablets"},{"@type":"BreadcrumbList","@id":"https:\/\/ecosupplements.ch\/?product=menopause-731-30-tablets#breadcrumb","itemListElement":[{"@type":"ListItem","position":1,"name":"Home","item":"https:\/\/ecosupplements.ch\/"},{"@type":"ListItem","position":2,"name":"Shop","item":"https:\/\/ecosupplements.ch\/?page_id=14"},{"@type":"ListItem","position":3,"name":"Menopause 731 &#8211; 30 tablets"}]},{"@type":"WebSite","@id":"https:\/\/ecosupplements.ch\/#website","url":"https:\/\/ecosupplements.ch\/","name":"Eco Supplements","description":"","potentialAction":[{"@type":"SearchAction","target":{"@type":"EntryPoint","urlTemplate":"https:\/\/ecosupplements.ch\/?s={search_term_string}"},"query-input":{"@type":"PropertyValueSpecification","valueRequired":true,"valueName":"search_term_string"}}],"inLanguage":"de-CH"}]},"product_price_amount":"25.61","product_price_currency":"CHF","og_availability":"out of stock","product_availability":"out of stock","product_retailer_item_id":"737870220435","product_condition":"new"},"_links":{"self":[{"href":"https:\/\/ecosupplements.ch\/index.php?rest_route=\/wp\/v2\/product\/3320","targetHints":{"allow":["GET"]}}],"collection":[{"href":"https:\/\/ecosupplements.ch\/index.php?rest_route=\/wp\/v2\/product"}],"about":[{"href":"https:\/\/ecosupplements.ch\/index.php?rest_route=\/wp\/v2\/types\/product"}],"replies":[{"embeddable":true,"href":"https:\/\/ecosupplements.ch\/index.php?rest_route=%2Fwp%2Fv2%2Fcomments&post=3320"}],"wp:featuredmedia":[{"embeddable":true,"href":"https:\/\/ecosupplements.ch\/index.php?rest_route=\/wp\/v2\/media\/3321"}],"wp:attachment":[{"href":"https:\/\/ecosupplements.ch\/index.php?rest_route=%2Fwp%2Fv2%2Fmedia&parent=3320"}],"wp:term":[{"taxonomy":"product_brand","embeddable":true,"href":"https:\/\/ecosupplements.ch\/index.php?rest_route=%2Fwp%2Fv2%2Fproduct_brand&post=3320"},{"taxonomy":"product_cat","embeddable":true,"href":"https:\/\/ecosupplements.ch\/index.php?rest_route=%2Fwp%2Fv2%2Fproduct_cat&post=3320"},{"taxonomy":"product_tag","embeddable":true,"href":"https:\/\/ecosupplements.ch\/index.php?rest_route=%2Fwp%2Fv2%2Fproduct_tag&post=3320"}],"curies":[{"name":"wp","href":"https:\/\/api.w.org\/{rel}","templated":true}]}}