{"id":3326,"date":"2026-05-11T14:44:38","date_gmt":"2026-05-11T14:44:38","guid":{"rendered":"https:\/\/ecosupplements.ch\/?product=one-per-day-tablets-60-tabs"},"modified":"2026-05-13T07:22:44","modified_gmt":"2026-05-13T07:22:44","slug":"one-per-day-tablets-60-tabs","status":"publish","type":"product","link":"https:\/\/ecosupplements.ch\/?product=one-per-day-tablets-60-tabs","title":{"rendered":"One-Per-Day Tablets &#8211; 60 tabs"},"content":{"rendered":"<div class=\"chcg-product-description\">\n<h2 class=\"chcg-heading\">\u00dcber Life Extension \u2013 One-Per-Day Tabletten \u2013 60 Tabs<\/h2>\n<div class=\"chcg-intro\">\n<p>Die Life Extension One-Per-Day Tabletten bieten ein umfassendes Spektrum an essenziellen Vitaminen und Mineralien in einer einzigen t\u00e4glichen Tablette. Mit \u00fcber 30 sorgf\u00e4ltig ausgew\u00e4hlten N\u00e4hrstoffen \u2013 darunter hochwertige Formen von Vitamin B12 als Methylcobalamin, bioaktives Folat als L-5-Methyltetrahydrofolat sowie Vitamin D3 als Cholecalciferol \u2013 unterst\u00fctzt dieses Multivitaminpr\u00e4parat die normale Funktion des Immunsystems, des Energiestoffwechsels und des Nervensystems.<\/p>\n<p>Besonders hervorzuheben ist die Verwendung von patentierten Markenrohstoffen wie L-OptiZinc\u00ae, SelenoExcell\u00ae, Crominex\u00ae 3+, Bio-Quercetin Phytosom und Biolut\u2122 Marigold-Extrakt. Diese hochwertigen Zutaten zeichnen sich durch ihre optimierte Bioverf\u00fcgbarkeit aus und erg\u00e4nzen das breit aufgestellte N\u00e4hrstoffprofil mit pflanzlichen Begleitstoffen wie Lutein, Zeaxanthin, Lycopin, Apigenin und Alpha-Lipons\u00e4ure.<\/p>\n<p>Das Pr\u00e4parat ist f\u00fcr Vegetarier geeignet, glutenfrei und frei von den h\u00e4ufigsten Allergenen. Es eignet sich als t\u00e4gliche Grundversorgung f\u00fcr Erwachsene, die Wert auf eine qualitativ hochwertige, wissenschaftlich fundierte Mikron\u00e4hrstoffversorgung legen.<\/p>\n<\/p><\/div>\n<div class=\"chcg-nutrition\">\n<h3>N\u00e4hrwertangaben<\/h3>\n<table class=\"chcg-nutrition-table\">\n<thead>\n<tr>\n<th>N\u00e4hrstoff<\/th>\n<th>Pro Portion (1 Tablette)<\/th>\n<\/tr>\n<\/thead>\n<tbody>\n<tr>\n<td>Vitamin A (als Beta-Carotin, Acetat)<\/td>\n<td>1500 mcg (167% NRV)<\/td>\n<\/tr>\n<tr>\n<td>Vitamin C (als Ascorbins\u00e4ure, Calcium- und Niacinamidascorbat)<\/td>\n<td>470 mg (522% NRV)<\/td>\n<\/tr>\n<tr>\n<td>Vitamin D3 (als Cholecalciferol)<\/td>\n<td>50 mcg (250% NRV)<\/td>\n<\/tr>\n<tr>\n<td>Vitamin E (als D-Alpha-Tocopherylsuccinat, D-Alpha-Tocopherol)<\/td>\n<td>67 mg (447% NRV)<\/td>\n<\/tr>\n<tr>\n<td>Thiamin (Vitamin B1) (als Thiamin-HCl)<\/td>\n<td>75 mg (6250% NRV)<\/td>\n<\/tr>\n<tr>\n<td>Riboflavin (Vitamin B2) (als Riboflavin, Riboflavin-5&#8242;-Phosphat)<\/td>\n<td>50 mg (3846% NRV)<\/td>\n<\/tr>\n<tr>\n<td>Niacin (als Niacinamid, Niacinamidascorbat)<\/td>\n<td>50 mg NE (313% NRV)<\/td>\n<\/tr>\n<tr>\n<td>Vitamin B6 (als Pyridoxin-HCl, Pyridoxal-5&#8242;-Phosphat)<\/td>\n<td>75 mg (4412% NRV)<\/td>\n<\/tr>\n<tr>\n<td>Folat (als L-5-Methyltetrahydrofolat-Calciumsalz)<\/td>\n<td>680 mcg DFE (170% NRV)<\/td>\n<\/tr>\n<tr>\n<td>Vitamin B12 (als Methylcobalamin)<\/td>\n<td>300 mcg (12500% NRV)<\/td>\n<\/tr>\n<tr>\n<td>Biotin<\/td>\n<td>300 mcg (1000% NRV)<\/td>\n<\/tr>\n<tr>\n<td>Pantothens\u00e4ure (als D-Calciumpantothenat)<\/td>\n<td>50 mg (1000% NRV)<\/td>\n<\/tr>\n<tr>\n<td>Jod (als Kaliumiodid)<\/td>\n<td>150 mcg (100% NRV)<\/td>\n<\/tr>\n<tr>\n<td>Magnesium (als Magnesiumoxid)<\/td>\n<td>100 mg (24% NRV)<\/td>\n<\/tr>\n<tr>\n<td>Zink (als Zinkcitrat, L-OptiZinc\u00ae Zink-Mono-L-Methioninsulfat)<\/td>\n<td>25 mg (227% NRV)<\/td>\n<\/tr>\n<tr>\n<td>Selen [als Natriumselenit, SelenoExcell\u00ae Selenhefe, Se-Methyl-L-Selenocystein]<\/td>\n<td>200 mcg (364% NRV)<\/td>\n<\/tr>\n<tr>\n<td>Mangan (als Mangancitrat, -gluconat)<\/td>\n<td>2 mg (87% NRV)<\/td>\n<\/tr>\n<tr>\n<td>Chrom [als Crominex\u00ae 3+ Chrom, stabilisiert mit Capros\u00ae Amla-Extrakt, PrimaVie\u00ae Shilajit]<\/td>\n<td>200 mcg (571% NRV)<\/td>\n<\/tr>\n<tr>\n<td>Molybd\u00e4n (als Molybd\u00e4n-Aminos\u00e4urechelat)<\/td>\n<td>100 mcg (222% NRV)<\/td>\n<\/tr>\n<tr>\n<td>Inositol<\/td>\n<td>50 mg (*)<\/td>\n<\/tr>\n<tr>\n<td>Alpha-Lipons\u00e4ure<\/td>\n<td>25 mg (*)<\/td>\n<\/tr>\n<tr>\n<td>Nat\u00fcrliche gemischte Tocopherole (Gamma, Delta, Alpha, Beta)<\/td>\n<td>20 mg (*)<\/td>\n<\/tr>\n<tr>\n<td>Bio-Quercetin Phytosom [liefert 5 mg Quercetin aus Japanischer Sophora, Phosphatidylcholin aus Sonnenblume]<\/td>\n<td>15 mg (*)<\/td>\n<\/tr>\n<tr>\n<td>Biolut\u2122 Ringelblumenextrakt (Tagetes erecta L.) (Bl\u00fcte) [std. auf 5 mg Trans-Lutein, 155 mcg Trans-Zeaxanthin]<\/td>\n<td>11,12 mg (*)<\/td>\n<\/tr>\n<tr>\n<td>Apigenin<\/td>\n<td>5 mg (*)<\/td>\n<\/tr>\n<tr>\n<td>Bor (als Bor-Aminos\u00e4urechelat)<\/td>\n<td>3 mg (*)<\/td>\n<\/tr>\n<tr>\n<td>Lycopin [aus Tomat-O-Red\u00ae nat\u00fcrlichem Tomatenextrakt]<\/td>\n<td>2 mg (*)<\/td>\n<\/tr>\n<\/tbody>\n<\/table>\n<p class=\"chcg-footnote\">* Kein festgelegter N\u00e4hrstoffreferenzwert (NRV).<\/p>\n<\/p><\/div>\n<div class=\"chcg-ingredients\">\n<h3>Zutaten<\/h3>\n<p>Vitamin A (als Beta-Carotin, Acetat) 1500 mcg | Vitamin C (als Ascorbins\u00e4ure, Calcium- und Niacinamidascorbat) 470 mg | Vitamin D3 (als Cholecalciferol) 50 mcg | Vitamin E (als D-Alpha-Tocopherylsuccinat, D-Alpha-Tocopherol) 67 mg | Thiamin (Vitamin B1) (als Thiamin-HCl) 75 mg | Riboflavin (Vitamin B2) (als Riboflavin, Riboflavin-5&#8242;-Phosphat) 50 mg | Niacin (als Niacinamid, Niacinamidascorbat) 50 mg | Vitamin B6 (als Pyridoxin-HCl, Pyridoxal-5&#8242;-Phosphat) 75 mg | Folat (als L-5-Methyltetrahydrofolat-Calciumsalz) 680 mcg | Vitamin B12 (als Methylcobalamin) 300 mcg | Biotin 300 mcg | Pantothens\u00e4ure (als D-Calciumpantothenat) 50 mg | Jod (als Kaliumiodid) 150 mcg | Magnesium (als Magnesiumoxid) 100 mg | Zink (als Zinkcitrat, L-OptiZinc\u00ae Zink-Mono-L-Methioninsulfat) 25 mg | Selen [als Natriumselenit, SelenoExcell\u00ae Selenhefe, Se-Methyl-L-Selenocystein] 200 mcg | Mangan (als Mangancitrat, -gluconat) 2 mg | Chrom [als Crominex\u00ae 3+ Chrom, stabilisiert mit Capros\u00ae Amla-Extrakt (Frucht), PrimaVie\u00ae Shilajit] 200 mcg | Molybd\u00e4n (als Molybd\u00e4n-Aminos\u00e4urechelat) 100 mcg | Inositol 50 mg | Alpha-Lipons\u00e4ure 25 mg | Nat\u00fcrliche gemischte Tocopherole (Gamma, Delta, Alpha, Beta) 20 mg | Bio-Quercetin Phytosom (liefert 5 mg Quercetin [aus Japanischer-Sophora-Konzentrat (Bl\u00fctenknospe)], Phosphatidylcholinkomplex [aus Sonnenblume]) 15 mg | Biolut\u2122 Ringelblumenextrakt (Tagetes erecta L.) (Bl\u00fcte) [std. auf 5 mg Trans-Lutein, 155 mcg Trans-Zeaxanthin] 11,12 mg | Apigenin 5 mg | Bor (als Bor-Aminos\u00e4urechelat) 3 mg | Lycopin [aus Tomat-O-Red\u00ae nat\u00fcrlichem Tomatenextrakt (Frucht)] 2 mg.<\/p>\n<p>Weitere Zutaten: Mikrokristalline Cellulose, Dicalciumphosphat, modifizierte Lebensmittelst\u00e4rke, Croscarmellose-Natrium, Stearins\u00e4ure, Maltodextrin, pflanzliches Stearat, \u00dcberzug (gereinigtes Wasser, Hypromellose, Glycerin), Siliciumdioxid, Sonnenblumenlecithin, Sonnenblumen\u00f6l.<\/p>\n<\/p><\/div>\n<div class=\"chcg-dosage\">\n<h3>Verzehrempfehlung<\/h3>\n<p>T\u00e4glich eine (1) Tablette zu einer Mahlzeit einnehmen oder gem\u00e4ss Empfehlung einer medizinischen Fachperson.<\/p>\n<\/p><\/div>\n<div class=\"chcg-warnings\">\n<h3>Warnhinweise<\/h3>\n<p>AUSSERHALB DER REICHWEITE VON KINDERN AUFBEWAHREN. DIE EMPFOHLENE TAGESDOSIS NICHT \u00dcBERSCHREITEN. Nicht kaufen, wenn die \u00e4ussere Versiegelung gebrochen oder besch\u00e4digt ist. Bei der Einnahme von Nahrungserg\u00e4nzungsmitteln wird empfohlen, einen Arzt zu konsultieren, wenn Sie sich in \u00e4rztlicher Behandlung befinden oder wenn Sie schwanger sind oder stillen. Personen, die mehr als 50 mcg (2000 IE) Vitamin D pro Tag (aus Nahrung und Nahrungserg\u00e4nzungsmitteln) zu sich nehmen, sollten regelm\u00e4ssig den Serum-25-Hydroxy-Vitamin-D-Spiegel bestimmen lassen. Eine Vitamin-D-Supplementierung wird Personen mit erh\u00f6hten Blutcalciumwerten nicht empfohlen. Um ein schwerwiegendes unerw\u00fcnschtes Ereignis zu melden oder Produktinformationen zu erhalten, wenden Sie sich bitte an: 1-866-280-2852.<\/p>\n<\/p><\/div>\n<div class=\"chcg-allergens\">\n<h3>Allergeninformationen<\/h3>\n<p>Enth\u00e4lt keine Milch, Eier, Fisch, Erdn\u00fcsse, Krustentiere, Schalentiere, Baumn\u00fcsse, Weizen, Hefe oder Gluten. Enth\u00e4lt Zutaten aus Sonnenblumen. Sojafrei.<\/p>\n<\/p><\/div>\n<div class=\"chcg-storage\">\n<h3>Lagerung<\/h3>\n<p>Fest verschlossen an einem k\u00fchlen, trockenen Ort aufbewahren.<\/p>\n<\/p><\/div>\n<div class=\"chcg-dietary\">\n<h3>Ern\u00e4hrungshinweise<\/h3>\n<ul>\n<li>Vegetarisch<\/li>\n<li>Glutenfrei<\/li>\n<li>Laktosefrei<\/li>\n<\/ul><\/div>\n<\/div>\n","protected":false},"excerpt":{"rendered":"<p>Life Extension One-Per-Day Tabletten liefern \u00fcber 30 Vitamine, Mineralien und pflanzliche Begleitstoffe in einer einzigen t\u00e4glichen Tablette. Die Packung enth\u00e4lt 60 Tabletten. Glutenfrei und f\u00fcr Vegetarier geeignet.<\/p>\n","protected":false},"featured_media":3327,"comment_status":"closed","ping_status":"open","template":"","meta":[],"product_brand":[202],"product_cat":[27,48,26,171,21],"product_tag":[],"class_list":{"0":"post-3326","1":"product","2":"type-product","3":"status-publish","4":"has-post-thumbnail","6":"product_brand-life-extension","7":"product_cat-einige-vitamine","8":"product_cat-gesunde-ernaehrung","9":"product_cat-multivitamine","10":"product_cat-vitamine-und-mineralien","11":"product_cat-vitamine-und-mineralstoffe","13":"first","14":"outofstock","15":"taxable","16":"shipping-taxable","17":"purchasable","18":"product-type-simple"},"yoast_head":"<!-- This site is optimized with the Yoast SEO plugin v27.5 - https:\/\/yoast.com\/product\/yoast-seo-wordpress\/ -->\n<title>One-Per-Day Tabletten \u2013 Life Extension | ecosupplements.ch<\/title>\n<meta name=\"description\" content=\"Umfassendes Multivitamin mit \u00fcber 30 N\u00e4hrstoffen in 1 Tablette t\u00e4glich \u2013 60 Tabletten, glutenfrei, vegetarisch. Jetzt bestellen.\" \/>\n<meta name=\"robots\" content=\"index, follow, max-snippet:-1, max-image-preview:large, max-video-preview:-1\" \/>\n<link rel=\"canonical\" href=\"https:\/\/ecosupplements.ch\/?product=one-per-day-tablets-60-tabs\" \/>\n<meta property=\"og:locale\" content=\"de_DE\" \/>\n<meta property=\"og:type\" content=\"article\" \/>\n<meta property=\"og:title\" content=\"One-Per-Day Tabletten \u2013 Life Extension | ecosupplements.ch\" \/>\n<meta property=\"og:description\" content=\"Umfassendes Multivitamin mit \u00fcber 30 N\u00e4hrstoffen in 1 Tablette t\u00e4glich \u2013 60 Tabletten, glutenfrei, vegetarisch. Jetzt bestellen.\" \/>\n<meta property=\"og:url\" content=\"https:\/\/ecosupplements.ch\/?product=one-per-day-tablets-60-tabs\" \/>\n<meta property=\"og:site_name\" content=\"Eco Supplements\" \/>\n<meta property=\"article:modified_time\" content=\"2026-05-13T07:22:44+00:00\" \/>\n<meta property=\"og:image\" content=\"https:\/\/ecosupplements.ch\/wp-content\/uploads\/2026\/05\/One-Per-Day-Tablets-60-tabs.webp\" \/>\n\t<meta property=\"og:image:width\" content=\"1000\" \/>\n\t<meta property=\"og:image:height\" content=\"1000\" \/>\n\t<meta property=\"og:image:type\" content=\"image\/jpeg\" \/>\n<meta name=\"twitter:card\" content=\"summary_large_image\" \/>\n<meta name=\"twitter:label1\" content=\"Price\" \/>\n\t<meta name=\"twitter:data1\" content=\"&#067;&#072;&#070;&nbsp;33.72\" \/>\n\t<meta name=\"twitter:label2\" content=\"Availability\" \/>\n\t<meta name=\"twitter:data2\" content=\"Out of stock\" \/>\n<script type=\"application\/ld+json\" class=\"yoast-schema-graph\">{\"@context\":\"https:\\\/\\\/schema.org\",\"@graph\":[{\"@type\":\"WebPage\",\"@id\":\"https:\\\/\\\/ecosupplements.ch\\\/?product=one-per-day-tablets-60-tabs\",\"url\":\"https:\\\/\\\/ecosupplements.ch\\\/?product=one-per-day-tablets-60-tabs\",\"name\":\"One-Per-Day Tabletten \u2013 Life Extension | ecosupplements.ch\",\"isPartOf\":{\"@id\":\"https:\\\/\\\/ecosupplements.ch\\\/#website\"},\"primaryImageOfPage\":{\"@id\":\"https:\\\/\\\/ecosupplements.ch\\\/?product=one-per-day-tablets-60-tabs#primaryimage\"},\"image\":{\"@id\":\"https:\\\/\\\/ecosupplements.ch\\\/?product=one-per-day-tablets-60-tabs#primaryimage\"},\"thumbnailUrl\":\"https:\\\/\\\/ecosupplements.ch\\\/wp-content\\\/uploads\\\/2026\\\/05\\\/One-Per-Day-Tablets-60-tabs.webp\",\"datePublished\":\"2026-05-11T14:44:38+00:00\",\"dateModified\":\"2026-05-13T07:22:44+00:00\",\"description\":\"Umfassendes Multivitamin mit \u00fcber 30 N\u00e4hrstoffen in 1 Tablette t\u00e4glich \u2013 60 Tabletten, glutenfrei, vegetarisch. Jetzt bestellen.\",\"breadcrumb\":{\"@id\":\"https:\\\/\\\/ecosupplements.ch\\\/?product=one-per-day-tablets-60-tabs#breadcrumb\"},\"inLanguage\":\"de-CH\",\"potentialAction\":[{\"@type\":\"ReadAction\",\"target\":[\"https:\\\/\\\/ecosupplements.ch\\\/?product=one-per-day-tablets-60-tabs\"]}]},{\"@type\":\"ImageObject\",\"inLanguage\":\"de-CH\",\"@id\":\"https:\\\/\\\/ecosupplements.ch\\\/?product=one-per-day-tablets-60-tabs#primaryimage\",\"url\":\"https:\\\/\\\/ecosupplements.ch\\\/wp-content\\\/uploads\\\/2026\\\/05\\\/One-Per-Day-Tablets-60-tabs.webp\",\"contentUrl\":\"https:\\\/\\\/ecosupplements.ch\\\/wp-content\\\/uploads\\\/2026\\\/05\\\/One-Per-Day-Tablets-60-tabs.webp\",\"width\":1000,\"height\":1000,\"caption\":\"One-Per-Day Tablets - 60 tabs\"},{\"@type\":\"BreadcrumbList\",\"@id\":\"https:\\\/\\\/ecosupplements.ch\\\/?product=one-per-day-tablets-60-tabs#breadcrumb\",\"itemListElement\":[{\"@type\":\"ListItem\",\"position\":1,\"name\":\"Home\",\"item\":\"https:\\\/\\\/ecosupplements.ch\\\/\"},{\"@type\":\"ListItem\",\"position\":2,\"name\":\"Shop\",\"item\":\"https:\\\/\\\/ecosupplements.ch\\\/?page_id=14\"},{\"@type\":\"ListItem\",\"position\":3,\"name\":\"One-Per-Day Tablets &#8211; 60 tabs\"}]},{\"@type\":\"WebSite\",\"@id\":\"https:\\\/\\\/ecosupplements.ch\\\/#website\",\"url\":\"https:\\\/\\\/ecosupplements.ch\\\/\",\"name\":\"Eco Supplements\",\"description\":\"\",\"potentialAction\":[{\"@type\":\"SearchAction\",\"target\":{\"@type\":\"EntryPoint\",\"urlTemplate\":\"https:\\\/\\\/ecosupplements.ch\\\/?s={search_term_string}\"},\"query-input\":{\"@type\":\"PropertyValueSpecification\",\"valueRequired\":true,\"valueName\":\"search_term_string\"}}],\"inLanguage\":\"de-CH\"}]}<\/script>\n<meta property=\"product:price:amount\" content=\"33.72\" \/>\n<meta property=\"product:price:currency\" content=\"CHF\" \/>\n<meta property=\"og:availability\" content=\"out of stock\" \/>\n<meta property=\"product:availability\" content=\"out of stock\" \/>\n<meta property=\"product:retailer_item_id\" content=\"737870231363\" \/>\n<meta property=\"product:condition\" content=\"new\" \/>\n<!-- \/ Yoast SEO plugin. -->","yoast_head_json":{"title":"One-Per-Day Tabletten \u2013 Life Extension | ecosupplements.ch","description":"Umfassendes Multivitamin mit \u00fcber 30 N\u00e4hrstoffen in 1 Tablette t\u00e4glich \u2013 60 Tabletten, glutenfrei, vegetarisch. Jetzt bestellen.","robots":{"index":"index","follow":"follow","max-snippet":"max-snippet:-1","max-image-preview":"max-image-preview:large","max-video-preview":"max-video-preview:-1"},"canonical":"https:\/\/ecosupplements.ch\/?product=one-per-day-tablets-60-tabs","og_locale":"de_DE","og_type":"article","og_title":"One-Per-Day Tabletten \u2013 Life Extension | ecosupplements.ch","og_description":"Umfassendes Multivitamin mit \u00fcber 30 N\u00e4hrstoffen in 1 Tablette t\u00e4glich \u2013 60 Tabletten, glutenfrei, vegetarisch. Jetzt bestellen.","og_url":"https:\/\/ecosupplements.ch\/?product=one-per-day-tablets-60-tabs","og_site_name":"Eco Supplements","article_modified_time":"2026-05-13T07:22:44+00:00","og_image":[{"width":1000,"height":1000,"url":"https:\/\/ecosupplements.ch\/wp-content\/uploads\/2026\/05\/One-Per-Day-Tablets-60-tabs.webp","type":"image\/jpeg"}],"twitter_card":"summary_large_image","twitter_misc":{"Price":"&#67;&#72;&#70;&nbsp;33.72","Availability":"Out of stock"},"schema":{"@context":"https:\/\/schema.org","@graph":[{"@type":"WebPage","@id":"https:\/\/ecosupplements.ch\/?product=one-per-day-tablets-60-tabs","url":"https:\/\/ecosupplements.ch\/?product=one-per-day-tablets-60-tabs","name":"One-Per-Day Tabletten \u2013 Life Extension | ecosupplements.ch","isPartOf":{"@id":"https:\/\/ecosupplements.ch\/#website"},"primaryImageOfPage":{"@id":"https:\/\/ecosupplements.ch\/?product=one-per-day-tablets-60-tabs#primaryimage"},"image":{"@id":"https:\/\/ecosupplements.ch\/?product=one-per-day-tablets-60-tabs#primaryimage"},"thumbnailUrl":"https:\/\/ecosupplements.ch\/wp-content\/uploads\/2026\/05\/One-Per-Day-Tablets-60-tabs.webp","datePublished":"2026-05-11T14:44:38+00:00","dateModified":"2026-05-13T07:22:44+00:00","description":"Umfassendes Multivitamin mit \u00fcber 30 N\u00e4hrstoffen in 1 Tablette t\u00e4glich \u2013 60 Tabletten, glutenfrei, vegetarisch. Jetzt bestellen.","breadcrumb":{"@id":"https:\/\/ecosupplements.ch\/?product=one-per-day-tablets-60-tabs#breadcrumb"},"inLanguage":"de-CH","potentialAction":[{"@type":"ReadAction","target":["https:\/\/ecosupplements.ch\/?product=one-per-day-tablets-60-tabs"]}]},{"@type":"ImageObject","inLanguage":"de-CH","@id":"https:\/\/ecosupplements.ch\/?product=one-per-day-tablets-60-tabs#primaryimage","url":"https:\/\/ecosupplements.ch\/wp-content\/uploads\/2026\/05\/One-Per-Day-Tablets-60-tabs.webp","contentUrl":"https:\/\/ecosupplements.ch\/wp-content\/uploads\/2026\/05\/One-Per-Day-Tablets-60-tabs.webp","width":1000,"height":1000,"caption":"One-Per-Day Tablets - 60 tabs"},{"@type":"BreadcrumbList","@id":"https:\/\/ecosupplements.ch\/?product=one-per-day-tablets-60-tabs#breadcrumb","itemListElement":[{"@type":"ListItem","position":1,"name":"Home","item":"https:\/\/ecosupplements.ch\/"},{"@type":"ListItem","position":2,"name":"Shop","item":"https:\/\/ecosupplements.ch\/?page_id=14"},{"@type":"ListItem","position":3,"name":"One-Per-Day Tablets &#8211; 60 tabs"}]},{"@type":"WebSite","@id":"https:\/\/ecosupplements.ch\/#website","url":"https:\/\/ecosupplements.ch\/","name":"Eco Supplements","description":"","potentialAction":[{"@type":"SearchAction","target":{"@type":"EntryPoint","urlTemplate":"https:\/\/ecosupplements.ch\/?s={search_term_string}"},"query-input":{"@type":"PropertyValueSpecification","valueRequired":true,"valueName":"search_term_string"}}],"inLanguage":"de-CH"}]},"product_price_amount":"33.72","product_price_currency":"CHF","og_availability":"out of stock","product_availability":"out of stock","product_retailer_item_id":"737870231363","product_condition":"new"},"_links":{"self":[{"href":"https:\/\/ecosupplements.ch\/index.php?rest_route=\/wp\/v2\/product\/3326","targetHints":{"allow":["GET"]}}],"collection":[{"href":"https:\/\/ecosupplements.ch\/index.php?rest_route=\/wp\/v2\/product"}],"about":[{"href":"https:\/\/ecosupplements.ch\/index.php?rest_route=\/wp\/v2\/types\/product"}],"replies":[{"embeddable":true,"href":"https:\/\/ecosupplements.ch\/index.php?rest_route=%2Fwp%2Fv2%2Fcomments&post=3326"}],"wp:featuredmedia":[{"embeddable":true,"href":"https:\/\/ecosupplements.ch\/index.php?rest_route=\/wp\/v2\/media\/3327"}],"wp:attachment":[{"href":"https:\/\/ecosupplements.ch\/index.php?rest_route=%2Fwp%2Fv2%2Fmedia&parent=3326"}],"wp:term":[{"taxonomy":"product_brand","embeddable":true,"href":"https:\/\/ecosupplements.ch\/index.php?rest_route=%2Fwp%2Fv2%2Fproduct_brand&post=3326"},{"taxonomy":"product_cat","embeddable":true,"href":"https:\/\/ecosupplements.ch\/index.php?rest_route=%2Fwp%2Fv2%2Fproduct_cat&post=3326"},{"taxonomy":"product_tag","embeddable":true,"href":"https:\/\/ecosupplements.ch\/index.php?rest_route=%2Fwp%2Fv2%2Fproduct_tag&post=3326"}],"curies":[{"name":"wp","href":"https:\/\/api.w.org\/{rel}","templated":true}]}}