{"id":3338,"date":"2026-05-11T14:44:44","date_gmt":"2026-05-11T14:44:44","guid":{"rendered":"https:\/\/ecosupplements.ch\/?product=palmettoguard-saw-palmetto-nettle-root-with-beta-sitosterol-60-softgels"},"modified":"2026-05-13T07:22:36","modified_gmt":"2026-05-13T07:22:36","slug":"palmettoguard-saw-palmetto-nettle-root-with-beta-sitosterol-60-softgels","status":"publish","type":"product","link":"https:\/\/ecosupplements.ch\/?product=palmettoguard-saw-palmetto-nettle-root-with-beta-sitosterol-60-softgels","title":{"rendered":"PalmettoGuard Saw Palmetto\/Nettle Root with Beta-Sitosterol &#8211; 60 softgels"},"content":{"rendered":"<div class=\"chcg-product-description\">\n<h2 class=\"chcg-heading\">\u00dcber Life Extension \u2013 PalmettoGuard Saw Palmetto\/Nettle Root mit Beta-Sitosterol \u2013 60 Softgels<\/h2>\n<div class=\"chcg-intro\">\n<p>PalmettoGuard von Life Extension kombiniert vier sorgf\u00e4ltig ausgew\u00e4hlte Pflanzenstoffe in einer einzigen Softgel-Formel. Der CO2-Extrakt aus Saw Palmetto (Sabalfr\u00fcchte) liefert pro Tagesdosis 136 mg Gesamtfetts\u00e4uren \u2013 eine Konzentration, die durch das schonende CO2-Extraktionsverfahren erreicht wird. Erg\u00e4nzt wird die Formel durch Beta-Sitosterol aus Kiefernholz sowie einen Brennnesselwurzelextrakt, zwei in der Phytotherapie gut untersuchte Pflanzenstoffe.<\/p>\n<p>Zus\u00e4tzlich enth\u00e4lt jede Portion Bor in der bioverf\u00fcgbaren Albion\u00ae-Form (bororganisches Glycin) sowie Rosmarinextrakt aus Bl\u00e4ttern als nat\u00fcrlichen Begleitstoff. Das Tr\u00e4ger\u00f6l aus K\u00fcrbiskernen rundet die Formel ab und unterst\u00fctzt die Aufnahme der fettl\u00f6slichen Inhaltsstoffe.<\/p>\n<p>PalmettoGuard ist als Nahrungserg\u00e4nzungsmittel konzipiert und richtet sich an M\u00e4nner, die ihre t\u00e4gliche Ern\u00e4hrung gezielt mit bew\u00e4hrten pflanzlichen Wirkstoffen erg\u00e4nzen m\u00f6chten. Die praktische Dosierung von zwei Softgels pro Tag \u2013 morgens und abends \u2013 l\u00e4sst sich einfach in den Alltag integrieren.<\/p>\n<\/p><\/div>\n<div class=\"chcg-nutrition\">\n<h3>N\u00e4hrwertangaben<\/h3>\n<table class=\"chcg-nutrition-table\">\n<thead>\n<tr>\n<th>N\u00e4hrstoff<\/th>\n<th>Pro Portion (2 Softgels)<\/th>\n<\/tr>\n<\/thead>\n<tbody>\n<tr>\n<td>Saw Palmetto CO2-Extrakt (Frucht) [davon 136 mg Gesamtfetts\u00e4uren]<\/td>\n<td>160 mg **<\/td>\n<\/tr>\n<tr>\n<td>Beta-Sitosterol (aus Kiefer)<\/td>\n<td>45 mg **<\/td>\n<\/tr>\n<tr>\n<td>Brennnesselextrakt (Wurzel)<\/td>\n<td>120 mg **<\/td>\n<\/tr>\n<tr>\n<td>Bor (als Albion\u00ae bororganisches Glycin)<\/td>\n<td>1,5 mg **<\/td>\n<\/tr>\n<tr>\n<td>Rosmarinextrakt (Blatt)<\/td>\n<td>400 mcg **<\/td>\n<\/tr>\n<\/tbody>\n<\/table>\n<p class=\"chcg-footnote\">** Kein Tagesreferenzwert festgelegt.<\/p>\n<\/p><\/div>\n<div class=\"chcg-ingredients\">\n<h3>Zutaten<\/h3>\n<p>Saw Palmetto CO2-Extrakt (Frucht) [davon 136 mg Gesamtfetts\u00e4uren] 160 mg, Beta-Sitosterol (aus Kiefer) 45 mg, Brennnesselextrakt (Wurzel) 120 mg, Bor (als Albion\u00ae bororganisches Glycin) 1,5 mg, Rosmarinextrakt (Blatt) 400 mcg. Weitere Zutaten: K\u00fcrbiskern\u00f6l, Gelatine, Glycerin, Sonnenblumenlecithin, gereinigtes Wasser, Bienenwachs, Maltodextrin, Johannisbrotfarbstoff.<\/p>\n<p class=\"chcg-capsule-shell\">Kapselh\u00fclle: Gelatine (Softgel-H\u00fclle)<\/p>\n<\/p><\/div>\n<div class=\"chcg-dosage\">\n<h3>Verzehrempfehlung<\/h3>\n<p>T\u00e4glich 1 Softgel morgens und 1 Softgel abends einnehmen oder gem\u00e4ss Empfehlung einer Fachperson f\u00fcr Gesundheitsberufe. Dieses Produkt kann mit oder ohne Mahlzeit eingenommen werden.<\/p>\n<\/p><\/div>\n<div class=\"chcg-warnings\">\n<h3>Warnhinweise<\/h3>\n<p>Ausserhalb der Reichweite von Kindern aufbewahren. Die empfohlene Tagesdosis nicht \u00fcberschreiten. Nicht kaufen, wenn die \u00e4ussere Versiegelung besch\u00e4digt oder gebrochen ist. Bei der Einnahme von Nahrungserg\u00e4nzungsmitteln wird empfohlen, einen Arzt zu konsultieren, wenn Sie sich in \u00e4rztlicher Behandlung befinden oder wenn Sie schwanger sind oder stillen.<\/p>\n<\/p><\/div>\n<div class=\"chcg-allergens\">\n<h3>Allergeninformationen<\/h3>\n<p>Frei von den wichtigsten Allergenen (Milch, Eier, N\u00fcsse, Fisch, Krebstiere, Schalentiere, Weizen, Soja, Sesam). Enth\u00e4lt Gelatine (bovine\/porcine Herkunft nicht spezifiziert). Glutenfrei.<\/p>\n<\/p><\/div>\n<div class=\"chcg-storage\">\n<h3>Lagerung<\/h3>\n<p>Fest verschlossen an einem k\u00fchlen, trockenen Ort aufbewahren.<\/p>\n<\/p><\/div>\n<div class=\"chcg-dietary\">\n<h3>Ern\u00e4hrungshinweise<\/h3>\n<ul>\n<li>Glutenfrei<\/li>\n<li>Laktosefrei<\/li>\n<\/ul><\/div>\n<\/div>\n","protected":false},"excerpt":{"rendered":"<p>PalmettoGuard von Life Extension kombiniert Saw Palmetto CO2-Extrakt, Beta-Sitosterol, Brennnesselwurzel und Bor in einer praktischen Softgel-Formel. 60 Softgels f\u00fcr 30 Tage, glutenfrei.<\/p>\n","protected":false},"featured_media":3339,"comment_status":"closed","ping_status":"open","template":"","meta":[],"product_brand":[202],"product_cat":[48,25],"product_tag":[],"class_list":{"0":"post-3338","1":"product","2":"type-product","3":"status-publish","4":"has-post-thumbnail","6":"product_brand-life-extension","7":"product_cat-gesunde-ernaehrung","8":"product_cat-gesundheit-und-wohlbefinden","10":"first","11":"outofstock","12":"taxable","13":"shipping-taxable","14":"purchasable","15":"product-type-simple"},"yoast_head":"<!-- This site is optimized with the Yoast SEO plugin v27.5 - https:\/\/yoast.com\/product\/yoast-seo-wordpress\/ -->\n<title>PalmettoGuard Saw Palmetto mit Beta-Sitosterol \u2013 Life Extension | ecosupplements.ch<\/title>\n<meta name=\"description\" content=\"PalmettoGuard von Life Extension: Saw Palmetto CO2-Extrakt, Beta-Sitosterol &amp; Brennnesselwurzel in 60 Softgels. Jetzt bestellen.\" \/>\n<meta name=\"robots\" content=\"index, follow, max-snippet:-1, max-image-preview:large, max-video-preview:-1\" \/>\n<link rel=\"canonical\" href=\"https:\/\/ecosupplements.ch\/?product=palmettoguard-saw-palmetto-nettle-root-with-beta-sitosterol-60-softgels\" \/>\n<meta property=\"og:locale\" content=\"de_DE\" \/>\n<meta property=\"og:type\" content=\"article\" \/>\n<meta property=\"og:title\" content=\"PalmettoGuard Saw Palmetto mit Beta-Sitosterol \u2013 Life Extension | ecosupplements.ch\" \/>\n<meta property=\"og:description\" content=\"PalmettoGuard von Life Extension: Saw Palmetto CO2-Extrakt, Beta-Sitosterol &amp; Brennnesselwurzel in 60 Softgels. Jetzt bestellen.\" \/>\n<meta property=\"og:url\" content=\"https:\/\/ecosupplements.ch\/?product=palmettoguard-saw-palmetto-nettle-root-with-beta-sitosterol-60-softgels\" \/>\n<meta property=\"og:site_name\" content=\"Eco Supplements\" \/>\n<meta property=\"article:modified_time\" content=\"2026-05-13T07:22:36+00:00\" \/>\n<meta property=\"og:image\" content=\"https:\/\/ecosupplements.ch\/wp-content\/uploads\/2026\/05\/PalmettoGuard-Saw-PalmettoNettle-Root-with-Beta-Sitosterol-60-softgels.webp\" \/>\n\t<meta property=\"og:image:width\" content=\"1000\" \/>\n\t<meta property=\"og:image:height\" content=\"1000\" \/>\n\t<meta property=\"og:image:type\" content=\"image\/jpeg\" \/>\n<meta name=\"twitter:card\" content=\"summary_large_image\" \/>\n<meta name=\"twitter:label1\" content=\"Price\" \/>\n\t<meta name=\"twitter:data1\" content=\"&#067;&#072;&#070;&nbsp;28.99\" \/>\n\t<meta name=\"twitter:label2\" content=\"Availability\" \/>\n\t<meta name=\"twitter:data2\" content=\"Out of stock\" \/>\n<script type=\"application\/ld+json\" class=\"yoast-schema-graph\">{\"@context\":\"https:\\\/\\\/schema.org\",\"@graph\":[{\"@type\":\"WebPage\",\"@id\":\"https:\\\/\\\/ecosupplements.ch\\\/?product=palmettoguard-saw-palmetto-nettle-root-with-beta-sitosterol-60-softgels\",\"url\":\"https:\\\/\\\/ecosupplements.ch\\\/?product=palmettoguard-saw-palmetto-nettle-root-with-beta-sitosterol-60-softgels\",\"name\":\"PalmettoGuard Saw Palmetto mit Beta-Sitosterol \u2013 Life Extension | ecosupplements.ch\",\"isPartOf\":{\"@id\":\"https:\\\/\\\/ecosupplements.ch\\\/#website\"},\"primaryImageOfPage\":{\"@id\":\"https:\\\/\\\/ecosupplements.ch\\\/?product=palmettoguard-saw-palmetto-nettle-root-with-beta-sitosterol-60-softgels#primaryimage\"},\"image\":{\"@id\":\"https:\\\/\\\/ecosupplements.ch\\\/?product=palmettoguard-saw-palmetto-nettle-root-with-beta-sitosterol-60-softgels#primaryimage\"},\"thumbnailUrl\":\"https:\\\/\\\/ecosupplements.ch\\\/wp-content\\\/uploads\\\/2026\\\/05\\\/PalmettoGuard-Saw-PalmettoNettle-Root-with-Beta-Sitosterol-60-softgels.webp\",\"datePublished\":\"2026-05-11T14:44:44+00:00\",\"dateModified\":\"2026-05-13T07:22:36+00:00\",\"description\":\"PalmettoGuard von Life Extension: Saw Palmetto CO2-Extrakt, Beta-Sitosterol & Brennnesselwurzel in 60 Softgels. Jetzt bestellen.\",\"breadcrumb\":{\"@id\":\"https:\\\/\\\/ecosupplements.ch\\\/?product=palmettoguard-saw-palmetto-nettle-root-with-beta-sitosterol-60-softgels#breadcrumb\"},\"inLanguage\":\"de-CH\",\"potentialAction\":[{\"@type\":\"ReadAction\",\"target\":[\"https:\\\/\\\/ecosupplements.ch\\\/?product=palmettoguard-saw-palmetto-nettle-root-with-beta-sitosterol-60-softgels\"]}]},{\"@type\":\"ImageObject\",\"inLanguage\":\"de-CH\",\"@id\":\"https:\\\/\\\/ecosupplements.ch\\\/?product=palmettoguard-saw-palmetto-nettle-root-with-beta-sitosterol-60-softgels#primaryimage\",\"url\":\"https:\\\/\\\/ecosupplements.ch\\\/wp-content\\\/uploads\\\/2026\\\/05\\\/PalmettoGuard-Saw-PalmettoNettle-Root-with-Beta-Sitosterol-60-softgels.webp\",\"contentUrl\":\"https:\\\/\\\/ecosupplements.ch\\\/wp-content\\\/uploads\\\/2026\\\/05\\\/PalmettoGuard-Saw-PalmettoNettle-Root-with-Beta-Sitosterol-60-softgels.webp\",\"width\":1000,\"height\":1000,\"caption\":\"PalmettoGuard Saw Palmetto\\\/Nettle Root with Beta-Sitosterol - 60 softgels\"},{\"@type\":\"BreadcrumbList\",\"@id\":\"https:\\\/\\\/ecosupplements.ch\\\/?product=palmettoguard-saw-palmetto-nettle-root-with-beta-sitosterol-60-softgels#breadcrumb\",\"itemListElement\":[{\"@type\":\"ListItem\",\"position\":1,\"name\":\"Home\",\"item\":\"https:\\\/\\\/ecosupplements.ch\\\/\"},{\"@type\":\"ListItem\",\"position\":2,\"name\":\"Shop\",\"item\":\"https:\\\/\\\/ecosupplements.ch\\\/?page_id=14\"},{\"@type\":\"ListItem\",\"position\":3,\"name\":\"PalmettoGuard Saw Palmetto\\\/Nettle Root with Beta-Sitosterol &#8211; 60 softgels\"}]},{\"@type\":\"WebSite\",\"@id\":\"https:\\\/\\\/ecosupplements.ch\\\/#website\",\"url\":\"https:\\\/\\\/ecosupplements.ch\\\/\",\"name\":\"Eco Supplements\",\"description\":\"\",\"potentialAction\":[{\"@type\":\"SearchAction\",\"target\":{\"@type\":\"EntryPoint\",\"urlTemplate\":\"https:\\\/\\\/ecosupplements.ch\\\/?s={search_term_string}\"},\"query-input\":{\"@type\":\"PropertyValueSpecification\",\"valueRequired\":true,\"valueName\":\"search_term_string\"}}],\"inLanguage\":\"de-CH\"}]}<\/script>\n<meta property=\"product:price:amount\" content=\"28.99\" \/>\n<meta property=\"product:price:currency\" content=\"CHF\" \/>\n<meta property=\"og:availability\" content=\"out of stock\" \/>\n<meta property=\"product:availability\" content=\"out of stock\" \/>\n<meta property=\"product:retailer_item_id\" content=\"737870179061\" \/>\n<meta property=\"product:condition\" content=\"new\" \/>\n<!-- \/ Yoast SEO plugin. -->","yoast_head_json":{"title":"PalmettoGuard Saw Palmetto mit Beta-Sitosterol \u2013 Life Extension | ecosupplements.ch","description":"PalmettoGuard von Life Extension: Saw Palmetto CO2-Extrakt, Beta-Sitosterol & Brennnesselwurzel in 60 Softgels. Jetzt bestellen.","robots":{"index":"index","follow":"follow","max-snippet":"max-snippet:-1","max-image-preview":"max-image-preview:large","max-video-preview":"max-video-preview:-1"},"canonical":"https:\/\/ecosupplements.ch\/?product=palmettoguard-saw-palmetto-nettle-root-with-beta-sitosterol-60-softgels","og_locale":"de_DE","og_type":"article","og_title":"PalmettoGuard Saw Palmetto mit Beta-Sitosterol \u2013 Life Extension | ecosupplements.ch","og_description":"PalmettoGuard von Life Extension: Saw Palmetto CO2-Extrakt, Beta-Sitosterol & Brennnesselwurzel in 60 Softgels. Jetzt bestellen.","og_url":"https:\/\/ecosupplements.ch\/?product=palmettoguard-saw-palmetto-nettle-root-with-beta-sitosterol-60-softgels","og_site_name":"Eco Supplements","article_modified_time":"2026-05-13T07:22:36+00:00","og_image":[{"width":1000,"height":1000,"url":"https:\/\/ecosupplements.ch\/wp-content\/uploads\/2026\/05\/PalmettoGuard-Saw-PalmettoNettle-Root-with-Beta-Sitosterol-60-softgels.webp","type":"image\/jpeg"}],"twitter_card":"summary_large_image","twitter_misc":{"Price":"&#67;&#72;&#70;&nbsp;28.99","Availability":"Out of stock"},"schema":{"@context":"https:\/\/schema.org","@graph":[{"@type":"WebPage","@id":"https:\/\/ecosupplements.ch\/?product=palmettoguard-saw-palmetto-nettle-root-with-beta-sitosterol-60-softgels","url":"https:\/\/ecosupplements.ch\/?product=palmettoguard-saw-palmetto-nettle-root-with-beta-sitosterol-60-softgels","name":"PalmettoGuard Saw Palmetto mit Beta-Sitosterol \u2013 Life Extension | ecosupplements.ch","isPartOf":{"@id":"https:\/\/ecosupplements.ch\/#website"},"primaryImageOfPage":{"@id":"https:\/\/ecosupplements.ch\/?product=palmettoguard-saw-palmetto-nettle-root-with-beta-sitosterol-60-softgels#primaryimage"},"image":{"@id":"https:\/\/ecosupplements.ch\/?product=palmettoguard-saw-palmetto-nettle-root-with-beta-sitosterol-60-softgels#primaryimage"},"thumbnailUrl":"https:\/\/ecosupplements.ch\/wp-content\/uploads\/2026\/05\/PalmettoGuard-Saw-PalmettoNettle-Root-with-Beta-Sitosterol-60-softgels.webp","datePublished":"2026-05-11T14:44:44+00:00","dateModified":"2026-05-13T07:22:36+00:00","description":"PalmettoGuard von Life Extension: Saw Palmetto CO2-Extrakt, Beta-Sitosterol & Brennnesselwurzel in 60 Softgels. Jetzt bestellen.","breadcrumb":{"@id":"https:\/\/ecosupplements.ch\/?product=palmettoguard-saw-palmetto-nettle-root-with-beta-sitosterol-60-softgels#breadcrumb"},"inLanguage":"de-CH","potentialAction":[{"@type":"ReadAction","target":["https:\/\/ecosupplements.ch\/?product=palmettoguard-saw-palmetto-nettle-root-with-beta-sitosterol-60-softgels"]}]},{"@type":"ImageObject","inLanguage":"de-CH","@id":"https:\/\/ecosupplements.ch\/?product=palmettoguard-saw-palmetto-nettle-root-with-beta-sitosterol-60-softgels#primaryimage","url":"https:\/\/ecosupplements.ch\/wp-content\/uploads\/2026\/05\/PalmettoGuard-Saw-PalmettoNettle-Root-with-Beta-Sitosterol-60-softgels.webp","contentUrl":"https:\/\/ecosupplements.ch\/wp-content\/uploads\/2026\/05\/PalmettoGuard-Saw-PalmettoNettle-Root-with-Beta-Sitosterol-60-softgels.webp","width":1000,"height":1000,"caption":"PalmettoGuard Saw Palmetto\/Nettle Root with Beta-Sitosterol - 60 softgels"},{"@type":"BreadcrumbList","@id":"https:\/\/ecosupplements.ch\/?product=palmettoguard-saw-palmetto-nettle-root-with-beta-sitosterol-60-softgels#breadcrumb","itemListElement":[{"@type":"ListItem","position":1,"name":"Home","item":"https:\/\/ecosupplements.ch\/"},{"@type":"ListItem","position":2,"name":"Shop","item":"https:\/\/ecosupplements.ch\/?page_id=14"},{"@type":"ListItem","position":3,"name":"PalmettoGuard Saw Palmetto\/Nettle Root with Beta-Sitosterol &#8211; 60 softgels"}]},{"@type":"WebSite","@id":"https:\/\/ecosupplements.ch\/#website","url":"https:\/\/ecosupplements.ch\/","name":"Eco Supplements","description":"","potentialAction":[{"@type":"SearchAction","target":{"@type":"EntryPoint","urlTemplate":"https:\/\/ecosupplements.ch\/?s={search_term_string}"},"query-input":{"@type":"PropertyValueSpecification","valueRequired":true,"valueName":"search_term_string"}}],"inLanguage":"de-CH"}]},"product_price_amount":"28.99","product_price_currency":"CHF","og_availability":"out of stock","product_availability":"out of stock","product_retailer_item_id":"737870179061","product_condition":"new"},"_links":{"self":[{"href":"https:\/\/ecosupplements.ch\/index.php?rest_route=\/wp\/v2\/product\/3338","targetHints":{"allow":["GET"]}}],"collection":[{"href":"https:\/\/ecosupplements.ch\/index.php?rest_route=\/wp\/v2\/product"}],"about":[{"href":"https:\/\/ecosupplements.ch\/index.php?rest_route=\/wp\/v2\/types\/product"}],"replies":[{"embeddable":true,"href":"https:\/\/ecosupplements.ch\/index.php?rest_route=%2Fwp%2Fv2%2Fcomments&post=3338"}],"wp:featuredmedia":[{"embeddable":true,"href":"https:\/\/ecosupplements.ch\/index.php?rest_route=\/wp\/v2\/media\/3339"}],"wp:attachment":[{"href":"https:\/\/ecosupplements.ch\/index.php?rest_route=%2Fwp%2Fv2%2Fmedia&parent=3338"}],"wp:term":[{"taxonomy":"product_brand","embeddable":true,"href":"https:\/\/ecosupplements.ch\/index.php?rest_route=%2Fwp%2Fv2%2Fproduct_brand&post=3338"},{"taxonomy":"product_cat","embeddable":true,"href":"https:\/\/ecosupplements.ch\/index.php?rest_route=%2Fwp%2Fv2%2Fproduct_cat&post=3338"},{"taxonomy":"product_tag","embeddable":true,"href":"https:\/\/ecosupplements.ch\/index.php?rest_route=%2Fwp%2Fv2%2Fproduct_tag&post=3338"}],"curies":[{"name":"wp","href":"https:\/\/api.w.org\/{rel}","templated":true}]}}