{"id":3344,"date":"2026-05-11T14:44:47","date_gmt":"2026-05-11T14:44:47","guid":{"rendered":"https:\/\/ecosupplements.ch\/?product=prostapollen-triple-strength-30-softgels"},"modified":"2026-05-13T07:22:36","modified_gmt":"2026-05-13T07:22:36","slug":"prostapollen-triple-strength-30-softgels","status":"publish","type":"product","link":"https:\/\/ecosupplements.ch\/?product=prostapollen-triple-strength-30-softgels","title":{"rendered":"ProstaPollen Triple Strength &#8211; 30 softgels"},"content":{"rendered":"<div class=\"chcg-product-description\">\n<h2 class=\"chcg-heading\">\u00dcber Life Extension \u2013 ProstaPollen Triple Strength \u2013 30 Softgels<\/h2>\n<div class=\"chcg-intro\">\n<p>ProstaPollen Triple Strength von Life Extension enth\u00e4lt einen hochkonzentrierten Bl\u00fctenpollenextrakt aus Roggen \u2013 den bew\u00e4hrten Graminex Flower Pollen Extract \u2013 in dreifacher St\u00e4rke. Dieser standardisierte Extrakt kombiniert zwei komplement\u00e4re Fraktionen: den wasserl\u00f6slichen Anteil Graminex G60 sowie den fettl\u00f6slichen Anteil Graminex NAX, die gemeinsam eine umfassende Unterst\u00fctzung f\u00fcr die m\u00e4nnliche Gesundheit bieten.<\/p>\n<p>Graminex ist ein weltweit anerkannter Markenextrakt, der seit Jahrzehnten in der Nahrungserg\u00e4nzung eingesetzt wird. Dank der dreifach konzentrierten Formel liefert bereits eine einzige Softgel-Kapsel pro Tag eine relevante Menge an bioaktiven Polleninhaltsstoffen \u2013 praktisch und unkompliziert im Alltag anzuwenden.<\/p>\n<p>Die Softgels sind in extra nativem Oliven\u00f6l suspendiert, was die Aufnahme der fettl\u00f6slichen Bestandteile unterst\u00fctzt. Das Produkt ist glutenfrei und laktosefrei und eignet sich f\u00fcr M\u00e4nner, die ihre t\u00e4gliche Routine mit einem gezielten, qualitativ hochwertigen Erg\u00e4nzungsmittel aus dem Hause Life Extension bereichern m\u00f6chten.<\/p>\n<\/p><\/div>\n<div class=\"chcg-nutrition\">\n<h3>N\u00e4hrwertangaben<\/h3>\n<table class=\"chcg-nutrition-table\">\n<thead>\n<tr>\n<th>N\u00e4hrstoff<\/th>\n<th>Pro Portion (1 Softgel)<\/th>\n<\/tr>\n<\/thead>\n<tbody>\n<tr>\n<td>Graminex Flower Pollen Extract (aus Roggen), dreifach konzentrierte Mischung<\/td>\n<td>378 mg *<\/td>\n<\/tr>\n<tr>\n<td>\u2013 Graminex G60 (wasserl\u00f6sliche Fraktion)<\/td>\n<td>360 mg *<\/td>\n<\/tr>\n<tr>\n<td>\u2013 Graminex NAX (fettl\u00f6sliche Fraktion)<\/td>\n<td>18 mg *<\/td>\n<\/tr>\n<\/tbody>\n<\/table>\n<p class=\"chcg-footnote\">* Kein festgelegter Tagesbedarf (Tagesreferenzwert nicht ermittelt).<\/p>\n<\/p><\/div>\n<div class=\"chcg-ingredients\">\n<h3>Zutaten<\/h3>\n<p>Graminex Flower Pollen Extract (aus Roggen), dreifach konzentrierte Mischung, bestehend aus: Graminex NAX (fettl\u00f6sliche Fraktion) 18 mg, Graminex G60 (wasserl\u00f6sliche Fraktion) 360 mg. Weitere Zutaten: extra natives Oliven\u00f6l, Sojalecithin, gelbes Bienenwachs.<\/p>\n<p class=\"chcg-capsule-shell\">Softgel-H\u00fclle: Gelatine, Glycerin, gereinigtes Wasser, Carobfarbe.<\/p>\n<\/p><\/div>\n<div class=\"chcg-dosage\">\n<h3>Verzehrempfehlung<\/h3>\n<p>T\u00e4glich eine (1) Softgel-Kapsel mit oder ohne Mahlzeit einnehmen, oder gem\u00e4ss Empfehlung einer Fachperson des Gesundheitswesens. Kann erg\u00e4nzend zur Ultra Natural Prostate-Formel verwendet werden.<\/p>\n<\/p><\/div>\n<div class=\"chcg-warnings\">\n<h3>Warnhinweise<\/h3>\n<p>Ausserhalb der Reichweite von Kindern aufbewahren. Die empfohlene Verzehrmenge nicht \u00fcberschreiten. Nicht kaufen, wenn die \u00e4ussere Versiegelung gebrochen oder besch\u00e4digt ist. Bei der Einnahme von Nahrungserg\u00e4nzungsmitteln wird empfohlen, einen Arzt zu konsultieren, wenn eine medizinische Behandlung in Anspruch genommen wird oder wenn Schwangerschaft oder Stillzeit vorliegt.<\/p>\n<\/p><\/div>\n<div class=\"chcg-allergens\">\n<h3>Allergeninformationen<\/h3>\n<p>Enth\u00e4lt Sojabohnen.<\/p>\n<\/p><\/div>\n<div class=\"chcg-storage\">\n<h3>Lagerung<\/h3>\n<p>Fest verschlossen an einem k\u00fchlen, trockenen Ort aufbewahren.<\/p>\n<\/p><\/div>\n<div class=\"chcg-dietary\">\n<h3>Ern\u00e4hrungshinweise<\/h3>\n<ul>\n<li>Glutenfrei<\/li>\n<li>Laktosefrei<\/li>\n<\/ul><\/div>\n<\/div>\n","protected":false},"excerpt":{"rendered":"<p>ProstaPollen Triple Strength von Life Extension liefert dreifach konzentrierten Graminex Bl\u00fctenpollenextrakt aus Roggen zur gezielten Unterst\u00fctzung der m\u00e4nnlichen Gesundheit. Pro Packung 30 Softgels \u2013 glutenfrei und laktosefrei.<\/p>\n","protected":false},"featured_media":3345,"comment_status":"closed","ping_status":"open","template":"","meta":[],"product_brand":[202],"product_cat":[48,25,22,21],"product_tag":[],"class_list":{"0":"post-3344","1":"product","2":"type-product","3":"status-publish","4":"has-post-thumbnail","6":"product_brand-life-extension","7":"product_cat-gesunde-ernaehrung","8":"product_cat-gesundheit-und-wohlbefinden","9":"product_cat-vegane-produkte","10":"product_cat-vitamine-und-mineralstoffe","12":"first","13":"outofstock","14":"taxable","15":"shipping-taxable","16":"purchasable","17":"product-type-simple"},"yoast_head":"<!-- This site is optimized with the Yoast SEO plugin v27.5 - https:\/\/yoast.com\/product\/yoast-seo-wordpress\/ -->\n<title>ProstaPollen Triple Strength \u2013 Life Extension | ecosupplements.ch<\/title>\n<meta name=\"description\" content=\"Dreifach konzentrierter Graminex Bl\u00fctenpollenextrakt f\u00fcr die m\u00e4nnliche Gesundheit \u2013 30 Softgels, glutenfrei. Jetzt bestellen.\" \/>\n<meta name=\"robots\" content=\"index, follow, max-snippet:-1, max-image-preview:large, max-video-preview:-1\" \/>\n<link rel=\"canonical\" href=\"https:\/\/ecosupplements.ch\/?product=prostapollen-triple-strength-30-softgels\" \/>\n<meta property=\"og:locale\" content=\"de_DE\" \/>\n<meta property=\"og:type\" content=\"article\" \/>\n<meta property=\"og:title\" content=\"ProstaPollen Triple Strength \u2013 Life Extension | ecosupplements.ch\" \/>\n<meta property=\"og:description\" content=\"Dreifach konzentrierter Graminex Bl\u00fctenpollenextrakt f\u00fcr die m\u00e4nnliche Gesundheit \u2013 30 Softgels, glutenfrei. Jetzt bestellen.\" \/>\n<meta property=\"og:url\" content=\"https:\/\/ecosupplements.ch\/?product=prostapollen-triple-strength-30-softgels\" \/>\n<meta property=\"og:site_name\" content=\"Eco Supplements\" \/>\n<meta property=\"article:modified_time\" content=\"2026-05-13T07:22:36+00:00\" \/>\n<meta property=\"og:image\" content=\"https:\/\/ecosupplements.ch\/wp-content\/uploads\/2026\/05\/ProstaPollen-Triple-Strength-30-softgels.webp\" \/>\n\t<meta property=\"og:image:width\" content=\"1000\" \/>\n\t<meta property=\"og:image:height\" content=\"1000\" \/>\n\t<meta property=\"og:image:type\" content=\"image\/jpeg\" \/>\n<meta name=\"twitter:card\" content=\"summary_large_image\" \/>\n<meta name=\"twitter:label1\" content=\"Price\" \/>\n\t<meta name=\"twitter:data1\" content=\"&#067;&#072;&#070;&nbsp;29.10\" \/>\n\t<meta name=\"twitter:label2\" content=\"Availability\" \/>\n\t<meta name=\"twitter:data2\" content=\"Out of stock\" \/>\n<script type=\"application\/ld+json\" class=\"yoast-schema-graph\">{\"@context\":\"https:\\\/\\\/schema.org\",\"@graph\":[{\"@type\":\"WebPage\",\"@id\":\"https:\\\/\\\/ecosupplements.ch\\\/?product=prostapollen-triple-strength-30-softgels\",\"url\":\"https:\\\/\\\/ecosupplements.ch\\\/?product=prostapollen-triple-strength-30-softgels\",\"name\":\"ProstaPollen Triple Strength \u2013 Life Extension | ecosupplements.ch\",\"isPartOf\":{\"@id\":\"https:\\\/\\\/ecosupplements.ch\\\/#website\"},\"primaryImageOfPage\":{\"@id\":\"https:\\\/\\\/ecosupplements.ch\\\/?product=prostapollen-triple-strength-30-softgels#primaryimage\"},\"image\":{\"@id\":\"https:\\\/\\\/ecosupplements.ch\\\/?product=prostapollen-triple-strength-30-softgels#primaryimage\"},\"thumbnailUrl\":\"https:\\\/\\\/ecosupplements.ch\\\/wp-content\\\/uploads\\\/2026\\\/05\\\/ProstaPollen-Triple-Strength-30-softgels.webp\",\"datePublished\":\"2026-05-11T14:44:47+00:00\",\"dateModified\":\"2026-05-13T07:22:36+00:00\",\"description\":\"Dreifach konzentrierter Graminex Bl\u00fctenpollenextrakt f\u00fcr die m\u00e4nnliche Gesundheit \u2013 30 Softgels, glutenfrei. Jetzt bestellen.\",\"breadcrumb\":{\"@id\":\"https:\\\/\\\/ecosupplements.ch\\\/?product=prostapollen-triple-strength-30-softgels#breadcrumb\"},\"inLanguage\":\"de-CH\",\"potentialAction\":[{\"@type\":\"ReadAction\",\"target\":[\"https:\\\/\\\/ecosupplements.ch\\\/?product=prostapollen-triple-strength-30-softgels\"]}]},{\"@type\":\"ImageObject\",\"inLanguage\":\"de-CH\",\"@id\":\"https:\\\/\\\/ecosupplements.ch\\\/?product=prostapollen-triple-strength-30-softgels#primaryimage\",\"url\":\"https:\\\/\\\/ecosupplements.ch\\\/wp-content\\\/uploads\\\/2026\\\/05\\\/ProstaPollen-Triple-Strength-30-softgels.webp\",\"contentUrl\":\"https:\\\/\\\/ecosupplements.ch\\\/wp-content\\\/uploads\\\/2026\\\/05\\\/ProstaPollen-Triple-Strength-30-softgels.webp\",\"width\":1000,\"height\":1000,\"caption\":\"ProstaPollen Triple Strength - 30 softgels\"},{\"@type\":\"BreadcrumbList\",\"@id\":\"https:\\\/\\\/ecosupplements.ch\\\/?product=prostapollen-triple-strength-30-softgels#breadcrumb\",\"itemListElement\":[{\"@type\":\"ListItem\",\"position\":1,\"name\":\"Home\",\"item\":\"https:\\\/\\\/ecosupplements.ch\\\/\"},{\"@type\":\"ListItem\",\"position\":2,\"name\":\"Shop\",\"item\":\"https:\\\/\\\/ecosupplements.ch\\\/?page_id=14\"},{\"@type\":\"ListItem\",\"position\":3,\"name\":\"ProstaPollen Triple Strength &#8211; 30 softgels\"}]},{\"@type\":\"WebSite\",\"@id\":\"https:\\\/\\\/ecosupplements.ch\\\/#website\",\"url\":\"https:\\\/\\\/ecosupplements.ch\\\/\",\"name\":\"Eco Supplements\",\"description\":\"\",\"potentialAction\":[{\"@type\":\"SearchAction\",\"target\":{\"@type\":\"EntryPoint\",\"urlTemplate\":\"https:\\\/\\\/ecosupplements.ch\\\/?s={search_term_string}\"},\"query-input\":{\"@type\":\"PropertyValueSpecification\",\"valueRequired\":true,\"valueName\":\"search_term_string\"}}],\"inLanguage\":\"de-CH\"}]}<\/script>\n<meta property=\"product:price:amount\" content=\"29.10\" \/>\n<meta property=\"product:price:currency\" content=\"CHF\" \/>\n<meta property=\"og:availability\" content=\"out of stock\" \/>\n<meta property=\"product:availability\" content=\"out of stock\" \/>\n<meta property=\"product:retailer_item_id\" content=\"737870190936\" \/>\n<meta property=\"product:condition\" content=\"new\" \/>\n<!-- \/ Yoast SEO plugin. -->","yoast_head_json":{"title":"ProstaPollen Triple Strength \u2013 Life Extension | ecosupplements.ch","description":"Dreifach konzentrierter Graminex Bl\u00fctenpollenextrakt f\u00fcr die m\u00e4nnliche Gesundheit \u2013 30 Softgels, glutenfrei. Jetzt bestellen.","robots":{"index":"index","follow":"follow","max-snippet":"max-snippet:-1","max-image-preview":"max-image-preview:large","max-video-preview":"max-video-preview:-1"},"canonical":"https:\/\/ecosupplements.ch\/?product=prostapollen-triple-strength-30-softgels","og_locale":"de_DE","og_type":"article","og_title":"ProstaPollen Triple Strength \u2013 Life Extension | ecosupplements.ch","og_description":"Dreifach konzentrierter Graminex Bl\u00fctenpollenextrakt f\u00fcr die m\u00e4nnliche Gesundheit \u2013 30 Softgels, glutenfrei. Jetzt bestellen.","og_url":"https:\/\/ecosupplements.ch\/?product=prostapollen-triple-strength-30-softgels","og_site_name":"Eco Supplements","article_modified_time":"2026-05-13T07:22:36+00:00","og_image":[{"width":1000,"height":1000,"url":"https:\/\/ecosupplements.ch\/wp-content\/uploads\/2026\/05\/ProstaPollen-Triple-Strength-30-softgels.webp","type":"image\/jpeg"}],"twitter_card":"summary_large_image","twitter_misc":{"Price":"&#67;&#72;&#70;&nbsp;29.10","Availability":"Out of stock"},"schema":{"@context":"https:\/\/schema.org","@graph":[{"@type":"WebPage","@id":"https:\/\/ecosupplements.ch\/?product=prostapollen-triple-strength-30-softgels","url":"https:\/\/ecosupplements.ch\/?product=prostapollen-triple-strength-30-softgels","name":"ProstaPollen Triple Strength \u2013 Life Extension | ecosupplements.ch","isPartOf":{"@id":"https:\/\/ecosupplements.ch\/#website"},"primaryImageOfPage":{"@id":"https:\/\/ecosupplements.ch\/?product=prostapollen-triple-strength-30-softgels#primaryimage"},"image":{"@id":"https:\/\/ecosupplements.ch\/?product=prostapollen-triple-strength-30-softgels#primaryimage"},"thumbnailUrl":"https:\/\/ecosupplements.ch\/wp-content\/uploads\/2026\/05\/ProstaPollen-Triple-Strength-30-softgels.webp","datePublished":"2026-05-11T14:44:47+00:00","dateModified":"2026-05-13T07:22:36+00:00","description":"Dreifach konzentrierter Graminex Bl\u00fctenpollenextrakt f\u00fcr die m\u00e4nnliche Gesundheit \u2013 30 Softgels, glutenfrei. Jetzt bestellen.","breadcrumb":{"@id":"https:\/\/ecosupplements.ch\/?product=prostapollen-triple-strength-30-softgels#breadcrumb"},"inLanguage":"de-CH","potentialAction":[{"@type":"ReadAction","target":["https:\/\/ecosupplements.ch\/?product=prostapollen-triple-strength-30-softgels"]}]},{"@type":"ImageObject","inLanguage":"de-CH","@id":"https:\/\/ecosupplements.ch\/?product=prostapollen-triple-strength-30-softgels#primaryimage","url":"https:\/\/ecosupplements.ch\/wp-content\/uploads\/2026\/05\/ProstaPollen-Triple-Strength-30-softgels.webp","contentUrl":"https:\/\/ecosupplements.ch\/wp-content\/uploads\/2026\/05\/ProstaPollen-Triple-Strength-30-softgels.webp","width":1000,"height":1000,"caption":"ProstaPollen Triple Strength - 30 softgels"},{"@type":"BreadcrumbList","@id":"https:\/\/ecosupplements.ch\/?product=prostapollen-triple-strength-30-softgels#breadcrumb","itemListElement":[{"@type":"ListItem","position":1,"name":"Home","item":"https:\/\/ecosupplements.ch\/"},{"@type":"ListItem","position":2,"name":"Shop","item":"https:\/\/ecosupplements.ch\/?page_id=14"},{"@type":"ListItem","position":3,"name":"ProstaPollen Triple Strength &#8211; 30 softgels"}]},{"@type":"WebSite","@id":"https:\/\/ecosupplements.ch\/#website","url":"https:\/\/ecosupplements.ch\/","name":"Eco Supplements","description":"","potentialAction":[{"@type":"SearchAction","target":{"@type":"EntryPoint","urlTemplate":"https:\/\/ecosupplements.ch\/?s={search_term_string}"},"query-input":{"@type":"PropertyValueSpecification","valueRequired":true,"valueName":"search_term_string"}}],"inLanguage":"de-CH"}]},"product_price_amount":"29.10","product_price_currency":"CHF","og_availability":"out of stock","product_availability":"out of stock","product_retailer_item_id":"737870190936","product_condition":"new"},"_links":{"self":[{"href":"https:\/\/ecosupplements.ch\/index.php?rest_route=\/wp\/v2\/product\/3344","targetHints":{"allow":["GET"]}}],"collection":[{"href":"https:\/\/ecosupplements.ch\/index.php?rest_route=\/wp\/v2\/product"}],"about":[{"href":"https:\/\/ecosupplements.ch\/index.php?rest_route=\/wp\/v2\/types\/product"}],"replies":[{"embeddable":true,"href":"https:\/\/ecosupplements.ch\/index.php?rest_route=%2Fwp%2Fv2%2Fcomments&post=3344"}],"wp:featuredmedia":[{"embeddable":true,"href":"https:\/\/ecosupplements.ch\/index.php?rest_route=\/wp\/v2\/media\/3345"}],"wp:attachment":[{"href":"https:\/\/ecosupplements.ch\/index.php?rest_route=%2Fwp%2Fv2%2Fmedia&parent=3344"}],"wp:term":[{"taxonomy":"product_brand","embeddable":true,"href":"https:\/\/ecosupplements.ch\/index.php?rest_route=%2Fwp%2Fv2%2Fproduct_brand&post=3344"},{"taxonomy":"product_cat","embeddable":true,"href":"https:\/\/ecosupplements.ch\/index.php?rest_route=%2Fwp%2Fv2%2Fproduct_cat&post=3344"},{"taxonomy":"product_tag","embeddable":true,"href":"https:\/\/ecosupplements.ch\/index.php?rest_route=%2Fwp%2Fv2%2Fproduct_tag&post=3344"}],"curies":[{"name":"wp","href":"https:\/\/api.w.org\/{rel}","templated":true}]}}