{"id":3347,"date":"2026-05-11T14:44:49","date_gmt":"2026-05-11T14:44:49","guid":{"rendered":"https:\/\/ecosupplements.ch\/?product=pumpkin-seed-extract-water-soluble-60-vcaps"},"modified":"2026-05-13T07:22:45","modified_gmt":"2026-05-13T07:22:45","slug":"pumpkin-seed-extract-water-soluble-60-vcaps","status":"publish","type":"product","link":"https:\/\/ecosupplements.ch\/?product=pumpkin-seed-extract-water-soluble-60-vcaps","title":{"rendered":"Pumpkin Seed Extract, Water-Soluble &#8211; 60 vcaps"},"content":{"rendered":"<div class=\"chcg-product-description\">\n<h2 class=\"chcg-heading\">\u00dcber Life Extension \u2013 Pumpkin Seed Extract, Wasserl\u00f6slich \u2013 60 vcaps<\/h2>\n<div class=\"chcg-intro\">\n<p>Der wasserl\u00f6sliche K\u00fcrbiskernextrakt von Life Extension ist ein hochwertiges Pflanzenextrakt, das speziell f\u00fcr eine optimale Bioverf\u00fcgbarkeit entwickelt wurde. Dank der wasserl\u00f6slichen Formulierung kann der Wirkstoff vom K\u00f6rper besonders gut aufgenommen werden, was ihn gegen\u00fcber herk\u00f6mmlichen K\u00fcrbiskernprodukten auszeichnet.<\/p>\n<p>K\u00fcrbiskernextrakt wird seit Langem f\u00fcr seine ern\u00e4hrungsphysiologischen Eigenschaften gesch\u00e4tzt. Life Extension setzt auf eine sorgf\u00e4ltig standardisierte Extraktionsform, um eine gleichbleibend hohe Qualit\u00e4t in jeder Kapsel zu gew\u00e4hrleisten. Das Produkt eignet sich sowohl f\u00fcr M\u00e4nner als auch f\u00fcr Frauen, die ihren Alltag mit einem nat\u00fcrlichen Pflanzenextrakt erg\u00e4nzen m\u00f6chten.<\/p>\n<p>Jede vegetarische Kapsel enth\u00e4lt 262 mg wasserl\u00f6slichen K\u00fcrbiskernextrakt. Die praktische Kapselform macht die t\u00e4gliche Einnahme einfach und unkompliziert \u2013 mit oder ohne Mahlzeit.<\/p>\n<\/p><\/div>\n<div class=\"chcg-nutrition\">\n<h3>N\u00e4hrwertangaben<\/h3>\n<table class=\"chcg-nutrition-table\">\n<thead>\n<tr>\n<th>N\u00e4hrstoff<\/th>\n<th>Pro Portion<\/th>\n<\/tr>\n<\/thead>\n<tbody>\n<tr>\n<td>Wasserl\u00f6slicher K\u00fcrbisextrakt (Samen)<\/td>\n<td>262 mg*<\/td>\n<\/tr>\n<\/tbody>\n<\/table>\n<p class=\"chcg-footnote\">* Kein festgelegter t\u00e4glicher Referenzwert vorhanden.<\/p>\n<\/p><\/div>\n<div class=\"chcg-ingredients\">\n<h3>Zutaten<\/h3>\n<p>Wasserl\u00f6slicher K\u00fcrbisextrakt (Samen) 262 mg. Weitere Zutaten: Mikrokristalline Cellulose, pflanzliche Cellulose (Kapsel), Stearins\u00e4ure, pflanzliches Stearat, Siliziumdioxid.<\/p>\n<p class=\"chcg-capsule-shell\">Kapselh\u00fclle: Pflanzliche Cellulose<\/p>\n<\/p><\/div>\n<div class=\"chcg-dosage\">\n<h3>Verzehrempfehlung<\/h3>\n<p>In den ersten zwei Wochen t\u00e4glich drei (3) Kapseln einnehmen (je eine Kapsel dreimal t\u00e4glich). Nach zwei Wochen die Einnahme auf zwei (2) Kapseln t\u00e4glich reduzieren oder gem\u00e4ss Empfehlung eines Arztes oder einer \u00c4rztin. Dieses Produkt kann mit oder ohne Mahlzeit eingenommen werden.<\/p>\n<\/p><\/div>\n<div class=\"chcg-warnings\">\n<h3>Warnhinweise<\/h3>\n<p>Ausserhalb der Reichweite von Kindern aufbewahren. Die empfohlene Tagesdosis nicht \u00fcberschreiten. Nicht kaufen, wenn das \u00e4ussere Siegel gebrochen oder besch\u00e4digt ist. Bei der Einnahme von Nahrungserg\u00e4nzungsmitteln wird empfohlen, einen Arzt oder eine \u00c4rztin zu konsultieren, wenn Sie sich in medizinischer Behandlung befinden, schwanger sind oder stillen.<\/p>\n<\/p><\/div>\n<div class=\"chcg-allergens\">\n<h3>Allergeninformationen<\/h3>\n<p>Enth\u00e4lt keine Milch, Eier, Fisch, Erdn\u00fcsse, Krustentiere, Sojabohnen, Schalenfr\u00fcchte, Weizen, Hefe oder Gluten. Enth\u00e4lt kein Soja.<\/p>\n<\/p><\/div>\n<div class=\"chcg-storage\">\n<h3>Lagerung<\/h3>\n<p>Fest verschlossen an einem k\u00fchlen, trockenen Ort aufbewahren.<\/p>\n<\/p><\/div>\n<div class=\"chcg-dietary\">\n<h3>Ern\u00e4hrungshinweise<\/h3>\n<ul>\n<li>Vegetarisch<\/li>\n<li>Glutenfrei<\/li>\n<li>Laktosefrei<\/li>\n<\/ul><\/div>\n<\/div>\n","protected":false},"excerpt":{"rendered":"<p>Wasserl\u00f6slicher K\u00fcrbiskernextrakt von Life Extension f\u00fcr eine optimale Aufnahme \u2013 262 mg pro Kapsel. 60 vegetarische Kapseln pro Packung. Glutenfrei und vegetarisch.<\/p>\n","protected":false},"featured_media":3348,"comment_status":"closed","ping_status":"open","template":"","meta":[],"product_brand":[202],"product_cat":[48,25,106,21],"product_tag":[],"class_list":{"0":"post-3347","1":"product","2":"type-product","3":"status-publish","4":"has-post-thumbnail","6":"product_brand-life-extension","7":"product_cat-gesunde-ernaehrung","8":"product_cat-gesundheit-und-wohlbefinden","9":"product_cat-harnwegsgesundheit","10":"product_cat-vitamine-und-mineralstoffe","12":"first","13":"outofstock","14":"taxable","15":"shipping-taxable","16":"purchasable","17":"product-type-simple"},"yoast_head":"<!-- This site is optimized with the Yoast SEO plugin v27.5 - https:\/\/yoast.com\/product\/yoast-seo-wordpress\/ -->\n<title>Pumpkin Seed Extract Wasserl\u00f6slich \u2013 Life Extension | ecosupplements.ch<\/title>\n<meta name=\"description\" content=\"Wasserl\u00f6slicher K\u00fcrbiskernextrakt, 262 mg pro Kapsel, 60 vegetarische Kapseln \u2013 glutenfrei und einfach einzunehmen. Jetzt bestellen.\" \/>\n<meta name=\"robots\" content=\"index, follow, max-snippet:-1, max-image-preview:large, max-video-preview:-1\" \/>\n<link rel=\"canonical\" href=\"https:\/\/ecosupplements.ch\/?product=pumpkin-seed-extract-water-soluble-60-vcaps\" \/>\n<meta property=\"og:locale\" content=\"de_DE\" \/>\n<meta property=\"og:type\" content=\"article\" \/>\n<meta property=\"og:title\" content=\"Pumpkin Seed Extract Wasserl\u00f6slich \u2013 Life Extension | ecosupplements.ch\" \/>\n<meta property=\"og:description\" content=\"Wasserl\u00f6slicher K\u00fcrbiskernextrakt, 262 mg pro Kapsel, 60 vegetarische Kapseln \u2013 glutenfrei und einfach einzunehmen. Jetzt bestellen.\" \/>\n<meta property=\"og:url\" content=\"https:\/\/ecosupplements.ch\/?product=pumpkin-seed-extract-water-soluble-60-vcaps\" \/>\n<meta property=\"og:site_name\" content=\"Eco Supplements\" \/>\n<meta property=\"article:modified_time\" content=\"2026-05-13T07:22:45+00:00\" \/>\n<meta property=\"og:image\" content=\"https:\/\/ecosupplements.ch\/wp-content\/uploads\/2026\/05\/Pumpkin-Seed-Extract-Water-Soluble-60-vcaps.webp\" \/>\n\t<meta property=\"og:image:width\" content=\"1000\" \/>\n\t<meta property=\"og:image:height\" content=\"1000\" \/>\n\t<meta property=\"og:image:type\" content=\"image\/jpeg\" \/>\n<meta name=\"twitter:card\" content=\"summary_large_image\" \/>\n<meta name=\"twitter:label1\" content=\"Price\" \/>\n\t<meta name=\"twitter:data1\" content=\"&#067;&#072;&#070;&nbsp;23.79\" \/>\n\t<meta name=\"twitter:label2\" content=\"Availability\" \/>\n\t<meta name=\"twitter:data2\" content=\"Out of stock\" \/>\n<script type=\"application\/ld+json\" class=\"yoast-schema-graph\">{\"@context\":\"https:\\\/\\\/schema.org\",\"@graph\":[{\"@type\":\"WebPage\",\"@id\":\"https:\\\/\\\/ecosupplements.ch\\\/?product=pumpkin-seed-extract-water-soluble-60-vcaps\",\"url\":\"https:\\\/\\\/ecosupplements.ch\\\/?product=pumpkin-seed-extract-water-soluble-60-vcaps\",\"name\":\"Pumpkin Seed Extract Wasserl\u00f6slich \u2013 Life Extension | ecosupplements.ch\",\"isPartOf\":{\"@id\":\"https:\\\/\\\/ecosupplements.ch\\\/#website\"},\"primaryImageOfPage\":{\"@id\":\"https:\\\/\\\/ecosupplements.ch\\\/?product=pumpkin-seed-extract-water-soluble-60-vcaps#primaryimage\"},\"image\":{\"@id\":\"https:\\\/\\\/ecosupplements.ch\\\/?product=pumpkin-seed-extract-water-soluble-60-vcaps#primaryimage\"},\"thumbnailUrl\":\"https:\\\/\\\/ecosupplements.ch\\\/wp-content\\\/uploads\\\/2026\\\/05\\\/Pumpkin-Seed-Extract-Water-Soluble-60-vcaps.webp\",\"datePublished\":\"2026-05-11T14:44:49+00:00\",\"dateModified\":\"2026-05-13T07:22:45+00:00\",\"description\":\"Wasserl\u00f6slicher K\u00fcrbiskernextrakt, 262 mg pro Kapsel, 60 vegetarische Kapseln \u2013 glutenfrei und einfach einzunehmen. Jetzt bestellen.\",\"breadcrumb\":{\"@id\":\"https:\\\/\\\/ecosupplements.ch\\\/?product=pumpkin-seed-extract-water-soluble-60-vcaps#breadcrumb\"},\"inLanguage\":\"de-CH\",\"potentialAction\":[{\"@type\":\"ReadAction\",\"target\":[\"https:\\\/\\\/ecosupplements.ch\\\/?product=pumpkin-seed-extract-water-soluble-60-vcaps\"]}]},{\"@type\":\"ImageObject\",\"inLanguage\":\"de-CH\",\"@id\":\"https:\\\/\\\/ecosupplements.ch\\\/?product=pumpkin-seed-extract-water-soluble-60-vcaps#primaryimage\",\"url\":\"https:\\\/\\\/ecosupplements.ch\\\/wp-content\\\/uploads\\\/2026\\\/05\\\/Pumpkin-Seed-Extract-Water-Soluble-60-vcaps.webp\",\"contentUrl\":\"https:\\\/\\\/ecosupplements.ch\\\/wp-content\\\/uploads\\\/2026\\\/05\\\/Pumpkin-Seed-Extract-Water-Soluble-60-vcaps.webp\",\"width\":1000,\"height\":1000,\"caption\":\"Pumpkin Seed Extract\"},{\"@type\":\"BreadcrumbList\",\"@id\":\"https:\\\/\\\/ecosupplements.ch\\\/?product=pumpkin-seed-extract-water-soluble-60-vcaps#breadcrumb\",\"itemListElement\":[{\"@type\":\"ListItem\",\"position\":1,\"name\":\"Home\",\"item\":\"https:\\\/\\\/ecosupplements.ch\\\/\"},{\"@type\":\"ListItem\",\"position\":2,\"name\":\"Shop\",\"item\":\"https:\\\/\\\/ecosupplements.ch\\\/?page_id=14\"},{\"@type\":\"ListItem\",\"position\":3,\"name\":\"Pumpkin Seed Extract, Water-Soluble &#8211; 60 vcaps\"}]},{\"@type\":\"WebSite\",\"@id\":\"https:\\\/\\\/ecosupplements.ch\\\/#website\",\"url\":\"https:\\\/\\\/ecosupplements.ch\\\/\",\"name\":\"Eco Supplements\",\"description\":\"\",\"potentialAction\":[{\"@type\":\"SearchAction\",\"target\":{\"@type\":\"EntryPoint\",\"urlTemplate\":\"https:\\\/\\\/ecosupplements.ch\\\/?s={search_term_string}\"},\"query-input\":{\"@type\":\"PropertyValueSpecification\",\"valueRequired\":true,\"valueName\":\"search_term_string\"}}],\"inLanguage\":\"de-CH\"}]}<\/script>\n<meta property=\"product:price:amount\" content=\"23.79\" \/>\n<meta property=\"product:price:currency\" content=\"CHF\" \/>\n<meta property=\"og:availability\" content=\"out of stock\" \/>\n<meta property=\"product:availability\" content=\"out of stock\" \/>\n<meta property=\"product:retailer_item_id\" content=\"737870120964\" \/>\n<meta property=\"product:condition\" content=\"new\" \/>\n<!-- \/ Yoast SEO plugin. -->","yoast_head_json":{"title":"Pumpkin Seed Extract Wasserl\u00f6slich \u2013 Life Extension | ecosupplements.ch","description":"Wasserl\u00f6slicher K\u00fcrbiskernextrakt, 262 mg pro Kapsel, 60 vegetarische Kapseln \u2013 glutenfrei und einfach einzunehmen. Jetzt bestellen.","robots":{"index":"index","follow":"follow","max-snippet":"max-snippet:-1","max-image-preview":"max-image-preview:large","max-video-preview":"max-video-preview:-1"},"canonical":"https:\/\/ecosupplements.ch\/?product=pumpkin-seed-extract-water-soluble-60-vcaps","og_locale":"de_DE","og_type":"article","og_title":"Pumpkin Seed Extract Wasserl\u00f6slich \u2013 Life Extension | ecosupplements.ch","og_description":"Wasserl\u00f6slicher K\u00fcrbiskernextrakt, 262 mg pro Kapsel, 60 vegetarische Kapseln \u2013 glutenfrei und einfach einzunehmen. Jetzt bestellen.","og_url":"https:\/\/ecosupplements.ch\/?product=pumpkin-seed-extract-water-soluble-60-vcaps","og_site_name":"Eco Supplements","article_modified_time":"2026-05-13T07:22:45+00:00","og_image":[{"width":1000,"height":1000,"url":"https:\/\/ecosupplements.ch\/wp-content\/uploads\/2026\/05\/Pumpkin-Seed-Extract-Water-Soluble-60-vcaps.webp","type":"image\/jpeg"}],"twitter_card":"summary_large_image","twitter_misc":{"Price":"&#67;&#72;&#70;&nbsp;23.79","Availability":"Out of stock"},"schema":{"@context":"https:\/\/schema.org","@graph":[{"@type":"WebPage","@id":"https:\/\/ecosupplements.ch\/?product=pumpkin-seed-extract-water-soluble-60-vcaps","url":"https:\/\/ecosupplements.ch\/?product=pumpkin-seed-extract-water-soluble-60-vcaps","name":"Pumpkin Seed Extract Wasserl\u00f6slich \u2013 Life Extension | ecosupplements.ch","isPartOf":{"@id":"https:\/\/ecosupplements.ch\/#website"},"primaryImageOfPage":{"@id":"https:\/\/ecosupplements.ch\/?product=pumpkin-seed-extract-water-soluble-60-vcaps#primaryimage"},"image":{"@id":"https:\/\/ecosupplements.ch\/?product=pumpkin-seed-extract-water-soluble-60-vcaps#primaryimage"},"thumbnailUrl":"https:\/\/ecosupplements.ch\/wp-content\/uploads\/2026\/05\/Pumpkin-Seed-Extract-Water-Soluble-60-vcaps.webp","datePublished":"2026-05-11T14:44:49+00:00","dateModified":"2026-05-13T07:22:45+00:00","description":"Wasserl\u00f6slicher K\u00fcrbiskernextrakt, 262 mg pro Kapsel, 60 vegetarische Kapseln \u2013 glutenfrei und einfach einzunehmen. Jetzt bestellen.","breadcrumb":{"@id":"https:\/\/ecosupplements.ch\/?product=pumpkin-seed-extract-water-soluble-60-vcaps#breadcrumb"},"inLanguage":"de-CH","potentialAction":[{"@type":"ReadAction","target":["https:\/\/ecosupplements.ch\/?product=pumpkin-seed-extract-water-soluble-60-vcaps"]}]},{"@type":"ImageObject","inLanguage":"de-CH","@id":"https:\/\/ecosupplements.ch\/?product=pumpkin-seed-extract-water-soluble-60-vcaps#primaryimage","url":"https:\/\/ecosupplements.ch\/wp-content\/uploads\/2026\/05\/Pumpkin-Seed-Extract-Water-Soluble-60-vcaps.webp","contentUrl":"https:\/\/ecosupplements.ch\/wp-content\/uploads\/2026\/05\/Pumpkin-Seed-Extract-Water-Soluble-60-vcaps.webp","width":1000,"height":1000,"caption":"Pumpkin Seed Extract"},{"@type":"BreadcrumbList","@id":"https:\/\/ecosupplements.ch\/?product=pumpkin-seed-extract-water-soluble-60-vcaps#breadcrumb","itemListElement":[{"@type":"ListItem","position":1,"name":"Home","item":"https:\/\/ecosupplements.ch\/"},{"@type":"ListItem","position":2,"name":"Shop","item":"https:\/\/ecosupplements.ch\/?page_id=14"},{"@type":"ListItem","position":3,"name":"Pumpkin Seed Extract, Water-Soluble &#8211; 60 vcaps"}]},{"@type":"WebSite","@id":"https:\/\/ecosupplements.ch\/#website","url":"https:\/\/ecosupplements.ch\/","name":"Eco Supplements","description":"","potentialAction":[{"@type":"SearchAction","target":{"@type":"EntryPoint","urlTemplate":"https:\/\/ecosupplements.ch\/?s={search_term_string}"},"query-input":{"@type":"PropertyValueSpecification","valueRequired":true,"valueName":"search_term_string"}}],"inLanguage":"de-CH"}]},"product_price_amount":"23.79","product_price_currency":"CHF","og_availability":"out of stock","product_availability":"out of stock","product_retailer_item_id":"737870120964","product_condition":"new"},"_links":{"self":[{"href":"https:\/\/ecosupplements.ch\/index.php?rest_route=\/wp\/v2\/product\/3347","targetHints":{"allow":["GET"]}}],"collection":[{"href":"https:\/\/ecosupplements.ch\/index.php?rest_route=\/wp\/v2\/product"}],"about":[{"href":"https:\/\/ecosupplements.ch\/index.php?rest_route=\/wp\/v2\/types\/product"}],"replies":[{"embeddable":true,"href":"https:\/\/ecosupplements.ch\/index.php?rest_route=%2Fwp%2Fv2%2Fcomments&post=3347"}],"wp:featuredmedia":[{"embeddable":true,"href":"https:\/\/ecosupplements.ch\/index.php?rest_route=\/wp\/v2\/media\/3348"}],"wp:attachment":[{"href":"https:\/\/ecosupplements.ch\/index.php?rest_route=%2Fwp%2Fv2%2Fmedia&parent=3347"}],"wp:term":[{"taxonomy":"product_brand","embeddable":true,"href":"https:\/\/ecosupplements.ch\/index.php?rest_route=%2Fwp%2Fv2%2Fproduct_brand&post=3347"},{"taxonomy":"product_cat","embeddable":true,"href":"https:\/\/ecosupplements.ch\/index.php?rest_route=%2Fwp%2Fv2%2Fproduct_cat&post=3347"},{"taxonomy":"product_tag","embeddable":true,"href":"https:\/\/ecosupplements.ch\/index.php?rest_route=%2Fwp%2Fv2%2Fproduct_tag&post=3347"}],"curies":[{"name":"wp","href":"https:\/\/api.w.org\/{rel}","templated":true}]}}