{"id":3362,"date":"2026-05-11T14:44:57","date_gmt":"2026-05-11T14:44:57","guid":{"rendered":"https:\/\/ecosupplements.ch\/?product=sea-iodine-1000mcg-60-vcaps"},"modified":"2026-05-13T07:22:45","modified_gmt":"2026-05-13T07:22:45","slug":"sea-iodine-1000mcg-60-vcaps","status":"publish","type":"product","link":"https:\/\/ecosupplements.ch\/?product=sea-iodine-1000mcg-60-vcaps","title":{"rendered":"Sea Iodine, 1000mcg &#8211; 60 vcaps"},"content":{"rendered":"<div class=\"chcg-product-description\">\n<h2 class=\"chcg-heading\">\u00dcber Life Extension \u2013 Sea Iodine, 1000mcg \u2013 60 Vcaps<\/h2>\n<div class=\"chcg-intro\">\n<p>Jod ist ein essenzielles Spurenelement, das der K\u00f6rper nicht selbst herstellen kann und das daher \u00fcber die Nahrung oder gezielte Supplementierung zugef\u00fchrt werden muss. Es tr\u00e4gt zur normalen Schilddr\u00fcsenfunktion sowie zur normalen Produktion von Schilddr\u00fcsenhormonen bei \u2013 beides zentrale Voraussetzungen f\u00fcr einen geregelten Stoffwechsel und das allgemeine Wohlbefinden.<\/p>\n<p>Life Extension Sea Iodine kombiniert nat\u00fcrliche Meeresalgenextrakte \u2013 biologischen Kelp und Blasentang (Bladderwrack) \u2013 mit Kaliumiodid zu einem hochwertigen Sea-Iodine-Komplex. Diese Kombination liefert pro Kapsel 1000 mcg Jod, was 667 % des N\u00e4hrstoffreferenzwertes (NRV) entspricht. Die Formel ist in pflanzlichen Kapseln abgef\u00fcllt und damit f\u00fcr Vegetarier geeignet.<\/p>\n<p>Mit 60 Kapseln pro Packung deckt dieses Produkt einen Bedarf von zwei Monaten bei t\u00e4glicher Einnahme von einer Kapsel. Life Extension steht f\u00fcr h\u00f6chste Qualit\u00e4tsstandards und wissenschaftlich fundierte Nahrungserg\u00e4nzungsmittel \u2013 entwickelt, um eine gesundheitsbewusste Lebensweise optimal zu unterst\u00fctzen.<\/p>\n<\/p><\/div>\n<div class=\"chcg-nutrition\">\n<h3>N\u00e4hrwertangaben<\/h3>\n<table class=\"chcg-nutrition-table\">\n<thead>\n<tr>\n<th>N\u00e4hrstoff<\/th>\n<th>Pro Portion (1 Kapsel)<\/th>\n<\/tr>\n<\/thead>\n<tbody>\n<tr>\n<td>Jod [aus Sea-Iodine Complex Blend (biologische Kelp- und Blasentang-Extrakte, Kaliumiodid)]<\/td>\n<td>1000 mcg (667 % NRW)<\/td>\n<\/tr>\n<\/tbody>\n<\/table><\/div>\n<div class=\"chcg-ingredients\">\n<h3>Zutaten<\/h3>\n<p>Jod [aus Sea-Iodine Complex Blend (biologische Kelp- und Blasentang-Extrakte, Kaliumiodid)] 1000 mcg. Weitere Zutaten: Mikrokristalline Cellulose, pflanzliche Cellulose (Kapsel), pflanzliches Stearat, Siliziumdioxid.<\/p>\n<p class=\"chcg-capsule-shell\">Kapselh\u00fclle: Pflanzliche Cellulose<\/p>\n<\/p><\/div>\n<div class=\"chcg-dosage\">\n<h3>Verzehrempfehlung<\/h3>\n<p>T\u00e4glich eine (1) Kapsel mit oder ohne Mahlzeit einnehmen oder gem\u00e4ss Empfehlung einer Fachperson des Gesundheitswesens.<\/p>\n<\/p><\/div>\n<div class=\"chcg-warnings\">\n<h3>Warnhinweise<\/h3>\n<p>Ausserhalb der Reichweite von Kindern aufbewahren. Die empfohlene Dosierung nicht \u00fcberschreiten. Nicht kaufen, wenn die \u00e4ussere Versiegelung besch\u00e4digt oder gebrochen ist. Bei der Einnahme von Nahrungserg\u00e4nzungsmitteln wird empfohlen, einen Arzt zu konsultieren, wenn eine medizinische Behandlung stattfindet oder wenn Schwangerschaft oder Stillzeit vorliegt. Bei einer Schilddr\u00fcsenerkrankung oder bei der Einnahme von schilddr\u00fcsenhemmenden Medikamenten nicht ohne R\u00fccksprache mit einer Fachperson des Gesundheitswesens verwenden.<\/p>\n<\/p><\/div>\n<div class=\"chcg-allergens\">\n<h3>Allergeninformationen<\/h3>\n<p>Auf dem Etikett sind keine Allergene ausgewiesen.<\/p>\n<\/p><\/div>\n<div class=\"chcg-storage\">\n<h3>Lagerung<\/h3>\n<p>Fest verschlossen an einem k\u00fchlen, trockenen Ort aufbewahren.<\/p>\n<\/p><\/div>\n<div class=\"chcg-dietary\">\n<h3>Ern\u00e4hrungshinweise<\/h3>\n<ul>\n<li>Vegetarisch<\/li>\n<li>Glutenfrei<\/li>\n<\/ul><\/div>\n<\/div>\n","protected":false},"excerpt":{"rendered":"<p>Sea Iodine von Life Extension liefert 1000 mcg Jod pro Kapsel aus nat\u00fcrlichen Meeresalgenextrakten und Kaliumiodid \u2013 zur Unterst\u00fctzung der normalen Schilddr\u00fcsenfunktion. 60 vegetarische Kapseln pro Packung.<\/p>\n","protected":false},"featured_media":3363,"comment_status":"closed","ping_status":"open","template":"","meta":[],"product_brand":[202],"product_cat":[23,48,171,21],"product_tag":[],"class_list":{"0":"post-3362","1":"product","2":"type-product","3":"status-publish","4":"has-post-thumbnail","6":"product_brand-life-extension","7":"product_cat-einige-mineralien","8":"product_cat-gesunde-ernaehrung","9":"product_cat-vitamine-und-mineralien","10":"product_cat-vitamine-und-mineralstoffe","12":"first","13":"outofstock","14":"taxable","15":"shipping-taxable","16":"purchasable","17":"product-type-simple"},"yoast_head":"<!-- This site is optimized with the Yoast SEO plugin v27.5 - https:\/\/yoast.com\/product\/yoast-seo-wordpress\/ -->\n<title>Sea Iodine 1000mcg \u2013 Life Extension | ecosupplements.ch<\/title>\n<meta name=\"description\" content=\"Sea Iodine von Life Extension \u2013 1000 mcg Jod pro vegetarischer Kapsel aus Kelp, Blasentang und Kaliumiodid. 60 Kapseln. Jetzt bestellen.\" \/>\n<meta name=\"robots\" content=\"index, follow, max-snippet:-1, max-image-preview:large, max-video-preview:-1\" \/>\n<link rel=\"canonical\" href=\"https:\/\/ecosupplements.ch\/?product=sea-iodine-1000mcg-60-vcaps\" \/>\n<meta property=\"og:locale\" content=\"de_DE\" \/>\n<meta property=\"og:type\" content=\"article\" \/>\n<meta property=\"og:title\" content=\"Sea Iodine 1000mcg \u2013 Life Extension | ecosupplements.ch\" \/>\n<meta property=\"og:description\" content=\"Sea Iodine von Life Extension \u2013 1000 mcg Jod pro vegetarischer Kapsel aus Kelp, Blasentang und Kaliumiodid. 60 Kapseln. Jetzt bestellen.\" \/>\n<meta property=\"og:url\" content=\"https:\/\/ecosupplements.ch\/?product=sea-iodine-1000mcg-60-vcaps\" \/>\n<meta property=\"og:site_name\" content=\"Eco Supplements\" \/>\n<meta property=\"article:modified_time\" content=\"2026-05-13T07:22:45+00:00\" \/>\n<meta property=\"og:image\" content=\"https:\/\/ecosupplements.ch\/wp-content\/uploads\/2026\/05\/Sea-Iodine-1000mcg-60-vcaps.webp\" \/>\n\t<meta property=\"og:image:width\" content=\"1000\" \/>\n\t<meta property=\"og:image:height\" content=\"1000\" \/>\n\t<meta property=\"og:image:type\" content=\"image\/jpeg\" \/>\n<meta name=\"twitter:card\" content=\"summary_large_image\" \/>\n<meta name=\"twitter:label1\" content=\"Price\" \/>\n\t<meta name=\"twitter:data1\" content=\"&#067;&#072;&#070;&nbsp;9.57\" \/>\n\t<meta name=\"twitter:label2\" content=\"Availability\" \/>\n\t<meta name=\"twitter:data2\" content=\"Out of stock\" \/>\n<script type=\"application\/ld+json\" class=\"yoast-schema-graph\">{\"@context\":\"https:\\\/\\\/schema.org\",\"@graph\":[{\"@type\":\"WebPage\",\"@id\":\"https:\\\/\\\/ecosupplements.ch\\\/?product=sea-iodine-1000mcg-60-vcaps\",\"url\":\"https:\\\/\\\/ecosupplements.ch\\\/?product=sea-iodine-1000mcg-60-vcaps\",\"name\":\"Sea Iodine 1000mcg \u2013 Life Extension | ecosupplements.ch\",\"isPartOf\":{\"@id\":\"https:\\\/\\\/ecosupplements.ch\\\/#website\"},\"primaryImageOfPage\":{\"@id\":\"https:\\\/\\\/ecosupplements.ch\\\/?product=sea-iodine-1000mcg-60-vcaps#primaryimage\"},\"image\":{\"@id\":\"https:\\\/\\\/ecosupplements.ch\\\/?product=sea-iodine-1000mcg-60-vcaps#primaryimage\"},\"thumbnailUrl\":\"https:\\\/\\\/ecosupplements.ch\\\/wp-content\\\/uploads\\\/2026\\\/05\\\/Sea-Iodine-1000mcg-60-vcaps.webp\",\"datePublished\":\"2026-05-11T14:44:57+00:00\",\"dateModified\":\"2026-05-13T07:22:45+00:00\",\"description\":\"Sea Iodine von Life Extension \u2013 1000 mcg Jod pro vegetarischer Kapsel aus Kelp, Blasentang und Kaliumiodid. 60 Kapseln. Jetzt bestellen.\",\"breadcrumb\":{\"@id\":\"https:\\\/\\\/ecosupplements.ch\\\/?product=sea-iodine-1000mcg-60-vcaps#breadcrumb\"},\"inLanguage\":\"de-CH\",\"potentialAction\":[{\"@type\":\"ReadAction\",\"target\":[\"https:\\\/\\\/ecosupplements.ch\\\/?product=sea-iodine-1000mcg-60-vcaps\"]}]},{\"@type\":\"ImageObject\",\"inLanguage\":\"de-CH\",\"@id\":\"https:\\\/\\\/ecosupplements.ch\\\/?product=sea-iodine-1000mcg-60-vcaps#primaryimage\",\"url\":\"https:\\\/\\\/ecosupplements.ch\\\/wp-content\\\/uploads\\\/2026\\\/05\\\/Sea-Iodine-1000mcg-60-vcaps.webp\",\"contentUrl\":\"https:\\\/\\\/ecosupplements.ch\\\/wp-content\\\/uploads\\\/2026\\\/05\\\/Sea-Iodine-1000mcg-60-vcaps.webp\",\"width\":1000,\"height\":1000,\"caption\":\"Sea Iodine\"},{\"@type\":\"BreadcrumbList\",\"@id\":\"https:\\\/\\\/ecosupplements.ch\\\/?product=sea-iodine-1000mcg-60-vcaps#breadcrumb\",\"itemListElement\":[{\"@type\":\"ListItem\",\"position\":1,\"name\":\"Home\",\"item\":\"https:\\\/\\\/ecosupplements.ch\\\/\"},{\"@type\":\"ListItem\",\"position\":2,\"name\":\"Shop\",\"item\":\"https:\\\/\\\/ecosupplements.ch\\\/?page_id=14\"},{\"@type\":\"ListItem\",\"position\":3,\"name\":\"Sea Iodine, 1000mcg &#8211; 60 vcaps\"}]},{\"@type\":\"WebSite\",\"@id\":\"https:\\\/\\\/ecosupplements.ch\\\/#website\",\"url\":\"https:\\\/\\\/ecosupplements.ch\\\/\",\"name\":\"Eco Supplements\",\"description\":\"\",\"potentialAction\":[{\"@type\":\"SearchAction\",\"target\":{\"@type\":\"EntryPoint\",\"urlTemplate\":\"https:\\\/\\\/ecosupplements.ch\\\/?s={search_term_string}\"},\"query-input\":{\"@type\":\"PropertyValueSpecification\",\"valueRequired\":true,\"valueName\":\"search_term_string\"}}],\"inLanguage\":\"de-CH\"}]}<\/script>\n<meta property=\"product:price:amount\" content=\"9.57\" \/>\n<meta property=\"product:price:currency\" content=\"CHF\" \/>\n<meta property=\"og:availability\" content=\"out of stock\" \/>\n<meta property=\"product:availability\" content=\"out of stock\" \/>\n<meta property=\"product:retailer_item_id\" content=\"737870174066\" \/>\n<meta property=\"product:condition\" content=\"new\" \/>\n<!-- \/ Yoast SEO plugin. -->","yoast_head_json":{"title":"Sea Iodine 1000mcg \u2013 Life Extension | ecosupplements.ch","description":"Sea Iodine von Life Extension \u2013 1000 mcg Jod pro vegetarischer Kapsel aus Kelp, Blasentang und Kaliumiodid. 60 Kapseln. Jetzt bestellen.","robots":{"index":"index","follow":"follow","max-snippet":"max-snippet:-1","max-image-preview":"max-image-preview:large","max-video-preview":"max-video-preview:-1"},"canonical":"https:\/\/ecosupplements.ch\/?product=sea-iodine-1000mcg-60-vcaps","og_locale":"de_DE","og_type":"article","og_title":"Sea Iodine 1000mcg \u2013 Life Extension | ecosupplements.ch","og_description":"Sea Iodine von Life Extension \u2013 1000 mcg Jod pro vegetarischer Kapsel aus Kelp, Blasentang und Kaliumiodid. 60 Kapseln. Jetzt bestellen.","og_url":"https:\/\/ecosupplements.ch\/?product=sea-iodine-1000mcg-60-vcaps","og_site_name":"Eco Supplements","article_modified_time":"2026-05-13T07:22:45+00:00","og_image":[{"width":1000,"height":1000,"url":"https:\/\/ecosupplements.ch\/wp-content\/uploads\/2026\/05\/Sea-Iodine-1000mcg-60-vcaps.webp","type":"image\/jpeg"}],"twitter_card":"summary_large_image","twitter_misc":{"Price":"&#67;&#72;&#70;&nbsp;9.57","Availability":"Out of stock"},"schema":{"@context":"https:\/\/schema.org","@graph":[{"@type":"WebPage","@id":"https:\/\/ecosupplements.ch\/?product=sea-iodine-1000mcg-60-vcaps","url":"https:\/\/ecosupplements.ch\/?product=sea-iodine-1000mcg-60-vcaps","name":"Sea Iodine 1000mcg \u2013 Life Extension | ecosupplements.ch","isPartOf":{"@id":"https:\/\/ecosupplements.ch\/#website"},"primaryImageOfPage":{"@id":"https:\/\/ecosupplements.ch\/?product=sea-iodine-1000mcg-60-vcaps#primaryimage"},"image":{"@id":"https:\/\/ecosupplements.ch\/?product=sea-iodine-1000mcg-60-vcaps#primaryimage"},"thumbnailUrl":"https:\/\/ecosupplements.ch\/wp-content\/uploads\/2026\/05\/Sea-Iodine-1000mcg-60-vcaps.webp","datePublished":"2026-05-11T14:44:57+00:00","dateModified":"2026-05-13T07:22:45+00:00","description":"Sea Iodine von Life Extension \u2013 1000 mcg Jod pro vegetarischer Kapsel aus Kelp, Blasentang und Kaliumiodid. 60 Kapseln. Jetzt bestellen.","breadcrumb":{"@id":"https:\/\/ecosupplements.ch\/?product=sea-iodine-1000mcg-60-vcaps#breadcrumb"},"inLanguage":"de-CH","potentialAction":[{"@type":"ReadAction","target":["https:\/\/ecosupplements.ch\/?product=sea-iodine-1000mcg-60-vcaps"]}]},{"@type":"ImageObject","inLanguage":"de-CH","@id":"https:\/\/ecosupplements.ch\/?product=sea-iodine-1000mcg-60-vcaps#primaryimage","url":"https:\/\/ecosupplements.ch\/wp-content\/uploads\/2026\/05\/Sea-Iodine-1000mcg-60-vcaps.webp","contentUrl":"https:\/\/ecosupplements.ch\/wp-content\/uploads\/2026\/05\/Sea-Iodine-1000mcg-60-vcaps.webp","width":1000,"height":1000,"caption":"Sea Iodine"},{"@type":"BreadcrumbList","@id":"https:\/\/ecosupplements.ch\/?product=sea-iodine-1000mcg-60-vcaps#breadcrumb","itemListElement":[{"@type":"ListItem","position":1,"name":"Home","item":"https:\/\/ecosupplements.ch\/"},{"@type":"ListItem","position":2,"name":"Shop","item":"https:\/\/ecosupplements.ch\/?page_id=14"},{"@type":"ListItem","position":3,"name":"Sea Iodine, 1000mcg &#8211; 60 vcaps"}]},{"@type":"WebSite","@id":"https:\/\/ecosupplements.ch\/#website","url":"https:\/\/ecosupplements.ch\/","name":"Eco Supplements","description":"","potentialAction":[{"@type":"SearchAction","target":{"@type":"EntryPoint","urlTemplate":"https:\/\/ecosupplements.ch\/?s={search_term_string}"},"query-input":{"@type":"PropertyValueSpecification","valueRequired":true,"valueName":"search_term_string"}}],"inLanguage":"de-CH"}]},"product_price_amount":"9.57","product_price_currency":"CHF","og_availability":"out of stock","product_availability":"out of stock","product_retailer_item_id":"737870174066","product_condition":"new"},"_links":{"self":[{"href":"https:\/\/ecosupplements.ch\/index.php?rest_route=\/wp\/v2\/product\/3362","targetHints":{"allow":["GET"]}}],"collection":[{"href":"https:\/\/ecosupplements.ch\/index.php?rest_route=\/wp\/v2\/product"}],"about":[{"href":"https:\/\/ecosupplements.ch\/index.php?rest_route=\/wp\/v2\/types\/product"}],"replies":[{"embeddable":true,"href":"https:\/\/ecosupplements.ch\/index.php?rest_route=%2Fwp%2Fv2%2Fcomments&post=3362"}],"wp:featuredmedia":[{"embeddable":true,"href":"https:\/\/ecosupplements.ch\/index.php?rest_route=\/wp\/v2\/media\/3363"}],"wp:attachment":[{"href":"https:\/\/ecosupplements.ch\/index.php?rest_route=%2Fwp%2Fv2%2Fmedia&parent=3362"}],"wp:term":[{"taxonomy":"product_brand","embeddable":true,"href":"https:\/\/ecosupplements.ch\/index.php?rest_route=%2Fwp%2Fv2%2Fproduct_brand&post=3362"},{"taxonomy":"product_cat","embeddable":true,"href":"https:\/\/ecosupplements.ch\/index.php?rest_route=%2Fwp%2Fv2%2Fproduct_cat&post=3362"},{"taxonomy":"product_tag","embeddable":true,"href":"https:\/\/ecosupplements.ch\/index.php?rest_route=%2Fwp%2Fv2%2Fproduct_tag&post=3362"}],"curies":[{"name":"wp","href":"https:\/\/api.w.org\/{rel}","templated":true}]}}