{"id":3365,"date":"2026-05-11T14:44:58","date_gmt":"2026-05-11T14:44:58","guid":{"rendered":"https:\/\/ecosupplements.ch\/?product=skin-restoring-ceramides-30-liquid-vcaps"},"modified":"2026-05-13T07:22:45","modified_gmt":"2026-05-13T07:22:45","slug":"skin-restoring-ceramides-30-liquid-vcaps","status":"publish","type":"product","link":"https:\/\/ecosupplements.ch\/?product=skin-restoring-ceramides-30-liquid-vcaps","title":{"rendered":"Skin Restoring Ceramides &#8211; 30 liquid vcaps"},"content":{"rendered":"<div class=\"chcg-product-description\">\n<h2 class=\"chcg-heading\">\u00dcber Life Extension \u2013 Skin Restoring Ceramides \u2013 30 Liquid Vcaps<\/h2>\n<div class=\"chcg-intro\">\n<p>Ceramide sind nat\u00fcrliche Lipide, die einen wesentlichen Bestandteil der Hautbarriere bilden und massgeblich dazu beitragen, Feuchtigkeit zu binden und die Haut vor \u00e4usseren Einfl\u00fcssen zu sch\u00fctzen. Mit zunehmendem Alter nimmt der k\u00f6rpereigene Ceramid-Gehalt der Haut ab, was zu einem Verlust an Geschmeidigkeit und Spannkraft f\u00fchren kann. Skin Restoring Ceramides von Life Extension liefert 350 mg Ceratiq\u00ae-Weizen\u00f6l-Extrakt pro Kapsel \u2013 eine sorgf\u00e4ltig gewonnene Quelle f\u00fcr Glycolipide, Phytoceramide und Glycosylceramide.<\/p>\n<p>Der Ceratiq-Extrakt aus Triticum vulgare (Weizen) wird \u00fcber einen schonenden Extraktionsprozess gewonnen und in einer praktischen Fl\u00fcssigkapseln-Form bereitgestellt, die eine gute Aufnahme unterst\u00fctzt. Das Produkt eignet sich f\u00fcr Personen, die ihre Hautpflege von innen heraus erg\u00e4nzen und die nat\u00fcrliche Hautstruktur unterst\u00fctzen m\u00f6chten.<\/p>\n<p>Skin Restoring Ceramides ist vegetarisch und glutenfrei formuliert. Die Rezeptur enth\u00e4lt kein tierisches Gelatine \u2013 die Kapselh\u00fclle besteht aus pflanzlicher Zellulose. Mit nur einer Kapsel t\u00e4glich l\u00e4sst sich dieses Supplement unkompliziert in den Alltag integrieren.<\/p>\n<\/p><\/div>\n<div class=\"chcg-nutrition\">\n<h3>N\u00e4hrwertangaben<\/h3>\n<table class=\"chcg-nutrition-table\">\n<thead>\n<tr>\n<th>N\u00e4hrstoff<\/th>\n<th>Pro Portion (1 Kapsel)<\/th>\n<\/tr>\n<\/thead>\n<tbody>\n<tr>\n<td>Ceratiq Weizen (<em>Triticum vulgare<\/em>) \u00d6lextrakt (liefert Glycolipide, Phytoceramide und Glycosylceramide)<\/td>\n<td>350 mg *<\/td>\n<\/tr>\n<\/tbody>\n<\/table>\n<p class=\"chcg-footnote\">* Kein etablierter Tagesreferenzwert vorhanden.<\/p>\n<\/p><\/div>\n<div class=\"chcg-ingredients\">\n<h3>Zutaten<\/h3>\n<p>Ceratiq Weizen (<em>Triticum vulgare<\/em>) \u00d6lextrakt (liefert Glycolipide, Phytoceramide und Glycosylceramide) 350 mg. Weitere Zutaten: Reiskleie\u00f6l, pflanzliche Zellulose (Kapsel), Siliciumdioxid, Rosmarinextrakt. Enth\u00e4lt Weizen.<\/p>\n<p class=\"chcg-capsule-shell\">Kapselh\u00fclle: pflanzliche Zellulose<\/p>\n<\/p><\/div>\n<div class=\"chcg-dosage\">\n<h3>Verzehrempfehlung<\/h3>\n<p>Eine (1) Kapsel t\u00e4glich zu einer Mahlzeit einnehmen oder gem\u00e4ss Empfehlung einer Fachperson im Gesundheitsbereich.<\/p>\n<\/p><\/div>\n<div class=\"chcg-warnings\">\n<h3>Warnhinweise<\/h3>\n<p>Ausserhalb der Reichweite von Kindern aufbewahren. Die empfohlene Tagesdosis nicht \u00fcberschreiten. Nicht kaufen, wenn die Aussenversiegelung gebrochen oder besch\u00e4digt ist. Bei der Einnahme von Nahrungserg\u00e4nzungsmitteln wird empfohlen, einen Arzt zu konsultieren, wenn Sie sich in medizinischer Behandlung befinden oder wenn Sie schwanger sind oder stillen.<\/p>\n<\/p><\/div>\n<div class=\"chcg-allergens\">\n<h3>Allergeninformationen<\/h3>\n<p>Enth\u00e4lt Weizen.<\/p>\n<\/p><\/div>\n<div class=\"chcg-storage\">\n<h3>Lagerung<\/h3>\n<p>Fest verschlossen an einem k\u00fchlen, trockenen Ort aufbewahren.<\/p>\n<\/p><\/div>\n<div class=\"chcg-dietary\">\n<h3>Ern\u00e4hrungshinweise<\/h3>\n<ul>\n<li>Vegetarisch<\/li>\n<li>Glutenfrei<\/li>\n<li>Laktosefrei<\/li>\n<\/ul><\/div>\n<\/div>\n","protected":false},"excerpt":{"rendered":"<p>Skin Restoring Ceramides von Life Extension liefert 350 mg Ceratiq-Weizen\u00f6l-Extrakt mit Phytoceramiden zur Unterst\u00fctzung der nat\u00fcrlichen Hautbarriere. Vegetarische Fl\u00fcssigkapseln, 30 St\u00fcck pro Packung.<\/p>\n","protected":false},"featured_media":3366,"comment_status":"closed","ping_status":"open","template":"","meta":[],"product_brand":[202],"product_cat":[48,103,25,32,44,22,21],"product_tag":[],"class_list":{"0":"post-3365","1":"product","2":"type-product","3":"status-publish","4":"has-post-thumbnail","6":"product_brand-life-extension","7":"product_cat-gesunde-ernaehrung","8":"product_cat-gesunde-haut","9":"product_cat-gesundheit-und-wohlbefinden","10":"product_cat-nahrungsergaenzungsmittel-fuer-frauen","11":"product_cat-pflanzliche-nahrungsergaenzungsmittel","12":"product_cat-vegane-produkte","13":"product_cat-vitamine-und-mineralstoffe","15":"first","16":"outofstock","17":"taxable","18":"shipping-taxable","19":"purchasable","20":"product-type-simple"},"yoast_head":"<!-- This site is optimized with the Yoast SEO plugin v27.5 - https:\/\/yoast.com\/product\/yoast-seo-wordpress\/ -->\n<title>Skin Restoring Ceramides \u2013 Life Extension | ecosupplements.ch<\/title>\n<meta name=\"description\" content=\"Skin Restoring Ceramides von Life Extension mit 350 mg Phytoceramiden pro Kapsel \u2013 vegetarisch, glutenfrei, 30 Fl\u00fcssigkapseln. Jetzt bestellen.\" \/>\n<meta name=\"robots\" content=\"index, follow, max-snippet:-1, max-image-preview:large, max-video-preview:-1\" \/>\n<link rel=\"canonical\" href=\"https:\/\/ecosupplements.ch\/?product=skin-restoring-ceramides-30-liquid-vcaps\" \/>\n<meta property=\"og:locale\" content=\"de_DE\" \/>\n<meta property=\"og:type\" content=\"article\" \/>\n<meta property=\"og:title\" content=\"Skin Restoring Ceramides \u2013 Life Extension | ecosupplements.ch\" \/>\n<meta property=\"og:description\" content=\"Skin Restoring Ceramides von Life Extension mit 350 mg Phytoceramiden pro Kapsel \u2013 vegetarisch, glutenfrei, 30 Fl\u00fcssigkapseln. Jetzt bestellen.\" \/>\n<meta property=\"og:url\" content=\"https:\/\/ecosupplements.ch\/?product=skin-restoring-ceramides-30-liquid-vcaps\" \/>\n<meta property=\"og:site_name\" content=\"Eco Supplements\" \/>\n<meta property=\"article:modified_time\" content=\"2026-05-13T07:22:45+00:00\" \/>\n<meta property=\"og:image\" content=\"https:\/\/ecosupplements.ch\/wp-content\/uploads\/2026\/05\/Skin-Restoring-Ceramides-30-liquid-vcaps.webp\" \/>\n\t<meta property=\"og:image:width\" content=\"1000\" \/>\n\t<meta property=\"og:image:height\" content=\"1000\" \/>\n\t<meta property=\"og:image:type\" content=\"image\/jpeg\" \/>\n<meta name=\"twitter:card\" content=\"summary_large_image\" \/>\n<meta name=\"twitter:label1\" content=\"Price\" \/>\n\t<meta name=\"twitter:data1\" content=\"&#067;&#072;&#070;&nbsp;25.99\" \/>\n\t<meta name=\"twitter:label2\" content=\"Availability\" \/>\n\t<meta name=\"twitter:data2\" content=\"Out of stock\" \/>\n<script type=\"application\/ld+json\" class=\"yoast-schema-graph\">{\"@context\":\"https:\\\/\\\/schema.org\",\"@graph\":[{\"@type\":\"WebPage\",\"@id\":\"https:\\\/\\\/ecosupplements.ch\\\/?product=skin-restoring-ceramides-30-liquid-vcaps\",\"url\":\"https:\\\/\\\/ecosupplements.ch\\\/?product=skin-restoring-ceramides-30-liquid-vcaps\",\"name\":\"Skin Restoring Ceramides \u2013 Life Extension | ecosupplements.ch\",\"isPartOf\":{\"@id\":\"https:\\\/\\\/ecosupplements.ch\\\/#website\"},\"primaryImageOfPage\":{\"@id\":\"https:\\\/\\\/ecosupplements.ch\\\/?product=skin-restoring-ceramides-30-liquid-vcaps#primaryimage\"},\"image\":{\"@id\":\"https:\\\/\\\/ecosupplements.ch\\\/?product=skin-restoring-ceramides-30-liquid-vcaps#primaryimage\"},\"thumbnailUrl\":\"https:\\\/\\\/ecosupplements.ch\\\/wp-content\\\/uploads\\\/2026\\\/05\\\/Skin-Restoring-Ceramides-30-liquid-vcaps.webp\",\"datePublished\":\"2026-05-11T14:44:58+00:00\",\"dateModified\":\"2026-05-13T07:22:45+00:00\",\"description\":\"Skin Restoring Ceramides von Life Extension mit 350 mg Phytoceramiden pro Kapsel \u2013 vegetarisch, glutenfrei, 30 Fl\u00fcssigkapseln. Jetzt bestellen.\",\"breadcrumb\":{\"@id\":\"https:\\\/\\\/ecosupplements.ch\\\/?product=skin-restoring-ceramides-30-liquid-vcaps#breadcrumb\"},\"inLanguage\":\"de-CH\",\"potentialAction\":[{\"@type\":\"ReadAction\",\"target\":[\"https:\\\/\\\/ecosupplements.ch\\\/?product=skin-restoring-ceramides-30-liquid-vcaps\"]}]},{\"@type\":\"ImageObject\",\"inLanguage\":\"de-CH\",\"@id\":\"https:\\\/\\\/ecosupplements.ch\\\/?product=skin-restoring-ceramides-30-liquid-vcaps#primaryimage\",\"url\":\"https:\\\/\\\/ecosupplements.ch\\\/wp-content\\\/uploads\\\/2026\\\/05\\\/Skin-Restoring-Ceramides-30-liquid-vcaps.webp\",\"contentUrl\":\"https:\\\/\\\/ecosupplements.ch\\\/wp-content\\\/uploads\\\/2026\\\/05\\\/Skin-Restoring-Ceramides-30-liquid-vcaps.webp\",\"width\":1000,\"height\":1000,\"caption\":\"Skin Restoring Ceramides - 30 liquid vcaps\"},{\"@type\":\"BreadcrumbList\",\"@id\":\"https:\\\/\\\/ecosupplements.ch\\\/?product=skin-restoring-ceramides-30-liquid-vcaps#breadcrumb\",\"itemListElement\":[{\"@type\":\"ListItem\",\"position\":1,\"name\":\"Home\",\"item\":\"https:\\\/\\\/ecosupplements.ch\\\/\"},{\"@type\":\"ListItem\",\"position\":2,\"name\":\"Shop\",\"item\":\"https:\\\/\\\/ecosupplements.ch\\\/?page_id=14\"},{\"@type\":\"ListItem\",\"position\":3,\"name\":\"Skin Restoring Ceramides &#8211; 30 liquid vcaps\"}]},{\"@type\":\"WebSite\",\"@id\":\"https:\\\/\\\/ecosupplements.ch\\\/#website\",\"url\":\"https:\\\/\\\/ecosupplements.ch\\\/\",\"name\":\"Eco Supplements\",\"description\":\"\",\"potentialAction\":[{\"@type\":\"SearchAction\",\"target\":{\"@type\":\"EntryPoint\",\"urlTemplate\":\"https:\\\/\\\/ecosupplements.ch\\\/?s={search_term_string}\"},\"query-input\":{\"@type\":\"PropertyValueSpecification\",\"valueRequired\":true,\"valueName\":\"search_term_string\"}}],\"inLanguage\":\"de-CH\"}]}<\/script>\n<meta property=\"product:price:amount\" content=\"25.99\" \/>\n<meta property=\"product:price:currency\" content=\"CHF\" \/>\n<meta property=\"og:availability\" content=\"out of stock\" \/>\n<meta property=\"product:availability\" content=\"out of stock\" \/>\n<meta property=\"product:retailer_item_id\" content=\"737870209638\" \/>\n<meta property=\"product:condition\" content=\"new\" \/>\n<!-- \/ Yoast SEO plugin. -->","yoast_head_json":{"title":"Skin Restoring Ceramides \u2013 Life Extension | ecosupplements.ch","description":"Skin Restoring Ceramides von Life Extension mit 350 mg Phytoceramiden pro Kapsel \u2013 vegetarisch, glutenfrei, 30 Fl\u00fcssigkapseln. Jetzt bestellen.","robots":{"index":"index","follow":"follow","max-snippet":"max-snippet:-1","max-image-preview":"max-image-preview:large","max-video-preview":"max-video-preview:-1"},"canonical":"https:\/\/ecosupplements.ch\/?product=skin-restoring-ceramides-30-liquid-vcaps","og_locale":"de_DE","og_type":"article","og_title":"Skin Restoring Ceramides \u2013 Life Extension | ecosupplements.ch","og_description":"Skin Restoring Ceramides von Life Extension mit 350 mg Phytoceramiden pro Kapsel \u2013 vegetarisch, glutenfrei, 30 Fl\u00fcssigkapseln. Jetzt bestellen.","og_url":"https:\/\/ecosupplements.ch\/?product=skin-restoring-ceramides-30-liquid-vcaps","og_site_name":"Eco Supplements","article_modified_time":"2026-05-13T07:22:45+00:00","og_image":[{"width":1000,"height":1000,"url":"https:\/\/ecosupplements.ch\/wp-content\/uploads\/2026\/05\/Skin-Restoring-Ceramides-30-liquid-vcaps.webp","type":"image\/jpeg"}],"twitter_card":"summary_large_image","twitter_misc":{"Price":"&#67;&#72;&#70;&nbsp;25.99","Availability":"Out of stock"},"schema":{"@context":"https:\/\/schema.org","@graph":[{"@type":"WebPage","@id":"https:\/\/ecosupplements.ch\/?product=skin-restoring-ceramides-30-liquid-vcaps","url":"https:\/\/ecosupplements.ch\/?product=skin-restoring-ceramides-30-liquid-vcaps","name":"Skin Restoring Ceramides \u2013 Life Extension | ecosupplements.ch","isPartOf":{"@id":"https:\/\/ecosupplements.ch\/#website"},"primaryImageOfPage":{"@id":"https:\/\/ecosupplements.ch\/?product=skin-restoring-ceramides-30-liquid-vcaps#primaryimage"},"image":{"@id":"https:\/\/ecosupplements.ch\/?product=skin-restoring-ceramides-30-liquid-vcaps#primaryimage"},"thumbnailUrl":"https:\/\/ecosupplements.ch\/wp-content\/uploads\/2026\/05\/Skin-Restoring-Ceramides-30-liquid-vcaps.webp","datePublished":"2026-05-11T14:44:58+00:00","dateModified":"2026-05-13T07:22:45+00:00","description":"Skin Restoring Ceramides von Life Extension mit 350 mg Phytoceramiden pro Kapsel \u2013 vegetarisch, glutenfrei, 30 Fl\u00fcssigkapseln. Jetzt bestellen.","breadcrumb":{"@id":"https:\/\/ecosupplements.ch\/?product=skin-restoring-ceramides-30-liquid-vcaps#breadcrumb"},"inLanguage":"de-CH","potentialAction":[{"@type":"ReadAction","target":["https:\/\/ecosupplements.ch\/?product=skin-restoring-ceramides-30-liquid-vcaps"]}]},{"@type":"ImageObject","inLanguage":"de-CH","@id":"https:\/\/ecosupplements.ch\/?product=skin-restoring-ceramides-30-liquid-vcaps#primaryimage","url":"https:\/\/ecosupplements.ch\/wp-content\/uploads\/2026\/05\/Skin-Restoring-Ceramides-30-liquid-vcaps.webp","contentUrl":"https:\/\/ecosupplements.ch\/wp-content\/uploads\/2026\/05\/Skin-Restoring-Ceramides-30-liquid-vcaps.webp","width":1000,"height":1000,"caption":"Skin Restoring Ceramides - 30 liquid vcaps"},{"@type":"BreadcrumbList","@id":"https:\/\/ecosupplements.ch\/?product=skin-restoring-ceramides-30-liquid-vcaps#breadcrumb","itemListElement":[{"@type":"ListItem","position":1,"name":"Home","item":"https:\/\/ecosupplements.ch\/"},{"@type":"ListItem","position":2,"name":"Shop","item":"https:\/\/ecosupplements.ch\/?page_id=14"},{"@type":"ListItem","position":3,"name":"Skin Restoring Ceramides &#8211; 30 liquid vcaps"}]},{"@type":"WebSite","@id":"https:\/\/ecosupplements.ch\/#website","url":"https:\/\/ecosupplements.ch\/","name":"Eco Supplements","description":"","potentialAction":[{"@type":"SearchAction","target":{"@type":"EntryPoint","urlTemplate":"https:\/\/ecosupplements.ch\/?s={search_term_string}"},"query-input":{"@type":"PropertyValueSpecification","valueRequired":true,"valueName":"search_term_string"}}],"inLanguage":"de-CH"}]},"product_price_amount":"25.99","product_price_currency":"CHF","og_availability":"out of stock","product_availability":"out of stock","product_retailer_item_id":"737870209638","product_condition":"new"},"_links":{"self":[{"href":"https:\/\/ecosupplements.ch\/index.php?rest_route=\/wp\/v2\/product\/3365","targetHints":{"allow":["GET"]}}],"collection":[{"href":"https:\/\/ecosupplements.ch\/index.php?rest_route=\/wp\/v2\/product"}],"about":[{"href":"https:\/\/ecosupplements.ch\/index.php?rest_route=\/wp\/v2\/types\/product"}],"replies":[{"embeddable":true,"href":"https:\/\/ecosupplements.ch\/index.php?rest_route=%2Fwp%2Fv2%2Fcomments&post=3365"}],"wp:featuredmedia":[{"embeddable":true,"href":"https:\/\/ecosupplements.ch\/index.php?rest_route=\/wp\/v2\/media\/3366"}],"wp:attachment":[{"href":"https:\/\/ecosupplements.ch\/index.php?rest_route=%2Fwp%2Fv2%2Fmedia&parent=3365"}],"wp:term":[{"taxonomy":"product_brand","embeddable":true,"href":"https:\/\/ecosupplements.ch\/index.php?rest_route=%2Fwp%2Fv2%2Fproduct_brand&post=3365"},{"taxonomy":"product_cat","embeddable":true,"href":"https:\/\/ecosupplements.ch\/index.php?rest_route=%2Fwp%2Fv2%2Fproduct_cat&post=3365"},{"taxonomy":"product_tag","embeddable":true,"href":"https:\/\/ecosupplements.ch\/index.php?rest_route=%2Fwp%2Fv2%2Fproduct_tag&post=3365"}],"curies":[{"name":"wp","href":"https:\/\/api.w.org\/{rel}","templated":true}]}}