{"id":3371,"date":"2026-05-11T14:45:01","date_gmt":"2026-05-11T14:45:01","guid":{"rendered":"https:\/\/ecosupplements.ch\/?product=super-selenium-complex-100-vcaps"},"modified":"2026-05-13T07:22:46","modified_gmt":"2026-05-13T07:22:46","slug":"super-selenium-complex-100-vcaps","status":"publish","type":"product","link":"https:\/\/ecosupplements.ch\/?product=super-selenium-complex-100-vcaps","title":{"rendered":"Super Selenium Complex &#8211; 100 vcaps"},"content":{"rendered":"<div class=\"chcg-product-description\">\n<h2 class=\"chcg-heading\">\u00dcber Life Extension \u2013 Super Selenium Complex \u2013 100 Vcaps<\/h2>\n<div class=\"chcg-intro\">\n<p>Der Super Selenium Complex von Life Extension ist eine hochwertige Selen-Formel, die drei verschiedene Selenverbindungen in einer einzigen vegetarischen Kapsel vereint: Se-Methyl L-Selenocystein, SelenoPure\u00ae L-Selenomethionin (hefefrei) sowie Natriumselenit. Durch diese Kombination unterschiedlicher Selenformen wird eine breite Versorgung mit diesem essenziellen Spurenelement angestrebt. Selen tr\u00e4gt zur normalen Funktion des Immunsystems und zum Schutz der Zellen vor oxidativem Stress bei.<\/p>\n<p>Erg\u00e4nzt wird die Formel durch Vitamin E in Form von d-alpha-Tocopherylsuccinat. Vitamin E tr\u00e4gt zum Schutz der Zellen vor oxidativem Stress bei und unterst\u00fctzt die normale Funktion des Immunsystems. Die Kombination aus Selen und Vitamin E in einem einzigen Pr\u00e4parat bietet eine praktische L\u00f6sung f\u00fcr die t\u00e4gliche Mikron\u00e4hrstoffversorgung.<\/p>\n<p>Das Produkt ist glutenfrei und ohne gentechnisch ver\u00e4nderte Organismen (Non-GMO) hergestellt. Die vegetarische Kapselh\u00fclle aus pflanzlicher Zellulose macht dieses Pr\u00e4parat f\u00fcr Personen geeignet, die auf tierische Gelatine verzichten m\u00f6chten.<\/p>\n<\/p><\/div>\n<div class=\"chcg-nutrition\">\n<h3>N\u00e4hrwertangaben<\/h3>\n<table class=\"chcg-nutrition-table\">\n<thead>\n<tr>\n<th>N\u00e4hrstoff<\/th>\n<th>Pro Portion (1 Kapsel)<\/th>\n<\/tr>\n<\/thead>\n<tbody>\n<tr>\n<td>Vitamin E (als d-alpha-Tocopherylsuccinat)<\/td>\n<td>20,1 mg (168 % NRV \/ 134 % US DV)<\/td>\n<\/tr>\n<tr>\n<td>Selen (als Se-Methyl L-Selenocystein, SelenoPure\u00ae L-Selenomethionin (hefefrei), Natriumselenit)<\/td>\n<td>200 mcg (364 % NRV)<\/td>\n<\/tr>\n<tr>\n<td>\u2013 Selen (L-Selenomethionin)<\/td>\n<td>50 mcg<\/td>\n<\/tr>\n<tr>\n<td>\u2013 Selen (Natriumselenit)<\/td>\n<td>50 mcg<\/td>\n<\/tr>\n<tr>\n<td>\u2013 Selen (Se-Methyl L-Selenocystein)<\/td>\n<td>100 mcg<\/td>\n<\/tr>\n<\/tbody>\n<\/table><\/div>\n<div class=\"chcg-ingredients\">\n<h3>Zutaten<\/h3>\n<p>Vitamin E (als d-alpha-Tocopherylsuccinat) 20,1 mg, Selen (als Se-Methyl L-Selenocystein, SelenoPure\u00ae L-Selenomethionin (hefefrei), Natriumselenit) 200 mcg [davon: Selen (L-Selenomethionin) 50 mcg, Selen (Natriumselenit) 50 mcg, Selen (Se-Methyl L-Selenocystein) 100 mcg]. Weitere Zutaten: Mikrokristalline Zellulose, pflanzliche Zellulose (Kapsel), Stearins\u00e4ure, Siliziumdioxid, Dikalziumphosphat.<\/p>\n<p class=\"chcg-capsule-shell\">Kapselh\u00fclle: Pflanzliche Zellulose<\/p>\n<\/p><\/div>\n<div class=\"chcg-dosage\">\n<h3>Verzehrempfehlung<\/h3>\n<p>T\u00e4glich eine (1) Kapsel zu einer Mahlzeit einnehmen oder gem\u00e4ss Empfehlung Ihrer medizinischen Fachperson.<\/p>\n<\/p><\/div>\n<div class=\"chcg-warnings\">\n<h3>Warnhinweise<\/h3>\n<p>Falls Sie gerinnungshemmende oder thrombozytenaggregationshemmende Medikamente einnehmen oder an einer Blutungsneigung leiden, konsultieren Sie bitte vor der Einnahme dieses Produkts Ihre medizinische Fachperson. Ausserhalb der Reichweite von Kindern aufbewahren. Die empfohlene Tagesdosis nicht \u00fcberschreiten. Nicht kaufen, wenn die \u00e4ussere Versiegelung besch\u00e4digt oder gebrochen ist. Bei der Einnahme von Nahrungserg\u00e4nzungsmitteln wenden Sie sich bitte an Ihren Arzt, wenn Sie sich in medizinischer Behandlung befinden, schwanger sind oder stillen.<\/p>\n<\/p><\/div>\n<div class=\"chcg-allergens\">\n<h3>Allergeninformationen<\/h3>\n<p>Es sind keine Allergene deklariert. Das Produkt ist als glutenfrei und Non-GMO gekennzeichnet.<\/p>\n<\/p><\/div>\n<div class=\"chcg-storage\">\n<h3>Lagerung<\/h3>\n<p>Fest verschlossen an einem k\u00fchlen, trockenen Ort aufbewahren.<\/p>\n<\/p><\/div>\n<div class=\"chcg-dietary\">\n<h3>Ern\u00e4hrungshinweise<\/h3>\n<ul>\n<li>Vegetarisch<\/li>\n<li>Glutenfrei<\/li>\n<li>Laktosefrei<\/li>\n<\/ul><\/div>\n<\/div>\n","protected":false},"excerpt":{"rendered":"<p>Super Selenium Complex von Life Extension liefert 200 mcg Selen aus drei Quellen sowie Vitamin E zum Schutz der Zellen vor oxidativem Stress. Erh\u00e4ltlich als vegetarische Kapseln, 100 St\u00fcck pro Packung. Glutenfrei und Non-GMO.<\/p>\n","protected":false},"featured_media":3372,"comment_status":"closed","ping_status":"open","template":"","meta":[],"product_brand":[202],"product_cat":[23,48,25,171,21],"product_tag":[],"class_list":{"0":"post-3371","1":"product","2":"type-product","3":"status-publish","4":"has-post-thumbnail","6":"product_brand-life-extension","7":"product_cat-einige-mineralien","8":"product_cat-gesunde-ernaehrung","9":"product_cat-gesundheit-und-wohlbefinden","10":"product_cat-vitamine-und-mineralien","11":"product_cat-vitamine-und-mineralstoffe","13":"first","14":"outofstock","15":"taxable","16":"shipping-taxable","17":"purchasable","18":"product-type-simple"},"yoast_head":"<!-- This site is optimized with the Yoast SEO plugin v27.5 - https:\/\/yoast.com\/product\/yoast-seo-wordpress\/ -->\n<title>Super Selenium Complex \u2013 Life Extension | ecosupplements.ch<\/title>\n<meta name=\"description\" content=\"200 mcg Selen aus drei Quellen plus Vitamin E in einer vegetarischen Kapsel \u2013 100 St\u00fcck, glutenfrei. Jetzt bestellen.\" \/>\n<meta name=\"robots\" content=\"index, follow, max-snippet:-1, max-image-preview:large, max-video-preview:-1\" \/>\n<link rel=\"canonical\" href=\"https:\/\/ecosupplements.ch\/?product=super-selenium-complex-100-vcaps\" \/>\n<meta property=\"og:locale\" content=\"de_DE\" \/>\n<meta property=\"og:type\" content=\"article\" \/>\n<meta property=\"og:title\" content=\"Super Selenium Complex \u2013 Life Extension | ecosupplements.ch\" \/>\n<meta property=\"og:description\" content=\"200 mcg Selen aus drei Quellen plus Vitamin E in einer vegetarischen Kapsel \u2013 100 St\u00fcck, glutenfrei. Jetzt bestellen.\" \/>\n<meta property=\"og:url\" content=\"https:\/\/ecosupplements.ch\/?product=super-selenium-complex-100-vcaps\" \/>\n<meta property=\"og:site_name\" content=\"Eco Supplements\" \/>\n<meta property=\"article:modified_time\" content=\"2026-05-13T07:22:46+00:00\" \/>\n<meta property=\"og:image\" content=\"https:\/\/ecosupplements.ch\/wp-content\/uploads\/2026\/05\/Super-Selenium-Complex-100-vcaps.webp\" \/>\n\t<meta property=\"og:image:width\" content=\"1000\" \/>\n\t<meta property=\"og:image:height\" content=\"1000\" \/>\n\t<meta property=\"og:image:type\" content=\"image\/jpeg\" \/>\n<meta name=\"twitter:card\" content=\"summary_large_image\" \/>\n<meta name=\"twitter:label1\" content=\"Price\" \/>\n\t<meta name=\"twitter:data1\" content=\"&#067;&#072;&#070;&nbsp;14.73\" \/>\n\t<meta name=\"twitter:label2\" content=\"Availability\" \/>\n\t<meta name=\"twitter:data2\" content=\"Out of stock\" \/>\n<script type=\"application\/ld+json\" class=\"yoast-schema-graph\">{\"@context\":\"https:\\\/\\\/schema.org\",\"@graph\":[{\"@type\":\"WebPage\",\"@id\":\"https:\\\/\\\/ecosupplements.ch\\\/?product=super-selenium-complex-100-vcaps\",\"url\":\"https:\\\/\\\/ecosupplements.ch\\\/?product=super-selenium-complex-100-vcaps\",\"name\":\"Super Selenium Complex \u2013 Life Extension | ecosupplements.ch\",\"isPartOf\":{\"@id\":\"https:\\\/\\\/ecosupplements.ch\\\/#website\"},\"primaryImageOfPage\":{\"@id\":\"https:\\\/\\\/ecosupplements.ch\\\/?product=super-selenium-complex-100-vcaps#primaryimage\"},\"image\":{\"@id\":\"https:\\\/\\\/ecosupplements.ch\\\/?product=super-selenium-complex-100-vcaps#primaryimage\"},\"thumbnailUrl\":\"https:\\\/\\\/ecosupplements.ch\\\/wp-content\\\/uploads\\\/2026\\\/05\\\/Super-Selenium-Complex-100-vcaps.webp\",\"datePublished\":\"2026-05-11T14:45:01+00:00\",\"dateModified\":\"2026-05-13T07:22:46+00:00\",\"description\":\"200 mcg Selen aus drei Quellen plus Vitamin E in einer vegetarischen Kapsel \u2013 100 St\u00fcck, glutenfrei. Jetzt bestellen.\",\"breadcrumb\":{\"@id\":\"https:\\\/\\\/ecosupplements.ch\\\/?product=super-selenium-complex-100-vcaps#breadcrumb\"},\"inLanguage\":\"de-CH\",\"potentialAction\":[{\"@type\":\"ReadAction\",\"target\":[\"https:\\\/\\\/ecosupplements.ch\\\/?product=super-selenium-complex-100-vcaps\"]}]},{\"@type\":\"ImageObject\",\"inLanguage\":\"de-CH\",\"@id\":\"https:\\\/\\\/ecosupplements.ch\\\/?product=super-selenium-complex-100-vcaps#primaryimage\",\"url\":\"https:\\\/\\\/ecosupplements.ch\\\/wp-content\\\/uploads\\\/2026\\\/05\\\/Super-Selenium-Complex-100-vcaps.webp\",\"contentUrl\":\"https:\\\/\\\/ecosupplements.ch\\\/wp-content\\\/uploads\\\/2026\\\/05\\\/Super-Selenium-Complex-100-vcaps.webp\",\"width\":1000,\"height\":1000,\"caption\":\"Super Selenium Complex - 100 vcaps\"},{\"@type\":\"BreadcrumbList\",\"@id\":\"https:\\\/\\\/ecosupplements.ch\\\/?product=super-selenium-complex-100-vcaps#breadcrumb\",\"itemListElement\":[{\"@type\":\"ListItem\",\"position\":1,\"name\":\"Home\",\"item\":\"https:\\\/\\\/ecosupplements.ch\\\/\"},{\"@type\":\"ListItem\",\"position\":2,\"name\":\"Shop\",\"item\":\"https:\\\/\\\/ecosupplements.ch\\\/?page_id=14\"},{\"@type\":\"ListItem\",\"position\":3,\"name\":\"Super Selenium Complex &#8211; 100 vcaps\"}]},{\"@type\":\"WebSite\",\"@id\":\"https:\\\/\\\/ecosupplements.ch\\\/#website\",\"url\":\"https:\\\/\\\/ecosupplements.ch\\\/\",\"name\":\"Eco Supplements\",\"description\":\"\",\"potentialAction\":[{\"@type\":\"SearchAction\",\"target\":{\"@type\":\"EntryPoint\",\"urlTemplate\":\"https:\\\/\\\/ecosupplements.ch\\\/?s={search_term_string}\"},\"query-input\":{\"@type\":\"PropertyValueSpecification\",\"valueRequired\":true,\"valueName\":\"search_term_string\"}}],\"inLanguage\":\"de-CH\"}]}<\/script>\n<meta property=\"product:price:amount\" content=\"14.73\" \/>\n<meta property=\"product:price:currency\" content=\"CHF\" \/>\n<meta property=\"og:availability\" content=\"out of stock\" \/>\n<meta property=\"product:availability\" content=\"out of stock\" \/>\n<meta property=\"product:retailer_item_id\" content=\"737870177814\" \/>\n<meta property=\"product:condition\" content=\"new\" \/>\n<!-- \/ Yoast SEO plugin. -->","yoast_head_json":{"title":"Super Selenium Complex \u2013 Life Extension | ecosupplements.ch","description":"200 mcg Selen aus drei Quellen plus Vitamin E in einer vegetarischen Kapsel \u2013 100 St\u00fcck, glutenfrei. Jetzt bestellen.","robots":{"index":"index","follow":"follow","max-snippet":"max-snippet:-1","max-image-preview":"max-image-preview:large","max-video-preview":"max-video-preview:-1"},"canonical":"https:\/\/ecosupplements.ch\/?product=super-selenium-complex-100-vcaps","og_locale":"de_DE","og_type":"article","og_title":"Super Selenium Complex \u2013 Life Extension | ecosupplements.ch","og_description":"200 mcg Selen aus drei Quellen plus Vitamin E in einer vegetarischen Kapsel \u2013 100 St\u00fcck, glutenfrei. Jetzt bestellen.","og_url":"https:\/\/ecosupplements.ch\/?product=super-selenium-complex-100-vcaps","og_site_name":"Eco Supplements","article_modified_time":"2026-05-13T07:22:46+00:00","og_image":[{"width":1000,"height":1000,"url":"https:\/\/ecosupplements.ch\/wp-content\/uploads\/2026\/05\/Super-Selenium-Complex-100-vcaps.webp","type":"image\/jpeg"}],"twitter_card":"summary_large_image","twitter_misc":{"Price":"&#67;&#72;&#70;&nbsp;14.73","Availability":"Out of stock"},"schema":{"@context":"https:\/\/schema.org","@graph":[{"@type":"WebPage","@id":"https:\/\/ecosupplements.ch\/?product=super-selenium-complex-100-vcaps","url":"https:\/\/ecosupplements.ch\/?product=super-selenium-complex-100-vcaps","name":"Super Selenium Complex \u2013 Life Extension | ecosupplements.ch","isPartOf":{"@id":"https:\/\/ecosupplements.ch\/#website"},"primaryImageOfPage":{"@id":"https:\/\/ecosupplements.ch\/?product=super-selenium-complex-100-vcaps#primaryimage"},"image":{"@id":"https:\/\/ecosupplements.ch\/?product=super-selenium-complex-100-vcaps#primaryimage"},"thumbnailUrl":"https:\/\/ecosupplements.ch\/wp-content\/uploads\/2026\/05\/Super-Selenium-Complex-100-vcaps.webp","datePublished":"2026-05-11T14:45:01+00:00","dateModified":"2026-05-13T07:22:46+00:00","description":"200 mcg Selen aus drei Quellen plus Vitamin E in einer vegetarischen Kapsel \u2013 100 St\u00fcck, glutenfrei. Jetzt bestellen.","breadcrumb":{"@id":"https:\/\/ecosupplements.ch\/?product=super-selenium-complex-100-vcaps#breadcrumb"},"inLanguage":"de-CH","potentialAction":[{"@type":"ReadAction","target":["https:\/\/ecosupplements.ch\/?product=super-selenium-complex-100-vcaps"]}]},{"@type":"ImageObject","inLanguage":"de-CH","@id":"https:\/\/ecosupplements.ch\/?product=super-selenium-complex-100-vcaps#primaryimage","url":"https:\/\/ecosupplements.ch\/wp-content\/uploads\/2026\/05\/Super-Selenium-Complex-100-vcaps.webp","contentUrl":"https:\/\/ecosupplements.ch\/wp-content\/uploads\/2026\/05\/Super-Selenium-Complex-100-vcaps.webp","width":1000,"height":1000,"caption":"Super Selenium Complex - 100 vcaps"},{"@type":"BreadcrumbList","@id":"https:\/\/ecosupplements.ch\/?product=super-selenium-complex-100-vcaps#breadcrumb","itemListElement":[{"@type":"ListItem","position":1,"name":"Home","item":"https:\/\/ecosupplements.ch\/"},{"@type":"ListItem","position":2,"name":"Shop","item":"https:\/\/ecosupplements.ch\/?page_id=14"},{"@type":"ListItem","position":3,"name":"Super Selenium Complex &#8211; 100 vcaps"}]},{"@type":"WebSite","@id":"https:\/\/ecosupplements.ch\/#website","url":"https:\/\/ecosupplements.ch\/","name":"Eco Supplements","description":"","potentialAction":[{"@type":"SearchAction","target":{"@type":"EntryPoint","urlTemplate":"https:\/\/ecosupplements.ch\/?s={search_term_string}"},"query-input":{"@type":"PropertyValueSpecification","valueRequired":true,"valueName":"search_term_string"}}],"inLanguage":"de-CH"}]},"product_price_amount":"14.73","product_price_currency":"CHF","og_availability":"out of stock","product_availability":"out of stock","product_retailer_item_id":"737870177814","product_condition":"new"},"_links":{"self":[{"href":"https:\/\/ecosupplements.ch\/index.php?rest_route=\/wp\/v2\/product\/3371","targetHints":{"allow":["GET"]}}],"collection":[{"href":"https:\/\/ecosupplements.ch\/index.php?rest_route=\/wp\/v2\/product"}],"about":[{"href":"https:\/\/ecosupplements.ch\/index.php?rest_route=\/wp\/v2\/types\/product"}],"replies":[{"embeddable":true,"href":"https:\/\/ecosupplements.ch\/index.php?rest_route=%2Fwp%2Fv2%2Fcomments&post=3371"}],"wp:featuredmedia":[{"embeddable":true,"href":"https:\/\/ecosupplements.ch\/index.php?rest_route=\/wp\/v2\/media\/3372"}],"wp:attachment":[{"href":"https:\/\/ecosupplements.ch\/index.php?rest_route=%2Fwp%2Fv2%2Fmedia&parent=3371"}],"wp:term":[{"taxonomy":"product_brand","embeddable":true,"href":"https:\/\/ecosupplements.ch\/index.php?rest_route=%2Fwp%2Fv2%2Fproduct_brand&post=3371"},{"taxonomy":"product_cat","embeddable":true,"href":"https:\/\/ecosupplements.ch\/index.php?rest_route=%2Fwp%2Fv2%2Fproduct_cat&post=3371"},{"taxonomy":"product_tag","embeddable":true,"href":"https:\/\/ecosupplements.ch\/index.php?rest_route=%2Fwp%2Fv2%2Fproduct_tag&post=3371"}],"curies":[{"name":"wp","href":"https:\/\/api.w.org\/{rel}","templated":true}]}}