{"id":3389,"date":"2026-05-11T14:45:10","date_gmt":"2026-05-11T14:45:10","guid":{"rendered":"https:\/\/ecosupplements.ch\/?product=two-per-day-multivitamin-120-caps"},"modified":"2026-05-13T07:22:36","modified_gmt":"2026-05-13T07:22:36","slug":"two-per-day-multivitamin-120-caps","status":"publish","type":"product","link":"https:\/\/ecosupplements.ch\/?product=two-per-day-multivitamin-120-caps","title":{"rendered":"Two-Per-Day, Multivitamin &#8211; 120 caps"},"content":{"rendered":"<div class=\"chcg-product-description\">\n<h2 class=\"chcg-heading\">\u00dcber Life Extension \u2013 Two-Per-Day, Multivitamin \u2013 120 Kapseln<\/h2>\n<div class=\"chcg-intro\">\n<p>Das Two-Per-Day Multivitamin von Life Extension ist ein hochdosiertes Rundum-Pr\u00e4parat, das mit nur zwei Kapseln t\u00e4glich eine breite Palette an essenziellen Vitaminen und Mineralstoffen liefert. Die Formel geht dabei weit \u00fcber das Niveau herk\u00f6mmlicher Multivitamine hinaus und enth\u00e4lt bioaktive Vitaminformen wie Methylcobalamin (Vitamin B12), Pyridoxal-5&#8242;-phosphat (Vitamin B6) sowie L-5-Methyltetrahydrofolat \u2013 Formen, die vom K\u00f6rper besonders gut verwertet werden k\u00f6nnen.<\/p>\n<p>Neben dem klassischen Vitamin- und Mineralstoffspektrum enth\u00e4lt das Pr\u00e4parat zus\u00e4tzliche Pflanzenstoffe und Antioxidantien wie Alpha-Lipons\u00e4ure, Bio-Quercetin Phytosom, Apigenin sowie Lutein und Zeaxanthin aus Ringelblumenextrakt (Tagetes erecta). Diese Inhaltsstoffe erg\u00e4nzen das N\u00e4hrstoffprofil und machen Two-Per-Day zu einem umfassenden t\u00e4glichen Basiserg\u00e4nzungsmittel.<\/p>\n<p>Das Pr\u00e4parat ist vegetarisch und glutenfrei und enth\u00e4lt eine pflanzliche Kapselh\u00fclle aus Cellulose. Mit 120 Kapseln pro Packung deckt es einen Bedarf von 60 Tagen ab \u2013 ideal f\u00fcr alle, die eine zuverl\u00e4ssige und gut formulierte Grundversorgung suchen.<\/p>\n<\/p><\/div>\n<div class=\"chcg-nutrition\">\n<h3>N\u00e4hrwertangaben<\/h3>\n<table class=\"chcg-nutrition-table\">\n<thead>\n<tr>\n<th>N\u00e4hrstoff<\/th>\n<th>Pro Portion (2 Kapseln)<\/th>\n<\/tr>\n<\/thead>\n<tbody>\n<tr>\n<td>Vitamin A (als Beta-Carotin, Acetat)<\/td>\n<td>1500 mcg (5000 IU)<\/td>\n<\/tr>\n<tr>\n<td>Vitamin C (als Ascorbins\u00e4ure, Calcium- und Niacinamidascorbat)<\/td>\n<td>500 mg<\/td>\n<\/tr>\n<tr>\n<td>Vitamin D3 (als Cholecalciferol)<\/td>\n<td>50 mcg (2000 IU)<\/td>\n<\/tr>\n<tr>\n<td>Vitamin E (als D-alpha-Tocopherylsuccinat, D-alpha-Tocopherol)<\/td>\n<td>67 mg<\/td>\n<\/tr>\n<tr>\n<td>Thiamin (Vitamin B1) (als Thiamin HCl)<\/td>\n<td>75 mg<\/td>\n<\/tr>\n<tr>\n<td>Riboflavin (Vitamin B2) (als Riboflavin, Riboflavin-5&#8242;-phosphat)<\/td>\n<td>50 mg<\/td>\n<\/tr>\n<tr>\n<td>Niacin (als Niacinamid, Niacinamidascorbat)<\/td>\n<td>50 mg<\/td>\n<\/tr>\n<tr>\n<td>Vitamin B6 (als Pyridoxin HCl, Pyridoxal-5&#8242;-phosphat)<\/td>\n<td>75 mg<\/td>\n<\/tr>\n<tr>\n<td>Folat (als L-5-Methyltetrahydrofolat-Calciumsalz)<\/td>\n<td>400 mcg DFE<\/td>\n<\/tr>\n<tr>\n<td>Vitamin B12 (als Methylcobalamin)<\/td>\n<td>300 mcg<\/td>\n<\/tr>\n<tr>\n<td>Biotin<\/td>\n<td>300 mcg<\/td>\n<\/tr>\n<tr>\n<td>Pantothens\u00e4ure (als D-Calciumpantothenat)<\/td>\n<td>50 mg<\/td>\n<\/tr>\n<tr>\n<td>Jod (als Kaliumiodid)<\/td>\n<td>150 mcg<\/td>\n<\/tr>\n<tr>\n<td>Magnesium (als Magnesiumoxid)<\/td>\n<td>100 mg<\/td>\n<\/tr>\n<tr>\n<td>Zink (als Zinkcitrat, L-OptiZinc Zink-Mono-L-methioninsulfat)<\/td>\n<td>25 mg<\/td>\n<\/tr>\n<tr>\n<td>Selen [als Natriumselenit, SelenoExcell Hochselen-Hefe, Se-Methyl-L-Selenocystein]<\/td>\n<td>200 mcg<\/td>\n<\/tr>\n<tr>\n<td>Mangan (als Mangancitrat, -gluconat)<\/td>\n<td>2 mg<\/td>\n<\/tr>\n<tr>\n<td>Chrom [als Crominex 3+ Chrom, stabilisiert mit Capros Amla-Extrakt (Frucht), PrimaVie Shilajit]<\/td>\n<td>200 mcg<\/td>\n<\/tr>\n<tr>\n<td>Molybd\u00e4n (als Molybd\u00e4n-Aminos\u00e4urechelat)<\/td>\n<td>100 mcg<\/td>\n<\/tr>\n<tr>\n<td>Inositol<\/td>\n<td>50 mg *<\/td>\n<\/tr>\n<tr>\n<td>Alpha-Lipons\u00e4ure<\/td>\n<td>25 mg *<\/td>\n<\/tr>\n<tr>\n<td>Nat\u00fcrliche gemischte Tocopherole (Gamma, Delta, Alpha, Beta)<\/td>\n<td>20 mg *<\/td>\n<\/tr>\n<tr>\n<td>Bio-Quercetin Phytosom<\/td>\n<td>15 mg *<\/td>\n<\/tr>\n<tr>\n<td>\u2013 davon Quercetin [aus japanischem Sophora-Konzentrat (Bl\u00fctenknospe)]<\/td>\n<td>5 mg *<\/td>\n<\/tr>\n<tr>\n<td>\u2013 davon Phosphatidylcholin-Komplex [aus Sonnenblume]<\/td>\n<td>\u2014<\/td>\n<\/tr>\n<tr>\n<td>Ringelblumenextrakt (Tagetes erecta) (Bl\u00fcte) [standardisiert auf 5 mg trans-Lutein, 155 mcg trans-Zeaxanthin]<\/td>\n<td>11.12 mg *<\/td>\n<\/tr>\n<tr>\n<td>Apigenin<\/td>\n<td>5 mg *<\/td>\n<\/tr>\n<tr>\n<td>Bor (als Bor-Aminos\u00e4urechelat)<\/td>\n<td>3 mg *<\/td>\n<\/tr>\n<\/tbody>\n<\/table>\n<p class=\"chcg-footnote\">* Kein festgelegter Tagesbedarf (NRV) vorhanden.<\/p>\n<\/p><\/div>\n<div class=\"chcg-ingredients\">\n<h3>Zutaten<\/h3>\n<p>Vitamin A (als Beta-Carotin, Acetat) 1500 mcg (5000 IU), Vitamin C (als Ascorbins\u00e4ure, Calcium- und Niacinamidascorbat) 500 mg, Vitamin D3 (als Cholecalciferol) 50 mcg (2000 IU), Vitamin E (als D-alpha-Tocopherylsuccinat, D-alpha-Tocopherol) 67 mg, Thiamin (Vitamin B1) (als Thiamin HCl) 75 mg, Riboflavin (Vitamin B2) (als Riboflavin, Riboflavin-5&#8242;-phosphat) 50 mg, Niacin (als Niacinamid, Niacinamidascorbat) 50 mg, Vitamin B6 (als Pyridoxin HCl, Pyridoxal-5&#8242;-phosphat) 75 mg, Folat (als L-5-Methyltetrahydrofolat-Calciumsalz) 400 mcg, Vitamin B12 (als Methylcobalamin) 300 mcg, Biotin 300 mcg, Pantothens\u00e4ure (als D-Calciumpantothenat) 50 mg, Jod (als Kaliumiodid) 150 mcg, Magnesium (als Magnesiumoxid) 100 mg, Zink (als Zinkcitrat, L-OptiZinc Zink-Mono-L-methioninsulfat) 25 mg, Selen [als Natriumselenit, SelenoExcell Hochselen-Hefe, Se-Methyl-L-Selenocystein] 200 mcg, Mangan (als Mangancitrat, -gluconat) 2 mg, Chrom [als Crominex 3+ Chrom, stabilisiert mit Capros Amla-Extrakt (Frucht), PrimaVie Shilajit] 200 mcg, Molybd\u00e4n (als Molybd\u00e4n-Aminos\u00e4urechelat) 100 mcg, Inositol 50 mg, Alpha-Lipons\u00e4ure 25 mg, Nat\u00fcrliche gemischte Tocopherole (Gamma, Delta, Alpha, Beta) 20 mg, Bio-Quercetin Phytosom (enth\u00e4lt 5 mg Quercetin [aus japanischem Sophora-Konzentrat (Bl\u00fctenknospe)], Phosphatidylcholin-Komplex [aus Sonnenblume]) 15 mg, Ringelblumenextrakt (Tagetes erecta) (Bl\u00fcte) [standardisiert auf 5 mg trans-Lutein, 155 mcg trans-Zeaxanthin] 11.12 mg, Apigenin 5 mg, Bor (als Bor-Aminos\u00e4urechelat) 3 mg. Weitere Zutaten: pflanzliche Cellulose (Kapsel), Dicalciumphosphat, modifizierte Lebensmittelst\u00e4rke, Siliciumdioxid, pflanzliches Stearat, mikrokristalline Cellulose, Maltodextrin, Sonnenblumenlecithin, Sonnenblumen\u00f6l.<\/p>\n<p class=\"chcg-capsule-shell\">Kapselh\u00fclle: Pflanzliche Cellulose<\/p>\n<\/p><\/div>\n<div class=\"chcg-dosage\">\n<h3>Verzehrempfehlung<\/h3>\n<p>T\u00e4glich zwei (2) Kapseln in aufgeteilten Dosen zu den Mahlzeiten einnehmen, oder gem\u00e4ss Empfehlung einer Fachperson im Gesundheitsbereich. Portionsgr\u00f6sse: 2 Kapseln. Portionen pro Packung: 60.<\/p>\n<\/p><\/div>\n<div class=\"chcg-warnings\">\n<h3>Warnhinweise<\/h3>\n<p>Personen, die t\u00e4glich mehr als 50 mcg (2000 IU) Vitamin D (aus Ern\u00e4hrung und Nahrungserg\u00e4nzungsmitteln) zu sich nehmen, sollten regelm\u00e4ssig den Serum-25-Hydroxy-Vitamin-D-Spiegel messen lassen. Eine Vitamin-D-Supplementierung wird f\u00fcr Personen mit erh\u00f6htem Blutcalciumspiegel nicht empfohlen. Nicht kaufen, wenn die \u00e4ussere Versiegelung besch\u00e4digt oder gebrochen ist. Bei der Einnahme von Nahrungserg\u00e4nzungsmitteln wird empfohlen, einen Arzt zu konsultieren, wenn eine medizinische Behandlung stattfindet oder wenn Schwangerschaft oder Stillzeit vorliegt. Ausserhalb der Reichweite von Kindern aufbewahren. Die empfohlene Tagesdosis nicht \u00fcberschreiten.<\/p>\n<\/p><\/div>\n<div class=\"chcg-allergens\">\n<h3>Allergeninformationen<\/h3>\n<p>Enth\u00e4lt Inhaltsstoffe aus Sonnenblume (Sonnenblumenlecithin, Sonnenblumen\u00f6l, Phosphatidylcholin aus Sonnenblume). Das Produkt ist frei von Soja. Es sind keine glutenhaltigen Zutaten aufgef\u00fchrt.<\/p>\n<\/p><\/div>\n<div class=\"chcg-storage\">\n<h3>Lagerung<\/h3>\n<p>Gut verschlossen an einem k\u00fchlen, trockenen Ort aufbewahren.<\/p>\n<\/p><\/div>\n<div class=\"chcg-dietary\">\n<h3>Ern\u00e4hrungshinweise<\/h3>\n<ul>\n<li>Vegetarisch<\/li>\n<li>Glutenfrei<\/li>\n<li>Laktosefrei<\/li>\n<\/ul><\/div>\n<\/div>\n","protected":false},"excerpt":{"rendered":"<p>Two-Per-Day Multivitamin von Life Extension liefert mit nur 2 Kapseln t\u00e4glich hochdosierte Vitamine, Mineralstoffe und Pflanzenstoffe in bioaktiven Formen. Vegetarisch, glutenfrei, 120 Kapseln (60 Portionen).<\/p>\n","protected":false},"featured_media":3390,"comment_status":"closed","ping_status":"open","template":"","meta":[],"product_brand":[202],"product_cat":[48,26,171,21],"product_tag":[],"class_list":{"0":"post-3389","1":"product","2":"type-product","3":"status-publish","4":"has-post-thumbnail","6":"product_brand-life-extension","7":"product_cat-gesunde-ernaehrung","8":"product_cat-multivitamine","9":"product_cat-vitamine-und-mineralien","10":"product_cat-vitamine-und-mineralstoffe","12":"first","13":"outofstock","14":"taxable","15":"shipping-taxable","16":"purchasable","17":"product-type-simple"},"yoast_head":"<!-- This site is optimized with the Yoast SEO plugin v27.5 - https:\/\/yoast.com\/product\/yoast-seo-wordpress\/ -->\n<title>Two-Per-Day Multivitamin \u2013 Life Extension | ecosupplements.ch<\/title>\n<meta name=\"description\" content=\"Hochdosiertes Multivitamin mit bioaktiven Vitaminformen, Mineralstoffen und Pflanzenstoffen \u2013 120 Kapseln f\u00fcr 60 Tage. Vegetarisch und glutenfrei. Jetzt bestellen.\" \/>\n<meta name=\"robots\" content=\"index, follow, max-snippet:-1, max-image-preview:large, max-video-preview:-1\" \/>\n<link rel=\"canonical\" href=\"https:\/\/ecosupplements.ch\/?product=two-per-day-multivitamin-120-caps\" \/>\n<meta property=\"og:locale\" content=\"de_DE\" \/>\n<meta property=\"og:type\" content=\"article\" \/>\n<meta property=\"og:title\" content=\"Two-Per-Day Multivitamin \u2013 Life Extension | ecosupplements.ch\" \/>\n<meta property=\"og:description\" content=\"Hochdosiertes Multivitamin mit bioaktiven Vitaminformen, Mineralstoffen und Pflanzenstoffen \u2013 120 Kapseln f\u00fcr 60 Tage. Vegetarisch und glutenfrei. Jetzt bestellen.\" \/>\n<meta property=\"og:url\" content=\"https:\/\/ecosupplements.ch\/?product=two-per-day-multivitamin-120-caps\" \/>\n<meta property=\"og:site_name\" content=\"Eco Supplements\" \/>\n<meta property=\"article:modified_time\" content=\"2026-05-13T07:22:36+00:00\" \/>\n<meta property=\"og:image\" content=\"https:\/\/ecosupplements.ch\/wp-content\/uploads\/2026\/05\/Two-Per-Day-Multivitamin-120-caps.webp\" \/>\n\t<meta property=\"og:image:width\" content=\"1000\" \/>\n\t<meta property=\"og:image:height\" content=\"1000\" \/>\n\t<meta property=\"og:image:type\" content=\"image\/jpeg\" \/>\n<meta name=\"twitter:card\" content=\"summary_large_image\" \/>\n<meta name=\"twitter:label1\" content=\"Price\" \/>\n\t<meta name=\"twitter:data1\" content=\"&#067;&#072;&#070;&nbsp;34.62\" \/>\n\t<meta name=\"twitter:label2\" content=\"Availability\" \/>\n\t<meta name=\"twitter:data2\" content=\"Out of stock\" \/>\n<script type=\"application\/ld+json\" class=\"yoast-schema-graph\">{\"@context\":\"https:\\\/\\\/schema.org\",\"@graph\":[{\"@type\":\"WebPage\",\"@id\":\"https:\\\/\\\/ecosupplements.ch\\\/?product=two-per-day-multivitamin-120-caps\",\"url\":\"https:\\\/\\\/ecosupplements.ch\\\/?product=two-per-day-multivitamin-120-caps\",\"name\":\"Two-Per-Day Multivitamin \u2013 Life Extension | ecosupplements.ch\",\"isPartOf\":{\"@id\":\"https:\\\/\\\/ecosupplements.ch\\\/#website\"},\"primaryImageOfPage\":{\"@id\":\"https:\\\/\\\/ecosupplements.ch\\\/?product=two-per-day-multivitamin-120-caps#primaryimage\"},\"image\":{\"@id\":\"https:\\\/\\\/ecosupplements.ch\\\/?product=two-per-day-multivitamin-120-caps#primaryimage\"},\"thumbnailUrl\":\"https:\\\/\\\/ecosupplements.ch\\\/wp-content\\\/uploads\\\/2026\\\/05\\\/Two-Per-Day-Multivitamin-120-caps.webp\",\"datePublished\":\"2026-05-11T14:45:10+00:00\",\"dateModified\":\"2026-05-13T07:22:36+00:00\",\"description\":\"Hochdosiertes Multivitamin mit bioaktiven Vitaminformen, Mineralstoffen und Pflanzenstoffen \u2013 120 Kapseln f\u00fcr 60 Tage. Vegetarisch und glutenfrei. Jetzt bestellen.\",\"breadcrumb\":{\"@id\":\"https:\\\/\\\/ecosupplements.ch\\\/?product=two-per-day-multivitamin-120-caps#breadcrumb\"},\"inLanguage\":\"de-CH\",\"potentialAction\":[{\"@type\":\"ReadAction\",\"target\":[\"https:\\\/\\\/ecosupplements.ch\\\/?product=two-per-day-multivitamin-120-caps\"]}]},{\"@type\":\"ImageObject\",\"inLanguage\":\"de-CH\",\"@id\":\"https:\\\/\\\/ecosupplements.ch\\\/?product=two-per-day-multivitamin-120-caps#primaryimage\",\"url\":\"https:\\\/\\\/ecosupplements.ch\\\/wp-content\\\/uploads\\\/2026\\\/05\\\/Two-Per-Day-Multivitamin-120-caps.webp\",\"contentUrl\":\"https:\\\/\\\/ecosupplements.ch\\\/wp-content\\\/uploads\\\/2026\\\/05\\\/Two-Per-Day-Multivitamin-120-caps.webp\",\"width\":1000,\"height\":1000,\"caption\":\"Two-Per-Day\"},{\"@type\":\"BreadcrumbList\",\"@id\":\"https:\\\/\\\/ecosupplements.ch\\\/?product=two-per-day-multivitamin-120-caps#breadcrumb\",\"itemListElement\":[{\"@type\":\"ListItem\",\"position\":1,\"name\":\"Home\",\"item\":\"https:\\\/\\\/ecosupplements.ch\\\/\"},{\"@type\":\"ListItem\",\"position\":2,\"name\":\"Shop\",\"item\":\"https:\\\/\\\/ecosupplements.ch\\\/?page_id=14\"},{\"@type\":\"ListItem\",\"position\":3,\"name\":\"Two-Per-Day, Multivitamin &#8211; 120 caps\"}]},{\"@type\":\"WebSite\",\"@id\":\"https:\\\/\\\/ecosupplements.ch\\\/#website\",\"url\":\"https:\\\/\\\/ecosupplements.ch\\\/\",\"name\":\"Eco Supplements\",\"description\":\"\",\"potentialAction\":[{\"@type\":\"SearchAction\",\"target\":{\"@type\":\"EntryPoint\",\"urlTemplate\":\"https:\\\/\\\/ecosupplements.ch\\\/?s={search_term_string}\"},\"query-input\":{\"@type\":\"PropertyValueSpecification\",\"valueRequired\":true,\"valueName\":\"search_term_string\"}}],\"inLanguage\":\"de-CH\"}]}<\/script>\n<meta property=\"product:price:amount\" content=\"34.62\" \/>\n<meta property=\"product:price:currency\" content=\"CHF\" \/>\n<meta property=\"og:availability\" content=\"out of stock\" \/>\n<meta property=\"product:availability\" content=\"out of stock\" \/>\n<meta property=\"product:retailer_item_id\" content=\"737870231417\" \/>\n<meta property=\"product:condition\" content=\"new\" \/>\n<!-- \/ Yoast SEO plugin. -->","yoast_head_json":{"title":"Two-Per-Day Multivitamin \u2013 Life Extension | ecosupplements.ch","description":"Hochdosiertes Multivitamin mit bioaktiven Vitaminformen, Mineralstoffen und Pflanzenstoffen \u2013 120 Kapseln f\u00fcr 60 Tage. Vegetarisch und glutenfrei. Jetzt bestellen.","robots":{"index":"index","follow":"follow","max-snippet":"max-snippet:-1","max-image-preview":"max-image-preview:large","max-video-preview":"max-video-preview:-1"},"canonical":"https:\/\/ecosupplements.ch\/?product=two-per-day-multivitamin-120-caps","og_locale":"de_DE","og_type":"article","og_title":"Two-Per-Day Multivitamin \u2013 Life Extension | ecosupplements.ch","og_description":"Hochdosiertes Multivitamin mit bioaktiven Vitaminformen, Mineralstoffen und Pflanzenstoffen \u2013 120 Kapseln f\u00fcr 60 Tage. Vegetarisch und glutenfrei. Jetzt bestellen.","og_url":"https:\/\/ecosupplements.ch\/?product=two-per-day-multivitamin-120-caps","og_site_name":"Eco Supplements","article_modified_time":"2026-05-13T07:22:36+00:00","og_image":[{"width":1000,"height":1000,"url":"https:\/\/ecosupplements.ch\/wp-content\/uploads\/2026\/05\/Two-Per-Day-Multivitamin-120-caps.webp","type":"image\/jpeg"}],"twitter_card":"summary_large_image","twitter_misc":{"Price":"&#67;&#72;&#70;&nbsp;34.62","Availability":"Out of stock"},"schema":{"@context":"https:\/\/schema.org","@graph":[{"@type":"WebPage","@id":"https:\/\/ecosupplements.ch\/?product=two-per-day-multivitamin-120-caps","url":"https:\/\/ecosupplements.ch\/?product=two-per-day-multivitamin-120-caps","name":"Two-Per-Day Multivitamin \u2013 Life Extension | ecosupplements.ch","isPartOf":{"@id":"https:\/\/ecosupplements.ch\/#website"},"primaryImageOfPage":{"@id":"https:\/\/ecosupplements.ch\/?product=two-per-day-multivitamin-120-caps#primaryimage"},"image":{"@id":"https:\/\/ecosupplements.ch\/?product=two-per-day-multivitamin-120-caps#primaryimage"},"thumbnailUrl":"https:\/\/ecosupplements.ch\/wp-content\/uploads\/2026\/05\/Two-Per-Day-Multivitamin-120-caps.webp","datePublished":"2026-05-11T14:45:10+00:00","dateModified":"2026-05-13T07:22:36+00:00","description":"Hochdosiertes Multivitamin mit bioaktiven Vitaminformen, Mineralstoffen und Pflanzenstoffen \u2013 120 Kapseln f\u00fcr 60 Tage. Vegetarisch und glutenfrei. Jetzt bestellen.","breadcrumb":{"@id":"https:\/\/ecosupplements.ch\/?product=two-per-day-multivitamin-120-caps#breadcrumb"},"inLanguage":"de-CH","potentialAction":[{"@type":"ReadAction","target":["https:\/\/ecosupplements.ch\/?product=two-per-day-multivitamin-120-caps"]}]},{"@type":"ImageObject","inLanguage":"de-CH","@id":"https:\/\/ecosupplements.ch\/?product=two-per-day-multivitamin-120-caps#primaryimage","url":"https:\/\/ecosupplements.ch\/wp-content\/uploads\/2026\/05\/Two-Per-Day-Multivitamin-120-caps.webp","contentUrl":"https:\/\/ecosupplements.ch\/wp-content\/uploads\/2026\/05\/Two-Per-Day-Multivitamin-120-caps.webp","width":1000,"height":1000,"caption":"Two-Per-Day"},{"@type":"BreadcrumbList","@id":"https:\/\/ecosupplements.ch\/?product=two-per-day-multivitamin-120-caps#breadcrumb","itemListElement":[{"@type":"ListItem","position":1,"name":"Home","item":"https:\/\/ecosupplements.ch\/"},{"@type":"ListItem","position":2,"name":"Shop","item":"https:\/\/ecosupplements.ch\/?page_id=14"},{"@type":"ListItem","position":3,"name":"Two-Per-Day, Multivitamin &#8211; 120 caps"}]},{"@type":"WebSite","@id":"https:\/\/ecosupplements.ch\/#website","url":"https:\/\/ecosupplements.ch\/","name":"Eco Supplements","description":"","potentialAction":[{"@type":"SearchAction","target":{"@type":"EntryPoint","urlTemplate":"https:\/\/ecosupplements.ch\/?s={search_term_string}"},"query-input":{"@type":"PropertyValueSpecification","valueRequired":true,"valueName":"search_term_string"}}],"inLanguage":"de-CH"}]},"product_price_amount":"34.62","product_price_currency":"CHF","og_availability":"out of stock","product_availability":"out of stock","product_retailer_item_id":"737870231417","product_condition":"new"},"_links":{"self":[{"href":"https:\/\/ecosupplements.ch\/index.php?rest_route=\/wp\/v2\/product\/3389","targetHints":{"allow":["GET"]}}],"collection":[{"href":"https:\/\/ecosupplements.ch\/index.php?rest_route=\/wp\/v2\/product"}],"about":[{"href":"https:\/\/ecosupplements.ch\/index.php?rest_route=\/wp\/v2\/types\/product"}],"replies":[{"embeddable":true,"href":"https:\/\/ecosupplements.ch\/index.php?rest_route=%2Fwp%2Fv2%2Fcomments&post=3389"}],"wp:featuredmedia":[{"embeddable":true,"href":"https:\/\/ecosupplements.ch\/index.php?rest_route=\/wp\/v2\/media\/3390"}],"wp:attachment":[{"href":"https:\/\/ecosupplements.ch\/index.php?rest_route=%2Fwp%2Fv2%2Fmedia&parent=3389"}],"wp:term":[{"taxonomy":"product_brand","embeddable":true,"href":"https:\/\/ecosupplements.ch\/index.php?rest_route=%2Fwp%2Fv2%2Fproduct_brand&post=3389"},{"taxonomy":"product_cat","embeddable":true,"href":"https:\/\/ecosupplements.ch\/index.php?rest_route=%2Fwp%2Fv2%2Fproduct_cat&post=3389"},{"taxonomy":"product_tag","embeddable":true,"href":"https:\/\/ecosupplements.ch\/index.php?rest_route=%2Fwp%2Fv2%2Fproduct_tag&post=3389"}],"curies":[{"name":"wp","href":"https:\/\/api.w.org\/{rel}","templated":true}]}}