{"id":3422,"date":"2026-05-11T14:45:26","date_gmt":"2026-05-11T14:45:26","guid":{"rendered":"https:\/\/ecosupplements.ch\/?product=adam-multi-vitamin-for-men-180-softgels"},"modified":"2026-05-13T07:22:53","modified_gmt":"2026-05-13T07:22:53","slug":"adam-multi-vitamin-for-men-180-softgels","status":"publish","type":"product","link":"https:\/\/ecosupplements.ch\/?product=adam-multi-vitamin-for-men-180-softgels","title":{"rendered":"ADAM Multi-Vitamin for Men &#8211; 180 softgels"},"content":{"rendered":"<div class=\"chcg-product-description\">\n<h2 class=\"chcg-heading\">\u00dcber NOW Foods \u2013 ADAM Multi-Vitamin f\u00fcr M\u00e4nner \u2013 180 Softgels<\/h2>\n<div class=\"chcg-intro\">\n<p>ADAM Multi-Vitamin von NOW Foods ist ein umfassendes Multivitaminpr\u00e4parat, das speziell auf die Bed\u00fcrfnisse des Mannes abgestimmt ist. Die Formel vereint \u00fcber 30 sorgf\u00e4ltig ausgew\u00e4hlte Vitamine, Mineralstoffe und Pflanzenstoffe in einer praktischen Softgel-Form \u2013 f\u00fcr eine optimale Bioverf\u00fcgbarkeit und einfache t\u00e4gliche Einnahme.<\/p>\n<p>Neben einem vollst\u00e4ndigen B-Vitamin-Komplex, den fettl\u00f6slichen Vitaminen A, D-3, E, K-1 und K-2 sowie wichtigen Spurenelementen enth\u00e4lt ADAM gezielte Botanicals wie Saw Palmetto-Extrakt (Serenoa repens), Lycopene (LYC-O-MATO\u00ae), Traubenkernextrakt und Coenzym Q10. Hochwertige, bisglycinat-gebundene Mineralstoffformen (TRAACS\u00ae, Albion\u2122) sorgen f\u00fcr eine besonders gute Vertr\u00e4glichkeit und Aufnahme.<\/p>\n<p>Mit 90 Portionen pro Packung bietet ADAM eine zuverl\u00e4ssige Versorgung f\u00fcr drei Monate. Das Produkt wird in einer GMP-zertifizierten Anlage hergestellt und ist frei von Gluten und Laktose.<\/p>\n<\/p><\/div>\n<div class=\"chcg-nutrition\">\n<h3>N\u00e4hrwertangaben<\/h3>\n<table class=\"chcg-nutrition-table\">\n<thead>\n<tr>\n<th>N\u00e4hrstoff<\/th>\n<th>Pro Portion (2 Softgels)<\/th>\n<\/tr>\n<\/thead>\n<tbody>\n<tr>\n<td>Vitamin A (60% als Beta-Carotin, 40% als Retinylpalmitat)<\/td>\n<td>3&#8217;000 mcg (333% NRV)<\/td>\n<\/tr>\n<tr>\n<td>Vitamin C (aus Calciumascorbat)<\/td>\n<td>250 mg (278% NRV)<\/td>\n<\/tr>\n<tr>\n<td>Vitamin D-3 (als Cholecalciferol)<\/td>\n<td>25 mcg \/ 1&#8217;000 IU (125% NRV)<\/td>\n<\/tr>\n<tr>\n<td>Vitamin E (als d-alpha Tocopherol)<\/td>\n<td>100 mg (667% NRV)<\/td>\n<\/tr>\n<tr>\n<td>Vitamin K-1 (als Phytonadion)<\/td>\n<td>35 mcg (29% NRV)<\/td>\n<\/tr>\n<tr>\n<td>Thiamin (Vitamin B-1)<\/td>\n<td>25 mg (2&#8217;083% NRV)<\/td>\n<\/tr>\n<tr>\n<td>Riboflavin (Vitamin B-2)<\/td>\n<td>25 mg (1&#8217;923% NRV)<\/td>\n<\/tr>\n<tr>\n<td>Niacin (Vitamin B-3) (als Niacinamid)<\/td>\n<td>35 mg (219% NRV)<\/td>\n<\/tr>\n<tr>\n<td>Vitamin B-6<\/td>\n<td>25 mg (1&#8217;471% NRV)<\/td>\n<\/tr>\n<tr>\n<td>Folat<\/td>\n<td>680 mcg DFE (170% NRV) [400 mcg Fols\u00e4ure]<\/td>\n<\/tr>\n<tr>\n<td>Vitamin B-12 (als Methylcobalamin)<\/td>\n<td>120 mcg (5&#8217;000% NRV)<\/td>\n<\/tr>\n<tr>\n<td>Biotin<\/td>\n<td>300 mcg (1&#8217;000% NRV)<\/td>\n<\/tr>\n<tr>\n<td>Pantothens\u00e4ure (Vitamin B-5)<\/td>\n<td>50 mg (1&#8217;000% NRV)<\/td>\n<\/tr>\n<tr>\n<td>Cholin (aus Cholinbitartrat)<\/td>\n<td>25 mg (\u2020)<\/td>\n<\/tr>\n<tr>\n<td>Calcium<\/td>\n<td>50 mg (4% NRV)<\/td>\n<\/tr>\n<tr>\n<td>Iod (aus Kaliumiodid)<\/td>\n<td>150 mcg (100% NRV)<\/td>\n<\/tr>\n<tr>\n<td>Magnesium (aus Magnesiumcitrat und Aquamin\u00ae)<\/td>\n<td>25 mg (6% NRV)<\/td>\n<\/tr>\n<tr>\n<td>Zink (aus Zinkbisglycinat) (TRAACS\u00ae)<\/td>\n<td>15 mg (136% NRV)<\/td>\n<\/tr>\n<tr>\n<td>Selen (aus Selenbisglycinat) (Albion\u2122)<\/td>\n<td>200 mcg (364% NRV)<\/td>\n<\/tr>\n<tr>\n<td>Kupfer (aus Kupferbisglycinat)<\/td>\n<td>2 mg (222% NRV)<\/td>\n<\/tr>\n<tr>\n<td>Mangan (aus Manganbisglycinat) (TRAACS\u00ae)<\/td>\n<td>2 mg (87% NRV)<\/td>\n<\/tr>\n<tr>\n<td>Chrom (aus Chromnicotinatglycinat) (TRAACS\u2122)<\/td>\n<td>120 mcg (343% NRV)<\/td>\n<\/tr>\n<tr>\n<td>Molybd\u00e4n (aus Molybd\u00e4nglycinat) (TRAACS\u2122)<\/td>\n<td>75 mcg (167% NRV)<\/td>\n<\/tr>\n<tr>\n<td>Kalium (aus Kaliumchlorid)<\/td>\n<td>25 mg (&lt;1% NRV)<\/td>\n<\/tr>\n<tr>\n<td>Saw Palmetto-Extrakt (Beere) (Serenoa repens)<\/td>\n<td>160 mg (\u2020)<\/td>\n<\/tr>\n<tr>\n<td>Phytosterole (Pflanzensterole) (mit Beta-Sitosterin)<\/td>\n<td>50 mg (\u2020)<\/td>\n<\/tr>\n<tr>\n<td>Alpha-Lipons\u00e4ure<\/td>\n<td>25 mg (\u2020)<\/td>\n<\/tr>\n<tr>\n<td>Traubenkernextrakt (Vitis vinifera)<\/td>\n<td>25 mg (\u2020)<\/td>\n<\/tr>\n<tr>\n<td>Inositol<\/td>\n<td>10 mg (\u2020)<\/td>\n<\/tr>\n<tr>\n<td>CoQ10 (als Ubiquinon)<\/td>\n<td>10 mg (\u2020)<\/td>\n<\/tr>\n<tr>\n<td>Lycopene (LYC-O-MATO\u00ae) (aus nat\u00fcrlichem Tomatenextrakt)<\/td>\n<td>3 mg (\u2020)<\/td>\n<\/tr>\n<tr>\n<td>Lutein (FloraGLO\u00ae) (aus Ringelblumenbl\u00fcten)<\/td>\n<td>500 mcg (\u2020)<\/td>\n<\/tr>\n<tr>\n<td>Vitamin K-2 (als Menachinon)<\/td>\n<td>45 mcg (\u2020)<\/td>\n<\/tr>\n<\/tbody>\n<\/table>\n<p class=\"chcg-footnote\">\u2020 Kein N\u00e4hrstoffbezugswert (NRV) festgelegt.<\/p>\n<\/p><\/div>\n<div class=\"chcg-ingredients\">\n<h3>Zutaten<\/h3>\n<p>Vitamin A (60% als Beta-Carotin (Betatene\u00ae) und 40% als Retinylpalmitat), Vitamin C (aus Calciumascorbat), Vitamin D-3 (als Cholecalciferol), Vitamin E (als d-alpha Tocopherol), Vitamin K-1 (als Phytonadion), Thiamin (Vitamin B-1) (aus Thiamin-HCl), Riboflavin (Vitamin B-2), Niacin (Vitamin B-3) (als Niacinamid), Vitamin B-6 (aus Pyridoxin-HCl und Pyridoxal-5-Phosphat (P-5-P)), Folat (400 mcg Fols\u00e4ure), Vitamin B-12 (als Methylcobalamin), Biotin, Pantothens\u00e4ure (Vitamin B-5) (aus Calciumpantothenat), Cholin (aus Cholinbitartrat), Calcium (aus Calciumascorbat, Aquamin\u00ae meeresalgenbasierte Mineralien und Calciumpantothenat), Iod (aus Kaliumiodid), Magnesium (aus Magnesiumcitrat und Aquamin\u00ae meeresalgenbasierte Mineralien), Zink (aus Zinkbisglycinat) (TRAACS\u00ae), Selen (aus Selenbisglycinat) (Albion\u2122), Kupfer (aus Kupferbisglycinat), Mangan (aus Manganbisglycinat) (TRAACS\u00ae), Chrom (aus Chromnicotinatglycinat) (TRAACS\u2122), Molybd\u00e4n (aus Molybd\u00e4nglycinat) (TRAACS\u2122), Kalium (aus Kaliumchlorid), Saw Palmetto-Extrakt (Beere) (Serenoa repens) (min. 85% Fetts\u00e4uren), Phytosterole (Pflanzensterole) (mit Beta-Sitosterin), Alpha-Lipons\u00e4ure, Traubenkernextrakt (Vitis vinifera), Inositol, CoQ10 (als Ubiquinon), Lycopene (LYC-O-MATO\u00ae) (aus nat\u00fcrlichem Tomatenextrakt), Lutein (FloraGLO\u00ae) (aus Ringelblumenbl\u00fcten), Vitamin K-2 (als Menachinon). Weitere Zutaten: K\u00fcrbiskern\u00f6l, Sonnenblumenlecithin, Bienenwachs und Zimtrindenpulver. Enth\u00e4lt Soja.<\/p>\n<p class=\"chcg-capsule-shell\">Kapselh\u00fclle: Softgel-Kapsel [Rindergelatine (BSE-frei), Glycerin, Wasser, Johannisbrot]\n<\/p><\/div>\n<div class=\"chcg-dosage\">\n<h3>Verzehrempfehlung<\/h3>\n<p>T\u00e4glich 2 Softgels zu einer Mahlzeit einnehmen.<\/p>\n<\/p><\/div>\n<div class=\"chcg-warnings\">\n<h3>Warnhinweise<\/h3>\n<p>Nur f\u00fcr Erwachsene. Bei Schwangerschaft oder Stillzeit, bei Einnahme von Medikamenten oder bei bestehenden gesundheitlichen Beschwerden vor der Einnahme einen Arzt konsultieren. Ausserhalb der Reichweite von Kindern aufbewahren. Dieses Produkt enth\u00e4lt Biotin, das einige Bluttestergebnisse beeinflussen kann. Nat\u00fcrliche Farbabweichungen des Produkts sind m\u00f6glich.<\/p>\n<\/p><\/div>\n<div class=\"chcg-allergens\">\n<h3>Allergeninformationen<\/h3>\n<p>Enth\u00e4lt Soja. Nicht hergestellt mit Weizen, Gluten, Milch, Ei, Fisch, Schalentieren, Schalenfr\u00fcchten oder Sesam. Hergestellt in einer GMP-zertifizierten Anlage, die auch andere Zutaten verarbeitet, welche diese Allergene enthalten k\u00f6nnen.<\/p>\n<\/p><\/div>\n<div class=\"chcg-storage\">\n<h3>Lagerung<\/h3>\n<p>Nach dem \u00d6ffnen k\u00fchl und trocken lagern.<\/p>\n<\/p><\/div>\n<div class=\"chcg-dietary\">\n<h3>Ern\u00e4hrungshinweise<\/h3>\n<ul>\n<li>Glutenfrei<\/li>\n<li>Laktosefrei<\/li>\n<\/ul><\/div>\n<\/div>\n","protected":false},"excerpt":{"rendered":"<p>ADAM Multi-Vitamin von NOW Foods liefert \u00fcber 30 Vitamine, Mineralien und Pflanzenstoffe f\u00fcr den Mann \u2013 inklusive Saw Palmetto und Lycopene. 180 Softgels f\u00fcr 90 Portionen. Glutenfrei und laktosefrei.<\/p>\n","protected":false},"featured_media":3423,"comment_status":"closed","ping_status":"open","template":"","meta":[],"product_brand":[454],"product_cat":[48,25,26,21],"product_tag":[],"class_list":{"0":"post-3422","1":"product","2":"type-product","3":"status-publish","4":"has-post-thumbnail","6":"product_brand-nownow-foods","7":"product_cat-gesunde-ernaehrung","8":"product_cat-gesundheit-und-wohlbefinden","9":"product_cat-multivitamine","10":"product_cat-vitamine-und-mineralstoffe","12":"first","13":"outofstock","14":"taxable","15":"shipping-taxable","16":"purchasable","17":"product-type-simple"},"yoast_head":"<!-- This site is optimized with the Yoast SEO plugin v27.5 - https:\/\/yoast.com\/product\/yoast-seo-wordpress\/ -->\n<title>ADAM Multi-Vitamin f\u00fcr M\u00e4nner 180 Softgels \u2013 NOW Foods<\/title>\n<meta name=\"description\" content=\"Umfassendes Multivitaminpr\u00e4parat f\u00fcr M\u00e4nner mit \u00fcber 30 N\u00e4hrstoffen und Pflanzenstoffen \u2013 180 Softgels (90 Portionen). Jetzt bestellen.\" \/>\n<meta name=\"robots\" content=\"index, follow, max-snippet:-1, max-image-preview:large, max-video-preview:-1\" \/>\n<link rel=\"canonical\" href=\"https:\/\/ecosupplements.ch\/?product=adam-multi-vitamin-for-men-180-softgels\" \/>\n<meta property=\"og:locale\" content=\"de_DE\" \/>\n<meta property=\"og:type\" content=\"article\" \/>\n<meta property=\"og:title\" content=\"ADAM Multi-Vitamin f\u00fcr M\u00e4nner 180 Softgels \u2013 NOW Foods\" \/>\n<meta property=\"og:description\" content=\"Umfassendes Multivitaminpr\u00e4parat f\u00fcr M\u00e4nner mit \u00fcber 30 N\u00e4hrstoffen und Pflanzenstoffen \u2013 180 Softgels (90 Portionen). Jetzt bestellen.\" \/>\n<meta property=\"og:url\" content=\"https:\/\/ecosupplements.ch\/?product=adam-multi-vitamin-for-men-180-softgels\" \/>\n<meta property=\"og:site_name\" content=\"Eco Supplements\" \/>\n<meta property=\"article:modified_time\" content=\"2026-05-13T07:22:53+00:00\" \/>\n<meta property=\"og:image\" content=\"https:\/\/ecosupplements.ch\/wp-content\/uploads\/2026\/05\/ADAM-Multi-Vitamin-for-Men-180-softgels.webp\" \/>\n\t<meta property=\"og:image:width\" content=\"1000\" \/>\n\t<meta property=\"og:image:height\" content=\"1000\" \/>\n\t<meta property=\"og:image:type\" content=\"image\/jpeg\" \/>\n<meta name=\"twitter:card\" content=\"summary_large_image\" \/>\n<meta name=\"twitter:label1\" content=\"Price\" \/>\n\t<meta name=\"twitter:data1\" content=\"&#067;&#072;&#070;&nbsp;63.48\" \/>\n\t<meta name=\"twitter:label2\" content=\"Availability\" \/>\n\t<meta name=\"twitter:data2\" content=\"Out of stock\" \/>\n<script type=\"application\/ld+json\" class=\"yoast-schema-graph\">{\"@context\":\"https:\\\/\\\/schema.org\",\"@graph\":[{\"@type\":\"WebPage\",\"@id\":\"https:\\\/\\\/ecosupplements.ch\\\/?product=adam-multi-vitamin-for-men-180-softgels\",\"url\":\"https:\\\/\\\/ecosupplements.ch\\\/?product=adam-multi-vitamin-for-men-180-softgels\",\"name\":\"ADAM Multi-Vitamin f\u00fcr M\u00e4nner 180 Softgels \u2013 NOW Foods\",\"isPartOf\":{\"@id\":\"https:\\\/\\\/ecosupplements.ch\\\/#website\"},\"primaryImageOfPage\":{\"@id\":\"https:\\\/\\\/ecosupplements.ch\\\/?product=adam-multi-vitamin-for-men-180-softgels#primaryimage\"},\"image\":{\"@id\":\"https:\\\/\\\/ecosupplements.ch\\\/?product=adam-multi-vitamin-for-men-180-softgels#primaryimage\"},\"thumbnailUrl\":\"https:\\\/\\\/ecosupplements.ch\\\/wp-content\\\/uploads\\\/2026\\\/05\\\/ADAM-Multi-Vitamin-for-Men-180-softgels.webp\",\"datePublished\":\"2026-05-11T14:45:26+00:00\",\"dateModified\":\"2026-05-13T07:22:53+00:00\",\"description\":\"Umfassendes Multivitaminpr\u00e4parat f\u00fcr M\u00e4nner mit \u00fcber 30 N\u00e4hrstoffen und Pflanzenstoffen \u2013 180 Softgels (90 Portionen). Jetzt bestellen.\",\"breadcrumb\":{\"@id\":\"https:\\\/\\\/ecosupplements.ch\\\/?product=adam-multi-vitamin-for-men-180-softgels#breadcrumb\"},\"inLanguage\":\"de-CH\",\"potentialAction\":[{\"@type\":\"ReadAction\",\"target\":[\"https:\\\/\\\/ecosupplements.ch\\\/?product=adam-multi-vitamin-for-men-180-softgels\"]}]},{\"@type\":\"ImageObject\",\"inLanguage\":\"de-CH\",\"@id\":\"https:\\\/\\\/ecosupplements.ch\\\/?product=adam-multi-vitamin-for-men-180-softgels#primaryimage\",\"url\":\"https:\\\/\\\/ecosupplements.ch\\\/wp-content\\\/uploads\\\/2026\\\/05\\\/ADAM-Multi-Vitamin-for-Men-180-softgels.webp\",\"contentUrl\":\"https:\\\/\\\/ecosupplements.ch\\\/wp-content\\\/uploads\\\/2026\\\/05\\\/ADAM-Multi-Vitamin-for-Men-180-softgels.webp\",\"width\":1000,\"height\":1000,\"caption\":\"ADAM Multi-Vitamin for Men - 180 softgels\"},{\"@type\":\"BreadcrumbList\",\"@id\":\"https:\\\/\\\/ecosupplements.ch\\\/?product=adam-multi-vitamin-for-men-180-softgels#breadcrumb\",\"itemListElement\":[{\"@type\":\"ListItem\",\"position\":1,\"name\":\"Home\",\"item\":\"https:\\\/\\\/ecosupplements.ch\\\/\"},{\"@type\":\"ListItem\",\"position\":2,\"name\":\"Shop\",\"item\":\"https:\\\/\\\/ecosupplements.ch\\\/?page_id=14\"},{\"@type\":\"ListItem\",\"position\":3,\"name\":\"ADAM Multi-Vitamin for Men &#8211; 180 softgels\"}]},{\"@type\":\"WebSite\",\"@id\":\"https:\\\/\\\/ecosupplements.ch\\\/#website\",\"url\":\"https:\\\/\\\/ecosupplements.ch\\\/\",\"name\":\"Eco Supplements\",\"description\":\"\",\"potentialAction\":[{\"@type\":\"SearchAction\",\"target\":{\"@type\":\"EntryPoint\",\"urlTemplate\":\"https:\\\/\\\/ecosupplements.ch\\\/?s={search_term_string}\"},\"query-input\":{\"@type\":\"PropertyValueSpecification\",\"valueRequired\":true,\"valueName\":\"search_term_string\"}}],\"inLanguage\":\"de-CH\"}]}<\/script>\n<meta property=\"product:price:amount\" content=\"63.48\" \/>\n<meta property=\"product:price:currency\" content=\"CHF\" \/>\n<meta property=\"og:availability\" content=\"out of stock\" \/>\n<meta property=\"product:availability\" content=\"out of stock\" \/>\n<meta property=\"product:retailer_item_id\" content=\"733739038814\" \/>\n<meta property=\"product:condition\" content=\"new\" \/>\n<!-- \/ Yoast SEO plugin. -->","yoast_head_json":{"title":"ADAM Multi-Vitamin f\u00fcr M\u00e4nner 180 Softgels \u2013 NOW Foods","description":"Umfassendes Multivitaminpr\u00e4parat f\u00fcr M\u00e4nner mit \u00fcber 30 N\u00e4hrstoffen und Pflanzenstoffen \u2013 180 Softgels (90 Portionen). Jetzt bestellen.","robots":{"index":"index","follow":"follow","max-snippet":"max-snippet:-1","max-image-preview":"max-image-preview:large","max-video-preview":"max-video-preview:-1"},"canonical":"https:\/\/ecosupplements.ch\/?product=adam-multi-vitamin-for-men-180-softgels","og_locale":"de_DE","og_type":"article","og_title":"ADAM Multi-Vitamin f\u00fcr M\u00e4nner 180 Softgels \u2013 NOW Foods","og_description":"Umfassendes Multivitaminpr\u00e4parat f\u00fcr M\u00e4nner mit \u00fcber 30 N\u00e4hrstoffen und Pflanzenstoffen \u2013 180 Softgels (90 Portionen). Jetzt bestellen.","og_url":"https:\/\/ecosupplements.ch\/?product=adam-multi-vitamin-for-men-180-softgels","og_site_name":"Eco Supplements","article_modified_time":"2026-05-13T07:22:53+00:00","og_image":[{"width":1000,"height":1000,"url":"https:\/\/ecosupplements.ch\/wp-content\/uploads\/2026\/05\/ADAM-Multi-Vitamin-for-Men-180-softgels.webp","type":"image\/jpeg"}],"twitter_card":"summary_large_image","twitter_misc":{"Price":"&#67;&#72;&#70;&nbsp;63.48","Availability":"Out of stock"},"schema":{"@context":"https:\/\/schema.org","@graph":[{"@type":"WebPage","@id":"https:\/\/ecosupplements.ch\/?product=adam-multi-vitamin-for-men-180-softgels","url":"https:\/\/ecosupplements.ch\/?product=adam-multi-vitamin-for-men-180-softgels","name":"ADAM Multi-Vitamin f\u00fcr M\u00e4nner 180 Softgels \u2013 NOW Foods","isPartOf":{"@id":"https:\/\/ecosupplements.ch\/#website"},"primaryImageOfPage":{"@id":"https:\/\/ecosupplements.ch\/?product=adam-multi-vitamin-for-men-180-softgels#primaryimage"},"image":{"@id":"https:\/\/ecosupplements.ch\/?product=adam-multi-vitamin-for-men-180-softgels#primaryimage"},"thumbnailUrl":"https:\/\/ecosupplements.ch\/wp-content\/uploads\/2026\/05\/ADAM-Multi-Vitamin-for-Men-180-softgels.webp","datePublished":"2026-05-11T14:45:26+00:00","dateModified":"2026-05-13T07:22:53+00:00","description":"Umfassendes Multivitaminpr\u00e4parat f\u00fcr M\u00e4nner mit \u00fcber 30 N\u00e4hrstoffen und Pflanzenstoffen \u2013 180 Softgels (90 Portionen). Jetzt bestellen.","breadcrumb":{"@id":"https:\/\/ecosupplements.ch\/?product=adam-multi-vitamin-for-men-180-softgels#breadcrumb"},"inLanguage":"de-CH","potentialAction":[{"@type":"ReadAction","target":["https:\/\/ecosupplements.ch\/?product=adam-multi-vitamin-for-men-180-softgels"]}]},{"@type":"ImageObject","inLanguage":"de-CH","@id":"https:\/\/ecosupplements.ch\/?product=adam-multi-vitamin-for-men-180-softgels#primaryimage","url":"https:\/\/ecosupplements.ch\/wp-content\/uploads\/2026\/05\/ADAM-Multi-Vitamin-for-Men-180-softgels.webp","contentUrl":"https:\/\/ecosupplements.ch\/wp-content\/uploads\/2026\/05\/ADAM-Multi-Vitamin-for-Men-180-softgels.webp","width":1000,"height":1000,"caption":"ADAM Multi-Vitamin for Men - 180 softgels"},{"@type":"BreadcrumbList","@id":"https:\/\/ecosupplements.ch\/?product=adam-multi-vitamin-for-men-180-softgels#breadcrumb","itemListElement":[{"@type":"ListItem","position":1,"name":"Home","item":"https:\/\/ecosupplements.ch\/"},{"@type":"ListItem","position":2,"name":"Shop","item":"https:\/\/ecosupplements.ch\/?page_id=14"},{"@type":"ListItem","position":3,"name":"ADAM Multi-Vitamin for Men &#8211; 180 softgels"}]},{"@type":"WebSite","@id":"https:\/\/ecosupplements.ch\/#website","url":"https:\/\/ecosupplements.ch\/","name":"Eco Supplements","description":"","potentialAction":[{"@type":"SearchAction","target":{"@type":"EntryPoint","urlTemplate":"https:\/\/ecosupplements.ch\/?s={search_term_string}"},"query-input":{"@type":"PropertyValueSpecification","valueRequired":true,"valueName":"search_term_string"}}],"inLanguage":"de-CH"}]},"product_price_amount":"63.48","product_price_currency":"CHF","og_availability":"out of stock","product_availability":"out of stock","product_retailer_item_id":"733739038814","product_condition":"new"},"_links":{"self":[{"href":"https:\/\/ecosupplements.ch\/index.php?rest_route=\/wp\/v2\/product\/3422","targetHints":{"allow":["GET"]}}],"collection":[{"href":"https:\/\/ecosupplements.ch\/index.php?rest_route=\/wp\/v2\/product"}],"about":[{"href":"https:\/\/ecosupplements.ch\/index.php?rest_route=\/wp\/v2\/types\/product"}],"replies":[{"embeddable":true,"href":"https:\/\/ecosupplements.ch\/index.php?rest_route=%2Fwp%2Fv2%2Fcomments&post=3422"}],"wp:featuredmedia":[{"embeddable":true,"href":"https:\/\/ecosupplements.ch\/index.php?rest_route=\/wp\/v2\/media\/3423"}],"wp:attachment":[{"href":"https:\/\/ecosupplements.ch\/index.php?rest_route=%2Fwp%2Fv2%2Fmedia&parent=3422"}],"wp:term":[{"taxonomy":"product_brand","embeddable":true,"href":"https:\/\/ecosupplements.ch\/index.php?rest_route=%2Fwp%2Fv2%2Fproduct_brand&post=3422"},{"taxonomy":"product_cat","embeddable":true,"href":"https:\/\/ecosupplements.ch\/index.php?rest_route=%2Fwp%2Fv2%2Fproduct_cat&post=3422"},{"taxonomy":"product_tag","embeddable":true,"href":"https:\/\/ecosupplements.ch\/index.php?rest_route=%2Fwp%2Fv2%2Fproduct_tag&post=3422"}],"curies":[{"name":"wp","href":"https:\/\/api.w.org\/{rel}","templated":true}]}}