{"id":3440,"date":"2026-05-11T14:45:34","date_gmt":"2026-05-11T14:45:34","guid":{"rendered":"https:\/\/ecosupplements.ch\/?product=black-cohosh-root-80mg-90-vcaps"},"modified":"2026-05-13T07:22:56","modified_gmt":"2026-05-13T07:22:56","slug":"black-cohosh-root-80mg-90-vcaps","status":"publish","type":"product","link":"https:\/\/ecosupplements.ch\/?product=black-cohosh-root-80mg-90-vcaps","title":{"rendered":"Black Cohosh Root, 80mg &#8211; 90 vcaps"},"content":{"rendered":"<div class=\"chcg-product-description\">\n<h2 class=\"chcg-heading\">\u00dcber NOW Foods \u2013 Black Cohosh Root, 80mg \u2013 90 Vcaps<\/h2>\n<div class=\"chcg-intro\">\n<p>Black Cohosh (Actaea racemosa), auch bekannt als Traubensilberkerze, ist eine traditionelle Heilpflanze aus Nordamerika, die seit Jahrhunderten von Frauen gesch\u00e4tzt wird. Das Black Cohosh Extrakt in diesem Produkt ist auf 2,5 % Triterpenglykoside standardisiert und gew\u00e4hrleistet so eine gleichbleibend hohe Qualit\u00e4t und Wirkstoffkonzentration pro Kapsel.<\/p>\n<p>Die Formel von NOW Foods vereint Black Cohosh mit S\u00fcssholzwurzel (Glycyrrhiza glabra) und Dong Quai (Angelica sinensis) \u2013 zwei in der traditionellen Pflanzenheilkunde weitverbreiteten Wurzeln, die h\u00e4ufig als erg\u00e4nzende Bestandteile in Frauenkr\u00e4uterformeln eingesetzt werden. Diese sorgf\u00e4ltig zusammengestellte Kombination bietet eine nat\u00fcrliche Unterst\u00fctzung f\u00fcr das Wohlbefinden der Frau.<\/p>\n<p>Jede vegetarische Kapsel von NOW Foods enth\u00e4lt 80 mg standardisierten Black Cohosh Extrakt sowie je 125 mg S\u00fcssholzwurzel und Dong Quai. Das Produkt ist vegan, glutenfrei und wird ohne tierische Gelatine hergestellt \u2013 ideal f\u00fcr Frauen, die Wert auf pflanzliche Nahrungserg\u00e4nzungsmittel legen.<\/p>\n<\/p><\/div>\n<div class=\"chcg-nutrition\">\n<h3>N\u00e4hrwertangaben<\/h3>\n<table class=\"chcg-nutrition-table\">\n<thead>\n<tr>\n<th>N\u00e4hrstoff<\/th>\n<th>Pro Portion (1 Vcap)<\/th>\n<\/tr>\n<\/thead>\n<tbody>\n<tr>\n<td>Black Cohosh Extrakt (Actaea racemosa) (Wurzel) [Standardisiert auf 2,5 % Triterpenglykoside, berechnet als 27-Deoxyactein (2 mg)]<\/td>\n<td>80 mg*<\/td>\n<\/tr>\n<tr>\n<td>S\u00fcssholz (Glycyrrhiza glabra) (Wurzel)<\/td>\n<td>125 mg*<\/td>\n<\/tr>\n<tr>\n<td>Dong Quai (Angelica sinensis) (Rhizom\/Wurzel)<\/td>\n<td>125 mg*<\/td>\n<\/tr>\n<\/tbody>\n<\/table>\n<p class=\"chcg-footnote\">* Kein festgelegter Tagesreferenzwert vorhanden.<\/p>\n<\/p><\/div>\n<div class=\"chcg-ingredients\">\n<h3>Zutaten<\/h3>\n<p>Black Cohosh Extrakt (Actaea racemosa) (Wurzel) [Standardisiert auf 2,5 % Triterpenglykoside, berechnet als 27-Deoxyactein (2 mg)], S\u00fcssholz (Glycyrrhiza glabra) (Wurzel), Dong Quai (Angelica sinensis) (Rhizom\/Wurzel), Zellulose (Kapsel), Reismehl und Magnesiumstearat (pflanzliche Quelle).<\/p>\n<p class=\"chcg-capsule-shell\">Kapselh\u00fclle: Zellulose<\/p>\n<\/p><\/div>\n<div class=\"chcg-dosage\">\n<h3>Verzehrempfehlung<\/h3>\n<p>T\u00e4glich 2 Kapseln einnehmen (1 Kapsel am Morgen, 1 Kapsel am Abend).<\/p>\n<\/p><\/div>\n<div class=\"chcg-warnings\">\n<h3>Warnhinweise<\/h3>\n<p>Nur f\u00fcr Erwachsene. Nicht geeignet f\u00fcr Schwangere oder stillende Frauen. Bei Einnahme von Medikamenten oder bei bestehenden Erkrankungen vor der Anwendung einen Arzt konsultieren. Ausserhalb der Reichweite von Kindern aufbewahren.<\/p>\n<\/p><\/div>\n<div class=\"chcg-allergens\">\n<h3>Allergeninformationen<\/h3>\n<p>Nicht hergestellt mit Hefe, Weizen, Gluten, Soja, Milch, Ei, Fisch, Schalentieren oder Baumnuss-Zutaten. Produziert in einer GMP-zertifizierten Anlage, die auch andere Zutaten verarbeitet, welche diese Allergene enthalten k\u00f6nnen.<\/p>\n<\/p><\/div>\n<div class=\"chcg-storage\">\n<h3>Lagerung<\/h3>\n<p>Nach dem \u00d6ffnen an einem k\u00fchlen, trockenen Ort aufbewahren.<\/p>\n<\/p><\/div>\n<div class=\"chcg-dietary\">\n<h3>Ern\u00e4hrungshinweise<\/h3>\n<ul>\n<li>Vegan<\/li>\n<li>Vegetarisch<\/li>\n<li>Glutenfrei<\/li>\n<li>Laktosefrei<\/li>\n<\/ul><\/div>\n<\/div>\n","protected":false},"excerpt":{"rendered":"<p>Black Cohosh Root von NOW Foods liefert 80 mg standardisierten Traubensilberkerzen-Extrakt kombiniert mit S\u00fcssholz und Dong Quai zur traditionellen Unterst\u00fctzung des weiblichen Wohlbefindens. Erh\u00e4ltlich als vegane Vcaps in einer Packung mit 90 Kapseln.<\/p>\n","protected":false},"featured_media":3441,"comment_status":"closed","ping_status":"open","template":"","meta":[],"product_brand":[454],"product_cat":[48,25,26,32,44,115,22,21],"product_tag":[],"class_list":{"0":"post-3440","1":"product","2":"type-product","3":"status-publish","4":"has-post-thumbnail","6":"product_brand-nownow-foods","7":"product_cat-gesunde-ernaehrung","8":"product_cat-gesundheit-und-wohlbefinden","9":"product_cat-multivitamine","10":"product_cat-nahrungsergaenzungsmittel-fuer-frauen","11":"product_cat-pflanzliche-nahrungsergaenzungsmittel","12":"product_cat-spirulina","13":"product_cat-vegane-produkte","14":"product_cat-vitamine-und-mineralstoffe","16":"first","17":"outofstock","18":"taxable","19":"shipping-taxable","20":"purchasable","21":"product-type-simple"},"yoast_head":"<!-- This site is optimized with the Yoast SEO plugin v27.5 - https:\/\/yoast.com\/product\/yoast-seo-wordpress\/ -->\n<title>Black Cohosh Root 80mg \u2013 NOW Foods | ecosupplements.ch<\/title>\n<meta name=\"description\" content=\"NOW Foods Black Cohosh Root 80mg vereint Traubensilberkerzen-Extrakt mit S\u00fcssholz und Dong Quai in 90 veganen Kapseln. Jetzt bestellen.\" \/>\n<meta name=\"robots\" content=\"index, follow, max-snippet:-1, max-image-preview:large, max-video-preview:-1\" \/>\n<link rel=\"canonical\" href=\"https:\/\/ecosupplements.ch\/?product=black-cohosh-root-80mg-90-vcaps\" \/>\n<meta property=\"og:locale\" content=\"de_DE\" \/>\n<meta property=\"og:type\" content=\"article\" \/>\n<meta property=\"og:title\" content=\"Black Cohosh Root 80mg \u2013 NOW Foods | ecosupplements.ch\" \/>\n<meta property=\"og:description\" content=\"NOW Foods Black Cohosh Root 80mg vereint Traubensilberkerzen-Extrakt mit S\u00fcssholz und Dong Quai in 90 veganen Kapseln. Jetzt bestellen.\" \/>\n<meta property=\"og:url\" content=\"https:\/\/ecosupplements.ch\/?product=black-cohosh-root-80mg-90-vcaps\" \/>\n<meta property=\"og:site_name\" content=\"Eco Supplements\" \/>\n<meta property=\"article:modified_time\" content=\"2026-05-13T07:22:56+00:00\" \/>\n<meta property=\"og:image\" content=\"https:\/\/ecosupplements.ch\/wp-content\/uploads\/2026\/05\/Black-Cohosh-Root-80mg-90-vcaps.webp\" \/>\n\t<meta property=\"og:image:width\" content=\"1000\" \/>\n\t<meta property=\"og:image:height\" content=\"1000\" \/>\n\t<meta property=\"og:image:type\" content=\"image\/jpeg\" \/>\n<meta name=\"twitter:card\" content=\"summary_large_image\" \/>\n<meta name=\"twitter:label1\" content=\"Price\" \/>\n\t<meta name=\"twitter:data1\" content=\"&#067;&#072;&#070;&nbsp;15.69\" \/>\n\t<meta name=\"twitter:label2\" content=\"Availability\" \/>\n\t<meta name=\"twitter:data2\" content=\"Out of stock\" \/>\n<script type=\"application\/ld+json\" class=\"yoast-schema-graph\">{\"@context\":\"https:\\\/\\\/schema.org\",\"@graph\":[{\"@type\":\"WebPage\",\"@id\":\"https:\\\/\\\/ecosupplements.ch\\\/?product=black-cohosh-root-80mg-90-vcaps\",\"url\":\"https:\\\/\\\/ecosupplements.ch\\\/?product=black-cohosh-root-80mg-90-vcaps\",\"name\":\"Black Cohosh Root 80mg \u2013 NOW Foods | ecosupplements.ch\",\"isPartOf\":{\"@id\":\"https:\\\/\\\/ecosupplements.ch\\\/#website\"},\"primaryImageOfPage\":{\"@id\":\"https:\\\/\\\/ecosupplements.ch\\\/?product=black-cohosh-root-80mg-90-vcaps#primaryimage\"},\"image\":{\"@id\":\"https:\\\/\\\/ecosupplements.ch\\\/?product=black-cohosh-root-80mg-90-vcaps#primaryimage\"},\"thumbnailUrl\":\"https:\\\/\\\/ecosupplements.ch\\\/wp-content\\\/uploads\\\/2026\\\/05\\\/Black-Cohosh-Root-80mg-90-vcaps.webp\",\"datePublished\":\"2026-05-11T14:45:34+00:00\",\"dateModified\":\"2026-05-13T07:22:56+00:00\",\"description\":\"NOW Foods Black Cohosh Root 80mg vereint Traubensilberkerzen-Extrakt mit S\u00fcssholz und Dong Quai in 90 veganen Kapseln. Jetzt bestellen.\",\"breadcrumb\":{\"@id\":\"https:\\\/\\\/ecosupplements.ch\\\/?product=black-cohosh-root-80mg-90-vcaps#breadcrumb\"},\"inLanguage\":\"de-CH\",\"potentialAction\":[{\"@type\":\"ReadAction\",\"target\":[\"https:\\\/\\\/ecosupplements.ch\\\/?product=black-cohosh-root-80mg-90-vcaps\"]}]},{\"@type\":\"ImageObject\",\"inLanguage\":\"de-CH\",\"@id\":\"https:\\\/\\\/ecosupplements.ch\\\/?product=black-cohosh-root-80mg-90-vcaps#primaryimage\",\"url\":\"https:\\\/\\\/ecosupplements.ch\\\/wp-content\\\/uploads\\\/2026\\\/05\\\/Black-Cohosh-Root-80mg-90-vcaps.webp\",\"contentUrl\":\"https:\\\/\\\/ecosupplements.ch\\\/wp-content\\\/uploads\\\/2026\\\/05\\\/Black-Cohosh-Root-80mg-90-vcaps.webp\",\"width\":1000,\"height\":1000,\"caption\":\"Black Cohosh Root\"},{\"@type\":\"BreadcrumbList\",\"@id\":\"https:\\\/\\\/ecosupplements.ch\\\/?product=black-cohosh-root-80mg-90-vcaps#breadcrumb\",\"itemListElement\":[{\"@type\":\"ListItem\",\"position\":1,\"name\":\"Home\",\"item\":\"https:\\\/\\\/ecosupplements.ch\\\/\"},{\"@type\":\"ListItem\",\"position\":2,\"name\":\"Shop\",\"item\":\"https:\\\/\\\/ecosupplements.ch\\\/?page_id=14\"},{\"@type\":\"ListItem\",\"position\":3,\"name\":\"Black Cohosh Root, 80mg &#8211; 90 vcaps\"}]},{\"@type\":\"WebSite\",\"@id\":\"https:\\\/\\\/ecosupplements.ch\\\/#website\",\"url\":\"https:\\\/\\\/ecosupplements.ch\\\/\",\"name\":\"Eco Supplements\",\"description\":\"\",\"potentialAction\":[{\"@type\":\"SearchAction\",\"target\":{\"@type\":\"EntryPoint\",\"urlTemplate\":\"https:\\\/\\\/ecosupplements.ch\\\/?s={search_term_string}\"},\"query-input\":{\"@type\":\"PropertyValueSpecification\",\"valueRequired\":true,\"valueName\":\"search_term_string\"}}],\"inLanguage\":\"de-CH\"}]}<\/script>\n<meta property=\"product:price:amount\" content=\"15.69\" \/>\n<meta property=\"product:price:currency\" content=\"CHF\" \/>\n<meta property=\"og:availability\" content=\"out of stock\" \/>\n<meta property=\"product:availability\" content=\"out of stock\" \/>\n<meta property=\"product:retailer_item_id\" content=\"733739046079\" \/>\n<meta property=\"product:condition\" content=\"new\" \/>\n<!-- \/ Yoast SEO plugin. -->","yoast_head_json":{"title":"Black Cohosh Root 80mg \u2013 NOW Foods | ecosupplements.ch","description":"NOW Foods Black Cohosh Root 80mg vereint Traubensilberkerzen-Extrakt mit S\u00fcssholz und Dong Quai in 90 veganen Kapseln. Jetzt bestellen.","robots":{"index":"index","follow":"follow","max-snippet":"max-snippet:-1","max-image-preview":"max-image-preview:large","max-video-preview":"max-video-preview:-1"},"canonical":"https:\/\/ecosupplements.ch\/?product=black-cohosh-root-80mg-90-vcaps","og_locale":"de_DE","og_type":"article","og_title":"Black Cohosh Root 80mg \u2013 NOW Foods | ecosupplements.ch","og_description":"NOW Foods Black Cohosh Root 80mg vereint Traubensilberkerzen-Extrakt mit S\u00fcssholz und Dong Quai in 90 veganen Kapseln. Jetzt bestellen.","og_url":"https:\/\/ecosupplements.ch\/?product=black-cohosh-root-80mg-90-vcaps","og_site_name":"Eco Supplements","article_modified_time":"2026-05-13T07:22:56+00:00","og_image":[{"width":1000,"height":1000,"url":"https:\/\/ecosupplements.ch\/wp-content\/uploads\/2026\/05\/Black-Cohosh-Root-80mg-90-vcaps.webp","type":"image\/jpeg"}],"twitter_card":"summary_large_image","twitter_misc":{"Price":"&#67;&#72;&#70;&nbsp;15.69","Availability":"Out of stock"},"schema":{"@context":"https:\/\/schema.org","@graph":[{"@type":"WebPage","@id":"https:\/\/ecosupplements.ch\/?product=black-cohosh-root-80mg-90-vcaps","url":"https:\/\/ecosupplements.ch\/?product=black-cohosh-root-80mg-90-vcaps","name":"Black Cohosh Root 80mg \u2013 NOW Foods | ecosupplements.ch","isPartOf":{"@id":"https:\/\/ecosupplements.ch\/#website"},"primaryImageOfPage":{"@id":"https:\/\/ecosupplements.ch\/?product=black-cohosh-root-80mg-90-vcaps#primaryimage"},"image":{"@id":"https:\/\/ecosupplements.ch\/?product=black-cohosh-root-80mg-90-vcaps#primaryimage"},"thumbnailUrl":"https:\/\/ecosupplements.ch\/wp-content\/uploads\/2026\/05\/Black-Cohosh-Root-80mg-90-vcaps.webp","datePublished":"2026-05-11T14:45:34+00:00","dateModified":"2026-05-13T07:22:56+00:00","description":"NOW Foods Black Cohosh Root 80mg vereint Traubensilberkerzen-Extrakt mit S\u00fcssholz und Dong Quai in 90 veganen Kapseln. Jetzt bestellen.","breadcrumb":{"@id":"https:\/\/ecosupplements.ch\/?product=black-cohosh-root-80mg-90-vcaps#breadcrumb"},"inLanguage":"de-CH","potentialAction":[{"@type":"ReadAction","target":["https:\/\/ecosupplements.ch\/?product=black-cohosh-root-80mg-90-vcaps"]}]},{"@type":"ImageObject","inLanguage":"de-CH","@id":"https:\/\/ecosupplements.ch\/?product=black-cohosh-root-80mg-90-vcaps#primaryimage","url":"https:\/\/ecosupplements.ch\/wp-content\/uploads\/2026\/05\/Black-Cohosh-Root-80mg-90-vcaps.webp","contentUrl":"https:\/\/ecosupplements.ch\/wp-content\/uploads\/2026\/05\/Black-Cohosh-Root-80mg-90-vcaps.webp","width":1000,"height":1000,"caption":"Black Cohosh Root"},{"@type":"BreadcrumbList","@id":"https:\/\/ecosupplements.ch\/?product=black-cohosh-root-80mg-90-vcaps#breadcrumb","itemListElement":[{"@type":"ListItem","position":1,"name":"Home","item":"https:\/\/ecosupplements.ch\/"},{"@type":"ListItem","position":2,"name":"Shop","item":"https:\/\/ecosupplements.ch\/?page_id=14"},{"@type":"ListItem","position":3,"name":"Black Cohosh Root, 80mg &#8211; 90 vcaps"}]},{"@type":"WebSite","@id":"https:\/\/ecosupplements.ch\/#website","url":"https:\/\/ecosupplements.ch\/","name":"Eco Supplements","description":"","potentialAction":[{"@type":"SearchAction","target":{"@type":"EntryPoint","urlTemplate":"https:\/\/ecosupplements.ch\/?s={search_term_string}"},"query-input":{"@type":"PropertyValueSpecification","valueRequired":true,"valueName":"search_term_string"}}],"inLanguage":"de-CH"}]},"product_price_amount":"15.69","product_price_currency":"CHF","og_availability":"out of stock","product_availability":"out of stock","product_retailer_item_id":"733739046079","product_condition":"new"},"_links":{"self":[{"href":"https:\/\/ecosupplements.ch\/index.php?rest_route=\/wp\/v2\/product\/3440","targetHints":{"allow":["GET"]}}],"collection":[{"href":"https:\/\/ecosupplements.ch\/index.php?rest_route=\/wp\/v2\/product"}],"about":[{"href":"https:\/\/ecosupplements.ch\/index.php?rest_route=\/wp\/v2\/types\/product"}],"replies":[{"embeddable":true,"href":"https:\/\/ecosupplements.ch\/index.php?rest_route=%2Fwp%2Fv2%2Fcomments&post=3440"}],"wp:featuredmedia":[{"embeddable":true,"href":"https:\/\/ecosupplements.ch\/index.php?rest_route=\/wp\/v2\/media\/3441"}],"wp:attachment":[{"href":"https:\/\/ecosupplements.ch\/index.php?rest_route=%2Fwp%2Fv2%2Fmedia&parent=3440"}],"wp:term":[{"taxonomy":"product_brand","embeddable":true,"href":"https:\/\/ecosupplements.ch\/index.php?rest_route=%2Fwp%2Fv2%2Fproduct_brand&post=3440"},{"taxonomy":"product_cat","embeddable":true,"href":"https:\/\/ecosupplements.ch\/index.php?rest_route=%2Fwp%2Fv2%2Fproduct_cat&post=3440"},{"taxonomy":"product_tag","embeddable":true,"href":"https:\/\/ecosupplements.ch\/index.php?rest_route=%2Fwp%2Fv2%2Fproduct_tag&post=3440"}],"curies":[{"name":"wp","href":"https:\/\/api.w.org\/{rel}","templated":true}]}}