{"id":3443,"date":"2026-05-11T14:45:36","date_gmt":"2026-05-11T14:45:36","guid":{"rendered":"https:\/\/ecosupplements.ch\/?product=bone-strength-240-caps"},"modified":"2026-05-13T07:22:57","modified_gmt":"2026-05-13T07:22:57","slug":"bone-strength-240-caps","status":"publish","type":"product","link":"https:\/\/ecosupplements.ch\/?product=bone-strength-240-caps","title":{"rendered":"Bone Strength &#8211; 240 caps"},"content":{"rendered":"<div class=\"chcg-product-description\">\n<h2 class=\"chcg-heading\">\u00dcber NOW Foods \u2013 Bone Strength \u2013 240 Kapseln<\/h2>\n<div class=\"chcg-intro\">\n<p>NOW Foods Bone Strength ist eine sorgf\u00e4ltig zusammengestellte Formel zur Unterst\u00fctzung der normalen Knochenstruktur und -funktion. Sie vereint mikrokristallinen Hydroxylapatit-Komplex (MCHA) als nat\u00fcrliche Calcium- und Phosphorquelle mit wichtigen Vitaminen und Mineralstoffen wie Vitamin D3, Vitamin K-2 (MK-4), Magnesium und Zink \u2013 allesamt N\u00e4hrstoffe, die zur Erhaltung normaler Knochen beitragen.<\/p>\n<p>Die Formel wird durch Spurenelemente wie Kupfer, Mangan und Bor sowie einen Schachtelhalmextrakt-Komplex (<em>Equisetum arvense<\/em>) erg\u00e4nzt. Vitamin C tr\u00e4gt zur normalen Kollagenbildung f\u00fcr eine normale Knochenfunktion bei, w\u00e4hrend Thiamin (Vitamin B-1) den normalen Energiestoffwechsel unterst\u00fctzt.<\/p>\n<p>Mit 240 Kapseln pro Packung und 60 Portionen \u00e0 4 Kapseln bietet NOW Foods Bone Strength einen umfassenden Vorrat f\u00fcr den t\u00e4glichen Gebrauch. Das Produkt ist glutenfrei und laktosefrei und wird unter GMP-Bedingungen hergestellt.<\/p>\n<\/p><\/div>\n<div class=\"chcg-nutrition\">\n<h3>N\u00e4hrwertangaben<\/h3>\n<table class=\"chcg-nutrition-table\">\n<thead>\n<tr>\n<th>N\u00e4hrstoff<\/th>\n<th>Pro Portion (4 Kapseln)<\/th>\n<\/tr>\n<\/thead>\n<tbody>\n<tr>\n<td>Kalorien<\/td>\n<td>5<\/td>\n<\/tr>\n<tr>\n<td>Protein (aus MCHA und Aminos\u00e4ure-Chelaten)<\/td>\n<td>1 g (2 % TW)<\/td>\n<\/tr>\n<tr>\n<td>Vitamin C (aus Magnesiumascorbat)<\/td>\n<td>133 mg (148 % TW)<\/td>\n<\/tr>\n<tr>\n<td>Vitamin D (als D3 Cholecalciferol)<\/td>\n<td>16,68 mcg \/ 667 IU (83 % TW)<\/td>\n<\/tr>\n<tr>\n<td>Vitamin K-2 (als Menaquinon-4 \/ MK-4)<\/td>\n<td>67 mcg (\u2020)<\/td>\n<\/tr>\n<tr>\n<td>Thiamin \/ Vitamin B-1 (aus Thiamin HCl)<\/td>\n<td>3 mg (250 % TW)<\/td>\n<\/tr>\n<tr>\n<td>Calcium (aus MCHA)<\/td>\n<td>620 mg (48 % TW)<\/td>\n<\/tr>\n<tr>\n<td>Phosphor (aus MCHA)<\/td>\n<td>287 mg (23 % TW)<\/td>\n<\/tr>\n<tr>\n<td>Magnesium (aus Magnesiumoxid und -ascorbat)<\/td>\n<td>400 mg (95 % TW)<\/td>\n<\/tr>\n<tr>\n<td>Zink (aus Zink-Chelat-Komplex)<\/td>\n<td>7 mg (64 % TW)<\/td>\n<\/tr>\n<tr>\n<td>Kupfer (aus Kupfer-Chelat-Komplex)<\/td>\n<td>0,7 mg (78 % TW)<\/td>\n<\/tr>\n<tr>\n<td>Mangan (aus Mangan-Chelat-Komplex)<\/td>\n<td>2 mg (87 % TW)<\/td>\n<\/tr>\n<tr>\n<td>Schachtelhalmextrakt-Komplex (Equisetum arvense) (oberirdische Pflanzenteile)<\/td>\n<td>67 mg (\u2020)<\/td>\n<\/tr>\n<tr>\n<td>Bor (aus Bor-Chelat-Komplex)<\/td>\n<td>467 mcg (\u2020)<\/td>\n<\/tr>\n<\/tbody>\n<\/table>\n<p class=\"chcg-footnote\">TW = Tageswert (Tageszufuhrempfehlung)<\/p>\n<p class=\"chcg-footnote\">\u2020 Kein Tageswert festgelegt.<\/p>\n<\/p><\/div>\n<div class=\"chcg-ingredients\">\n<h3>Zutaten<\/h3>\n<p>Protein (aus MCHA und Aminos\u00e4ure-Chelaten), Vitamin C (aus Magnesiumascorbat), Vitamin D-3 (als Cholecalciferol), Thiamin (Vitamin B-1) (aus Thiamin HCl), Calcium (aus MCHA), Phosphor (aus MCHA), Magnesium (aus Magnesiumoxid und -ascorbat), Zink (aus Zink-Chelat-Komplex), Kupfer (aus Kupfer-Chelat-Komplex), Mangan (aus Mangan-Chelat-Komplex), Schachtelhalmextrakt-Komplex (Equisetum arvense) (oberirdische Pflanzenteile), Bor (aus Bor-Chelat-Komplex), Vitamin K-2 (als Menaquinon-4) (MK-4). Weitere Zutaten: Rindergelatine (BSE-frei) (Kapsel), Magnesiumstearat (pflanzlicher Ursprung), Siliziumdioxid, Stearins\u00e4ure (pflanzlicher Ursprung), Reismehl, Glucosamin-Kaliumsulfat-Komplex, mikrokristalline Cellulose, Zitronens\u00e4ure, Maltodextrin.<\/p>\n<p class=\"chcg-capsule-shell\">Kapselh\u00fclle: Rindergelatine (BSE-frei)<\/p>\n<\/p><\/div>\n<div class=\"chcg-dosage\">\n<h3>Verzehrempfehlung<\/h3>\n<p>T\u00e4glich 4 Kapseln einnehmen, vorzugsweise in aufgeteilten Dosen, zu einer Mahlzeit.<\/p>\n<\/p><\/div>\n<div class=\"chcg-warnings\">\n<h3>Warnhinweise<\/h3>\n<p>Nur f\u00fcr Erwachsene. Schwangere oder stillende Frauen, Personen, die Medikamente einnehmen, oder Personen mit einer Erkrankung sollten vor der Einnahme einen Arzt konsultieren. Ausserhalb der Reichweite von Kindern aufbewahren. California Proposition 65 Warnung: Dieses Produkt enth\u00e4lt einen Stoff, der dem Staat Kalifornien als Verursacher von Geburtsfehlern oder anderen Fortpflanzungssch\u00e4den bekannt ist.<\/p>\n<\/p><\/div>\n<div class=\"chcg-allergens\">\n<h3>Allergeninformationen<\/h3>\n<p>Enth\u00e4lt Schalentiere (Garnelen, Krabben). Nicht hergestellt mit Weizen, Gluten, Soja, Milch, Ei oder Fisch. Produziert in einer GMP-Anlage, die andere Zutaten verarbeitet, welche diese Allergene enthalten k\u00f6nnen.<\/p>\n<\/p><\/div>\n<div class=\"chcg-storage\">\n<h3>Lagerung<\/h3>\n<p>Nach dem \u00d6ffnen an einem k\u00fchlen, trockenen Ort aufbewahren.<\/p>\n<\/p><\/div>\n<div class=\"chcg-dietary\">\n<h3>Ern\u00e4hrungshinweise<\/h3>\n<ul>\n<li>Glutenfrei<\/li>\n<li>Laktosefrei<\/li>\n<\/ul><\/div>\n<\/div>\n","protected":false},"excerpt":{"rendered":"<p>NOW Foods Bone Strength liefert Calcium, Magnesium, Vitamin D3 und K-2 zur Unterst\u00fctzung normaler Knochen. Erh\u00e4ltlich als praktische Kapseln, 240 St\u00fcck pro Packung (60 Portionen). Glutenfrei und laktosefrei.<\/p>\n","protected":false},"featured_media":3444,"comment_status":"closed","ping_status":"open","template":"","meta":[],"product_brand":[454],"product_cat":[48,107,25,171,21],"product_tag":[],"class_list":{"0":"post-3443","1":"product","2":"type-product","3":"status-publish","4":"has-post-thumbnail","6":"product_brand-nownow-foods","7":"product_cat-gesunde-ernaehrung","8":"product_cat-gesunde-knochen","9":"product_cat-gesundheit-und-wohlbefinden","10":"product_cat-vitamine-und-mineralien","11":"product_cat-vitamine-und-mineralstoffe","13":"first","14":"outofstock","15":"taxable","16":"shipping-taxable","17":"purchasable","18":"product-type-simple"},"yoast_head":"<!-- This site is optimized with the Yoast SEO plugin v27.5 - https:\/\/yoast.com\/product\/yoast-seo-wordpress\/ -->\n<title>Bone Strength 240 Kapseln \u2013 NOW Foods | ecosupplements.ch<\/title>\n<meta name=\"description\" content=\"NOW Foods Bone Strength mit Calcium, Vitamin D3, K-2 und Magnesium \u2013 240 Kapseln f\u00fcr 60 Portionen, glutenfrei. Jetzt bestellen.\" \/>\n<meta name=\"robots\" content=\"index, follow, max-snippet:-1, max-image-preview:large, max-video-preview:-1\" \/>\n<link rel=\"canonical\" href=\"https:\/\/ecosupplements.ch\/?product=bone-strength-240-caps\" \/>\n<meta property=\"og:locale\" content=\"de_DE\" \/>\n<meta property=\"og:type\" content=\"article\" \/>\n<meta property=\"og:title\" content=\"Bone Strength 240 Kapseln \u2013 NOW Foods | ecosupplements.ch\" \/>\n<meta property=\"og:description\" content=\"NOW Foods Bone Strength mit Calcium, Vitamin D3, K-2 und Magnesium \u2013 240 Kapseln f\u00fcr 60 Portionen, glutenfrei. Jetzt bestellen.\" \/>\n<meta property=\"og:url\" content=\"https:\/\/ecosupplements.ch\/?product=bone-strength-240-caps\" \/>\n<meta property=\"og:site_name\" content=\"Eco Supplements\" \/>\n<meta property=\"article:modified_time\" content=\"2026-05-13T07:22:57+00:00\" \/>\n<meta property=\"og:image\" content=\"https:\/\/ecosupplements.ch\/wp-content\/uploads\/2026\/05\/Bone-Strength-240-caps.webp\" \/>\n\t<meta property=\"og:image:width\" content=\"1000\" \/>\n\t<meta property=\"og:image:height\" content=\"1000\" \/>\n\t<meta property=\"og:image:type\" content=\"image\/jpeg\" \/>\n<meta name=\"twitter:card\" content=\"summary_large_image\" \/>\n<meta name=\"twitter:label1\" content=\"Price\" \/>\n\t<meta name=\"twitter:data1\" content=\"&#067;&#072;&#070;&nbsp;31.33\" \/>\n\t<meta name=\"twitter:label2\" content=\"Availability\" \/>\n\t<meta name=\"twitter:data2\" content=\"Out of stock\" \/>\n<script type=\"application\/ld+json\" class=\"yoast-schema-graph\">{\"@context\":\"https:\\\/\\\/schema.org\",\"@graph\":[{\"@type\":\"WebPage\",\"@id\":\"https:\\\/\\\/ecosupplements.ch\\\/?product=bone-strength-240-caps\",\"url\":\"https:\\\/\\\/ecosupplements.ch\\\/?product=bone-strength-240-caps\",\"name\":\"Bone Strength 240 Kapseln \u2013 NOW Foods | ecosupplements.ch\",\"isPartOf\":{\"@id\":\"https:\\\/\\\/ecosupplements.ch\\\/#website\"},\"primaryImageOfPage\":{\"@id\":\"https:\\\/\\\/ecosupplements.ch\\\/?product=bone-strength-240-caps#primaryimage\"},\"image\":{\"@id\":\"https:\\\/\\\/ecosupplements.ch\\\/?product=bone-strength-240-caps#primaryimage\"},\"thumbnailUrl\":\"https:\\\/\\\/ecosupplements.ch\\\/wp-content\\\/uploads\\\/2026\\\/05\\\/Bone-Strength-240-caps.webp\",\"datePublished\":\"2026-05-11T14:45:36+00:00\",\"dateModified\":\"2026-05-13T07:22:57+00:00\",\"description\":\"NOW Foods Bone Strength mit Calcium, Vitamin D3, K-2 und Magnesium \u2013 240 Kapseln f\u00fcr 60 Portionen, glutenfrei. Jetzt bestellen.\",\"breadcrumb\":{\"@id\":\"https:\\\/\\\/ecosupplements.ch\\\/?product=bone-strength-240-caps#breadcrumb\"},\"inLanguage\":\"de-CH\",\"potentialAction\":[{\"@type\":\"ReadAction\",\"target\":[\"https:\\\/\\\/ecosupplements.ch\\\/?product=bone-strength-240-caps\"]}]},{\"@type\":\"ImageObject\",\"inLanguage\":\"de-CH\",\"@id\":\"https:\\\/\\\/ecosupplements.ch\\\/?product=bone-strength-240-caps#primaryimage\",\"url\":\"https:\\\/\\\/ecosupplements.ch\\\/wp-content\\\/uploads\\\/2026\\\/05\\\/Bone-Strength-240-caps.webp\",\"contentUrl\":\"https:\\\/\\\/ecosupplements.ch\\\/wp-content\\\/uploads\\\/2026\\\/05\\\/Bone-Strength-240-caps.webp\",\"width\":1000,\"height\":1000,\"caption\":\"Bone Strength - 240 caps\"},{\"@type\":\"BreadcrumbList\",\"@id\":\"https:\\\/\\\/ecosupplements.ch\\\/?product=bone-strength-240-caps#breadcrumb\",\"itemListElement\":[{\"@type\":\"ListItem\",\"position\":1,\"name\":\"Home\",\"item\":\"https:\\\/\\\/ecosupplements.ch\\\/\"},{\"@type\":\"ListItem\",\"position\":2,\"name\":\"Shop\",\"item\":\"https:\\\/\\\/ecosupplements.ch\\\/?page_id=14\"},{\"@type\":\"ListItem\",\"position\":3,\"name\":\"Bone Strength &#8211; 240 caps\"}]},{\"@type\":\"WebSite\",\"@id\":\"https:\\\/\\\/ecosupplements.ch\\\/#website\",\"url\":\"https:\\\/\\\/ecosupplements.ch\\\/\",\"name\":\"Eco Supplements\",\"description\":\"\",\"potentialAction\":[{\"@type\":\"SearchAction\",\"target\":{\"@type\":\"EntryPoint\",\"urlTemplate\":\"https:\\\/\\\/ecosupplements.ch\\\/?s={search_term_string}\"},\"query-input\":{\"@type\":\"PropertyValueSpecification\",\"valueRequired\":true,\"valueName\":\"search_term_string\"}}],\"inLanguage\":\"de-CH\"}]}<\/script>\n<meta property=\"product:price:amount\" content=\"31.33\" \/>\n<meta property=\"product:price:currency\" content=\"CHF\" \/>\n<meta property=\"og:availability\" content=\"out of stock\" \/>\n<meta property=\"product:availability\" content=\"out of stock\" \/>\n<meta property=\"product:retailer_item_id\" content=\"733739012296\" \/>\n<meta property=\"product:condition\" content=\"new\" \/>\n<!-- \/ Yoast SEO plugin. -->","yoast_head_json":{"title":"Bone Strength 240 Kapseln \u2013 NOW Foods | ecosupplements.ch","description":"NOW Foods Bone Strength mit Calcium, Vitamin D3, K-2 und Magnesium \u2013 240 Kapseln f\u00fcr 60 Portionen, glutenfrei. Jetzt bestellen.","robots":{"index":"index","follow":"follow","max-snippet":"max-snippet:-1","max-image-preview":"max-image-preview:large","max-video-preview":"max-video-preview:-1"},"canonical":"https:\/\/ecosupplements.ch\/?product=bone-strength-240-caps","og_locale":"de_DE","og_type":"article","og_title":"Bone Strength 240 Kapseln \u2013 NOW Foods | ecosupplements.ch","og_description":"NOW Foods Bone Strength mit Calcium, Vitamin D3, K-2 und Magnesium \u2013 240 Kapseln f\u00fcr 60 Portionen, glutenfrei. Jetzt bestellen.","og_url":"https:\/\/ecosupplements.ch\/?product=bone-strength-240-caps","og_site_name":"Eco Supplements","article_modified_time":"2026-05-13T07:22:57+00:00","og_image":[{"width":1000,"height":1000,"url":"https:\/\/ecosupplements.ch\/wp-content\/uploads\/2026\/05\/Bone-Strength-240-caps.webp","type":"image\/jpeg"}],"twitter_card":"summary_large_image","twitter_misc":{"Price":"&#67;&#72;&#70;&nbsp;31.33","Availability":"Out of stock"},"schema":{"@context":"https:\/\/schema.org","@graph":[{"@type":"WebPage","@id":"https:\/\/ecosupplements.ch\/?product=bone-strength-240-caps","url":"https:\/\/ecosupplements.ch\/?product=bone-strength-240-caps","name":"Bone Strength 240 Kapseln \u2013 NOW Foods | ecosupplements.ch","isPartOf":{"@id":"https:\/\/ecosupplements.ch\/#website"},"primaryImageOfPage":{"@id":"https:\/\/ecosupplements.ch\/?product=bone-strength-240-caps#primaryimage"},"image":{"@id":"https:\/\/ecosupplements.ch\/?product=bone-strength-240-caps#primaryimage"},"thumbnailUrl":"https:\/\/ecosupplements.ch\/wp-content\/uploads\/2026\/05\/Bone-Strength-240-caps.webp","datePublished":"2026-05-11T14:45:36+00:00","dateModified":"2026-05-13T07:22:57+00:00","description":"NOW Foods Bone Strength mit Calcium, Vitamin D3, K-2 und Magnesium \u2013 240 Kapseln f\u00fcr 60 Portionen, glutenfrei. Jetzt bestellen.","breadcrumb":{"@id":"https:\/\/ecosupplements.ch\/?product=bone-strength-240-caps#breadcrumb"},"inLanguage":"de-CH","potentialAction":[{"@type":"ReadAction","target":["https:\/\/ecosupplements.ch\/?product=bone-strength-240-caps"]}]},{"@type":"ImageObject","inLanguage":"de-CH","@id":"https:\/\/ecosupplements.ch\/?product=bone-strength-240-caps#primaryimage","url":"https:\/\/ecosupplements.ch\/wp-content\/uploads\/2026\/05\/Bone-Strength-240-caps.webp","contentUrl":"https:\/\/ecosupplements.ch\/wp-content\/uploads\/2026\/05\/Bone-Strength-240-caps.webp","width":1000,"height":1000,"caption":"Bone Strength - 240 caps"},{"@type":"BreadcrumbList","@id":"https:\/\/ecosupplements.ch\/?product=bone-strength-240-caps#breadcrumb","itemListElement":[{"@type":"ListItem","position":1,"name":"Home","item":"https:\/\/ecosupplements.ch\/"},{"@type":"ListItem","position":2,"name":"Shop","item":"https:\/\/ecosupplements.ch\/?page_id=14"},{"@type":"ListItem","position":3,"name":"Bone Strength &#8211; 240 caps"}]},{"@type":"WebSite","@id":"https:\/\/ecosupplements.ch\/#website","url":"https:\/\/ecosupplements.ch\/","name":"Eco Supplements","description":"","potentialAction":[{"@type":"SearchAction","target":{"@type":"EntryPoint","urlTemplate":"https:\/\/ecosupplements.ch\/?s={search_term_string}"},"query-input":{"@type":"PropertyValueSpecification","valueRequired":true,"valueName":"search_term_string"}}],"inLanguage":"de-CH"}]},"product_price_amount":"31.33","product_price_currency":"CHF","og_availability":"out of stock","product_availability":"out of stock","product_retailer_item_id":"733739012296","product_condition":"new"},"_links":{"self":[{"href":"https:\/\/ecosupplements.ch\/index.php?rest_route=\/wp\/v2\/product\/3443","targetHints":{"allow":["GET"]}}],"collection":[{"href":"https:\/\/ecosupplements.ch\/index.php?rest_route=\/wp\/v2\/product"}],"about":[{"href":"https:\/\/ecosupplements.ch\/index.php?rest_route=\/wp\/v2\/types\/product"}],"replies":[{"embeddable":true,"href":"https:\/\/ecosupplements.ch\/index.php?rest_route=%2Fwp%2Fv2%2Fcomments&post=3443"}],"wp:featuredmedia":[{"embeddable":true,"href":"https:\/\/ecosupplements.ch\/index.php?rest_route=\/wp\/v2\/media\/3444"}],"wp:attachment":[{"href":"https:\/\/ecosupplements.ch\/index.php?rest_route=%2Fwp%2Fv2%2Fmedia&parent=3443"}],"wp:term":[{"taxonomy":"product_brand","embeddable":true,"href":"https:\/\/ecosupplements.ch\/index.php?rest_route=%2Fwp%2Fv2%2Fproduct_brand&post=3443"},{"taxonomy":"product_cat","embeddable":true,"href":"https:\/\/ecosupplements.ch\/index.php?rest_route=%2Fwp%2Fv2%2Fproduct_cat&post=3443"},{"taxonomy":"product_tag","embeddable":true,"href":"https:\/\/ecosupplements.ch\/index.php?rest_route=%2Fwp%2Fv2%2Fproduct_tag&post=3443"}],"curies":[{"name":"wp","href":"https:\/\/api.w.org\/{rel}","templated":true}]}}