{"id":3467,"date":"2026-05-11T14:45:48","date_gmt":"2026-05-11T14:45:48","guid":{"rendered":"https:\/\/ecosupplements.ch\/?product=cayenne-500mg-250-vcaps"},"modified":"2026-05-13T07:22:58","modified_gmt":"2026-05-13T07:22:58","slug":"cayenne-500mg-250-vcaps","status":"publish","type":"product","link":"https:\/\/ecosupplements.ch\/?product=cayenne-500mg-250-vcaps","title":{"rendered":"Cayenne, 500mg &#8211; 250 vcaps"},"content":{"rendered":"<div class=\"chcg-product-description\">\n<h2 class=\"chcg-heading\">\u00dcber NOW Foods \u2013 Cayenne, 500mg \u2013 250 Vkaps<\/h2>\n<div class=\"chcg-intro\">\n<p>Cayenne (Capsicum annuum) ist eine der bekanntesten Gew\u00fcrzpflanzen der Welt und wird seit Jahrhunderten in der traditionellen Ern\u00e4hrung gesch\u00e4tzt. NOW Foods bietet diesen hochwertigen Cayenne-Extrakt mit 40&#8217;000 W\u00e4rmeeinheiten in praktischer Kapselform an \u2013 ideal f\u00fcr alle, die von den nat\u00fcrlichen Eigenschaften dieser Pflanze profitieren m\u00f6chten, ohne den intensiven Geschmack frischer Chilis in Kauf nehmen zu m\u00fcssen.<\/p>\n<p>Jede vegetarische Kapsel enth\u00e4lt 500 mg reines Cayenne-Fruchtpulver (Capsicum annuum) mit standardisierten 40&#8217;000 W\u00e4rmeeinheiten (Heat Units). Diese Dosierung erm\u00f6glicht eine einfache und pr\u00e4zise t\u00e4gliche Einnahme als Teil einer ausgewogenen Ern\u00e4hrung und eines gesunden Lebensstils.<\/p>\n<p>Das Produkt ist vegan, vegetarisch sowie frei von Gluten und Laktose. Die Kapselh\u00fclle besteht aus pflanzlicher Hypromellose, was das Produkt f\u00fcr eine breite Zielgruppe geeignet macht. Mit 250 Kapseln pro Packung bietet NOW Foods ein hervorragendes Preis-Leistungs-Verh\u00e4ltnis f\u00fcr den t\u00e4glichen Gebrauch.<\/p>\n<\/p><\/div>\n<div class=\"chcg-nutrition\">\n<h3>N\u00e4hrwertangaben<\/h3>\n<table class=\"chcg-nutrition-table\">\n<thead>\n<tr>\n<th>N\u00e4hrstoff<\/th>\n<th>Pro Portion (1 Vkaps)<\/th>\n<\/tr>\n<\/thead>\n<tbody>\n<tr>\n<td>Cayenne-Pfeffer (Capsicum annuum) (Frucht) (40&#8217;000 W\u00e4rmeeinheiten)<\/td>\n<td>500 mg *<\/td>\n<\/tr>\n<\/tbody>\n<\/table>\n<p class=\"chcg-footnote\">* Kein festgelegter Tagesreferenzwert vorhanden.<\/p>\n<\/p><\/div>\n<div class=\"chcg-ingredients\">\n<h3>Zutaten<\/h3>\n<p>Cayenne-Pfeffer (Capsicum annuum) (Frucht) (40&#8217;000 W\u00e4rmeeinheiten) 500 mg. Weitere Zutaten: Hypromellose (Zellulosekapseln).<\/p>\n<p class=\"chcg-capsule-shell\">Kapselh\u00fclle: Hypromellose (Zellulosekapseln).<\/p>\n<\/p><\/div>\n<div class=\"chcg-dosage\">\n<h3>Verzehrempfehlung<\/h3>\n<p>1 Kapsel 2 bis 4 Mal t\u00e4glich einnehmen, vorzugsweise zu den Mahlzeiten.<\/p>\n<\/p><\/div>\n<div class=\"chcg-warnings\">\n<h3>Warnhinweise<\/h3>\n<p>Nur f\u00fcr Erwachsene. Bei Schwangerschaft oder Stillzeit, bei Einnahme von Medikamenten oder bei bestehenden gesundheitlichen Beschwerden vor der Einnahme einen Arzt konsultieren. Ausserhalb der Reichweite von Kindern aufbewahren. Bei diesem Produkt k\u00f6nnen nat\u00fcrliche Farbabweichungen auftreten.<\/p>\n<\/p><\/div>\n<div class=\"chcg-allergens\">\n<h3>Allergeninformationen<\/h3>\n<p>Nicht hergestellt mit Hefe, Weizen, Gluten, Soja, Mais, Milch, Ei, Fisch, Schalentieren oder Baumn\u00fcssen als Zutaten. Produziert in einer GMP-zertifizierten Anlage, die auch andere Zutaten verarbeitet, welche diese Allergene enthalten k\u00f6nnen.<\/p>\n<\/p><\/div>\n<div class=\"chcg-storage\">\n<h3>Lagerung<\/h3>\n<p>Nach dem \u00d6ffnen an einem k\u00fchlen, trockenen Ort aufbewahren.<\/p>\n<\/p><\/div>\n<div class=\"chcg-dietary\">\n<h3>Ern\u00e4hrungshinweise<\/h3>\n<ul>\n<li>Vegan<\/li>\n<li>Vegetarisch<\/li>\n<li>Glutenfrei<\/li>\n<li>Laktosefrei<\/li>\n<\/ul><\/div>\n<\/div>\n","protected":false},"excerpt":{"rendered":"<p>NOW Foods Cayenne 500mg liefert reines Cayenne-Fruchtpulver (Capsicum annuum) mit 40&#8217;000 W\u00e4rmeeinheiten pro veganer Kapsel. Die praktische Packung enth\u00e4lt 250 Veg-Kapseln f\u00fcr eine langanhaltende Versorgung. Vegan, glutenfrei und laktosefrei.<\/p>\n","protected":false},"featured_media":3468,"comment_status":"closed","ping_status":"open","template":"","meta":[],"product_brand":[454],"product_cat":[48,25,22,21],"product_tag":[],"class_list":{"0":"post-3467","1":"product","2":"type-product","3":"status-publish","4":"has-post-thumbnail","6":"product_brand-nownow-foods","7":"product_cat-gesunde-ernaehrung","8":"product_cat-gesundheit-und-wohlbefinden","9":"product_cat-vegane-produkte","10":"product_cat-vitamine-und-mineralstoffe","12":"first","13":"outofstock","14":"taxable","15":"shipping-taxable","16":"purchasable","17":"product-type-simple"},"yoast_head":"<!-- This site is optimized with the Yoast SEO plugin v27.5 - https:\/\/yoast.com\/product\/yoast-seo-wordpress\/ -->\n<title>Cayenne 500mg \u2013 250 Vkaps \u2013 NOW Foods | ecosupplements.ch<\/title>\n<meta name=\"description\" content=\"NOW Foods Cayenne 500mg mit 40&#039;000 W\u00e4rmeeinheiten \u2013 250 vegane Kapseln, glutenfrei und laktosefrei. Jetzt bestellen.\" \/>\n<meta name=\"robots\" content=\"index, follow, max-snippet:-1, max-image-preview:large, max-video-preview:-1\" \/>\n<link rel=\"canonical\" href=\"https:\/\/ecosupplements.ch\/?product=cayenne-500mg-250-vcaps\" \/>\n<meta property=\"og:locale\" content=\"de_DE\" \/>\n<meta property=\"og:type\" content=\"article\" \/>\n<meta property=\"og:title\" content=\"Cayenne 500mg \u2013 250 Vkaps \u2013 NOW Foods | ecosupplements.ch\" \/>\n<meta property=\"og:description\" content=\"NOW Foods Cayenne 500mg mit 40&#039;000 W\u00e4rmeeinheiten \u2013 250 vegane Kapseln, glutenfrei und laktosefrei. Jetzt bestellen.\" \/>\n<meta property=\"og:url\" content=\"https:\/\/ecosupplements.ch\/?product=cayenne-500mg-250-vcaps\" \/>\n<meta property=\"og:site_name\" content=\"Eco Supplements\" \/>\n<meta property=\"article:modified_time\" content=\"2026-05-13T07:22:58+00:00\" \/>\n<meta property=\"og:image\" content=\"https:\/\/ecosupplements.ch\/wp-content\/uploads\/2026\/05\/Cayenne-500mg-250-vcaps.webp\" \/>\n\t<meta property=\"og:image:width\" content=\"1000\" \/>\n\t<meta property=\"og:image:height\" content=\"1000\" \/>\n\t<meta property=\"og:image:type\" content=\"image\/jpeg\" \/>\n<meta name=\"twitter:card\" content=\"summary_large_image\" \/>\n<meta name=\"twitter:label1\" content=\"Price\" \/>\n\t<meta name=\"twitter:data1\" content=\"&#067;&#072;&#070;&nbsp;19.30\" \/>\n\t<meta name=\"twitter:label2\" content=\"Availability\" \/>\n\t<meta name=\"twitter:data2\" content=\"Out of stock\" \/>\n<script type=\"application\/ld+json\" class=\"yoast-schema-graph\">{\"@context\":\"https:\\\/\\\/schema.org\",\"@graph\":[{\"@type\":\"WebPage\",\"@id\":\"https:\\\/\\\/ecosupplements.ch\\\/?product=cayenne-500mg-250-vcaps\",\"url\":\"https:\\\/\\\/ecosupplements.ch\\\/?product=cayenne-500mg-250-vcaps\",\"name\":\"Cayenne 500mg \u2013 250 Vkaps \u2013 NOW Foods | ecosupplements.ch\",\"isPartOf\":{\"@id\":\"https:\\\/\\\/ecosupplements.ch\\\/#website\"},\"primaryImageOfPage\":{\"@id\":\"https:\\\/\\\/ecosupplements.ch\\\/?product=cayenne-500mg-250-vcaps#primaryimage\"},\"image\":{\"@id\":\"https:\\\/\\\/ecosupplements.ch\\\/?product=cayenne-500mg-250-vcaps#primaryimage\"},\"thumbnailUrl\":\"https:\\\/\\\/ecosupplements.ch\\\/wp-content\\\/uploads\\\/2026\\\/05\\\/Cayenne-500mg-250-vcaps.webp\",\"datePublished\":\"2026-05-11T14:45:48+00:00\",\"dateModified\":\"2026-05-13T07:22:58+00:00\",\"description\":\"NOW Foods Cayenne 500mg mit 40'000 W\u00e4rmeeinheiten \u2013 250 vegane Kapseln, glutenfrei und laktosefrei. Jetzt bestellen.\",\"breadcrumb\":{\"@id\":\"https:\\\/\\\/ecosupplements.ch\\\/?product=cayenne-500mg-250-vcaps#breadcrumb\"},\"inLanguage\":\"de-CH\",\"potentialAction\":[{\"@type\":\"ReadAction\",\"target\":[\"https:\\\/\\\/ecosupplements.ch\\\/?product=cayenne-500mg-250-vcaps\"]}]},{\"@type\":\"ImageObject\",\"inLanguage\":\"de-CH\",\"@id\":\"https:\\\/\\\/ecosupplements.ch\\\/?product=cayenne-500mg-250-vcaps#primaryimage\",\"url\":\"https:\\\/\\\/ecosupplements.ch\\\/wp-content\\\/uploads\\\/2026\\\/05\\\/Cayenne-500mg-250-vcaps.webp\",\"contentUrl\":\"https:\\\/\\\/ecosupplements.ch\\\/wp-content\\\/uploads\\\/2026\\\/05\\\/Cayenne-500mg-250-vcaps.webp\",\"width\":1000,\"height\":1000,\"caption\":\"Cayenne\"},{\"@type\":\"BreadcrumbList\",\"@id\":\"https:\\\/\\\/ecosupplements.ch\\\/?product=cayenne-500mg-250-vcaps#breadcrumb\",\"itemListElement\":[{\"@type\":\"ListItem\",\"position\":1,\"name\":\"Home\",\"item\":\"https:\\\/\\\/ecosupplements.ch\\\/\"},{\"@type\":\"ListItem\",\"position\":2,\"name\":\"Shop\",\"item\":\"https:\\\/\\\/ecosupplements.ch\\\/?page_id=14\"},{\"@type\":\"ListItem\",\"position\":3,\"name\":\"Cayenne, 500mg &#8211; 250 vcaps\"}]},{\"@type\":\"WebSite\",\"@id\":\"https:\\\/\\\/ecosupplements.ch\\\/#website\",\"url\":\"https:\\\/\\\/ecosupplements.ch\\\/\",\"name\":\"Eco Supplements\",\"description\":\"\",\"potentialAction\":[{\"@type\":\"SearchAction\",\"target\":{\"@type\":\"EntryPoint\",\"urlTemplate\":\"https:\\\/\\\/ecosupplements.ch\\\/?s={search_term_string}\"},\"query-input\":{\"@type\":\"PropertyValueSpecification\",\"valueRequired\":true,\"valueName\":\"search_term_string\"}}],\"inLanguage\":\"de-CH\"}]}<\/script>\n<meta property=\"product:price:amount\" content=\"19.30\" \/>\n<meta property=\"product:price:currency\" content=\"CHF\" \/>\n<meta property=\"og:availability\" content=\"out of stock\" \/>\n<meta property=\"product:availability\" content=\"out of stock\" \/>\n<meta property=\"product:retailer_item_id\" content=\"733739046277\" \/>\n<meta property=\"product:condition\" content=\"new\" \/>\n<!-- \/ Yoast SEO plugin. -->","yoast_head_json":{"title":"Cayenne 500mg \u2013 250 Vkaps \u2013 NOW Foods | ecosupplements.ch","description":"NOW Foods Cayenne 500mg mit 40'000 W\u00e4rmeeinheiten \u2013 250 vegane Kapseln, glutenfrei und laktosefrei. Jetzt bestellen.","robots":{"index":"index","follow":"follow","max-snippet":"max-snippet:-1","max-image-preview":"max-image-preview:large","max-video-preview":"max-video-preview:-1"},"canonical":"https:\/\/ecosupplements.ch\/?product=cayenne-500mg-250-vcaps","og_locale":"de_DE","og_type":"article","og_title":"Cayenne 500mg \u2013 250 Vkaps \u2013 NOW Foods | ecosupplements.ch","og_description":"NOW Foods Cayenne 500mg mit 40'000 W\u00e4rmeeinheiten \u2013 250 vegane Kapseln, glutenfrei und laktosefrei. Jetzt bestellen.","og_url":"https:\/\/ecosupplements.ch\/?product=cayenne-500mg-250-vcaps","og_site_name":"Eco Supplements","article_modified_time":"2026-05-13T07:22:58+00:00","og_image":[{"width":1000,"height":1000,"url":"https:\/\/ecosupplements.ch\/wp-content\/uploads\/2026\/05\/Cayenne-500mg-250-vcaps.webp","type":"image\/jpeg"}],"twitter_card":"summary_large_image","twitter_misc":{"Price":"&#67;&#72;&#70;&nbsp;19.30","Availability":"Out of stock"},"schema":{"@context":"https:\/\/schema.org","@graph":[{"@type":"WebPage","@id":"https:\/\/ecosupplements.ch\/?product=cayenne-500mg-250-vcaps","url":"https:\/\/ecosupplements.ch\/?product=cayenne-500mg-250-vcaps","name":"Cayenne 500mg \u2013 250 Vkaps \u2013 NOW Foods | ecosupplements.ch","isPartOf":{"@id":"https:\/\/ecosupplements.ch\/#website"},"primaryImageOfPage":{"@id":"https:\/\/ecosupplements.ch\/?product=cayenne-500mg-250-vcaps#primaryimage"},"image":{"@id":"https:\/\/ecosupplements.ch\/?product=cayenne-500mg-250-vcaps#primaryimage"},"thumbnailUrl":"https:\/\/ecosupplements.ch\/wp-content\/uploads\/2026\/05\/Cayenne-500mg-250-vcaps.webp","datePublished":"2026-05-11T14:45:48+00:00","dateModified":"2026-05-13T07:22:58+00:00","description":"NOW Foods Cayenne 500mg mit 40'000 W\u00e4rmeeinheiten \u2013 250 vegane Kapseln, glutenfrei und laktosefrei. Jetzt bestellen.","breadcrumb":{"@id":"https:\/\/ecosupplements.ch\/?product=cayenne-500mg-250-vcaps#breadcrumb"},"inLanguage":"de-CH","potentialAction":[{"@type":"ReadAction","target":["https:\/\/ecosupplements.ch\/?product=cayenne-500mg-250-vcaps"]}]},{"@type":"ImageObject","inLanguage":"de-CH","@id":"https:\/\/ecosupplements.ch\/?product=cayenne-500mg-250-vcaps#primaryimage","url":"https:\/\/ecosupplements.ch\/wp-content\/uploads\/2026\/05\/Cayenne-500mg-250-vcaps.webp","contentUrl":"https:\/\/ecosupplements.ch\/wp-content\/uploads\/2026\/05\/Cayenne-500mg-250-vcaps.webp","width":1000,"height":1000,"caption":"Cayenne"},{"@type":"BreadcrumbList","@id":"https:\/\/ecosupplements.ch\/?product=cayenne-500mg-250-vcaps#breadcrumb","itemListElement":[{"@type":"ListItem","position":1,"name":"Home","item":"https:\/\/ecosupplements.ch\/"},{"@type":"ListItem","position":2,"name":"Shop","item":"https:\/\/ecosupplements.ch\/?page_id=14"},{"@type":"ListItem","position":3,"name":"Cayenne, 500mg &#8211; 250 vcaps"}]},{"@type":"WebSite","@id":"https:\/\/ecosupplements.ch\/#website","url":"https:\/\/ecosupplements.ch\/","name":"Eco Supplements","description":"","potentialAction":[{"@type":"SearchAction","target":{"@type":"EntryPoint","urlTemplate":"https:\/\/ecosupplements.ch\/?s={search_term_string}"},"query-input":{"@type":"PropertyValueSpecification","valueRequired":true,"valueName":"search_term_string"}}],"inLanguage":"de-CH"}]},"product_price_amount":"19.30","product_price_currency":"CHF","og_availability":"out of stock","product_availability":"out of stock","product_retailer_item_id":"733739046277","product_condition":"new"},"_links":{"self":[{"href":"https:\/\/ecosupplements.ch\/index.php?rest_route=\/wp\/v2\/product\/3467","targetHints":{"allow":["GET"]}}],"collection":[{"href":"https:\/\/ecosupplements.ch\/index.php?rest_route=\/wp\/v2\/product"}],"about":[{"href":"https:\/\/ecosupplements.ch\/index.php?rest_route=\/wp\/v2\/types\/product"}],"replies":[{"embeddable":true,"href":"https:\/\/ecosupplements.ch\/index.php?rest_route=%2Fwp%2Fv2%2Fcomments&post=3467"}],"wp:featuredmedia":[{"embeddable":true,"href":"https:\/\/ecosupplements.ch\/index.php?rest_route=\/wp\/v2\/media\/3468"}],"wp:attachment":[{"href":"https:\/\/ecosupplements.ch\/index.php?rest_route=%2Fwp%2Fv2%2Fmedia&parent=3467"}],"wp:term":[{"taxonomy":"product_brand","embeddable":true,"href":"https:\/\/ecosupplements.ch\/index.php?rest_route=%2Fwp%2Fv2%2Fproduct_brand&post=3467"},{"taxonomy":"product_cat","embeddable":true,"href":"https:\/\/ecosupplements.ch\/index.php?rest_route=%2Fwp%2Fv2%2Fproduct_cat&post=3467"},{"taxonomy":"product_tag","embeddable":true,"href":"https:\/\/ecosupplements.ch\/index.php?rest_route=%2Fwp%2Fv2%2Fproduct_tag&post=3467"}],"curies":[{"name":"wp","href":"https:\/\/api.w.org\/{rel}","templated":true}]}}