{"id":3470,"date":"2026-05-11T14:45:50","date_gmt":"2026-05-11T14:45:50","guid":{"rendered":"https:\/\/ecosupplements.ch\/?product=cla-800mg-180-softgels"},"modified":"2026-05-13T07:22:38","modified_gmt":"2026-05-13T07:22:38","slug":"cla-800mg-180-softgels","status":"publish","type":"product","link":"https:\/\/ecosupplements.ch\/?product=cla-800mg-180-softgels","title":{"rendered":"CLA, 800mg &#8211; 180 softgels"},"content":{"rendered":"<div class=\"chcg-product-description\">\n<h2 class=\"chcg-heading\">\u00dcber NOW Foods \u2013 CLA, 800mg \u2013 180 Softgels<\/h2>\n<div class=\"chcg-intro\">\n<p>CLA (Konjugierte Linols\u00e4ure) ist eine nat\u00fcrlich vorkommende mehrfach unges\u00e4ttigte Fetts\u00e4ure, die haupts\u00e4chlich in Saflor\u00f6l gewonnen wird. NOW Foods verwendet ausschliesslich Non-GMO-Saflor\u00f6l als Quelle, um eine hochwertige und gentechnikfreie Zusammensetzung zu gew\u00e4hrleisten. Jede Tagesportion liefert 2&#8217;400 mg CLA in praktischer Softgel-Form.<\/p>\n<p>NOW Foods ist ein seit Jahrzehnten etabliertes amerikanisches Unternehmen, das f\u00fcr seine strengen Qualit\u00e4tsstandards und die GMP-zertifizierte Produktion bekannt ist. Dieses Produkt wird ohne gentechnisch ver\u00e4nderte Zutaten hergestellt und bietet eine zuverl\u00e4ssige Erg\u00e4nzung f\u00fcr eine ausgewogene Ern\u00e4hrung.<\/p>\n<p>Mit 180 Softgels pro Packung \u2014 entsprechend 60 Tagesportionen \u2014 ist dieses Produkt eine wirtschaftliche Wahl f\u00fcr alle, die CLA langfristig in ihren Alltag integrieren m\u00f6chten.<\/p>\n<\/p><\/div>\n<div class=\"chcg-nutrition\">\n<h3>N\u00e4hrwertangaben<\/h3>\n<table class=\"chcg-nutrition-table\">\n<thead>\n<tr>\n<th>N\u00e4hrstoff<\/th>\n<th>Pro Portion (3 Softgels)<\/th>\n<\/tr>\n<\/thead>\n<tbody>\n<tr>\n<td>Kalorien<\/td>\n<td>25<\/td>\n<\/tr>\n<tr>\n<td>Gesamtfett<\/td>\n<td>3 g (4 % des Tagesbedarfs)<\/td>\n<\/tr>\n<tr>\n<td>\u2013 Mehrfach unges\u00e4ttigte Fetts\u00e4uren<\/td>\n<td>3 g *<\/td>\n<\/tr>\n<tr>\n<td>Non-GMO Saflor\u00f6l (Samen)<\/td>\n<td>3 g (3&#8217;000 mg) *<\/td>\n<\/tr>\n<tr>\n<td>\u2013 Konjugierte Linols\u00e4ure (CLA)<\/td>\n<td>2,4 g (2&#8217;400 mg) *<\/td>\n<\/tr>\n<\/tbody>\n<\/table>\n<p class=\"chcg-footnote\">* Kein festgelegter Tagesbedarf (Referenzwert nicht etabliert).<\/p>\n<\/p><\/div>\n<div class=\"chcg-ingredients\">\n<h3>Zutaten<\/h3>\n<p>Non-GMO Saflor\u00f6l (Samen) 3 g (3&#8217;000 mg), Konjugierte Linols\u00e4ure (CLA) 2,4 g (2&#8217;400 mg).<\/p>\n<p class=\"chcg-capsule-shell\">Kapselh\u00fclle: Softgel-Kapsel [bovine Gelatine (BSE-frei), Glycerin, Wasser, organische Karamellfarbe].<\/p>\n<\/p><\/div>\n<div class=\"chcg-dosage\">\n<h3>Verzehrempfehlung<\/h3>\n<p>T\u00e4glich 3 Softgels zu einer Mahlzeit einnehmen.<\/p>\n<\/p><\/div>\n<div class=\"chcg-warnings\">\n<h3>Warnhinweise<\/h3>\n<p>Nur f\u00fcr Erwachsene. Bei Schwangerschaft oder Stillzeit, bei Einnahme von Medikamenten oder bei bestehenden gesundheitlichen Beschwerden ist vor der Einnahme ein Arzt zu konsultieren. Ausserhalb der Reichweite von Kindern aufbewahren. Nat\u00fcrliche Farbabweichungen dieses Produkts sind m\u00f6glich.<\/p>\n<\/p><\/div>\n<div class=\"chcg-allergens\">\n<h3>Allergeninformationen<\/h3>\n<p>Nicht hergestellt mit Hefe, Weizen, Gluten, Soja, Mais, Milch, Ei, Fisch oder Schalentieren. Produziert in einer GMP-zertifizierten Anlage, die auch andere Zutaten verarbeitet, die diese Allergene enthalten k\u00f6nnen.<\/p>\n<\/p><\/div>\n<div class=\"chcg-storage\">\n<h3>Lagerung<\/h3>\n<p>Nach dem \u00d6ffnen an einem k\u00fchlen, trockenen Ort aufbewahren.<\/p>\n<\/p><\/div>\n<div class=\"chcg-dietary\">\n<h3>Ern\u00e4hrungshinweise<\/h3>\n<ul>\n<li>Glutenfrei<\/li>\n<li>Laktosefrei<\/li>\n<\/ul><\/div>\n<\/div>\n","protected":false},"excerpt":{"rendered":"<p>NOW Foods CLA liefert 2&#8217;400 mg Konjugierte Linols\u00e4ure pro Tagesportion aus Non-GMO-Saflor\u00f6l. Erh\u00e4ltlich als praktische Softgels, 180 St\u00fcck pro Packung (60 Tagesportionen). Glutenfrei und laktosefrei.<\/p>\n","protected":false},"featured_media":3471,"comment_status":"closed","ping_status":"open","template":"","meta":[],"product_brand":[454],"product_cat":[47,90,48,38,33,21],"product_tag":[],"class_list":{"0":"post-3470","1":"product","2":"type-product","3":"status-publish","4":"has-post-thumbnail","6":"product_brand-nownow-foods","7":"product_cat-cla-konjugierte-linolsaeure","8":"product_cat-fitness-training","9":"product_cat-gesunde-ernaehrung","10":"product_cat-gewichtskontrolle","11":"product_cat-omega-fettsaeuren-essentielle-fettsaeuren-konjugierte-linolsaeure-oele","12":"product_cat-vitamine-und-mineralstoffe","14":"first","15":"outofstock","16":"taxable","17":"shipping-taxable","18":"purchasable","19":"product-type-simple"},"yoast_head":"<!-- This site is optimized with the Yoast SEO plugin v27.5 - https:\/\/yoast.com\/product\/yoast-seo-wordpress\/ -->\n<title>CLA 800mg \u2013 180 Softgels \u2013 NOW Foods | ecosupplements.ch<\/title>\n<meta name=\"description\" content=\"NOW Foods CLA mit 2&#039;400 mg pro Portion aus Non-GMO-Saflor\u00f6l \u2013 180 glutenfreie Softgels f\u00fcr 60 Tage. Jetzt bestellen.\" \/>\n<meta name=\"robots\" content=\"index, follow, max-snippet:-1, max-image-preview:large, max-video-preview:-1\" \/>\n<link rel=\"canonical\" href=\"https:\/\/ecosupplements.ch\/?product=cla-800mg-180-softgels\" \/>\n<meta property=\"og:locale\" content=\"de_DE\" \/>\n<meta property=\"og:type\" content=\"article\" \/>\n<meta property=\"og:title\" content=\"CLA 800mg \u2013 180 Softgels \u2013 NOW Foods | ecosupplements.ch\" \/>\n<meta property=\"og:description\" content=\"NOW Foods CLA mit 2&#039;400 mg pro Portion aus Non-GMO-Saflor\u00f6l \u2013 180 glutenfreie Softgels f\u00fcr 60 Tage. Jetzt bestellen.\" \/>\n<meta property=\"og:url\" content=\"https:\/\/ecosupplements.ch\/?product=cla-800mg-180-softgels\" \/>\n<meta property=\"og:site_name\" content=\"Eco Supplements\" \/>\n<meta property=\"article:modified_time\" content=\"2026-05-13T07:22:38+00:00\" \/>\n<meta property=\"og:image\" content=\"https:\/\/ecosupplements.ch\/wp-content\/uploads\/2026\/05\/CLA-800mg-180-softgels.webp\" \/>\n\t<meta property=\"og:image:width\" content=\"1000\" \/>\n\t<meta property=\"og:image:height\" content=\"1000\" \/>\n\t<meta property=\"og:image:type\" content=\"image\/jpeg\" \/>\n<meta name=\"twitter:card\" content=\"summary_large_image\" \/>\n<meta name=\"twitter:label1\" content=\"Price\" \/>\n\t<meta name=\"twitter:data1\" content=\"&#067;&#072;&#070;&nbsp;31.12\" \/>\n\t<meta name=\"twitter:label2\" content=\"Availability\" \/>\n\t<meta name=\"twitter:data2\" content=\"Out of stock\" \/>\n<script type=\"application\/ld+json\" class=\"yoast-schema-graph\">{\"@context\":\"https:\\\/\\\/schema.org\",\"@graph\":[{\"@type\":\"WebPage\",\"@id\":\"https:\\\/\\\/ecosupplements.ch\\\/?product=cla-800mg-180-softgels\",\"url\":\"https:\\\/\\\/ecosupplements.ch\\\/?product=cla-800mg-180-softgels\",\"name\":\"CLA 800mg \u2013 180 Softgels \u2013 NOW Foods | ecosupplements.ch\",\"isPartOf\":{\"@id\":\"https:\\\/\\\/ecosupplements.ch\\\/#website\"},\"primaryImageOfPage\":{\"@id\":\"https:\\\/\\\/ecosupplements.ch\\\/?product=cla-800mg-180-softgels#primaryimage\"},\"image\":{\"@id\":\"https:\\\/\\\/ecosupplements.ch\\\/?product=cla-800mg-180-softgels#primaryimage\"},\"thumbnailUrl\":\"https:\\\/\\\/ecosupplements.ch\\\/wp-content\\\/uploads\\\/2026\\\/05\\\/CLA-800mg-180-softgels.webp\",\"datePublished\":\"2026-05-11T14:45:50+00:00\",\"dateModified\":\"2026-05-13T07:22:38+00:00\",\"description\":\"NOW Foods CLA mit 2'400 mg pro Portion aus Non-GMO-Saflor\u00f6l \u2013 180 glutenfreie Softgels f\u00fcr 60 Tage. Jetzt bestellen.\",\"breadcrumb\":{\"@id\":\"https:\\\/\\\/ecosupplements.ch\\\/?product=cla-800mg-180-softgels#breadcrumb\"},\"inLanguage\":\"de-CH\",\"potentialAction\":[{\"@type\":\"ReadAction\",\"target\":[\"https:\\\/\\\/ecosupplements.ch\\\/?product=cla-800mg-180-softgels\"]}]},{\"@type\":\"ImageObject\",\"inLanguage\":\"de-CH\",\"@id\":\"https:\\\/\\\/ecosupplements.ch\\\/?product=cla-800mg-180-softgels#primaryimage\",\"url\":\"https:\\\/\\\/ecosupplements.ch\\\/wp-content\\\/uploads\\\/2026\\\/05\\\/CLA-800mg-180-softgels.webp\",\"contentUrl\":\"https:\\\/\\\/ecosupplements.ch\\\/wp-content\\\/uploads\\\/2026\\\/05\\\/CLA-800mg-180-softgels.webp\",\"width\":1000,\"height\":1000,\"caption\":\"CLA\"},{\"@type\":\"BreadcrumbList\",\"@id\":\"https:\\\/\\\/ecosupplements.ch\\\/?product=cla-800mg-180-softgels#breadcrumb\",\"itemListElement\":[{\"@type\":\"ListItem\",\"position\":1,\"name\":\"Home\",\"item\":\"https:\\\/\\\/ecosupplements.ch\\\/\"},{\"@type\":\"ListItem\",\"position\":2,\"name\":\"Shop\",\"item\":\"https:\\\/\\\/ecosupplements.ch\\\/?page_id=14\"},{\"@type\":\"ListItem\",\"position\":3,\"name\":\"CLA, 800mg &#8211; 180 softgels\"}]},{\"@type\":\"WebSite\",\"@id\":\"https:\\\/\\\/ecosupplements.ch\\\/#website\",\"url\":\"https:\\\/\\\/ecosupplements.ch\\\/\",\"name\":\"Eco Supplements\",\"description\":\"\",\"potentialAction\":[{\"@type\":\"SearchAction\",\"target\":{\"@type\":\"EntryPoint\",\"urlTemplate\":\"https:\\\/\\\/ecosupplements.ch\\\/?s={search_term_string}\"},\"query-input\":{\"@type\":\"PropertyValueSpecification\",\"valueRequired\":true,\"valueName\":\"search_term_string\"}}],\"inLanguage\":\"de-CH\"}]}<\/script>\n<meta property=\"product:price:amount\" content=\"31.12\" \/>\n<meta property=\"product:price:currency\" content=\"CHF\" \/>\n<meta property=\"og:availability\" content=\"out of stock\" \/>\n<meta property=\"product:availability\" content=\"out of stock\" \/>\n<meta property=\"product:retailer_item_id\" content=\"733739017284\" \/>\n<meta property=\"product:condition\" content=\"new\" \/>\n<!-- \/ Yoast SEO plugin. -->","yoast_head_json":{"title":"CLA 800mg \u2013 180 Softgels \u2013 NOW Foods | ecosupplements.ch","description":"NOW Foods CLA mit 2'400 mg pro Portion aus Non-GMO-Saflor\u00f6l \u2013 180 glutenfreie Softgels f\u00fcr 60 Tage. Jetzt bestellen.","robots":{"index":"index","follow":"follow","max-snippet":"max-snippet:-1","max-image-preview":"max-image-preview:large","max-video-preview":"max-video-preview:-1"},"canonical":"https:\/\/ecosupplements.ch\/?product=cla-800mg-180-softgels","og_locale":"de_DE","og_type":"article","og_title":"CLA 800mg \u2013 180 Softgels \u2013 NOW Foods | ecosupplements.ch","og_description":"NOW Foods CLA mit 2'400 mg pro Portion aus Non-GMO-Saflor\u00f6l \u2013 180 glutenfreie Softgels f\u00fcr 60 Tage. Jetzt bestellen.","og_url":"https:\/\/ecosupplements.ch\/?product=cla-800mg-180-softgels","og_site_name":"Eco Supplements","article_modified_time":"2026-05-13T07:22:38+00:00","og_image":[{"width":1000,"height":1000,"url":"https:\/\/ecosupplements.ch\/wp-content\/uploads\/2026\/05\/CLA-800mg-180-softgels.webp","type":"image\/jpeg"}],"twitter_card":"summary_large_image","twitter_misc":{"Price":"&#67;&#72;&#70;&nbsp;31.12","Availability":"Out of stock"},"schema":{"@context":"https:\/\/schema.org","@graph":[{"@type":"WebPage","@id":"https:\/\/ecosupplements.ch\/?product=cla-800mg-180-softgels","url":"https:\/\/ecosupplements.ch\/?product=cla-800mg-180-softgels","name":"CLA 800mg \u2013 180 Softgels \u2013 NOW Foods | ecosupplements.ch","isPartOf":{"@id":"https:\/\/ecosupplements.ch\/#website"},"primaryImageOfPage":{"@id":"https:\/\/ecosupplements.ch\/?product=cla-800mg-180-softgels#primaryimage"},"image":{"@id":"https:\/\/ecosupplements.ch\/?product=cla-800mg-180-softgels#primaryimage"},"thumbnailUrl":"https:\/\/ecosupplements.ch\/wp-content\/uploads\/2026\/05\/CLA-800mg-180-softgels.webp","datePublished":"2026-05-11T14:45:50+00:00","dateModified":"2026-05-13T07:22:38+00:00","description":"NOW Foods CLA mit 2'400 mg pro Portion aus Non-GMO-Saflor\u00f6l \u2013 180 glutenfreie Softgels f\u00fcr 60 Tage. Jetzt bestellen.","breadcrumb":{"@id":"https:\/\/ecosupplements.ch\/?product=cla-800mg-180-softgels#breadcrumb"},"inLanguage":"de-CH","potentialAction":[{"@type":"ReadAction","target":["https:\/\/ecosupplements.ch\/?product=cla-800mg-180-softgels"]}]},{"@type":"ImageObject","inLanguage":"de-CH","@id":"https:\/\/ecosupplements.ch\/?product=cla-800mg-180-softgels#primaryimage","url":"https:\/\/ecosupplements.ch\/wp-content\/uploads\/2026\/05\/CLA-800mg-180-softgels.webp","contentUrl":"https:\/\/ecosupplements.ch\/wp-content\/uploads\/2026\/05\/CLA-800mg-180-softgels.webp","width":1000,"height":1000,"caption":"CLA"},{"@type":"BreadcrumbList","@id":"https:\/\/ecosupplements.ch\/?product=cla-800mg-180-softgels#breadcrumb","itemListElement":[{"@type":"ListItem","position":1,"name":"Home","item":"https:\/\/ecosupplements.ch\/"},{"@type":"ListItem","position":2,"name":"Shop","item":"https:\/\/ecosupplements.ch\/?page_id=14"},{"@type":"ListItem","position":3,"name":"CLA, 800mg &#8211; 180 softgels"}]},{"@type":"WebSite","@id":"https:\/\/ecosupplements.ch\/#website","url":"https:\/\/ecosupplements.ch\/","name":"Eco Supplements","description":"","potentialAction":[{"@type":"SearchAction","target":{"@type":"EntryPoint","urlTemplate":"https:\/\/ecosupplements.ch\/?s={search_term_string}"},"query-input":{"@type":"PropertyValueSpecification","valueRequired":true,"valueName":"search_term_string"}}],"inLanguage":"de-CH"}]},"product_price_amount":"31.12","product_price_currency":"CHF","og_availability":"out of stock","product_availability":"out of stock","product_retailer_item_id":"733739017284","product_condition":"new"},"_links":{"self":[{"href":"https:\/\/ecosupplements.ch\/index.php?rest_route=\/wp\/v2\/product\/3470","targetHints":{"allow":["GET"]}}],"collection":[{"href":"https:\/\/ecosupplements.ch\/index.php?rest_route=\/wp\/v2\/product"}],"about":[{"href":"https:\/\/ecosupplements.ch\/index.php?rest_route=\/wp\/v2\/types\/product"}],"replies":[{"embeddable":true,"href":"https:\/\/ecosupplements.ch\/index.php?rest_route=%2Fwp%2Fv2%2Fcomments&post=3470"}],"wp:featuredmedia":[{"embeddable":true,"href":"https:\/\/ecosupplements.ch\/index.php?rest_route=\/wp\/v2\/media\/3471"}],"wp:attachment":[{"href":"https:\/\/ecosupplements.ch\/index.php?rest_route=%2Fwp%2Fv2%2Fmedia&parent=3470"}],"wp:term":[{"taxonomy":"product_brand","embeddable":true,"href":"https:\/\/ecosupplements.ch\/index.php?rest_route=%2Fwp%2Fv2%2Fproduct_brand&post=3470"},{"taxonomy":"product_cat","embeddable":true,"href":"https:\/\/ecosupplements.ch\/index.php?rest_route=%2Fwp%2Fv2%2Fproduct_cat&post=3470"},{"taxonomy":"product_tag","embeddable":true,"href":"https:\/\/ecosupplements.ch\/index.php?rest_route=%2Fwp%2Fv2%2Fproduct_tag&post=3470"}],"curies":[{"name":"wp","href":"https:\/\/api.w.org\/{rel}","templated":true}]}}