{"id":3494,"date":"2026-05-11T14:46:03","date_gmt":"2026-05-11T14:46:03","guid":{"rendered":"https:\/\/ecosupplements.ch\/?product=life-extension-vitamin-b12-methylcobalamin-1-mg-60-lozenges"},"modified":"2026-05-13T07:26:16","modified_gmt":"2026-05-13T07:26:16","slug":"life-extension-vitamin-b12-methylcobalamin-1-mg-60-lozenges","status":"publish","type":"product","link":"https:\/\/ecosupplements.ch\/?product=life-extension-vitamin-b12-methylcobalamin-1-mg-60-lozenges","title":{"rendered":"Life Extension &#8211; Vitamin B12 Methylcobalamin 1 mg (60 Lozenges)"},"content":{"rendered":"<div class=\"chcg-product-description\">\n<h2 class=\"chcg-heading\">\u00dcber Life Extension \u2013 Vitamin B12 Methylcobalamin 1 mg (60 Lutschtabletten)<\/h2>\n<div class=\"chcg-intro\">\n<p>Vitamin B12 ist ein essenzielles Vitamin, das massgeblich zur normalen Funktion des Nervensystems sowie zur Bildung roter Blutk\u00f6rperchen beitr\u00e4gt. Life Extension setzt dabei auf Methylcobalamin \u2013 eine bioaktive Form von Vitamin B12, die vom K\u00f6rper direkt verwertet werden kann und besonders gut bioverf\u00fcgbar ist.<\/p>\n<p>Jede Lutschtablette liefert 1 mg (1000 \u00b5g) Methylcobalamin. Die Darreichungsform als Lutschtablette erm\u00f6glicht eine direkte Aufnahme \u00fcber die Mundschleimhaut, was eine zuverl\u00e4ssige Versorgung unterst\u00fctzt. Die angenehme Vanillenote macht die t\u00e4gliche Einnahme besonders unkompliziert.<\/p>\n<p>Mit 60 Lutschtabletten pro Packung deckt dieses Produkt einen vollen Einnahme-Zeitraum von zwei Monaten ab \u2013 ideal f\u00fcr alle, die Wert auf eine praktische und hochwertige Nahrungserg\u00e4nzung legen.<\/p>\n<\/p><\/div>\n<div class=\"chcg-nutrition\">\n<h3>N\u00e4hrwertangaben<\/h3>\n<table class=\"chcg-nutrition-table\">\n<thead>\n<tr>\n<th>N\u00e4hrstoff<\/th>\n<th>Pro Portion (1 Lutschtablette)<\/th>\n<\/tr>\n<\/thead>\n<tbody>\n<tr>\n<td>Vitamin B12 (als Methylcobalamin)<\/td>\n<td>1 mg (41&#8217;667 % des Tagesbedarfs*)<\/td>\n<\/tr>\n<\/tbody>\n<\/table>\n<p class=\"chcg-footnote\">* Prozentualer Anteil am Tagesbedarf basierend auf einer Tageszufuhr von 2,4 \u00b5g gem\u00e4ss US-amerikanischen Referenzwerten. Schweizerische Referenzwerte k\u00f6nnen abweichen.<\/p>\n<\/p><\/div>\n<div class=\"chcg-ingredients\">\n<h3>Zutaten<\/h3>\n<p>Vitamin B12 (als Methylcobalamin). Weitere Zutaten: Xylitol, Sorbitol, Maltodextrin, Stearins\u00e4ure, pflanzliches Stearat, mikrokristalline Cellulose, nat\u00fcrliches Vanillearoma, Reisst\u00e4rke, modifizierte Lebensmittelst\u00e4rke.<\/p>\n<\/p><\/div>\n<div class=\"chcg-dosage\">\n<h3>Verzehrempfehlung<\/h3>\n<p>T\u00e4glich eine (1) Lutschtablette im Mund aufl\u00f6sen lassen oder kauen, oder gem\u00e4ss Empfehlung einer Fachperson f\u00fcr Gesundheit.<\/p>\n<\/p><\/div>\n<div class=\"chcg-warnings\">\n<h3>Warnhinweise<\/h3>\n<p>Ausserhalb der Reichweite von Kindern aufbewahren. Die empfohlene Tagesdosis nicht \u00fcberschreiten. Nicht kaufen, wenn das \u00e4ussere Siegel gebrochen oder besch\u00e4digt ist. Bei der Einnahme von Nahrungserg\u00e4nzungsmitteln wird empfohlen, einen Arzt oder eine \u00c4rztin zu konsultieren, wenn Sie sich in medizinischer Behandlung befinden, schwanger sind oder stillen. Enth\u00e4lt Xylitol, das f\u00fcr Haustiere sch\u00e4dlich ist. Zur Meldung eines schwerwiegenden unerw\u00fcnschten Ereignisses oder zur Produktinformation wenden Sie sich bitte an: 1-866-280-2852.<\/p>\n<\/p><\/div>\n<div class=\"chcg-allergens\">\n<h3>Allergeninformationen<\/h3>\n<p>Enth\u00e4lt Xylitol, das f\u00fcr Haustiere sch\u00e4dlich ist. Keine bekannten Hauptallergene gem\u00e4ss Produktetikett deklariert.<\/p>\n<\/p><\/div>\n<div class=\"chcg-storage\">\n<h3>Lagerung<\/h3>\n<p>Fest verschlossen an einem k\u00fchlen, trockenen Ort aufbewahren.<\/p>\n<\/p><\/div>\n<div class=\"chcg-dietary\">\n<h3>Ern\u00e4hrungshinweise<\/h3>\n<ul>\n<li>Vegetarisch<\/li>\n<li>Glutenfrei<\/li>\n<li>Laktosefrei<\/li>\n<\/ul><\/div>\n<\/div>\n","protected":false},"excerpt":{"rendered":"<p>Vitamin B12 als Methylcobalamin zur Unterst\u00fctzung des Nervensystems und der Blutbildung. 60 vegetarische Lutschtabletten \u00e0 1 mg pro Packung \u2013 bequem im Mund aufl\u00f6sen lassen. Von Life Extension, glutenfrei und laktosefrei.<\/p>\n","protected":false},"featured_media":3495,"comment_status":"closed","ping_status":"open","template":"","meta":[],"product_brand":[202],"product_cat":[27,48,21],"product_tag":[],"class_list":{"0":"post-3494","1":"product","2":"type-product","3":"status-publish","4":"has-post-thumbnail","6":"product_brand-life-extension","7":"product_cat-einige-vitamine","8":"product_cat-gesunde-ernaehrung","9":"product_cat-vitamine-und-mineralstoffe","11":"first","12":"outofstock","13":"taxable","14":"shipping-taxable","15":"purchasable","16":"product-type-simple"},"yoast_head":"<!-- This site is optimized with the Yoast SEO plugin v27.5 - https:\/\/yoast.com\/product\/yoast-seo-wordpress\/ -->\n<title>Vitamin B12 Methylcobalamin 1 mg \u2013 Life Extension | ecosupplements.ch<\/title>\n<meta name=\"description\" content=\"Hochdosiertes Vitamin B12 als Methylcobalamin \u2013 60 Lutschtabletten f\u00fcr eine einfache t\u00e4gliche Einnahme. Glutenfrei, laktosefrei. Jetzt bestellen.\" \/>\n<meta name=\"robots\" content=\"index, follow, max-snippet:-1, max-image-preview:large, max-video-preview:-1\" \/>\n<link rel=\"canonical\" href=\"https:\/\/ecosupplements.ch\/?product=life-extension-vitamin-b12-methylcobalamin-1-mg-60-lozenges\" \/>\n<meta property=\"og:locale\" content=\"de_DE\" \/>\n<meta property=\"og:type\" content=\"article\" \/>\n<meta property=\"og:title\" content=\"Vitamin B12 Methylcobalamin 1 mg \u2013 Life Extension | ecosupplements.ch\" \/>\n<meta property=\"og:description\" content=\"Hochdosiertes Vitamin B12 als Methylcobalamin \u2013 60 Lutschtabletten f\u00fcr eine einfache t\u00e4gliche Einnahme. Glutenfrei, laktosefrei. Jetzt bestellen.\" \/>\n<meta property=\"og:url\" content=\"https:\/\/ecosupplements.ch\/?product=life-extension-vitamin-b12-methylcobalamin-1-mg-60-lozenges\" \/>\n<meta property=\"og:site_name\" content=\"Eco Supplements\" \/>\n<meta property=\"article:modified_time\" content=\"2026-05-13T07:26:16+00:00\" \/>\n<meta property=\"og:image\" content=\"https:\/\/ecosupplements.ch\/wp-content\/uploads\/2026\/05\/Life-Extension-Vitamin-B12-Methylcobalamin-1-mg-60-Lozenges.webp\" \/>\n\t<meta property=\"og:image:width\" content=\"1000\" \/>\n\t<meta property=\"og:image:height\" content=\"1000\" \/>\n\t<meta property=\"og:image:type\" content=\"image\/jpeg\" \/>\n<meta name=\"twitter:card\" content=\"summary_large_image\" \/>\n<meta name=\"twitter:label1\" content=\"Price\" \/>\n\t<meta name=\"twitter:data1\" content=\"&#067;&#072;&#070;&nbsp;7.97\" \/>\n\t<meta name=\"twitter:label2\" content=\"Availability\" \/>\n\t<meta name=\"twitter:data2\" content=\"Out of stock\" \/>\n<script type=\"application\/ld+json\" class=\"yoast-schema-graph\">{\"@context\":\"https:\\\/\\\/schema.org\",\"@graph\":[{\"@type\":\"WebPage\",\"@id\":\"https:\\\/\\\/ecosupplements.ch\\\/?product=life-extension-vitamin-b12-methylcobalamin-1-mg-60-lozenges\",\"url\":\"https:\\\/\\\/ecosupplements.ch\\\/?product=life-extension-vitamin-b12-methylcobalamin-1-mg-60-lozenges\",\"name\":\"Vitamin B12 Methylcobalamin 1 mg \u2013 Life Extension | ecosupplements.ch\",\"isPartOf\":{\"@id\":\"https:\\\/\\\/ecosupplements.ch\\\/#website\"},\"primaryImageOfPage\":{\"@id\":\"https:\\\/\\\/ecosupplements.ch\\\/?product=life-extension-vitamin-b12-methylcobalamin-1-mg-60-lozenges#primaryimage\"},\"image\":{\"@id\":\"https:\\\/\\\/ecosupplements.ch\\\/?product=life-extension-vitamin-b12-methylcobalamin-1-mg-60-lozenges#primaryimage\"},\"thumbnailUrl\":\"https:\\\/\\\/ecosupplements.ch\\\/wp-content\\\/uploads\\\/2026\\\/05\\\/Life-Extension-Vitamin-B12-Methylcobalamin-1-mg-60-Lozenges.webp\",\"datePublished\":\"2026-05-11T14:46:03+00:00\",\"dateModified\":\"2026-05-13T07:26:16+00:00\",\"description\":\"Hochdosiertes Vitamin B12 als Methylcobalamin \u2013 60 Lutschtabletten f\u00fcr eine einfache t\u00e4gliche Einnahme. Glutenfrei, laktosefrei. Jetzt bestellen.\",\"breadcrumb\":{\"@id\":\"https:\\\/\\\/ecosupplements.ch\\\/?product=life-extension-vitamin-b12-methylcobalamin-1-mg-60-lozenges#breadcrumb\"},\"inLanguage\":\"de-CH\",\"potentialAction\":[{\"@type\":\"ReadAction\",\"target\":[\"https:\\\/\\\/ecosupplements.ch\\\/?product=life-extension-vitamin-b12-methylcobalamin-1-mg-60-lozenges\"]}]},{\"@type\":\"ImageObject\",\"inLanguage\":\"de-CH\",\"@id\":\"https:\\\/\\\/ecosupplements.ch\\\/?product=life-extension-vitamin-b12-methylcobalamin-1-mg-60-lozenges#primaryimage\",\"url\":\"https:\\\/\\\/ecosupplements.ch\\\/wp-content\\\/uploads\\\/2026\\\/05\\\/Life-Extension-Vitamin-B12-Methylcobalamin-1-mg-60-Lozenges.webp\",\"contentUrl\":\"https:\\\/\\\/ecosupplements.ch\\\/wp-content\\\/uploads\\\/2026\\\/05\\\/Life-Extension-Vitamin-B12-Methylcobalamin-1-mg-60-Lozenges.webp\",\"width\":1000,\"height\":1000,\"caption\":\"Life Extension - Vitamin B12 Methylcobalamin 1 mg (60 Lozenges)\"},{\"@type\":\"BreadcrumbList\",\"@id\":\"https:\\\/\\\/ecosupplements.ch\\\/?product=life-extension-vitamin-b12-methylcobalamin-1-mg-60-lozenges#breadcrumb\",\"itemListElement\":[{\"@type\":\"ListItem\",\"position\":1,\"name\":\"Home\",\"item\":\"https:\\\/\\\/ecosupplements.ch\\\/\"},{\"@type\":\"ListItem\",\"position\":2,\"name\":\"Shop\",\"item\":\"https:\\\/\\\/ecosupplements.ch\\\/?page_id=14\"},{\"@type\":\"ListItem\",\"position\":3,\"name\":\"Life Extension &#8211; Vitamin B12 Methylcobalamin 1 mg (60 Lozenges)\"}]},{\"@type\":\"WebSite\",\"@id\":\"https:\\\/\\\/ecosupplements.ch\\\/#website\",\"url\":\"https:\\\/\\\/ecosupplements.ch\\\/\",\"name\":\"Eco Supplements\",\"description\":\"\",\"potentialAction\":[{\"@type\":\"SearchAction\",\"target\":{\"@type\":\"EntryPoint\",\"urlTemplate\":\"https:\\\/\\\/ecosupplements.ch\\\/?s={search_term_string}\"},\"query-input\":{\"@type\":\"PropertyValueSpecification\",\"valueRequired\":true,\"valueName\":\"search_term_string\"}}],\"inLanguage\":\"de-CH\"}]}<\/script>\n<meta property=\"product:price:amount\" content=\"7.97\" \/>\n<meta property=\"product:price:currency\" content=\"CHF\" \/>\n<meta property=\"og:availability\" content=\"out of stock\" \/>\n<meta property=\"product:availability\" content=\"out of stock\" \/>\n<meta property=\"product:retailer_item_id\" content=\"737870153665\" \/>\n<meta property=\"product:condition\" content=\"new\" \/>\n<!-- \/ Yoast SEO plugin. -->","yoast_head_json":{"title":"Vitamin B12 Methylcobalamin 1 mg \u2013 Life Extension | ecosupplements.ch","description":"Hochdosiertes Vitamin B12 als Methylcobalamin \u2013 60 Lutschtabletten f\u00fcr eine einfache t\u00e4gliche Einnahme. Glutenfrei, laktosefrei. Jetzt bestellen.","robots":{"index":"index","follow":"follow","max-snippet":"max-snippet:-1","max-image-preview":"max-image-preview:large","max-video-preview":"max-video-preview:-1"},"canonical":"https:\/\/ecosupplements.ch\/?product=life-extension-vitamin-b12-methylcobalamin-1-mg-60-lozenges","og_locale":"de_DE","og_type":"article","og_title":"Vitamin B12 Methylcobalamin 1 mg \u2013 Life Extension | ecosupplements.ch","og_description":"Hochdosiertes Vitamin B12 als Methylcobalamin \u2013 60 Lutschtabletten f\u00fcr eine einfache t\u00e4gliche Einnahme. Glutenfrei, laktosefrei. Jetzt bestellen.","og_url":"https:\/\/ecosupplements.ch\/?product=life-extension-vitamin-b12-methylcobalamin-1-mg-60-lozenges","og_site_name":"Eco Supplements","article_modified_time":"2026-05-13T07:26:16+00:00","og_image":[{"width":1000,"height":1000,"url":"https:\/\/ecosupplements.ch\/wp-content\/uploads\/2026\/05\/Life-Extension-Vitamin-B12-Methylcobalamin-1-mg-60-Lozenges.webp","type":"image\/jpeg"}],"twitter_card":"summary_large_image","twitter_misc":{"Price":"&#67;&#72;&#70;&nbsp;7.97","Availability":"Out of stock"},"schema":{"@context":"https:\/\/schema.org","@graph":[{"@type":"WebPage","@id":"https:\/\/ecosupplements.ch\/?product=life-extension-vitamin-b12-methylcobalamin-1-mg-60-lozenges","url":"https:\/\/ecosupplements.ch\/?product=life-extension-vitamin-b12-methylcobalamin-1-mg-60-lozenges","name":"Vitamin B12 Methylcobalamin 1 mg \u2013 Life Extension | ecosupplements.ch","isPartOf":{"@id":"https:\/\/ecosupplements.ch\/#website"},"primaryImageOfPage":{"@id":"https:\/\/ecosupplements.ch\/?product=life-extension-vitamin-b12-methylcobalamin-1-mg-60-lozenges#primaryimage"},"image":{"@id":"https:\/\/ecosupplements.ch\/?product=life-extension-vitamin-b12-methylcobalamin-1-mg-60-lozenges#primaryimage"},"thumbnailUrl":"https:\/\/ecosupplements.ch\/wp-content\/uploads\/2026\/05\/Life-Extension-Vitamin-B12-Methylcobalamin-1-mg-60-Lozenges.webp","datePublished":"2026-05-11T14:46:03+00:00","dateModified":"2026-05-13T07:26:16+00:00","description":"Hochdosiertes Vitamin B12 als Methylcobalamin \u2013 60 Lutschtabletten f\u00fcr eine einfache t\u00e4gliche Einnahme. Glutenfrei, laktosefrei. Jetzt bestellen.","breadcrumb":{"@id":"https:\/\/ecosupplements.ch\/?product=life-extension-vitamin-b12-methylcobalamin-1-mg-60-lozenges#breadcrumb"},"inLanguage":"de-CH","potentialAction":[{"@type":"ReadAction","target":["https:\/\/ecosupplements.ch\/?product=life-extension-vitamin-b12-methylcobalamin-1-mg-60-lozenges"]}]},{"@type":"ImageObject","inLanguage":"de-CH","@id":"https:\/\/ecosupplements.ch\/?product=life-extension-vitamin-b12-methylcobalamin-1-mg-60-lozenges#primaryimage","url":"https:\/\/ecosupplements.ch\/wp-content\/uploads\/2026\/05\/Life-Extension-Vitamin-B12-Methylcobalamin-1-mg-60-Lozenges.webp","contentUrl":"https:\/\/ecosupplements.ch\/wp-content\/uploads\/2026\/05\/Life-Extension-Vitamin-B12-Methylcobalamin-1-mg-60-Lozenges.webp","width":1000,"height":1000,"caption":"Life Extension - Vitamin B12 Methylcobalamin 1 mg (60 Lozenges)"},{"@type":"BreadcrumbList","@id":"https:\/\/ecosupplements.ch\/?product=life-extension-vitamin-b12-methylcobalamin-1-mg-60-lozenges#breadcrumb","itemListElement":[{"@type":"ListItem","position":1,"name":"Home","item":"https:\/\/ecosupplements.ch\/"},{"@type":"ListItem","position":2,"name":"Shop","item":"https:\/\/ecosupplements.ch\/?page_id=14"},{"@type":"ListItem","position":3,"name":"Life Extension &#8211; Vitamin B12 Methylcobalamin 1 mg (60 Lozenges)"}]},{"@type":"WebSite","@id":"https:\/\/ecosupplements.ch\/#website","url":"https:\/\/ecosupplements.ch\/","name":"Eco Supplements","description":"","potentialAction":[{"@type":"SearchAction","target":{"@type":"EntryPoint","urlTemplate":"https:\/\/ecosupplements.ch\/?s={search_term_string}"},"query-input":{"@type":"PropertyValueSpecification","valueRequired":true,"valueName":"search_term_string"}}],"inLanguage":"de-CH"}]},"product_price_amount":"7.97","product_price_currency":"CHF","og_availability":"out of stock","product_availability":"out of stock","product_retailer_item_id":"737870153665","product_condition":"new"},"_links":{"self":[{"href":"https:\/\/ecosupplements.ch\/index.php?rest_route=\/wp\/v2\/product\/3494","targetHints":{"allow":["GET"]}}],"collection":[{"href":"https:\/\/ecosupplements.ch\/index.php?rest_route=\/wp\/v2\/product"}],"about":[{"href":"https:\/\/ecosupplements.ch\/index.php?rest_route=\/wp\/v2\/types\/product"}],"replies":[{"embeddable":true,"href":"https:\/\/ecosupplements.ch\/index.php?rest_route=%2Fwp%2Fv2%2Fcomments&post=3494"}],"wp:featuredmedia":[{"embeddable":true,"href":"https:\/\/ecosupplements.ch\/index.php?rest_route=\/wp\/v2\/media\/3495"}],"wp:attachment":[{"href":"https:\/\/ecosupplements.ch\/index.php?rest_route=%2Fwp%2Fv2%2Fmedia&parent=3494"}],"wp:term":[{"taxonomy":"product_brand","embeddable":true,"href":"https:\/\/ecosupplements.ch\/index.php?rest_route=%2Fwp%2Fv2%2Fproduct_brand&post=3494"},{"taxonomy":"product_cat","embeddable":true,"href":"https:\/\/ecosupplements.ch\/index.php?rest_route=%2Fwp%2Fv2%2Fproduct_cat&post=3494"},{"taxonomy":"product_tag","embeddable":true,"href":"https:\/\/ecosupplements.ch\/index.php?rest_route=%2Fwp%2Fv2%2Fproduct_tag&post=3494"}],"curies":[{"name":"wp","href":"https:\/\/api.w.org\/{rel}","templated":true}]}}