{"id":3500,"date":"2026-05-11T14:46:06","date_gmt":"2026-05-11T14:46:06","guid":{"rendered":"https:\/\/ecosupplements.ch\/?product=life-extension-quiet-sleep-melatonin-5-mg-60-veg-capsules"},"modified":"2026-05-13T07:26:33","modified_gmt":"2026-05-13T07:26:33","slug":"life-extension-quiet-sleep-melatonin-5-mg-60-veg-capsules","status":"publish","type":"product","link":"https:\/\/ecosupplements.ch\/?product=life-extension-quiet-sleep-melatonin-5-mg-60-veg-capsules","title":{"rendered":"Life Extension &#8211; Quiet Sleep Melatonin 5 mg (60 Veg Capsules)"},"content":{"rendered":"<div class=\"chcg-product-description\">\n<h2 class=\"chcg-heading\">\u00dcber Life Extension \u2013 Quiet Sleep Melatonin 5 mg (60 Veg Kapseln)<\/h2>\n<div class=\"chcg-intro\">\n<p>Quiet Sleep Melatonin 5 mg von Life Extension ist eine sorgf\u00e4ltig zusammengestellte Formel, die Melatonin mit einer Kombination aus ausgew\u00e4hlten B-Vitaminen, Vitamin C, Calcium, Magnesium, Chrom und Inositol vereint. Melatonin tr\u00e4gt dazu bei, die Einschlafzeit zu verk\u00fcrzen \u2013 dieser positive Effekt stellt sich bei einer Einnahme von 1 mg kurz vor dem Schlafengehen ein. Mit 5 mg pro Kapsel bietet dieses Produkt eine hochdosierte Unterst\u00fctzung f\u00fcr Ihren nat\u00fcrlichen Schlaf-Wach-Rhythmus.<\/p>\n<p>Die Formel enth\u00e4lt unter anderem Vitamin B6 in der gut verwertbaren Form Pyridoxal-5&#8242;-Phosphat sowie Vitamin B12 als Methylcobalamin. Vitamin B6 tr\u00e4gt zur normalen Funktion des Nervensystems und zur Regulierung der Hormont\u00e4tigkeit bei. Vitamin B12 unterst\u00fctzt die normale Funktion des Nervensystems und hilft, M\u00fcdigkeit und Ersch\u00f6pfung zu reduzieren. Vitamin C und Niacin \u2013 beide als Niacinamid-Ascorbat \u2013 sowie Magnesium und Calcium erg\u00e4nzen die Formel sinnvoll.<\/p>\n<p>Die vegetarischen Kapseln sind glutenfrei und laktosefrei, was sie f\u00fcr eine breite Zielgruppe geeignet macht. Als Nahrungserg\u00e4nzungsmittel erg\u00e4nzen sie eine ausgewogene und abwechslungsreiche Ern\u00e4hrung und einen gesunden Lebensstil \u2013 ohne Ersatz f\u00fcr diese zu sein.<\/p>\n<\/p><\/div>\n<div class=\"chcg-nutrition\">\n<h3>N\u00e4hrwertangaben<\/h3>\n<table class=\"chcg-nutrition-table\">\n<thead>\n<tr>\n<th>N\u00e4hrstoff<\/th>\n<th>Pro Portion (1 Kapsel)<\/th>\n<\/tr>\n<\/thead>\n<tbody>\n<tr>\n<td>Vitamin C (als Niacinamid-Ascorbat)<\/td>\n<td>220 mg<\/td>\n<\/tr>\n<tr>\n<td>Niacin (als Niacinamid-Ascorbat)<\/td>\n<td>73,5 mg<\/td>\n<\/tr>\n<tr>\n<td>Vitamin B6 (als Pyridoxal-5&#8242;-Phosphat)<\/td>\n<td>10 mg<\/td>\n<\/tr>\n<tr>\n<td>Vitamin B12 (als Methylcobalamin)<\/td>\n<td>100 mcg<\/td>\n<\/tr>\n<tr>\n<td>Calcium (als Calciumcarbonat, -citrat)<\/td>\n<td>48 mg<\/td>\n<\/tr>\n<tr>\n<td>Magnesium (als Magnesiumoxid)<\/td>\n<td>120 mg<\/td>\n<\/tr>\n<tr>\n<td>Chrom (als ChromeMate\u00ae Chrom-Polynicotinat)<\/td>\n<td>50 mcg<\/td>\n<\/tr>\n<tr>\n<td>Melatonin (sofortige Freisetzung)<\/td>\n<td>5 mg<\/td>\n<\/tr>\n<tr>\n<td>Inositol<\/td>\n<td>100 mg<\/td>\n<\/tr>\n<\/tbody>\n<\/table>\n<p class=\"chcg-footnote\">* Kein festgelegter Tagesbedarf.<\/p>\n<\/p><\/div>\n<div class=\"chcg-ingredients\">\n<h3>Zutaten<\/h3>\n<p>Vitamin C (als Niacinamid-Ascorbat) 220 mg, Niacin (als Niacinamid-Ascorbat) 73,5 mg, Vitamin B6 (als Pyridoxal-5&#8242;-Phosphat) 10 mg, Vitamin B12 (als Methylcobalamin) 100 mcg, Calcium (als Calciumcarbonat, -citrat) 48 mg, Magnesium (als Magnesiumoxid) 120 mg, Chrom (als ChromeMate\u00ae Chrom-Polynicotinat) 50 mcg, Melatonin (sofortige Freisetzung) 5 mg, Inositol 100 mg. Weitere Zutaten: pflanzliche Cellulose (Kapsel), mikrokristalline Cellulose, Dicalciumphosphat, pflanzliches Stearat, Maltodextrin, Siliziumdioxid.<\/p>\n<p class=\"chcg-capsule-shell\">Kapselh\u00fclle: pflanzliche Cellulose<\/p>\n<\/p><\/div>\n<div class=\"chcg-dosage\">\n<h3>Verzehrempfehlung<\/h3>\n<p>Eine (1) Kapsel 30\u201360 Minuten vor dem Schlafengehen einnehmen oder gem\u00e4ss Empfehlung einer Fachperson im Gesundheitsbereich.<\/p>\n<\/p><\/div>\n<div class=\"chcg-warnings\">\n<h3>Warnhinweise<\/h3>\n<p>Ausserhalb der Reichweite von Kindern aufbewahren. Die empfohlene Tagesdosis nicht \u00fcberschreiten. Nach der Einnahme dieses Produkts keinen Alkohol konsumieren, kein Fahrzeug lenken und keine Maschinen bedienen. Nicht kaufen, wenn die \u00e4ussere Versiegelung gebrochen oder besch\u00e4digt ist. Bei der Einnahme von Nahrungserg\u00e4nzungsmitteln wird empfohlen, einen Arzt zu konsultieren, wenn Sie sich in \u00e4rztlicher Behandlung befinden oder wenn Sie schwanger sind oder stillen. Um ein schwerwiegendes unerw\u00fcnschtes Ereignis zu melden oder Produktinformationen zu erhalten, wenden Sie sich bitte an: 1-866-280-2852.<\/p>\n<\/p><\/div>\n<div class=\"chcg-allergens\">\n<h3>Allergeninformationen<\/h3>\n<p>Keine Allergene auf dem Etikett deklariert.<\/p>\n<\/p><\/div>\n<div class=\"chcg-storage\">\n<h3>Lagerung<\/h3>\n<p>Fest verschlossen an einem k\u00fchlen, trockenen Ort aufbewahren.<\/p>\n<\/p><\/div>\n<div class=\"chcg-dietary\">\n<h3>Ern\u00e4hrungshinweise<\/h3>\n<ul>\n<li>Vegetarisch<\/li>\n<li>Glutenfrei<\/li>\n<li>Laktosefrei<\/li>\n<\/ul><\/div>\n<\/div>\n","protected":false},"excerpt":{"rendered":"<p>Quiet Sleep Melatonin 5 mg von Life Extension unterst\u00fctzt einen normalen Schlaf-Wach-Rhythmus mit 5 mg Melatonin sowie B-Vitaminen und Mineralstoffen. Erh\u00e4ltlich als vegetarische Kapseln, 60 St\u00fcck pro Packung. Glutenfrei und laktosefrei.<\/p>\n","protected":false},"featured_media":3501,"comment_status":"closed","ping_status":"open","template":"","meta":[],"product_brand":[202],"product_cat":[48,25,83,21],"product_tag":[],"class_list":{"0":"post-3500","1":"product","2":"type-product","3":"status-publish","4":"has-post-thumbnail","6":"product_brand-life-extension","7":"product_cat-gesunde-ernaehrung","8":"product_cat-gesundheit-und-wohlbefinden","9":"product_cat-schlafunterstuetzung","10":"product_cat-vitamine-und-mineralstoffe","12":"first","13":"outofstock","14":"taxable","15":"shipping-taxable","16":"purchasable","17":"product-type-simple"},"yoast_head":"<!-- This site is optimized with the Yoast SEO plugin v27.5 - https:\/\/yoast.com\/product\/yoast-seo-wordpress\/ -->\n<title>Quiet Sleep Melatonin 5 mg \u2013 Life Extension | ecosupplements.ch<\/title>\n<meta name=\"description\" content=\"Life Extension Quiet Sleep Melatonin 5 mg \u2013 60 vegetarische Kapseln zur Unterst\u00fctzung eines normalen Einschlafens, mit B-Vitaminen und Mineralstoffen. Jetzt bestellen.\" \/>\n<meta name=\"robots\" content=\"index, follow, max-snippet:-1, max-image-preview:large, max-video-preview:-1\" \/>\n<link rel=\"canonical\" href=\"https:\/\/ecosupplements.ch\/?product=life-extension-quiet-sleep-melatonin-5-mg-60-veg-capsules\" \/>\n<meta property=\"og:locale\" content=\"de_DE\" \/>\n<meta property=\"og:type\" content=\"article\" \/>\n<meta property=\"og:title\" content=\"Quiet Sleep Melatonin 5 mg \u2013 Life Extension | ecosupplements.ch\" \/>\n<meta property=\"og:description\" content=\"Life Extension Quiet Sleep Melatonin 5 mg \u2013 60 vegetarische Kapseln zur Unterst\u00fctzung eines normalen Einschlafens, mit B-Vitaminen und Mineralstoffen. Jetzt bestellen.\" \/>\n<meta property=\"og:url\" content=\"https:\/\/ecosupplements.ch\/?product=life-extension-quiet-sleep-melatonin-5-mg-60-veg-capsules\" \/>\n<meta property=\"og:site_name\" content=\"Eco Supplements\" \/>\n<meta property=\"article:modified_time\" content=\"2026-05-13T07:26:33+00:00\" \/>\n<meta property=\"og:image\" content=\"https:\/\/ecosupplements.ch\/wp-content\/uploads\/2026\/05\/Life-Extension-Quiet-Sleep-Melatonin-5-mg-60-Veg-Capsules.webp\" \/>\n\t<meta property=\"og:image:width\" content=\"1000\" \/>\n\t<meta property=\"og:image:height\" content=\"1000\" \/>\n\t<meta property=\"og:image:type\" content=\"image\/jpeg\" \/>\n<meta name=\"twitter:card\" content=\"summary_large_image\" \/>\n<meta name=\"twitter:label1\" content=\"Price\" \/>\n\t<meta name=\"twitter:data1\" content=\"&#067;&#072;&#070;&nbsp;22.83\" \/>\n\t<meta name=\"twitter:label2\" content=\"Availability\" \/>\n\t<meta name=\"twitter:data2\" content=\"Out of stock\" \/>\n<script type=\"application\/ld+json\" class=\"yoast-schema-graph\">{\"@context\":\"https:\\\/\\\/schema.org\",\"@graph\":[{\"@type\":\"WebPage\",\"@id\":\"https:\\\/\\\/ecosupplements.ch\\\/?product=life-extension-quiet-sleep-melatonin-5-mg-60-veg-capsules\",\"url\":\"https:\\\/\\\/ecosupplements.ch\\\/?product=life-extension-quiet-sleep-melatonin-5-mg-60-veg-capsules\",\"name\":\"Quiet Sleep Melatonin 5 mg \u2013 Life Extension | ecosupplements.ch\",\"isPartOf\":{\"@id\":\"https:\\\/\\\/ecosupplements.ch\\\/#website\"},\"primaryImageOfPage\":{\"@id\":\"https:\\\/\\\/ecosupplements.ch\\\/?product=life-extension-quiet-sleep-melatonin-5-mg-60-veg-capsules#primaryimage\"},\"image\":{\"@id\":\"https:\\\/\\\/ecosupplements.ch\\\/?product=life-extension-quiet-sleep-melatonin-5-mg-60-veg-capsules#primaryimage\"},\"thumbnailUrl\":\"https:\\\/\\\/ecosupplements.ch\\\/wp-content\\\/uploads\\\/2026\\\/05\\\/Life-Extension-Quiet-Sleep-Melatonin-5-mg-60-Veg-Capsules.webp\",\"datePublished\":\"2026-05-11T14:46:06+00:00\",\"dateModified\":\"2026-05-13T07:26:33+00:00\",\"description\":\"Life Extension Quiet Sleep Melatonin 5 mg \u2013 60 vegetarische Kapseln zur Unterst\u00fctzung eines normalen Einschlafens, mit B-Vitaminen und Mineralstoffen. Jetzt bestellen.\",\"breadcrumb\":{\"@id\":\"https:\\\/\\\/ecosupplements.ch\\\/?product=life-extension-quiet-sleep-melatonin-5-mg-60-veg-capsules#breadcrumb\"},\"inLanguage\":\"de-CH\",\"potentialAction\":[{\"@type\":\"ReadAction\",\"target\":[\"https:\\\/\\\/ecosupplements.ch\\\/?product=life-extension-quiet-sleep-melatonin-5-mg-60-veg-capsules\"]}]},{\"@type\":\"ImageObject\",\"inLanguage\":\"de-CH\",\"@id\":\"https:\\\/\\\/ecosupplements.ch\\\/?product=life-extension-quiet-sleep-melatonin-5-mg-60-veg-capsules#primaryimage\",\"url\":\"https:\\\/\\\/ecosupplements.ch\\\/wp-content\\\/uploads\\\/2026\\\/05\\\/Life-Extension-Quiet-Sleep-Melatonin-5-mg-60-Veg-Capsules.webp\",\"contentUrl\":\"https:\\\/\\\/ecosupplements.ch\\\/wp-content\\\/uploads\\\/2026\\\/05\\\/Life-Extension-Quiet-Sleep-Melatonin-5-mg-60-Veg-Capsules.webp\",\"width\":1000,\"height\":1000,\"caption\":\"Life Extension - Quiet Sleep Melatonin 5 mg (60 Veg Capsules)\"},{\"@type\":\"BreadcrumbList\",\"@id\":\"https:\\\/\\\/ecosupplements.ch\\\/?product=life-extension-quiet-sleep-melatonin-5-mg-60-veg-capsules#breadcrumb\",\"itemListElement\":[{\"@type\":\"ListItem\",\"position\":1,\"name\":\"Home\",\"item\":\"https:\\\/\\\/ecosupplements.ch\\\/\"},{\"@type\":\"ListItem\",\"position\":2,\"name\":\"Shop\",\"item\":\"https:\\\/\\\/ecosupplements.ch\\\/?page_id=14\"},{\"@type\":\"ListItem\",\"position\":3,\"name\":\"Life Extension &#8211; Quiet Sleep Melatonin 5 mg (60 Veg Capsules)\"}]},{\"@type\":\"WebSite\",\"@id\":\"https:\\\/\\\/ecosupplements.ch\\\/#website\",\"url\":\"https:\\\/\\\/ecosupplements.ch\\\/\",\"name\":\"Eco Supplements\",\"description\":\"\",\"potentialAction\":[{\"@type\":\"SearchAction\",\"target\":{\"@type\":\"EntryPoint\",\"urlTemplate\":\"https:\\\/\\\/ecosupplements.ch\\\/?s={search_term_string}\"},\"query-input\":{\"@type\":\"PropertyValueSpecification\",\"valueRequired\":true,\"valueName\":\"search_term_string\"}}],\"inLanguage\":\"de-CH\"}]}<\/script>\n<meta property=\"product:price:amount\" content=\"22.83\" \/>\n<meta property=\"product:price:currency\" content=\"CHF\" \/>\n<meta property=\"og:availability\" content=\"out of stock\" \/>\n<meta property=\"product:availability\" content=\"out of stock\" \/>\n<meta property=\"product:retailer_item_id\" content=\"737870144564\" \/>\n<meta property=\"product:condition\" content=\"new\" \/>\n<!-- \/ Yoast SEO plugin. -->","yoast_head_json":{"title":"Quiet Sleep Melatonin 5 mg \u2013 Life Extension | ecosupplements.ch","description":"Life Extension Quiet Sleep Melatonin 5 mg \u2013 60 vegetarische Kapseln zur Unterst\u00fctzung eines normalen Einschlafens, mit B-Vitaminen und Mineralstoffen. Jetzt bestellen.","robots":{"index":"index","follow":"follow","max-snippet":"max-snippet:-1","max-image-preview":"max-image-preview:large","max-video-preview":"max-video-preview:-1"},"canonical":"https:\/\/ecosupplements.ch\/?product=life-extension-quiet-sleep-melatonin-5-mg-60-veg-capsules","og_locale":"de_DE","og_type":"article","og_title":"Quiet Sleep Melatonin 5 mg \u2013 Life Extension | ecosupplements.ch","og_description":"Life Extension Quiet Sleep Melatonin 5 mg \u2013 60 vegetarische Kapseln zur Unterst\u00fctzung eines normalen Einschlafens, mit B-Vitaminen und Mineralstoffen. Jetzt bestellen.","og_url":"https:\/\/ecosupplements.ch\/?product=life-extension-quiet-sleep-melatonin-5-mg-60-veg-capsules","og_site_name":"Eco Supplements","article_modified_time":"2026-05-13T07:26:33+00:00","og_image":[{"width":1000,"height":1000,"url":"https:\/\/ecosupplements.ch\/wp-content\/uploads\/2026\/05\/Life-Extension-Quiet-Sleep-Melatonin-5-mg-60-Veg-Capsules.webp","type":"image\/jpeg"}],"twitter_card":"summary_large_image","twitter_misc":{"Price":"&#67;&#72;&#70;&nbsp;22.83","Availability":"Out of stock"},"schema":{"@context":"https:\/\/schema.org","@graph":[{"@type":"WebPage","@id":"https:\/\/ecosupplements.ch\/?product=life-extension-quiet-sleep-melatonin-5-mg-60-veg-capsules","url":"https:\/\/ecosupplements.ch\/?product=life-extension-quiet-sleep-melatonin-5-mg-60-veg-capsules","name":"Quiet Sleep Melatonin 5 mg \u2013 Life Extension | ecosupplements.ch","isPartOf":{"@id":"https:\/\/ecosupplements.ch\/#website"},"primaryImageOfPage":{"@id":"https:\/\/ecosupplements.ch\/?product=life-extension-quiet-sleep-melatonin-5-mg-60-veg-capsules#primaryimage"},"image":{"@id":"https:\/\/ecosupplements.ch\/?product=life-extension-quiet-sleep-melatonin-5-mg-60-veg-capsules#primaryimage"},"thumbnailUrl":"https:\/\/ecosupplements.ch\/wp-content\/uploads\/2026\/05\/Life-Extension-Quiet-Sleep-Melatonin-5-mg-60-Veg-Capsules.webp","datePublished":"2026-05-11T14:46:06+00:00","dateModified":"2026-05-13T07:26:33+00:00","description":"Life Extension Quiet Sleep Melatonin 5 mg \u2013 60 vegetarische Kapseln zur Unterst\u00fctzung eines normalen Einschlafens, mit B-Vitaminen und Mineralstoffen. Jetzt bestellen.","breadcrumb":{"@id":"https:\/\/ecosupplements.ch\/?product=life-extension-quiet-sleep-melatonin-5-mg-60-veg-capsules#breadcrumb"},"inLanguage":"de-CH","potentialAction":[{"@type":"ReadAction","target":["https:\/\/ecosupplements.ch\/?product=life-extension-quiet-sleep-melatonin-5-mg-60-veg-capsules"]}]},{"@type":"ImageObject","inLanguage":"de-CH","@id":"https:\/\/ecosupplements.ch\/?product=life-extension-quiet-sleep-melatonin-5-mg-60-veg-capsules#primaryimage","url":"https:\/\/ecosupplements.ch\/wp-content\/uploads\/2026\/05\/Life-Extension-Quiet-Sleep-Melatonin-5-mg-60-Veg-Capsules.webp","contentUrl":"https:\/\/ecosupplements.ch\/wp-content\/uploads\/2026\/05\/Life-Extension-Quiet-Sleep-Melatonin-5-mg-60-Veg-Capsules.webp","width":1000,"height":1000,"caption":"Life Extension - Quiet Sleep Melatonin 5 mg (60 Veg Capsules)"},{"@type":"BreadcrumbList","@id":"https:\/\/ecosupplements.ch\/?product=life-extension-quiet-sleep-melatonin-5-mg-60-veg-capsules#breadcrumb","itemListElement":[{"@type":"ListItem","position":1,"name":"Home","item":"https:\/\/ecosupplements.ch\/"},{"@type":"ListItem","position":2,"name":"Shop","item":"https:\/\/ecosupplements.ch\/?page_id=14"},{"@type":"ListItem","position":3,"name":"Life Extension &#8211; Quiet Sleep Melatonin 5 mg (60 Veg Capsules)"}]},{"@type":"WebSite","@id":"https:\/\/ecosupplements.ch\/#website","url":"https:\/\/ecosupplements.ch\/","name":"Eco Supplements","description":"","potentialAction":[{"@type":"SearchAction","target":{"@type":"EntryPoint","urlTemplate":"https:\/\/ecosupplements.ch\/?s={search_term_string}"},"query-input":{"@type":"PropertyValueSpecification","valueRequired":true,"valueName":"search_term_string"}}],"inLanguage":"de-CH"}]},"product_price_amount":"22.83","product_price_currency":"CHF","og_availability":"out of stock","product_availability":"out of stock","product_retailer_item_id":"737870144564","product_condition":"new"},"_links":{"self":[{"href":"https:\/\/ecosupplements.ch\/index.php?rest_route=\/wp\/v2\/product\/3500","targetHints":{"allow":["GET"]}}],"collection":[{"href":"https:\/\/ecosupplements.ch\/index.php?rest_route=\/wp\/v2\/product"}],"about":[{"href":"https:\/\/ecosupplements.ch\/index.php?rest_route=\/wp\/v2\/types\/product"}],"replies":[{"embeddable":true,"href":"https:\/\/ecosupplements.ch\/index.php?rest_route=%2Fwp%2Fv2%2Fcomments&post=3500"}],"wp:featuredmedia":[{"embeddable":true,"href":"https:\/\/ecosupplements.ch\/index.php?rest_route=\/wp\/v2\/media\/3501"}],"wp:attachment":[{"href":"https:\/\/ecosupplements.ch\/index.php?rest_route=%2Fwp%2Fv2%2Fmedia&parent=3500"}],"wp:term":[{"taxonomy":"product_brand","embeddable":true,"href":"https:\/\/ecosupplements.ch\/index.php?rest_route=%2Fwp%2Fv2%2Fproduct_brand&post=3500"},{"taxonomy":"product_cat","embeddable":true,"href":"https:\/\/ecosupplements.ch\/index.php?rest_route=%2Fwp%2Fv2%2Fproduct_cat&post=3500"},{"taxonomy":"product_tag","embeddable":true,"href":"https:\/\/ecosupplements.ch\/index.php?rest_route=%2Fwp%2Fv2%2Fproduct_tag&post=3500"}],"curies":[{"name":"wp","href":"https:\/\/api.w.org\/{rel}","templated":true}]}}