{"id":3505,"date":"2026-05-11T14:46:08","date_gmt":"2026-05-11T14:46:08","guid":{"rendered":"https:\/\/ecosupplements.ch\/?product=life-extension-optimized-resveratrol-elite-60-veg-capsules"},"modified":"2026-05-13T07:26:16","modified_gmt":"2026-05-13T07:26:16","slug":"life-extension-optimized-resveratrol-elite-60-veg-capsules","status":"publish","type":"product","link":"https:\/\/ecosupplements.ch\/?product=life-extension-optimized-resveratrol-elite-60-veg-capsules","title":{"rendered":"Life Extension &#8211; Optimized Resveratrol Elite\u2122 (60 Veg Capsules)"},"content":{"rendered":"<div class=\"chcg-product-description\">\n<h2 class=\"chcg-heading\">\u00dcber Life Extension \u2013 Optimized Resveratrol Elite\u2122 (60 Veg Kapseln)<\/h2>\n<div class=\"chcg-intro\">\n<p>Resveratrol Elite\u2122 von Life Extension ist eine hochwertige Nahrungserg\u00e4nzungsformel, die auf einer fortschrittlichen, bioverf\u00fcgbarkeitsoptimierten Technologie basiert. Die propriet\u00e4re Mischung Resveratrol Elite\u2122 kombiniert Trans-Resveratrol aus japanischem Kn\u00f6terich mit Galactomannanen aus Bockshornkleesamen \u2013 ein Ansatz, der darauf ausgelegt ist, die Aufnahme des Wirkstoffs im K\u00f6rper zu verbessern. Trans-Resveratrol ist ein nat\u00fcrlich vorkommendes Polyphenol, das in der Wissenschaft intensiv erforscht wird.<\/p>\n<p>Erg\u00e4nzt wird die Formel durch Bio-Quercetin\u00ae Phytosome, ein patentiertes Quercetin-Phosphatidylcholin-Komplex aus japanischer Sophora-Bl\u00fctenknospe. Dank der Phytosom-Technologie wird Quercetin in einer Form bereitgestellt, die eine verbesserte Bioverf\u00fcgbarkeit gegen\u00fcber herk\u00f6mmlichem Quercetin aufweisen soll. Diese Kombination macht Optimized Resveratrol Elite\u2122 zu einem sorgf\u00e4ltig zusammengesetzten Produkt f\u00fcr alle, die Wert auf qualitativ hochwertige Polyphenol-Erg\u00e4nzungen legen.<\/p>\n<p>Die vegetarischen Kapseln sind vegan, glutenfrei und ohne gentechnisch ver\u00e4nderte Organismen (GMO-frei) hergestellt. Mit 60 Kapseln pro Packung und einer empfohlenen Tagesdosis von einer Kapsel bietet das Produkt eine zweimonatige Versorgung.<\/p>\n<\/p><\/div>\n<div class=\"chcg-nutrition\">\n<h3>N\u00e4hrwertangaben<\/h3>\n<table class=\"chcg-nutrition-table\">\n<thead>\n<tr>\n<th>N\u00e4hrstoff<\/th>\n<th>Pro Portion (1 Kapsel)<\/th>\n<\/tr>\n<\/thead>\n<tbody>\n<tr>\n<td>Resveratrol Elite\u2122 Proprietary Blend<\/td>\n<td>222 mg<\/td>\n<\/tr>\n<tr>\n<td>\u2013 Trans-Resveratrol (18 %, aus japanischem Kn\u00f6terich, Wurzel)<\/td>\n<td>40 mg<\/td>\n<\/tr>\n<tr>\n<td>\u2013 Galactomannane (35 %, aus Bockshornkleesamen)<\/td>\n<td>77 mg<\/td>\n<\/tr>\n<tr>\n<td>Bio-Quercetin\u00ae Phytosome<\/td>\n<td>9 mg<\/td>\n<\/tr>\n<tr>\n<td>\u2013 Quercetin (aus japanischer Sophora-Bl\u00fctenknospenkonzentrat)<\/td>\n<td>3 mg<\/td>\n<\/tr>\n<\/tbody>\n<\/table>\n<p class=\"chcg-footnote\">** Kein festgelegter Tagesbedarf (Referenzwert) vorhanden.<\/p>\n<\/p><\/div>\n<div class=\"chcg-ingredients\">\n<h3>Zutaten<\/h3>\n<p>Resveratrol Elite\u2122 Proprietary Blend 222 mg: mit 18 % Trans-Resveratrol (40 mg) [aus japanischem Kn\u00f6terich (Wurzel) (Fallopia japonica (Houtt.))], 35 % Galactomannanen (77 mg) [aus Bockshornklee-Samenextrakt (Trigonella foenum-graecum L.)]. Bio-Quercetin\u00ae Phytosome 9 mg: mit 3 mg Quercetin aus japanischer Sophora-Konzentrat (Bl\u00fctenknospe) (Sophora japonica L.), Phosphatidylcholin-Komplex aus Sonnenblume (Samen). Weitere Zutaten: Gummi arabicum, Reiskleieextrakt, pflanzliche Zellulose (Kapsel) (Hydroxypropylmethylcellulose), F\u00fcllstoff (mikrokristalline Cellulose\/Cellulosegel), Trennmittel (Fetts\u00e4uren\/Stearins\u00e4ure, Siliziumdioxid [nano]).<\/p>\n<p class=\"chcg-capsule-shell\">Kapselh\u00fclle: Pflanzliche Zellulose (Hydroxypropylmethylcellulose)<\/p>\n<\/p><\/div>\n<div class=\"chcg-dosage\">\n<h3>Verzehrempfehlung<\/h3>\n<p>T\u00e4glich eine (1) Kapsel einnehmen, mit oder ohne Mahlzeit, oder gem\u00e4ss Empfehlung einer Fachperson f\u00fcr Gesundheit.<\/p>\n<\/p><\/div>\n<div class=\"chcg-warnings\">\n<h3>Warnhinweise<\/h3>\n<p>Ausserhalb der Reichweite von Kindern aufbewahren. Die empfohlene Tagesdosis nicht \u00fcberschreiten. Nicht kaufen, wenn die \u00e4ussere Versiegelung gebrochen oder besch\u00e4digt ist. Konsultieren Sie Ihren Arzt oder Ihre \u00c4rztin, wenn Sie sich wegen einer Erkrankung in Behandlung befinden oder wenn Sie schwanger sind oder stillen. Ein Nahrungserg\u00e4nzungsmittel sollte nicht als Ersatz f\u00fcr eine abwechslungsreiche und ausgewogene Ern\u00e4hrung und eine gesunde Lebensweise verwendet werden.<\/p>\n<\/p><\/div>\n<div class=\"chcg-allergens\">\n<h3>Allergeninformationen<\/h3>\n<p>Enth\u00e4lt ein Derivat aus Sonnenblume (Samen) (Phosphatidylcholin). Enth\u00e4lt Bockshornklee (Samen). Keine glutenhaltigen Zutaten deklariert. Frei von GVO (gentechnisch ver\u00e4nderten Organismen).<\/p>\n<\/p><\/div>\n<div class=\"chcg-storage\">\n<h3>Lagerung<\/h3>\n<p>Fest verschlossen an einem k\u00fchlen, trockenen Ort aufbewahren.<\/p>\n<\/p><\/div>\n<div class=\"chcg-dietary\">\n<h3>Ern\u00e4hrungshinweise<\/h3>\n<ul>\n<li>Vegan<\/li>\n<li>Vegetarisch<\/li>\n<li>Glutenfrei<\/li>\n<li>Laktosefrei<\/li>\n<\/ul><\/div>\n<\/div>\n","protected":false},"excerpt":{"rendered":"<p>Optimized Resveratrol Elite\u2122 von Life Extension liefert bioverf\u00fcgbares Trans-Resveratrol kombiniert mit Bio-Quercetin\u00ae Phytosome in veganen Kapseln. 60 Kapseln pro Packung \u2013 f\u00fcr eine zweimonatige Versorgung.<\/p>\n","protected":false},"featured_media":3506,"comment_status":"closed","ping_status":"open","template":"","meta":[],"product_brand":[202],"product_cat":[34,48,25,44,130,21],"product_tag":[],"class_list":{"0":"post-3505","1":"product","2":"type-product","3":"status-publish","4":"has-post-thumbnail","6":"product_brand-life-extension","7":"product_cat-antioxidantien","8":"product_cat-gesunde-ernaehrung","9":"product_cat-gesundheit-und-wohlbefinden","10":"product_cat-pflanzliche-nahrungsergaenzungsmittel","11":"product_cat-resveratrol","12":"product_cat-vitamine-und-mineralstoffe","14":"first","15":"outofstock","16":"taxable","17":"shipping-taxable","18":"purchasable","19":"product-type-simple"},"yoast_head":"<!-- This site is optimized with the Yoast SEO plugin v27.5 - https:\/\/yoast.com\/product\/yoast-seo-wordpress\/ -->\n<title>Optimized Resveratrol Elite\u2122 \u2013 Life Extension | ecosupplements.ch<\/title>\n<meta name=\"description\" content=\"Resveratrol Elite\u2122 mit Trans-Resveratrol und Bio-Quercetin\u00ae Phytosome in 60 veganen Kapseln \u2013 hochwertige Polyphenol-Formel von Life Extension. Jetzt bestellen.\" \/>\n<meta name=\"robots\" content=\"index, follow, max-snippet:-1, max-image-preview:large, max-video-preview:-1\" \/>\n<link rel=\"canonical\" href=\"https:\/\/ecosupplements.ch\/?product=life-extension-optimized-resveratrol-elite-60-veg-capsules\" \/>\n<meta property=\"og:locale\" content=\"de_DE\" \/>\n<meta property=\"og:type\" content=\"article\" \/>\n<meta property=\"og:title\" content=\"Optimized Resveratrol Elite\u2122 \u2013 Life Extension | ecosupplements.ch\" \/>\n<meta property=\"og:description\" content=\"Resveratrol Elite\u2122 mit Trans-Resveratrol und Bio-Quercetin\u00ae Phytosome in 60 veganen Kapseln \u2013 hochwertige Polyphenol-Formel von Life Extension. Jetzt bestellen.\" \/>\n<meta property=\"og:url\" content=\"https:\/\/ecosupplements.ch\/?product=life-extension-optimized-resveratrol-elite-60-veg-capsules\" \/>\n<meta property=\"og:site_name\" content=\"Eco Supplements\" \/>\n<meta property=\"article:modified_time\" content=\"2026-05-13T07:26:16+00:00\" \/>\n<meta property=\"og:image\" content=\"https:\/\/ecosupplements.ch\/wp-content\/uploads\/2026\/05\/Life-Extension-Optimized-Resveratrol-Elite\u2122-60-Veg-Capsules.webp\" \/>\n\t<meta property=\"og:image:width\" content=\"1000\" \/>\n\t<meta property=\"og:image:height\" content=\"1000\" \/>\n\t<meta property=\"og:image:type\" content=\"image\/jpeg\" \/>\n<meta name=\"twitter:card\" content=\"summary_large_image\" \/>\n<meta name=\"twitter:label1\" content=\"Price\" \/>\n\t<meta name=\"twitter:data1\" content=\"&#067;&#072;&#070;&nbsp;36.87\" \/>\n\t<meta name=\"twitter:label2\" content=\"Availability\" \/>\n\t<meta name=\"twitter:data2\" content=\"Out of stock\" \/>\n<script type=\"application\/ld+json\" class=\"yoast-schema-graph\">{\"@context\":\"https:\\\/\\\/schema.org\",\"@graph\":[{\"@type\":\"WebPage\",\"@id\":\"https:\\\/\\\/ecosupplements.ch\\\/?product=life-extension-optimized-resveratrol-elite-60-veg-capsules\",\"url\":\"https:\\\/\\\/ecosupplements.ch\\\/?product=life-extension-optimized-resveratrol-elite-60-veg-capsules\",\"name\":\"Optimized Resveratrol Elite\u2122 \u2013 Life Extension | ecosupplements.ch\",\"isPartOf\":{\"@id\":\"https:\\\/\\\/ecosupplements.ch\\\/#website\"},\"primaryImageOfPage\":{\"@id\":\"https:\\\/\\\/ecosupplements.ch\\\/?product=life-extension-optimized-resveratrol-elite-60-veg-capsules#primaryimage\"},\"image\":{\"@id\":\"https:\\\/\\\/ecosupplements.ch\\\/?product=life-extension-optimized-resveratrol-elite-60-veg-capsules#primaryimage\"},\"thumbnailUrl\":\"https:\\\/\\\/ecosupplements.ch\\\/wp-content\\\/uploads\\\/2026\\\/05\\\/Life-Extension-Optimized-Resveratrol-Elite\u2122-60-Veg-Capsules.webp\",\"datePublished\":\"2026-05-11T14:46:08+00:00\",\"dateModified\":\"2026-05-13T07:26:16+00:00\",\"description\":\"Resveratrol Elite\u2122 mit Trans-Resveratrol und Bio-Quercetin\u00ae Phytosome in 60 veganen Kapseln \u2013 hochwertige Polyphenol-Formel von Life Extension. Jetzt bestellen.\",\"breadcrumb\":{\"@id\":\"https:\\\/\\\/ecosupplements.ch\\\/?product=life-extension-optimized-resveratrol-elite-60-veg-capsules#breadcrumb\"},\"inLanguage\":\"de-CH\",\"potentialAction\":[{\"@type\":\"ReadAction\",\"target\":[\"https:\\\/\\\/ecosupplements.ch\\\/?product=life-extension-optimized-resveratrol-elite-60-veg-capsules\"]}]},{\"@type\":\"ImageObject\",\"inLanguage\":\"de-CH\",\"@id\":\"https:\\\/\\\/ecosupplements.ch\\\/?product=life-extension-optimized-resveratrol-elite-60-veg-capsules#primaryimage\",\"url\":\"https:\\\/\\\/ecosupplements.ch\\\/wp-content\\\/uploads\\\/2026\\\/05\\\/Life-Extension-Optimized-Resveratrol-Elite\u2122-60-Veg-Capsules.webp\",\"contentUrl\":\"https:\\\/\\\/ecosupplements.ch\\\/wp-content\\\/uploads\\\/2026\\\/05\\\/Life-Extension-Optimized-Resveratrol-Elite\u2122-60-Veg-Capsules.webp\",\"width\":1000,\"height\":1000,\"caption\":\"Life Extension - Optimized Resveratrol Elite\u2122 (60 Veg Capsules)\"},{\"@type\":\"BreadcrumbList\",\"@id\":\"https:\\\/\\\/ecosupplements.ch\\\/?product=life-extension-optimized-resveratrol-elite-60-veg-capsules#breadcrumb\",\"itemListElement\":[{\"@type\":\"ListItem\",\"position\":1,\"name\":\"Home\",\"item\":\"https:\\\/\\\/ecosupplements.ch\\\/\"},{\"@type\":\"ListItem\",\"position\":2,\"name\":\"Shop\",\"item\":\"https:\\\/\\\/ecosupplements.ch\\\/?page_id=14\"},{\"@type\":\"ListItem\",\"position\":3,\"name\":\"Life Extension &#8211; Optimized Resveratrol Elite\u2122 (60 Veg Capsules)\"}]},{\"@type\":\"WebSite\",\"@id\":\"https:\\\/\\\/ecosupplements.ch\\\/#website\",\"url\":\"https:\\\/\\\/ecosupplements.ch\\\/\",\"name\":\"Eco Supplements\",\"description\":\"\",\"potentialAction\":[{\"@type\":\"SearchAction\",\"target\":{\"@type\":\"EntryPoint\",\"urlTemplate\":\"https:\\\/\\\/ecosupplements.ch\\\/?s={search_term_string}\"},\"query-input\":{\"@type\":\"PropertyValueSpecification\",\"valueRequired\":true,\"valueName\":\"search_term_string\"}}],\"inLanguage\":\"de-CH\"}]}<\/script>\n<meta property=\"product:price:amount\" content=\"36.87\" \/>\n<meta property=\"product:price:currency\" content=\"CHF\" \/>\n<meta property=\"og:availability\" content=\"out of stock\" \/>\n<meta property=\"product:availability\" content=\"out of stock\" \/>\n<meta property=\"product:retailer_item_id\" content=\"737870223061\" \/>\n<meta property=\"product:condition\" content=\"new\" \/>\n<!-- \/ Yoast SEO plugin. -->","yoast_head_json":{"title":"Optimized Resveratrol Elite\u2122 \u2013 Life Extension | ecosupplements.ch","description":"Resveratrol Elite\u2122 mit Trans-Resveratrol und Bio-Quercetin\u00ae Phytosome in 60 veganen Kapseln \u2013 hochwertige Polyphenol-Formel von Life Extension. Jetzt bestellen.","robots":{"index":"index","follow":"follow","max-snippet":"max-snippet:-1","max-image-preview":"max-image-preview:large","max-video-preview":"max-video-preview:-1"},"canonical":"https:\/\/ecosupplements.ch\/?product=life-extension-optimized-resveratrol-elite-60-veg-capsules","og_locale":"de_DE","og_type":"article","og_title":"Optimized Resveratrol Elite\u2122 \u2013 Life Extension | ecosupplements.ch","og_description":"Resveratrol Elite\u2122 mit Trans-Resveratrol und Bio-Quercetin\u00ae Phytosome in 60 veganen Kapseln \u2013 hochwertige Polyphenol-Formel von Life Extension. Jetzt bestellen.","og_url":"https:\/\/ecosupplements.ch\/?product=life-extension-optimized-resveratrol-elite-60-veg-capsules","og_site_name":"Eco Supplements","article_modified_time":"2026-05-13T07:26:16+00:00","og_image":[{"width":1000,"height":1000,"url":"https:\/\/ecosupplements.ch\/wp-content\/uploads\/2026\/05\/Life-Extension-Optimized-Resveratrol-Elite\u2122-60-Veg-Capsules.webp","type":"image\/jpeg"}],"twitter_card":"summary_large_image","twitter_misc":{"Price":"&#67;&#72;&#70;&nbsp;36.87","Availability":"Out of stock"},"schema":{"@context":"https:\/\/schema.org","@graph":[{"@type":"WebPage","@id":"https:\/\/ecosupplements.ch\/?product=life-extension-optimized-resveratrol-elite-60-veg-capsules","url":"https:\/\/ecosupplements.ch\/?product=life-extension-optimized-resveratrol-elite-60-veg-capsules","name":"Optimized Resveratrol Elite\u2122 \u2013 Life Extension | ecosupplements.ch","isPartOf":{"@id":"https:\/\/ecosupplements.ch\/#website"},"primaryImageOfPage":{"@id":"https:\/\/ecosupplements.ch\/?product=life-extension-optimized-resveratrol-elite-60-veg-capsules#primaryimage"},"image":{"@id":"https:\/\/ecosupplements.ch\/?product=life-extension-optimized-resveratrol-elite-60-veg-capsules#primaryimage"},"thumbnailUrl":"https:\/\/ecosupplements.ch\/wp-content\/uploads\/2026\/05\/Life-Extension-Optimized-Resveratrol-Elite\u2122-60-Veg-Capsules.webp","datePublished":"2026-05-11T14:46:08+00:00","dateModified":"2026-05-13T07:26:16+00:00","description":"Resveratrol Elite\u2122 mit Trans-Resveratrol und Bio-Quercetin\u00ae Phytosome in 60 veganen Kapseln \u2013 hochwertige Polyphenol-Formel von Life Extension. Jetzt bestellen.","breadcrumb":{"@id":"https:\/\/ecosupplements.ch\/?product=life-extension-optimized-resveratrol-elite-60-veg-capsules#breadcrumb"},"inLanguage":"de-CH","potentialAction":[{"@type":"ReadAction","target":["https:\/\/ecosupplements.ch\/?product=life-extension-optimized-resveratrol-elite-60-veg-capsules"]}]},{"@type":"ImageObject","inLanguage":"de-CH","@id":"https:\/\/ecosupplements.ch\/?product=life-extension-optimized-resveratrol-elite-60-veg-capsules#primaryimage","url":"https:\/\/ecosupplements.ch\/wp-content\/uploads\/2026\/05\/Life-Extension-Optimized-Resveratrol-Elite\u2122-60-Veg-Capsules.webp","contentUrl":"https:\/\/ecosupplements.ch\/wp-content\/uploads\/2026\/05\/Life-Extension-Optimized-Resveratrol-Elite\u2122-60-Veg-Capsules.webp","width":1000,"height":1000,"caption":"Life Extension - Optimized Resveratrol Elite\u2122 (60 Veg Capsules)"},{"@type":"BreadcrumbList","@id":"https:\/\/ecosupplements.ch\/?product=life-extension-optimized-resveratrol-elite-60-veg-capsules#breadcrumb","itemListElement":[{"@type":"ListItem","position":1,"name":"Home","item":"https:\/\/ecosupplements.ch\/"},{"@type":"ListItem","position":2,"name":"Shop","item":"https:\/\/ecosupplements.ch\/?page_id=14"},{"@type":"ListItem","position":3,"name":"Life Extension &#8211; Optimized Resveratrol Elite\u2122 (60 Veg Capsules)"}]},{"@type":"WebSite","@id":"https:\/\/ecosupplements.ch\/#website","url":"https:\/\/ecosupplements.ch\/","name":"Eco Supplements","description":"","potentialAction":[{"@type":"SearchAction","target":{"@type":"EntryPoint","urlTemplate":"https:\/\/ecosupplements.ch\/?s={search_term_string}"},"query-input":{"@type":"PropertyValueSpecification","valueRequired":true,"valueName":"search_term_string"}}],"inLanguage":"de-CH"}]},"product_price_amount":"36.87","product_price_currency":"CHF","og_availability":"out of stock","product_availability":"out of stock","product_retailer_item_id":"737870223061","product_condition":"new"},"_links":{"self":[{"href":"https:\/\/ecosupplements.ch\/index.php?rest_route=\/wp\/v2\/product\/3505","targetHints":{"allow":["GET"]}}],"collection":[{"href":"https:\/\/ecosupplements.ch\/index.php?rest_route=\/wp\/v2\/product"}],"about":[{"href":"https:\/\/ecosupplements.ch\/index.php?rest_route=\/wp\/v2\/types\/product"}],"replies":[{"embeddable":true,"href":"https:\/\/ecosupplements.ch\/index.php?rest_route=%2Fwp%2Fv2%2Fcomments&post=3505"}],"wp:featuredmedia":[{"embeddable":true,"href":"https:\/\/ecosupplements.ch\/index.php?rest_route=\/wp\/v2\/media\/3506"}],"wp:attachment":[{"href":"https:\/\/ecosupplements.ch\/index.php?rest_route=%2Fwp%2Fv2%2Fmedia&parent=3505"}],"wp:term":[{"taxonomy":"product_brand","embeddable":true,"href":"https:\/\/ecosupplements.ch\/index.php?rest_route=%2Fwp%2Fv2%2Fproduct_brand&post=3505"},{"taxonomy":"product_cat","embeddable":true,"href":"https:\/\/ecosupplements.ch\/index.php?rest_route=%2Fwp%2Fv2%2Fproduct_cat&post=3505"},{"taxonomy":"product_tag","embeddable":true,"href":"https:\/\/ecosupplements.ch\/index.php?rest_route=%2Fwp%2Fv2%2Fproduct_tag&post=3505"}],"curies":[{"name":"wp","href":"https:\/\/api.w.org\/{rel}","templated":true}]}}