{"id":3515,"date":"2026-05-11T14:46:12","date_gmt":"2026-05-11T14:46:12","guid":{"rendered":"https:\/\/ecosupplements.ch\/?product=life-extension-melatonin-1-mg-60-capsules"},"modified":"2026-05-13T07:27:09","modified_gmt":"2026-05-13T07:27:09","slug":"life-extension-melatonin-1-mg-60-capsules","status":"publish","type":"product","link":"https:\/\/ecosupplements.ch\/?product=life-extension-melatonin-1-mg-60-capsules","title":{"rendered":"Life Extension &#8211; Melatonin 1 mg (60 Capsules)"},"content":{"rendered":"<div class=\"chcg-product-description\">\n<h2 class=\"chcg-heading\">\u00dcber Life Extension \u2013 Melatonin 1 mg (60 Kapseln)<\/h2>\n<div class=\"chcg-intro\">\n<p>Melatonin ist ein k\u00f6rpereigenes Hormon, das von der Zirbeldr\u00fcse (Epiphyse) in der Nacht ausgesch\u00fcttet wird und eine zentrale Rolle beim Regulieren des nat\u00fcrlichen Schlaf-Wach-Rhythmus spielt. Das Melatonin 1 mg von Life Extension bietet eine niedrig dosierte, gut vertr\u00e4gliche Form dieses Wirkstoffs \u2013 ideal f\u00fcr Personen, die eine sanfte Unterst\u00fctzung ihres Einschlafprozesses suchen.<\/p>\n<p>Jede Kapsel liefert 1 mg reines Melatonin in einer einfach einzunehmenden Gelatinekapsel. Die niedrige Dosierung eignet sich besonders f\u00fcr Einsteiger oder f\u00fcr Personen, die empfindlich auf h\u00f6here Dosen reagieren. Life Extension steht seit Jahrzehnten f\u00fcr wissenschaftlich fundierte Nahrungserg\u00e4nzungsmittel h\u00f6chster Qualit\u00e4t.<\/p>\n<p>Melatonin tr\u00e4gt dazu bei, die Einschlafzeit zu verk\u00fcrzen \u2013 dies ist ein zugelassener gesundheitsbezogener Hinweis gem\u00e4ss EFSA. Die wohltuende Wirkung wird bereits bei einer Einnahme von 0,5 mg kurz vor dem Schlafengehen erzielt. Dieses Produkt eignet sich auch zur Unterst\u00fctzung bei Jetlag.<\/p>\n<\/p><\/div>\n<div class=\"chcg-nutrition\">\n<h3>N\u00e4hrwertangaben<\/h3>\n<table class=\"chcg-nutrition-table\">\n<thead>\n<tr>\n<th>N\u00e4hrstoff<\/th>\n<th>Pro Portion (1 Kapsel)<\/th>\n<\/tr>\n<\/thead>\n<tbody>\n<tr>\n<td>Melatonin<\/td>\n<td>1 mg *<\/td>\n<\/tr>\n<\/tbody>\n<\/table>\n<p class=\"chcg-footnote\">* Kein festgelegter Tagesbedarf (Tagesreferenzwert nicht ermittelt).<\/p>\n<\/p><\/div>\n<div class=\"chcg-ingredients\">\n<h3>Zutaten<\/h3>\n<p>Melatonin 1 mg. Weitere Zutaten: Mikrokristalline Cellulose, Gelatine, Siliciumdioxid.<\/p>\n<p class=\"chcg-capsule-shell\">Kapselh\u00fclle: Gelatine (tierischen Ursprungs).<\/p>\n<\/p><\/div>\n<div class=\"chcg-dosage\">\n<h3>Verzehrempfehlung<\/h3>\n<p>1 Kapsel 30 bis 60 Minuten vor dem Schlafengehen einnehmen, oder gem\u00e4ss Empfehlung einer Fachperson des Gesundheitswesens. Melatonin wird von der Zirbeldr\u00fcse auf nat\u00fcrliche Weise in der Nacht ausgesch\u00fcttet und sollte f\u00fcr optimale Ergebnisse abends eingenommen werden.<\/p>\n<\/p><\/div>\n<div class=\"chcg-warnings\">\n<h3>Warnhinweise<\/h3>\n<p>Ausserhalb der Reichweite von Kindern aufbewahren. Die empfohlene Dosierung nicht \u00fcberschreiten. Nicht kaufen, wenn das \u00e4ussere Siegel gebrochen oder besch\u00e4digt ist. Konsultieren Sie Ihre \u00c4rztin oder Ihren Arzt vor der Einnahme dieses Produkts, wenn Sie wegen einer Erkrankung in Behandlung sind (insbesondere bei Autoimmun- oder depressiven St\u00f6rungen). Bei kombinierter Einnahme mit Alkohol ist Vorsicht geboten. Dieses Produkt ist nicht f\u00fcr Kinder, schwangere oder stillende Frauen sowie f\u00fcr Frauen, die schwanger werden m\u00f6chten, geeignet. Nach der Einnahme dieses Produkts kein Fahrzeug lenken und keine schweren Maschinen bedienen.<\/p>\n<\/p><\/div>\n<div class=\"chcg-allergens\">\n<h3>Allergeninformationen<\/h3>\n<p>Auf dem Etikett sind keine Allergene deklariert. Das Produkt enth\u00e4lt Gelatine tierischen Ursprungs. Nicht geeignet f\u00fcr Veganer und Vegetarier.<\/p>\n<\/p><\/div>\n<div class=\"chcg-storage\">\n<h3>Lagerung<\/h3>\n<p>Fest verschlossen an einem k\u00fchlen, trockenen Ort aufbewahren.<\/p>\n<\/p><\/div>\n<div class=\"chcg-dietary\">\n<h3>Ern\u00e4hrungshinweise<\/h3>\n<ul>\n<li>Glutenfrei<\/li>\n<li>Laktosefrei<\/li>\n<\/ul><\/div>\n<\/div>\n","protected":false},"excerpt":{"rendered":"<p>Life Extension Melatonin 1 mg unterst\u00fctzt einen gesunden Schlaf-Wach-Rhythmus. 60 Gelatinekapseln mit je 1 mg Melatonin \u2013 niedrig dosiert und gut vertr\u00e4glich. Glutenfrei und laktosefrei.<\/p>\n","protected":false},"featured_media":3516,"comment_status":"closed","ping_status":"open","template":"","meta":[],"product_brand":[202],"product_cat":[514,90,48,83,21],"product_tag":[],"class_list":{"0":"post-3515","1":"product","2":"type-product","3":"status-publish","4":"has-post-thumbnail","6":"product_brand-life-extension","7":"product_cat-aminosaeuren-und-bcaas","8":"product_cat-fitness-training","9":"product_cat-gesunde-ernaehrung","10":"product_cat-schlafunterstuetzung","11":"product_cat-vitamine-und-mineralstoffe","13":"first","14":"outofstock","15":"taxable","16":"shipping-taxable","17":"purchasable","18":"product-type-simple"},"yoast_head":"<!-- This site is optimized with the Yoast SEO plugin v27.5 - https:\/\/yoast.com\/product\/yoast-seo-wordpress\/ -->\n<title>Melatonin 1 mg (60 Kapseln) \u2013 Life Extension | ecosupplements.ch<\/title>\n<meta name=\"description\" content=\"Melatonin 1 mg von Life Extension \u2013 60 Kapseln zur Unterst\u00fctzung des nat\u00fcrlichen Einschlafens. Niedrig dosiert, glutenfrei und laktosefrei. Jetzt bestellen.\" \/>\n<meta name=\"robots\" content=\"index, follow, max-snippet:-1, max-image-preview:large, max-video-preview:-1\" \/>\n<link rel=\"canonical\" href=\"https:\/\/ecosupplements.ch\/?product=life-extension-melatonin-1-mg-60-capsules\" \/>\n<meta property=\"og:locale\" content=\"de_DE\" \/>\n<meta property=\"og:type\" content=\"article\" \/>\n<meta property=\"og:title\" content=\"Melatonin 1 mg (60 Kapseln) \u2013 Life Extension | ecosupplements.ch\" \/>\n<meta property=\"og:description\" content=\"Melatonin 1 mg von Life Extension \u2013 60 Kapseln zur Unterst\u00fctzung des nat\u00fcrlichen Einschlafens. Niedrig dosiert, glutenfrei und laktosefrei. Jetzt bestellen.\" \/>\n<meta property=\"og:url\" content=\"https:\/\/ecosupplements.ch\/?product=life-extension-melatonin-1-mg-60-capsules\" \/>\n<meta property=\"og:site_name\" content=\"Eco Supplements\" \/>\n<meta property=\"article:modified_time\" content=\"2026-05-13T07:27:09+00:00\" \/>\n<meta property=\"og:image\" content=\"https:\/\/ecosupplements.ch\/wp-content\/uploads\/2026\/05\/Life-Extension-Melatonin-1-mg-60-Capsules.jpg\" \/>\n\t<meta property=\"og:image:width\" content=\"800\" \/>\n\t<meta property=\"og:image:height\" content=\"800\" \/>\n\t<meta property=\"og:image:type\" content=\"image\/jpeg\" \/>\n<meta name=\"twitter:card\" content=\"summary_large_image\" \/>\n<meta name=\"twitter:label1\" content=\"Price\" \/>\n\t<meta name=\"twitter:data1\" content=\"&#067;&#072;&#070;&nbsp;10.41\" \/>\n\t<meta name=\"twitter:label2\" content=\"Availability\" \/>\n\t<meta name=\"twitter:data2\" content=\"Out of stock\" \/>\n<script type=\"application\/ld+json\" class=\"yoast-schema-graph\">{\"@context\":\"https:\\\/\\\/schema.org\",\"@graph\":[{\"@type\":\"WebPage\",\"@id\":\"https:\\\/\\\/ecosupplements.ch\\\/?product=life-extension-melatonin-1-mg-60-capsules\",\"url\":\"https:\\\/\\\/ecosupplements.ch\\\/?product=life-extension-melatonin-1-mg-60-capsules\",\"name\":\"Melatonin 1 mg (60 Kapseln) \u2013 Life Extension | ecosupplements.ch\",\"isPartOf\":{\"@id\":\"https:\\\/\\\/ecosupplements.ch\\\/#website\"},\"primaryImageOfPage\":{\"@id\":\"https:\\\/\\\/ecosupplements.ch\\\/?product=life-extension-melatonin-1-mg-60-capsules#primaryimage\"},\"image\":{\"@id\":\"https:\\\/\\\/ecosupplements.ch\\\/?product=life-extension-melatonin-1-mg-60-capsules#primaryimage\"},\"thumbnailUrl\":\"https:\\\/\\\/ecosupplements.ch\\\/wp-content\\\/uploads\\\/2026\\\/05\\\/Life-Extension-Melatonin-1-mg-60-Capsules.jpg\",\"datePublished\":\"2026-05-11T14:46:12+00:00\",\"dateModified\":\"2026-05-13T07:27:09+00:00\",\"description\":\"Melatonin 1 mg von Life Extension \u2013 60 Kapseln zur Unterst\u00fctzung des nat\u00fcrlichen Einschlafens. Niedrig dosiert, glutenfrei und laktosefrei. Jetzt bestellen.\",\"breadcrumb\":{\"@id\":\"https:\\\/\\\/ecosupplements.ch\\\/?product=life-extension-melatonin-1-mg-60-capsules#breadcrumb\"},\"inLanguage\":\"de-CH\",\"potentialAction\":[{\"@type\":\"ReadAction\",\"target\":[\"https:\\\/\\\/ecosupplements.ch\\\/?product=life-extension-melatonin-1-mg-60-capsules\"]}]},{\"@type\":\"ImageObject\",\"inLanguage\":\"de-CH\",\"@id\":\"https:\\\/\\\/ecosupplements.ch\\\/?product=life-extension-melatonin-1-mg-60-capsules#primaryimage\",\"url\":\"https:\\\/\\\/ecosupplements.ch\\\/wp-content\\\/uploads\\\/2026\\\/05\\\/Life-Extension-Melatonin-1-mg-60-Capsules.jpg\",\"contentUrl\":\"https:\\\/\\\/ecosupplements.ch\\\/wp-content\\\/uploads\\\/2026\\\/05\\\/Life-Extension-Melatonin-1-mg-60-Capsules.jpg\",\"width\":800,\"height\":800,\"caption\":\"Life Extension - Melatonin 1 mg (60 Capsules)\"},{\"@type\":\"BreadcrumbList\",\"@id\":\"https:\\\/\\\/ecosupplements.ch\\\/?product=life-extension-melatonin-1-mg-60-capsules#breadcrumb\",\"itemListElement\":[{\"@type\":\"ListItem\",\"position\":1,\"name\":\"Home\",\"item\":\"https:\\\/\\\/ecosupplements.ch\\\/\"},{\"@type\":\"ListItem\",\"position\":2,\"name\":\"Shop\",\"item\":\"https:\\\/\\\/ecosupplements.ch\\\/?page_id=14\"},{\"@type\":\"ListItem\",\"position\":3,\"name\":\"Life Extension &#8211; Melatonin 1 mg (60 Capsules)\"}]},{\"@type\":\"WebSite\",\"@id\":\"https:\\\/\\\/ecosupplements.ch\\\/#website\",\"url\":\"https:\\\/\\\/ecosupplements.ch\\\/\",\"name\":\"Eco Supplements\",\"description\":\"\",\"potentialAction\":[{\"@type\":\"SearchAction\",\"target\":{\"@type\":\"EntryPoint\",\"urlTemplate\":\"https:\\\/\\\/ecosupplements.ch\\\/?s={search_term_string}\"},\"query-input\":{\"@type\":\"PropertyValueSpecification\",\"valueRequired\":true,\"valueName\":\"search_term_string\"}}],\"inLanguage\":\"de-CH\"}]}<\/script>\n<meta property=\"product:price:amount\" content=\"10.41\" \/>\n<meta property=\"product:price:currency\" content=\"CHF\" \/>\n<meta property=\"og:availability\" content=\"out of stock\" \/>\n<meta property=\"product:availability\" content=\"out of stock\" \/>\n<meta property=\"product:retailer_item_id\" content=\"737870329060\" \/>\n<meta property=\"product:condition\" content=\"new\" \/>\n<!-- \/ Yoast SEO plugin. -->","yoast_head_json":{"title":"Melatonin 1 mg (60 Kapseln) \u2013 Life Extension | ecosupplements.ch","description":"Melatonin 1 mg von Life Extension \u2013 60 Kapseln zur Unterst\u00fctzung des nat\u00fcrlichen Einschlafens. Niedrig dosiert, glutenfrei und laktosefrei. Jetzt bestellen.","robots":{"index":"index","follow":"follow","max-snippet":"max-snippet:-1","max-image-preview":"max-image-preview:large","max-video-preview":"max-video-preview:-1"},"canonical":"https:\/\/ecosupplements.ch\/?product=life-extension-melatonin-1-mg-60-capsules","og_locale":"de_DE","og_type":"article","og_title":"Melatonin 1 mg (60 Kapseln) \u2013 Life Extension | ecosupplements.ch","og_description":"Melatonin 1 mg von Life Extension \u2013 60 Kapseln zur Unterst\u00fctzung des nat\u00fcrlichen Einschlafens. Niedrig dosiert, glutenfrei und laktosefrei. Jetzt bestellen.","og_url":"https:\/\/ecosupplements.ch\/?product=life-extension-melatonin-1-mg-60-capsules","og_site_name":"Eco Supplements","article_modified_time":"2026-05-13T07:27:09+00:00","og_image":[{"width":800,"height":800,"url":"https:\/\/ecosupplements.ch\/wp-content\/uploads\/2026\/05\/Life-Extension-Melatonin-1-mg-60-Capsules.jpg","type":"image\/jpeg"}],"twitter_card":"summary_large_image","twitter_misc":{"Price":"&#67;&#72;&#70;&nbsp;10.41","Availability":"Out of stock"},"schema":{"@context":"https:\/\/schema.org","@graph":[{"@type":"WebPage","@id":"https:\/\/ecosupplements.ch\/?product=life-extension-melatonin-1-mg-60-capsules","url":"https:\/\/ecosupplements.ch\/?product=life-extension-melatonin-1-mg-60-capsules","name":"Melatonin 1 mg (60 Kapseln) \u2013 Life Extension | ecosupplements.ch","isPartOf":{"@id":"https:\/\/ecosupplements.ch\/#website"},"primaryImageOfPage":{"@id":"https:\/\/ecosupplements.ch\/?product=life-extension-melatonin-1-mg-60-capsules#primaryimage"},"image":{"@id":"https:\/\/ecosupplements.ch\/?product=life-extension-melatonin-1-mg-60-capsules#primaryimage"},"thumbnailUrl":"https:\/\/ecosupplements.ch\/wp-content\/uploads\/2026\/05\/Life-Extension-Melatonin-1-mg-60-Capsules.jpg","datePublished":"2026-05-11T14:46:12+00:00","dateModified":"2026-05-13T07:27:09+00:00","description":"Melatonin 1 mg von Life Extension \u2013 60 Kapseln zur Unterst\u00fctzung des nat\u00fcrlichen Einschlafens. Niedrig dosiert, glutenfrei und laktosefrei. Jetzt bestellen.","breadcrumb":{"@id":"https:\/\/ecosupplements.ch\/?product=life-extension-melatonin-1-mg-60-capsules#breadcrumb"},"inLanguage":"de-CH","potentialAction":[{"@type":"ReadAction","target":["https:\/\/ecosupplements.ch\/?product=life-extension-melatonin-1-mg-60-capsules"]}]},{"@type":"ImageObject","inLanguage":"de-CH","@id":"https:\/\/ecosupplements.ch\/?product=life-extension-melatonin-1-mg-60-capsules#primaryimage","url":"https:\/\/ecosupplements.ch\/wp-content\/uploads\/2026\/05\/Life-Extension-Melatonin-1-mg-60-Capsules.jpg","contentUrl":"https:\/\/ecosupplements.ch\/wp-content\/uploads\/2026\/05\/Life-Extension-Melatonin-1-mg-60-Capsules.jpg","width":800,"height":800,"caption":"Life Extension - Melatonin 1 mg (60 Capsules)"},{"@type":"BreadcrumbList","@id":"https:\/\/ecosupplements.ch\/?product=life-extension-melatonin-1-mg-60-capsules#breadcrumb","itemListElement":[{"@type":"ListItem","position":1,"name":"Home","item":"https:\/\/ecosupplements.ch\/"},{"@type":"ListItem","position":2,"name":"Shop","item":"https:\/\/ecosupplements.ch\/?page_id=14"},{"@type":"ListItem","position":3,"name":"Life Extension &#8211; Melatonin 1 mg (60 Capsules)"}]},{"@type":"WebSite","@id":"https:\/\/ecosupplements.ch\/#website","url":"https:\/\/ecosupplements.ch\/","name":"Eco Supplements","description":"","potentialAction":[{"@type":"SearchAction","target":{"@type":"EntryPoint","urlTemplate":"https:\/\/ecosupplements.ch\/?s={search_term_string}"},"query-input":{"@type":"PropertyValueSpecification","valueRequired":true,"valueName":"search_term_string"}}],"inLanguage":"de-CH"}]},"product_price_amount":"10.41","product_price_currency":"CHF","og_availability":"out of stock","product_availability":"out of stock","product_retailer_item_id":"737870329060","product_condition":"new"},"_links":{"self":[{"href":"https:\/\/ecosupplements.ch\/index.php?rest_route=\/wp\/v2\/product\/3515","targetHints":{"allow":["GET"]}}],"collection":[{"href":"https:\/\/ecosupplements.ch\/index.php?rest_route=\/wp\/v2\/product"}],"about":[{"href":"https:\/\/ecosupplements.ch\/index.php?rest_route=\/wp\/v2\/types\/product"}],"replies":[{"embeddable":true,"href":"https:\/\/ecosupplements.ch\/index.php?rest_route=%2Fwp%2Fv2%2Fcomments&post=3515"}],"wp:featuredmedia":[{"embeddable":true,"href":"https:\/\/ecosupplements.ch\/index.php?rest_route=\/wp\/v2\/media\/3516"}],"wp:attachment":[{"href":"https:\/\/ecosupplements.ch\/index.php?rest_route=%2Fwp%2Fv2%2Fmedia&parent=3515"}],"wp:term":[{"taxonomy":"product_brand","embeddable":true,"href":"https:\/\/ecosupplements.ch\/index.php?rest_route=%2Fwp%2Fv2%2Fproduct_brand&post=3515"},{"taxonomy":"product_cat","embeddable":true,"href":"https:\/\/ecosupplements.ch\/index.php?rest_route=%2Fwp%2Fv2%2Fproduct_cat&post=3515"},{"taxonomy":"product_tag","embeddable":true,"href":"https:\/\/ecosupplements.ch\/index.php?rest_route=%2Fwp%2Fv2%2Fproduct_tag&post=3515"}],"curies":[{"name":"wp","href":"https:\/\/api.w.org\/{rel}","templated":true}]}}