{"id":3519,"date":"2026-05-11T14:46:14","date_gmt":"2026-05-11T14:46:14","guid":{"rendered":"https:\/\/ecosupplements.ch\/?product=life-extension-gummy-science-melatonin-60-gummies"},"modified":"2026-05-13T07:24:57","modified_gmt":"2026-05-13T07:24:57","slug":"life-extension-gummy-science-melatonin-60-gummies","status":"publish","type":"product","link":"https:\/\/ecosupplements.ch\/?product=life-extension-gummy-science-melatonin-60-gummies","title":{"rendered":"Life Extension &#8211; Gummy Science\u2122 Melatonin (60 Gummies)"},"content":{"rendered":"<div class=\"chcg-product-description\">\n<h2 class=\"chcg-heading\">\u00dcber Life Extension \u2013 Gummy Science\u2122 Melatonin (60 Gummies)<\/h2>\n<div class=\"chcg-intro\">\n<p>Melatonin ist ein k\u00f6rpereigenes Hormon, das von der Zirbeldr\u00fcse in der Nacht auf nat\u00fcrliche Weise ausgesch\u00fcttet wird und eine zentrale Rolle beim Einschlafen spielt. Die Gummy Science\u2122 Melatonin Gummies von Life Extension liefern 3 mg Melatonin pro Portion in einer angenehmen, kaubaren Form \u2013 ideal f\u00fcr alle, die eine Alternative zu herk\u00f6mmlichen Tabletten oder Kapseln bevorzugen.<\/p>\n<p>Die Gummies basieren auf einer veganen Pektinbasis und enthalten weder Gelatine noch Zuckerzusatz. Dank der S\u00fcssungsmittel Allulose und Erythrit sowie dem nat\u00fcrlichen Stevia-Extrakt ist der Zuckergehalt auf null gehalten \u2013 eine sorgf\u00e4ltig zusammengestellte Rezeptur f\u00fcr bewusste Konsumentinnen und Konsumenten.<\/p>\n<p>Mit ihrer praktischen Darreichungsform und der zuverl\u00e4ssigen Qualit\u00e4t von Life Extension sind diese Gummies eine komfortable Erg\u00e4nzung f\u00fcr die abendliche Routine bei gelegentlichem Schlafeintritt-Problem.<\/p>\n<\/p><\/div>\n<div class=\"chcg-nutrition\">\n<h3>N\u00e4hrwertangaben<\/h3>\n<table class=\"chcg-nutrition-table\">\n<thead>\n<tr>\n<th>N\u00e4hrstoff<\/th>\n<th>Pro Portion (1 Gummy)<\/th>\n<\/tr>\n<\/thead>\n<tbody>\n<tr>\n<td>Kalorien<\/td>\n<td>5 kcal<\/td>\n<\/tr>\n<tr>\n<td>Kohlenhydrate gesamt<\/td>\n<td>2 g (&lt;1 % Tagesbedarf)<\/td>\n<\/tr>\n<tr>\n<td>\u2013 davon Ballaststoffe<\/td>\n<td>1 g (4 % Tagesbedarf)<\/td>\n<\/tr>\n<tr>\n<td>\u2013 davon Gesamtzucker<\/td>\n<td>0 g<\/td>\n<\/tr>\n<tr>\n<td>\u2013 davon zugesetzter Zucker<\/td>\n<td>0 g (0 % Tagesbedarf)<\/td>\n<\/tr>\n<tr>\n<td>\u2013 davon Zuckeralkohole<\/td>\n<td>0 g<\/td>\n<\/tr>\n<tr>\n<td>Melatonin<\/td>\n<td>3 mg *<\/td>\n<\/tr>\n<\/tbody>\n<\/table>\n<p class=\"chcg-footnote\">* Kein festgelegter Tagesbedarf.<\/p>\n<\/p><\/div>\n<div class=\"chcg-ingredients\">\n<h3>Zutaten<\/h3>\n<p>Aktiver Wirkstoff: Melatonin 3 mg. Weitere Zutaten: l\u00f6sliche Maisballaststoffe, Allulose, gereinigtes Wasser, Erythrit, Pektin, Zitronens\u00e4ure, nat\u00fcrliche Aromen, Natriumcitrat, Sonnenblumen\u00f6l, schwarze Karottenfarbe, Stevia-Blattextrakt, Maltodextrin.<\/p>\n<p class=\"chcg-capsule-shell\">Gummy-Basis: Pektin (vegetarische\/vegane Basis; kein Gelatineanteil).<\/p>\n<\/p><\/div>\n<div class=\"chcg-dosage\">\n<h3>Verzehrempfehlung<\/h3>\n<p>1 Gummy 30 bis 60 Minuten vor dem Schlafengehen kauen oder gem\u00e4ss Empfehlung einer Fachperson aus dem Gesundheitsbereich. Melatonin wird von der Zirbeldr\u00fcse auf nat\u00fcrliche Weise in der Nacht ausgesch\u00fcttet und sollte f\u00fcr optimale Ergebnisse abends eingenommen werden.<\/p>\n<\/p><\/div>\n<div class=\"chcg-warnings\">\n<h3>Warnhinweise<\/h3>\n<p>AUSSERHALB DER REICHWEITE VON KINDERN AUFBEWAHREN. DIE EMPFOHLENE TAGESDOSIS NICHT \u00dcBERSCHREITEN. Nicht kaufen, wenn die Aussenversiegelung besch\u00e4digt oder gebrochen ist. Nach der Einnahme dieses Produkts keinen Alkohol konsumieren, kein Fahrzeug lenken und keine Maschinen bedienen. \u00dcberm\u00e4ssiger Verzehr kann abf\u00fchrende Wirkung haben. Bei bestehender medizinischer Behandlung oder bei Schwangerschaft und Stillzeit einen Arzt bzw. eine \u00c4rztin konsultieren. Kein kalorienarmes Lebensmittel. Bei gelegentlichem Schlafeintritt-Problem.<\/p>\n<\/p><\/div>\n<div class=\"chcg-allergens\">\n<h3>Allergeninformationen<\/h3>\n<p>Auf dem Etikett sind keine Allergene deklariert. Das Produkt ist glutenfrei und Non-GMO-zertifiziert.<\/p>\n<\/p><\/div>\n<div class=\"chcg-storage\">\n<h3>Lagerung<\/h3>\n<p>Fest verschlossen an einem k\u00fchlen, trockenen Ort aufbewahren.<\/p>\n<\/p><\/div>\n<div class=\"chcg-dietary\">\n<h3>Ern\u00e4hrungshinweise<\/h3>\n<ul>\n<li>Vegetarisch<\/li>\n<li>Glutenfrei<\/li>\n<li>Laktosefrei<\/li>\n<\/ul><\/div>\n<\/div>\n","protected":false},"excerpt":{"rendered":"<p>Gummy Science\u2122 Melatonin von Life Extension liefert 3 mg Melatonin pro Gummy f\u00fcr die abendliche Einnahme bei gelegentlichem Einschlafen. Vegane Pektinbasis, ohne Zuckerzusatz, glutenfrei \u2013 60 Gummies pro Packung.<\/p>\n","protected":false},"featured_media":3520,"comment_status":"closed","ping_status":"open","template":"","meta":[],"product_brand":[202],"product_cat":[48,25,83],"product_tag":[],"class_list":{"0":"post-3519","1":"product","2":"type-product","3":"status-publish","4":"has-post-thumbnail","6":"product_brand-life-extension","7":"product_cat-gesunde-ernaehrung","8":"product_cat-gesundheit-und-wohlbefinden","9":"product_cat-schlafunterstuetzung","11":"first","12":"outofstock","13":"taxable","14":"shipping-taxable","15":"purchasable","16":"product-type-simple"},"yoast_head":"<!-- This site is optimized with the Yoast SEO plugin v27.5 - https:\/\/yoast.com\/product\/yoast-seo-wordpress\/ -->\n<title>Gummy Science\u2122 Melatonin 3 mg \u2013 Life Extension | ecosupplements.ch<\/title>\n<meta name=\"description\" content=\"3 mg Melatonin pro Gummy f\u00fcr die abendliche Routine \u2013 vegane Formel, ohne Zuckerzusatz, glutenfrei, 60 Gummies. Jetzt bestellen.\" \/>\n<meta name=\"robots\" content=\"index, follow, max-snippet:-1, max-image-preview:large, max-video-preview:-1\" \/>\n<link rel=\"canonical\" href=\"https:\/\/ecosupplements.ch\/?product=life-extension-gummy-science-melatonin-60-gummies\" \/>\n<meta property=\"og:locale\" content=\"de_DE\" \/>\n<meta property=\"og:type\" content=\"article\" \/>\n<meta property=\"og:title\" content=\"Gummy Science\u2122 Melatonin 3 mg \u2013 Life Extension | ecosupplements.ch\" \/>\n<meta property=\"og:description\" content=\"3 mg Melatonin pro Gummy f\u00fcr die abendliche Routine \u2013 vegane Formel, ohne Zuckerzusatz, glutenfrei, 60 Gummies. Jetzt bestellen.\" \/>\n<meta property=\"og:url\" content=\"https:\/\/ecosupplements.ch\/?product=life-extension-gummy-science-melatonin-60-gummies\" \/>\n<meta property=\"og:site_name\" content=\"Eco Supplements\" \/>\n<meta property=\"article:modified_time\" content=\"2026-05-13T07:24:57+00:00\" \/>\n<meta property=\"og:image\" content=\"https:\/\/ecosupplements.ch\/wp-content\/uploads\/2026\/05\/Life-Extension-Gummy-Science\u2122-Melatonin-60-Gummies.webp\" \/>\n\t<meta property=\"og:image:width\" content=\"1000\" \/>\n\t<meta property=\"og:image:height\" content=\"1000\" \/>\n\t<meta property=\"og:image:type\" content=\"image\/jpeg\" \/>\n<meta name=\"twitter:card\" content=\"summary_large_image\" \/>\n<meta name=\"twitter:label1\" content=\"Price\" \/>\n\t<meta name=\"twitter:data1\" content=\"&#067;&#072;&#070;&nbsp;23.50\" \/>\n\t<meta name=\"twitter:label2\" content=\"Availability\" \/>\n\t<meta name=\"twitter:data2\" content=\"Out of stock\" \/>\n<script type=\"application\/ld+json\" class=\"yoast-schema-graph\">{\"@context\":\"https:\\\/\\\/schema.org\",\"@graph\":[{\"@type\":\"WebPage\",\"@id\":\"https:\\\/\\\/ecosupplements.ch\\\/?product=life-extension-gummy-science-melatonin-60-gummies\",\"url\":\"https:\\\/\\\/ecosupplements.ch\\\/?product=life-extension-gummy-science-melatonin-60-gummies\",\"name\":\"Gummy Science\u2122 Melatonin 3 mg \u2013 Life Extension | ecosupplements.ch\",\"isPartOf\":{\"@id\":\"https:\\\/\\\/ecosupplements.ch\\\/#website\"},\"primaryImageOfPage\":{\"@id\":\"https:\\\/\\\/ecosupplements.ch\\\/?product=life-extension-gummy-science-melatonin-60-gummies#primaryimage\"},\"image\":{\"@id\":\"https:\\\/\\\/ecosupplements.ch\\\/?product=life-extension-gummy-science-melatonin-60-gummies#primaryimage\"},\"thumbnailUrl\":\"https:\\\/\\\/ecosupplements.ch\\\/wp-content\\\/uploads\\\/2026\\\/05\\\/Life-Extension-Gummy-Science\u2122-Melatonin-60-Gummies.webp\",\"datePublished\":\"2026-05-11T14:46:14+00:00\",\"dateModified\":\"2026-05-13T07:24:57+00:00\",\"description\":\"3 mg Melatonin pro Gummy f\u00fcr die abendliche Routine \u2013 vegane Formel, ohne Zuckerzusatz, glutenfrei, 60 Gummies. Jetzt bestellen.\",\"breadcrumb\":{\"@id\":\"https:\\\/\\\/ecosupplements.ch\\\/?product=life-extension-gummy-science-melatonin-60-gummies#breadcrumb\"},\"inLanguage\":\"de-CH\",\"potentialAction\":[{\"@type\":\"ReadAction\",\"target\":[\"https:\\\/\\\/ecosupplements.ch\\\/?product=life-extension-gummy-science-melatonin-60-gummies\"]}]},{\"@type\":\"ImageObject\",\"inLanguage\":\"de-CH\",\"@id\":\"https:\\\/\\\/ecosupplements.ch\\\/?product=life-extension-gummy-science-melatonin-60-gummies#primaryimage\",\"url\":\"https:\\\/\\\/ecosupplements.ch\\\/wp-content\\\/uploads\\\/2026\\\/05\\\/Life-Extension-Gummy-Science\u2122-Melatonin-60-Gummies.webp\",\"contentUrl\":\"https:\\\/\\\/ecosupplements.ch\\\/wp-content\\\/uploads\\\/2026\\\/05\\\/Life-Extension-Gummy-Science\u2122-Melatonin-60-Gummies.webp\",\"width\":1000,\"height\":1000,\"caption\":\"Life Extension - Gummy Science\u2122 Melatonin (60 Gummies)\"},{\"@type\":\"BreadcrumbList\",\"@id\":\"https:\\\/\\\/ecosupplements.ch\\\/?product=life-extension-gummy-science-melatonin-60-gummies#breadcrumb\",\"itemListElement\":[{\"@type\":\"ListItem\",\"position\":1,\"name\":\"Home\",\"item\":\"https:\\\/\\\/ecosupplements.ch\\\/\"},{\"@type\":\"ListItem\",\"position\":2,\"name\":\"Shop\",\"item\":\"https:\\\/\\\/ecosupplements.ch\\\/?page_id=14\"},{\"@type\":\"ListItem\",\"position\":3,\"name\":\"Life Extension &#8211; Gummy Science\u2122 Melatonin (60 Gummies)\"}]},{\"@type\":\"WebSite\",\"@id\":\"https:\\\/\\\/ecosupplements.ch\\\/#website\",\"url\":\"https:\\\/\\\/ecosupplements.ch\\\/\",\"name\":\"Eco Supplements\",\"description\":\"\",\"potentialAction\":[{\"@type\":\"SearchAction\",\"target\":{\"@type\":\"EntryPoint\",\"urlTemplate\":\"https:\\\/\\\/ecosupplements.ch\\\/?s={search_term_string}\"},\"query-input\":{\"@type\":\"PropertyValueSpecification\",\"valueRequired\":true,\"valueName\":\"search_term_string\"}}],\"inLanguage\":\"de-CH\"}]}<\/script>\n<meta property=\"product:price:amount\" content=\"23.50\" \/>\n<meta property=\"product:price:currency\" content=\"CHF\" \/>\n<meta property=\"og:availability\" content=\"out of stock\" \/>\n<meta property=\"product:availability\" content=\"out of stock\" \/>\n<meta property=\"product:retailer_item_id\" content=\"737870250364\" \/>\n<meta property=\"product:condition\" content=\"new\" \/>\n<!-- \/ Yoast SEO plugin. -->","yoast_head_json":{"title":"Gummy Science\u2122 Melatonin 3 mg \u2013 Life Extension | ecosupplements.ch","description":"3 mg Melatonin pro Gummy f\u00fcr die abendliche Routine \u2013 vegane Formel, ohne Zuckerzusatz, glutenfrei, 60 Gummies. Jetzt bestellen.","robots":{"index":"index","follow":"follow","max-snippet":"max-snippet:-1","max-image-preview":"max-image-preview:large","max-video-preview":"max-video-preview:-1"},"canonical":"https:\/\/ecosupplements.ch\/?product=life-extension-gummy-science-melatonin-60-gummies","og_locale":"de_DE","og_type":"article","og_title":"Gummy Science\u2122 Melatonin 3 mg \u2013 Life Extension | ecosupplements.ch","og_description":"3 mg Melatonin pro Gummy f\u00fcr die abendliche Routine \u2013 vegane Formel, ohne Zuckerzusatz, glutenfrei, 60 Gummies. Jetzt bestellen.","og_url":"https:\/\/ecosupplements.ch\/?product=life-extension-gummy-science-melatonin-60-gummies","og_site_name":"Eco Supplements","article_modified_time":"2026-05-13T07:24:57+00:00","og_image":[{"width":1000,"height":1000,"url":"https:\/\/ecosupplements.ch\/wp-content\/uploads\/2026\/05\/Life-Extension-Gummy-Science\u2122-Melatonin-60-Gummies.webp","type":"image\/jpeg"}],"twitter_card":"summary_large_image","twitter_misc":{"Price":"&#67;&#72;&#70;&nbsp;23.50","Availability":"Out of stock"},"schema":{"@context":"https:\/\/schema.org","@graph":[{"@type":"WebPage","@id":"https:\/\/ecosupplements.ch\/?product=life-extension-gummy-science-melatonin-60-gummies","url":"https:\/\/ecosupplements.ch\/?product=life-extension-gummy-science-melatonin-60-gummies","name":"Gummy Science\u2122 Melatonin 3 mg \u2013 Life Extension | ecosupplements.ch","isPartOf":{"@id":"https:\/\/ecosupplements.ch\/#website"},"primaryImageOfPage":{"@id":"https:\/\/ecosupplements.ch\/?product=life-extension-gummy-science-melatonin-60-gummies#primaryimage"},"image":{"@id":"https:\/\/ecosupplements.ch\/?product=life-extension-gummy-science-melatonin-60-gummies#primaryimage"},"thumbnailUrl":"https:\/\/ecosupplements.ch\/wp-content\/uploads\/2026\/05\/Life-Extension-Gummy-Science\u2122-Melatonin-60-Gummies.webp","datePublished":"2026-05-11T14:46:14+00:00","dateModified":"2026-05-13T07:24:57+00:00","description":"3 mg Melatonin pro Gummy f\u00fcr die abendliche Routine \u2013 vegane Formel, ohne Zuckerzusatz, glutenfrei, 60 Gummies. Jetzt bestellen.","breadcrumb":{"@id":"https:\/\/ecosupplements.ch\/?product=life-extension-gummy-science-melatonin-60-gummies#breadcrumb"},"inLanguage":"de-CH","potentialAction":[{"@type":"ReadAction","target":["https:\/\/ecosupplements.ch\/?product=life-extension-gummy-science-melatonin-60-gummies"]}]},{"@type":"ImageObject","inLanguage":"de-CH","@id":"https:\/\/ecosupplements.ch\/?product=life-extension-gummy-science-melatonin-60-gummies#primaryimage","url":"https:\/\/ecosupplements.ch\/wp-content\/uploads\/2026\/05\/Life-Extension-Gummy-Science\u2122-Melatonin-60-Gummies.webp","contentUrl":"https:\/\/ecosupplements.ch\/wp-content\/uploads\/2026\/05\/Life-Extension-Gummy-Science\u2122-Melatonin-60-Gummies.webp","width":1000,"height":1000,"caption":"Life Extension - Gummy Science\u2122 Melatonin (60 Gummies)"},{"@type":"BreadcrumbList","@id":"https:\/\/ecosupplements.ch\/?product=life-extension-gummy-science-melatonin-60-gummies#breadcrumb","itemListElement":[{"@type":"ListItem","position":1,"name":"Home","item":"https:\/\/ecosupplements.ch\/"},{"@type":"ListItem","position":2,"name":"Shop","item":"https:\/\/ecosupplements.ch\/?page_id=14"},{"@type":"ListItem","position":3,"name":"Life Extension &#8211; Gummy Science\u2122 Melatonin (60 Gummies)"}]},{"@type":"WebSite","@id":"https:\/\/ecosupplements.ch\/#website","url":"https:\/\/ecosupplements.ch\/","name":"Eco Supplements","description":"","potentialAction":[{"@type":"SearchAction","target":{"@type":"EntryPoint","urlTemplate":"https:\/\/ecosupplements.ch\/?s={search_term_string}"},"query-input":{"@type":"PropertyValueSpecification","valueRequired":true,"valueName":"search_term_string"}}],"inLanguage":"de-CH"}]},"product_price_amount":"23.50","product_price_currency":"CHF","og_availability":"out of stock","product_availability":"out of stock","product_retailer_item_id":"737870250364","product_condition":"new"},"_links":{"self":[{"href":"https:\/\/ecosupplements.ch\/index.php?rest_route=\/wp\/v2\/product\/3519","targetHints":{"allow":["GET"]}}],"collection":[{"href":"https:\/\/ecosupplements.ch\/index.php?rest_route=\/wp\/v2\/product"}],"about":[{"href":"https:\/\/ecosupplements.ch\/index.php?rest_route=\/wp\/v2\/types\/product"}],"replies":[{"embeddable":true,"href":"https:\/\/ecosupplements.ch\/index.php?rest_route=%2Fwp%2Fv2%2Fcomments&post=3519"}],"wp:featuredmedia":[{"embeddable":true,"href":"https:\/\/ecosupplements.ch\/index.php?rest_route=\/wp\/v2\/media\/3520"}],"wp:attachment":[{"href":"https:\/\/ecosupplements.ch\/index.php?rest_route=%2Fwp%2Fv2%2Fmedia&parent=3519"}],"wp:term":[{"taxonomy":"product_brand","embeddable":true,"href":"https:\/\/ecosupplements.ch\/index.php?rest_route=%2Fwp%2Fv2%2Fproduct_brand&post=3519"},{"taxonomy":"product_cat","embeddable":true,"href":"https:\/\/ecosupplements.ch\/index.php?rest_route=%2Fwp%2Fv2%2Fproduct_cat&post=3519"},{"taxonomy":"product_tag","embeddable":true,"href":"https:\/\/ecosupplements.ch\/index.php?rest_route=%2Fwp%2Fv2%2Fproduct_tag&post=3519"}],"curies":[{"name":"wp","href":"https:\/\/api.w.org\/{rel}","templated":true}]}}