{"id":3523,"date":"2026-05-11T14:46:16","date_gmt":"2026-05-11T14:46:16","guid":{"rendered":"https:\/\/ecosupplements.ch\/?product=life-extension-arthromax-elite-30-veg-tablets"},"modified":"2026-05-13T07:26:02","modified_gmt":"2026-05-13T07:26:02","slug":"life-extension-arthromax-elite-30-veg-tablets","status":"publish","type":"product","link":"https:\/\/ecosupplements.ch\/?product=life-extension-arthromax-elite-30-veg-tablets","title":{"rendered":"Life Extension &#8211; ArthroMax\u00ae Elite (30 Veg Tablets)"},"content":{"rendered":"<div class=\"chcg-product-description\">\n<h2 class=\"chcg-heading\">\u00dcber Life Extension \u2013 ArthroMax\u00ae Elite (30 Veg Tabletten)<\/h2>\n<div class=\"chcg-intro\">\n<p>ArthroMax\u00ae Elite von Life Extension ist ein hochwertiges Nahrungserg\u00e4nzungsmittel, das speziell zur Unterst\u00fctzung der Gelenkgesundheit entwickelt wurde. Im Mittelpunkt steht die exklusive Mobile-Ease\u2122 Proprietary Blend \u2013 eine sorgf\u00e4ltig zusammengestellte Kombination aus pflanzlichen Extrakten, darunter chinesische Skullcap-Wurzel, weisse Maulbeer-Wurzel sowie Katechu-Baum-Kernholz, die wertvolle bioaktive Verbindungen wie Baicalin, Catechine und Mulberrosid A liefern.<\/p>\n<p>Die synergistische Wirkung dieser drei Pflanzenextrakte macht ArthroMax\u00ae Elite zu einer einzigartigen Formel f\u00fcr Menschen, die aktiv bleiben m\u00f6chten und auf eine gezielte, pflanzlich basierte Unterst\u00fctzung ihrer Gelenke Wert legen. Die Tabletten sind vegetarisch und glutenfrei \u2013 ideal f\u00fcr ern\u00e4hrungsbewusste Konsumentinnen und Konsumenten.<\/p>\n<p>Mit nur einer Tablette t\u00e4glich und 30 Portionen pro Packung bietet ArthroMax\u00ae Elite eine unkomplizierte Einnahme im Alltag. Das Produkt wurde von Life Extension entwickelt, einem der anerkanntesten Unternehmen im Bereich wissenschaftlich fundierter Nahrungserg\u00e4nzungsmittel.<\/p>\n<\/p><\/div>\n<div class=\"chcg-nutrition\">\n<h3>N\u00e4hrwertangaben<\/h3>\n<table class=\"chcg-nutrition-table\">\n<thead>\n<tr>\n<th>N\u00e4hrstoff<\/th>\n<th>Pro Portion (1 Tablette)<\/th>\n<\/tr>\n<\/thead>\n<tbody>\n<tr>\n<td>Mobile-Ease\u2122 Proprietary Blend (Chinesischer Skullcap-Extrakt Wurzel, Weisser Maulbeer-Extrakt Wurzel und\/oder Wurzelrinde, Katechu-Baum-Extrakt Kernholz) [liefert Baicalin, Catechine, Mulberrosid A]<\/td>\n<td>650 mg<\/td>\n<\/tr>\n<\/tbody>\n<\/table>\n<p class=\"chcg-footnote\">* Kein festgelegter Tagesbedarf.<\/p>\n<\/p><\/div>\n<div class=\"chcg-ingredients\">\n<h3>Zutaten<\/h3>\n<p>Mobile-Ease\u2122 Proprietary Blend: Chinesischer Skullcap-Extrakt (Wurzel), Weisser Maulbeer-Extrakt (Wurzel und\/oder Wurzelrinde), Katechu-Baum-Extrakt (Kernholz) [liefert Baicalin, Catechine, Mulberrosid A] 650 mg. Weitere Zutaten: Calciumcarbonat, mikrokristalline Cellulose, Stearins\u00e4ure, Croscarmellose-Natrium, pflanzliches Stearat, Siliciumdioxid, Hydroxypropylmethylcellulose, Glycerin, Maltodextrin.<\/p>\n<\/p><\/div>\n<div class=\"chcg-dosage\">\n<h3>Verzehrempfehlung<\/h3>\n<p>T\u00e4glich eine (1) Tablette einnehmen oder gem\u00e4ss Empfehlung einer medizinischen Fachperson.<\/p>\n<\/p><\/div>\n<div class=\"chcg-warnings\">\n<h3>Warnhinweise<\/h3>\n<p>Ausserhalb der Reichweite von Kindern aufbewahren. Die empfohlene Tagesdosis nicht \u00fcberschreiten. Nicht kaufen, wenn die \u00e4ussere Versiegelung gebrochen oder besch\u00e4digt ist. Bei der Einnahme von Nahrungserg\u00e4nzungsmitteln wird empfohlen, einen Arzt oder eine \u00c4rztin zu konsultieren, wenn eine medizinische Behandlung stattfindet oder wenn Schwangerschaft oder Stillzeit vorliegt.<\/p>\n<\/p><\/div>\n<div class=\"chcg-allergens\">\n<h3>Allergeninformationen<\/h3>\n<p>Auf dem Etikett sind keine Allergene deklariert.<\/p>\n<\/p><\/div>\n<div class=\"chcg-dietary\">\n<h3>Ern\u00e4hrungshinweise<\/h3>\n<ul>\n<li>Vegetarisch<\/li>\n<li>Glutenfrei<\/li>\n<\/ul><\/div>\n<\/div>\n","protected":false},"excerpt":{"rendered":"<p>ArthroMax\u00ae Elite unterst\u00fctzt die Gelenkgesundheit mit der pflanzlichen Mobile-Ease\u2122 Blend aus Skullcap, Maulbeere und Katechu-Baum. 30 vegetarische Tabletten \u2013 eine pro Tag.<\/p>\n","protected":false},"featured_media":3524,"comment_status":"closed","ping_status":"open","template":"","meta":[],"product_brand":[202],"product_cat":[48,25,99],"product_tag":[],"class_list":{"0":"post-3523","1":"product","2":"type-product","3":"status-publish","4":"has-post-thumbnail","6":"product_brand-life-extension","7":"product_cat-gesunde-ernaehrung","8":"product_cat-gesundheit-und-wohlbefinden","9":"product_cat-unterstuetzung-fuer-die-gelenke","11":"first","12":"outofstock","13":"taxable","14":"shipping-taxable","15":"purchasable","16":"product-type-simple"},"yoast_head":"<!-- This site is optimized with the Yoast SEO plugin v27.5 - https:\/\/yoast.com\/product\/yoast-seo-wordpress\/ -->\n<title>ArthroMax\u00ae Elite 30 Veg Tabletten \u2013 Life Extension | ecosupplements.ch<\/title>\n<meta name=\"description\" content=\"ArthroMax\u00ae Elite mit Mobile-Ease\u2122 Blend unterst\u00fctzt die Gelenkgesundheit \u2013 30 vegetarische Tabletten, glutenfrei. Jetzt bestellen.\" \/>\n<meta name=\"robots\" content=\"index, follow, max-snippet:-1, max-image-preview:large, max-video-preview:-1\" \/>\n<link rel=\"canonical\" href=\"https:\/\/ecosupplements.ch\/?product=life-extension-arthromax-elite-30-veg-tablets\" \/>\n<meta property=\"og:locale\" content=\"de_DE\" \/>\n<meta property=\"og:type\" content=\"article\" \/>\n<meta property=\"og:title\" content=\"ArthroMax\u00ae Elite 30 Veg Tabletten \u2013 Life Extension | ecosupplements.ch\" \/>\n<meta property=\"og:description\" content=\"ArthroMax\u00ae Elite mit Mobile-Ease\u2122 Blend unterst\u00fctzt die Gelenkgesundheit \u2013 30 vegetarische Tabletten, glutenfrei. Jetzt bestellen.\" \/>\n<meta property=\"og:url\" content=\"https:\/\/ecosupplements.ch\/?product=life-extension-arthromax-elite-30-veg-tablets\" \/>\n<meta property=\"og:site_name\" content=\"Eco Supplements\" \/>\n<meta property=\"article:modified_time\" content=\"2026-05-13T07:26:02+00:00\" \/>\n<meta property=\"og:image\" content=\"https:\/\/ecosupplements.ch\/wp-content\/uploads\/2026\/05\/Life-Extension-ArthroMax\u00ae-Elite-30-Veg-Tablets.webp\" \/>\n\t<meta property=\"og:image:width\" content=\"1000\" \/>\n\t<meta property=\"og:image:height\" content=\"1000\" \/>\n\t<meta property=\"og:image:type\" content=\"image\/jpeg\" \/>\n<meta name=\"twitter:card\" content=\"summary_large_image\" \/>\n<meta name=\"twitter:label1\" content=\"Price\" \/>\n\t<meta name=\"twitter:data1\" content=\"&#067;&#072;&#070;&nbsp;24.67\" \/>\n\t<meta name=\"twitter:label2\" content=\"Availability\" \/>\n\t<meta name=\"twitter:data2\" content=\"Out of stock\" \/>\n<script type=\"application\/ld+json\" class=\"yoast-schema-graph\">{\"@context\":\"https:\\\/\\\/schema.org\",\"@graph\":[{\"@type\":\"WebPage\",\"@id\":\"https:\\\/\\\/ecosupplements.ch\\\/?product=life-extension-arthromax-elite-30-veg-tablets\",\"url\":\"https:\\\/\\\/ecosupplements.ch\\\/?product=life-extension-arthromax-elite-30-veg-tablets\",\"name\":\"ArthroMax\u00ae Elite 30 Veg Tabletten \u2013 Life Extension | ecosupplements.ch\",\"isPartOf\":{\"@id\":\"https:\\\/\\\/ecosupplements.ch\\\/#website\"},\"primaryImageOfPage\":{\"@id\":\"https:\\\/\\\/ecosupplements.ch\\\/?product=life-extension-arthromax-elite-30-veg-tablets#primaryimage\"},\"image\":{\"@id\":\"https:\\\/\\\/ecosupplements.ch\\\/?product=life-extension-arthromax-elite-30-veg-tablets#primaryimage\"},\"thumbnailUrl\":\"https:\\\/\\\/ecosupplements.ch\\\/wp-content\\\/uploads\\\/2026\\\/05\\\/Life-Extension-ArthroMax\u00ae-Elite-30-Veg-Tablets.webp\",\"datePublished\":\"2026-05-11T14:46:16+00:00\",\"dateModified\":\"2026-05-13T07:26:02+00:00\",\"description\":\"ArthroMax\u00ae Elite mit Mobile-Ease\u2122 Blend unterst\u00fctzt die Gelenkgesundheit \u2013 30 vegetarische Tabletten, glutenfrei. Jetzt bestellen.\",\"breadcrumb\":{\"@id\":\"https:\\\/\\\/ecosupplements.ch\\\/?product=life-extension-arthromax-elite-30-veg-tablets#breadcrumb\"},\"inLanguage\":\"de-CH\",\"potentialAction\":[{\"@type\":\"ReadAction\",\"target\":[\"https:\\\/\\\/ecosupplements.ch\\\/?product=life-extension-arthromax-elite-30-veg-tablets\"]}]},{\"@type\":\"ImageObject\",\"inLanguage\":\"de-CH\",\"@id\":\"https:\\\/\\\/ecosupplements.ch\\\/?product=life-extension-arthromax-elite-30-veg-tablets#primaryimage\",\"url\":\"https:\\\/\\\/ecosupplements.ch\\\/wp-content\\\/uploads\\\/2026\\\/05\\\/Life-Extension-ArthroMax\u00ae-Elite-30-Veg-Tablets.webp\",\"contentUrl\":\"https:\\\/\\\/ecosupplements.ch\\\/wp-content\\\/uploads\\\/2026\\\/05\\\/Life-Extension-ArthroMax\u00ae-Elite-30-Veg-Tablets.webp\",\"width\":1000,\"height\":1000,\"caption\":\"Life Extension - ArthroMax\u00ae Elite (30 Veg Tablets)\"},{\"@type\":\"BreadcrumbList\",\"@id\":\"https:\\\/\\\/ecosupplements.ch\\\/?product=life-extension-arthromax-elite-30-veg-tablets#breadcrumb\",\"itemListElement\":[{\"@type\":\"ListItem\",\"position\":1,\"name\":\"Home\",\"item\":\"https:\\\/\\\/ecosupplements.ch\\\/\"},{\"@type\":\"ListItem\",\"position\":2,\"name\":\"Shop\",\"item\":\"https:\\\/\\\/ecosupplements.ch\\\/?page_id=14\"},{\"@type\":\"ListItem\",\"position\":3,\"name\":\"Life Extension &#8211; ArthroMax\u00ae Elite (30 Veg Tablets)\"}]},{\"@type\":\"WebSite\",\"@id\":\"https:\\\/\\\/ecosupplements.ch\\\/#website\",\"url\":\"https:\\\/\\\/ecosupplements.ch\\\/\",\"name\":\"Eco Supplements\",\"description\":\"\",\"potentialAction\":[{\"@type\":\"SearchAction\",\"target\":{\"@type\":\"EntryPoint\",\"urlTemplate\":\"https:\\\/\\\/ecosupplements.ch\\\/?s={search_term_string}\"},\"query-input\":{\"@type\":\"PropertyValueSpecification\",\"valueRequired\":true,\"valueName\":\"search_term_string\"}}],\"inLanguage\":\"de-CH\"}]}<\/script>\n<meta property=\"product:price:amount\" content=\"24.67\" \/>\n<meta property=\"product:price:currency\" content=\"CHF\" \/>\n<meta property=\"og:availability\" content=\"out of stock\" \/>\n<meta property=\"product:availability\" content=\"out of stock\" \/>\n<meta property=\"product:retailer_item_id\" content=\"737870213833\" \/>\n<meta property=\"product:condition\" content=\"new\" \/>\n<!-- \/ Yoast SEO plugin. -->","yoast_head_json":{"title":"ArthroMax\u00ae Elite 30 Veg Tabletten \u2013 Life Extension | ecosupplements.ch","description":"ArthroMax\u00ae Elite mit Mobile-Ease\u2122 Blend unterst\u00fctzt die Gelenkgesundheit \u2013 30 vegetarische Tabletten, glutenfrei. Jetzt bestellen.","robots":{"index":"index","follow":"follow","max-snippet":"max-snippet:-1","max-image-preview":"max-image-preview:large","max-video-preview":"max-video-preview:-1"},"canonical":"https:\/\/ecosupplements.ch\/?product=life-extension-arthromax-elite-30-veg-tablets","og_locale":"de_DE","og_type":"article","og_title":"ArthroMax\u00ae Elite 30 Veg Tabletten \u2013 Life Extension | ecosupplements.ch","og_description":"ArthroMax\u00ae Elite mit Mobile-Ease\u2122 Blend unterst\u00fctzt die Gelenkgesundheit \u2013 30 vegetarische Tabletten, glutenfrei. Jetzt bestellen.","og_url":"https:\/\/ecosupplements.ch\/?product=life-extension-arthromax-elite-30-veg-tablets","og_site_name":"Eco Supplements","article_modified_time":"2026-05-13T07:26:02+00:00","og_image":[{"width":1000,"height":1000,"url":"https:\/\/ecosupplements.ch\/wp-content\/uploads\/2026\/05\/Life-Extension-ArthroMax\u00ae-Elite-30-Veg-Tablets.webp","type":"image\/jpeg"}],"twitter_card":"summary_large_image","twitter_misc":{"Price":"&#67;&#72;&#70;&nbsp;24.67","Availability":"Out of stock"},"schema":{"@context":"https:\/\/schema.org","@graph":[{"@type":"WebPage","@id":"https:\/\/ecosupplements.ch\/?product=life-extension-arthromax-elite-30-veg-tablets","url":"https:\/\/ecosupplements.ch\/?product=life-extension-arthromax-elite-30-veg-tablets","name":"ArthroMax\u00ae Elite 30 Veg Tabletten \u2013 Life Extension | ecosupplements.ch","isPartOf":{"@id":"https:\/\/ecosupplements.ch\/#website"},"primaryImageOfPage":{"@id":"https:\/\/ecosupplements.ch\/?product=life-extension-arthromax-elite-30-veg-tablets#primaryimage"},"image":{"@id":"https:\/\/ecosupplements.ch\/?product=life-extension-arthromax-elite-30-veg-tablets#primaryimage"},"thumbnailUrl":"https:\/\/ecosupplements.ch\/wp-content\/uploads\/2026\/05\/Life-Extension-ArthroMax\u00ae-Elite-30-Veg-Tablets.webp","datePublished":"2026-05-11T14:46:16+00:00","dateModified":"2026-05-13T07:26:02+00:00","description":"ArthroMax\u00ae Elite mit Mobile-Ease\u2122 Blend unterst\u00fctzt die Gelenkgesundheit \u2013 30 vegetarische Tabletten, glutenfrei. Jetzt bestellen.","breadcrumb":{"@id":"https:\/\/ecosupplements.ch\/?product=life-extension-arthromax-elite-30-veg-tablets#breadcrumb"},"inLanguage":"de-CH","potentialAction":[{"@type":"ReadAction","target":["https:\/\/ecosupplements.ch\/?product=life-extension-arthromax-elite-30-veg-tablets"]}]},{"@type":"ImageObject","inLanguage":"de-CH","@id":"https:\/\/ecosupplements.ch\/?product=life-extension-arthromax-elite-30-veg-tablets#primaryimage","url":"https:\/\/ecosupplements.ch\/wp-content\/uploads\/2026\/05\/Life-Extension-ArthroMax\u00ae-Elite-30-Veg-Tablets.webp","contentUrl":"https:\/\/ecosupplements.ch\/wp-content\/uploads\/2026\/05\/Life-Extension-ArthroMax\u00ae-Elite-30-Veg-Tablets.webp","width":1000,"height":1000,"caption":"Life Extension - ArthroMax\u00ae Elite (30 Veg Tablets)"},{"@type":"BreadcrumbList","@id":"https:\/\/ecosupplements.ch\/?product=life-extension-arthromax-elite-30-veg-tablets#breadcrumb","itemListElement":[{"@type":"ListItem","position":1,"name":"Home","item":"https:\/\/ecosupplements.ch\/"},{"@type":"ListItem","position":2,"name":"Shop","item":"https:\/\/ecosupplements.ch\/?page_id=14"},{"@type":"ListItem","position":3,"name":"Life Extension &#8211; ArthroMax\u00ae Elite (30 Veg Tablets)"}]},{"@type":"WebSite","@id":"https:\/\/ecosupplements.ch\/#website","url":"https:\/\/ecosupplements.ch\/","name":"Eco Supplements","description":"","potentialAction":[{"@type":"SearchAction","target":{"@type":"EntryPoint","urlTemplate":"https:\/\/ecosupplements.ch\/?s={search_term_string}"},"query-input":{"@type":"PropertyValueSpecification","valueRequired":true,"valueName":"search_term_string"}}],"inLanguage":"de-CH"}]},"product_price_amount":"24.67","product_price_currency":"CHF","og_availability":"out of stock","product_availability":"out of stock","product_retailer_item_id":"737870213833","product_condition":"new"},"_links":{"self":[{"href":"https:\/\/ecosupplements.ch\/index.php?rest_route=\/wp\/v2\/product\/3523","targetHints":{"allow":["GET"]}}],"collection":[{"href":"https:\/\/ecosupplements.ch\/index.php?rest_route=\/wp\/v2\/product"}],"about":[{"href":"https:\/\/ecosupplements.ch\/index.php?rest_route=\/wp\/v2\/types\/product"}],"replies":[{"embeddable":true,"href":"https:\/\/ecosupplements.ch\/index.php?rest_route=%2Fwp%2Fv2%2Fcomments&post=3523"}],"wp:featuredmedia":[{"embeddable":true,"href":"https:\/\/ecosupplements.ch\/index.php?rest_route=\/wp\/v2\/media\/3524"}],"wp:attachment":[{"href":"https:\/\/ecosupplements.ch\/index.php?rest_route=%2Fwp%2Fv2%2Fmedia&parent=3523"}],"wp:term":[{"taxonomy":"product_brand","embeddable":true,"href":"https:\/\/ecosupplements.ch\/index.php?rest_route=%2Fwp%2Fv2%2Fproduct_brand&post=3523"},{"taxonomy":"product_cat","embeddable":true,"href":"https:\/\/ecosupplements.ch\/index.php?rest_route=%2Fwp%2Fv2%2Fproduct_cat&post=3523"},{"taxonomy":"product_tag","embeddable":true,"href":"https:\/\/ecosupplements.ch\/index.php?rest_route=%2Fwp%2Fv2%2Fproduct_tag&post=3523"}],"curies":[{"name":"wp","href":"https:\/\/api.w.org\/{rel}","templated":true}]}}