{"id":3554,"date":"2026-05-11T14:46:29","date_gmt":"2026-05-11T14:46:29","guid":{"rendered":"https:\/\/ecosupplements.ch\/?product=boswelliaharpiksekstrakt-60-vegetabilske-kapsler"},"modified":"2026-05-13T07:26:26","modified_gmt":"2026-05-13T07:26:26","slug":"boswelliaharpiksekstrakt-60-vegetabilske-kapsler","status":"publish","type":"product","link":"https:\/\/ecosupplements.ch\/?product=boswelliaharpiksekstrakt-60-vegetabilske-kapsler","title":{"rendered":"Boswelliaharpiksekstrakt &#8211; 60 vegetabilske kapsler"},"content":{"rendered":"<div class=\"chcg-product-description\">\n<h2 class=\"chcg-heading\">\u00dcber Solgar \u2013 Boswellia Harzextrakt \u2013 60 vegetarische Kapseln<\/h2>\n<div class=\"chcg-intro\">\n<p>Der Solgar Boswellia Harzextrakt liefert einen standardisierten Extrakt aus dem Harz des Boswellia-Baums (Weihrauch), der seit Jahrhunderten in der traditionellen Pflanzenheilkunde verwendet wird. Jede Kapsel enth\u00e4lt 350 mg standardisierten Boswellia-Extrakt mit einem Gehalt von 65 % Boswellias\u00e4uren (227,5 mg), erg\u00e4nzt durch 70 mg Boswellia-Pulver aus dem Harz \u2013 f\u00fcr ein umfassendes pflanzliches Profil.<\/p>\n<p>Solgar setzt auf h\u00f6chste Qualit\u00e4tsstandards und verwendet pflanzliche Zutaten ohne unn\u00f6tige Zus\u00e4tze. Die vegetarischen Kapseln sind frei von Gluten, Milchprodukten, Soja und k\u00fcnstlichen Zusatzstoffen \u2013 ideal f\u00fcr Personen, die auf eine sorgf\u00e4ltige Zutatenwahl achten.<\/p>\n<p>Als pflanzliches Nahrungserg\u00e4nzungsmittel ist dieses Produkt f\u00fcr Erwachsene geeignet, die ihr t\u00e4gliches Wohlbefinden mit einem traditionellen Kr\u00e4uterextrakt unterst\u00fctzen m\u00f6chten. Die praktische Kapselform macht die t\u00e4gliche Einnahme einfach und unkompliziert.<\/p>\n<\/p><\/div>\n<div class=\"chcg-nutrition\">\n<h3>N\u00e4hrwertangaben<\/h3>\n<table class=\"chcg-nutrition-table\">\n<thead>\n<tr>\n<th>N\u00e4hrstoff<\/th>\n<th>Pro Portion (1 vegetarische Kapsel)<\/th>\n<\/tr>\n<\/thead>\n<tbody>\n<tr>\n<td>Standardisierter Boswellia-Extrakt (Harz)<\/td>\n<td>350 mg *<\/td>\n<\/tr>\n<tr>\n<td>\u2013 Boswellias\u00e4ure (65 %)<\/td>\n<td>227,5 mg *<\/td>\n<\/tr>\n<tr>\n<td>Boswellia-Pulver (Harz)<\/td>\n<td>70 mg *<\/td>\n<\/tr>\n<\/tbody>\n<\/table>\n<p class=\"chcg-footnote\">* Kein festgelegter Tagesreferenzwert.<\/p>\n<\/p><\/div>\n<div class=\"chcg-ingredients\">\n<h3>Zutaten<\/h3>\n<p>Standardisierter Boswellia-Extrakt (Harz) 350 mg (Boswellias\u00e4ure 227,5 mg [65 %]); Boswellia-Pulver (Harz) 70 mg. Weitere Zutaten: Pflanzliche Zellulose, pflanzliches Magnesiumstearat, Siliziumdioxid, PhytO2X\u00ae Blend (nat\u00fcrliches Beta-Carotin, L-Ascorbins\u00e4ure).<\/p>\n<p class=\"chcg-capsule-shell\">Kapselh\u00fclle: Pflanzliche Zellulose (Hydroxypropylmethylzellulose).<\/p>\n<\/p><\/div>\n<div class=\"chcg-dosage\">\n<h3>Verzehrempfehlung<\/h3>\n<p>Als pflanzliches Nahrungserg\u00e4nzungsmittel f\u00fcr Erwachsene: eine (1) vegetarische Kapsel bis zu zweimal t\u00e4glich einnehmen, vorzugsweise zu den Mahlzeiten oder gem\u00e4ss Empfehlung einer Fachperson des Gesundheitswesens.<\/p>\n<\/p><\/div>\n<div class=\"chcg-warnings\">\n<h3>Warnhinweise<\/h3>\n<p>Wenn Sie schwanger sind, stillen, Medikamente einnehmen oder an einer Erkrankung leiden, konsultieren Sie bitte vor der Einnahme eines Nahrungserg\u00e4nzungsmittels eine Fachperson des Gesundheitswesens. Bei unerw\u00fcnschten Reaktionen die Einnahme abbrechen und eine Fachperson des Gesundheitswesens aufsuchen. Nicht f\u00fcr Personen unter 18 Jahren bestimmt. Ausserhalb der Reichweite von Kindern aufbewahren. Nicht verwenden, wenn das \u00e4ussere Siegel der Flasche fehlt oder besch\u00e4digt ist.<\/p>\n<\/p><\/div>\n<div class=\"chcg-allergens\">\n<h3>Allergeninformationen<\/h3>\n<p>Frei von: Gluten, Weizen, Milchprodukten, Soja, Hefe, Zucker, Salz, k\u00fcnstlichen Aromen, k\u00fcnstlichen S\u00fcssungsmitteln, k\u00fcnstlichen Konservierungsstoffen und k\u00fcnstlichen Farbstoffen.<\/p>\n<\/p><\/div>\n<div class=\"chcg-storage\">\n<h3>Lagerung<\/h3>\n<p>Bei Raumtemperatur lagern.<\/p>\n<\/p><\/div>\n<div class=\"chcg-dietary\">\n<h3>Ern\u00e4hrungshinweise<\/h3>\n<ul>\n<li>Vegan<\/li>\n<li>Vegetarisch<\/li>\n<li>Glutenfrei<\/li>\n<li>Laktosefrei<\/li>\n<\/ul><\/div>\n<\/div>\n","protected":false},"excerpt":{"rendered":"<p>Solgar Boswellia Harzextrakt liefert 350 mg standardisierten Boswellia-Extrakt (65 % Boswellias\u00e4uren) pro vegetarischer Kapsel. 60 vegane Kapseln, glutenfrei und ohne k\u00fcnstliche Zusatzstoffe.<\/p>\n","protected":false},"featured_media":3555,"comment_status":"closed","ping_status":"open","template":"","meta":[],"product_brand":[229],"product_cat":[48,25,44,99,22,21],"product_tag":[],"class_list":{"0":"post-3554","1":"product","2":"type-product","3":"status-publish","4":"has-post-thumbnail","6":"product_brand-solgar","7":"product_cat-gesunde-ernaehrung","8":"product_cat-gesundheit-und-wohlbefinden","9":"product_cat-pflanzliche-nahrungsergaenzungsmittel","10":"product_cat-unterstuetzung-fuer-die-gelenke","11":"product_cat-vegane-produkte","12":"product_cat-vitamine-und-mineralstoffe","14":"first","15":"outofstock","16":"taxable","17":"shipping-taxable","18":"purchasable","19":"product-type-simple"},"yoast_head":"<!-- This site is optimized with the Yoast SEO plugin v27.5 - https:\/\/yoast.com\/product\/yoast-seo-wordpress\/ -->\n<title>Boswellia Harzextrakt 60 Kapseln \u2013 Solgar | ecosupplements.ch<\/title>\n<meta name=\"description\" content=\"Solgar Boswellia Harzextrakt mit 65 % Boswellias\u00e4uren \u2013 60 vegane Kapseln, glutenfrei und ohne k\u00fcnstliche Zus\u00e4tze. Jetzt bestellen.\" \/>\n<meta name=\"robots\" content=\"index, follow, max-snippet:-1, max-image-preview:large, max-video-preview:-1\" \/>\n<link rel=\"canonical\" href=\"https:\/\/ecosupplements.ch\/?product=boswelliaharpiksekstrakt-60-vegetabilske-kapsler\" \/>\n<meta property=\"og:locale\" content=\"de_DE\" \/>\n<meta property=\"og:type\" content=\"article\" \/>\n<meta property=\"og:title\" content=\"Boswellia Harzextrakt 60 Kapseln \u2013 Solgar | ecosupplements.ch\" \/>\n<meta property=\"og:description\" content=\"Solgar Boswellia Harzextrakt mit 65 % Boswellias\u00e4uren \u2013 60 vegane Kapseln, glutenfrei und ohne k\u00fcnstliche Zus\u00e4tze. Jetzt bestellen.\" \/>\n<meta property=\"og:url\" content=\"https:\/\/ecosupplements.ch\/?product=boswelliaharpiksekstrakt-60-vegetabilske-kapsler\" \/>\n<meta property=\"og:site_name\" content=\"Eco Supplements\" \/>\n<meta property=\"article:modified_time\" content=\"2026-05-13T07:26:26+00:00\" \/>\n<meta property=\"og:image\" content=\"https:\/\/ecosupplements.ch\/wp-content\/uploads\/2026\/05\/Boswelliaharpiksekstrakt-60-vegetabilske-kapsler.jpg\" \/>\n\t<meta property=\"og:image:width\" content=\"800\" \/>\n\t<meta property=\"og:image:height\" content=\"800\" \/>\n\t<meta property=\"og:image:type\" content=\"image\/jpeg\" \/>\n<meta name=\"twitter:card\" content=\"summary_large_image\" \/>\n<meta name=\"twitter:label1\" content=\"Price\" \/>\n\t<meta name=\"twitter:data1\" content=\"&#067;&#072;&#070;&nbsp;23.50\" \/>\n\t<meta name=\"twitter:label2\" content=\"Availability\" \/>\n\t<meta name=\"twitter:data2\" content=\"Out of stock\" \/>\n<script type=\"application\/ld+json\" class=\"yoast-schema-graph\">{\"@context\":\"https:\\\/\\\/schema.org\",\"@graph\":[{\"@type\":\"WebPage\",\"@id\":\"https:\\\/\\\/ecosupplements.ch\\\/?product=boswelliaharpiksekstrakt-60-vegetabilske-kapsler\",\"url\":\"https:\\\/\\\/ecosupplements.ch\\\/?product=boswelliaharpiksekstrakt-60-vegetabilske-kapsler\",\"name\":\"Boswellia Harzextrakt 60 Kapseln \u2013 Solgar | ecosupplements.ch\",\"isPartOf\":{\"@id\":\"https:\\\/\\\/ecosupplements.ch\\\/#website\"},\"primaryImageOfPage\":{\"@id\":\"https:\\\/\\\/ecosupplements.ch\\\/?product=boswelliaharpiksekstrakt-60-vegetabilske-kapsler#primaryimage\"},\"image\":{\"@id\":\"https:\\\/\\\/ecosupplements.ch\\\/?product=boswelliaharpiksekstrakt-60-vegetabilske-kapsler#primaryimage\"},\"thumbnailUrl\":\"https:\\\/\\\/ecosupplements.ch\\\/wp-content\\\/uploads\\\/2026\\\/05\\\/Boswelliaharpiksekstrakt-60-vegetabilske-kapsler.jpg\",\"datePublished\":\"2026-05-11T14:46:29+00:00\",\"dateModified\":\"2026-05-13T07:26:26+00:00\",\"description\":\"Solgar Boswellia Harzextrakt mit 65 % Boswellias\u00e4uren \u2013 60 vegane Kapseln, glutenfrei und ohne k\u00fcnstliche Zus\u00e4tze. Jetzt bestellen.\",\"breadcrumb\":{\"@id\":\"https:\\\/\\\/ecosupplements.ch\\\/?product=boswelliaharpiksekstrakt-60-vegetabilske-kapsler#breadcrumb\"},\"inLanguage\":\"de-CH\",\"potentialAction\":[{\"@type\":\"ReadAction\",\"target\":[\"https:\\\/\\\/ecosupplements.ch\\\/?product=boswelliaharpiksekstrakt-60-vegetabilske-kapsler\"]}]},{\"@type\":\"ImageObject\",\"inLanguage\":\"de-CH\",\"@id\":\"https:\\\/\\\/ecosupplements.ch\\\/?product=boswelliaharpiksekstrakt-60-vegetabilske-kapsler#primaryimage\",\"url\":\"https:\\\/\\\/ecosupplements.ch\\\/wp-content\\\/uploads\\\/2026\\\/05\\\/Boswelliaharpiksekstrakt-60-vegetabilske-kapsler.jpg\",\"contentUrl\":\"https:\\\/\\\/ecosupplements.ch\\\/wp-content\\\/uploads\\\/2026\\\/05\\\/Boswelliaharpiksekstrakt-60-vegetabilske-kapsler.jpg\",\"width\":800,\"height\":800,\"caption\":\"Boswelliaharpiksekstrakt - 60 vegetabilske kapsler\"},{\"@type\":\"BreadcrumbList\",\"@id\":\"https:\\\/\\\/ecosupplements.ch\\\/?product=boswelliaharpiksekstrakt-60-vegetabilske-kapsler#breadcrumb\",\"itemListElement\":[{\"@type\":\"ListItem\",\"position\":1,\"name\":\"Home\",\"item\":\"https:\\\/\\\/ecosupplements.ch\\\/\"},{\"@type\":\"ListItem\",\"position\":2,\"name\":\"Shop\",\"item\":\"https:\\\/\\\/ecosupplements.ch\\\/?page_id=14\"},{\"@type\":\"ListItem\",\"position\":3,\"name\":\"Boswelliaharpiksekstrakt &#8211; 60 vegetabilske kapsler\"}]},{\"@type\":\"WebSite\",\"@id\":\"https:\\\/\\\/ecosupplements.ch\\\/#website\",\"url\":\"https:\\\/\\\/ecosupplements.ch\\\/\",\"name\":\"Eco Supplements\",\"description\":\"\",\"potentialAction\":[{\"@type\":\"SearchAction\",\"target\":{\"@type\":\"EntryPoint\",\"urlTemplate\":\"https:\\\/\\\/ecosupplements.ch\\\/?s={search_term_string}\"},\"query-input\":{\"@type\":\"PropertyValueSpecification\",\"valueRequired\":true,\"valueName\":\"search_term_string\"}}],\"inLanguage\":\"de-CH\"}]}<\/script>\n<meta property=\"product:price:amount\" content=\"23.50\" \/>\n<meta property=\"product:price:currency\" content=\"CHF\" \/>\n<meta property=\"og:availability\" content=\"out of stock\" \/>\n<meta property=\"product:availability\" content=\"out of stock\" \/>\n<meta property=\"product:retailer_item_id\" content=\"033984041141\" \/>\n<meta property=\"product:condition\" content=\"new\" \/>\n<!-- \/ Yoast SEO plugin. -->","yoast_head_json":{"title":"Boswellia Harzextrakt 60 Kapseln \u2013 Solgar | ecosupplements.ch","description":"Solgar Boswellia Harzextrakt mit 65 % Boswellias\u00e4uren \u2013 60 vegane Kapseln, glutenfrei und ohne k\u00fcnstliche Zus\u00e4tze. Jetzt bestellen.","robots":{"index":"index","follow":"follow","max-snippet":"max-snippet:-1","max-image-preview":"max-image-preview:large","max-video-preview":"max-video-preview:-1"},"canonical":"https:\/\/ecosupplements.ch\/?product=boswelliaharpiksekstrakt-60-vegetabilske-kapsler","og_locale":"de_DE","og_type":"article","og_title":"Boswellia Harzextrakt 60 Kapseln \u2013 Solgar | ecosupplements.ch","og_description":"Solgar Boswellia Harzextrakt mit 65 % Boswellias\u00e4uren \u2013 60 vegane Kapseln, glutenfrei und ohne k\u00fcnstliche Zus\u00e4tze. Jetzt bestellen.","og_url":"https:\/\/ecosupplements.ch\/?product=boswelliaharpiksekstrakt-60-vegetabilske-kapsler","og_site_name":"Eco Supplements","article_modified_time":"2026-05-13T07:26:26+00:00","og_image":[{"width":800,"height":800,"url":"https:\/\/ecosupplements.ch\/wp-content\/uploads\/2026\/05\/Boswelliaharpiksekstrakt-60-vegetabilske-kapsler.jpg","type":"image\/jpeg"}],"twitter_card":"summary_large_image","twitter_misc":{"Price":"&#67;&#72;&#70;&nbsp;23.50","Availability":"Out of stock"},"schema":{"@context":"https:\/\/schema.org","@graph":[{"@type":"WebPage","@id":"https:\/\/ecosupplements.ch\/?product=boswelliaharpiksekstrakt-60-vegetabilske-kapsler","url":"https:\/\/ecosupplements.ch\/?product=boswelliaharpiksekstrakt-60-vegetabilske-kapsler","name":"Boswellia Harzextrakt 60 Kapseln \u2013 Solgar | ecosupplements.ch","isPartOf":{"@id":"https:\/\/ecosupplements.ch\/#website"},"primaryImageOfPage":{"@id":"https:\/\/ecosupplements.ch\/?product=boswelliaharpiksekstrakt-60-vegetabilske-kapsler#primaryimage"},"image":{"@id":"https:\/\/ecosupplements.ch\/?product=boswelliaharpiksekstrakt-60-vegetabilske-kapsler#primaryimage"},"thumbnailUrl":"https:\/\/ecosupplements.ch\/wp-content\/uploads\/2026\/05\/Boswelliaharpiksekstrakt-60-vegetabilske-kapsler.jpg","datePublished":"2026-05-11T14:46:29+00:00","dateModified":"2026-05-13T07:26:26+00:00","description":"Solgar Boswellia Harzextrakt mit 65 % Boswellias\u00e4uren \u2013 60 vegane Kapseln, glutenfrei und ohne k\u00fcnstliche Zus\u00e4tze. Jetzt bestellen.","breadcrumb":{"@id":"https:\/\/ecosupplements.ch\/?product=boswelliaharpiksekstrakt-60-vegetabilske-kapsler#breadcrumb"},"inLanguage":"de-CH","potentialAction":[{"@type":"ReadAction","target":["https:\/\/ecosupplements.ch\/?product=boswelliaharpiksekstrakt-60-vegetabilske-kapsler"]}]},{"@type":"ImageObject","inLanguage":"de-CH","@id":"https:\/\/ecosupplements.ch\/?product=boswelliaharpiksekstrakt-60-vegetabilske-kapsler#primaryimage","url":"https:\/\/ecosupplements.ch\/wp-content\/uploads\/2026\/05\/Boswelliaharpiksekstrakt-60-vegetabilske-kapsler.jpg","contentUrl":"https:\/\/ecosupplements.ch\/wp-content\/uploads\/2026\/05\/Boswelliaharpiksekstrakt-60-vegetabilske-kapsler.jpg","width":800,"height":800,"caption":"Boswelliaharpiksekstrakt - 60 vegetabilske kapsler"},{"@type":"BreadcrumbList","@id":"https:\/\/ecosupplements.ch\/?product=boswelliaharpiksekstrakt-60-vegetabilske-kapsler#breadcrumb","itemListElement":[{"@type":"ListItem","position":1,"name":"Home","item":"https:\/\/ecosupplements.ch\/"},{"@type":"ListItem","position":2,"name":"Shop","item":"https:\/\/ecosupplements.ch\/?page_id=14"},{"@type":"ListItem","position":3,"name":"Boswelliaharpiksekstrakt &#8211; 60 vegetabilske kapsler"}]},{"@type":"WebSite","@id":"https:\/\/ecosupplements.ch\/#website","url":"https:\/\/ecosupplements.ch\/","name":"Eco Supplements","description":"","potentialAction":[{"@type":"SearchAction","target":{"@type":"EntryPoint","urlTemplate":"https:\/\/ecosupplements.ch\/?s={search_term_string}"},"query-input":{"@type":"PropertyValueSpecification","valueRequired":true,"valueName":"search_term_string"}}],"inLanguage":"de-CH"}]},"product_price_amount":"23.50","product_price_currency":"CHF","og_availability":"out of stock","product_availability":"out of stock","product_retailer_item_id":"033984041141","product_condition":"new"},"_links":{"self":[{"href":"https:\/\/ecosupplements.ch\/index.php?rest_route=\/wp\/v2\/product\/3554","targetHints":{"allow":["GET"]}}],"collection":[{"href":"https:\/\/ecosupplements.ch\/index.php?rest_route=\/wp\/v2\/product"}],"about":[{"href":"https:\/\/ecosupplements.ch\/index.php?rest_route=\/wp\/v2\/types\/product"}],"replies":[{"embeddable":true,"href":"https:\/\/ecosupplements.ch\/index.php?rest_route=%2Fwp%2Fv2%2Fcomments&post=3554"}],"wp:featuredmedia":[{"embeddable":true,"href":"https:\/\/ecosupplements.ch\/index.php?rest_route=\/wp\/v2\/media\/3555"}],"wp:attachment":[{"href":"https:\/\/ecosupplements.ch\/index.php?rest_route=%2Fwp%2Fv2%2Fmedia&parent=3554"}],"wp:term":[{"taxonomy":"product_brand","embeddable":true,"href":"https:\/\/ecosupplements.ch\/index.php?rest_route=%2Fwp%2Fv2%2Fproduct_brand&post=3554"},{"taxonomy":"product_cat","embeddable":true,"href":"https:\/\/ecosupplements.ch\/index.php?rest_route=%2Fwp%2Fv2%2Fproduct_cat&post=3554"},{"taxonomy":"product_tag","embeddable":true,"href":"https:\/\/ecosupplements.ch\/index.php?rest_route=%2Fwp%2Fv2%2Fproduct_tag&post=3554"}],"curies":[{"name":"wp","href":"https:\/\/api.w.org\/{rel}","templated":true}]}}