{"id":3566,"date":"2026-05-11T14:46:34","date_gmt":"2026-05-11T14:46:34","guid":{"rendered":"https:\/\/ecosupplements.ch\/?product=tredobbelt-styrke-omega-3-50-softgels"},"modified":"2026-05-13T07:26:28","modified_gmt":"2026-05-13T07:26:28","slug":"tredobbelt-styrke-omega-3-50-softgels","status":"publish","type":"product","link":"https:\/\/ecosupplements.ch\/?product=tredobbelt-styrke-omega-3-50-softgels","title":{"rendered":"Tredobbelt Styrke Omega-3 &#8211; 50 softgels"},"content":{"rendered":"<div class=\"chcg-product-description\">\n<h2 class=\"chcg-heading\">\u00dcber Solgar \u2013 Dreifach St\u00e4rke Omega-3 \u2013 50 Softgels<\/h2>\n<div class=\"chcg-intro\">\n<p>Solgar Dreifach St\u00e4rke Omega-3 liefert pro Softgel eine hochwirksame Kombination aus 504 mg EPA und 378 mg DHA \u2013 insgesamt 950 mg Omega-3-Fetts\u00e4uren aus nachhaltig gewonnenem Fisch\u00f6l (Anchovis, Sardine, Makrele). Diese konzentrierte Formel eignet sich besonders f\u00fcr Personen, die ihren t\u00e4glichen Omega-3-Bedarf effizient und unkompliziert decken m\u00f6chten.<\/p>\n<p>EPA und DHA tragen zur normalen Herzfunktion bei. DHA unterst\u00fctzt zudem die Erhaltung der normalen Gehirnfunktion sowie der normalen Sehkraft. Mit nur einem Softgel zweimal t\u00e4glich erhalten Sie eine praktische und magenschonende M\u00f6glichkeit, von den Vorteilen von Omega-3 zu profitieren.<\/p>\n<p>Solgar steht seit 1947 f\u00fcr h\u00f6chste Qualit\u00e4tsstandards. Diese Formel ist frei von Gluten, Weizen, Hefe, Zucker, Salz sowie k\u00fcnstlichen Aromen, S\u00fcssungsmitteln und Farbstoffen \u2013 f\u00fcr eine Supplementierung, der Sie vertrauen k\u00f6nnen.<\/p>\n<\/p><\/div>\n<div class=\"chcg-nutrition\">\n<h3>N\u00e4hrwertangaben<\/h3>\n<table class=\"chcg-nutrition-table\">\n<thead>\n<tr>\n<th>N\u00e4hrstoff<\/th>\n<th>Pro Portion (1 Softgel)<\/th>\n<\/tr>\n<\/thead>\n<tbody>\n<tr>\n<td>Kalorien<\/td>\n<td>15<\/td>\n<\/tr>\n<tr>\n<td>\u2013 davon aus Fett<\/td>\n<td>15<\/td>\n<\/tr>\n<tr>\n<td>Gesamtfett<\/td>\n<td>1,5 g (2 % TW)<\/td>\n<\/tr>\n<tr>\n<td>Cholesterin<\/td>\n<td>5 mg (2 % TW)<\/td>\n<\/tr>\n<tr>\n<td>Omega-3-Fetts\u00e4uren (gesamt)<\/td>\n<td>950 mg *<\/td>\n<\/tr>\n<tr>\n<td>\u2013 EPA (Eicosapentaens\u00e4ure)<\/td>\n<td>504 mg *<\/td>\n<\/tr>\n<tr>\n<td>\u2013 DHA (Docosahexaens\u00e4ure)<\/td>\n<td>378 mg *<\/td>\n<\/tr>\n<\/tbody>\n<\/table>\n<p class=\"chcg-footnote\">* Kein festgelegter Tagesbedarf (Tageswert) vorhanden.<\/p>\n<\/p><\/div>\n<div class=\"chcg-ingredients\">\n<h3>Zutaten<\/h3>\n<p>Fisch\u00f6l, Gelatine, pflanzliches Glycerin, nat\u00fcrliche gemischte Tocopherole. Enth\u00e4lt Fisch (Anchovis, Sardine, Makrele). Frei von: Gluten, Weizen, Hefe, Zucker, Salz, k\u00fcnstlichen Aromen, k\u00fcnstlichen S\u00fcssungsmitteln, k\u00fcnstlichen Farbstoffen.<\/p>\n<p class=\"chcg-capsule-shell\">Kapselh\u00fclle: Gelatine, pflanzliches Glycerin.<\/p>\n<\/p><\/div>\n<div class=\"chcg-dosage\">\n<h3>Verzehrempfehlung<\/h3>\n<p>Als Nahrungserg\u00e4nzungsmittel f\u00fcr Erwachsene: t\u00e4glich zweimal einen (1) Softgel einnehmen, vorzugsweise zu einer Mahlzeit, oder gem\u00e4ss Anweisung einer Fachperson f\u00fcr Gesundheit.<\/p>\n<\/p><\/div>\n<div class=\"chcg-warnings\">\n<h3>Warnhinweise<\/h3>\n<p>Falls Sie schwanger sind, stillen, Medikamente einnehmen (einschliesslich Blutverd\u00fcnner), einen medizinischen oder chirurgischen Eingriff planen oder an einer gesundheitlichen Erkrankung leiden, konsultieren Sie bitte vor der Einnahme eines Nahrungserg\u00e4nzungsmittels Ihre Fachperson f\u00fcr Gesundheit. Setzen Sie die Einnahme ab und konsultieren Sie Ihre Fachperson f\u00fcr Gesundheit, wenn unerw\u00fcnschte Reaktionen auftreten. Ausserhalb der Reichweite von Kindern aufbewahren. Nicht verwenden, wenn das \u00e4ussere Flaschensiegelsiegel fehlt oder besch\u00e4digt ist.<\/p>\n<\/p><\/div>\n<div class=\"chcg-allergens\">\n<h3>Allergeninformationen<\/h3>\n<p>Enth\u00e4lt Fisch (Anchovis, Sardine, Makrele). Frei von: Gluten, Weizen, Milchprodukten, Hefe, Zucker, Natrium, k\u00fcnstlichen Aromen, S\u00fcssungsmitteln, Konservierungsstoffen und Farbstoffen.<\/p>\n<\/p><\/div>\n<div class=\"chcg-storage\">\n<h3>Lagerung<\/h3>\n<p>Bei Raumtemperatur an einem k\u00fchlen, trockenen Ort aufbewahren.<\/p>\n<\/p><\/div>\n<div class=\"chcg-dietary\">\n<h3>Ern\u00e4hrungshinweise<\/h3>\n<ul>\n<li>Glutenfrei<\/li>\n<li>Laktosefrei<\/li>\n<\/ul><\/div>\n<\/div>\n","protected":false},"excerpt":{"rendered":"<p>Solgar Dreifach St\u00e4rke Omega-3 liefert 950 mg Omega-3-Fetts\u00e4uren (504 mg EPA, 378 mg DHA) pro Softgel zur Unterst\u00fctzung von Herz, Gehirn und Sehkraft. Glutenfrei, 50 Softgels.<\/p>\n","protected":false},"featured_media":3567,"comment_status":"closed","ping_status":"open","template":"","meta":[],"product_brand":[229],"product_cat":[48,26,39,33,21],"product_tag":[],"class_list":{"0":"post-3566","1":"product","2":"type-product","3":"status-publish","4":"has-post-thumbnail","6":"product_brand-solgar","7":"product_cat-gesunde-ernaehrung","8":"product_cat-multivitamine","9":"product_cat-omega-und-fischoel","10":"product_cat-omega-fettsaeuren-essentielle-fettsaeuren-konjugierte-linolsaeure-oele","11":"product_cat-vitamine-und-mineralstoffe","13":"first","14":"outofstock","15":"taxable","16":"shipping-taxable","17":"purchasable","18":"product-type-simple"},"yoast_head":"<!-- This site is optimized with the Yoast SEO plugin v27.5 - https:\/\/yoast.com\/product\/yoast-seo-wordpress\/ -->\n<title>Dreifach St\u00e4rke Omega-3 50 Softgels \u2013 Solgar | ecosupplements.ch<\/title>\n<meta name=\"description\" content=\"Solgar Omega-3 mit 950 mg EPA &amp; DHA pro Softgel \u2013 hochdosiert f\u00fcr Herz, Gehirn und Sehkraft, glutenfrei, 50 Softgels. Jetzt bestellen.\" \/>\n<meta name=\"robots\" content=\"index, follow, max-snippet:-1, max-image-preview:large, max-video-preview:-1\" \/>\n<link rel=\"canonical\" href=\"https:\/\/ecosupplements.ch\/?product=tredobbelt-styrke-omega-3-50-softgels\" \/>\n<meta property=\"og:locale\" content=\"de_DE\" \/>\n<meta property=\"og:type\" content=\"article\" \/>\n<meta property=\"og:title\" content=\"Dreifach St\u00e4rke Omega-3 50 Softgels \u2013 Solgar | ecosupplements.ch\" \/>\n<meta property=\"og:description\" content=\"Solgar Omega-3 mit 950 mg EPA &amp; DHA pro Softgel \u2013 hochdosiert f\u00fcr Herz, Gehirn und Sehkraft, glutenfrei, 50 Softgels. Jetzt bestellen.\" \/>\n<meta property=\"og:url\" content=\"https:\/\/ecosupplements.ch\/?product=tredobbelt-styrke-omega-3-50-softgels\" \/>\n<meta property=\"og:site_name\" content=\"Eco Supplements\" \/>\n<meta property=\"article:modified_time\" content=\"2026-05-13T07:26:28+00:00\" \/>\n<meta property=\"og:image\" content=\"https:\/\/ecosupplements.ch\/wp-content\/uploads\/2026\/05\/Tredobbelt-Styrke-Omega-3-50-softgels.jpg\" \/>\n\t<meta property=\"og:image:width\" content=\"700\" \/>\n\t<meta property=\"og:image:height\" content=\"700\" \/>\n\t<meta property=\"og:image:type\" content=\"image\/jpeg\" \/>\n<meta name=\"twitter:card\" content=\"summary_large_image\" \/>\n<meta name=\"twitter:label1\" content=\"Price\" \/>\n\t<meta name=\"twitter:data1\" content=\"&#067;&#072;&#070;&nbsp;31.18\" \/>\n\t<meta name=\"twitter:label2\" content=\"Availability\" \/>\n\t<meta name=\"twitter:data2\" content=\"Out of stock\" \/>\n<script type=\"application\/ld+json\" class=\"yoast-schema-graph\">{\"@context\":\"https:\\\/\\\/schema.org\",\"@graph\":[{\"@type\":\"WebPage\",\"@id\":\"https:\\\/\\\/ecosupplements.ch\\\/?product=tredobbelt-styrke-omega-3-50-softgels\",\"url\":\"https:\\\/\\\/ecosupplements.ch\\\/?product=tredobbelt-styrke-omega-3-50-softgels\",\"name\":\"Dreifach St\u00e4rke Omega-3 50 Softgels \u2013 Solgar | ecosupplements.ch\",\"isPartOf\":{\"@id\":\"https:\\\/\\\/ecosupplements.ch\\\/#website\"},\"primaryImageOfPage\":{\"@id\":\"https:\\\/\\\/ecosupplements.ch\\\/?product=tredobbelt-styrke-omega-3-50-softgels#primaryimage\"},\"image\":{\"@id\":\"https:\\\/\\\/ecosupplements.ch\\\/?product=tredobbelt-styrke-omega-3-50-softgels#primaryimage\"},\"thumbnailUrl\":\"https:\\\/\\\/ecosupplements.ch\\\/wp-content\\\/uploads\\\/2026\\\/05\\\/Tredobbelt-Styrke-Omega-3-50-softgels.jpg\",\"datePublished\":\"2026-05-11T14:46:34+00:00\",\"dateModified\":\"2026-05-13T07:26:28+00:00\",\"description\":\"Solgar Omega-3 mit 950 mg EPA & DHA pro Softgel \u2013 hochdosiert f\u00fcr Herz, Gehirn und Sehkraft, glutenfrei, 50 Softgels. Jetzt bestellen.\",\"breadcrumb\":{\"@id\":\"https:\\\/\\\/ecosupplements.ch\\\/?product=tredobbelt-styrke-omega-3-50-softgels#breadcrumb\"},\"inLanguage\":\"de-CH\",\"potentialAction\":[{\"@type\":\"ReadAction\",\"target\":[\"https:\\\/\\\/ecosupplements.ch\\\/?product=tredobbelt-styrke-omega-3-50-softgels\"]}]},{\"@type\":\"ImageObject\",\"inLanguage\":\"de-CH\",\"@id\":\"https:\\\/\\\/ecosupplements.ch\\\/?product=tredobbelt-styrke-omega-3-50-softgels#primaryimage\",\"url\":\"https:\\\/\\\/ecosupplements.ch\\\/wp-content\\\/uploads\\\/2026\\\/05\\\/Tredobbelt-Styrke-Omega-3-50-softgels.jpg\",\"contentUrl\":\"https:\\\/\\\/ecosupplements.ch\\\/wp-content\\\/uploads\\\/2026\\\/05\\\/Tredobbelt-Styrke-Omega-3-50-softgels.jpg\",\"width\":700,\"height\":700,\"caption\":\"Tredobbelt Styrke Omega-3 - 50 softgels\"},{\"@type\":\"BreadcrumbList\",\"@id\":\"https:\\\/\\\/ecosupplements.ch\\\/?product=tredobbelt-styrke-omega-3-50-softgels#breadcrumb\",\"itemListElement\":[{\"@type\":\"ListItem\",\"position\":1,\"name\":\"Home\",\"item\":\"https:\\\/\\\/ecosupplements.ch\\\/\"},{\"@type\":\"ListItem\",\"position\":2,\"name\":\"Shop\",\"item\":\"https:\\\/\\\/ecosupplements.ch\\\/?page_id=14\"},{\"@type\":\"ListItem\",\"position\":3,\"name\":\"Tredobbelt Styrke Omega-3 &#8211; 50 softgels\"}]},{\"@type\":\"WebSite\",\"@id\":\"https:\\\/\\\/ecosupplements.ch\\\/#website\",\"url\":\"https:\\\/\\\/ecosupplements.ch\\\/\",\"name\":\"Eco Supplements\",\"description\":\"\",\"potentialAction\":[{\"@type\":\"SearchAction\",\"target\":{\"@type\":\"EntryPoint\",\"urlTemplate\":\"https:\\\/\\\/ecosupplements.ch\\\/?s={search_term_string}\"},\"query-input\":{\"@type\":\"PropertyValueSpecification\",\"valueRequired\":true,\"valueName\":\"search_term_string\"}}],\"inLanguage\":\"de-CH\"}]}<\/script>\n<meta property=\"product:price:amount\" content=\"31.18\" \/>\n<meta property=\"product:price:currency\" content=\"CHF\" \/>\n<meta property=\"og:availability\" content=\"out of stock\" \/>\n<meta property=\"product:availability\" content=\"out of stock\" \/>\n<meta property=\"product:retailer_item_id\" content=\"033984020573\" \/>\n<meta property=\"product:condition\" content=\"new\" \/>\n<!-- \/ Yoast SEO plugin. -->","yoast_head_json":{"title":"Dreifach St\u00e4rke Omega-3 50 Softgels \u2013 Solgar | ecosupplements.ch","description":"Solgar Omega-3 mit 950 mg EPA & DHA pro Softgel \u2013 hochdosiert f\u00fcr Herz, Gehirn und Sehkraft, glutenfrei, 50 Softgels. Jetzt bestellen.","robots":{"index":"index","follow":"follow","max-snippet":"max-snippet:-1","max-image-preview":"max-image-preview:large","max-video-preview":"max-video-preview:-1"},"canonical":"https:\/\/ecosupplements.ch\/?product=tredobbelt-styrke-omega-3-50-softgels","og_locale":"de_DE","og_type":"article","og_title":"Dreifach St\u00e4rke Omega-3 50 Softgels \u2013 Solgar | ecosupplements.ch","og_description":"Solgar Omega-3 mit 950 mg EPA & DHA pro Softgel \u2013 hochdosiert f\u00fcr Herz, Gehirn und Sehkraft, glutenfrei, 50 Softgels. Jetzt bestellen.","og_url":"https:\/\/ecosupplements.ch\/?product=tredobbelt-styrke-omega-3-50-softgels","og_site_name":"Eco Supplements","article_modified_time":"2026-05-13T07:26:28+00:00","og_image":[{"width":700,"height":700,"url":"https:\/\/ecosupplements.ch\/wp-content\/uploads\/2026\/05\/Tredobbelt-Styrke-Omega-3-50-softgels.jpg","type":"image\/jpeg"}],"twitter_card":"summary_large_image","twitter_misc":{"Price":"&#67;&#72;&#70;&nbsp;31.18","Availability":"Out of stock"},"schema":{"@context":"https:\/\/schema.org","@graph":[{"@type":"WebPage","@id":"https:\/\/ecosupplements.ch\/?product=tredobbelt-styrke-omega-3-50-softgels","url":"https:\/\/ecosupplements.ch\/?product=tredobbelt-styrke-omega-3-50-softgels","name":"Dreifach St\u00e4rke Omega-3 50 Softgels \u2013 Solgar | ecosupplements.ch","isPartOf":{"@id":"https:\/\/ecosupplements.ch\/#website"},"primaryImageOfPage":{"@id":"https:\/\/ecosupplements.ch\/?product=tredobbelt-styrke-omega-3-50-softgels#primaryimage"},"image":{"@id":"https:\/\/ecosupplements.ch\/?product=tredobbelt-styrke-omega-3-50-softgels#primaryimage"},"thumbnailUrl":"https:\/\/ecosupplements.ch\/wp-content\/uploads\/2026\/05\/Tredobbelt-Styrke-Omega-3-50-softgels.jpg","datePublished":"2026-05-11T14:46:34+00:00","dateModified":"2026-05-13T07:26:28+00:00","description":"Solgar Omega-3 mit 950 mg EPA & DHA pro Softgel \u2013 hochdosiert f\u00fcr Herz, Gehirn und Sehkraft, glutenfrei, 50 Softgels. Jetzt bestellen.","breadcrumb":{"@id":"https:\/\/ecosupplements.ch\/?product=tredobbelt-styrke-omega-3-50-softgels#breadcrumb"},"inLanguage":"de-CH","potentialAction":[{"@type":"ReadAction","target":["https:\/\/ecosupplements.ch\/?product=tredobbelt-styrke-omega-3-50-softgels"]}]},{"@type":"ImageObject","inLanguage":"de-CH","@id":"https:\/\/ecosupplements.ch\/?product=tredobbelt-styrke-omega-3-50-softgels#primaryimage","url":"https:\/\/ecosupplements.ch\/wp-content\/uploads\/2026\/05\/Tredobbelt-Styrke-Omega-3-50-softgels.jpg","contentUrl":"https:\/\/ecosupplements.ch\/wp-content\/uploads\/2026\/05\/Tredobbelt-Styrke-Omega-3-50-softgels.jpg","width":700,"height":700,"caption":"Tredobbelt Styrke Omega-3 - 50 softgels"},{"@type":"BreadcrumbList","@id":"https:\/\/ecosupplements.ch\/?product=tredobbelt-styrke-omega-3-50-softgels#breadcrumb","itemListElement":[{"@type":"ListItem","position":1,"name":"Home","item":"https:\/\/ecosupplements.ch\/"},{"@type":"ListItem","position":2,"name":"Shop","item":"https:\/\/ecosupplements.ch\/?page_id=14"},{"@type":"ListItem","position":3,"name":"Tredobbelt Styrke Omega-3 &#8211; 50 softgels"}]},{"@type":"WebSite","@id":"https:\/\/ecosupplements.ch\/#website","url":"https:\/\/ecosupplements.ch\/","name":"Eco Supplements","description":"","potentialAction":[{"@type":"SearchAction","target":{"@type":"EntryPoint","urlTemplate":"https:\/\/ecosupplements.ch\/?s={search_term_string}"},"query-input":{"@type":"PropertyValueSpecification","valueRequired":true,"valueName":"search_term_string"}}],"inLanguage":"de-CH"}]},"product_price_amount":"31.18","product_price_currency":"CHF","og_availability":"out of stock","product_availability":"out of stock","product_retailer_item_id":"033984020573","product_condition":"new"},"_links":{"self":[{"href":"https:\/\/ecosupplements.ch\/index.php?rest_route=\/wp\/v2\/product\/3566","targetHints":{"allow":["GET"]}}],"collection":[{"href":"https:\/\/ecosupplements.ch\/index.php?rest_route=\/wp\/v2\/product"}],"about":[{"href":"https:\/\/ecosupplements.ch\/index.php?rest_route=\/wp\/v2\/types\/product"}],"replies":[{"embeddable":true,"href":"https:\/\/ecosupplements.ch\/index.php?rest_route=%2Fwp%2Fv2%2Fcomments&post=3566"}],"wp:featuredmedia":[{"embeddable":true,"href":"https:\/\/ecosupplements.ch\/index.php?rest_route=\/wp\/v2\/media\/3567"}],"wp:attachment":[{"href":"https:\/\/ecosupplements.ch\/index.php?rest_route=%2Fwp%2Fv2%2Fmedia&parent=3566"}],"wp:term":[{"taxonomy":"product_brand","embeddable":true,"href":"https:\/\/ecosupplements.ch\/index.php?rest_route=%2Fwp%2Fv2%2Fproduct_brand&post=3566"},{"taxonomy":"product_cat","embeddable":true,"href":"https:\/\/ecosupplements.ch\/index.php?rest_route=%2Fwp%2Fv2%2Fproduct_cat&post=3566"},{"taxonomy":"product_tag","embeddable":true,"href":"https:\/\/ecosupplements.ch\/index.php?rest_route=%2Fwp%2Fv2%2Fproduct_tag&post=3566"}],"curies":[{"name":"wp","href":"https:\/\/api.w.org\/{rel}","templated":true}]}}