{"id":3580,"date":"2026-05-11T14:46:39","date_gmt":"2026-05-11T14:46:39","guid":{"rendered":"https:\/\/ecosupplements.ch\/?product=stille-sovn-melatonin-3mg-60-vegetabilske-kapsler"},"modified":"2026-05-13T07:24:58","modified_gmt":"2026-05-13T07:24:58","slug":"stille-sovn-melatonin-3mg-60-vegetabilske-kapsler","status":"publish","type":"product","link":"https:\/\/ecosupplements.ch\/?product=stille-sovn-melatonin-3mg-60-vegetabilske-kapsler","title":{"rendered":"Stille S\u00f8vn Melatonin, 3mg &#8211; 60 vegetabilske kapsler"},"content":{"rendered":"<div class=\"chcg-product-description\">\n<h2 class=\"chcg-heading\">\u00dcber Life Extension \u2013 Stille S\u00f8vn Melatonin, 3mg \u2013 60 vegetarische Kapseln<\/h2>\n<div class=\"chcg-intro\">\n<p>Melatonin ist ein k\u00f6rpereigenes Hormon, das von der Zirbeldr\u00fcse bei Einbruch der Dunkelheit ausgesch\u00fcttet wird und den nat\u00fcrlichen Schlaf-Wach-Rhythmus unterst\u00fctzt. Die Formulierung von Life Extension kombiniert 3 mg Melatonin (sofortige Freisetzung) mit einer sorgf\u00e4ltig zusammengestellten Auswahl an N\u00e4hrstoffen \u2013 darunter Vitamin B6, Magnesium, Inositol sowie die B-Vitamine Niacin und B12 \u2013 die zu einem ausgewogenen Beitrag zur normalen Funktion des Nervensystems beitragen.<\/p>\n<p>Jede vegetarische Kapsel enth\u00e4lt zus\u00e4tzlich Vitamin C, Calcium und Chromium (als ChromeMate\u00ae Chrompolynicotat), um das Gesamtkonzept dieser Schlafformel zu erg\u00e4nzen. Die sofortige Freisetzung des Melatonins ist darauf ausgerichtet, dem K\u00f6rper abends die gew\u00fcnschte Unterst\u00fctzung rasch bereitzustellen.<\/p>\n<p>Das Produkt ist in vegetarischen Kapseln aus pflanzlicher Zellulose erh\u00e4ltlich, enth\u00e4lt keine tierischen Gelatine-Kapseln und eignet sich daher f\u00fcr Vegetarier. Eine Packung enth\u00e4lt 60 Kapseln und reicht bei t\u00e4glicher Einnahme f\u00fcr zwei Monate.<\/p>\n<\/p><\/div>\n<div class=\"chcg-nutrition\">\n<h3>N\u00e4hrwertangaben<\/h3>\n<table class=\"chcg-nutrition-table\">\n<thead>\n<tr>\n<th>N\u00e4hrstoff<\/th>\n<th>Pro Portion (1 Kapsel)<\/th>\n<\/tr>\n<\/thead>\n<tbody>\n<tr>\n<td>Vitamin C (als Niacinamid-Ascorbat)<\/td>\n<td>220 mg<\/td>\n<\/tr>\n<tr>\n<td>Niacin (als Niacinamid-Ascorbat)<\/td>\n<td>73,5 mg<\/td>\n<\/tr>\n<tr>\n<td>Vitamin B6 (als Pyridoxal-5&#8242;-phosphat)<\/td>\n<td>10 mg<\/td>\n<\/tr>\n<tr>\n<td>Vitamin B12 (als Cyanocobalamin)<\/td>\n<td>100 mcg<\/td>\n<\/tr>\n<tr>\n<td>Calcium (als Calciumcarbonat, Calciumcitrat)<\/td>\n<td>48 mg<\/td>\n<\/tr>\n<tr>\n<td>Magnesium (als Magnesiumoxid)<\/td>\n<td>120 mg<\/td>\n<\/tr>\n<tr>\n<td>Chrom (als ChromeMate\u00ae Chrompolynicotat)<\/td>\n<td>50 mcg<\/td>\n<\/tr>\n<tr>\n<td>Melatonin (sofortige Freisetzung)<\/td>\n<td>3 mg<\/td>\n<\/tr>\n<tr>\n<td>Inositol<\/td>\n<td>100 mg<\/td>\n<\/tr>\n<\/tbody>\n<\/table>\n<p class=\"chcg-footnote\">* Kein festgelegter Tagesreferenzwert.<\/p>\n<\/p><\/div>\n<div class=\"chcg-ingredients\">\n<h3>Zutaten<\/h3>\n<p>Vitamin C (als Niacinamid-Ascorbat) 220 mg, Niacin (als Niacinamid-Ascorbat) 73,5 mg, Vitamin B6 (als Pyridoxal-5&#8242;-phosphat) 10 mg, Vitamin B12 (als Cyanocobalamin) 100 mcg, Calcium (als Calciumcarbonat, Calciumcitrat) 48 mg, Magnesium (als Magnesiumoxid) 120 mg, Chrom (als ChromeMate\u00ae Chrompolynicotat) 50 mcg, Melatonin (sofortige Freisetzung) 3 mg, Inositol 100 mg. Sonstige Zutaten: pflanzliche Zellulose (Kapselh\u00fclle), mikrokristalline Zellulose, Dicalciumphosphat, pflanzliches Stearat, Maltodextrin, Siliciumdioxid.<\/p>\n<p class=\"chcg-capsule-shell\">Kapselh\u00fclle: Pflanzliche Zellulose<\/p>\n<\/p><\/div>\n<div class=\"chcg-dosage\">\n<h3>Verzehrempfehlung<\/h3>\n<p>Eine (1) Kapsel 30\u201360 Minuten vor dem Schlafengehen einnehmen oder gem\u00e4ss Empfehlung eines Arztes oder einer \u00c4rztin. Melatonin wird von der Zirbeldr\u00fcse auf nat\u00fcrliche Weise in der Nacht ausgesch\u00fcttet und sollte f\u00fcr optimale Ergebnisse abends eingenommen werden.<\/p>\n<\/p><\/div>\n<div class=\"chcg-warnings\">\n<h3>Warnhinweise<\/h3>\n<p>AUSSERHALB DER REICHWEITE VON KINDERN AUFBEWAHREN. DIE EMPFOHLENE TAGESDOSIS NICHT \u00dcBERSCHREITEN. Nicht kaufen, wenn die \u00e4ussere Schutzversiegelung besch\u00e4digt oder gebrochen ist. Nach der Einnahme dieses Produkts keinen Alkohol konsumieren, kein Fahrzeug lenken und keine Maschinen bedienen. Bei der Einnahme von Nahrungserg\u00e4nzungsmitteln konsultieren Sie bitte Ihren Arzt oder Ihre \u00c4rztin, wenn Sie sich in \u00e4rztlicher Behandlung befinden, schwanger sind oder stillen. Um ein schwerwiegendes unerw\u00fcnschtes Ereignis zu melden oder Produktinformationen zu erhalten, wenden Sie sich bitte an: 1-866-280-2852.<\/p>\n<\/p><\/div>\n<div class=\"chcg-allergens\">\n<h3>Allergeninformationen<\/h3>\n<p>Keine g\u00e4ngigen Allergene in der Zutatenliste identifiziert. Auf der Produktverpackung sind keine Allergeninformationen ausgewiesen.<\/p>\n<\/p><\/div>\n<div class=\"chcg-storage\">\n<h3>Lagerung<\/h3>\n<p>Fest verschlossen an einem k\u00fchlen, trockenen Ort aufbewahren.<\/p>\n<\/p><\/div>\n<div class=\"chcg-dietary\">\n<h3>Ern\u00e4hrungshinweise<\/h3>\n<ul>\n<li>Vegetarisch<\/li>\n<li>Glutenfrei<\/li>\n<\/ul><\/div>\n<\/div>\n","protected":false},"excerpt":{"rendered":"<p>Melatonin 3 mg (sofortige Freisetzung) zur abendlichen Unterst\u00fctzung des nat\u00fcrlichen Schlafrhythmus, kombiniert mit Magnesium, Vitamin B6 und weiteren N\u00e4hrstoffen. Vegetarische Kapseln, 60 St\u00fcck pro Packung.<\/p>\n","protected":false},"featured_media":3581,"comment_status":"closed","ping_status":"open","template":"","meta":[],"product_brand":[202],"product_cat":[48,25,83,21],"product_tag":[],"class_list":{"0":"post-3580","1":"product","2":"type-product","3":"status-publish","4":"has-post-thumbnail","6":"product_brand-life-extension","7":"product_cat-gesunde-ernaehrung","8":"product_cat-gesundheit-und-wohlbefinden","9":"product_cat-schlafunterstuetzung","10":"product_cat-vitamine-und-mineralstoffe","12":"first","13":"outofstock","14":"taxable","15":"shipping-taxable","16":"purchasable","17":"product-type-simple"},"yoast_head":"<!-- This site is optimized with the Yoast SEO plugin v27.5 - https:\/\/yoast.com\/product\/yoast-seo-wordpress\/ -->\n<title>Stille S\u00f8vn Melatonin 3mg \u2013 Life Extension | ecosupplements.ch<\/title>\n<meta name=\"description\" content=\"Melatonin 3mg mit Magnesium &amp; B-Vitaminen f\u00fcr den nat\u00fcrlichen Schlaf-Wach-Rhythmus \u2013 60 vegetarische Kapseln von Life Extension. Jetzt bestellen.\" \/>\n<meta name=\"robots\" content=\"index, follow, max-snippet:-1, max-image-preview:large, max-video-preview:-1\" \/>\n<link rel=\"canonical\" href=\"https:\/\/ecosupplements.ch\/?product=stille-sovn-melatonin-3mg-60-vegetabilske-kapsler\" \/>\n<meta property=\"og:locale\" content=\"de_DE\" \/>\n<meta property=\"og:type\" content=\"article\" \/>\n<meta property=\"og:title\" content=\"Stille S\u00f8vn Melatonin 3mg \u2013 Life Extension | ecosupplements.ch\" \/>\n<meta property=\"og:description\" content=\"Melatonin 3mg mit Magnesium &amp; B-Vitaminen f\u00fcr den nat\u00fcrlichen Schlaf-Wach-Rhythmus \u2013 60 vegetarische Kapseln von Life Extension. Jetzt bestellen.\" \/>\n<meta property=\"og:url\" content=\"https:\/\/ecosupplements.ch\/?product=stille-sovn-melatonin-3mg-60-vegetabilske-kapsler\" \/>\n<meta property=\"og:site_name\" content=\"Eco Supplements\" \/>\n<meta property=\"article:modified_time\" content=\"2026-05-13T07:24:58+00:00\" \/>\n<meta property=\"og:image\" content=\"https:\/\/ecosupplements.ch\/wp-content\/uploads\/2026\/05\/Stille-Sovn-Melatonin-3mg-60-vegetabilske-kapsler.jpg\" \/>\n\t<meta property=\"og:image:width\" content=\"219\" \/>\n\t<meta property=\"og:image:height\" content=\"415\" \/>\n\t<meta property=\"og:image:type\" content=\"image\/jpeg\" \/>\n<meta name=\"twitter:card\" content=\"summary_large_image\" \/>\n<meta name=\"twitter:label1\" content=\"Price\" \/>\n\t<meta name=\"twitter:data1\" content=\"&#067;&#072;&#070;&nbsp;23.07\" \/>\n\t<meta name=\"twitter:label2\" content=\"Availability\" \/>\n\t<meta name=\"twitter:data2\" content=\"Out of stock\" \/>\n<script type=\"application\/ld+json\" class=\"yoast-schema-graph\">{\"@context\":\"https:\\\/\\\/schema.org\",\"@graph\":[{\"@type\":\"WebPage\",\"@id\":\"https:\\\/\\\/ecosupplements.ch\\\/?product=stille-sovn-melatonin-3mg-60-vegetabilske-kapsler\",\"url\":\"https:\\\/\\\/ecosupplements.ch\\\/?product=stille-sovn-melatonin-3mg-60-vegetabilske-kapsler\",\"name\":\"Stille S\u00f8vn Melatonin 3mg \u2013 Life Extension | ecosupplements.ch\",\"isPartOf\":{\"@id\":\"https:\\\/\\\/ecosupplements.ch\\\/#website\"},\"primaryImageOfPage\":{\"@id\":\"https:\\\/\\\/ecosupplements.ch\\\/?product=stille-sovn-melatonin-3mg-60-vegetabilske-kapsler#primaryimage\"},\"image\":{\"@id\":\"https:\\\/\\\/ecosupplements.ch\\\/?product=stille-sovn-melatonin-3mg-60-vegetabilske-kapsler#primaryimage\"},\"thumbnailUrl\":\"https:\\\/\\\/ecosupplements.ch\\\/wp-content\\\/uploads\\\/2026\\\/05\\\/Stille-Sovn-Melatonin-3mg-60-vegetabilske-kapsler.jpg\",\"datePublished\":\"2026-05-11T14:46:39+00:00\",\"dateModified\":\"2026-05-13T07:24:58+00:00\",\"description\":\"Melatonin 3mg mit Magnesium & B-Vitaminen f\u00fcr den nat\u00fcrlichen Schlaf-Wach-Rhythmus \u2013 60 vegetarische Kapseln von Life Extension. Jetzt bestellen.\",\"breadcrumb\":{\"@id\":\"https:\\\/\\\/ecosupplements.ch\\\/?product=stille-sovn-melatonin-3mg-60-vegetabilske-kapsler#breadcrumb\"},\"inLanguage\":\"de-CH\",\"potentialAction\":[{\"@type\":\"ReadAction\",\"target\":[\"https:\\\/\\\/ecosupplements.ch\\\/?product=stille-sovn-melatonin-3mg-60-vegetabilske-kapsler\"]}]},{\"@type\":\"ImageObject\",\"inLanguage\":\"de-CH\",\"@id\":\"https:\\\/\\\/ecosupplements.ch\\\/?product=stille-sovn-melatonin-3mg-60-vegetabilske-kapsler#primaryimage\",\"url\":\"https:\\\/\\\/ecosupplements.ch\\\/wp-content\\\/uploads\\\/2026\\\/05\\\/Stille-Sovn-Melatonin-3mg-60-vegetabilske-kapsler.jpg\",\"contentUrl\":\"https:\\\/\\\/ecosupplements.ch\\\/wp-content\\\/uploads\\\/2026\\\/05\\\/Stille-Sovn-Melatonin-3mg-60-vegetabilske-kapsler.jpg\",\"width\":219,\"height\":415,\"caption\":\"Stille S\u00f8vn Melatonin\"},{\"@type\":\"BreadcrumbList\",\"@id\":\"https:\\\/\\\/ecosupplements.ch\\\/?product=stille-sovn-melatonin-3mg-60-vegetabilske-kapsler#breadcrumb\",\"itemListElement\":[{\"@type\":\"ListItem\",\"position\":1,\"name\":\"Home\",\"item\":\"https:\\\/\\\/ecosupplements.ch\\\/\"},{\"@type\":\"ListItem\",\"position\":2,\"name\":\"Shop\",\"item\":\"https:\\\/\\\/ecosupplements.ch\\\/?page_id=14\"},{\"@type\":\"ListItem\",\"position\":3,\"name\":\"Stille S\u00f8vn Melatonin, 3mg &#8211; 60 vegetabilske kapsler\"}]},{\"@type\":\"WebSite\",\"@id\":\"https:\\\/\\\/ecosupplements.ch\\\/#website\",\"url\":\"https:\\\/\\\/ecosupplements.ch\\\/\",\"name\":\"Eco Supplements\",\"description\":\"\",\"potentialAction\":[{\"@type\":\"SearchAction\",\"target\":{\"@type\":\"EntryPoint\",\"urlTemplate\":\"https:\\\/\\\/ecosupplements.ch\\\/?s={search_term_string}\"},\"query-input\":{\"@type\":\"PropertyValueSpecification\",\"valueRequired\":true,\"valueName\":\"search_term_string\"}}],\"inLanguage\":\"de-CH\"}]}<\/script>\n<meta property=\"product:price:amount\" content=\"23.07\" \/>\n<meta property=\"product:price:currency\" content=\"CHF\" \/>\n<meta property=\"og:availability\" content=\"out of stock\" \/>\n<meta property=\"product:availability\" content=\"out of stock\" \/>\n<meta property=\"product:retailer_item_id\" content=\"737870144465\" \/>\n<meta property=\"product:condition\" content=\"new\" \/>\n<!-- \/ Yoast SEO plugin. -->","yoast_head_json":{"title":"Stille S\u00f8vn Melatonin 3mg \u2013 Life Extension | ecosupplements.ch","description":"Melatonin 3mg mit Magnesium & B-Vitaminen f\u00fcr den nat\u00fcrlichen Schlaf-Wach-Rhythmus \u2013 60 vegetarische Kapseln von Life Extension. Jetzt bestellen.","robots":{"index":"index","follow":"follow","max-snippet":"max-snippet:-1","max-image-preview":"max-image-preview:large","max-video-preview":"max-video-preview:-1"},"canonical":"https:\/\/ecosupplements.ch\/?product=stille-sovn-melatonin-3mg-60-vegetabilske-kapsler","og_locale":"de_DE","og_type":"article","og_title":"Stille S\u00f8vn Melatonin 3mg \u2013 Life Extension | ecosupplements.ch","og_description":"Melatonin 3mg mit Magnesium & B-Vitaminen f\u00fcr den nat\u00fcrlichen Schlaf-Wach-Rhythmus \u2013 60 vegetarische Kapseln von Life Extension. Jetzt bestellen.","og_url":"https:\/\/ecosupplements.ch\/?product=stille-sovn-melatonin-3mg-60-vegetabilske-kapsler","og_site_name":"Eco Supplements","article_modified_time":"2026-05-13T07:24:58+00:00","og_image":[{"width":219,"height":415,"url":"https:\/\/ecosupplements.ch\/wp-content\/uploads\/2026\/05\/Stille-Sovn-Melatonin-3mg-60-vegetabilske-kapsler.jpg","type":"image\/jpeg"}],"twitter_card":"summary_large_image","twitter_misc":{"Price":"&#67;&#72;&#70;&nbsp;23.07","Availability":"Out of stock"},"schema":{"@context":"https:\/\/schema.org","@graph":[{"@type":"WebPage","@id":"https:\/\/ecosupplements.ch\/?product=stille-sovn-melatonin-3mg-60-vegetabilske-kapsler","url":"https:\/\/ecosupplements.ch\/?product=stille-sovn-melatonin-3mg-60-vegetabilske-kapsler","name":"Stille S\u00f8vn Melatonin 3mg \u2013 Life Extension | ecosupplements.ch","isPartOf":{"@id":"https:\/\/ecosupplements.ch\/#website"},"primaryImageOfPage":{"@id":"https:\/\/ecosupplements.ch\/?product=stille-sovn-melatonin-3mg-60-vegetabilske-kapsler#primaryimage"},"image":{"@id":"https:\/\/ecosupplements.ch\/?product=stille-sovn-melatonin-3mg-60-vegetabilske-kapsler#primaryimage"},"thumbnailUrl":"https:\/\/ecosupplements.ch\/wp-content\/uploads\/2026\/05\/Stille-Sovn-Melatonin-3mg-60-vegetabilske-kapsler.jpg","datePublished":"2026-05-11T14:46:39+00:00","dateModified":"2026-05-13T07:24:58+00:00","description":"Melatonin 3mg mit Magnesium & B-Vitaminen f\u00fcr den nat\u00fcrlichen Schlaf-Wach-Rhythmus \u2013 60 vegetarische Kapseln von Life Extension. Jetzt bestellen.","breadcrumb":{"@id":"https:\/\/ecosupplements.ch\/?product=stille-sovn-melatonin-3mg-60-vegetabilske-kapsler#breadcrumb"},"inLanguage":"de-CH","potentialAction":[{"@type":"ReadAction","target":["https:\/\/ecosupplements.ch\/?product=stille-sovn-melatonin-3mg-60-vegetabilske-kapsler"]}]},{"@type":"ImageObject","inLanguage":"de-CH","@id":"https:\/\/ecosupplements.ch\/?product=stille-sovn-melatonin-3mg-60-vegetabilske-kapsler#primaryimage","url":"https:\/\/ecosupplements.ch\/wp-content\/uploads\/2026\/05\/Stille-Sovn-Melatonin-3mg-60-vegetabilske-kapsler.jpg","contentUrl":"https:\/\/ecosupplements.ch\/wp-content\/uploads\/2026\/05\/Stille-Sovn-Melatonin-3mg-60-vegetabilske-kapsler.jpg","width":219,"height":415,"caption":"Stille S\u00f8vn Melatonin"},{"@type":"BreadcrumbList","@id":"https:\/\/ecosupplements.ch\/?product=stille-sovn-melatonin-3mg-60-vegetabilske-kapsler#breadcrumb","itemListElement":[{"@type":"ListItem","position":1,"name":"Home","item":"https:\/\/ecosupplements.ch\/"},{"@type":"ListItem","position":2,"name":"Shop","item":"https:\/\/ecosupplements.ch\/?page_id=14"},{"@type":"ListItem","position":3,"name":"Stille S\u00f8vn Melatonin, 3mg &#8211; 60 vegetabilske kapsler"}]},{"@type":"WebSite","@id":"https:\/\/ecosupplements.ch\/#website","url":"https:\/\/ecosupplements.ch\/","name":"Eco Supplements","description":"","potentialAction":[{"@type":"SearchAction","target":{"@type":"EntryPoint","urlTemplate":"https:\/\/ecosupplements.ch\/?s={search_term_string}"},"query-input":{"@type":"PropertyValueSpecification","valueRequired":true,"valueName":"search_term_string"}}],"inLanguage":"de-CH"}]},"product_price_amount":"23.07","product_price_currency":"CHF","og_availability":"out of stock","product_availability":"out of stock","product_retailer_item_id":"737870144465","product_condition":"new"},"_links":{"self":[{"href":"https:\/\/ecosupplements.ch\/index.php?rest_route=\/wp\/v2\/product\/3580","targetHints":{"allow":["GET"]}}],"collection":[{"href":"https:\/\/ecosupplements.ch\/index.php?rest_route=\/wp\/v2\/product"}],"about":[{"href":"https:\/\/ecosupplements.ch\/index.php?rest_route=\/wp\/v2\/types\/product"}],"replies":[{"embeddable":true,"href":"https:\/\/ecosupplements.ch\/index.php?rest_route=%2Fwp%2Fv2%2Fcomments&post=3580"}],"wp:featuredmedia":[{"embeddable":true,"href":"https:\/\/ecosupplements.ch\/index.php?rest_route=\/wp\/v2\/media\/3581"}],"wp:attachment":[{"href":"https:\/\/ecosupplements.ch\/index.php?rest_route=%2Fwp%2Fv2%2Fmedia&parent=3580"}],"wp:term":[{"taxonomy":"product_brand","embeddable":true,"href":"https:\/\/ecosupplements.ch\/index.php?rest_route=%2Fwp%2Fv2%2Fproduct_brand&post=3580"},{"taxonomy":"product_cat","embeddable":true,"href":"https:\/\/ecosupplements.ch\/index.php?rest_route=%2Fwp%2Fv2%2Fproduct_cat&post=3580"},{"taxonomy":"product_tag","embeddable":true,"href":"https:\/\/ecosupplements.ch\/index.php?rest_route=%2Fwp%2Fv2%2Fproduct_tag&post=3580"}],"curies":[{"name":"wp","href":"https:\/\/api.w.org\/{rel}","templated":true}]}}