{"id":3584,"date":"2026-05-11T14:46:40","date_gmt":"2026-05-11T14:46:40","guid":{"rendered":"https:\/\/ecosupplements.ch\/?product=sovn-ro-30-kapsler"},"modified":"2026-05-13T07:26:34","modified_gmt":"2026-05-13T07:26:34","slug":"sovn-ro-30-kapsler","status":"publish","type":"product","link":"https:\/\/ecosupplements.ch\/?product=sovn-ro-30-kapsler","title":{"rendered":"S\u00f8vn + Ro &#8211; 30 kapsler"},"content":{"rendered":"<div class=\"chcg-product-description\">\n<h2 class=\"chcg-heading\">\u00dcber Natrol \u2013 S\u00f8vn + Ro \u2013 30 Kapseln<\/h2>\n<div class=\"chcg-intro\">\n<p>Natrol S\u00f8vn + Ro ist eine sorgf\u00e4ltig zusammengestellte Formel, die vier bew\u00e4hrte Wirkstoffe kombiniert: L-Theanine, Sensoril Ashwagandha, Melatonin und Lemon Balm Extract. Diese Kombination wurde entwickelt, um den nat\u00fcrlichen Einschlafprozess zu unterst\u00fctzen und eine entspannte Atmosph\u00e4re vor dem Schlafengehen zu f\u00f6rdern.<\/p>\n<p>Melatonin tr\u00e4gt dazu bei, die Einschlafzeit zu verk\u00fcrzen \u2013 ein positiver Effekt wird bei einer Einnahme von mindestens 1 mg Melatonin kurz vor dem Schlafengehen erzielt. L-Theanine, eine nat\u00fcrlich vorkommende Aminos\u00e4ure, sowie der standardisierte Sensoril Ashwagandha-Extrakt (Withania somnifera) und Lemon Balm Extract (Melissa officinalis) erg\u00e4nzen die Formel auf pflanzlicher Basis.<\/p>\n<p>Jede Kapsel enth\u00e4lt 6 mg Melatonin, 200 mg L-Theanine, 125 mg Sensoril Ashwagandha und 3 mg Lemon Balm Extract \u2013 alles in einer vegetarischen Kapsel, frei von den h\u00e4ufigsten Allergenen. Die Packung reicht f\u00fcr 30 Tage bei t\u00e4glicher Anwendung.<\/p>\n<\/p><\/div>\n<div class=\"chcg-nutrition\">\n<h3>N\u00e4hrwertangaben<\/h3>\n<table class=\"chcg-nutrition-table\">\n<thead>\n<tr>\n<th>N\u00e4hrstoff<\/th>\n<th>Pro Portion (1 Kapsel)<\/th>\n<\/tr>\n<\/thead>\n<tbody>\n<tr>\n<td>L-Theanine<\/td>\n<td>200 mg<\/td>\n<\/tr>\n<tr>\n<td>Sensoril Ashwagandha (Withania somnifera) Wurzel- und Blattextrakt (10% Withanolides)<\/td>\n<td>125 mg<\/td>\n<\/tr>\n<tr>\n<td>Melatonin<\/td>\n<td>6 mg<\/td>\n<\/tr>\n<tr>\n<td>Lemon Balm Extract (Melissa officinalis) (Luftteile)<\/td>\n<td>3 mg<\/td>\n<\/tr>\n<\/tbody>\n<\/table>\n<p class=\"chcg-footnote\">* Kein festgelegter Tagesreferenzwert vorhanden.<\/p>\n<\/p><\/div>\n<div class=\"chcg-ingredients\">\n<h3>Zutaten<\/h3>\n<p>Aktive Zutaten: L-Theanine 200 mg; Sensoril Ashwagandha (Withania somnifera) Wurzel- und Blattextrakt (10% Withanolides) 125 mg; Melatonin 6 mg; Lemon Balm Extract (Melissa officinalis) (Luftteile) 3 mg. Weitere Zutaten: Mikrokristalline Cellulose, Hypromellose, Maltodextrin, Siliciumdioxid, Magnesiumstearat.<\/p>\n<p class=\"chcg-capsule-shell\">Kapselh\u00fclle: Hypromellose (vegetarische Kapsel)<\/p>\n<\/p><\/div>\n<div class=\"chcg-dosage\">\n<h3>Verzehrempfehlung<\/h3>\n<p>Erwachsene nehmen 1 Kapsel 20\u201330 Minuten vor dem Schlafengehen.<\/p>\n<\/p><\/div>\n<div class=\"chcg-warnings\">\n<h3>Warnhinweise<\/h3>\n<p>Nicht f\u00fcr Personen unter 18 Jahren geeignet. Dieses Produkt ist nicht zur Behandlung von Schlaflosigkeit oder anderen Schlafst\u00f6rungen bestimmt. Vor der Einnahme dieses Produkts ist ein Arzt zu konsultieren, wenn Medikamente eingenommen werden, eine Erkrankung vorliegt, eine Schwangerschaft oder Stillzeit besteht, eine Autoimmunerkrankung oder eine depressive St\u00f6rung vorliegt. Melatonin kann Schl\u00e4frigkeit oder Benommenheit verursachen; nicht einnehmen beim F\u00fchren von Fahrzeugen oder beim Bedienen schwerer Maschinen sowie beim Konsum von Alkohol. Bei unerw\u00fcnschten Reaktionen ist die Einnahme zu unterbrechen. Nur f\u00fcr den gelegentlichen Kurzzeitgebrauch. Die empfohlene Verzehrmenge nicht \u00fcberschreiten. Ausserhalb der Reichweite von Kindern aufbewahren.<\/p>\n<\/p><\/div>\n<div class=\"chcg-allergens\">\n<h3>Allergeninformationen<\/h3>\n<p>Frei von: Milch, Ei, Fisch, Krebstieren und Schalentieren, Schalenfr\u00fcchten, Erdn\u00fcssen, Weizen, Soja, Sesam.<\/p>\n<\/p><\/div>\n<div class=\"chcg-storage\">\n<h3>Lagerung<\/h3>\n<p>An einem k\u00fchlen, trockenen Ort lagern.<\/p>\n<\/p><\/div>\n<div class=\"chcg-dietary\">\n<h3>Ern\u00e4hrungshinweise<\/h3>\n<ul>\n<li>Vegetarisch<\/li>\n<li>Glutenfrei<\/li>\n<li>Laktosefrei<\/li>\n<\/ul><\/div>\n<\/div>\n","protected":false},"excerpt":{"rendered":"<p>Natrol S\u00f8vn + Ro unterst\u00fctzt den nat\u00fcrlichen Einschlafprozess mit Melatonin, L-Theanine, Sensoril Ashwagandha und Lemon Balm Extract. 30 vegetarische Kapseln \u2013 ausreichend f\u00fcr 30 Tage.<\/p>\n","protected":false},"featured_media":3585,"comment_status":"closed","ping_status":"open","template":"","meta":[],"product_brand":[208],"product_cat":[48,25,83,137],"product_tag":[],"class_list":{"0":"post-3584","1":"product","2":"type-product","3":"status-publish","4":"has-post-thumbnail","6":"product_brand-natrol","7":"product_cat-gesunde-ernaehrung","8":"product_cat-gesundheit-und-wohlbefinden","9":"product_cat-schlafunterstuetzung","10":"product_cat-forbedring-af-humoret","12":"first","13":"outofstock","14":"taxable","15":"shipping-taxable","16":"purchasable","17":"product-type-simple"},"yoast_head":"<!-- This site is optimized with the Yoast SEO plugin v27.5 - https:\/\/yoast.com\/product\/yoast-seo-wordpress\/ -->\n<title>S\u00f8vn + Ro 30 Kapseln \u2013 Natrol | ecosupplements.ch<\/title>\n<meta name=\"description\" content=\"Natrol S\u00f8vn + Ro mit Melatonin, L-Theanine &amp; Ashwagandha \u2013 30 vegetarische Kapseln f\u00fcr entspannte Abende. Jetzt bestellen.\" \/>\n<meta name=\"robots\" content=\"index, follow, max-snippet:-1, max-image-preview:large, max-video-preview:-1\" \/>\n<link rel=\"canonical\" href=\"https:\/\/ecosupplements.ch\/?product=sovn-ro-30-kapsler\" \/>\n<meta property=\"og:locale\" content=\"de_DE\" \/>\n<meta property=\"og:type\" content=\"article\" \/>\n<meta property=\"og:title\" content=\"S\u00f8vn + Ro 30 Kapseln \u2013 Natrol | ecosupplements.ch\" \/>\n<meta property=\"og:description\" content=\"Natrol S\u00f8vn + Ro mit Melatonin, L-Theanine &amp; Ashwagandha \u2013 30 vegetarische Kapseln f\u00fcr entspannte Abende. Jetzt bestellen.\" \/>\n<meta property=\"og:url\" content=\"https:\/\/ecosupplements.ch\/?product=sovn-ro-30-kapsler\" \/>\n<meta property=\"og:site_name\" content=\"Eco Supplements\" \/>\n<meta property=\"article:modified_time\" content=\"2026-05-13T07:26:34+00:00\" \/>\n<meta property=\"og:image\" content=\"https:\/\/ecosupplements.ch\/wp-content\/uploads\/2026\/05\/Sovn-Ro-30-kapsler.jpg\" \/>\n\t<meta property=\"og:image:width\" content=\"720\" \/>\n\t<meta property=\"og:image:height\" content=\"720\" \/>\n\t<meta property=\"og:image:type\" content=\"image\/jpeg\" \/>\n<meta name=\"twitter:card\" content=\"summary_large_image\" \/>\n<meta name=\"twitter:label1\" content=\"Price\" \/>\n\t<meta name=\"twitter:data1\" content=\"&#067;&#072;&#070;&nbsp;18.85\" \/>\n\t<meta name=\"twitter:label2\" content=\"Availability\" \/>\n\t<meta name=\"twitter:data2\" content=\"Out of stock\" \/>\n<script type=\"application\/ld+json\" class=\"yoast-schema-graph\">{\"@context\":\"https:\\\/\\\/schema.org\",\"@graph\":[{\"@type\":\"WebPage\",\"@id\":\"https:\\\/\\\/ecosupplements.ch\\\/?product=sovn-ro-30-kapsler\",\"url\":\"https:\\\/\\\/ecosupplements.ch\\\/?product=sovn-ro-30-kapsler\",\"name\":\"S\u00f8vn + Ro 30 Kapseln \u2013 Natrol | ecosupplements.ch\",\"isPartOf\":{\"@id\":\"https:\\\/\\\/ecosupplements.ch\\\/#website\"},\"primaryImageOfPage\":{\"@id\":\"https:\\\/\\\/ecosupplements.ch\\\/?product=sovn-ro-30-kapsler#primaryimage\"},\"image\":{\"@id\":\"https:\\\/\\\/ecosupplements.ch\\\/?product=sovn-ro-30-kapsler#primaryimage\"},\"thumbnailUrl\":\"https:\\\/\\\/ecosupplements.ch\\\/wp-content\\\/uploads\\\/2026\\\/05\\\/Sovn-Ro-30-kapsler.jpg\",\"datePublished\":\"2026-05-11T14:46:40+00:00\",\"dateModified\":\"2026-05-13T07:26:34+00:00\",\"description\":\"Natrol S\u00f8vn + Ro mit Melatonin, L-Theanine & Ashwagandha \u2013 30 vegetarische Kapseln f\u00fcr entspannte Abende. Jetzt bestellen.\",\"breadcrumb\":{\"@id\":\"https:\\\/\\\/ecosupplements.ch\\\/?product=sovn-ro-30-kapsler#breadcrumb\"},\"inLanguage\":\"de-CH\",\"potentialAction\":[{\"@type\":\"ReadAction\",\"target\":[\"https:\\\/\\\/ecosupplements.ch\\\/?product=sovn-ro-30-kapsler\"]}]},{\"@type\":\"ImageObject\",\"inLanguage\":\"de-CH\",\"@id\":\"https:\\\/\\\/ecosupplements.ch\\\/?product=sovn-ro-30-kapsler#primaryimage\",\"url\":\"https:\\\/\\\/ecosupplements.ch\\\/wp-content\\\/uploads\\\/2026\\\/05\\\/Sovn-Ro-30-kapsler.jpg\",\"contentUrl\":\"https:\\\/\\\/ecosupplements.ch\\\/wp-content\\\/uploads\\\/2026\\\/05\\\/Sovn-Ro-30-kapsler.jpg\",\"width\":720,\"height\":720,\"caption\":\"S\u00f8vn + Ro - 30 kapsler\"},{\"@type\":\"BreadcrumbList\",\"@id\":\"https:\\\/\\\/ecosupplements.ch\\\/?product=sovn-ro-30-kapsler#breadcrumb\",\"itemListElement\":[{\"@type\":\"ListItem\",\"position\":1,\"name\":\"Home\",\"item\":\"https:\\\/\\\/ecosupplements.ch\\\/\"},{\"@type\":\"ListItem\",\"position\":2,\"name\":\"Shop\",\"item\":\"https:\\\/\\\/ecosupplements.ch\\\/?page_id=14\"},{\"@type\":\"ListItem\",\"position\":3,\"name\":\"S\u00f8vn + Ro &#8211; 30 kapsler\"}]},{\"@type\":\"WebSite\",\"@id\":\"https:\\\/\\\/ecosupplements.ch\\\/#website\",\"url\":\"https:\\\/\\\/ecosupplements.ch\\\/\",\"name\":\"Eco Supplements\",\"description\":\"\",\"potentialAction\":[{\"@type\":\"SearchAction\",\"target\":{\"@type\":\"EntryPoint\",\"urlTemplate\":\"https:\\\/\\\/ecosupplements.ch\\\/?s={search_term_string}\"},\"query-input\":{\"@type\":\"PropertyValueSpecification\",\"valueRequired\":true,\"valueName\":\"search_term_string\"}}],\"inLanguage\":\"de-CH\"}]}<\/script>\n<meta property=\"product:price:amount\" content=\"18.85\" \/>\n<meta property=\"product:price:currency\" content=\"CHF\" \/>\n<meta property=\"og:availability\" content=\"out of stock\" \/>\n<meta property=\"product:availability\" content=\"out of stock\" \/>\n<meta property=\"product:retailer_item_id\" content=\"047469079147\" \/>\n<meta property=\"product:condition\" content=\"new\" \/>\n<!-- \/ Yoast SEO plugin. -->","yoast_head_json":{"title":"S\u00f8vn + Ro 30 Kapseln \u2013 Natrol | ecosupplements.ch","description":"Natrol S\u00f8vn + Ro mit Melatonin, L-Theanine & Ashwagandha \u2013 30 vegetarische Kapseln f\u00fcr entspannte Abende. Jetzt bestellen.","robots":{"index":"index","follow":"follow","max-snippet":"max-snippet:-1","max-image-preview":"max-image-preview:large","max-video-preview":"max-video-preview:-1"},"canonical":"https:\/\/ecosupplements.ch\/?product=sovn-ro-30-kapsler","og_locale":"de_DE","og_type":"article","og_title":"S\u00f8vn + Ro 30 Kapseln \u2013 Natrol | ecosupplements.ch","og_description":"Natrol S\u00f8vn + Ro mit Melatonin, L-Theanine & Ashwagandha \u2013 30 vegetarische Kapseln f\u00fcr entspannte Abende. Jetzt bestellen.","og_url":"https:\/\/ecosupplements.ch\/?product=sovn-ro-30-kapsler","og_site_name":"Eco Supplements","article_modified_time":"2026-05-13T07:26:34+00:00","og_image":[{"width":720,"height":720,"url":"https:\/\/ecosupplements.ch\/wp-content\/uploads\/2026\/05\/Sovn-Ro-30-kapsler.jpg","type":"image\/jpeg"}],"twitter_card":"summary_large_image","twitter_misc":{"Price":"&#67;&#72;&#70;&nbsp;18.85","Availability":"Out of stock"},"schema":{"@context":"https:\/\/schema.org","@graph":[{"@type":"WebPage","@id":"https:\/\/ecosupplements.ch\/?product=sovn-ro-30-kapsler","url":"https:\/\/ecosupplements.ch\/?product=sovn-ro-30-kapsler","name":"S\u00f8vn + Ro 30 Kapseln \u2013 Natrol | ecosupplements.ch","isPartOf":{"@id":"https:\/\/ecosupplements.ch\/#website"},"primaryImageOfPage":{"@id":"https:\/\/ecosupplements.ch\/?product=sovn-ro-30-kapsler#primaryimage"},"image":{"@id":"https:\/\/ecosupplements.ch\/?product=sovn-ro-30-kapsler#primaryimage"},"thumbnailUrl":"https:\/\/ecosupplements.ch\/wp-content\/uploads\/2026\/05\/Sovn-Ro-30-kapsler.jpg","datePublished":"2026-05-11T14:46:40+00:00","dateModified":"2026-05-13T07:26:34+00:00","description":"Natrol S\u00f8vn + Ro mit Melatonin, L-Theanine & Ashwagandha \u2013 30 vegetarische Kapseln f\u00fcr entspannte Abende. Jetzt bestellen.","breadcrumb":{"@id":"https:\/\/ecosupplements.ch\/?product=sovn-ro-30-kapsler#breadcrumb"},"inLanguage":"de-CH","potentialAction":[{"@type":"ReadAction","target":["https:\/\/ecosupplements.ch\/?product=sovn-ro-30-kapsler"]}]},{"@type":"ImageObject","inLanguage":"de-CH","@id":"https:\/\/ecosupplements.ch\/?product=sovn-ro-30-kapsler#primaryimage","url":"https:\/\/ecosupplements.ch\/wp-content\/uploads\/2026\/05\/Sovn-Ro-30-kapsler.jpg","contentUrl":"https:\/\/ecosupplements.ch\/wp-content\/uploads\/2026\/05\/Sovn-Ro-30-kapsler.jpg","width":720,"height":720,"caption":"S\u00f8vn + Ro - 30 kapsler"},{"@type":"BreadcrumbList","@id":"https:\/\/ecosupplements.ch\/?product=sovn-ro-30-kapsler#breadcrumb","itemListElement":[{"@type":"ListItem","position":1,"name":"Home","item":"https:\/\/ecosupplements.ch\/"},{"@type":"ListItem","position":2,"name":"Shop","item":"https:\/\/ecosupplements.ch\/?page_id=14"},{"@type":"ListItem","position":3,"name":"S\u00f8vn + Ro &#8211; 30 kapsler"}]},{"@type":"WebSite","@id":"https:\/\/ecosupplements.ch\/#website","url":"https:\/\/ecosupplements.ch\/","name":"Eco Supplements","description":"","potentialAction":[{"@type":"SearchAction","target":{"@type":"EntryPoint","urlTemplate":"https:\/\/ecosupplements.ch\/?s={search_term_string}"},"query-input":{"@type":"PropertyValueSpecification","valueRequired":true,"valueName":"search_term_string"}}],"inLanguage":"de-CH"}]},"product_price_amount":"18.85","product_price_currency":"CHF","og_availability":"out of stock","product_availability":"out of stock","product_retailer_item_id":"047469079147","product_condition":"new"},"_links":{"self":[{"href":"https:\/\/ecosupplements.ch\/index.php?rest_route=\/wp\/v2\/product\/3584","targetHints":{"allow":["GET"]}}],"collection":[{"href":"https:\/\/ecosupplements.ch\/index.php?rest_route=\/wp\/v2\/product"}],"about":[{"href":"https:\/\/ecosupplements.ch\/index.php?rest_route=\/wp\/v2\/types\/product"}],"replies":[{"embeddable":true,"href":"https:\/\/ecosupplements.ch\/index.php?rest_route=%2Fwp%2Fv2%2Fcomments&post=3584"}],"wp:featuredmedia":[{"embeddable":true,"href":"https:\/\/ecosupplements.ch\/index.php?rest_route=\/wp\/v2\/media\/3585"}],"wp:attachment":[{"href":"https:\/\/ecosupplements.ch\/index.php?rest_route=%2Fwp%2Fv2%2Fmedia&parent=3584"}],"wp:term":[{"taxonomy":"product_brand","embeddable":true,"href":"https:\/\/ecosupplements.ch\/index.php?rest_route=%2Fwp%2Fv2%2Fproduct_brand&post=3584"},{"taxonomy":"product_cat","embeddable":true,"href":"https:\/\/ecosupplements.ch\/index.php?rest_route=%2Fwp%2Fv2%2Fproduct_cat&post=3584"},{"taxonomy":"product_tag","embeddable":true,"href":"https:\/\/ecosupplements.ch\/index.php?rest_route=%2Fwp%2Fv2%2Fproduct_tag&post=3584"}],"curies":[{"name":"wp","href":"https:\/\/api.w.org\/{rel}","templated":true}]}}