{"id":3586,"date":"2026-05-11T14:46:41","date_gmt":"2026-05-11T14:46:41","guid":{"rendered":"https:\/\/ecosupplements.ch\/?product=3-a-m-melatonin-hurtigoploselige-lavendel-vanilje-60-tabletter"},"modified":"2026-05-13T07:25:23","modified_gmt":"2026-05-13T07:25:23","slug":"3-a-m-melatonin-hurtigoploselige-lavendel-vanilje-60-tabletter","status":"publish","type":"product","link":"https:\/\/ecosupplements.ch\/?product=3-a-m-melatonin-hurtigoploselige-lavendel-vanilje-60-tabletter","title":{"rendered":"3 A.M. Melatonin Hurtigopl\u00f8selige, Lavendel Vanilje &#8211; 60 tabletter"},"content":{"rendered":"<div class=\"chcg-product-description\">\n<h2 class=\"chcg-heading\">\u00dcber Natrol \u2013 3 A.M. Melatonin Schnellaufl\u00f6sende Tabletten, Lavendel Vanille \u2013 60 Tabletten<\/h2>\n<div class=\"chcg-intro\">\n<p>Natrol 3 A.M. Melatonin wurde speziell f\u00fcr Personen entwickelt, die mitten in der Nacht aufwachen und Schwierigkeiten haben, wieder einzuschlafen. Jede Tablette enth\u00e4lt 3 mg Melatonin \u2013 ein k\u00f6rpereigenes Hormon, das zur Regulierung des Schlaf-Wach-Rhythmus beitr\u00e4gt \u2013 sowie 50 mg L-Theanin, eine Aminos\u00e4ure, die f\u00fcr ihre entspannende Wirkung bekannt ist.<\/p>\n<p>Die schnellaufl\u00f6sende Formulierung in der angenehmen Geschmacksrichtung Lavendel-Vanille zergeht einfach auf der Zunge, ohne dass Wasser ben\u00f6tigt wird. Das macht die Einnahme mitten in der Nacht besonders unkompliziert und angenehm.<\/p>\n<p>Melatonin tr\u00e4gt nachweislich dazu bei, die Einschlafdauer zu verk\u00fcrzen. Der wohltuende Effekt tritt bei einer Einnahme von 1 mg kurz vor dem Schlafengehen auf. Diese Tabletten mit 3 mg sind f\u00fcr den Einsatz mitten in der Nacht konzipiert und sollten mindestens 3 Stunden vor dem Aufwachen eingenommen werden, um optimale Ergebnisse zu erzielen.<\/p>\n<\/p><\/div>\n<div class=\"chcg-nutrition\">\n<h3>N\u00e4hrwertangaben<\/h3>\n<table class=\"chcg-nutrition-table\">\n<thead>\n<tr>\n<th>N\u00e4hrstoff<\/th>\n<th>Pro Portion (1 Tablette)<\/th>\n<\/tr>\n<\/thead>\n<tbody>\n<tr>\n<td>L-Theanin<\/td>\n<td>50 mg*<\/td>\n<\/tr>\n<tr>\n<td>Melatonin<\/td>\n<td>3 mg*<\/td>\n<\/tr>\n<\/tbody>\n<\/table>\n<p class=\"chcg-footnote\">* Kein festgelegter Tagesreferenzwert vorhanden.<\/p>\n<\/p><\/div>\n<div class=\"chcg-ingredients\">\n<h3>Zutaten<\/h3>\n<p><strong>Wirkstoffe:<\/strong> L-Theanin 50 mg, Melatonin 3 mg.<\/p>\n<p><strong>Weitere Zutaten:<\/strong> Xylitol, Maltodextrin, Sojapolysaccharide, Crospovidon, modifizierte Lebensmittelst\u00e4rke, biologisches Reiskonzentrat, Stearins\u00e4ure, Magnesiumstearat, Hydroxypropylcellulose, nat\u00fcrliche Aromen, Zitronens\u00e4ure, Gummi arabicum.<\/p>\n<\/p><\/div>\n<div class=\"chcg-dosage\">\n<h3>Verzehrempfehlung<\/h3>\n<p>Bei Bedarf mitten in der Nacht 1 Tablette einnehmen. Im Mund aufl\u00f6sen lassen oder kauen, bevor sie geschluckt wird. Kein Wasser notwendig. F\u00fcr beste Ergebnisse mindestens 3 Stunden vor dem Aufwachen einnehmen.<\/p>\n<\/p><\/div>\n<div class=\"chcg-warnings\">\n<h3>Warnhinweise<\/h3>\n<p>Ausserhalb der Reichweite von Kindern aufbewahren. Wenn Sie Medikamente einnehmen, an einer gesundheitlichen Erkrankung leiden, schwanger sind oder stillen, an einer Autoimmunerkrankung oder einer depressiven St\u00f6rung leiden, konsultieren Sie vor der Einnahme dieses Produkts einen Arzt. Nicht einnehmen beim Bedienen von Maschinen oder beim F\u00fchren eines Fahrzeugs. Nicht f\u00fcr Kinder unter 4 Jahren geeignet. Bei Kindern vor der Einnahme einen Arzt konsultieren.<\/p>\n<\/p><\/div>\n<div class=\"chcg-allergens\">\n<h3>Allergeninformationen<\/h3>\n<p><strong>Enth\u00e4lt:<\/strong> Weizen und Soja. <strong>OHNE:<\/strong> Milch, Ei, Fisch, Krustentiere und Schalentiere, Baumn\u00fcsse, Erdn\u00fcsse, Hefe, k\u00fcnstliche Farb- oder Aromastoffe.<\/p>\n<\/p><\/div>\n<div class=\"chcg-storage\">\n<h3>Lagerung<\/h3>\n<p>An einem k\u00fchlen, trockenen Ort lagern.<\/p>\n<\/p><\/div>\n<div class=\"chcg-dietary\">\n<h3>Ern\u00e4hrungshinweise<\/h3>\n<ul>\n<li>Vegetarisch<\/li>\n<li>Laktosefrei<\/li>\n<\/ul><\/div>\n<\/div>\n","protected":false},"excerpt":{"rendered":"<p>Natrol 3 A.M. Melatonin (3 mg) mit L-Theanin (50 mg) unterst\u00fctzt das Wiedereinschlafen mitten in der Nacht. Angenehm nach Lavendel-Vanille schmeckende Schnellaufl\u00f6se-Tabletten \u2013 ganz ohne Wasser. 60 Tabletten pro Packung.<\/p>\n","protected":false},"featured_media":3587,"comment_status":"closed","ping_status":"open","template":"","meta":[],"product_brand":[208],"product_cat":[48,25,83],"product_tag":[],"class_list":{"0":"post-3586","1":"product","2":"type-product","3":"status-publish","4":"has-post-thumbnail","6":"product_brand-natrol","7":"product_cat-gesunde-ernaehrung","8":"product_cat-gesundheit-und-wohlbefinden","9":"product_cat-schlafunterstuetzung","11":"first","12":"outofstock","13":"taxable","14":"shipping-taxable","15":"purchasable","16":"product-type-simple"},"yoast_head":"<!-- This site is optimized with the Yoast SEO plugin v27.5 - https:\/\/yoast.com\/product\/yoast-seo-wordpress\/ -->\n<title>3 A.M. Melatonin Schnellaufl\u00f6send \u2013 Natrol | ecosupplements.ch<\/title>\n<meta name=\"description\" content=\"Natrol 3 A.M. Melatonin 3 mg mit L-Theanin \u2013 schnellaufl\u00f6sende Tabletten f\u00fcr mitten in der Nacht, Lavendel-Vanille, 60 St\u00fcck. Jetzt bestellen.\" \/>\n<meta name=\"robots\" content=\"index, follow, max-snippet:-1, max-image-preview:large, max-video-preview:-1\" \/>\n<link rel=\"canonical\" href=\"https:\/\/ecosupplements.ch\/?product=3-a-m-melatonin-hurtigoploselige-lavendel-vanilje-60-tabletter\" \/>\n<meta property=\"og:locale\" content=\"de_DE\" \/>\n<meta property=\"og:type\" content=\"article\" \/>\n<meta property=\"og:title\" content=\"3 A.M. Melatonin Schnellaufl\u00f6send \u2013 Natrol | ecosupplements.ch\" \/>\n<meta property=\"og:description\" content=\"Natrol 3 A.M. Melatonin 3 mg mit L-Theanin \u2013 schnellaufl\u00f6sende Tabletten f\u00fcr mitten in der Nacht, Lavendel-Vanille, 60 St\u00fcck. Jetzt bestellen.\" \/>\n<meta property=\"og:url\" content=\"https:\/\/ecosupplements.ch\/?product=3-a-m-melatonin-hurtigoploselige-lavendel-vanilje-60-tabletter\" \/>\n<meta property=\"og:site_name\" content=\"Eco Supplements\" \/>\n<meta property=\"article:modified_time\" content=\"2026-05-13T07:25:23+00:00\" \/>\n<meta property=\"og:image\" content=\"https:\/\/ecosupplements.ch\/wp-content\/uploads\/2026\/05\/3-A.M.-Melatonin-Hurtigoploselige-Lavendel-Vanilje-60-tabletter.jpg\" \/>\n\t<meta property=\"og:image:width\" content=\"560\" \/>\n\t<meta property=\"og:image:height\" content=\"560\" \/>\n\t<meta property=\"og:image:type\" content=\"image\/jpeg\" \/>\n<meta name=\"twitter:card\" content=\"summary_large_image\" \/>\n<meta name=\"twitter:label1\" content=\"Price\" \/>\n\t<meta name=\"twitter:data1\" content=\"&#067;&#072;&#070;&nbsp;17.92\" \/>\n\t<meta name=\"twitter:label2\" content=\"Availability\" \/>\n\t<meta name=\"twitter:data2\" content=\"Out of stock\" \/>\n<script type=\"application\/ld+json\" class=\"yoast-schema-graph\">{\"@context\":\"https:\\\/\\\/schema.org\",\"@graph\":[{\"@type\":\"WebPage\",\"@id\":\"https:\\\/\\\/ecosupplements.ch\\\/?product=3-a-m-melatonin-hurtigoploselige-lavendel-vanilje-60-tabletter\",\"url\":\"https:\\\/\\\/ecosupplements.ch\\\/?product=3-a-m-melatonin-hurtigoploselige-lavendel-vanilje-60-tabletter\",\"name\":\"3 A.M. Melatonin Schnellaufl\u00f6send \u2013 Natrol | ecosupplements.ch\",\"isPartOf\":{\"@id\":\"https:\\\/\\\/ecosupplements.ch\\\/#website\"},\"primaryImageOfPage\":{\"@id\":\"https:\\\/\\\/ecosupplements.ch\\\/?product=3-a-m-melatonin-hurtigoploselige-lavendel-vanilje-60-tabletter#primaryimage\"},\"image\":{\"@id\":\"https:\\\/\\\/ecosupplements.ch\\\/?product=3-a-m-melatonin-hurtigoploselige-lavendel-vanilje-60-tabletter#primaryimage\"},\"thumbnailUrl\":\"https:\\\/\\\/ecosupplements.ch\\\/wp-content\\\/uploads\\\/2026\\\/05\\\/3-A.M.-Melatonin-Hurtigoploselige-Lavendel-Vanilje-60-tabletter.jpg\",\"datePublished\":\"2026-05-11T14:46:41+00:00\",\"dateModified\":\"2026-05-13T07:25:23+00:00\",\"description\":\"Natrol 3 A.M. Melatonin 3 mg mit L-Theanin \u2013 schnellaufl\u00f6sende Tabletten f\u00fcr mitten in der Nacht, Lavendel-Vanille, 60 St\u00fcck. Jetzt bestellen.\",\"breadcrumb\":{\"@id\":\"https:\\\/\\\/ecosupplements.ch\\\/?product=3-a-m-melatonin-hurtigoploselige-lavendel-vanilje-60-tabletter#breadcrumb\"},\"inLanguage\":\"de-CH\",\"potentialAction\":[{\"@type\":\"ReadAction\",\"target\":[\"https:\\\/\\\/ecosupplements.ch\\\/?product=3-a-m-melatonin-hurtigoploselige-lavendel-vanilje-60-tabletter\"]}]},{\"@type\":\"ImageObject\",\"inLanguage\":\"de-CH\",\"@id\":\"https:\\\/\\\/ecosupplements.ch\\\/?product=3-a-m-melatonin-hurtigoploselige-lavendel-vanilje-60-tabletter#primaryimage\",\"url\":\"https:\\\/\\\/ecosupplements.ch\\\/wp-content\\\/uploads\\\/2026\\\/05\\\/3-A.M.-Melatonin-Hurtigoploselige-Lavendel-Vanilje-60-tabletter.jpg\",\"contentUrl\":\"https:\\\/\\\/ecosupplements.ch\\\/wp-content\\\/uploads\\\/2026\\\/05\\\/3-A.M.-Melatonin-Hurtigoploselige-Lavendel-Vanilje-60-tabletter.jpg\",\"width\":560,\"height\":560,\"caption\":\"3 A.M. Melatonin Hurtigopl\u00f8selige\"},{\"@type\":\"BreadcrumbList\",\"@id\":\"https:\\\/\\\/ecosupplements.ch\\\/?product=3-a-m-melatonin-hurtigoploselige-lavendel-vanilje-60-tabletter#breadcrumb\",\"itemListElement\":[{\"@type\":\"ListItem\",\"position\":1,\"name\":\"Home\",\"item\":\"https:\\\/\\\/ecosupplements.ch\\\/\"},{\"@type\":\"ListItem\",\"position\":2,\"name\":\"Shop\",\"item\":\"https:\\\/\\\/ecosupplements.ch\\\/?page_id=14\"},{\"@type\":\"ListItem\",\"position\":3,\"name\":\"3 A.M. Melatonin Hurtigopl\u00f8selige, Lavendel Vanilje &#8211; 60 tabletter\"}]},{\"@type\":\"WebSite\",\"@id\":\"https:\\\/\\\/ecosupplements.ch\\\/#website\",\"url\":\"https:\\\/\\\/ecosupplements.ch\\\/\",\"name\":\"Eco Supplements\",\"description\":\"\",\"potentialAction\":[{\"@type\":\"SearchAction\",\"target\":{\"@type\":\"EntryPoint\",\"urlTemplate\":\"https:\\\/\\\/ecosupplements.ch\\\/?s={search_term_string}\"},\"query-input\":{\"@type\":\"PropertyValueSpecification\",\"valueRequired\":true,\"valueName\":\"search_term_string\"}}],\"inLanguage\":\"de-CH\"}]}<\/script>\n<meta property=\"product:price:amount\" content=\"17.92\" \/>\n<meta property=\"product:price:currency\" content=\"CHF\" \/>\n<meta property=\"og:availability\" content=\"out of stock\" \/>\n<meta property=\"product:availability\" content=\"out of stock\" \/>\n<meta property=\"product:retailer_item_id\" content=\"047469078195\" \/>\n<meta property=\"product:condition\" content=\"new\" \/>\n<!-- \/ Yoast SEO plugin. -->","yoast_head_json":{"title":"3 A.M. Melatonin Schnellaufl\u00f6send \u2013 Natrol | ecosupplements.ch","description":"Natrol 3 A.M. Melatonin 3 mg mit L-Theanin \u2013 schnellaufl\u00f6sende Tabletten f\u00fcr mitten in der Nacht, Lavendel-Vanille, 60 St\u00fcck. Jetzt bestellen.","robots":{"index":"index","follow":"follow","max-snippet":"max-snippet:-1","max-image-preview":"max-image-preview:large","max-video-preview":"max-video-preview:-1"},"canonical":"https:\/\/ecosupplements.ch\/?product=3-a-m-melatonin-hurtigoploselige-lavendel-vanilje-60-tabletter","og_locale":"de_DE","og_type":"article","og_title":"3 A.M. Melatonin Schnellaufl\u00f6send \u2013 Natrol | ecosupplements.ch","og_description":"Natrol 3 A.M. Melatonin 3 mg mit L-Theanin \u2013 schnellaufl\u00f6sende Tabletten f\u00fcr mitten in der Nacht, Lavendel-Vanille, 60 St\u00fcck. Jetzt bestellen.","og_url":"https:\/\/ecosupplements.ch\/?product=3-a-m-melatonin-hurtigoploselige-lavendel-vanilje-60-tabletter","og_site_name":"Eco Supplements","article_modified_time":"2026-05-13T07:25:23+00:00","og_image":[{"width":560,"height":560,"url":"https:\/\/ecosupplements.ch\/wp-content\/uploads\/2026\/05\/3-A.M.-Melatonin-Hurtigoploselige-Lavendel-Vanilje-60-tabletter.jpg","type":"image\/jpeg"}],"twitter_card":"summary_large_image","twitter_misc":{"Price":"&#67;&#72;&#70;&nbsp;17.92","Availability":"Out of stock"},"schema":{"@context":"https:\/\/schema.org","@graph":[{"@type":"WebPage","@id":"https:\/\/ecosupplements.ch\/?product=3-a-m-melatonin-hurtigoploselige-lavendel-vanilje-60-tabletter","url":"https:\/\/ecosupplements.ch\/?product=3-a-m-melatonin-hurtigoploselige-lavendel-vanilje-60-tabletter","name":"3 A.M. Melatonin Schnellaufl\u00f6send \u2013 Natrol | ecosupplements.ch","isPartOf":{"@id":"https:\/\/ecosupplements.ch\/#website"},"primaryImageOfPage":{"@id":"https:\/\/ecosupplements.ch\/?product=3-a-m-melatonin-hurtigoploselige-lavendel-vanilje-60-tabletter#primaryimage"},"image":{"@id":"https:\/\/ecosupplements.ch\/?product=3-a-m-melatonin-hurtigoploselige-lavendel-vanilje-60-tabletter#primaryimage"},"thumbnailUrl":"https:\/\/ecosupplements.ch\/wp-content\/uploads\/2026\/05\/3-A.M.-Melatonin-Hurtigoploselige-Lavendel-Vanilje-60-tabletter.jpg","datePublished":"2026-05-11T14:46:41+00:00","dateModified":"2026-05-13T07:25:23+00:00","description":"Natrol 3 A.M. Melatonin 3 mg mit L-Theanin \u2013 schnellaufl\u00f6sende Tabletten f\u00fcr mitten in der Nacht, Lavendel-Vanille, 60 St\u00fcck. Jetzt bestellen.","breadcrumb":{"@id":"https:\/\/ecosupplements.ch\/?product=3-a-m-melatonin-hurtigoploselige-lavendel-vanilje-60-tabletter#breadcrumb"},"inLanguage":"de-CH","potentialAction":[{"@type":"ReadAction","target":["https:\/\/ecosupplements.ch\/?product=3-a-m-melatonin-hurtigoploselige-lavendel-vanilje-60-tabletter"]}]},{"@type":"ImageObject","inLanguage":"de-CH","@id":"https:\/\/ecosupplements.ch\/?product=3-a-m-melatonin-hurtigoploselige-lavendel-vanilje-60-tabletter#primaryimage","url":"https:\/\/ecosupplements.ch\/wp-content\/uploads\/2026\/05\/3-A.M.-Melatonin-Hurtigoploselige-Lavendel-Vanilje-60-tabletter.jpg","contentUrl":"https:\/\/ecosupplements.ch\/wp-content\/uploads\/2026\/05\/3-A.M.-Melatonin-Hurtigoploselige-Lavendel-Vanilje-60-tabletter.jpg","width":560,"height":560,"caption":"3 A.M. Melatonin Hurtigopl\u00f8selige"},{"@type":"BreadcrumbList","@id":"https:\/\/ecosupplements.ch\/?product=3-a-m-melatonin-hurtigoploselige-lavendel-vanilje-60-tabletter#breadcrumb","itemListElement":[{"@type":"ListItem","position":1,"name":"Home","item":"https:\/\/ecosupplements.ch\/"},{"@type":"ListItem","position":2,"name":"Shop","item":"https:\/\/ecosupplements.ch\/?page_id=14"},{"@type":"ListItem","position":3,"name":"3 A.M. Melatonin Hurtigopl\u00f8selige, Lavendel Vanilje &#8211; 60 tabletter"}]},{"@type":"WebSite","@id":"https:\/\/ecosupplements.ch\/#website","url":"https:\/\/ecosupplements.ch\/","name":"Eco Supplements","description":"","potentialAction":[{"@type":"SearchAction","target":{"@type":"EntryPoint","urlTemplate":"https:\/\/ecosupplements.ch\/?s={search_term_string}"},"query-input":{"@type":"PropertyValueSpecification","valueRequired":true,"valueName":"search_term_string"}}],"inLanguage":"de-CH"}]},"product_price_amount":"17.92","product_price_currency":"CHF","og_availability":"out of stock","product_availability":"out of stock","product_retailer_item_id":"047469078195","product_condition":"new"},"_links":{"self":[{"href":"https:\/\/ecosupplements.ch\/index.php?rest_route=\/wp\/v2\/product\/3586","targetHints":{"allow":["GET"]}}],"collection":[{"href":"https:\/\/ecosupplements.ch\/index.php?rest_route=\/wp\/v2\/product"}],"about":[{"href":"https:\/\/ecosupplements.ch\/index.php?rest_route=\/wp\/v2\/types\/product"}],"replies":[{"embeddable":true,"href":"https:\/\/ecosupplements.ch\/index.php?rest_route=%2Fwp%2Fv2%2Fcomments&post=3586"}],"wp:featuredmedia":[{"embeddable":true,"href":"https:\/\/ecosupplements.ch\/index.php?rest_route=\/wp\/v2\/media\/3587"}],"wp:attachment":[{"href":"https:\/\/ecosupplements.ch\/index.php?rest_route=%2Fwp%2Fv2%2Fmedia&parent=3586"}],"wp:term":[{"taxonomy":"product_brand","embeddable":true,"href":"https:\/\/ecosupplements.ch\/index.php?rest_route=%2Fwp%2Fv2%2Fproduct_brand&post=3586"},{"taxonomy":"product_cat","embeddable":true,"href":"https:\/\/ecosupplements.ch\/index.php?rest_route=%2Fwp%2Fv2%2Fproduct_cat&post=3586"},{"taxonomy":"product_tag","embeddable":true,"href":"https:\/\/ecosupplements.ch\/index.php?rest_route=%2Fwp%2Fv2%2Fproduct_tag&post=3586"}],"curies":[{"name":"wp","href":"https:\/\/api.w.org\/{rel}","templated":true}]}}