{"id":3596,"date":"2026-05-11T14:46:47","date_gmt":"2026-05-11T14:46:47","guid":{"rendered":"https:\/\/ecosupplements.ch\/?product=melatonin-tre-gange-styrke-10-mg-60-kapsler"},"modified":"2026-05-13T07:26:45","modified_gmt":"2026-05-13T07:26:45","slug":"melatonin-tre-gange-styrke-10-mg-60-kapsler","status":"publish","type":"product","link":"https:\/\/ecosupplements.ch\/?product=melatonin-tre-gange-styrke-10-mg-60-kapsler","title":{"rendered":"Melatonin Tre Gange Styrke 10 mg &#8211; 60 Kapsler"},"content":{"rendered":"<div class=\"chcg-product-description\">\n<h2 class=\"chcg-heading\">\u00dcber Swanson \u2013 Melatonin Dreifache St\u00e4rke 10 mg \u2013 60 Kapseln<\/h2>\n<div class=\"chcg-intro\">\n<p>Swanson Melatonin Dreifache St\u00e4rke liefert 10 mg Melatonin pro Kapsel \u2013 ein k\u00f6rpereigenes Hormon, das eine wichtige Rolle bei der Regulierung des Schlaf-Wach-Rhythmus spielt. Melatonin tr\u00e4gt dazu bei, die Einschlafzeit zu verk\u00fcrzen und kann besonders bei Jetlag hilfreich sein, um den gest\u00f6rten Biorhythmus wieder ins Gleichgewicht zu bringen.<\/p>\n<p>Die veganen Kapseln sind frei von tierischen Bestandteilen und enthalten eine sorgf\u00e4ltig ausgew\u00e4hlte, minimalistische Zutatenliste \u2013 ohne \u00fcberfl\u00fcssige Zusatzstoffe. Das Produkt eignet sich f\u00fcr Menschen, die eine h\u00f6her dosierte Melatonin-Erg\u00e4nzung suchen und auf eine vegane sowie glutenfreie Formulierung Wert legen.<\/p>\n<p>Mit 60 Kapseln pro Packung bietet Swanson Melatonin 10 mg einen Vorrat f\u00fcr 60 Anwendungen \u2013 einfach einzunehmen, praktisch im Alltag und nach h\u00f6chsten Qualit\u00e4tsstandards von Swanson hergestellt.<\/p>\n<\/p><\/div>\n<div class=\"chcg-nutrition\">\n<h3>N\u00e4hrwertangaben<\/h3>\n<table class=\"chcg-nutrition-table\">\n<thead>\n<tr>\n<th>N\u00e4hrstoff<\/th>\n<th>Pro Portion (1 Kapsel)<\/th>\n<\/tr>\n<\/thead>\n<tbody>\n<tr>\n<td>Melatonin<\/td>\n<td>10 mg *<\/td>\n<\/tr>\n<\/tbody>\n<\/table>\n<p class=\"chcg-footnote\">* Kein Tagesreferenzwert festgelegt.<\/p>\n<\/p><\/div>\n<div class=\"chcg-ingredients\">\n<h3>Zutaten<\/h3>\n<p>Mikrokristalline Cellulose (Pflanzenfaser), vegane Kapsel (Hypromellose), Magnesiumstearat.<\/p>\n<p class=\"chcg-capsule-shell\">Kapselh\u00fclle: Vegane Kapsel (Hypromellose)<\/p>\n<\/p><\/div>\n<div class=\"chcg-dosage\">\n<h3>Verzehrempfehlung<\/h3>\n<p>Als Nahrungserg\u00e4nzungsmittel eine Kapsel mit Wasser eine halbe Stunde vor dem Schlafengehen einnehmen.<\/p>\n<\/p><\/div>\n<div class=\"chcg-warnings\">\n<h3>Warnhinweise<\/h3>\n<p>Nur f\u00fcr Erwachsene. Die empfohlene Tagesdosis nicht \u00fcberschreiten. Da Melatonin Schl\u00e4frigkeit verursachen kann, nach der Einnahme kein Fahrzeug lenken und keine schweren Maschinen bedienen. Nicht zusammen mit Alkohol einnehmen. Dieses Produkt nicht einnehmen, wenn Sie schwanger sind oder stillen, an einer Autoimmunerkrankung oder einer depressiven St\u00f6rung leiden oder unter 16 Jahre alt sind. Vor der Anwendung einen Arzt oder eine \u00c4rztin konsultieren, wenn Sie l\u00e4nger anhaltende Schlafprobleme haben, an einer Erkrankung leiden oder verschreibungspflichtige Medikamente einnehmen. Nicht f\u00fcr den Langzeitgebrauch bestimmt. Ausserhalb der Reichweite von Kindern aufbewahren. Nicht verwenden, wenn die Schutzversiegelung besch\u00e4digt ist.<\/p>\n<\/p><\/div>\n<div class=\"chcg-allergens\">\n<h3>Allergeninformationen<\/h3>\n<p>Keine Allergene deklariert.<\/p>\n<\/p><\/div>\n<div class=\"chcg-storage\">\n<h3>Lagerung<\/h3>\n<p>An einem k\u00fchlen, trockenen Ort lagern.<\/p>\n<\/p><\/div>\n<div class=\"chcg-dietary\">\n<h3>Ern\u00e4hrungshinweise<\/h3>\n<ul>\n<li>Vegan<\/li>\n<li>Vegetarisch<\/li>\n<li>Glutenfrei<\/li>\n<li>Laktosefrei<\/li>\n<\/ul><\/div>\n<\/div>\n","protected":false},"excerpt":{"rendered":"<p>Swanson Melatonin 10 mg unterst\u00fctzt einen gesunden Schlaf-Wach-Rhythmus. Erh\u00e4ltlich in veganen Kapseln, 60 St\u00fcck pro Packung. Glutenfrei und laktosefrei.<\/p>\n","protected":false},"featured_media":3597,"comment_status":"closed","ping_status":"open","template":"","meta":[],"product_brand":[16],"product_cat":[83],"product_tag":[],"class_list":{"0":"post-3596","1":"product","2":"type-product","3":"status-publish","4":"has-post-thumbnail","6":"product_brand-swanson","7":"product_cat-schlafunterstuetzung","9":"first","10":"outofstock","11":"taxable","12":"shipping-taxable","13":"purchasable","14":"product-type-simple"},"yoast_head":"<!-- This site is optimized with the Yoast SEO plugin v27.5 - https:\/\/yoast.com\/product\/yoast-seo-wordpress\/ -->\n<title>Melatonin 10 mg 60 Kapseln \u2013 Swanson | ecosupplements.ch<\/title>\n<meta name=\"description\" content=\"Swanson Melatonin 10 mg in veganen Kapseln \u2013 f\u00fcr einen geregelten Schlaf-Wach-Rhythmus. 60 Kapseln, glutenfrei. Jetzt bestellen.\" \/>\n<meta name=\"robots\" content=\"index, follow, max-snippet:-1, max-image-preview:large, max-video-preview:-1\" \/>\n<link rel=\"canonical\" href=\"https:\/\/ecosupplements.ch\/?product=melatonin-tre-gange-styrke-10-mg-60-kapsler\" \/>\n<meta property=\"og:locale\" content=\"de_DE\" \/>\n<meta property=\"og:type\" content=\"article\" \/>\n<meta property=\"og:title\" content=\"Melatonin 10 mg 60 Kapseln \u2013 Swanson | ecosupplements.ch\" \/>\n<meta property=\"og:description\" content=\"Swanson Melatonin 10 mg in veganen Kapseln \u2013 f\u00fcr einen geregelten Schlaf-Wach-Rhythmus. 60 Kapseln, glutenfrei. Jetzt bestellen.\" \/>\n<meta property=\"og:url\" content=\"https:\/\/ecosupplements.ch\/?product=melatonin-tre-gange-styrke-10-mg-60-kapsler\" \/>\n<meta property=\"og:site_name\" content=\"Eco Supplements\" \/>\n<meta property=\"article:modified_time\" content=\"2026-05-13T07:26:45+00:00\" \/>\n<meta property=\"og:image\" content=\"https:\/\/ecosupplements.ch\/wp-content\/uploads\/2026\/05\/Melatonin-Tre-Gange-Styrke-10-mg-60-Kapsler.jpg\" \/>\n\t<meta property=\"og:image:width\" content=\"650\" \/>\n\t<meta property=\"og:image:height\" content=\"650\" \/>\n\t<meta property=\"og:image:type\" content=\"image\/jpeg\" \/>\n<meta name=\"twitter:card\" content=\"summary_large_image\" \/>\n<meta name=\"twitter:label1\" content=\"Price\" \/>\n\t<meta name=\"twitter:data1\" content=\"&#067;&#072;&#070;&nbsp;14.78\" \/>\n\t<meta name=\"twitter:label2\" content=\"Availability\" \/>\n\t<meta name=\"twitter:data2\" content=\"Out of stock\" \/>\n<script type=\"application\/ld+json\" class=\"yoast-schema-graph\">{\"@context\":\"https:\\\/\\\/schema.org\",\"@graph\":[{\"@type\":\"WebPage\",\"@id\":\"https:\\\/\\\/ecosupplements.ch\\\/?product=melatonin-tre-gange-styrke-10-mg-60-kapsler\",\"url\":\"https:\\\/\\\/ecosupplements.ch\\\/?product=melatonin-tre-gange-styrke-10-mg-60-kapsler\",\"name\":\"Melatonin 10 mg 60 Kapseln \u2013 Swanson | ecosupplements.ch\",\"isPartOf\":{\"@id\":\"https:\\\/\\\/ecosupplements.ch\\\/#website\"},\"primaryImageOfPage\":{\"@id\":\"https:\\\/\\\/ecosupplements.ch\\\/?product=melatonin-tre-gange-styrke-10-mg-60-kapsler#primaryimage\"},\"image\":{\"@id\":\"https:\\\/\\\/ecosupplements.ch\\\/?product=melatonin-tre-gange-styrke-10-mg-60-kapsler#primaryimage\"},\"thumbnailUrl\":\"https:\\\/\\\/ecosupplements.ch\\\/wp-content\\\/uploads\\\/2026\\\/05\\\/Melatonin-Tre-Gange-Styrke-10-mg-60-Kapsler.jpg\",\"datePublished\":\"2026-05-11T14:46:47+00:00\",\"dateModified\":\"2026-05-13T07:26:45+00:00\",\"description\":\"Swanson Melatonin 10 mg in veganen Kapseln \u2013 f\u00fcr einen geregelten Schlaf-Wach-Rhythmus. 60 Kapseln, glutenfrei. Jetzt bestellen.\",\"breadcrumb\":{\"@id\":\"https:\\\/\\\/ecosupplements.ch\\\/?product=melatonin-tre-gange-styrke-10-mg-60-kapsler#breadcrumb\"},\"inLanguage\":\"de-CH\",\"potentialAction\":[{\"@type\":\"ReadAction\",\"target\":[\"https:\\\/\\\/ecosupplements.ch\\\/?product=melatonin-tre-gange-styrke-10-mg-60-kapsler\"]}]},{\"@type\":\"ImageObject\",\"inLanguage\":\"de-CH\",\"@id\":\"https:\\\/\\\/ecosupplements.ch\\\/?product=melatonin-tre-gange-styrke-10-mg-60-kapsler#primaryimage\",\"url\":\"https:\\\/\\\/ecosupplements.ch\\\/wp-content\\\/uploads\\\/2026\\\/05\\\/Melatonin-Tre-Gange-Styrke-10-mg-60-Kapsler.jpg\",\"contentUrl\":\"https:\\\/\\\/ecosupplements.ch\\\/wp-content\\\/uploads\\\/2026\\\/05\\\/Melatonin-Tre-Gange-Styrke-10-mg-60-Kapsler.jpg\",\"width\":650,\"height\":650,\"caption\":\"Melatonin Tre Gange Styrke 10 mg - 60 Kapsler\"},{\"@type\":\"BreadcrumbList\",\"@id\":\"https:\\\/\\\/ecosupplements.ch\\\/?product=melatonin-tre-gange-styrke-10-mg-60-kapsler#breadcrumb\",\"itemListElement\":[{\"@type\":\"ListItem\",\"position\":1,\"name\":\"Home\",\"item\":\"https:\\\/\\\/ecosupplements.ch\\\/\"},{\"@type\":\"ListItem\",\"position\":2,\"name\":\"Shop\",\"item\":\"https:\\\/\\\/ecosupplements.ch\\\/?page_id=14\"},{\"@type\":\"ListItem\",\"position\":3,\"name\":\"Melatonin Tre Gange Styrke 10 mg &#8211; 60 Kapsler\"}]},{\"@type\":\"WebSite\",\"@id\":\"https:\\\/\\\/ecosupplements.ch\\\/#website\",\"url\":\"https:\\\/\\\/ecosupplements.ch\\\/\",\"name\":\"Eco Supplements\",\"description\":\"\",\"potentialAction\":[{\"@type\":\"SearchAction\",\"target\":{\"@type\":\"EntryPoint\",\"urlTemplate\":\"https:\\\/\\\/ecosupplements.ch\\\/?s={search_term_string}\"},\"query-input\":{\"@type\":\"PropertyValueSpecification\",\"valueRequired\":true,\"valueName\":\"search_term_string\"}}],\"inLanguage\":\"de-CH\"}]}<\/script>\n<meta property=\"product:price:amount\" content=\"14.78\" \/>\n<meta property=\"product:price:currency\" content=\"CHF\" \/>\n<meta property=\"og:availability\" content=\"out of stock\" \/>\n<meta property=\"product:availability\" content=\"out of stock\" \/>\n<meta property=\"product:retailer_item_id\" content=\"087614023052\" \/>\n<meta property=\"product:condition\" content=\"new\" \/>\n<!-- \/ Yoast SEO plugin. -->","yoast_head_json":{"title":"Melatonin 10 mg 60 Kapseln \u2013 Swanson | ecosupplements.ch","description":"Swanson Melatonin 10 mg in veganen Kapseln \u2013 f\u00fcr einen geregelten Schlaf-Wach-Rhythmus. 60 Kapseln, glutenfrei. Jetzt bestellen.","robots":{"index":"index","follow":"follow","max-snippet":"max-snippet:-1","max-image-preview":"max-image-preview:large","max-video-preview":"max-video-preview:-1"},"canonical":"https:\/\/ecosupplements.ch\/?product=melatonin-tre-gange-styrke-10-mg-60-kapsler","og_locale":"de_DE","og_type":"article","og_title":"Melatonin 10 mg 60 Kapseln \u2013 Swanson | ecosupplements.ch","og_description":"Swanson Melatonin 10 mg in veganen Kapseln \u2013 f\u00fcr einen geregelten Schlaf-Wach-Rhythmus. 60 Kapseln, glutenfrei. Jetzt bestellen.","og_url":"https:\/\/ecosupplements.ch\/?product=melatonin-tre-gange-styrke-10-mg-60-kapsler","og_site_name":"Eco Supplements","article_modified_time":"2026-05-13T07:26:45+00:00","og_image":[{"width":650,"height":650,"url":"https:\/\/ecosupplements.ch\/wp-content\/uploads\/2026\/05\/Melatonin-Tre-Gange-Styrke-10-mg-60-Kapsler.jpg","type":"image\/jpeg"}],"twitter_card":"summary_large_image","twitter_misc":{"Price":"&#67;&#72;&#70;&nbsp;14.78","Availability":"Out of stock"},"schema":{"@context":"https:\/\/schema.org","@graph":[{"@type":"WebPage","@id":"https:\/\/ecosupplements.ch\/?product=melatonin-tre-gange-styrke-10-mg-60-kapsler","url":"https:\/\/ecosupplements.ch\/?product=melatonin-tre-gange-styrke-10-mg-60-kapsler","name":"Melatonin 10 mg 60 Kapseln \u2013 Swanson | ecosupplements.ch","isPartOf":{"@id":"https:\/\/ecosupplements.ch\/#website"},"primaryImageOfPage":{"@id":"https:\/\/ecosupplements.ch\/?product=melatonin-tre-gange-styrke-10-mg-60-kapsler#primaryimage"},"image":{"@id":"https:\/\/ecosupplements.ch\/?product=melatonin-tre-gange-styrke-10-mg-60-kapsler#primaryimage"},"thumbnailUrl":"https:\/\/ecosupplements.ch\/wp-content\/uploads\/2026\/05\/Melatonin-Tre-Gange-Styrke-10-mg-60-Kapsler.jpg","datePublished":"2026-05-11T14:46:47+00:00","dateModified":"2026-05-13T07:26:45+00:00","description":"Swanson Melatonin 10 mg in veganen Kapseln \u2013 f\u00fcr einen geregelten Schlaf-Wach-Rhythmus. 60 Kapseln, glutenfrei. Jetzt bestellen.","breadcrumb":{"@id":"https:\/\/ecosupplements.ch\/?product=melatonin-tre-gange-styrke-10-mg-60-kapsler#breadcrumb"},"inLanguage":"de-CH","potentialAction":[{"@type":"ReadAction","target":["https:\/\/ecosupplements.ch\/?product=melatonin-tre-gange-styrke-10-mg-60-kapsler"]}]},{"@type":"ImageObject","inLanguage":"de-CH","@id":"https:\/\/ecosupplements.ch\/?product=melatonin-tre-gange-styrke-10-mg-60-kapsler#primaryimage","url":"https:\/\/ecosupplements.ch\/wp-content\/uploads\/2026\/05\/Melatonin-Tre-Gange-Styrke-10-mg-60-Kapsler.jpg","contentUrl":"https:\/\/ecosupplements.ch\/wp-content\/uploads\/2026\/05\/Melatonin-Tre-Gange-Styrke-10-mg-60-Kapsler.jpg","width":650,"height":650,"caption":"Melatonin Tre Gange Styrke 10 mg - 60 Kapsler"},{"@type":"BreadcrumbList","@id":"https:\/\/ecosupplements.ch\/?product=melatonin-tre-gange-styrke-10-mg-60-kapsler#breadcrumb","itemListElement":[{"@type":"ListItem","position":1,"name":"Home","item":"https:\/\/ecosupplements.ch\/"},{"@type":"ListItem","position":2,"name":"Shop","item":"https:\/\/ecosupplements.ch\/?page_id=14"},{"@type":"ListItem","position":3,"name":"Melatonin Tre Gange Styrke 10 mg &#8211; 60 Kapsler"}]},{"@type":"WebSite","@id":"https:\/\/ecosupplements.ch\/#website","url":"https:\/\/ecosupplements.ch\/","name":"Eco Supplements","description":"","potentialAction":[{"@type":"SearchAction","target":{"@type":"EntryPoint","urlTemplate":"https:\/\/ecosupplements.ch\/?s={search_term_string}"},"query-input":{"@type":"PropertyValueSpecification","valueRequired":true,"valueName":"search_term_string"}}],"inLanguage":"de-CH"}]},"product_price_amount":"14.78","product_price_currency":"CHF","og_availability":"out of stock","product_availability":"out of stock","product_retailer_item_id":"087614023052","product_condition":"new"},"_links":{"self":[{"href":"https:\/\/ecosupplements.ch\/index.php?rest_route=\/wp\/v2\/product\/3596","targetHints":{"allow":["GET"]}}],"collection":[{"href":"https:\/\/ecosupplements.ch\/index.php?rest_route=\/wp\/v2\/product"}],"about":[{"href":"https:\/\/ecosupplements.ch\/index.php?rest_route=\/wp\/v2\/types\/product"}],"replies":[{"embeddable":true,"href":"https:\/\/ecosupplements.ch\/index.php?rest_route=%2Fwp%2Fv2%2Fcomments&post=3596"}],"wp:featuredmedia":[{"embeddable":true,"href":"https:\/\/ecosupplements.ch\/index.php?rest_route=\/wp\/v2\/media\/3597"}],"wp:attachment":[{"href":"https:\/\/ecosupplements.ch\/index.php?rest_route=%2Fwp%2Fv2%2Fmedia&parent=3596"}],"wp:term":[{"taxonomy":"product_brand","embeddable":true,"href":"https:\/\/ecosupplements.ch\/index.php?rest_route=%2Fwp%2Fv2%2Fproduct_brand&post=3596"},{"taxonomy":"product_cat","embeddable":true,"href":"https:\/\/ecosupplements.ch\/index.php?rest_route=%2Fwp%2Fv2%2Fproduct_cat&post=3596"},{"taxonomy":"product_tag","embeddable":true,"href":"https:\/\/ecosupplements.ch\/index.php?rest_route=%2Fwp%2Fv2%2Fproduct_tag&post=3596"}],"curies":[{"name":"wp","href":"https:\/\/api.w.org\/{rel}","templated":true}]}}