{"id":3610,"date":"2026-05-11T14:46:56","date_gmt":"2026-05-11T14:46:56","guid":{"rendered":"https:\/\/ecosupplements.ch\/?product=double-wood-supplements-ashwagandha-120-capsules"},"modified":"2026-05-13T07:27:17","modified_gmt":"2026-05-13T07:27:17","slug":"double-wood-supplements-ashwagandha-120-capsules","status":"publish","type":"product","link":"https:\/\/ecosupplements.ch\/?product=double-wood-supplements-ashwagandha-120-capsules","title":{"rendered":"Double Wood Supplements Ashwagandha (120 Capsules)"},"content":{"rendered":"<div class=\"chcg-product-description\">\n<h2 class=\"chcg-heading\">\u00dcber Double Wood Supplements \u2013 Ashwagandha \u2013 120 Kapseln<\/h2>\n<div class=\"chcg-intro\">\n<p>Ashwagandha (Withania somnifera) ist eine der bekanntesten adaptogenen Heilpflanzen der ayurvedischen Tradition und wird seit Jahrhunderten zur Unterst\u00fctzung von Wohlbefinden und innerer Balance gesch\u00e4tzt. Das Ashwagandha-Extrakt von Double Wood Supplements liegt in einem konzentrierten 20:1-Verh\u00e4ltnis vor \u2013 das bedeutet, dass jede Tagesportion (2 Kapseln) 500 mg Extrakt enth\u00e4lt, was 10&#8217;000 mg herk\u00f6mmlichem Ashwagandha-Wurzelpulver entspricht.<\/p>\n<p>Die Formulierung \u00fcberzeugt durch ihre Reinheit: Als Kapselh\u00fclle wird pflanzliches Hypromellose verwendet, und das Produkt enth\u00e4lt keine unn\u00f6tigen Zusatzstoffe. Mit 120 Kapseln pro Packung deckt ein einziges Gebinde einen vollst\u00e4ndigen 60-t\u00e4gigen Versorgungszeitraum ab \u2013 praktisch und wirtschaftlich zugleich.<\/p>\n<p>Das Produkt ist vegan, vegetarisch, glutenfrei sowie frei von Soja und GVO-Zutaten und eignet sich damit f\u00fcr eine Vielzahl von Ern\u00e4hrungsweisen und Lebensstilen.<\/p>\n<\/p><\/div>\n<div class=\"chcg-nutrition\">\n<h3>N\u00e4hrwertangaben<\/h3>\n<table class=\"chcg-nutrition-table\">\n<thead>\n<tr>\n<th>N\u00e4hrstoff<\/th>\n<th>Pro Portion (2 Kapseln)<\/th>\n<\/tr>\n<\/thead>\n<tbody>\n<tr>\n<td>Ashwagandha-Extrakt (Withania somnifera) (20:1)<\/td>\n<td>500 mg \u2020<\/td>\n<\/tr>\n<tr>\n<td>\u2013 \u00c4quivalent zu Ashwagandha-Wurzelpulver<\/td>\n<td>10&#8217;000 mg \u2020<\/td>\n<\/tr>\n<\/tbody>\n<\/table>\n<p class=\"chcg-footnote\">\u2020 Kein festgelegter Tagesreferenzwert vorhanden.<\/p>\n<\/p><\/div>\n<div class=\"chcg-ingredients\">\n<h3>Zutaten<\/h3>\n<p>Ashwagandha-Extrakt (Withania somnifera) 500 mg (20:1-Extrakt, \u00e4quivalent zu 10&#8217;000 mg Wurzelpulver) pro Portion (2 Kapseln). Weitere Zutaten: Hypromellose (Kapsel), Reismehl.<\/p>\n<p class=\"chcg-capsule-shell\">Kapselh\u00fclle: Hypromellose (pflanzliche Kapsel)<\/p>\n<\/p><\/div>\n<div class=\"chcg-dosage\">\n<h3>Verzehrempfehlung<\/h3>\n<p>Als Nahrungserg\u00e4nzungsmittel t\u00e4glich 2 Kapseln einnehmen, mit oder ohne Mahlzeit. Die empfohlene Tagesdosis von 2 Kapseln nicht \u00fcberschreiten.<\/p>\n<\/p><\/div>\n<div class=\"chcg-warnings\">\n<h3>Warnhinweise<\/h3>\n<p>Vor der Einnahme einen Arzt konsultieren. Nicht verwenden bei Schwangerschaft, Stillzeit oder bei Personen unter 18 Jahren. Bei unerw\u00fcnschten Reaktionen die Einnahme sofort abbrechen und einen Arzt aufsuchen. Ausserhalb der Reichweite von Kindern aufbewahren. Dieses Produkt ist ein Nahrungserg\u00e4nzungsmittel und nicht dazu bestimmt, Krankheiten zu diagnostizieren, zu behandeln, zu heilen oder zu verhindern.<\/p>\n<\/p><\/div>\n<div class=\"chcg-allergens\">\n<h3>Allergeninformationen<\/h3>\n<p>Frei von Gluten, GVO und Soja. Keine gr\u00f6sseren Allergene deklariert.<\/p>\n<\/p><\/div>\n<div class=\"chcg-storage\">\n<h3>Lagerung<\/h3>\n<p>An einem k\u00fchlen, dunklen Ort lagern. Nicht einfrieren und nicht Feuchtigkeit oder W\u00e4rme \u00fcber Raumtemperatur aussetzen.<\/p>\n<\/p><\/div>\n<div class=\"chcg-dietary\">\n<h3>Ern\u00e4hrungshinweise<\/h3>\n<ul>\n<li>Vegan<\/li>\n<li>Vegetarisch<\/li>\n<li>Glutenfrei<\/li>\n<li>Laktosefrei<\/li>\n<\/ul><\/div>\n<\/div>\n","protected":false},"excerpt":{"rendered":"<p>Hochkonzentriertes Ashwagandha-Extrakt (20:1) von Double Wood Supplements \u2013 500 mg pro Portion, entsprechend 10&#8217;000 mg Wurzelpulver. 120 vegane Kapseln f\u00fcr 60 Tage Versorgung, glutenfrei und ohne GVO.<\/p>\n","protected":false},"featured_media":3611,"comment_status":"closed","ping_status":"open","template":"","meta":[],"product_brand":[468],"product_cat":[48,25,21],"product_tag":[],"class_list":{"0":"post-3610","1":"product","2":"type-product","3":"status-publish","4":"has-post-thumbnail","6":"product_brand-double-wood-supplements","7":"product_cat-gesunde-ernaehrung","8":"product_cat-gesundheit-und-wohlbefinden","9":"product_cat-vitamine-und-mineralstoffe","11":"first","12":"outofstock","13":"taxable","14":"shipping-taxable","15":"purchasable","16":"product-type-simple"},"yoast_head":"<!-- This site is optimized with the Yoast SEO plugin v27.5 - https:\/\/yoast.com\/product\/yoast-seo-wordpress\/ -->\n<title>Ashwagandha 120 Kapseln \u2013 Double Wood | ecosupplements.ch<\/title>\n<meta name=\"description\" content=\"Ashwagandha 20:1-Extrakt von Double Wood Supplements \u2013 500 mg pro Portion, vegan und glutenfrei, 120 Kapseln. Jetzt bestellen.\" \/>\n<meta name=\"robots\" content=\"index, follow, max-snippet:-1, max-image-preview:large, max-video-preview:-1\" \/>\n<link rel=\"canonical\" href=\"https:\/\/ecosupplements.ch\/?product=double-wood-supplements-ashwagandha-120-capsules\" \/>\n<meta property=\"og:locale\" content=\"de_DE\" \/>\n<meta property=\"og:type\" content=\"article\" \/>\n<meta property=\"og:title\" content=\"Ashwagandha 120 Kapseln \u2013 Double Wood | ecosupplements.ch\" \/>\n<meta property=\"og:description\" content=\"Ashwagandha 20:1-Extrakt von Double Wood Supplements \u2013 500 mg pro Portion, vegan und glutenfrei, 120 Kapseln. Jetzt bestellen.\" \/>\n<meta property=\"og:url\" content=\"https:\/\/ecosupplements.ch\/?product=double-wood-supplements-ashwagandha-120-capsules\" \/>\n<meta property=\"og:site_name\" content=\"Eco Supplements\" \/>\n<meta property=\"article:modified_time\" content=\"2026-05-13T07:27:17+00:00\" \/>\n<meta property=\"og:image\" content=\"https:\/\/ecosupplements.ch\/wp-content\/uploads\/2026\/05\/Double-Wood-Supplements-Ashwagandha-120-Capsules.webp\" \/>\n\t<meta property=\"og:image:width\" content=\"1000\" \/>\n\t<meta property=\"og:image:height\" content=\"1000\" \/>\n\t<meta property=\"og:image:type\" content=\"image\/jpeg\" \/>\n<meta name=\"twitter:card\" content=\"summary_large_image\" \/>\n<meta name=\"twitter:label1\" content=\"Price\" \/>\n\t<meta name=\"twitter:data1\" content=\"&#067;&#072;&#070;&nbsp;18.73\" \/>\n\t<meta name=\"twitter:label2\" content=\"Availability\" \/>\n\t<meta name=\"twitter:data2\" content=\"Out of stock\" \/>\n<script type=\"application\/ld+json\" class=\"yoast-schema-graph\">{\"@context\":\"https:\\\/\\\/schema.org\",\"@graph\":[{\"@type\":\"WebPage\",\"@id\":\"https:\\\/\\\/ecosupplements.ch\\\/?product=double-wood-supplements-ashwagandha-120-capsules\",\"url\":\"https:\\\/\\\/ecosupplements.ch\\\/?product=double-wood-supplements-ashwagandha-120-capsules\",\"name\":\"Ashwagandha 120 Kapseln \u2013 Double Wood | ecosupplements.ch\",\"isPartOf\":{\"@id\":\"https:\\\/\\\/ecosupplements.ch\\\/#website\"},\"primaryImageOfPage\":{\"@id\":\"https:\\\/\\\/ecosupplements.ch\\\/?product=double-wood-supplements-ashwagandha-120-capsules#primaryimage\"},\"image\":{\"@id\":\"https:\\\/\\\/ecosupplements.ch\\\/?product=double-wood-supplements-ashwagandha-120-capsules#primaryimage\"},\"thumbnailUrl\":\"https:\\\/\\\/ecosupplements.ch\\\/wp-content\\\/uploads\\\/2026\\\/05\\\/Double-Wood-Supplements-Ashwagandha-120-Capsules.webp\",\"datePublished\":\"2026-05-11T14:46:56+00:00\",\"dateModified\":\"2026-05-13T07:27:17+00:00\",\"description\":\"Ashwagandha 20:1-Extrakt von Double Wood Supplements \u2013 500 mg pro Portion, vegan und glutenfrei, 120 Kapseln. Jetzt bestellen.\",\"breadcrumb\":{\"@id\":\"https:\\\/\\\/ecosupplements.ch\\\/?product=double-wood-supplements-ashwagandha-120-capsules#breadcrumb\"},\"inLanguage\":\"de-CH\",\"potentialAction\":[{\"@type\":\"ReadAction\",\"target\":[\"https:\\\/\\\/ecosupplements.ch\\\/?product=double-wood-supplements-ashwagandha-120-capsules\"]}]},{\"@type\":\"ImageObject\",\"inLanguage\":\"de-CH\",\"@id\":\"https:\\\/\\\/ecosupplements.ch\\\/?product=double-wood-supplements-ashwagandha-120-capsules#primaryimage\",\"url\":\"https:\\\/\\\/ecosupplements.ch\\\/wp-content\\\/uploads\\\/2026\\\/05\\\/Double-Wood-Supplements-Ashwagandha-120-Capsules.webp\",\"contentUrl\":\"https:\\\/\\\/ecosupplements.ch\\\/wp-content\\\/uploads\\\/2026\\\/05\\\/Double-Wood-Supplements-Ashwagandha-120-Capsules.webp\",\"width\":1000,\"height\":1000,\"caption\":\"Double Wood Supplements Ashwagandha (120 Capsules)\"},{\"@type\":\"BreadcrumbList\",\"@id\":\"https:\\\/\\\/ecosupplements.ch\\\/?product=double-wood-supplements-ashwagandha-120-capsules#breadcrumb\",\"itemListElement\":[{\"@type\":\"ListItem\",\"position\":1,\"name\":\"Home\",\"item\":\"https:\\\/\\\/ecosupplements.ch\\\/\"},{\"@type\":\"ListItem\",\"position\":2,\"name\":\"Shop\",\"item\":\"https:\\\/\\\/ecosupplements.ch\\\/?page_id=14\"},{\"@type\":\"ListItem\",\"position\":3,\"name\":\"Double Wood Supplements Ashwagandha (120 Capsules)\"}]},{\"@type\":\"WebSite\",\"@id\":\"https:\\\/\\\/ecosupplements.ch\\\/#website\",\"url\":\"https:\\\/\\\/ecosupplements.ch\\\/\",\"name\":\"Eco Supplements\",\"description\":\"\",\"potentialAction\":[{\"@type\":\"SearchAction\",\"target\":{\"@type\":\"EntryPoint\",\"urlTemplate\":\"https:\\\/\\\/ecosupplements.ch\\\/?s={search_term_string}\"},\"query-input\":{\"@type\":\"PropertyValueSpecification\",\"valueRequired\":true,\"valueName\":\"search_term_string\"}}],\"inLanguage\":\"de-CH\"}]}<\/script>\n<meta property=\"product:price:amount\" content=\"18.73\" \/>\n<meta property=\"product:price:currency\" content=\"CHF\" \/>\n<meta property=\"og:availability\" content=\"out of stock\" \/>\n<meta property=\"product:availability\" content=\"out of stock\" \/>\n<meta property=\"product:retailer_item_id\" content=\"X003Z0WDDZ\" \/>\n<meta property=\"product:condition\" content=\"new\" \/>\n<!-- \/ Yoast SEO plugin. -->","yoast_head_json":{"title":"Ashwagandha 120 Kapseln \u2013 Double Wood | ecosupplements.ch","description":"Ashwagandha 20:1-Extrakt von Double Wood Supplements \u2013 500 mg pro Portion, vegan und glutenfrei, 120 Kapseln. Jetzt bestellen.","robots":{"index":"index","follow":"follow","max-snippet":"max-snippet:-1","max-image-preview":"max-image-preview:large","max-video-preview":"max-video-preview:-1"},"canonical":"https:\/\/ecosupplements.ch\/?product=double-wood-supplements-ashwagandha-120-capsules","og_locale":"de_DE","og_type":"article","og_title":"Ashwagandha 120 Kapseln \u2013 Double Wood | ecosupplements.ch","og_description":"Ashwagandha 20:1-Extrakt von Double Wood Supplements \u2013 500 mg pro Portion, vegan und glutenfrei, 120 Kapseln. Jetzt bestellen.","og_url":"https:\/\/ecosupplements.ch\/?product=double-wood-supplements-ashwagandha-120-capsules","og_site_name":"Eco Supplements","article_modified_time":"2026-05-13T07:27:17+00:00","og_image":[{"width":1000,"height":1000,"url":"https:\/\/ecosupplements.ch\/wp-content\/uploads\/2026\/05\/Double-Wood-Supplements-Ashwagandha-120-Capsules.webp","type":"image\/jpeg"}],"twitter_card":"summary_large_image","twitter_misc":{"Price":"&#67;&#72;&#70;&nbsp;18.73","Availability":"Out of stock"},"schema":{"@context":"https:\/\/schema.org","@graph":[{"@type":"WebPage","@id":"https:\/\/ecosupplements.ch\/?product=double-wood-supplements-ashwagandha-120-capsules","url":"https:\/\/ecosupplements.ch\/?product=double-wood-supplements-ashwagandha-120-capsules","name":"Ashwagandha 120 Kapseln \u2013 Double Wood | ecosupplements.ch","isPartOf":{"@id":"https:\/\/ecosupplements.ch\/#website"},"primaryImageOfPage":{"@id":"https:\/\/ecosupplements.ch\/?product=double-wood-supplements-ashwagandha-120-capsules#primaryimage"},"image":{"@id":"https:\/\/ecosupplements.ch\/?product=double-wood-supplements-ashwagandha-120-capsules#primaryimage"},"thumbnailUrl":"https:\/\/ecosupplements.ch\/wp-content\/uploads\/2026\/05\/Double-Wood-Supplements-Ashwagandha-120-Capsules.webp","datePublished":"2026-05-11T14:46:56+00:00","dateModified":"2026-05-13T07:27:17+00:00","description":"Ashwagandha 20:1-Extrakt von Double Wood Supplements \u2013 500 mg pro Portion, vegan und glutenfrei, 120 Kapseln. Jetzt bestellen.","breadcrumb":{"@id":"https:\/\/ecosupplements.ch\/?product=double-wood-supplements-ashwagandha-120-capsules#breadcrumb"},"inLanguage":"de-CH","potentialAction":[{"@type":"ReadAction","target":["https:\/\/ecosupplements.ch\/?product=double-wood-supplements-ashwagandha-120-capsules"]}]},{"@type":"ImageObject","inLanguage":"de-CH","@id":"https:\/\/ecosupplements.ch\/?product=double-wood-supplements-ashwagandha-120-capsules#primaryimage","url":"https:\/\/ecosupplements.ch\/wp-content\/uploads\/2026\/05\/Double-Wood-Supplements-Ashwagandha-120-Capsules.webp","contentUrl":"https:\/\/ecosupplements.ch\/wp-content\/uploads\/2026\/05\/Double-Wood-Supplements-Ashwagandha-120-Capsules.webp","width":1000,"height":1000,"caption":"Double Wood Supplements Ashwagandha (120 Capsules)"},{"@type":"BreadcrumbList","@id":"https:\/\/ecosupplements.ch\/?product=double-wood-supplements-ashwagandha-120-capsules#breadcrumb","itemListElement":[{"@type":"ListItem","position":1,"name":"Home","item":"https:\/\/ecosupplements.ch\/"},{"@type":"ListItem","position":2,"name":"Shop","item":"https:\/\/ecosupplements.ch\/?page_id=14"},{"@type":"ListItem","position":3,"name":"Double Wood Supplements Ashwagandha (120 Capsules)"}]},{"@type":"WebSite","@id":"https:\/\/ecosupplements.ch\/#website","url":"https:\/\/ecosupplements.ch\/","name":"Eco Supplements","description":"","potentialAction":[{"@type":"SearchAction","target":{"@type":"EntryPoint","urlTemplate":"https:\/\/ecosupplements.ch\/?s={search_term_string}"},"query-input":{"@type":"PropertyValueSpecification","valueRequired":true,"valueName":"search_term_string"}}],"inLanguage":"de-CH"}]},"product_price_amount":"18.73","product_price_currency":"CHF","og_availability":"out of stock","product_availability":"out of stock","product_retailer_item_id":"X003Z0WDDZ","product_condition":"new"},"_links":{"self":[{"href":"https:\/\/ecosupplements.ch\/index.php?rest_route=\/wp\/v2\/product\/3610","targetHints":{"allow":["GET"]}}],"collection":[{"href":"https:\/\/ecosupplements.ch\/index.php?rest_route=\/wp\/v2\/product"}],"about":[{"href":"https:\/\/ecosupplements.ch\/index.php?rest_route=\/wp\/v2\/types\/product"}],"replies":[{"embeddable":true,"href":"https:\/\/ecosupplements.ch\/index.php?rest_route=%2Fwp%2Fv2%2Fcomments&post=3610"}],"wp:featuredmedia":[{"embeddable":true,"href":"https:\/\/ecosupplements.ch\/index.php?rest_route=\/wp\/v2\/media\/3611"}],"wp:attachment":[{"href":"https:\/\/ecosupplements.ch\/index.php?rest_route=%2Fwp%2Fv2%2Fmedia&parent=3610"}],"wp:term":[{"taxonomy":"product_brand","embeddable":true,"href":"https:\/\/ecosupplements.ch\/index.php?rest_route=%2Fwp%2Fv2%2Fproduct_brand&post=3610"},{"taxonomy":"product_cat","embeddable":true,"href":"https:\/\/ecosupplements.ch\/index.php?rest_route=%2Fwp%2Fv2%2Fproduct_cat&post=3610"},{"taxonomy":"product_tag","embeddable":true,"href":"https:\/\/ecosupplements.ch\/index.php?rest_route=%2Fwp%2Fv2%2Fproduct_tag&post=3610"}],"curies":[{"name":"wp","href":"https:\/\/api.w.org\/{rel}","templated":true}]}}