{"id":3637,"date":"2026-05-11T14:52:20","date_gmt":"2026-05-11T14:52:20","guid":{"rendered":"https:\/\/ecosupplements.ch\/?product=double-wood-supplements-hmb-120-capsules"},"modified":"2026-05-13T07:27:18","modified_gmt":"2026-05-13T07:27:18","slug":"double-wood-supplements-hmb-120-capsules","status":"publish","type":"product","link":"https:\/\/ecosupplements.ch\/?product=double-wood-supplements-hmb-120-capsules","title":{"rendered":"Double Wood Supplements HMB (120 Capsules)"},"content":{"rendered":"<div class=\"chcg-product-description\">\n<h2 class=\"chcg-heading\">\u00dcber Double Wood Supplements \u2013 HMB (120 Kapseln)<\/h2>\n<div class=\"chcg-intro\">\n<p>HMB (B-Hydroxy B-Methylbutyrat) ist ein nat\u00fcrlich vorkommendes Stoffwechselprodukt der Aminos\u00e4ure Leucin und wird insbesondere von Kraft- und Ausdauersportlern gesch\u00e4tzt. Double Wood Supplements liefert HMB in einer klar dosierten Kapselform: 500 mg pro Kapsel, 1&#8217;000 mg pro Tagesration \u2013 ohne unn\u00f6tige Zusatzstoffe.<\/p>\n<p>HMB unterst\u00fctzt den Erhalt von Muskelmasse in Phasen mit reduzierter Kalorienzufuhr und kann in Kombination mit einem Krafttraining und einem Kalorien\u00fcberschuss zur Muskelentwicklung beitragen. Die Kapseln lassen sich unkompliziert in den Trainingsalltag integrieren und eignen sich sowohl f\u00fcr regelm\u00e4ssige Sportler als auch f\u00fcr Personen, die gezielt ihre K\u00f6rperzusammensetzung optimieren m\u00f6chten.<\/p>\n<p>Das Produkt ist glutenfrei und sojafreie, enth\u00e4lt keine k\u00fcnstlichen F\u00fcllstoffe und wird von Double Wood Supplements nach strengen Qualit\u00e4tsstandards hergestellt. Jede Packung enth\u00e4lt 120 Kapseln \u2013 ausreichend f\u00fcr 60 Portionen.<\/p>\n<\/p><\/div>\n<div class=\"chcg-nutrition\">\n<h3>N\u00e4hrwertangaben<\/h3>\n<table class=\"chcg-nutrition-table\">\n<thead>\n<tr>\n<th>N\u00e4hrstoff<\/th>\n<th>Pro Portion (2 Kapseln)<\/th>\n<\/tr>\n<\/thead>\n<tbody>\n<tr>\n<td>HMB (B-Hydroxy B-Methylbutyrat)<\/td>\n<td>1&#8217;000 mg*<\/td>\n<\/tr>\n<\/tbody>\n<\/table>\n<p class=\"chcg-footnote\">* Kein festgelegter Tagesbedarf (Tagesreferenzwert nicht etabliert).<\/p>\n<p class=\"chcg-footnote\">Portionsgr\u00f6sse: 2 Kapseln. Portionen pro Packung: 60.<\/p>\n<\/p><\/div>\n<div class=\"chcg-ingredients\">\n<h3>Zutaten<\/h3>\n<p>Aktive Zutaten: HMB (B-Hydroxy B-Methylbutyrat) 1&#8217;000 mg pro Portion. Sonstige Zutaten: Gelatine (Kapselh\u00fclle), Reismehl, mikrokristalline Cellulose, Siliziumdioxid.<\/p>\n<p class=\"chcg-capsule-shell\">Kapselh\u00fclle: Gelatine<\/p>\n<\/p><\/div>\n<div class=\"chcg-dosage\">\n<h3>Verzehrempfehlung<\/h3>\n<p>Nehmen Sie t\u00e4glich zwei 500-mg-Kapseln (1&#8217;000 mg) ein, w\u00e4hrend Sie an einem Krafttrainingsprogramm teilnehmen \u2013 zur Unterst\u00fctzung des Muskelaufbaus bei Kalorien\u00fcberschuss bzw. zum Erhalt der Muskelmasse bei Kaloriendefizit. HMB entfaltet seine Wirkung am besten, wenn es 30 Minuten vor dem Training eingenommen wird. Zur Reduktion von Muskelverlust in einer Phase mit Kaloriendefizit k\u00f6nnen t\u00e4glich 2\u20134 Kapseln eingenommen werden. Nehmen Sie nicht mehr als 6 Kapseln pro Tag ein.<\/p>\n<\/p><\/div>\n<div class=\"chcg-warnings\">\n<h3>Warnhinweise<\/h3>\n<p>Konsultieren Sie vor der Einnahme dieses Produkts Ihren Arzt. Nehmen Sie nicht mehr als 6 Kapseln pro Tag ein. Nehmen Sie dieses Produkt nicht ein, wenn Sie schwanger sind, stillen oder andere Medikamente einnehmen. Setzen Sie die Einnahme sofort ab und konsultieren Sie umgehend Ihren Arzt, wenn unerw\u00fcnschte Reaktionen auftreten. Bedienen Sie keine schweren Maschinen nach der Einnahme von HMB, solange Sie nicht wissen, wie das Produkt auf Sie wirkt. Ausserhalb der Reichweite von Kindern aufbewahren.<\/p>\n<\/p><\/div>\n<div class=\"chcg-allergens\">\n<h3>Allergeninformationen<\/h3>\n<p>Keine Allergene deklariert. Gem\u00e4ss Herstellerangaben ist das Produkt sojafrei und glutenfrei.<\/p>\n<\/p><\/div>\n<div class=\"chcg-storage\">\n<h3>Lagerung<\/h3>\n<p>An einem k\u00fchlen, dunklen Ort aufbewahren. Nicht einfrieren und nicht Feuchtigkeit oder W\u00e4rme \u00fcber Raumtemperatur aussetzen.<\/p>\n<\/p><\/div>\n<div class=\"chcg-dietary\">\n<h3>Ern\u00e4hrungshinweise<\/h3>\n<ul>\n<li>Glutenfrei<\/li>\n<\/ul><\/div>\n<\/div>\n","protected":false},"excerpt":{"rendered":"<p>HMB (B-Hydroxy B-Methylbutyrat) von Double Wood Supplements unterst\u00fctzt den Muskelerhalt und -aufbau im Training. Erh\u00e4ltlich als 120 Gelatine-Kapseln \u00e0 500 mg \u2013 60 Portionen pro Packung. Glutenfrei und sojafreie.<\/p>\n","protected":false},"featured_media":3638,"comment_status":"closed","ping_status":"open","template":"","meta":[],"product_brand":[468],"product_cat":[48,25,21],"product_tag":[],"class_list":{"0":"post-3637","1":"product","2":"type-product","3":"status-publish","4":"has-post-thumbnail","6":"product_brand-double-wood-supplements","7":"product_cat-gesunde-ernaehrung","8":"product_cat-gesundheit-und-wohlbefinden","9":"product_cat-vitamine-und-mineralstoffe","11":"first","12":"outofstock","13":"taxable","14":"shipping-taxable","15":"purchasable","16":"product-type-simple"},"yoast_head":"<!-- This site is optimized with the Yoast SEO plugin v27.5 - https:\/\/yoast.com\/product\/yoast-seo-wordpress\/ -->\n<title>HMB 120 Kapseln \u2013 Double Wood Supplements | ecosupplements.ch<\/title>\n<meta name=\"description\" content=\"HMB 1&#039;000 mg pro Portion \u2013 unterst\u00fctzt Muskelerhalt und -aufbau beim Krafttraining. 120 Kapseln, glutenfrei. Jetzt bestellen.\" \/>\n<meta name=\"robots\" content=\"index, follow, max-snippet:-1, max-image-preview:large, max-video-preview:-1\" \/>\n<link rel=\"canonical\" href=\"https:\/\/ecosupplements.ch\/?product=double-wood-supplements-hmb-120-capsules\" \/>\n<meta property=\"og:locale\" content=\"de_DE\" \/>\n<meta property=\"og:type\" content=\"article\" \/>\n<meta property=\"og:title\" content=\"HMB 120 Kapseln \u2013 Double Wood Supplements | ecosupplements.ch\" \/>\n<meta property=\"og:description\" content=\"HMB 1&#039;000 mg pro Portion \u2013 unterst\u00fctzt Muskelerhalt und -aufbau beim Krafttraining. 120 Kapseln, glutenfrei. Jetzt bestellen.\" \/>\n<meta property=\"og:url\" content=\"https:\/\/ecosupplements.ch\/?product=double-wood-supplements-hmb-120-capsules\" \/>\n<meta property=\"og:site_name\" content=\"Eco Supplements\" \/>\n<meta property=\"article:modified_time\" content=\"2026-05-13T07:27:18+00:00\" \/>\n<meta property=\"og:image\" content=\"https:\/\/ecosupplements.ch\/wp-content\/uploads\/2026\/05\/Double-Wood-Supplements-HMB-120-Capsules.webp\" \/>\n\t<meta property=\"og:image:width\" content=\"1000\" \/>\n\t<meta property=\"og:image:height\" content=\"1000\" \/>\n\t<meta property=\"og:image:type\" content=\"image\/jpeg\" \/>\n<meta name=\"twitter:card\" content=\"summary_large_image\" \/>\n<meta name=\"twitter:label1\" content=\"Price\" \/>\n\t<meta name=\"twitter:data1\" content=\"&#067;&#072;&#070;&nbsp;25.69\" \/>\n\t<meta name=\"twitter:label2\" content=\"Availability\" \/>\n\t<meta name=\"twitter:data2\" content=\"Out of stock\" \/>\n<script type=\"application\/ld+json\" class=\"yoast-schema-graph\">{\"@context\":\"https:\\\/\\\/schema.org\",\"@graph\":[{\"@type\":\"WebPage\",\"@id\":\"https:\\\/\\\/ecosupplements.ch\\\/?product=double-wood-supplements-hmb-120-capsules\",\"url\":\"https:\\\/\\\/ecosupplements.ch\\\/?product=double-wood-supplements-hmb-120-capsules\",\"name\":\"HMB 120 Kapseln \u2013 Double Wood Supplements | ecosupplements.ch\",\"isPartOf\":{\"@id\":\"https:\\\/\\\/ecosupplements.ch\\\/#website\"},\"primaryImageOfPage\":{\"@id\":\"https:\\\/\\\/ecosupplements.ch\\\/?product=double-wood-supplements-hmb-120-capsules#primaryimage\"},\"image\":{\"@id\":\"https:\\\/\\\/ecosupplements.ch\\\/?product=double-wood-supplements-hmb-120-capsules#primaryimage\"},\"thumbnailUrl\":\"https:\\\/\\\/ecosupplements.ch\\\/wp-content\\\/uploads\\\/2026\\\/05\\\/Double-Wood-Supplements-HMB-120-Capsules.webp\",\"datePublished\":\"2026-05-11T14:52:20+00:00\",\"dateModified\":\"2026-05-13T07:27:18+00:00\",\"description\":\"HMB 1'000 mg pro Portion \u2013 unterst\u00fctzt Muskelerhalt und -aufbau beim Krafttraining. 120 Kapseln, glutenfrei. Jetzt bestellen.\",\"breadcrumb\":{\"@id\":\"https:\\\/\\\/ecosupplements.ch\\\/?product=double-wood-supplements-hmb-120-capsules#breadcrumb\"},\"inLanguage\":\"de-CH\",\"potentialAction\":[{\"@type\":\"ReadAction\",\"target\":[\"https:\\\/\\\/ecosupplements.ch\\\/?product=double-wood-supplements-hmb-120-capsules\"]}]},{\"@type\":\"ImageObject\",\"inLanguage\":\"de-CH\",\"@id\":\"https:\\\/\\\/ecosupplements.ch\\\/?product=double-wood-supplements-hmb-120-capsules#primaryimage\",\"url\":\"https:\\\/\\\/ecosupplements.ch\\\/wp-content\\\/uploads\\\/2026\\\/05\\\/Double-Wood-Supplements-HMB-120-Capsules.webp\",\"contentUrl\":\"https:\\\/\\\/ecosupplements.ch\\\/wp-content\\\/uploads\\\/2026\\\/05\\\/Double-Wood-Supplements-HMB-120-Capsules.webp\",\"width\":1000,\"height\":1000,\"caption\":\"Double Wood Supplements HMB (120 Capsules)\"},{\"@type\":\"BreadcrumbList\",\"@id\":\"https:\\\/\\\/ecosupplements.ch\\\/?product=double-wood-supplements-hmb-120-capsules#breadcrumb\",\"itemListElement\":[{\"@type\":\"ListItem\",\"position\":1,\"name\":\"Home\",\"item\":\"https:\\\/\\\/ecosupplements.ch\\\/\"},{\"@type\":\"ListItem\",\"position\":2,\"name\":\"Shop\",\"item\":\"https:\\\/\\\/ecosupplements.ch\\\/?page_id=14\"},{\"@type\":\"ListItem\",\"position\":3,\"name\":\"Double Wood Supplements HMB (120 Capsules)\"}]},{\"@type\":\"WebSite\",\"@id\":\"https:\\\/\\\/ecosupplements.ch\\\/#website\",\"url\":\"https:\\\/\\\/ecosupplements.ch\\\/\",\"name\":\"Eco Supplements\",\"description\":\"\",\"potentialAction\":[{\"@type\":\"SearchAction\",\"target\":{\"@type\":\"EntryPoint\",\"urlTemplate\":\"https:\\\/\\\/ecosupplements.ch\\\/?s={search_term_string}\"},\"query-input\":{\"@type\":\"PropertyValueSpecification\",\"valueRequired\":true,\"valueName\":\"search_term_string\"}}],\"inLanguage\":\"de-CH\"}]}<\/script>\n<meta property=\"product:price:amount\" content=\"25.69\" \/>\n<meta property=\"product:price:currency\" content=\"CHF\" \/>\n<meta property=\"og:availability\" content=\"out of stock\" \/>\n<meta property=\"product:availability\" content=\"out of stock\" \/>\n<meta property=\"product:retailer_item_id\" content=\"X000YIN8DZ\" \/>\n<meta property=\"product:condition\" content=\"new\" \/>\n<!-- \/ Yoast SEO plugin. -->","yoast_head_json":{"title":"HMB 120 Kapseln \u2013 Double Wood Supplements | ecosupplements.ch","description":"HMB 1'000 mg pro Portion \u2013 unterst\u00fctzt Muskelerhalt und -aufbau beim Krafttraining. 120 Kapseln, glutenfrei. Jetzt bestellen.","robots":{"index":"index","follow":"follow","max-snippet":"max-snippet:-1","max-image-preview":"max-image-preview:large","max-video-preview":"max-video-preview:-1"},"canonical":"https:\/\/ecosupplements.ch\/?product=double-wood-supplements-hmb-120-capsules","og_locale":"de_DE","og_type":"article","og_title":"HMB 120 Kapseln \u2013 Double Wood Supplements | ecosupplements.ch","og_description":"HMB 1'000 mg pro Portion \u2013 unterst\u00fctzt Muskelerhalt und -aufbau beim Krafttraining. 120 Kapseln, glutenfrei. Jetzt bestellen.","og_url":"https:\/\/ecosupplements.ch\/?product=double-wood-supplements-hmb-120-capsules","og_site_name":"Eco Supplements","article_modified_time":"2026-05-13T07:27:18+00:00","og_image":[{"width":1000,"height":1000,"url":"https:\/\/ecosupplements.ch\/wp-content\/uploads\/2026\/05\/Double-Wood-Supplements-HMB-120-Capsules.webp","type":"image\/jpeg"}],"twitter_card":"summary_large_image","twitter_misc":{"Price":"&#67;&#72;&#70;&nbsp;25.69","Availability":"Out of stock"},"schema":{"@context":"https:\/\/schema.org","@graph":[{"@type":"WebPage","@id":"https:\/\/ecosupplements.ch\/?product=double-wood-supplements-hmb-120-capsules","url":"https:\/\/ecosupplements.ch\/?product=double-wood-supplements-hmb-120-capsules","name":"HMB 120 Kapseln \u2013 Double Wood Supplements | ecosupplements.ch","isPartOf":{"@id":"https:\/\/ecosupplements.ch\/#website"},"primaryImageOfPage":{"@id":"https:\/\/ecosupplements.ch\/?product=double-wood-supplements-hmb-120-capsules#primaryimage"},"image":{"@id":"https:\/\/ecosupplements.ch\/?product=double-wood-supplements-hmb-120-capsules#primaryimage"},"thumbnailUrl":"https:\/\/ecosupplements.ch\/wp-content\/uploads\/2026\/05\/Double-Wood-Supplements-HMB-120-Capsules.webp","datePublished":"2026-05-11T14:52:20+00:00","dateModified":"2026-05-13T07:27:18+00:00","description":"HMB 1'000 mg pro Portion \u2013 unterst\u00fctzt Muskelerhalt und -aufbau beim Krafttraining. 120 Kapseln, glutenfrei. Jetzt bestellen.","breadcrumb":{"@id":"https:\/\/ecosupplements.ch\/?product=double-wood-supplements-hmb-120-capsules#breadcrumb"},"inLanguage":"de-CH","potentialAction":[{"@type":"ReadAction","target":["https:\/\/ecosupplements.ch\/?product=double-wood-supplements-hmb-120-capsules"]}]},{"@type":"ImageObject","inLanguage":"de-CH","@id":"https:\/\/ecosupplements.ch\/?product=double-wood-supplements-hmb-120-capsules#primaryimage","url":"https:\/\/ecosupplements.ch\/wp-content\/uploads\/2026\/05\/Double-Wood-Supplements-HMB-120-Capsules.webp","contentUrl":"https:\/\/ecosupplements.ch\/wp-content\/uploads\/2026\/05\/Double-Wood-Supplements-HMB-120-Capsules.webp","width":1000,"height":1000,"caption":"Double Wood Supplements HMB (120 Capsules)"},{"@type":"BreadcrumbList","@id":"https:\/\/ecosupplements.ch\/?product=double-wood-supplements-hmb-120-capsules#breadcrumb","itemListElement":[{"@type":"ListItem","position":1,"name":"Home","item":"https:\/\/ecosupplements.ch\/"},{"@type":"ListItem","position":2,"name":"Shop","item":"https:\/\/ecosupplements.ch\/?page_id=14"},{"@type":"ListItem","position":3,"name":"Double Wood Supplements HMB (120 Capsules)"}]},{"@type":"WebSite","@id":"https:\/\/ecosupplements.ch\/#website","url":"https:\/\/ecosupplements.ch\/","name":"Eco Supplements","description":"","potentialAction":[{"@type":"SearchAction","target":{"@type":"EntryPoint","urlTemplate":"https:\/\/ecosupplements.ch\/?s={search_term_string}"},"query-input":{"@type":"PropertyValueSpecification","valueRequired":true,"valueName":"search_term_string"}}],"inLanguage":"de-CH"}]},"product_price_amount":"25.69","product_price_currency":"CHF","og_availability":"out of stock","product_availability":"out of stock","product_retailer_item_id":"X000YIN8DZ","product_condition":"new"},"_links":{"self":[{"href":"https:\/\/ecosupplements.ch\/index.php?rest_route=\/wp\/v2\/product\/3637","targetHints":{"allow":["GET"]}}],"collection":[{"href":"https:\/\/ecosupplements.ch\/index.php?rest_route=\/wp\/v2\/product"}],"about":[{"href":"https:\/\/ecosupplements.ch\/index.php?rest_route=\/wp\/v2\/types\/product"}],"replies":[{"embeddable":true,"href":"https:\/\/ecosupplements.ch\/index.php?rest_route=%2Fwp%2Fv2%2Fcomments&post=3637"}],"wp:featuredmedia":[{"embeddable":true,"href":"https:\/\/ecosupplements.ch\/index.php?rest_route=\/wp\/v2\/media\/3638"}],"wp:attachment":[{"href":"https:\/\/ecosupplements.ch\/index.php?rest_route=%2Fwp%2Fv2%2Fmedia&parent=3637"}],"wp:term":[{"taxonomy":"product_brand","embeddable":true,"href":"https:\/\/ecosupplements.ch\/index.php?rest_route=%2Fwp%2Fv2%2Fproduct_brand&post=3637"},{"taxonomy":"product_cat","embeddable":true,"href":"https:\/\/ecosupplements.ch\/index.php?rest_route=%2Fwp%2Fv2%2Fproduct_cat&post=3637"},{"taxonomy":"product_tag","embeddable":true,"href":"https:\/\/ecosupplements.ch\/index.php?rest_route=%2Fwp%2Fv2%2Fproduct_tag&post=3637"}],"curies":[{"name":"wp","href":"https:\/\/api.w.org\/{rel}","templated":true}]}}