{"id":3652,"date":"2026-05-11T14:52:27","date_gmt":"2026-05-11T14:52:27","guid":{"rendered":"https:\/\/ecosupplements.ch\/?product=double-wood-supplements-magnesium-complex-180-capsules"},"modified":"2026-05-13T07:27:18","modified_gmt":"2026-05-13T07:27:18","slug":"double-wood-supplements-magnesium-complex-180-capsules","status":"publish","type":"product","link":"https:\/\/ecosupplements.ch\/?product=double-wood-supplements-magnesium-complex-180-capsules","title":{"rendered":"Double Wood Supplements Magnesium Complex (180 Capsules)"},"content":{"rendered":"<div class=\"chcg-product-description\">\n<h2 class=\"chcg-heading\">\u00dcber Double Wood Supplements \u2013 Magnesium Complex (180 Kapseln)<\/h2>\n<div class=\"chcg-intro\">\n<p>Der Magnesium Complex von Double Wood Supplements vereint gleich acht verschiedene Magnesiumformen in einer einzigen Formel \u2013 der firmeneigenen MAG-8-Mischung. Diese Kombination aus Magnesium Citrat, Bisglycinate, Taurate, Oxid, Malat, L-Aspartat, Orotat und Ascorbat bietet ein breites Spektrum an Magnesiumverbindungen in einer praktischen Kapselform.<\/p>\n<p>Magnesium tr\u00e4gt zur Verringerung von M\u00fcdigkeit und Ersch\u00f6pfung bei, unterst\u00fctzt eine normale Muskelfunktion sowie die Funktion des Nervensystems und leistet einen Beitrag zum normalen Energiestoffwechsel. Mit 426 mg Magnesium pro Tagesdosis (101 % des Tagesbedarfs) ist dieses Produkt eine ergiebige Quelle dieses essenziellen Minerals.<\/p>\n<p>Das Produkt ist vegan, glutenfrei und frei von Soja, gentechnisch ver\u00e4nderten Organismen sowie tierischen Inhaltsstoffen \u2013 damit eignet es sich f\u00fcr eine Vielzahl von Ern\u00e4hrungsweisen. Die Packung mit 180 Kapseln entspricht einem Vorrat von 60 Tagesdosen.<\/p>\n<\/p><\/div>\n<div class=\"chcg-nutrition\">\n<h3>N\u00e4hrwertangaben<\/h3>\n<table class=\"chcg-nutrition-table\">\n<thead>\n<tr>\n<th>N\u00e4hrstoff<\/th>\n<th>Pro Portion (3 Kapseln)<\/th>\n<\/tr>\n<\/thead>\n<tbody>\n<tr>\n<td>Magnesium<\/td>\n<td>426 mg (101 % des Tagesbedarfs)<\/td>\n<\/tr>\n<tr>\n<td>MAG-8 Proprietary Blend (8-fach Magnesiummischung)<\/td>\n<td>2&#8217;300 mg *<\/td>\n<\/tr>\n<tr>\n<td>\u2013 Magnesium Citrate<\/td>\n<td>\u2013<\/td>\n<\/tr>\n<tr>\n<td>\u2013 Magnesium Bisglycinate<\/td>\n<td>\u2013<\/td>\n<\/tr>\n<tr>\n<td>\u2013 Magnesium Taurate<\/td>\n<td>\u2013<\/td>\n<\/tr>\n<tr>\n<td>\u2013 Magnesium Oxide<\/td>\n<td>\u2013<\/td>\n<\/tr>\n<tr>\n<td>\u2013 Magnesium Malate<\/td>\n<td>\u2013<\/td>\n<\/tr>\n<tr>\n<td>\u2013 Magnesium L-Aspartate<\/td>\n<td>\u2013<\/td>\n<\/tr>\n<tr>\n<td>\u2013 Magnesium Orotate<\/td>\n<td>\u2013<\/td>\n<\/tr>\n<tr>\n<td>\u2013 Magnesium Ascorbate<\/td>\n<td>\u2013<\/td>\n<\/tr>\n<\/tbody>\n<\/table>\n<p class=\"chcg-footnote\">* Kein festgelegter Tagesbedarf.<\/p>\n<\/p><\/div>\n<div class=\"chcg-ingredients\">\n<h3>Zutaten<\/h3>\n<p>MAG-8 Proprietary Blend 2&#8217;300 mg: Magnesium Citrate, Magnesium Bisglycinate, Magnesium Taurate, Magnesium Oxide, Magnesium Malate, Magnesium L-Aspartate, Magnesium Orotate, Magnesium Ascorbate. Sonstige Zutaten: mikrokristalline Zellulose, pflanzliches Stearat, Siliziumdioxid.<\/p>\n<p class=\"chcg-capsule-shell\">Kapselh\u00fclle: Hydroxypropylmethylcellulose (Hypromellose)<\/p>\n<\/p><\/div>\n<div class=\"chcg-dosage\">\n<h3>Verzehrempfehlung<\/h3>\n<p>Als Nahrungserg\u00e4nzungsmittel t\u00e4glich 3 Kapseln auf n\u00fcchternen Magen einnehmen. Nicht mehr als 3 Kapseln pro Tag konsumieren.<\/p>\n<\/p><\/div>\n<div class=\"chcg-warnings\">\n<h3>Warnhinweise<\/h3>\n<p>Vor der Anwendung einen Arzt konsultieren, wenn Sie Medikamente einnehmen, schwanger sind, stillen oder unter 18 Jahre alt sind. Bei unerw\u00fcnschten Reaktionen die Einnahme sofort abbrechen und einen Arzt aufsuchen. MAG-8 nicht einnehmen und keine schweren Maschinen bedienen, solange nicht bekannt ist, wie das Produkt auf Sie wirkt. Ausserhalb der Reichweite von Kindern aufbewahren.<\/p>\n<\/p><\/div>\n<div class=\"chcg-allergens\">\n<h3>Allergeninformationen<\/h3>\n<p>Frei von Soja, Gluten, gentechnisch ver\u00e4nderten Organismen (GVO) und tierischen Inhaltsstoffen.<\/p>\n<\/p><\/div>\n<div class=\"chcg-storage\">\n<h3>Lagerung<\/h3>\n<p>An einem k\u00fchlen, dunklen Ort lagern. Nicht einfrieren und nicht Feuchtigkeit oder W\u00e4rme \u00fcber Raumtemperatur aussetzen.<\/p>\n<\/p><\/div>\n<div class=\"chcg-dietary\">\n<h3>Ern\u00e4hrungshinweise<\/h3>\n<ul>\n<li>Vegan<\/li>\n<li>Vegetarisch<\/li>\n<li>Glutenfrei<\/li>\n<li>Laktosefrei<\/li>\n<\/ul><\/div>\n<\/div>\n","protected":false},"excerpt":{"rendered":"<p>Der Magnesium Complex von Double Wood Supplements liefert 426 mg Magnesium pro Tagesdosis aus 8 verschiedenen Magnesiumformen (MAG-8). Vegan, glutenfrei und praktisch in Kapselform \u2013 180 Kapseln f\u00fcr 60 Tagesdosen.<\/p>\n","protected":false},"featured_media":3653,"comment_status":"closed","ping_status":"open","template":"","meta":[],"product_brand":[468],"product_cat":[48,25,21],"product_tag":[],"class_list":{"0":"post-3652","1":"product","2":"type-product","3":"status-publish","4":"has-post-thumbnail","6":"product_brand-double-wood-supplements","7":"product_cat-gesunde-ernaehrung","8":"product_cat-gesundheit-und-wohlbefinden","9":"product_cat-vitamine-und-mineralstoffe","11":"first","12":"outofstock","13":"taxable","14":"shipping-taxable","15":"purchasable","16":"product-type-simple"},"yoast_head":"<!-- This site is optimized with the Yoast SEO plugin v27.5 - https:\/\/yoast.com\/product\/yoast-seo-wordpress\/ -->\n<title>Magnesium Complex 180 Kapseln \u2013 Double Wood | ecosupplements.ch<\/title>\n<meta name=\"description\" content=\"Magnesium Complex mit 8 Magnesiumformen \u2013 426 mg pro Tagesdosis, vegan und glutenfrei, 180 Kapseln. Jetzt bestellen.\" \/>\n<meta name=\"robots\" content=\"index, follow, max-snippet:-1, max-image-preview:large, max-video-preview:-1\" \/>\n<link rel=\"canonical\" href=\"https:\/\/ecosupplements.ch\/?product=double-wood-supplements-magnesium-complex-180-capsules\" \/>\n<meta property=\"og:locale\" content=\"de_DE\" \/>\n<meta property=\"og:type\" content=\"article\" \/>\n<meta property=\"og:title\" content=\"Magnesium Complex 180 Kapseln \u2013 Double Wood | ecosupplements.ch\" \/>\n<meta property=\"og:description\" content=\"Magnesium Complex mit 8 Magnesiumformen \u2013 426 mg pro Tagesdosis, vegan und glutenfrei, 180 Kapseln. Jetzt bestellen.\" \/>\n<meta property=\"og:url\" content=\"https:\/\/ecosupplements.ch\/?product=double-wood-supplements-magnesium-complex-180-capsules\" \/>\n<meta property=\"og:site_name\" content=\"Eco Supplements\" \/>\n<meta property=\"article:modified_time\" content=\"2026-05-13T07:27:18+00:00\" \/>\n<meta property=\"og:image\" content=\"https:\/\/ecosupplements.ch\/wp-content\/uploads\/2026\/05\/Double-Wood-Supplements-Magnesium-Complex-180-Capsules.webp\" \/>\n\t<meta property=\"og:image:width\" content=\"1000\" \/>\n\t<meta property=\"og:image:height\" content=\"1000\" \/>\n\t<meta property=\"og:image:type\" content=\"image\/jpeg\" \/>\n<meta name=\"twitter:card\" content=\"summary_large_image\" \/>\n<meta name=\"twitter:label1\" content=\"Price\" \/>\n\t<meta name=\"twitter:data1\" content=\"&#067;&#072;&#070;&nbsp;25.64\" \/>\n\t<meta name=\"twitter:label2\" content=\"Availability\" \/>\n\t<meta name=\"twitter:data2\" content=\"Out of stock\" \/>\n<script type=\"application\/ld+json\" class=\"yoast-schema-graph\">{\"@context\":\"https:\\\/\\\/schema.org\",\"@graph\":[{\"@type\":\"WebPage\",\"@id\":\"https:\\\/\\\/ecosupplements.ch\\\/?product=double-wood-supplements-magnesium-complex-180-capsules\",\"url\":\"https:\\\/\\\/ecosupplements.ch\\\/?product=double-wood-supplements-magnesium-complex-180-capsules\",\"name\":\"Magnesium Complex 180 Kapseln \u2013 Double Wood | ecosupplements.ch\",\"isPartOf\":{\"@id\":\"https:\\\/\\\/ecosupplements.ch\\\/#website\"},\"primaryImageOfPage\":{\"@id\":\"https:\\\/\\\/ecosupplements.ch\\\/?product=double-wood-supplements-magnesium-complex-180-capsules#primaryimage\"},\"image\":{\"@id\":\"https:\\\/\\\/ecosupplements.ch\\\/?product=double-wood-supplements-magnesium-complex-180-capsules#primaryimage\"},\"thumbnailUrl\":\"https:\\\/\\\/ecosupplements.ch\\\/wp-content\\\/uploads\\\/2026\\\/05\\\/Double-Wood-Supplements-Magnesium-Complex-180-Capsules.webp\",\"datePublished\":\"2026-05-11T14:52:27+00:00\",\"dateModified\":\"2026-05-13T07:27:18+00:00\",\"description\":\"Magnesium Complex mit 8 Magnesiumformen \u2013 426 mg pro Tagesdosis, vegan und glutenfrei, 180 Kapseln. Jetzt bestellen.\",\"breadcrumb\":{\"@id\":\"https:\\\/\\\/ecosupplements.ch\\\/?product=double-wood-supplements-magnesium-complex-180-capsules#breadcrumb\"},\"inLanguage\":\"de-CH\",\"potentialAction\":[{\"@type\":\"ReadAction\",\"target\":[\"https:\\\/\\\/ecosupplements.ch\\\/?product=double-wood-supplements-magnesium-complex-180-capsules\"]}]},{\"@type\":\"ImageObject\",\"inLanguage\":\"de-CH\",\"@id\":\"https:\\\/\\\/ecosupplements.ch\\\/?product=double-wood-supplements-magnesium-complex-180-capsules#primaryimage\",\"url\":\"https:\\\/\\\/ecosupplements.ch\\\/wp-content\\\/uploads\\\/2026\\\/05\\\/Double-Wood-Supplements-Magnesium-Complex-180-Capsules.webp\",\"contentUrl\":\"https:\\\/\\\/ecosupplements.ch\\\/wp-content\\\/uploads\\\/2026\\\/05\\\/Double-Wood-Supplements-Magnesium-Complex-180-Capsules.webp\",\"width\":1000,\"height\":1000,\"caption\":\"Double Wood Supplements Magnesium Complex (180 Capsules)\"},{\"@type\":\"BreadcrumbList\",\"@id\":\"https:\\\/\\\/ecosupplements.ch\\\/?product=double-wood-supplements-magnesium-complex-180-capsules#breadcrumb\",\"itemListElement\":[{\"@type\":\"ListItem\",\"position\":1,\"name\":\"Home\",\"item\":\"https:\\\/\\\/ecosupplements.ch\\\/\"},{\"@type\":\"ListItem\",\"position\":2,\"name\":\"Shop\",\"item\":\"https:\\\/\\\/ecosupplements.ch\\\/?page_id=14\"},{\"@type\":\"ListItem\",\"position\":3,\"name\":\"Double Wood Supplements Magnesium Complex (180 Capsules)\"}]},{\"@type\":\"WebSite\",\"@id\":\"https:\\\/\\\/ecosupplements.ch\\\/#website\",\"url\":\"https:\\\/\\\/ecosupplements.ch\\\/\",\"name\":\"Eco Supplements\",\"description\":\"\",\"potentialAction\":[{\"@type\":\"SearchAction\",\"target\":{\"@type\":\"EntryPoint\",\"urlTemplate\":\"https:\\\/\\\/ecosupplements.ch\\\/?s={search_term_string}\"},\"query-input\":{\"@type\":\"PropertyValueSpecification\",\"valueRequired\":true,\"valueName\":\"search_term_string\"}}],\"inLanguage\":\"de-CH\"}]}<\/script>\n<meta property=\"product:price:amount\" content=\"25.64\" \/>\n<meta property=\"product:price:currency\" content=\"CHF\" \/>\n<meta property=\"og:availability\" content=\"out of stock\" \/>\n<meta property=\"product:availability\" content=\"out of stock\" \/>\n<meta property=\"product:retailer_item_id\" content=\"X003Y2I7R5\" \/>\n<meta property=\"product:condition\" content=\"new\" \/>\n<!-- \/ Yoast SEO plugin. -->","yoast_head_json":{"title":"Magnesium Complex 180 Kapseln \u2013 Double Wood | ecosupplements.ch","description":"Magnesium Complex mit 8 Magnesiumformen \u2013 426 mg pro Tagesdosis, vegan und glutenfrei, 180 Kapseln. Jetzt bestellen.","robots":{"index":"index","follow":"follow","max-snippet":"max-snippet:-1","max-image-preview":"max-image-preview:large","max-video-preview":"max-video-preview:-1"},"canonical":"https:\/\/ecosupplements.ch\/?product=double-wood-supplements-magnesium-complex-180-capsules","og_locale":"de_DE","og_type":"article","og_title":"Magnesium Complex 180 Kapseln \u2013 Double Wood | ecosupplements.ch","og_description":"Magnesium Complex mit 8 Magnesiumformen \u2013 426 mg pro Tagesdosis, vegan und glutenfrei, 180 Kapseln. Jetzt bestellen.","og_url":"https:\/\/ecosupplements.ch\/?product=double-wood-supplements-magnesium-complex-180-capsules","og_site_name":"Eco Supplements","article_modified_time":"2026-05-13T07:27:18+00:00","og_image":[{"width":1000,"height":1000,"url":"https:\/\/ecosupplements.ch\/wp-content\/uploads\/2026\/05\/Double-Wood-Supplements-Magnesium-Complex-180-Capsules.webp","type":"image\/jpeg"}],"twitter_card":"summary_large_image","twitter_misc":{"Price":"&#67;&#72;&#70;&nbsp;25.64","Availability":"Out of stock"},"schema":{"@context":"https:\/\/schema.org","@graph":[{"@type":"WebPage","@id":"https:\/\/ecosupplements.ch\/?product=double-wood-supplements-magnesium-complex-180-capsules","url":"https:\/\/ecosupplements.ch\/?product=double-wood-supplements-magnesium-complex-180-capsules","name":"Magnesium Complex 180 Kapseln \u2013 Double Wood | ecosupplements.ch","isPartOf":{"@id":"https:\/\/ecosupplements.ch\/#website"},"primaryImageOfPage":{"@id":"https:\/\/ecosupplements.ch\/?product=double-wood-supplements-magnesium-complex-180-capsules#primaryimage"},"image":{"@id":"https:\/\/ecosupplements.ch\/?product=double-wood-supplements-magnesium-complex-180-capsules#primaryimage"},"thumbnailUrl":"https:\/\/ecosupplements.ch\/wp-content\/uploads\/2026\/05\/Double-Wood-Supplements-Magnesium-Complex-180-Capsules.webp","datePublished":"2026-05-11T14:52:27+00:00","dateModified":"2026-05-13T07:27:18+00:00","description":"Magnesium Complex mit 8 Magnesiumformen \u2013 426 mg pro Tagesdosis, vegan und glutenfrei, 180 Kapseln. Jetzt bestellen.","breadcrumb":{"@id":"https:\/\/ecosupplements.ch\/?product=double-wood-supplements-magnesium-complex-180-capsules#breadcrumb"},"inLanguage":"de-CH","potentialAction":[{"@type":"ReadAction","target":["https:\/\/ecosupplements.ch\/?product=double-wood-supplements-magnesium-complex-180-capsules"]}]},{"@type":"ImageObject","inLanguage":"de-CH","@id":"https:\/\/ecosupplements.ch\/?product=double-wood-supplements-magnesium-complex-180-capsules#primaryimage","url":"https:\/\/ecosupplements.ch\/wp-content\/uploads\/2026\/05\/Double-Wood-Supplements-Magnesium-Complex-180-Capsules.webp","contentUrl":"https:\/\/ecosupplements.ch\/wp-content\/uploads\/2026\/05\/Double-Wood-Supplements-Magnesium-Complex-180-Capsules.webp","width":1000,"height":1000,"caption":"Double Wood Supplements Magnesium Complex (180 Capsules)"},{"@type":"BreadcrumbList","@id":"https:\/\/ecosupplements.ch\/?product=double-wood-supplements-magnesium-complex-180-capsules#breadcrumb","itemListElement":[{"@type":"ListItem","position":1,"name":"Home","item":"https:\/\/ecosupplements.ch\/"},{"@type":"ListItem","position":2,"name":"Shop","item":"https:\/\/ecosupplements.ch\/?page_id=14"},{"@type":"ListItem","position":3,"name":"Double Wood Supplements Magnesium Complex (180 Capsules)"}]},{"@type":"WebSite","@id":"https:\/\/ecosupplements.ch\/#website","url":"https:\/\/ecosupplements.ch\/","name":"Eco Supplements","description":"","potentialAction":[{"@type":"SearchAction","target":{"@type":"EntryPoint","urlTemplate":"https:\/\/ecosupplements.ch\/?s={search_term_string}"},"query-input":{"@type":"PropertyValueSpecification","valueRequired":true,"valueName":"search_term_string"}}],"inLanguage":"de-CH"}]},"product_price_amount":"25.64","product_price_currency":"CHF","og_availability":"out of stock","product_availability":"out of stock","product_retailer_item_id":"X003Y2I7R5","product_condition":"new"},"_links":{"self":[{"href":"https:\/\/ecosupplements.ch\/index.php?rest_route=\/wp\/v2\/product\/3652","targetHints":{"allow":["GET"]}}],"collection":[{"href":"https:\/\/ecosupplements.ch\/index.php?rest_route=\/wp\/v2\/product"}],"about":[{"href":"https:\/\/ecosupplements.ch\/index.php?rest_route=\/wp\/v2\/types\/product"}],"replies":[{"embeddable":true,"href":"https:\/\/ecosupplements.ch\/index.php?rest_route=%2Fwp%2Fv2%2Fcomments&post=3652"}],"wp:featuredmedia":[{"embeddable":true,"href":"https:\/\/ecosupplements.ch\/index.php?rest_route=\/wp\/v2\/media\/3653"}],"wp:attachment":[{"href":"https:\/\/ecosupplements.ch\/index.php?rest_route=%2Fwp%2Fv2%2Fmedia&parent=3652"}],"wp:term":[{"taxonomy":"product_brand","embeddable":true,"href":"https:\/\/ecosupplements.ch\/index.php?rest_route=%2Fwp%2Fv2%2Fproduct_brand&post=3652"},{"taxonomy":"product_cat","embeddable":true,"href":"https:\/\/ecosupplements.ch\/index.php?rest_route=%2Fwp%2Fv2%2Fproduct_cat&post=3652"},{"taxonomy":"product_tag","embeddable":true,"href":"https:\/\/ecosupplements.ch\/index.php?rest_route=%2Fwp%2Fv2%2Fproduct_tag&post=3652"}],"curies":[{"name":"wp","href":"https:\/\/api.w.org\/{rel}","templated":true}]}}