{"id":3682,"date":"2026-05-11T14:52:42","date_gmt":"2026-05-11T14:52:42","guid":{"rendered":"https:\/\/ecosupplements.ch\/?product=double-wood-supplements-spermidine-120-capsules"},"modified":"2026-05-13T07:27:20","modified_gmt":"2026-05-13T07:27:20","slug":"double-wood-supplements-spermidine-120-capsules","status":"publish","type":"product","link":"https:\/\/ecosupplements.ch\/?product=double-wood-supplements-spermidine-120-capsules","title":{"rendered":"Double Wood Supplements Spermidine (120 Capsules)"},"content":{"rendered":"<div class=\"chcg-product-description\">\n<h2 class=\"chcg-heading\">\u00dcber Double Wood Supplements \u2013 Spermidine \u2013 120 Kapseln<\/h2>\n<div class=\"chcg-intro\">\n<p>Spermidine ist ein nat\u00fcrlich vorkommendes Polyamin, das im menschlichen K\u00f6rper sowie in verschiedenen Lebensmitteln wie Weizenkeimen, gereiftem K\u00e4se und H\u00fclsenfr\u00fcchten vorkommt. Double Wood Supplements bietet Spermidine in einer hochwertigen Kapselform an, die pro Portion 10 mg Spermidine-Trihydrochlorid liefert \u2013 eine pr\u00e4zise dosierte und gut handhabbare Form f\u00fcr die t\u00e4gliche Einnahme.<\/p>\n<p>Das Produkt enth\u00e4lt 120 Kapseln (60 Portionen) und ist in HPMC-Kapseln abgef\u00fcllt, was es f\u00fcr Veganer und Vegetarier geeignet macht. Die Formulierung ist frei von Soja, Gluten und gentechnisch ver\u00e4nderten Organismen (Non-GMO) und damit f\u00fcr Menschen mit verschiedenen Ern\u00e4hrungsbed\u00fcrfnissen geeignet.<\/p>\n<p>Double Wood Supplements legt grossen Wert auf Qualit\u00e4t und Transparenz. Jede Charge wird sorgf\u00e4ltig auf Reinheit und Wirkstoffgehalt gepr\u00fcft, sodass Sie ein verl\u00e4ssliches Produkt erhalten, das Ihren t\u00e4glichen Bedarf unterst\u00fctzt.<\/p>\n<\/p><\/div>\n<div class=\"chcg-nutrition\">\n<h3>N\u00e4hrwertangaben<\/h3>\n<table class=\"chcg-nutrition-table\">\n<thead>\n<tr>\n<th>N\u00e4hrstoff<\/th>\n<th>Pro Portion (2 Kapseln)<\/th>\n<\/tr>\n<\/thead>\n<tbody>\n<tr>\n<td>Spermidine (als Spermidine-Trihydrochlorid)<\/td>\n<td>10 mg*<\/td>\n<\/tr>\n<\/tbody>\n<\/table>\n<p class=\"chcg-footnote\">* Kein festgelegter Tagesreferenzwert vorhanden.<\/p>\n<\/p><\/div>\n<div class=\"chcg-ingredients\">\n<h3>Zutaten<\/h3>\n<p>Spermidine-Trihydrochlorid 10 mg. Weitere Zutaten: HPMC-Kapsel, Reismehl.<\/p>\n<p class=\"chcg-capsule-shell\">Kapselh\u00fclle: HPMC-Kapsel<\/p>\n<\/p><\/div>\n<div class=\"chcg-dosage\">\n<h3>Verzehrempfehlung<\/h3>\n<p>Als Nahrungserg\u00e4nzungsmittel t\u00e4glich 1 Portion (2 Kapseln) einnehmen. Nach 1 Woche Anwendung kann die Dosierung auf 2 Portionen pro Tag erh\u00f6ht werden. Die Einnahme kann mit oder ohne Mahlzeit erfolgen. 4 Kapseln pro Tag nicht \u00fcberschreiten.<\/p>\n<\/p><\/div>\n<div class=\"chcg-warnings\">\n<h3>Warnhinweise<\/h3>\n<p>Vor der Einnahme einen Arzt konsultieren. Nicht verwenden bei Schwangerschaft, Stillzeit oder wenn Sie unter 18 Jahre alt sind. Bei unerw\u00fcnschten Reaktionen die Einnahme sofort abbrechen und umgehend einen Arzt aufsuchen. Keine schweren Maschinen bedienen, bis die pers\u00f6nliche Vertr\u00e4glichkeit bekannt ist. Ausserhalb der Reichweite von Kindern aufbewahren. Nicht verwenden, wenn das Sicherheitssiegel besch\u00e4digt ist.<\/p>\n<\/p><\/div>\n<div class=\"chcg-allergens\">\n<h3>Allergeninformationen<\/h3>\n<p>Keine Allergene deklariert. Das Produkt ist frei von Soja und Gluten und enth\u00e4lt keine gentechnisch ver\u00e4nderten Organismen (Non-GMO).<\/p>\n<\/p><\/div>\n<div class=\"chcg-storage\">\n<h3>Lagerung<\/h3>\n<p>An einem k\u00fchlen, dunklen Ort lagern. Nicht einfrieren und nicht Feuchtigkeit oder W\u00e4rme \u00fcber Raumtemperatur aussetzen.<\/p>\n<\/p><\/div>\n<div class=\"chcg-dietary\">\n<h3>Ern\u00e4hrungshinweise<\/h3>\n<ul>\n<li>Vegan<\/li>\n<li>Vegetarisch<\/li>\n<li>Glutenfrei<\/li>\n<li>Laktosefrei<\/li>\n<\/ul><\/div>\n<\/div>\n","protected":false},"excerpt":{"rendered":"<p>Spermidine von Double Wood Supplements liefert 10 mg Spermidine-Trihydrochlorid pro Portion. Erh\u00e4ltlich in 120 veganen HPMC-Kapseln (60 Portionen), glutenfrei und Non-GMO.<\/p>\n","protected":false},"featured_media":3683,"comment_status":"closed","ping_status":"open","template":"","meta":[],"product_brand":[468],"product_cat":[48,25,21],"product_tag":[],"class_list":{"0":"post-3682","1":"product","2":"type-product","3":"status-publish","4":"has-post-thumbnail","6":"product_brand-double-wood-supplements","7":"product_cat-gesunde-ernaehrung","8":"product_cat-gesundheit-und-wohlbefinden","9":"product_cat-vitamine-und-mineralstoffe","11":"first","12":"outofstock","13":"taxable","14":"shipping-taxable","15":"purchasable","16":"product-type-simple"},"yoast_head":"<!-- This site is optimized with the Yoast SEO plugin v27.5 - https:\/\/yoast.com\/product\/yoast-seo-wordpress\/ -->\n<title>Spermidine 120 Kapseln \u2013 Double Wood Supplements | ecosupplements.ch<\/title>\n<meta name=\"description\" content=\"Spermidine von Double Wood Supplements \u2013 10 mg pro Portion, 120 vegane Kapseln, glutenfrei und Non-GMO. Jetzt bestellen.\" \/>\n<meta name=\"robots\" content=\"index, follow, max-snippet:-1, max-image-preview:large, max-video-preview:-1\" \/>\n<link rel=\"canonical\" href=\"https:\/\/ecosupplements.ch\/?product=double-wood-supplements-spermidine-120-capsules\" \/>\n<meta property=\"og:locale\" content=\"de_DE\" \/>\n<meta property=\"og:type\" content=\"article\" \/>\n<meta property=\"og:title\" content=\"Spermidine 120 Kapseln \u2013 Double Wood Supplements | ecosupplements.ch\" \/>\n<meta property=\"og:description\" content=\"Spermidine von Double Wood Supplements \u2013 10 mg pro Portion, 120 vegane Kapseln, glutenfrei und Non-GMO. Jetzt bestellen.\" \/>\n<meta property=\"og:url\" content=\"https:\/\/ecosupplements.ch\/?product=double-wood-supplements-spermidine-120-capsules\" \/>\n<meta property=\"og:site_name\" content=\"Eco Supplements\" \/>\n<meta property=\"article:modified_time\" content=\"2026-05-13T07:27:20+00:00\" \/>\n<meta property=\"og:image\" content=\"https:\/\/ecosupplements.ch\/wp-content\/uploads\/2026\/05\/Double-Wood-Supplements-Spermidine-120-Capsules.webp\" \/>\n\t<meta property=\"og:image:width\" content=\"1000\" \/>\n\t<meta property=\"og:image:height\" content=\"1000\" \/>\n\t<meta property=\"og:image:type\" content=\"image\/jpeg\" \/>\n<meta name=\"twitter:card\" content=\"summary_large_image\" \/>\n<meta name=\"twitter:label1\" content=\"Price\" \/>\n\t<meta name=\"twitter:data1\" content=\"&#067;&#072;&#070;&nbsp;30.14\" \/>\n\t<meta name=\"twitter:label2\" content=\"Availability\" \/>\n\t<meta name=\"twitter:data2\" content=\"Out of stock\" \/>\n<script type=\"application\/ld+json\" class=\"yoast-schema-graph\">{\"@context\":\"https:\\\/\\\/schema.org\",\"@graph\":[{\"@type\":\"WebPage\",\"@id\":\"https:\\\/\\\/ecosupplements.ch\\\/?product=double-wood-supplements-spermidine-120-capsules\",\"url\":\"https:\\\/\\\/ecosupplements.ch\\\/?product=double-wood-supplements-spermidine-120-capsules\",\"name\":\"Spermidine 120 Kapseln \u2013 Double Wood Supplements | ecosupplements.ch\",\"isPartOf\":{\"@id\":\"https:\\\/\\\/ecosupplements.ch\\\/#website\"},\"primaryImageOfPage\":{\"@id\":\"https:\\\/\\\/ecosupplements.ch\\\/?product=double-wood-supplements-spermidine-120-capsules#primaryimage\"},\"image\":{\"@id\":\"https:\\\/\\\/ecosupplements.ch\\\/?product=double-wood-supplements-spermidine-120-capsules#primaryimage\"},\"thumbnailUrl\":\"https:\\\/\\\/ecosupplements.ch\\\/wp-content\\\/uploads\\\/2026\\\/05\\\/Double-Wood-Supplements-Spermidine-120-Capsules.webp\",\"datePublished\":\"2026-05-11T14:52:42+00:00\",\"dateModified\":\"2026-05-13T07:27:20+00:00\",\"description\":\"Spermidine von Double Wood Supplements \u2013 10 mg pro Portion, 120 vegane Kapseln, glutenfrei und Non-GMO. Jetzt bestellen.\",\"breadcrumb\":{\"@id\":\"https:\\\/\\\/ecosupplements.ch\\\/?product=double-wood-supplements-spermidine-120-capsules#breadcrumb\"},\"inLanguage\":\"de-CH\",\"potentialAction\":[{\"@type\":\"ReadAction\",\"target\":[\"https:\\\/\\\/ecosupplements.ch\\\/?product=double-wood-supplements-spermidine-120-capsules\"]}]},{\"@type\":\"ImageObject\",\"inLanguage\":\"de-CH\",\"@id\":\"https:\\\/\\\/ecosupplements.ch\\\/?product=double-wood-supplements-spermidine-120-capsules#primaryimage\",\"url\":\"https:\\\/\\\/ecosupplements.ch\\\/wp-content\\\/uploads\\\/2026\\\/05\\\/Double-Wood-Supplements-Spermidine-120-Capsules.webp\",\"contentUrl\":\"https:\\\/\\\/ecosupplements.ch\\\/wp-content\\\/uploads\\\/2026\\\/05\\\/Double-Wood-Supplements-Spermidine-120-Capsules.webp\",\"width\":1000,\"height\":1000,\"caption\":\"Double Wood Supplements Spermidine (120 Capsules)\"},{\"@type\":\"BreadcrumbList\",\"@id\":\"https:\\\/\\\/ecosupplements.ch\\\/?product=double-wood-supplements-spermidine-120-capsules#breadcrumb\",\"itemListElement\":[{\"@type\":\"ListItem\",\"position\":1,\"name\":\"Home\",\"item\":\"https:\\\/\\\/ecosupplements.ch\\\/\"},{\"@type\":\"ListItem\",\"position\":2,\"name\":\"Shop\",\"item\":\"https:\\\/\\\/ecosupplements.ch\\\/?page_id=14\"},{\"@type\":\"ListItem\",\"position\":3,\"name\":\"Double Wood Supplements Spermidine (120 Capsules)\"}]},{\"@type\":\"WebSite\",\"@id\":\"https:\\\/\\\/ecosupplements.ch\\\/#website\",\"url\":\"https:\\\/\\\/ecosupplements.ch\\\/\",\"name\":\"Eco Supplements\",\"description\":\"\",\"potentialAction\":[{\"@type\":\"SearchAction\",\"target\":{\"@type\":\"EntryPoint\",\"urlTemplate\":\"https:\\\/\\\/ecosupplements.ch\\\/?s={search_term_string}\"},\"query-input\":{\"@type\":\"PropertyValueSpecification\",\"valueRequired\":true,\"valueName\":\"search_term_string\"}}],\"inLanguage\":\"de-CH\"}]}<\/script>\n<meta property=\"product:price:amount\" content=\"30.14\" \/>\n<meta property=\"product:price:currency\" content=\"CHF\" \/>\n<meta property=\"og:availability\" content=\"out of stock\" \/>\n<meta property=\"product:availability\" content=\"out of stock\" \/>\n<meta property=\"product:retailer_item_id\" content=\"X0033QHUMP\" \/>\n<meta property=\"product:condition\" content=\"new\" \/>\n<!-- \/ Yoast SEO plugin. -->","yoast_head_json":{"title":"Spermidine 120 Kapseln \u2013 Double Wood Supplements | ecosupplements.ch","description":"Spermidine von Double Wood Supplements \u2013 10 mg pro Portion, 120 vegane Kapseln, glutenfrei und Non-GMO. Jetzt bestellen.","robots":{"index":"index","follow":"follow","max-snippet":"max-snippet:-1","max-image-preview":"max-image-preview:large","max-video-preview":"max-video-preview:-1"},"canonical":"https:\/\/ecosupplements.ch\/?product=double-wood-supplements-spermidine-120-capsules","og_locale":"de_DE","og_type":"article","og_title":"Spermidine 120 Kapseln \u2013 Double Wood Supplements | ecosupplements.ch","og_description":"Spermidine von Double Wood Supplements \u2013 10 mg pro Portion, 120 vegane Kapseln, glutenfrei und Non-GMO. Jetzt bestellen.","og_url":"https:\/\/ecosupplements.ch\/?product=double-wood-supplements-spermidine-120-capsules","og_site_name":"Eco Supplements","article_modified_time":"2026-05-13T07:27:20+00:00","og_image":[{"width":1000,"height":1000,"url":"https:\/\/ecosupplements.ch\/wp-content\/uploads\/2026\/05\/Double-Wood-Supplements-Spermidine-120-Capsules.webp","type":"image\/jpeg"}],"twitter_card":"summary_large_image","twitter_misc":{"Price":"&#67;&#72;&#70;&nbsp;30.14","Availability":"Out of stock"},"schema":{"@context":"https:\/\/schema.org","@graph":[{"@type":"WebPage","@id":"https:\/\/ecosupplements.ch\/?product=double-wood-supplements-spermidine-120-capsules","url":"https:\/\/ecosupplements.ch\/?product=double-wood-supplements-spermidine-120-capsules","name":"Spermidine 120 Kapseln \u2013 Double Wood Supplements | ecosupplements.ch","isPartOf":{"@id":"https:\/\/ecosupplements.ch\/#website"},"primaryImageOfPage":{"@id":"https:\/\/ecosupplements.ch\/?product=double-wood-supplements-spermidine-120-capsules#primaryimage"},"image":{"@id":"https:\/\/ecosupplements.ch\/?product=double-wood-supplements-spermidine-120-capsules#primaryimage"},"thumbnailUrl":"https:\/\/ecosupplements.ch\/wp-content\/uploads\/2026\/05\/Double-Wood-Supplements-Spermidine-120-Capsules.webp","datePublished":"2026-05-11T14:52:42+00:00","dateModified":"2026-05-13T07:27:20+00:00","description":"Spermidine von Double Wood Supplements \u2013 10 mg pro Portion, 120 vegane Kapseln, glutenfrei und Non-GMO. Jetzt bestellen.","breadcrumb":{"@id":"https:\/\/ecosupplements.ch\/?product=double-wood-supplements-spermidine-120-capsules#breadcrumb"},"inLanguage":"de-CH","potentialAction":[{"@type":"ReadAction","target":["https:\/\/ecosupplements.ch\/?product=double-wood-supplements-spermidine-120-capsules"]}]},{"@type":"ImageObject","inLanguage":"de-CH","@id":"https:\/\/ecosupplements.ch\/?product=double-wood-supplements-spermidine-120-capsules#primaryimage","url":"https:\/\/ecosupplements.ch\/wp-content\/uploads\/2026\/05\/Double-Wood-Supplements-Spermidine-120-Capsules.webp","contentUrl":"https:\/\/ecosupplements.ch\/wp-content\/uploads\/2026\/05\/Double-Wood-Supplements-Spermidine-120-Capsules.webp","width":1000,"height":1000,"caption":"Double Wood Supplements Spermidine (120 Capsules)"},{"@type":"BreadcrumbList","@id":"https:\/\/ecosupplements.ch\/?product=double-wood-supplements-spermidine-120-capsules#breadcrumb","itemListElement":[{"@type":"ListItem","position":1,"name":"Home","item":"https:\/\/ecosupplements.ch\/"},{"@type":"ListItem","position":2,"name":"Shop","item":"https:\/\/ecosupplements.ch\/?page_id=14"},{"@type":"ListItem","position":3,"name":"Double Wood Supplements Spermidine (120 Capsules)"}]},{"@type":"WebSite","@id":"https:\/\/ecosupplements.ch\/#website","url":"https:\/\/ecosupplements.ch\/","name":"Eco Supplements","description":"","potentialAction":[{"@type":"SearchAction","target":{"@type":"EntryPoint","urlTemplate":"https:\/\/ecosupplements.ch\/?s={search_term_string}"},"query-input":{"@type":"PropertyValueSpecification","valueRequired":true,"valueName":"search_term_string"}}],"inLanguage":"de-CH"}]},"product_price_amount":"30.14","product_price_currency":"CHF","og_availability":"out of stock","product_availability":"out of stock","product_retailer_item_id":"X0033QHUMP","product_condition":"new"},"_links":{"self":[{"href":"https:\/\/ecosupplements.ch\/index.php?rest_route=\/wp\/v2\/product\/3682","targetHints":{"allow":["GET"]}}],"collection":[{"href":"https:\/\/ecosupplements.ch\/index.php?rest_route=\/wp\/v2\/product"}],"about":[{"href":"https:\/\/ecosupplements.ch\/index.php?rest_route=\/wp\/v2\/types\/product"}],"replies":[{"embeddable":true,"href":"https:\/\/ecosupplements.ch\/index.php?rest_route=%2Fwp%2Fv2%2Fcomments&post=3682"}],"wp:featuredmedia":[{"embeddable":true,"href":"https:\/\/ecosupplements.ch\/index.php?rest_route=\/wp\/v2\/media\/3683"}],"wp:attachment":[{"href":"https:\/\/ecosupplements.ch\/index.php?rest_route=%2Fwp%2Fv2%2Fmedia&parent=3682"}],"wp:term":[{"taxonomy":"product_brand","embeddable":true,"href":"https:\/\/ecosupplements.ch\/index.php?rest_route=%2Fwp%2Fv2%2Fproduct_brand&post=3682"},{"taxonomy":"product_cat","embeddable":true,"href":"https:\/\/ecosupplements.ch\/index.php?rest_route=%2Fwp%2Fv2%2Fproduct_cat&post=3682"},{"taxonomy":"product_tag","embeddable":true,"href":"https:\/\/ecosupplements.ch\/index.php?rest_route=%2Fwp%2Fv2%2Fproduct_tag&post=3682"}],"curies":[{"name":"wp","href":"https:\/\/api.w.org\/{rel}","templated":true}]}}