{"id":3694,"date":"2026-05-11T14:52:49","date_gmt":"2026-05-11T14:52:49","guid":{"rendered":"https:\/\/ecosupplements.ch\/?product=life-extension-magnesium-glycinate-90-capsules"},"modified":"2026-05-12T15:25:12","modified_gmt":"2026-05-12T15:25:12","slug":"life-extension-magnesium-glycinate-90-capsules","status":"publish","type":"product","link":"https:\/\/ecosupplements.ch\/?product=life-extension-magnesium-glycinate-90-capsules","title":{"rendered":"Life Extension Magnesium Glycinate (90 Capsules)"},"content":{"rendered":"<div class=\"chcg-product-description\">\n<h2 class=\"chcg-heading\">\u00dcber Life Extension \u2013 Magnesium Glycinate \u2013 90 Kapseln<\/h2>\n<div class=\"chcg-intro\">\n<p>Magnesium ist ein essenzieller Mineralstoff, der an \u00fcber 300 enzymatischen Prozessen im menschlichen K\u00f6rper beteiligt ist. Life Extension Magnesium Glycinate liefert 105 mg Magnesium pro Kapsel in der gut vertr\u00e4glichen Form von Magnesiumbisglycinat \u2013 einer Chelat-Verbindung, bei der Magnesium an die Aminos\u00e4ure Glycin gebunden ist, was eine besonders gute Magenvertr\u00e4glichkeit unterst\u00fctzt.<\/p>\n<p>Magnesium tr\u00e4gt zur normalen Muskelfunktion, zur Verringerung von M\u00fcdigkeit und Ersch\u00f6pfung sowie zur normalen psychischen Funktion bei. Zudem unterst\u00fctzt es die Erhaltung normaler Knochen und Z\u00e4hne sowie einen normalen Energiestoffwechsel. Die vegetarischen Kapseln sind einfach einzunehmen und frei von tierischen Inhaltsstoffen.<\/p>\n<p>Mit 90 Kapseln pro Packung bietet dieses Produkt bei einer t\u00e4glichen Einnahme von einer Kapsel einen Vorrat von bis zu 90 Tagen. Life Extension steht seit Jahrzehnten f\u00fcr wissenschaftlich fundierte Nahrungserg\u00e4nzungsmittel h\u00f6chster Qualit\u00e4t.<\/p>\n<\/p><\/div>\n<div class=\"chcg-nutrition\">\n<h3>N\u00e4hrwertangaben<\/h3>\n<table class=\"chcg-nutrition-table\">\n<thead>\n<tr>\n<th>N\u00e4hrstoff<\/th>\n<th>Pro Portion (1 Kapsel)<\/th>\n<\/tr>\n<\/thead>\n<tbody>\n<tr>\n<td>Magnesium (aus Magnesiumbisglycinat)<\/td>\n<td>105 mg (25 % des Tagesbedarfs)<\/td>\n<\/tr>\n<\/tbody>\n<\/table><\/div>\n<div class=\"chcg-ingredients\">\n<h3>Zutaten<\/h3>\n<p>Magnesium 105 mg (aus Magnesiumbisglycinat). Weitere Zutaten: pflanzliche Cellulose (Kapsel), pflanzliches Stearat.<\/p>\n<p class=\"chcg-capsule-shell\">Kapselh\u00fclle: Pflanzliche Cellulose<\/p>\n<\/p><\/div>\n<div class=\"chcg-dosage\">\n<h3>Verzehrempfehlung<\/h3>\n<p>Eine (1) Kapsel ein- bis dreimal t\u00e4glich einnehmen oder gem\u00e4ss Empfehlung einer medizinischen Fachperson.<\/p>\n<\/p><\/div>\n<div class=\"chcg-warnings\">\n<h3>Warnhinweise<\/h3>\n<p>Ausserhalb der Reichweite von Kindern aufbewahren. Die empfohlene Tagesdosis nicht \u00fcberschreiten. Nicht kaufen, wenn die \u00e4ussere Versiegelung besch\u00e4digt ist. Konsultieren Sie Ihren Arzt oder Ihre \u00c4rztin, wenn Sie sich in medizinischer Behandlung befinden oder wenn Sie schwanger sind oder stillen.<\/p>\n<\/p><\/div>\n<div class=\"chcg-allergens\">\n<h3>Allergeninformationen<\/h3>\n<p>Frei von Milch, Eiern, Fisch, Krebs- und Schalentieren, Schalenfr\u00fcchten, Erdn\u00fcssen, Weizen, Sesam und Soja. Enth\u00e4lt keinen der 9 wichtigsten deklarationspflichtigen Allergene.<\/p>\n<\/p><\/div>\n<div class=\"chcg-storage\">\n<h3>Lagerung<\/h3>\n<p>Fest verschlossen an einem k\u00fchlen, trockenen Ort aufbewahren.<\/p>\n<\/p><\/div>\n<div class=\"chcg-dietary\">\n<h3>Ern\u00e4hrungshinweise<\/h3>\n<ul>\n<li>Vegetarisch<\/li>\n<li>Glutenfrei<\/li>\n<li>Laktosefrei<\/li>\n<\/ul><\/div>\n<\/div>\n","protected":false},"excerpt":{"rendered":"<p>Life Extension Magnesium Glycinate liefert 105 mg Magnesium pro Kapsel in gut vertr\u00e4glicher Bisglycinat-Form. Die Packung enth\u00e4lt 90 vegetarische Kapseln \u2013 glutenfrei und laktosefrei. Unterst\u00fctzt normale Muskelfunktion und Energiestoffwechsel.<\/p>\n","protected":false},"featured_media":3695,"comment_status":"closed","ping_status":"open","template":"","meta":[],"product_brand":[202],"product_cat":[15],"product_tag":[],"class_list":{"0":"post-3694","1":"product","2":"type-product","3":"status-publish","4":"has-post-thumbnail","6":"product_brand-life-extension","7":"product_cat-uncategorized","9":"first","10":"outofstock","11":"taxable","12":"shipping-taxable","13":"purchasable","14":"product-type-simple"},"yoast_head":"<!-- This site is optimized with the Yoast SEO plugin v27.5 - https:\/\/yoast.com\/product\/yoast-seo-wordpress\/ -->\n<title>Magnesium Glycinate 90 Kapseln \u2013 Life Extension | ecosupplements.ch<\/title>\n<meta name=\"description\" content=\"Magnesium Glycinate von Life Extension \u2013 105 mg pro Kapsel in Bisglycinat-Form, 90 vegetarische Kapseln, glutenfrei. Jetzt bestellen.\" \/>\n<meta name=\"robots\" content=\"index, follow, max-snippet:-1, max-image-preview:large, max-video-preview:-1\" \/>\n<link rel=\"canonical\" href=\"https:\/\/ecosupplements.ch\/?product=life-extension-magnesium-glycinate-90-capsules\" \/>\n<meta property=\"og:locale\" content=\"de_DE\" \/>\n<meta property=\"og:type\" content=\"article\" \/>\n<meta property=\"og:title\" content=\"Magnesium Glycinate 90 Kapseln \u2013 Life Extension | ecosupplements.ch\" \/>\n<meta property=\"og:description\" content=\"Magnesium Glycinate von Life Extension \u2013 105 mg pro Kapsel in Bisglycinat-Form, 90 vegetarische Kapseln, glutenfrei. Jetzt bestellen.\" \/>\n<meta property=\"og:url\" content=\"https:\/\/ecosupplements.ch\/?product=life-extension-magnesium-glycinate-90-capsules\" \/>\n<meta property=\"og:site_name\" content=\"Eco Supplements\" \/>\n<meta property=\"article:modified_time\" content=\"2026-05-12T15:25:12+00:00\" \/>\n<meta property=\"og:image\" content=\"https:\/\/ecosupplements.ch\/wp-content\/uploads\/2026\/05\/Life-Extension-Magnesium-Glycinate-90-Capsules.webp\" \/>\n\t<meta property=\"og:image:width\" content=\"1000\" \/>\n\t<meta property=\"og:image:height\" content=\"1000\" \/>\n\t<meta property=\"og:image:type\" content=\"image\/jpeg\" \/>\n<meta name=\"twitter:card\" content=\"summary_large_image\" \/>\n<meta name=\"twitter:label1\" content=\"Price\" \/>\n\t<meta name=\"twitter:data1\" content=\"&#067;&#072;&#070;&nbsp;25.13\" \/>\n\t<meta name=\"twitter:label2\" content=\"Availability\" \/>\n\t<meta name=\"twitter:data2\" content=\"Out of stock\" \/>\n<script type=\"application\/ld+json\" class=\"yoast-schema-graph\">{\"@context\":\"https:\\\/\\\/schema.org\",\"@graph\":[{\"@type\":\"WebPage\",\"@id\":\"https:\\\/\\\/ecosupplements.ch\\\/?product=life-extension-magnesium-glycinate-90-capsules\",\"url\":\"https:\\\/\\\/ecosupplements.ch\\\/?product=life-extension-magnesium-glycinate-90-capsules\",\"name\":\"Magnesium Glycinate 90 Kapseln \u2013 Life Extension | ecosupplements.ch\",\"isPartOf\":{\"@id\":\"https:\\\/\\\/ecosupplements.ch\\\/#website\"},\"primaryImageOfPage\":{\"@id\":\"https:\\\/\\\/ecosupplements.ch\\\/?product=life-extension-magnesium-glycinate-90-capsules#primaryimage\"},\"image\":{\"@id\":\"https:\\\/\\\/ecosupplements.ch\\\/?product=life-extension-magnesium-glycinate-90-capsules#primaryimage\"},\"thumbnailUrl\":\"https:\\\/\\\/ecosupplements.ch\\\/wp-content\\\/uploads\\\/2026\\\/05\\\/Life-Extension-Magnesium-Glycinate-90-Capsules.webp\",\"datePublished\":\"2026-05-11T14:52:49+00:00\",\"dateModified\":\"2026-05-12T15:25:12+00:00\",\"description\":\"Magnesium Glycinate von Life Extension \u2013 105 mg pro Kapsel in Bisglycinat-Form, 90 vegetarische Kapseln, glutenfrei. Jetzt bestellen.\",\"breadcrumb\":{\"@id\":\"https:\\\/\\\/ecosupplements.ch\\\/?product=life-extension-magnesium-glycinate-90-capsules#breadcrumb\"},\"inLanguage\":\"de-CH\",\"potentialAction\":[{\"@type\":\"ReadAction\",\"target\":[\"https:\\\/\\\/ecosupplements.ch\\\/?product=life-extension-magnesium-glycinate-90-capsules\"]}]},{\"@type\":\"ImageObject\",\"inLanguage\":\"de-CH\",\"@id\":\"https:\\\/\\\/ecosupplements.ch\\\/?product=life-extension-magnesium-glycinate-90-capsules#primaryimage\",\"url\":\"https:\\\/\\\/ecosupplements.ch\\\/wp-content\\\/uploads\\\/2026\\\/05\\\/Life-Extension-Magnesium-Glycinate-90-Capsules.webp\",\"contentUrl\":\"https:\\\/\\\/ecosupplements.ch\\\/wp-content\\\/uploads\\\/2026\\\/05\\\/Life-Extension-Magnesium-Glycinate-90-Capsules.webp\",\"width\":1000,\"height\":1000,\"caption\":\"Life Extension Magnesium Glycinate (90 Capsules)\"},{\"@type\":\"BreadcrumbList\",\"@id\":\"https:\\\/\\\/ecosupplements.ch\\\/?product=life-extension-magnesium-glycinate-90-capsules#breadcrumb\",\"itemListElement\":[{\"@type\":\"ListItem\",\"position\":1,\"name\":\"Home\",\"item\":\"https:\\\/\\\/ecosupplements.ch\\\/\"},{\"@type\":\"ListItem\",\"position\":2,\"name\":\"Shop\",\"item\":\"https:\\\/\\\/ecosupplements.ch\\\/?page_id=14\"},{\"@type\":\"ListItem\",\"position\":3,\"name\":\"Life Extension Magnesium Glycinate (90 Capsules)\"}]},{\"@type\":\"WebSite\",\"@id\":\"https:\\\/\\\/ecosupplements.ch\\\/#website\",\"url\":\"https:\\\/\\\/ecosupplements.ch\\\/\",\"name\":\"Eco Supplements\",\"description\":\"\",\"potentialAction\":[{\"@type\":\"SearchAction\",\"target\":{\"@type\":\"EntryPoint\",\"urlTemplate\":\"https:\\\/\\\/ecosupplements.ch\\\/?s={search_term_string}\"},\"query-input\":{\"@type\":\"PropertyValueSpecification\",\"valueRequired\":true,\"valueName\":\"search_term_string\"}}],\"inLanguage\":\"de-CH\"}]}<\/script>\n<meta property=\"product:price:amount\" content=\"25.13\" \/>\n<meta property=\"product:price:currency\" content=\"CHF\" \/>\n<meta property=\"og:availability\" content=\"out of stock\" \/>\n<meta property=\"product:availability\" content=\"out of stock\" \/>\n<meta property=\"product:retailer_item_id\" content=\"737870253594\" \/>\n<meta property=\"product:condition\" content=\"new\" \/>\n<!-- \/ Yoast SEO plugin. -->","yoast_head_json":{"title":"Magnesium Glycinate 90 Kapseln \u2013 Life Extension | ecosupplements.ch","description":"Magnesium Glycinate von Life Extension \u2013 105 mg pro Kapsel in Bisglycinat-Form, 90 vegetarische Kapseln, glutenfrei. Jetzt bestellen.","robots":{"index":"index","follow":"follow","max-snippet":"max-snippet:-1","max-image-preview":"max-image-preview:large","max-video-preview":"max-video-preview:-1"},"canonical":"https:\/\/ecosupplements.ch\/?product=life-extension-magnesium-glycinate-90-capsules","og_locale":"de_DE","og_type":"article","og_title":"Magnesium Glycinate 90 Kapseln \u2013 Life Extension | ecosupplements.ch","og_description":"Magnesium Glycinate von Life Extension \u2013 105 mg pro Kapsel in Bisglycinat-Form, 90 vegetarische Kapseln, glutenfrei. Jetzt bestellen.","og_url":"https:\/\/ecosupplements.ch\/?product=life-extension-magnesium-glycinate-90-capsules","og_site_name":"Eco Supplements","article_modified_time":"2026-05-12T15:25:12+00:00","og_image":[{"width":1000,"height":1000,"url":"https:\/\/ecosupplements.ch\/wp-content\/uploads\/2026\/05\/Life-Extension-Magnesium-Glycinate-90-Capsules.webp","type":"image\/jpeg"}],"twitter_card":"summary_large_image","twitter_misc":{"Price":"&#67;&#72;&#70;&nbsp;25.13","Availability":"Out of stock"},"schema":{"@context":"https:\/\/schema.org","@graph":[{"@type":"WebPage","@id":"https:\/\/ecosupplements.ch\/?product=life-extension-magnesium-glycinate-90-capsules","url":"https:\/\/ecosupplements.ch\/?product=life-extension-magnesium-glycinate-90-capsules","name":"Magnesium Glycinate 90 Kapseln \u2013 Life Extension | ecosupplements.ch","isPartOf":{"@id":"https:\/\/ecosupplements.ch\/#website"},"primaryImageOfPage":{"@id":"https:\/\/ecosupplements.ch\/?product=life-extension-magnesium-glycinate-90-capsules#primaryimage"},"image":{"@id":"https:\/\/ecosupplements.ch\/?product=life-extension-magnesium-glycinate-90-capsules#primaryimage"},"thumbnailUrl":"https:\/\/ecosupplements.ch\/wp-content\/uploads\/2026\/05\/Life-Extension-Magnesium-Glycinate-90-Capsules.webp","datePublished":"2026-05-11T14:52:49+00:00","dateModified":"2026-05-12T15:25:12+00:00","description":"Magnesium Glycinate von Life Extension \u2013 105 mg pro Kapsel in Bisglycinat-Form, 90 vegetarische Kapseln, glutenfrei. Jetzt bestellen.","breadcrumb":{"@id":"https:\/\/ecosupplements.ch\/?product=life-extension-magnesium-glycinate-90-capsules#breadcrumb"},"inLanguage":"de-CH","potentialAction":[{"@type":"ReadAction","target":["https:\/\/ecosupplements.ch\/?product=life-extension-magnesium-glycinate-90-capsules"]}]},{"@type":"ImageObject","inLanguage":"de-CH","@id":"https:\/\/ecosupplements.ch\/?product=life-extension-magnesium-glycinate-90-capsules#primaryimage","url":"https:\/\/ecosupplements.ch\/wp-content\/uploads\/2026\/05\/Life-Extension-Magnesium-Glycinate-90-Capsules.webp","contentUrl":"https:\/\/ecosupplements.ch\/wp-content\/uploads\/2026\/05\/Life-Extension-Magnesium-Glycinate-90-Capsules.webp","width":1000,"height":1000,"caption":"Life Extension Magnesium Glycinate (90 Capsules)"},{"@type":"BreadcrumbList","@id":"https:\/\/ecosupplements.ch\/?product=life-extension-magnesium-glycinate-90-capsules#breadcrumb","itemListElement":[{"@type":"ListItem","position":1,"name":"Home","item":"https:\/\/ecosupplements.ch\/"},{"@type":"ListItem","position":2,"name":"Shop","item":"https:\/\/ecosupplements.ch\/?page_id=14"},{"@type":"ListItem","position":3,"name":"Life Extension Magnesium Glycinate (90 Capsules)"}]},{"@type":"WebSite","@id":"https:\/\/ecosupplements.ch\/#website","url":"https:\/\/ecosupplements.ch\/","name":"Eco Supplements","description":"","potentialAction":[{"@type":"SearchAction","target":{"@type":"EntryPoint","urlTemplate":"https:\/\/ecosupplements.ch\/?s={search_term_string}"},"query-input":{"@type":"PropertyValueSpecification","valueRequired":true,"valueName":"search_term_string"}}],"inLanguage":"de-CH"}]},"product_price_amount":"25.13","product_price_currency":"CHF","og_availability":"out of stock","product_availability":"out of stock","product_retailer_item_id":"737870253594","product_condition":"new"},"_links":{"self":[{"href":"https:\/\/ecosupplements.ch\/index.php?rest_route=\/wp\/v2\/product\/3694","targetHints":{"allow":["GET"]}}],"collection":[{"href":"https:\/\/ecosupplements.ch\/index.php?rest_route=\/wp\/v2\/product"}],"about":[{"href":"https:\/\/ecosupplements.ch\/index.php?rest_route=\/wp\/v2\/types\/product"}],"replies":[{"embeddable":true,"href":"https:\/\/ecosupplements.ch\/index.php?rest_route=%2Fwp%2Fv2%2Fcomments&post=3694"}],"wp:featuredmedia":[{"embeddable":true,"href":"https:\/\/ecosupplements.ch\/index.php?rest_route=\/wp\/v2\/media\/3695"}],"wp:attachment":[{"href":"https:\/\/ecosupplements.ch\/index.php?rest_route=%2Fwp%2Fv2%2Fmedia&parent=3694"}],"wp:term":[{"taxonomy":"product_brand","embeddable":true,"href":"https:\/\/ecosupplements.ch\/index.php?rest_route=%2Fwp%2Fv2%2Fproduct_brand&post=3694"},{"taxonomy":"product_cat","embeddable":true,"href":"https:\/\/ecosupplements.ch\/index.php?rest_route=%2Fwp%2Fv2%2Fproduct_cat&post=3694"},{"taxonomy":"product_tag","embeddable":true,"href":"https:\/\/ecosupplements.ch\/index.php?rest_route=%2Fwp%2Fv2%2Fproduct_tag&post=3694"}],"curies":[{"name":"wp","href":"https:\/\/api.w.org\/{rel}","templated":true}]}}