{"id":3705,"date":"2026-05-11T14:52:53","date_gmt":"2026-05-11T14:52:53","guid":{"rendered":"https:\/\/ecosupplements.ch\/?product=omega-3-pet-60-ml"},"modified":"2026-05-13T07:22:52","modified_gmt":"2026-05-13T07:22:52","slug":"omega-3-pet-60-ml","status":"publish","type":"product","link":"https:\/\/ecosupplements.ch\/?product=omega-3-pet-60-ml","title":{"rendered":"Omega-3 Pet &#8211; 60 ml."},"content":{"rendered":"<div class=\"chcg-product-description\">\n<h2 class=\"chcg-heading\">\u00dcber Nordic Naturals \u2013 Omega-3 Pet \u2013 60 ml<\/h2>\n<div class=\"chcg-intro\">\n<p>Nordic Naturals Omega-3 Pet ist ein hochwertiges Fisch\u00f6l-Pr\u00e4parat, das speziell f\u00fcr Katzen und kleine Hunderassen entwickelt wurde. Die Kombination aus Sardellen- und Sardinen\u00f6l liefert nat\u00fcrlich vorkommende Omega-3-Fetts\u00e4uren \u2013 darunter EPA (Eicosapentaens\u00e4ure) und DHA (Docosahexaens\u00e4ure) \u2013 in einer leicht dosierbaren Fl\u00fcssigform, die sich problemlos unter das Futter mischen l\u00e4sst.<\/p>\n<p>Die Rezeptur enth\u00e4lt keinerlei K\u00fcnstliche Farb- oder Aromastoffe und wird mit d-alpha-Tocopherol als nat\u00fcrlichem Konservierungsmittel stabilisiert. Nordic Naturals setzt auf bew\u00e4hrte Qualit\u00e4tsstandards und verwendet Fisch\u00f6le aus nachhaltig gefangenen kleinen Meeresfischen.<\/p>\n<p>Das praktische 60-ml-Fl\u00e4schchen ist ideal f\u00fcr die t\u00e4gliche Anwendung zu Hause. Die Dosierung l\u00e4sst sich einfach nach dem K\u00f6rpergewicht des Tieres anpassen, so dass jedes Haustier die passende Menge Omega-3-Fetts\u00e4uren erh\u00e4lt.<\/p>\n<\/p><\/div>\n<div class=\"chcg-nutrition\">\n<h3>N\u00e4hrwertangaben<\/h3>\n<table class=\"chcg-nutrition-table\">\n<thead>\n<tr>\n<th>N\u00e4hrstoff<\/th>\n<th>Pro Portion (1 TL \/ 5,0 ml \/ 4600 mg)<\/th>\n<\/tr>\n<\/thead>\n<tbody>\n<tr>\n<td>Rohfett (min.)<\/td>\n<td>99,4 %<\/td>\n<\/tr>\n<tr>\n<td>Feuchtigkeit (max.)<\/td>\n<td>0,01 %<\/td>\n<\/tr>\n<tr>\n<td>Gesamte Omega-3-Fetts\u00e4uren* (min.)<\/td>\n<td>31 % (ca. 1426 mg)<\/td>\n<\/tr>\n<tr>\n<td>\u2013 Eicosapentaens\u00e4ure (EPA)* (min.)<\/td>\n<td>17 % (ca. 690 mg)<\/td>\n<\/tr>\n<tr>\n<td>\u2013 Docosahexaens\u00e4ure (DHA)* (min.)<\/td>\n<td>10 % (ca. 414 mg)<\/td>\n<\/tr>\n<\/tbody>\n<\/table>\n<p class=\"chcg-footnote\">* Nicht als essenzieller N\u00e4hrstoff gem\u00e4ss den AAFCO Dog Food Nutrient Profiles anerkannt.<\/p>\n<\/p><\/div>\n<div class=\"chcg-ingredients\">\n<h3>Zutaten<\/h3>\n<p>Sardellen\u00f6l, Sardinen\u00f6l, d-alpha-Tocopherol (Konservierungsmittel). Ohne k\u00fcnstliche Farb- oder Aromastoffe.<\/p>\n<\/p><\/div>\n<div class=\"chcg-dosage\">\n<h3>Verzehrempfehlung<\/h3>\n<p>Das \u00d6l kann direkt unter das Futter gemischt oder pur verabreicht werden. Die empfohlene Tagesmenge richtet sich nach dem K\u00f6rpergewicht des Tieres. 1 Teel\u00f6ffel = 5,0 ml (4600 mg).<\/p>\n<ul>\n<li>Hunde 9\u201317 kg (20\u201339 lbs): 0,5 Teel\u00f6ffel (2,5 ml) \u2013 345 mg EPA \/ 207 mg DHA \/ 713 mg Omega-3 gesamt<\/li>\n<li>Hunde 18\u201327 kg (40\u201359 lbs): 1,0 Teel\u00f6ffel (5,0 ml) \u2013 690 mg EPA \/ 414 mg DHA \/ 1426 mg Omega-3 gesamt<\/li>\n<li>Hunde 27\u201336 kg (60\u201379 lbs): 1,5 Teel\u00f6ffel (7,5 ml) \u2013 1035 mg EPA \/ 621 mg DHA \/ 2139 mg Omega-3 gesamt<\/li>\n<\/ul>\n<p>Die empfohlene Tagesmenge darf nicht ohne R\u00fccksprache mit dem Tierarzt \u00fcberschritten werden.<\/p>\n<\/p><\/div>\n<div class=\"chcg-warnings\">\n<h3>Warnhinweise<\/h3>\n<p>Konsultieren Sie Ihren Tierarzt, bevor Sie dieses Produkt verwenden, wenn Ihr Tier an einer chronischen Erkrankung leidet oder Medikamente einnimmt. Informieren Sie Ihren Tierarzt vor einem geplanten chirurgischen Eingriff dar\u00fcber, dass Ihr Tier dieses Produkt erh\u00e4lt. Bei versehentlicher Einnahme (durch Menschen) wenden Sie sich an Ihren Arzt oder Tierarzt. Nicht verwenden, wenn die Originalversiegelung besch\u00e4digt oder nicht vorhanden ist. Ausserhalb der Reichweite von Kindern aufbewahren.<\/p>\n<\/p><\/div>\n<div class=\"chcg-allergens\">\n<h3>Allergeninformationen<\/h3>\n<p>Enth\u00e4lt Fisch (Sardellen, Sardinen). Ohne k\u00fcnstliche Farb- oder Aromastoffe.<\/p>\n<\/p><\/div>\n<div class=\"chcg-storage\">\n<h3>Lagerung<\/h3>\n<p>Nach dem \u00d6ffnen im K\u00fchlschrank aufbewahren. Innerhalb von 3 Monaten nach dem \u00d6ffnen verwenden. Vor dem \u00d6ffnen k\u00fchl und trocken, vor direktem Sonnenlicht gesch\u00fctzt lagern.<\/p>\n<\/p><\/div>\n<div class=\"chcg-dietary\">\n<h3>Ern\u00e4hrungshinweise<\/h3>\n<ul>\n<li>Glutenfrei<\/li>\n<li>Laktosefrei<\/li>\n<\/ul><\/div>\n<\/div>\n","protected":false},"excerpt":{"rendered":"<p>Nordic Naturals Omega-3 Pet liefert nat\u00fcrliche EPA- und DHA-Fetts\u00e4uren aus Sardellen- und Sardinen\u00f6l \u2013 speziell f\u00fcr Katzen und kleine Hunderassen. Das Fl\u00fcssig\u00f6l (60 ml) l\u00e4sst sich einfach unter das Futter mischen und wird nach K\u00f6rpergewicht dosiert.<\/p>\n","protected":false},"featured_media":3706,"comment_status":"closed","ping_status":"open","template":"","meta":[],"product_brand":[214],"product_cat":[48,25,69,39,33],"product_tag":[],"class_list":{"0":"post-3705","1":"product","2":"type-product","3":"status-publish","4":"has-post-thumbnail","6":"product_brand-nordic-naturals","7":"product_cat-gesunde-ernaehrung","8":"product_cat-gesundheit-und-wohlbefinden","9":"product_cat-nahrungsergaenzungsmittel-fuer-haustiere","10":"product_cat-omega-und-fischoel","11":"product_cat-omega-fettsaeuren-essentielle-fettsaeuren-konjugierte-linolsaeure-oele","13":"first","14":"outofstock","15":"taxable","16":"shipping-taxable","17":"purchasable","18":"product-type-simple"},"yoast_head":"<!-- This site is optimized with the Yoast SEO plugin v27.5 - https:\/\/yoast.com\/product\/yoast-seo-wordpress\/ -->\n<title>Omega-3 Pet 60 ml \u2013 Nordic Naturals | ecosupplements.ch<\/title>\n<meta name=\"description\" content=\"Omega-3-Fisch\u00f6l mit EPA &amp; DHA f\u00fcr Katzen und kleine Hunde \u2013 60 ml Fl\u00fcssigkeit von Nordic Naturals, einfach unter das Futter mischen. Jetzt bestellen.\" \/>\n<meta name=\"robots\" content=\"index, follow, max-snippet:-1, max-image-preview:large, max-video-preview:-1\" \/>\n<link rel=\"canonical\" href=\"https:\/\/ecosupplements.ch\/?product=omega-3-pet-60-ml\" \/>\n<meta property=\"og:locale\" content=\"de_DE\" \/>\n<meta property=\"og:type\" content=\"article\" \/>\n<meta property=\"og:title\" content=\"Omega-3 Pet 60 ml \u2013 Nordic Naturals | ecosupplements.ch\" \/>\n<meta property=\"og:description\" content=\"Omega-3-Fisch\u00f6l mit EPA &amp; DHA f\u00fcr Katzen und kleine Hunde \u2013 60 ml Fl\u00fcssigkeit von Nordic Naturals, einfach unter das Futter mischen. Jetzt bestellen.\" \/>\n<meta property=\"og:url\" content=\"https:\/\/ecosupplements.ch\/?product=omega-3-pet-60-ml\" \/>\n<meta property=\"og:site_name\" content=\"Eco Supplements\" \/>\n<meta property=\"article:modified_time\" content=\"2026-05-13T07:22:52+00:00\" \/>\n<meta property=\"og:image\" content=\"https:\/\/ecosupplements.ch\/wp-content\/uploads\/2026\/05\/Omega-3-Pet-60-ml.jpg\" \/>\n\t<meta property=\"og:image:width\" content=\"741\" \/>\n\t<meta property=\"og:image:height\" content=\"900\" \/>\n\t<meta property=\"og:image:type\" content=\"image\/jpeg\" \/>\n<meta name=\"twitter:card\" content=\"summary_large_image\" \/>\n<meta name=\"twitter:label1\" content=\"Price\" \/>\n\t<meta name=\"twitter:data1\" content=\"&#067;&#072;&#070;&nbsp;21.95\" \/>\n\t<meta name=\"twitter:label2\" content=\"Availability\" \/>\n\t<meta name=\"twitter:data2\" content=\"Out of stock\" \/>\n<script type=\"application\/ld+json\" class=\"yoast-schema-graph\">{\"@context\":\"https:\\\/\\\/schema.org\",\"@graph\":[{\"@type\":\"WebPage\",\"@id\":\"https:\\\/\\\/ecosupplements.ch\\\/?product=omega-3-pet-60-ml\",\"url\":\"https:\\\/\\\/ecosupplements.ch\\\/?product=omega-3-pet-60-ml\",\"name\":\"Omega-3 Pet 60 ml \u2013 Nordic Naturals | ecosupplements.ch\",\"isPartOf\":{\"@id\":\"https:\\\/\\\/ecosupplements.ch\\\/#website\"},\"primaryImageOfPage\":{\"@id\":\"https:\\\/\\\/ecosupplements.ch\\\/?product=omega-3-pet-60-ml#primaryimage\"},\"image\":{\"@id\":\"https:\\\/\\\/ecosupplements.ch\\\/?product=omega-3-pet-60-ml#primaryimage\"},\"thumbnailUrl\":\"https:\\\/\\\/ecosupplements.ch\\\/wp-content\\\/uploads\\\/2026\\\/05\\\/Omega-3-Pet-60-ml.jpg\",\"datePublished\":\"2026-05-11T14:52:53+00:00\",\"dateModified\":\"2026-05-13T07:22:52+00:00\",\"description\":\"Omega-3-Fisch\u00f6l mit EPA & DHA f\u00fcr Katzen und kleine Hunde \u2013 60 ml Fl\u00fcssigkeit von Nordic Naturals, einfach unter das Futter mischen. Jetzt bestellen.\",\"breadcrumb\":{\"@id\":\"https:\\\/\\\/ecosupplements.ch\\\/?product=omega-3-pet-60-ml#breadcrumb\"},\"inLanguage\":\"de-CH\",\"potentialAction\":[{\"@type\":\"ReadAction\",\"target\":[\"https:\\\/\\\/ecosupplements.ch\\\/?product=omega-3-pet-60-ml\"]}]},{\"@type\":\"ImageObject\",\"inLanguage\":\"de-CH\",\"@id\":\"https:\\\/\\\/ecosupplements.ch\\\/?product=omega-3-pet-60-ml#primaryimage\",\"url\":\"https:\\\/\\\/ecosupplements.ch\\\/wp-content\\\/uploads\\\/2026\\\/05\\\/Omega-3-Pet-60-ml.jpg\",\"contentUrl\":\"https:\\\/\\\/ecosupplements.ch\\\/wp-content\\\/uploads\\\/2026\\\/05\\\/Omega-3-Pet-60-ml.jpg\",\"width\":741,\"height\":900,\"caption\":\"Omega-3 Pet - 60 ml.\"},{\"@type\":\"BreadcrumbList\",\"@id\":\"https:\\\/\\\/ecosupplements.ch\\\/?product=omega-3-pet-60-ml#breadcrumb\",\"itemListElement\":[{\"@type\":\"ListItem\",\"position\":1,\"name\":\"Home\",\"item\":\"https:\\\/\\\/ecosupplements.ch\\\/\"},{\"@type\":\"ListItem\",\"position\":2,\"name\":\"Shop\",\"item\":\"https:\\\/\\\/ecosupplements.ch\\\/?page_id=14\"},{\"@type\":\"ListItem\",\"position\":3,\"name\":\"Omega-3 Pet &#8211; 60 ml.\"}]},{\"@type\":\"WebSite\",\"@id\":\"https:\\\/\\\/ecosupplements.ch\\\/#website\",\"url\":\"https:\\\/\\\/ecosupplements.ch\\\/\",\"name\":\"Eco Supplements\",\"description\":\"\",\"potentialAction\":[{\"@type\":\"SearchAction\",\"target\":{\"@type\":\"EntryPoint\",\"urlTemplate\":\"https:\\\/\\\/ecosupplements.ch\\\/?s={search_term_string}\"},\"query-input\":{\"@type\":\"PropertyValueSpecification\",\"valueRequired\":true,\"valueName\":\"search_term_string\"}}],\"inLanguage\":\"de-CH\"}]}<\/script>\n<meta property=\"product:price:amount\" content=\"21.95\" \/>\n<meta property=\"product:price:currency\" content=\"CHF\" \/>\n<meta property=\"og:availability\" content=\"out of stock\" \/>\n<meta property=\"product:availability\" content=\"out of stock\" \/>\n<meta property=\"product:retailer_item_id\" content=\"768990505058\" \/>\n<meta property=\"product:condition\" content=\"new\" \/>\n<!-- \/ Yoast SEO plugin. -->","yoast_head_json":{"title":"Omega-3 Pet 60 ml \u2013 Nordic Naturals | ecosupplements.ch","description":"Omega-3-Fisch\u00f6l mit EPA & DHA f\u00fcr Katzen und kleine Hunde \u2013 60 ml Fl\u00fcssigkeit von Nordic Naturals, einfach unter das Futter mischen. Jetzt bestellen.","robots":{"index":"index","follow":"follow","max-snippet":"max-snippet:-1","max-image-preview":"max-image-preview:large","max-video-preview":"max-video-preview:-1"},"canonical":"https:\/\/ecosupplements.ch\/?product=omega-3-pet-60-ml","og_locale":"de_DE","og_type":"article","og_title":"Omega-3 Pet 60 ml \u2013 Nordic Naturals | ecosupplements.ch","og_description":"Omega-3-Fisch\u00f6l mit EPA & DHA f\u00fcr Katzen und kleine Hunde \u2013 60 ml Fl\u00fcssigkeit von Nordic Naturals, einfach unter das Futter mischen. Jetzt bestellen.","og_url":"https:\/\/ecosupplements.ch\/?product=omega-3-pet-60-ml","og_site_name":"Eco Supplements","article_modified_time":"2026-05-13T07:22:52+00:00","og_image":[{"width":741,"height":900,"url":"https:\/\/ecosupplements.ch\/wp-content\/uploads\/2026\/05\/Omega-3-Pet-60-ml.jpg","type":"image\/jpeg"}],"twitter_card":"summary_large_image","twitter_misc":{"Price":"&#67;&#72;&#70;&nbsp;21.95","Availability":"Out of stock"},"schema":{"@context":"https:\/\/schema.org","@graph":[{"@type":"WebPage","@id":"https:\/\/ecosupplements.ch\/?product=omega-3-pet-60-ml","url":"https:\/\/ecosupplements.ch\/?product=omega-3-pet-60-ml","name":"Omega-3 Pet 60 ml \u2013 Nordic Naturals | ecosupplements.ch","isPartOf":{"@id":"https:\/\/ecosupplements.ch\/#website"},"primaryImageOfPage":{"@id":"https:\/\/ecosupplements.ch\/?product=omega-3-pet-60-ml#primaryimage"},"image":{"@id":"https:\/\/ecosupplements.ch\/?product=omega-3-pet-60-ml#primaryimage"},"thumbnailUrl":"https:\/\/ecosupplements.ch\/wp-content\/uploads\/2026\/05\/Omega-3-Pet-60-ml.jpg","datePublished":"2026-05-11T14:52:53+00:00","dateModified":"2026-05-13T07:22:52+00:00","description":"Omega-3-Fisch\u00f6l mit EPA & DHA f\u00fcr Katzen und kleine Hunde \u2013 60 ml Fl\u00fcssigkeit von Nordic Naturals, einfach unter das Futter mischen. Jetzt bestellen.","breadcrumb":{"@id":"https:\/\/ecosupplements.ch\/?product=omega-3-pet-60-ml#breadcrumb"},"inLanguage":"de-CH","potentialAction":[{"@type":"ReadAction","target":["https:\/\/ecosupplements.ch\/?product=omega-3-pet-60-ml"]}]},{"@type":"ImageObject","inLanguage":"de-CH","@id":"https:\/\/ecosupplements.ch\/?product=omega-3-pet-60-ml#primaryimage","url":"https:\/\/ecosupplements.ch\/wp-content\/uploads\/2026\/05\/Omega-3-Pet-60-ml.jpg","contentUrl":"https:\/\/ecosupplements.ch\/wp-content\/uploads\/2026\/05\/Omega-3-Pet-60-ml.jpg","width":741,"height":900,"caption":"Omega-3 Pet - 60 ml."},{"@type":"BreadcrumbList","@id":"https:\/\/ecosupplements.ch\/?product=omega-3-pet-60-ml#breadcrumb","itemListElement":[{"@type":"ListItem","position":1,"name":"Home","item":"https:\/\/ecosupplements.ch\/"},{"@type":"ListItem","position":2,"name":"Shop","item":"https:\/\/ecosupplements.ch\/?page_id=14"},{"@type":"ListItem","position":3,"name":"Omega-3 Pet &#8211; 60 ml."}]},{"@type":"WebSite","@id":"https:\/\/ecosupplements.ch\/#website","url":"https:\/\/ecosupplements.ch\/","name":"Eco Supplements","description":"","potentialAction":[{"@type":"SearchAction","target":{"@type":"EntryPoint","urlTemplate":"https:\/\/ecosupplements.ch\/?s={search_term_string}"},"query-input":{"@type":"PropertyValueSpecification","valueRequired":true,"valueName":"search_term_string"}}],"inLanguage":"de-CH"}]},"product_price_amount":"21.95","product_price_currency":"CHF","og_availability":"out of stock","product_availability":"out of stock","product_retailer_item_id":"768990505058","product_condition":"new"},"_links":{"self":[{"href":"https:\/\/ecosupplements.ch\/index.php?rest_route=\/wp\/v2\/product\/3705","targetHints":{"allow":["GET"]}}],"collection":[{"href":"https:\/\/ecosupplements.ch\/index.php?rest_route=\/wp\/v2\/product"}],"about":[{"href":"https:\/\/ecosupplements.ch\/index.php?rest_route=\/wp\/v2\/types\/product"}],"replies":[{"embeddable":true,"href":"https:\/\/ecosupplements.ch\/index.php?rest_route=%2Fwp%2Fv2%2Fcomments&post=3705"}],"wp:featuredmedia":[{"embeddable":true,"href":"https:\/\/ecosupplements.ch\/index.php?rest_route=\/wp\/v2\/media\/3706"}],"wp:attachment":[{"href":"https:\/\/ecosupplements.ch\/index.php?rest_route=%2Fwp%2Fv2%2Fmedia&parent=3705"}],"wp:term":[{"taxonomy":"product_brand","embeddable":true,"href":"https:\/\/ecosupplements.ch\/index.php?rest_route=%2Fwp%2Fv2%2Fproduct_brand&post=3705"},{"taxonomy":"product_cat","embeddable":true,"href":"https:\/\/ecosupplements.ch\/index.php?rest_route=%2Fwp%2Fv2%2Fproduct_cat&post=3705"},{"taxonomy":"product_tag","embeddable":true,"href":"https:\/\/ecosupplements.ch\/index.php?rest_route=%2Fwp%2Fv2%2Fproduct_tag&post=3705"}],"curies":[{"name":"wp","href":"https:\/\/api.w.org\/{rel}","templated":true}]}}