{"id":3822,"date":"2026-05-11T14:53:53","date_gmt":"2026-05-11T14:53:53","guid":{"rendered":"https:\/\/ecosupplements.ch\/?product=swanson-epic-pro-25-30-weg-kaps-dr"},"modified":"2026-05-13T07:23:48","modified_gmt":"2026-05-13T07:23:48","slug":"swanson-epic-pro-25-30-weg-kaps-dr","status":"publish","type":"product","link":"https:\/\/ecosupplements.ch\/?product=swanson-epic-pro-25-30-weg-kaps-dr","title":{"rendered":"SWANSON Epic Pro 25 30 weg kaps DR"},"content":{"rendered":"<div class=\"chcg-product-description\">\n<h2 class=\"chcg-heading\">\u00dcber Swanson \u2013 Epic Pro 25 30 Veg. Kapseln DR<\/h2>\n<div class=\"chcg-intro\">\n<p>Swanson Epic Pro 25 ist ein umfassendes Probiotikum mit 25 sorgf\u00e4ltig ausgew\u00e4hlten Bakterien- und Hefest\u00e4mmen, die zusammen 30 Milliarden CFU (koloniebildende Einheiten) pro Kapsel liefern. Die Formulierung vereint bew\u00e4hrte Lactobacillus- und Bifidobacterium-St\u00e4mme sowie Saccharomyces boulardii und FOS (Fructooligosaccharide) als nat\u00fcrliche Pr\u00e4biotika, die als N\u00e4hrstoffgrundlage f\u00fcr die probiotischen Kulturen dienen.<\/p>\n<p>Ein besonderes Merkmal dieses Produkts ist die Verwendung von EMBO CAPS\u00ae AP \u2013 einer magensaftresistenten Vegetarierkapseltechnologie, die sicherstellt, dass die empfindlichen Probiotikast\u00e4mme die Magenpassage unbesch\u00e4digt \u00fcberstehen und erst im Darm freigesetzt werden. Dies erh\u00f6ht die Wahrscheinlichkeit, dass die lebenden Kulturen ihr Ziel im Verdauungstrakt erreichen.<\/p>\n<p>Mit nur einer Kapsel pro Tag und einer veganen, pflanzenbasierten Kapselh\u00fclle ist Swanson Epic Pro 25 eine praktische und alltagstaugliche Erg\u00e4nzung f\u00fcr alle, die ihre Darmflora gezielt und vielf\u00e4ltig unterst\u00fctzen m\u00f6chten. Die kompakte Packung mit 30 Kapseln entspricht einem Monatsvorrat.<\/p>\n<\/p><\/div>\n<div class=\"chcg-nutrition\">\n<h3>N\u00e4hrwertangaben<\/h3>\n<table class=\"chcg-nutrition-table\">\n<thead>\n<tr>\n<th>N\u00e4hrstoff<\/th>\n<th>Pro Portion (1 Kapsel)<\/th>\n<\/tr>\n<\/thead>\n<tbody>\n<tr>\n<td>25-St\u00e4mme-Probiotika-Mischung<\/td>\n<td>175 mg<\/td>\n<\/tr>\n<tr>\n<td>\u2013 Lactobacillus acidophilus UABla01<\/td>\n<td>7 \u00d7 10\u2079 CFU<\/td>\n<\/tr>\n<tr>\n<td>\u2013 Bifidobacterium lactis UABla12<\/td>\n<td>5 \u00d7 10\u2079 CFU<\/td>\n<\/tr>\n<tr>\n<td>\u2013 Lactobacillus plantarum UALp05<\/td>\n<td>3 \u00d7 10\u2079 CFU<\/td>\n<\/tr>\n<tr>\n<td>\u2013 Lactobacillus gasseri<\/td>\n<td>1,5 \u00d7 10\u2079 CFU<\/td>\n<\/tr>\n<tr>\n<td>\u2013 Bifidobacterium bifidum UABb10<\/td>\n<td>1 \u00d7 10\u2079 CFU<\/td>\n<\/tr>\n<tr>\n<td>\u2013 Lactobacillus acidophilus DDS<\/td>\n<td>1 \u00d7 10\u2079 CFU<\/td>\n<\/tr>\n<tr>\n<td>\u2013 Lactobacillus rhamnosus UALr-06<\/td>\n<td>1 \u00d7 10\u2079 CFU<\/td>\n<\/tr>\n<tr>\n<td>\u2013 Lactobacillus salivarius UALs07 UAS<\/td>\n<td>1 \u00d7 10\u2079 CFU<\/td>\n<\/tr>\n<tr>\n<td>\u2013 Lactobacillus lactis<\/td>\n<td>1 \u00d7 10\u2079 CFU<\/td>\n<\/tr>\n<tr>\n<td>\u2013 Streptococcus thermophilus<\/td>\n<td>1 \u00d7 10\u2079 CFU<\/td>\n<\/tr>\n<tr>\n<td>\u2013 Lactobacillus helveticus Rosell-52<\/td>\n<td>0,9 \u00d7 10\u2079 CFU<\/td>\n<\/tr>\n<tr>\n<td>\u2013 Bifidobacterium animalis<\/td>\n<td>0,5 \u00d7 10\u2079 CFU<\/td>\n<\/tr>\n<tr>\n<td>\u2013 Bifidobacterium breve<\/td>\n<td>0,5 \u00d7 10\u2079 CFU<\/td>\n<\/tr>\n<tr>\n<td>\u2013 Bifidobacterium infantis<\/td>\n<td>0,5 \u00d7 10\u2079 CFU<\/td>\n<\/tr>\n<tr>\n<td>\u2013 Bifidobacterium lactis<\/td>\n<td>0,5 \u00d7 10\u2079 CFU<\/td>\n<\/tr>\n<tr>\n<td>\u2013 Bifidobacterium longum<\/td>\n<td>0,5 \u00d7 10\u2079 CFU<\/td>\n<\/tr>\n<tr>\n<td>\u2013 Lactobacillus brevis<\/td>\n<td>0,5 \u00d7 10\u2079 CFU<\/td>\n<\/tr>\n<tr>\n<td>\u2013 Lactobacillus bulgaricus<\/td>\n<td>0,5 \u00d7 10\u2079 CFU<\/td>\n<\/tr>\n<tr>\n<td>\u2013 Lactobacillus casei<\/td>\n<td>0,5 \u00d7 10\u2079 CFU<\/td>\n<\/tr>\n<tr>\n<td>\u2013 Lactobacillus fermentum<\/td>\n<td>0,5 \u00d7 10\u2079 CFU<\/td>\n<\/tr>\n<tr>\n<td>\u2013 Lactobacillus fermentum Lf-33<\/td>\n<td>0,5 \u00d7 10\u2079 CFU<\/td>\n<\/tr>\n<tr>\n<td>\u2013 Lactobacillus paracasei UALpc04 UAS<\/td>\n<td>0,5 \u00d7 10\u2079 CFU<\/td>\n<\/tr>\n<tr>\n<td>\u2013 Lactobacillus reuteri<\/td>\n<td>0,5 \u00d7 10\u2079 CFU<\/td>\n<\/tr>\n<tr>\n<td>\u2013 Saccharomyces boulardii<\/td>\n<td>0,5 \u00d7 10\u2079 CFU<\/td>\n<\/tr>\n<tr>\n<td>\u2013 Lactobacillus helveticus<\/td>\n<td>0,5 \u00d7 10\u2079 CFU<\/td>\n<\/tr>\n<tr>\n<td>FOS (Fructooligosaccharide)<\/td>\n<td>\u2013<\/td>\n<\/tr>\n<tr>\n<td><strong>Gesamte CFU pro Portion<\/strong><\/td>\n<td><strong>30 \u00d7 10\u2079 (30 Milliarden CFU)<\/strong><\/td>\n<\/tr>\n<\/tbody>\n<\/table>\n<p class=\"chcg-footnote\">* F\u00fcr Probiotikast\u00e4mme ist kein Tagesbedarf festgelegt.<\/p>\n<\/p><\/div>\n<div class=\"chcg-ingredients\">\n<h3>Zutaten<\/h3>\n<p>25-St\u00e4mme-Probiotika-Mischung 175 mg [Lactobacillus acidophilus UABla01 (7 \u00d7 10\u2079 CFU), Bifidobacterium lactis UABla12 (5 \u00d7 10\u2079 CFU), Lactobacillus plantarum UALp05 (3 \u00d7 10\u2079 CFU), Lactobacillus gasseri (1,5 \u00d7 10\u2079 CFU), Bifidobacterium bifidum UABb10 (1 \u00d7 10\u2079 CFU), Lactobacillus acidophilus DDS (1 \u00d7 10\u2079 CFU), Lactobacillus rhamnosus UALr-06 (1 \u00d7 10\u2079 CFU), Lactobacillus salivarius UALs07 UAS (1 \u00d7 10\u2079 CFU), Lactobacillus lactis (1 \u00d7 10\u2079 CFU), Streptococcus thermophilus (1 \u00d7 10\u2079 CFU), Lactobacillus helveticus Rosell-52 (0,9 \u00d7 10\u2079 CFU), Bifidobacterium animalis (0,5 \u00d7 10\u2079 CFU), Bifidobacterium breve (0,5 \u00d7 10\u2079 CFU), Bifidobacterium infantis (0,5 \u00d7 10\u2079 CFU), Bifidobacterium lactis (0,5 \u00d7 10\u2079 CFU), Bifidobacterium longum (0,5 \u00d7 10\u2079 CFU), Lactobacillus brevis (0,5 \u00d7 10\u2079 CFU), Lactobacillus bulgaricus (0,5 \u00d7 10\u2079 CFU), Lactobacillus casei (0,5 \u00d7 10\u2079 CFU), Lactobacillus fermentum (0,5 \u00d7 10\u2079 CFU), Lactobacillus fermentum Lf-33 (0,5 \u00d7 10\u2079 CFU), Lactobacillus paracasei UALpc04 UAS (0,5 \u00d7 10\u2079 CFU), Lactobacillus reuteri (0,5 \u00d7 10\u2079 CFU), Saccharomyces boulardii (0,5 \u00d7 10\u2079 CFU), Lactobacillus helveticus (0,5 \u00d7 10\u2079 CFU)], FOS (Fructooligosaccharide). Weitere Zutaten: Vegetarische Kapsel (Hydroxypropylmethylcellulose) (EMBO CAPS\u00ae AP), mikrokristalline Cellulose (Pflanzenfaser), Magnesiumstearat, Siliziumdioxid.<\/p>\n<p class=\"chcg-capsule-shell\">Kapselh\u00fclle: Vegetarische Kapsel (Hydroxypropylmethylcellulose) (EMBO CAPS\u00ae AP)<\/p>\n<\/p><\/div>\n<div class=\"chcg-dosage\">\n<h3>Verzehrempfehlung<\/h3>\n<p>Als Nahrungserg\u00e4nzungsmittel eine Vegetarierkapsel pro Tag mit Wasser einnehmen.<\/p>\n<\/p><\/div>\n<div class=\"chcg-warnings\">\n<h3>Warnhinweise<\/h3>\n<p>Nur f\u00fcr Erwachsene. Konsultieren Sie vor der Einnahme dieses oder eines anderen Produkts Ihren Arzt oder Ihre \u00c4rztin, wenn Sie schwanger sind oder stillen, Medikamente einnehmen oder an einer Erkrankung leiden. Ausserhalb der Reichweite von Kindern aufbewahren. Nicht verwenden, wenn die Originalschutzversiegelung besch\u00e4digt ist.<\/p>\n<\/p><\/div>\n<div class=\"chcg-allergens\">\n<h3>Allergeninformationen<\/h3>\n<p>Auf dem Etikett sind keine Allergene deklariert. Das Produkt enth\u00e4lt keine Bestandteile tierischen Ursprungs und ist f\u00fcr Veganer und Vegetarier geeignet.<\/p>\n<\/p><\/div>\n<div class=\"chcg-storage\">\n<h3>Lagerung<\/h3>\n<p>An einem k\u00fchlen, trockenen Ort lagern. Nicht verwenden, wenn die Originalschutzversiegelung besch\u00e4digt ist. Ausserhalb der Reichweite von Kindern aufbewahren.<\/p>\n<\/p><\/div>\n<div class=\"chcg-dietary\">\n<h3>Ern\u00e4hrungshinweise<\/h3>\n<ul>\n<li>Vegan<\/li>\n<li>Vegetarisch<\/li>\n<\/ul><\/div>\n<\/div>\n","protected":false},"excerpt":{"rendered":"<p>Swanson Epic Pro 25 liefert 30 Milliarden CFU aus 25 Probiotikast\u00e4mmen pro magensaftresistenter Veganer-Kapsel. 30 Kapseln f\u00fcr einen Monatsvorrat. Unterst\u00fctzt eine vielf\u00e4ltige Darmflora.<\/p>\n","protected":false},"featured_media":3823,"comment_status":"closed","ping_status":"open","template":"","meta":[],"product_brand":[16],"product_cat":[48,25,104,21],"product_tag":[],"class_list":{"0":"post-3822","1":"product","2":"type-product","3":"status-publish","4":"has-post-thumbnail","6":"product_brand-swanson","7":"product_cat-gesunde-ernaehrung","8":"product_cat-gesundheit-und-wohlbefinden","9":"product_cat-probiotika","10":"product_cat-vitamine-und-mineralstoffe","12":"first","13":"outofstock","14":"taxable","15":"shipping-taxable","16":"purchasable","17":"product-type-simple"},"yoast_head":"<!-- This site is optimized with the Yoast SEO plugin v27.5 - https:\/\/yoast.com\/product\/yoast-seo-wordpress\/ -->\n<title>Swanson Epic Pro 25 \u2013 30 Mrd. CFU, 30 Kapseln | ecosupplements.ch<\/title>\n<meta name=\"description\" content=\"30 Milliarden CFU aus 25 Probiotikast\u00e4mmen in magensaftresistenten Veganer-Kapseln \u2013 ein Monatsvorrat f\u00fcr eine vielf\u00e4ltige Darmflora. Jetzt bestellen.\" \/>\n<meta name=\"robots\" content=\"index, follow, max-snippet:-1, max-image-preview:large, max-video-preview:-1\" \/>\n<link rel=\"canonical\" href=\"https:\/\/ecosupplements.ch\/?product=swanson-epic-pro-25-30-weg-kaps-dr\" \/>\n<meta property=\"og:locale\" content=\"de_DE\" \/>\n<meta property=\"og:type\" content=\"article\" \/>\n<meta property=\"og:title\" content=\"Swanson Epic Pro 25 \u2013 30 Mrd. CFU, 30 Kapseln | ecosupplements.ch\" \/>\n<meta property=\"og:description\" content=\"30 Milliarden CFU aus 25 Probiotikast\u00e4mmen in magensaftresistenten Veganer-Kapseln \u2013 ein Monatsvorrat f\u00fcr eine vielf\u00e4ltige Darmflora. Jetzt bestellen.\" \/>\n<meta property=\"og:url\" content=\"https:\/\/ecosupplements.ch\/?product=swanson-epic-pro-25-30-weg-kaps-dr\" \/>\n<meta property=\"og:site_name\" content=\"Eco Supplements\" \/>\n<meta property=\"article:modified_time\" content=\"2026-05-13T07:23:48+00:00\" \/>\n<meta property=\"og:image\" content=\"https:\/\/ecosupplements.ch\/wp-content\/uploads\/2026\/05\/SWANSON-Epic-Pro-25-30-weg-kaps-DR-1.jpg\" \/>\n\t<meta property=\"og:image:width\" content=\"1080\" \/>\n\t<meta property=\"og:image:height\" content=\"1080\" \/>\n\t<meta property=\"og:image:type\" content=\"image\/jpeg\" \/>\n<meta name=\"twitter:card\" content=\"summary_large_image\" \/>\n<meta name=\"twitter:label1\" content=\"Price\" \/>\n\t<meta name=\"twitter:data1\" content=\"&#067;&#072;&#070;&nbsp;19.26\" \/>\n\t<meta name=\"twitter:label2\" content=\"Availability\" \/>\n\t<meta name=\"twitter:data2\" content=\"Out of stock\" \/>\n<script type=\"application\/ld+json\" class=\"yoast-schema-graph\">{\"@context\":\"https:\\\/\\\/schema.org\",\"@graph\":[{\"@type\":\"WebPage\",\"@id\":\"https:\\\/\\\/ecosupplements.ch\\\/?product=swanson-epic-pro-25-30-weg-kaps-dr\",\"url\":\"https:\\\/\\\/ecosupplements.ch\\\/?product=swanson-epic-pro-25-30-weg-kaps-dr\",\"name\":\"Swanson Epic Pro 25 \u2013 30 Mrd. CFU, 30 Kapseln | ecosupplements.ch\",\"isPartOf\":{\"@id\":\"https:\\\/\\\/ecosupplements.ch\\\/#website\"},\"primaryImageOfPage\":{\"@id\":\"https:\\\/\\\/ecosupplements.ch\\\/?product=swanson-epic-pro-25-30-weg-kaps-dr#primaryimage\"},\"image\":{\"@id\":\"https:\\\/\\\/ecosupplements.ch\\\/?product=swanson-epic-pro-25-30-weg-kaps-dr#primaryimage\"},\"thumbnailUrl\":\"https:\\\/\\\/ecosupplements.ch\\\/wp-content\\\/uploads\\\/2026\\\/05\\\/SWANSON-Epic-Pro-25-30-weg-kaps-DR-1.jpg\",\"datePublished\":\"2026-05-11T14:53:53+00:00\",\"dateModified\":\"2026-05-13T07:23:48+00:00\",\"description\":\"30 Milliarden CFU aus 25 Probiotikast\u00e4mmen in magensaftresistenten Veganer-Kapseln \u2013 ein Monatsvorrat f\u00fcr eine vielf\u00e4ltige Darmflora. Jetzt bestellen.\",\"breadcrumb\":{\"@id\":\"https:\\\/\\\/ecosupplements.ch\\\/?product=swanson-epic-pro-25-30-weg-kaps-dr#breadcrumb\"},\"inLanguage\":\"de-CH\",\"potentialAction\":[{\"@type\":\"ReadAction\",\"target\":[\"https:\\\/\\\/ecosupplements.ch\\\/?product=swanson-epic-pro-25-30-weg-kaps-dr\"]}]},{\"@type\":\"ImageObject\",\"inLanguage\":\"de-CH\",\"@id\":\"https:\\\/\\\/ecosupplements.ch\\\/?product=swanson-epic-pro-25-30-weg-kaps-dr#primaryimage\",\"url\":\"https:\\\/\\\/ecosupplements.ch\\\/wp-content\\\/uploads\\\/2026\\\/05\\\/SWANSON-Epic-Pro-25-30-weg-kaps-DR-1.jpg\",\"contentUrl\":\"https:\\\/\\\/ecosupplements.ch\\\/wp-content\\\/uploads\\\/2026\\\/05\\\/SWANSON-Epic-Pro-25-30-weg-kaps-DR-1.jpg\",\"width\":1080,\"height\":1080,\"caption\":\"SWANSON Epic Pro 25 30 weg kaps DR\"},{\"@type\":\"BreadcrumbList\",\"@id\":\"https:\\\/\\\/ecosupplements.ch\\\/?product=swanson-epic-pro-25-30-weg-kaps-dr#breadcrumb\",\"itemListElement\":[{\"@type\":\"ListItem\",\"position\":1,\"name\":\"Home\",\"item\":\"https:\\\/\\\/ecosupplements.ch\\\/\"},{\"@type\":\"ListItem\",\"position\":2,\"name\":\"Shop\",\"item\":\"https:\\\/\\\/ecosupplements.ch\\\/?page_id=14\"},{\"@type\":\"ListItem\",\"position\":3,\"name\":\"SWANSON Epic Pro 25 30 weg kaps DR\"}]},{\"@type\":\"WebSite\",\"@id\":\"https:\\\/\\\/ecosupplements.ch\\\/#website\",\"url\":\"https:\\\/\\\/ecosupplements.ch\\\/\",\"name\":\"Eco Supplements\",\"description\":\"\",\"potentialAction\":[{\"@type\":\"SearchAction\",\"target\":{\"@type\":\"EntryPoint\",\"urlTemplate\":\"https:\\\/\\\/ecosupplements.ch\\\/?s={search_term_string}\"},\"query-input\":{\"@type\":\"PropertyValueSpecification\",\"valueRequired\":true,\"valueName\":\"search_term_string\"}}],\"inLanguage\":\"de-CH\"}]}<\/script>\n<meta property=\"product:price:amount\" content=\"19.26\" \/>\n<meta property=\"product:price:currency\" content=\"CHF\" \/>\n<meta property=\"og:availability\" content=\"out of stock\" \/>\n<meta property=\"product:availability\" content=\"out of stock\" \/>\n<meta property=\"product:retailer_item_id\" content=\"087614190303\" \/>\n<meta property=\"product:condition\" content=\"new\" \/>\n<!-- \/ Yoast SEO plugin. -->","yoast_head_json":{"title":"Swanson Epic Pro 25 \u2013 30 Mrd. CFU, 30 Kapseln | ecosupplements.ch","description":"30 Milliarden CFU aus 25 Probiotikast\u00e4mmen in magensaftresistenten Veganer-Kapseln \u2013 ein Monatsvorrat f\u00fcr eine vielf\u00e4ltige Darmflora. Jetzt bestellen.","robots":{"index":"index","follow":"follow","max-snippet":"max-snippet:-1","max-image-preview":"max-image-preview:large","max-video-preview":"max-video-preview:-1"},"canonical":"https:\/\/ecosupplements.ch\/?product=swanson-epic-pro-25-30-weg-kaps-dr","og_locale":"de_DE","og_type":"article","og_title":"Swanson Epic Pro 25 \u2013 30 Mrd. CFU, 30 Kapseln | ecosupplements.ch","og_description":"30 Milliarden CFU aus 25 Probiotikast\u00e4mmen in magensaftresistenten Veganer-Kapseln \u2013 ein Monatsvorrat f\u00fcr eine vielf\u00e4ltige Darmflora. Jetzt bestellen.","og_url":"https:\/\/ecosupplements.ch\/?product=swanson-epic-pro-25-30-weg-kaps-dr","og_site_name":"Eco Supplements","article_modified_time":"2026-05-13T07:23:48+00:00","og_image":[{"width":1080,"height":1080,"url":"https:\/\/ecosupplements.ch\/wp-content\/uploads\/2026\/05\/SWANSON-Epic-Pro-25-30-weg-kaps-DR-1.jpg","type":"image\/jpeg"}],"twitter_card":"summary_large_image","twitter_misc":{"Price":"&#67;&#72;&#70;&nbsp;19.26","Availability":"Out of stock"},"schema":{"@context":"https:\/\/schema.org","@graph":[{"@type":"WebPage","@id":"https:\/\/ecosupplements.ch\/?product=swanson-epic-pro-25-30-weg-kaps-dr","url":"https:\/\/ecosupplements.ch\/?product=swanson-epic-pro-25-30-weg-kaps-dr","name":"Swanson Epic Pro 25 \u2013 30 Mrd. CFU, 30 Kapseln | ecosupplements.ch","isPartOf":{"@id":"https:\/\/ecosupplements.ch\/#website"},"primaryImageOfPage":{"@id":"https:\/\/ecosupplements.ch\/?product=swanson-epic-pro-25-30-weg-kaps-dr#primaryimage"},"image":{"@id":"https:\/\/ecosupplements.ch\/?product=swanson-epic-pro-25-30-weg-kaps-dr#primaryimage"},"thumbnailUrl":"https:\/\/ecosupplements.ch\/wp-content\/uploads\/2026\/05\/SWANSON-Epic-Pro-25-30-weg-kaps-DR-1.jpg","datePublished":"2026-05-11T14:53:53+00:00","dateModified":"2026-05-13T07:23:48+00:00","description":"30 Milliarden CFU aus 25 Probiotikast\u00e4mmen in magensaftresistenten Veganer-Kapseln \u2013 ein Monatsvorrat f\u00fcr eine vielf\u00e4ltige Darmflora. Jetzt bestellen.","breadcrumb":{"@id":"https:\/\/ecosupplements.ch\/?product=swanson-epic-pro-25-30-weg-kaps-dr#breadcrumb"},"inLanguage":"de-CH","potentialAction":[{"@type":"ReadAction","target":["https:\/\/ecosupplements.ch\/?product=swanson-epic-pro-25-30-weg-kaps-dr"]}]},{"@type":"ImageObject","inLanguage":"de-CH","@id":"https:\/\/ecosupplements.ch\/?product=swanson-epic-pro-25-30-weg-kaps-dr#primaryimage","url":"https:\/\/ecosupplements.ch\/wp-content\/uploads\/2026\/05\/SWANSON-Epic-Pro-25-30-weg-kaps-DR-1.jpg","contentUrl":"https:\/\/ecosupplements.ch\/wp-content\/uploads\/2026\/05\/SWANSON-Epic-Pro-25-30-weg-kaps-DR-1.jpg","width":1080,"height":1080,"caption":"SWANSON Epic Pro 25 30 weg kaps DR"},{"@type":"BreadcrumbList","@id":"https:\/\/ecosupplements.ch\/?product=swanson-epic-pro-25-30-weg-kaps-dr#breadcrumb","itemListElement":[{"@type":"ListItem","position":1,"name":"Home","item":"https:\/\/ecosupplements.ch\/"},{"@type":"ListItem","position":2,"name":"Shop","item":"https:\/\/ecosupplements.ch\/?page_id=14"},{"@type":"ListItem","position":3,"name":"SWANSON Epic Pro 25 30 weg kaps DR"}]},{"@type":"WebSite","@id":"https:\/\/ecosupplements.ch\/#website","url":"https:\/\/ecosupplements.ch\/","name":"Eco Supplements","description":"","potentialAction":[{"@type":"SearchAction","target":{"@type":"EntryPoint","urlTemplate":"https:\/\/ecosupplements.ch\/?s={search_term_string}"},"query-input":{"@type":"PropertyValueSpecification","valueRequired":true,"valueName":"search_term_string"}}],"inLanguage":"de-CH"}]},"product_price_amount":"19.26","product_price_currency":"CHF","og_availability":"out of stock","product_availability":"out of stock","product_retailer_item_id":"087614190303","product_condition":"new"},"_links":{"self":[{"href":"https:\/\/ecosupplements.ch\/index.php?rest_route=\/wp\/v2\/product\/3822","targetHints":{"allow":["GET"]}}],"collection":[{"href":"https:\/\/ecosupplements.ch\/index.php?rest_route=\/wp\/v2\/product"}],"about":[{"href":"https:\/\/ecosupplements.ch\/index.php?rest_route=\/wp\/v2\/types\/product"}],"replies":[{"embeddable":true,"href":"https:\/\/ecosupplements.ch\/index.php?rest_route=%2Fwp%2Fv2%2Fcomments&post=3822"}],"wp:featuredmedia":[{"embeddable":true,"href":"https:\/\/ecosupplements.ch\/index.php?rest_route=\/wp\/v2\/media\/3823"}],"wp:attachment":[{"href":"https:\/\/ecosupplements.ch\/index.php?rest_route=%2Fwp%2Fv2%2Fmedia&parent=3822"}],"wp:term":[{"taxonomy":"product_brand","embeddable":true,"href":"https:\/\/ecosupplements.ch\/index.php?rest_route=%2Fwp%2Fv2%2Fproduct_brand&post=3822"},{"taxonomy":"product_cat","embeddable":true,"href":"https:\/\/ecosupplements.ch\/index.php?rest_route=%2Fwp%2Fv2%2Fproduct_cat&post=3822"},{"taxonomy":"product_tag","embeddable":true,"href":"https:\/\/ecosupplements.ch\/index.php?rest_route=%2Fwp%2Fv2%2Fproduct_tag&post=3822"}],"curies":[{"name":"wp","href":"https:\/\/api.w.org\/{rel}","templated":true}]}}