{"id":3858,"date":"2026-05-11T14:54:09","date_gmt":"2026-05-11T14:54:09","guid":{"rendered":"https:\/\/ecosupplements.ch\/?product=swanson-fs-milk-thistle-500mg-30-kaps"},"modified":"2026-05-13T07:23:52","modified_gmt":"2026-05-13T07:23:52","slug":"swanson-fs-milk-thistle-500mg-30-kaps","status":"publish","type":"product","link":"https:\/\/ecosupplements.ch\/?product=swanson-fs-milk-thistle-500mg-30-kaps","title":{"rendered":"SWANSON FS Milk Thistle 500mg 30 kaps"},"content":{"rendered":"<div class=\"chcg-product-description\">\n<h2 class=\"chcg-heading\">\u00dcber Swanson \u2013 Milk Thistle 500mg \u2013 30 Kapseln<\/h2>\n<div class=\"chcg-intro\">\n<p>Mariendistel (<em>Silybum marianum<\/em>) geh\u00f6rt zu den bekanntesten pflanzlichen Wirkstoffen und wird seit Jahrhunderten in der traditionellen Pflanzenheilkunde eingesetzt. Der Extrakt aus den Samen der Mariendistel enth\u00e4lt Silymarin, einen Wirkstoffkomplex, der intensiv erforscht wird und f\u00fcr seine lebersch\u00fctzenden Eigenschaften bekannt ist. Swanson liefert mit diesem Produkt eine unkomplizierte, hochdosierte Formulierung ohne unn\u00f6tige Zusatzstoffe.<\/p>\n<p>Jede Kapsel enth\u00e4lt 500 mg reines Mariendistel-Samenpulver (<em>Silybum marianum<\/em>). Die empfohlene Tagesdosis von zwei Kapseln zwei- bis dreimal t\u00e4glich liefert bis zu 3 g Mariendistel pro Tag und erm\u00f6glicht so eine flexible Dosierung, die individuell angepasst werden kann.<\/p>\n<p>Swanson steht seit Jahrzehnten f\u00fcr qualitativ hochwertige Nahrungserg\u00e4nzungsmittel zu einem fairen Preis-Leistungs-Verh\u00e4ltnis. Dieses Produkt richtet sich an Erwachsene, die Mariendistel als Teil einer ausgewogenen Ern\u00e4hrung und eines gesunden Lebensstils erg\u00e4nzen m\u00f6chten.<\/p>\n<\/p><\/div>\n<div class=\"chcg-nutrition\">\n<h3>N\u00e4hrwertangaben<\/h3>\n<table class=\"chcg-nutrition-table\">\n<thead>\n<tr>\n<th>N\u00e4hrstoff<\/th>\n<th>Pro Portion (2 Kapseln)<\/th>\n<\/tr>\n<\/thead>\n<tbody>\n<tr>\n<td>Mariendistel (<em>Silybum marianum<\/em>) (Samen)<\/td>\n<td>1 g (1000 mg)*<\/td>\n<\/tr>\n<\/tbody>\n<\/table>\n<p class=\"chcg-footnote\">* Kein festgelegter Tagesbedarf (Tagesreferenzwert) vorhanden.<\/p>\n<p class=\"chcg-footnote\">Portionsgr\u00f6sse: 2 Kapseln | Portionen pro Packung: 15<\/p>\n<\/p><\/div>\n<div class=\"chcg-ingredients\">\n<h3>Zutaten<\/h3>\n<p>Mariendistel (<em>Silybum marianum<\/em>) (Samen) 500 mg. Weitere Zutaten: Reismehl, Gelatine, Magnesiumstearat, Siliciumdioxid.<\/p>\n<p class=\"chcg-capsule-shell\">Kapselh\u00fclle: Gelatine (Herkunft bovine\/porcine nicht spezifiziert).<\/p>\n<\/p><\/div>\n<div class=\"chcg-dosage\">\n<h3>Verzehrempfehlung<\/h3>\n<p>Als Nahrungserg\u00e4nzungsmittel t\u00e4glich zwei Kapseln zwei- bis dreimal t\u00e4glich mit Wasser einnehmen. Portionsgr\u00f6sse: 2 Kapseln. Portionen pro Packung: 15.<\/p>\n<\/p><\/div>\n<div class=\"chcg-warnings\">\n<h3>Warnhinweise<\/h3>\n<p>Nur f\u00fcr Erwachsene. Bitte konsultieren Sie vor der Einnahme dieses oder eines anderen Produkts Ihren Arzt oder Ihre \u00c4rztin, wenn Sie schwanger sind oder stillen, Medikamente einnehmen oder an einer Erkrankung leiden. Ausserhalb der Reichweite von Kindern aufbewahren. Nicht verwenden, wenn die Versiegelung besch\u00e4digt ist.<\/p>\n<\/p><\/div>\n<div class=\"chcg-allergens\">\n<h3>Allergeninformationen<\/h3>\n<p>Auf der Produktverpackung sind keine Allergene deklariert. Das Produkt enth\u00e4lt Gelatine (Herkunft bovine\/porcine nicht spezifiziert). Nicht f\u00fcr Veganer oder Vegetarier geeignet.<\/p>\n<\/p><\/div>\n<div class=\"chcg-storage\">\n<h3>Lagerung<\/h3>\n<p>An einem k\u00fchlen, trockenen Ort aufbewahren.<\/p>\n<\/p><\/div>\n<div class=\"chcg-dietary\">\n<h3>Ern\u00e4hrungshinweise<\/h3>\n<ul>\n<li>Laktosefrei<\/li>\n<\/ul><\/div>\n<\/div>\n","protected":false},"excerpt":{"rendered":"<p>Swanson Milk Thistle liefert 500 mg Mariendistel-Samenpulver pro Kapsel \u2013 eine hochdosierte Unterst\u00fctzung f\u00fcr Ihren Alltag. Praktische Gelatinekapseln, 30 St\u00fcck pro Packung. Nahrungserg\u00e4nzungsmittel f\u00fcr Erwachsene.<\/p>\n","protected":false},"featured_media":3859,"comment_status":"closed","ping_status":"open","template":"","meta":[],"product_brand":[16],"product_cat":[48,25,119,44,21],"product_tag":[],"class_list":{"0":"post-3858","1":"product","2":"type-product","3":"status-publish","4":"has-post-thumbnail","6":"product_brand-swanson","7":"product_cat-gesunde-ernaehrung","8":"product_cat-gesundheit-und-wohlbefinden","9":"product_cat-mariendistel","10":"product_cat-pflanzliche-nahrungsergaenzungsmittel","11":"product_cat-vitamine-und-mineralstoffe","13":"first","14":"outofstock","15":"taxable","16":"shipping-taxable","17":"purchasable","18":"product-type-simple"},"yoast_head":"<!-- This site is optimized with the Yoast SEO plugin v27.5 - https:\/\/yoast.com\/product\/yoast-seo-wordpress\/ -->\n<title>Swanson Milk Thistle 500mg \u2013 30 Kapseln | ecosupplements.ch<\/title>\n<meta name=\"description\" content=\"Hochdosierte Mariendistel mit 500 mg pro Kapsel von Swanson \u2013 30 Gelatinekapseln f\u00fcr Erwachsene. Jetzt bestellen.\" \/>\n<meta name=\"robots\" content=\"index, follow, max-snippet:-1, max-image-preview:large, max-video-preview:-1\" \/>\n<link rel=\"canonical\" href=\"https:\/\/ecosupplements.ch\/?product=swanson-fs-milk-thistle-500mg-30-kaps\" \/>\n<meta property=\"og:locale\" content=\"de_DE\" \/>\n<meta property=\"og:type\" content=\"article\" \/>\n<meta property=\"og:title\" content=\"Swanson Milk Thistle 500mg \u2013 30 Kapseln | ecosupplements.ch\" \/>\n<meta property=\"og:description\" content=\"Hochdosierte Mariendistel mit 500 mg pro Kapsel von Swanson \u2013 30 Gelatinekapseln f\u00fcr Erwachsene. Jetzt bestellen.\" \/>\n<meta property=\"og:url\" content=\"https:\/\/ecosupplements.ch\/?product=swanson-fs-milk-thistle-500mg-30-kaps\" \/>\n<meta property=\"og:site_name\" content=\"Eco Supplements\" \/>\n<meta property=\"article:modified_time\" content=\"2026-05-13T07:23:52+00:00\" \/>\n<meta property=\"og:image\" content=\"https:\/\/ecosupplements.ch\/wp-content\/uploads\/2026\/05\/SWANSON-FS-Milk-Thistle-500mg-30-kaps.jpg\" \/>\n\t<meta property=\"og:image:width\" content=\"650\" \/>\n\t<meta property=\"og:image:height\" content=\"650\" \/>\n\t<meta property=\"og:image:type\" content=\"image\/jpeg\" \/>\n<meta name=\"twitter:card\" content=\"summary_large_image\" \/>\n<meta name=\"twitter:label1\" content=\"Price\" \/>\n\t<meta name=\"twitter:data1\" content=\"&#067;&#072;&#070;&nbsp;2.74\" \/>\n\t<meta name=\"twitter:label2\" content=\"Availability\" \/>\n\t<meta name=\"twitter:data2\" content=\"Out of stock\" \/>\n<script type=\"application\/ld+json\" class=\"yoast-schema-graph\">{\"@context\":\"https:\\\/\\\/schema.org\",\"@graph\":[{\"@type\":\"WebPage\",\"@id\":\"https:\\\/\\\/ecosupplements.ch\\\/?product=swanson-fs-milk-thistle-500mg-30-kaps\",\"url\":\"https:\\\/\\\/ecosupplements.ch\\\/?product=swanson-fs-milk-thistle-500mg-30-kaps\",\"name\":\"Swanson Milk Thistle 500mg \u2013 30 Kapseln | ecosupplements.ch\",\"isPartOf\":{\"@id\":\"https:\\\/\\\/ecosupplements.ch\\\/#website\"},\"primaryImageOfPage\":{\"@id\":\"https:\\\/\\\/ecosupplements.ch\\\/?product=swanson-fs-milk-thistle-500mg-30-kaps#primaryimage\"},\"image\":{\"@id\":\"https:\\\/\\\/ecosupplements.ch\\\/?product=swanson-fs-milk-thistle-500mg-30-kaps#primaryimage\"},\"thumbnailUrl\":\"https:\\\/\\\/ecosupplements.ch\\\/wp-content\\\/uploads\\\/2026\\\/05\\\/SWANSON-FS-Milk-Thistle-500mg-30-kaps.jpg\",\"datePublished\":\"2026-05-11T14:54:09+00:00\",\"dateModified\":\"2026-05-13T07:23:52+00:00\",\"description\":\"Hochdosierte Mariendistel mit 500 mg pro Kapsel von Swanson \u2013 30 Gelatinekapseln f\u00fcr Erwachsene. Jetzt bestellen.\",\"breadcrumb\":{\"@id\":\"https:\\\/\\\/ecosupplements.ch\\\/?product=swanson-fs-milk-thistle-500mg-30-kaps#breadcrumb\"},\"inLanguage\":\"de-CH\",\"potentialAction\":[{\"@type\":\"ReadAction\",\"target\":[\"https:\\\/\\\/ecosupplements.ch\\\/?product=swanson-fs-milk-thistle-500mg-30-kaps\"]}]},{\"@type\":\"ImageObject\",\"inLanguage\":\"de-CH\",\"@id\":\"https:\\\/\\\/ecosupplements.ch\\\/?product=swanson-fs-milk-thistle-500mg-30-kaps#primaryimage\",\"url\":\"https:\\\/\\\/ecosupplements.ch\\\/wp-content\\\/uploads\\\/2026\\\/05\\\/SWANSON-FS-Milk-Thistle-500mg-30-kaps.jpg\",\"contentUrl\":\"https:\\\/\\\/ecosupplements.ch\\\/wp-content\\\/uploads\\\/2026\\\/05\\\/SWANSON-FS-Milk-Thistle-500mg-30-kaps.jpg\",\"width\":650,\"height\":650,\"caption\":\"SWANSON FS Milk Thistle 500mg 30 kaps\"},{\"@type\":\"BreadcrumbList\",\"@id\":\"https:\\\/\\\/ecosupplements.ch\\\/?product=swanson-fs-milk-thistle-500mg-30-kaps#breadcrumb\",\"itemListElement\":[{\"@type\":\"ListItem\",\"position\":1,\"name\":\"Home\",\"item\":\"https:\\\/\\\/ecosupplements.ch\\\/\"},{\"@type\":\"ListItem\",\"position\":2,\"name\":\"Shop\",\"item\":\"https:\\\/\\\/ecosupplements.ch\\\/?page_id=14\"},{\"@type\":\"ListItem\",\"position\":3,\"name\":\"SWANSON FS Milk Thistle 500mg 30 kaps\"}]},{\"@type\":\"WebSite\",\"@id\":\"https:\\\/\\\/ecosupplements.ch\\\/#website\",\"url\":\"https:\\\/\\\/ecosupplements.ch\\\/\",\"name\":\"Eco Supplements\",\"description\":\"\",\"potentialAction\":[{\"@type\":\"SearchAction\",\"target\":{\"@type\":\"EntryPoint\",\"urlTemplate\":\"https:\\\/\\\/ecosupplements.ch\\\/?s={search_term_string}\"},\"query-input\":{\"@type\":\"PropertyValueSpecification\",\"valueRequired\":true,\"valueName\":\"search_term_string\"}}],\"inLanguage\":\"de-CH\"}]}<\/script>\n<meta property=\"product:price:amount\" content=\"2.74\" \/>\n<meta property=\"product:price:currency\" content=\"CHF\" \/>\n<meta property=\"og:availability\" content=\"out of stock\" \/>\n<meta property=\"product:availability\" content=\"out of stock\" \/>\n<meta property=\"product:retailer_item_id\" content=\"087614115573\" \/>\n<meta property=\"product:condition\" content=\"new\" \/>\n<!-- \/ Yoast SEO plugin. -->","yoast_head_json":{"title":"Swanson Milk Thistle 500mg \u2013 30 Kapseln | ecosupplements.ch","description":"Hochdosierte Mariendistel mit 500 mg pro Kapsel von Swanson \u2013 30 Gelatinekapseln f\u00fcr Erwachsene. Jetzt bestellen.","robots":{"index":"index","follow":"follow","max-snippet":"max-snippet:-1","max-image-preview":"max-image-preview:large","max-video-preview":"max-video-preview:-1"},"canonical":"https:\/\/ecosupplements.ch\/?product=swanson-fs-milk-thistle-500mg-30-kaps","og_locale":"de_DE","og_type":"article","og_title":"Swanson Milk Thistle 500mg \u2013 30 Kapseln | ecosupplements.ch","og_description":"Hochdosierte Mariendistel mit 500 mg pro Kapsel von Swanson \u2013 30 Gelatinekapseln f\u00fcr Erwachsene. Jetzt bestellen.","og_url":"https:\/\/ecosupplements.ch\/?product=swanson-fs-milk-thistle-500mg-30-kaps","og_site_name":"Eco Supplements","article_modified_time":"2026-05-13T07:23:52+00:00","og_image":[{"width":650,"height":650,"url":"https:\/\/ecosupplements.ch\/wp-content\/uploads\/2026\/05\/SWANSON-FS-Milk-Thistle-500mg-30-kaps.jpg","type":"image\/jpeg"}],"twitter_card":"summary_large_image","twitter_misc":{"Price":"&#67;&#72;&#70;&nbsp;2.74","Availability":"Out of stock"},"schema":{"@context":"https:\/\/schema.org","@graph":[{"@type":"WebPage","@id":"https:\/\/ecosupplements.ch\/?product=swanson-fs-milk-thistle-500mg-30-kaps","url":"https:\/\/ecosupplements.ch\/?product=swanson-fs-milk-thistle-500mg-30-kaps","name":"Swanson Milk Thistle 500mg \u2013 30 Kapseln | ecosupplements.ch","isPartOf":{"@id":"https:\/\/ecosupplements.ch\/#website"},"primaryImageOfPage":{"@id":"https:\/\/ecosupplements.ch\/?product=swanson-fs-milk-thistle-500mg-30-kaps#primaryimage"},"image":{"@id":"https:\/\/ecosupplements.ch\/?product=swanson-fs-milk-thistle-500mg-30-kaps#primaryimage"},"thumbnailUrl":"https:\/\/ecosupplements.ch\/wp-content\/uploads\/2026\/05\/SWANSON-FS-Milk-Thistle-500mg-30-kaps.jpg","datePublished":"2026-05-11T14:54:09+00:00","dateModified":"2026-05-13T07:23:52+00:00","description":"Hochdosierte Mariendistel mit 500 mg pro Kapsel von Swanson \u2013 30 Gelatinekapseln f\u00fcr Erwachsene. Jetzt bestellen.","breadcrumb":{"@id":"https:\/\/ecosupplements.ch\/?product=swanson-fs-milk-thistle-500mg-30-kaps#breadcrumb"},"inLanguage":"de-CH","potentialAction":[{"@type":"ReadAction","target":["https:\/\/ecosupplements.ch\/?product=swanson-fs-milk-thistle-500mg-30-kaps"]}]},{"@type":"ImageObject","inLanguage":"de-CH","@id":"https:\/\/ecosupplements.ch\/?product=swanson-fs-milk-thistle-500mg-30-kaps#primaryimage","url":"https:\/\/ecosupplements.ch\/wp-content\/uploads\/2026\/05\/SWANSON-FS-Milk-Thistle-500mg-30-kaps.jpg","contentUrl":"https:\/\/ecosupplements.ch\/wp-content\/uploads\/2026\/05\/SWANSON-FS-Milk-Thistle-500mg-30-kaps.jpg","width":650,"height":650,"caption":"SWANSON FS Milk Thistle 500mg 30 kaps"},{"@type":"BreadcrumbList","@id":"https:\/\/ecosupplements.ch\/?product=swanson-fs-milk-thistle-500mg-30-kaps#breadcrumb","itemListElement":[{"@type":"ListItem","position":1,"name":"Home","item":"https:\/\/ecosupplements.ch\/"},{"@type":"ListItem","position":2,"name":"Shop","item":"https:\/\/ecosupplements.ch\/?page_id=14"},{"@type":"ListItem","position":3,"name":"SWANSON FS Milk Thistle 500mg 30 kaps"}]},{"@type":"WebSite","@id":"https:\/\/ecosupplements.ch\/#website","url":"https:\/\/ecosupplements.ch\/","name":"Eco Supplements","description":"","potentialAction":[{"@type":"SearchAction","target":{"@type":"EntryPoint","urlTemplate":"https:\/\/ecosupplements.ch\/?s={search_term_string}"},"query-input":{"@type":"PropertyValueSpecification","valueRequired":true,"valueName":"search_term_string"}}],"inLanguage":"de-CH"}]},"product_price_amount":"2.74","product_price_currency":"CHF","og_availability":"out of stock","product_availability":"out of stock","product_retailer_item_id":"087614115573","product_condition":"new"},"_links":{"self":[{"href":"https:\/\/ecosupplements.ch\/index.php?rest_route=\/wp\/v2\/product\/3858","targetHints":{"allow":["GET"]}}],"collection":[{"href":"https:\/\/ecosupplements.ch\/index.php?rest_route=\/wp\/v2\/product"}],"about":[{"href":"https:\/\/ecosupplements.ch\/index.php?rest_route=\/wp\/v2\/types\/product"}],"replies":[{"embeddable":true,"href":"https:\/\/ecosupplements.ch\/index.php?rest_route=%2Fwp%2Fv2%2Fcomments&post=3858"}],"wp:featuredmedia":[{"embeddable":true,"href":"https:\/\/ecosupplements.ch\/index.php?rest_route=\/wp\/v2\/media\/3859"}],"wp:attachment":[{"href":"https:\/\/ecosupplements.ch\/index.php?rest_route=%2Fwp%2Fv2%2Fmedia&parent=3858"}],"wp:term":[{"taxonomy":"product_brand","embeddable":true,"href":"https:\/\/ecosupplements.ch\/index.php?rest_route=%2Fwp%2Fv2%2Fproduct_brand&post=3858"},{"taxonomy":"product_cat","embeddable":true,"href":"https:\/\/ecosupplements.ch\/index.php?rest_route=%2Fwp%2Fv2%2Fproduct_cat&post=3858"},{"taxonomy":"product_tag","embeddable":true,"href":"https:\/\/ecosupplements.ch\/index.php?rest_route=%2Fwp%2Fv2%2Fproduct_tag&post=3858"}],"curies":[{"name":"wp","href":"https:\/\/api.w.org\/{rel}","templated":true}]}}