{"id":3864,"date":"2026-05-11T14:54:11","date_gmt":"2026-05-11T14:54:11","guid":{"rendered":"https:\/\/ecosupplements.ch\/?product=swanson-fs-true-cinnamon-cejlonski-300mg-120"},"modified":"2026-05-13T07:24:12","modified_gmt":"2026-05-13T07:24:12","slug":"swanson-fs-true-cinnamon-cejlonski-300mg-120","status":"publish","type":"product","link":"https:\/\/ecosupplements.ch\/?product=swanson-fs-true-cinnamon-cejlonski-300mg-120","title":{"rendered":"SWANSON FS True Cinnamon (Cejlo\u00f1ski) 300mg 120"},"content":{"rendered":"<div class=\"chcg-product-description\">\n<h2 class=\"chcg-heading\">\u00dcber Swanson \u2013 True Cinnamon (Cinnamomum verum) 300mg \u2013 120 Kapseln<\/h2>\n<div class=\"chcg-intro\">\n<p>Swanson True Cinnamon liefert echten Ceylon-Zimt (<em>Cinnamomum verum<\/em>) in praktischer Kapselform \u2013 eine der wertvollsten und reinsten Zimtarten \u00fcberhaupt. Im Gegensatz zum weit verbreiteten Cassia-Zimt stammt Ceylon-Zimt aus Sri Lanka und gilt als die traditionelle, urspr\u00fcngliche Zimtsorte mit einem milderen, fein-aromatischen Geschmacksprofil.<\/p>\n<p>Jede Kapsel enth\u00e4lt 300 mg reines Zimtbaumrinden-Pulver (<em>Cinnamomum verum<\/em>), ohne unn\u00f6tige Zus\u00e4tze. Mit zwei Kapseln pro Tagesportion erhalten Sie 600 mg hochwertigen Ceylon-Zimt \u2013 ideal als t\u00e4gliche Erg\u00e4nzung zu einer ausgewogenen Ern\u00e4hrung.<\/p>\n<p>Die praktischen Kapseln lassen sich einfach in den Alltag integrieren und eignen sich f\u00fcr alle, die von den Eigenschaften des echten Ceylon-Zimts profitieren m\u00f6chten. Eine Packung enth\u00e4lt 120 Kapseln, was einem Vorrat von bis zu 30 bis 60 Tagen entspricht \u2013 je nach gew\u00e4hlter Tagesdosis.<\/p>\n<\/p><\/div>\n<div class=\"chcg-nutrition\">\n<h3>N\u00e4hrwertangaben<\/h3>\n<table class=\"chcg-nutrition-table\">\n<thead>\n<tr>\n<th>N\u00e4hrstoff<\/th>\n<th>Pro Portion (2 Kapseln)<\/th>\n<\/tr>\n<\/thead>\n<tbody>\n<tr>\n<td>Ceylon-Zimt (<em>Cinnamomum verum<\/em>) (Rinde)<\/td>\n<td>600 mg*<\/td>\n<\/tr>\n<\/tbody>\n<\/table>\n<p class=\"chcg-footnote\">* Kein Tagesreferenzwert festgelegt.<\/p>\n<\/p><\/div>\n<div class=\"chcg-ingredients\">\n<h3>Zutaten<\/h3>\n<p>Ceylon-Zimt (<em>Cinnamomum verum<\/em>) (Rinde) 600 mg pro Portion (2 Kapseln). Weitere Zutaten: Gelatine, Reismehl, Magnesiumstearat, Siliziumdioxid.<\/p>\n<p class=\"chcg-capsule-shell\">Kapselh\u00fclle: Gelatine<\/p>\n<\/p><\/div>\n<div class=\"chcg-dosage\">\n<h3>Verzehrempfehlung<\/h3>\n<p>Als Nahrungserg\u00e4nzungsmittel t\u00e4glich ein- bis zweimal zwei Kapseln zu einer Mahlzeit einnehmen.<\/p>\n<\/p><\/div>\n<div class=\"chcg-warnings\">\n<h3>Warnhinweise<\/h3>\n<p>Nur f\u00fcr Erwachsene. Dieses Produkt nicht einnehmen, wenn Sie schwanger sind oder stillen. Konsultieren Sie Ihren Arzt, bevor Sie dieses oder ein anderes Produkt verwenden, wenn Sie Medikamente einnehmen oder an einer Erkrankung leiden. Ausserhalb der Reichweite von Kindern aufbewahren. Nicht verwenden, wenn das Siegel besch\u00e4digt ist.<\/p>\n<\/p><\/div>\n<div class=\"chcg-allergens\">\n<h3>Allergeninformationen<\/h3>\n<p>Keine Allergene auf dem Etikett deklariert.<\/p>\n<\/p><\/div>\n<div class=\"chcg-storage\">\n<h3>Lagerung<\/h3>\n<p>An einem k\u00fchlen, trockenen Ort aufbewahren.<\/p>\n<\/p><\/div>\n<div class=\"chcg-dietary\">\n<h3>Ern\u00e4hrungshinweise<\/h3>\n<ul>\n<li>Nicht vegan (enth\u00e4lt Gelatine)<\/li>\n<li>Nicht vegetarisch (enth\u00e4lt Gelatine)<\/li>\n<\/ul><\/div>\n<\/div>\n","protected":false},"excerpt":{"rendered":"<p>Swanson True Cinnamon liefert 300 mg echten Ceylon-Zimt (Cinnamomum verum) pro Kapsel aus reiner Baumrinde. Die Packung enth\u00e4lt 120 Kapseln \u2013 ideal als t\u00e4gliche Nahrungserg\u00e4nzung zu einer ausgewogenen Ern\u00e4hrung.<\/p>\n","protected":false},"featured_media":3865,"comment_status":"closed","ping_status":"open","template":"","meta":[],"product_brand":[16],"product_cat":[48,25,44,98,21],"product_tag":[],"class_list":{"0":"post-3864","1":"product","2":"type-product","3":"status-publish","4":"has-post-thumbnail","6":"product_brand-swanson","7":"product_cat-gesunde-ernaehrung","8":"product_cat-gesundheit-und-wohlbefinden","9":"product_cat-pflanzliche-nahrungsergaenzungsmittel","10":"product_cat-vitalitaet","11":"product_cat-vitamine-und-mineralstoffe","13":"first","14":"outofstock","15":"taxable","16":"shipping-taxable","17":"purchasable","18":"product-type-simple"},"yoast_head":"<!-- This site is optimized with the Yoast SEO plugin v27.5 - https:\/\/yoast.com\/product\/yoast-seo-wordpress\/ -->\n<title>Swanson True Cinnamon 300mg \u2013 120 Kapseln | ecosupplements.ch<\/title>\n<meta name=\"description\" content=\"Echter Ceylon-Zimt (Cinnamomum verum) in Kapselform \u2013 300 mg pro Kapsel, 120 St\u00fcck. Hochwertiger Zimt aus reiner Rinde von Swanson. Jetzt bestellen.\" \/>\n<meta name=\"robots\" content=\"index, follow, max-snippet:-1, max-image-preview:large, max-video-preview:-1\" \/>\n<link rel=\"canonical\" href=\"https:\/\/ecosupplements.ch\/?product=swanson-fs-true-cinnamon-cejlonski-300mg-120\" \/>\n<meta property=\"og:locale\" content=\"de_DE\" \/>\n<meta property=\"og:type\" content=\"article\" \/>\n<meta property=\"og:title\" content=\"Swanson True Cinnamon 300mg \u2013 120 Kapseln | ecosupplements.ch\" \/>\n<meta property=\"og:description\" content=\"Echter Ceylon-Zimt (Cinnamomum verum) in Kapselform \u2013 300 mg pro Kapsel, 120 St\u00fcck. Hochwertiger Zimt aus reiner Rinde von Swanson. Jetzt bestellen.\" \/>\n<meta property=\"og:url\" content=\"https:\/\/ecosupplements.ch\/?product=swanson-fs-true-cinnamon-cejlonski-300mg-120\" \/>\n<meta property=\"og:site_name\" content=\"Eco Supplements\" \/>\n<meta property=\"article:modified_time\" content=\"2026-05-13T07:24:12+00:00\" \/>\n<meta property=\"og:image\" content=\"https:\/\/ecosupplements.ch\/wp-content\/uploads\/2026\/05\/SWANSON-FS-True-Cinnamon-Cejlonski-300mg-120.jpg\" \/>\n\t<meta property=\"og:image:width\" content=\"650\" \/>\n\t<meta property=\"og:image:height\" content=\"650\" \/>\n\t<meta property=\"og:image:type\" content=\"image\/jpeg\" \/>\n<meta name=\"twitter:card\" content=\"summary_large_image\" \/>\n<meta name=\"twitter:label1\" content=\"Price\" \/>\n\t<meta name=\"twitter:data1\" content=\"&#067;&#072;&#070;&nbsp;8.89\" \/>\n\t<meta name=\"twitter:label2\" content=\"Availability\" \/>\n\t<meta name=\"twitter:data2\" content=\"Out of stock\" \/>\n<script type=\"application\/ld+json\" class=\"yoast-schema-graph\">{\"@context\":\"https:\\\/\\\/schema.org\",\"@graph\":[{\"@type\":\"WebPage\",\"@id\":\"https:\\\/\\\/ecosupplements.ch\\\/?product=swanson-fs-true-cinnamon-cejlonski-300mg-120\",\"url\":\"https:\\\/\\\/ecosupplements.ch\\\/?product=swanson-fs-true-cinnamon-cejlonski-300mg-120\",\"name\":\"Swanson True Cinnamon 300mg \u2013 120 Kapseln | ecosupplements.ch\",\"isPartOf\":{\"@id\":\"https:\\\/\\\/ecosupplements.ch\\\/#website\"},\"primaryImageOfPage\":{\"@id\":\"https:\\\/\\\/ecosupplements.ch\\\/?product=swanson-fs-true-cinnamon-cejlonski-300mg-120#primaryimage\"},\"image\":{\"@id\":\"https:\\\/\\\/ecosupplements.ch\\\/?product=swanson-fs-true-cinnamon-cejlonski-300mg-120#primaryimage\"},\"thumbnailUrl\":\"https:\\\/\\\/ecosupplements.ch\\\/wp-content\\\/uploads\\\/2026\\\/05\\\/SWANSON-FS-True-Cinnamon-Cejlonski-300mg-120.jpg\",\"datePublished\":\"2026-05-11T14:54:11+00:00\",\"dateModified\":\"2026-05-13T07:24:12+00:00\",\"description\":\"Echter Ceylon-Zimt (Cinnamomum verum) in Kapselform \u2013 300 mg pro Kapsel, 120 St\u00fcck. Hochwertiger Zimt aus reiner Rinde von Swanson. Jetzt bestellen.\",\"breadcrumb\":{\"@id\":\"https:\\\/\\\/ecosupplements.ch\\\/?product=swanson-fs-true-cinnamon-cejlonski-300mg-120#breadcrumb\"},\"inLanguage\":\"de-CH\",\"potentialAction\":[{\"@type\":\"ReadAction\",\"target\":[\"https:\\\/\\\/ecosupplements.ch\\\/?product=swanson-fs-true-cinnamon-cejlonski-300mg-120\"]}]},{\"@type\":\"ImageObject\",\"inLanguage\":\"de-CH\",\"@id\":\"https:\\\/\\\/ecosupplements.ch\\\/?product=swanson-fs-true-cinnamon-cejlonski-300mg-120#primaryimage\",\"url\":\"https:\\\/\\\/ecosupplements.ch\\\/wp-content\\\/uploads\\\/2026\\\/05\\\/SWANSON-FS-True-Cinnamon-Cejlonski-300mg-120.jpg\",\"contentUrl\":\"https:\\\/\\\/ecosupplements.ch\\\/wp-content\\\/uploads\\\/2026\\\/05\\\/SWANSON-FS-True-Cinnamon-Cejlonski-300mg-120.jpg\",\"width\":650,\"height\":650,\"caption\":\"SWANSON FS True Cinnamon (Cejlo\u00f1ski) 300mg 120\"},{\"@type\":\"BreadcrumbList\",\"@id\":\"https:\\\/\\\/ecosupplements.ch\\\/?product=swanson-fs-true-cinnamon-cejlonski-300mg-120#breadcrumb\",\"itemListElement\":[{\"@type\":\"ListItem\",\"position\":1,\"name\":\"Home\",\"item\":\"https:\\\/\\\/ecosupplements.ch\\\/\"},{\"@type\":\"ListItem\",\"position\":2,\"name\":\"Shop\",\"item\":\"https:\\\/\\\/ecosupplements.ch\\\/?page_id=14\"},{\"@type\":\"ListItem\",\"position\":3,\"name\":\"SWANSON FS True Cinnamon (Cejlo\u00f1ski) 300mg 120\"}]},{\"@type\":\"WebSite\",\"@id\":\"https:\\\/\\\/ecosupplements.ch\\\/#website\",\"url\":\"https:\\\/\\\/ecosupplements.ch\\\/\",\"name\":\"Eco Supplements\",\"description\":\"\",\"potentialAction\":[{\"@type\":\"SearchAction\",\"target\":{\"@type\":\"EntryPoint\",\"urlTemplate\":\"https:\\\/\\\/ecosupplements.ch\\\/?s={search_term_string}\"},\"query-input\":{\"@type\":\"PropertyValueSpecification\",\"valueRequired\":true,\"valueName\":\"search_term_string\"}}],\"inLanguage\":\"de-CH\"}]}<\/script>\n<meta property=\"product:price:amount\" content=\"8.89\" \/>\n<meta property=\"product:price:currency\" content=\"CHF\" \/>\n<meta property=\"og:availability\" content=\"out of stock\" \/>\n<meta property=\"product:availability\" content=\"out of stock\" \/>\n<meta property=\"product:retailer_item_id\" content=\"087614117522\" \/>\n<meta property=\"product:condition\" content=\"new\" \/>\n<!-- \/ Yoast SEO plugin. -->","yoast_head_json":{"title":"Swanson True Cinnamon 300mg \u2013 120 Kapseln | ecosupplements.ch","description":"Echter Ceylon-Zimt (Cinnamomum verum) in Kapselform \u2013 300 mg pro Kapsel, 120 St\u00fcck. Hochwertiger Zimt aus reiner Rinde von Swanson. Jetzt bestellen.","robots":{"index":"index","follow":"follow","max-snippet":"max-snippet:-1","max-image-preview":"max-image-preview:large","max-video-preview":"max-video-preview:-1"},"canonical":"https:\/\/ecosupplements.ch\/?product=swanson-fs-true-cinnamon-cejlonski-300mg-120","og_locale":"de_DE","og_type":"article","og_title":"Swanson True Cinnamon 300mg \u2013 120 Kapseln | ecosupplements.ch","og_description":"Echter Ceylon-Zimt (Cinnamomum verum) in Kapselform \u2013 300 mg pro Kapsel, 120 St\u00fcck. Hochwertiger Zimt aus reiner Rinde von Swanson. Jetzt bestellen.","og_url":"https:\/\/ecosupplements.ch\/?product=swanson-fs-true-cinnamon-cejlonski-300mg-120","og_site_name":"Eco Supplements","article_modified_time":"2026-05-13T07:24:12+00:00","og_image":[{"width":650,"height":650,"url":"https:\/\/ecosupplements.ch\/wp-content\/uploads\/2026\/05\/SWANSON-FS-True-Cinnamon-Cejlonski-300mg-120.jpg","type":"image\/jpeg"}],"twitter_card":"summary_large_image","twitter_misc":{"Price":"&#67;&#72;&#70;&nbsp;8.89","Availability":"Out of stock"},"schema":{"@context":"https:\/\/schema.org","@graph":[{"@type":"WebPage","@id":"https:\/\/ecosupplements.ch\/?product=swanson-fs-true-cinnamon-cejlonski-300mg-120","url":"https:\/\/ecosupplements.ch\/?product=swanson-fs-true-cinnamon-cejlonski-300mg-120","name":"Swanson True Cinnamon 300mg \u2013 120 Kapseln | ecosupplements.ch","isPartOf":{"@id":"https:\/\/ecosupplements.ch\/#website"},"primaryImageOfPage":{"@id":"https:\/\/ecosupplements.ch\/?product=swanson-fs-true-cinnamon-cejlonski-300mg-120#primaryimage"},"image":{"@id":"https:\/\/ecosupplements.ch\/?product=swanson-fs-true-cinnamon-cejlonski-300mg-120#primaryimage"},"thumbnailUrl":"https:\/\/ecosupplements.ch\/wp-content\/uploads\/2026\/05\/SWANSON-FS-True-Cinnamon-Cejlonski-300mg-120.jpg","datePublished":"2026-05-11T14:54:11+00:00","dateModified":"2026-05-13T07:24:12+00:00","description":"Echter Ceylon-Zimt (Cinnamomum verum) in Kapselform \u2013 300 mg pro Kapsel, 120 St\u00fcck. Hochwertiger Zimt aus reiner Rinde von Swanson. Jetzt bestellen.","breadcrumb":{"@id":"https:\/\/ecosupplements.ch\/?product=swanson-fs-true-cinnamon-cejlonski-300mg-120#breadcrumb"},"inLanguage":"de-CH","potentialAction":[{"@type":"ReadAction","target":["https:\/\/ecosupplements.ch\/?product=swanson-fs-true-cinnamon-cejlonski-300mg-120"]}]},{"@type":"ImageObject","inLanguage":"de-CH","@id":"https:\/\/ecosupplements.ch\/?product=swanson-fs-true-cinnamon-cejlonski-300mg-120#primaryimage","url":"https:\/\/ecosupplements.ch\/wp-content\/uploads\/2026\/05\/SWANSON-FS-True-Cinnamon-Cejlonski-300mg-120.jpg","contentUrl":"https:\/\/ecosupplements.ch\/wp-content\/uploads\/2026\/05\/SWANSON-FS-True-Cinnamon-Cejlonski-300mg-120.jpg","width":650,"height":650,"caption":"SWANSON FS True Cinnamon (Cejlo\u00f1ski) 300mg 120"},{"@type":"BreadcrumbList","@id":"https:\/\/ecosupplements.ch\/?product=swanson-fs-true-cinnamon-cejlonski-300mg-120#breadcrumb","itemListElement":[{"@type":"ListItem","position":1,"name":"Home","item":"https:\/\/ecosupplements.ch\/"},{"@type":"ListItem","position":2,"name":"Shop","item":"https:\/\/ecosupplements.ch\/?page_id=14"},{"@type":"ListItem","position":3,"name":"SWANSON FS True Cinnamon (Cejlo\u00f1ski) 300mg 120"}]},{"@type":"WebSite","@id":"https:\/\/ecosupplements.ch\/#website","url":"https:\/\/ecosupplements.ch\/","name":"Eco Supplements","description":"","potentialAction":[{"@type":"SearchAction","target":{"@type":"EntryPoint","urlTemplate":"https:\/\/ecosupplements.ch\/?s={search_term_string}"},"query-input":{"@type":"PropertyValueSpecification","valueRequired":true,"valueName":"search_term_string"}}],"inLanguage":"de-CH"}]},"product_price_amount":"8.89","product_price_currency":"CHF","og_availability":"out of stock","product_availability":"out of stock","product_retailer_item_id":"087614117522","product_condition":"new"},"_links":{"self":[{"href":"https:\/\/ecosupplements.ch\/index.php?rest_route=\/wp\/v2\/product\/3864","targetHints":{"allow":["GET"]}}],"collection":[{"href":"https:\/\/ecosupplements.ch\/index.php?rest_route=\/wp\/v2\/product"}],"about":[{"href":"https:\/\/ecosupplements.ch\/index.php?rest_route=\/wp\/v2\/types\/product"}],"replies":[{"embeddable":true,"href":"https:\/\/ecosupplements.ch\/index.php?rest_route=%2Fwp%2Fv2%2Fcomments&post=3864"}],"wp:featuredmedia":[{"embeddable":true,"href":"https:\/\/ecosupplements.ch\/index.php?rest_route=\/wp\/v2\/media\/3865"}],"wp:attachment":[{"href":"https:\/\/ecosupplements.ch\/index.php?rest_route=%2Fwp%2Fv2%2Fmedia&parent=3864"}],"wp:term":[{"taxonomy":"product_brand","embeddable":true,"href":"https:\/\/ecosupplements.ch\/index.php?rest_route=%2Fwp%2Fv2%2Fproduct_brand&post=3864"},{"taxonomy":"product_cat","embeddable":true,"href":"https:\/\/ecosupplements.ch\/index.php?rest_route=%2Fwp%2Fv2%2Fproduct_cat&post=3864"},{"taxonomy":"product_tag","embeddable":true,"href":"https:\/\/ecosupplements.ch\/index.php?rest_route=%2Fwp%2Fv2%2Fproduct_tag&post=3864"}],"curies":[{"name":"wp","href":"https:\/\/api.w.org\/{rel}","templated":true}]}}