{"id":3908,"date":"2026-05-11T14:54:29","date_gmt":"2026-05-11T14:54:29","guid":{"rendered":"https:\/\/ecosupplements.ch\/?product=swanson-l-tyrozyna-500mg-100-kaps"},"modified":"2026-05-13T07:23:59","modified_gmt":"2026-05-13T07:23:59","slug":"swanson-l-tyrozyna-500mg-100-kaps","status":"publish","type":"product","link":"https:\/\/ecosupplements.ch\/?product=swanson-l-tyrozyna-500mg-100-kaps","title":{"rendered":"SWANSON L-Tyrozyna 500mg 100 kaps"},"content":{"rendered":"<div class=\"chcg-product-description\">\n<h2 class=\"chcg-heading\">\u00dcber Swanson \u2013 SWANSON L-Tyrosine 500mg \u2013 100 Kapseln<\/h2>\n<div class=\"chcg-intro\">\n<p>L-Tyrosin ist eine nicht-essentielle Aminos\u00e4ure, die vom K\u00f6rper aus der essentiellen Aminos\u00e4ure L-Phenylalanin synthetisiert wird. Sie spielt eine wichtige Rolle als Vorstufe f\u00fcr verschiedene k\u00f6rpereigene Botenstoffe und unterst\u00fctzt so zahlreiche physiologische Prozesse. Swanson setzt dabei auf L-Tyrosin in freier Form, was eine optimale Verf\u00fcgbarkeit im Organismus gew\u00e4hrleistet.<\/p>\n<p>Das Produkt von Swanson liefert pro Kapsel 500 mg reines L-Tyrosin in freier Form und eignet sich als praktische Erg\u00e4nzung f\u00fcr Menschen mit einem erh\u00f6hten Bedarf an dieser Aminos\u00e4ure. Die unkomplizierte Dosierung von einer Kapsel t\u00e4glich macht die Einnahme besonders alltagstauglich.<\/p>\n<p>Swanson steht seit Jahrzehnten f\u00fcr hochwertige Nahrungserg\u00e4nzungsmittel zu einem fairen Preis-Leistungs-Verh\u00e4ltnis. Die Produkte werden nach strengen Qualit\u00e4tsstandards hergestellt und sind bei Konsumentinnen und Konsumenten weltweit beliebt.<\/p>\n<\/p><\/div>\n<div class=\"chcg-nutrition\">\n<h3>N\u00e4hrwertangaben<\/h3>\n<table class=\"chcg-nutrition-table\">\n<thead>\n<tr>\n<th>N\u00e4hrstoff<\/th>\n<th>Pro Portion (1 Kapsel)<\/th>\n<\/tr>\n<\/thead>\n<tbody>\n<tr>\n<td>L-Tyrosin (Aminos\u00e4ure in freier Form)<\/td>\n<td>500 mg*<\/td>\n<\/tr>\n<\/tbody>\n<\/table>\n<p class=\"chcg-footnote\">* Kein festgelegter Tagesreferenzwert vorhanden.<\/p>\n<\/p><\/div>\n<div class=\"chcg-ingredients\">\n<h3>Zutaten<\/h3>\n<p>L-Tyrosin (Aminos\u00e4ure in freier Form), Gelatine, mikrokristalline Cellulose (Pflanzenfaser), Magnesiumstearat, Siliziumdioxid.<\/p>\n<p class=\"chcg-capsule-shell\">Kapselh\u00fclle: Gelatine<\/p>\n<\/p><\/div>\n<div class=\"chcg-dosage\">\n<h3>Verzehrempfehlung<\/h3>\n<p>Als Nahrungserg\u00e4nzungsmittel eine Kapsel pro Tag mit Wasser einnehmen oder gem\u00e4ss Empfehlung einer Fachperson des Gesundheitswesens.<\/p>\n<\/p><\/div>\n<div class=\"chcg-warnings\">\n<h3>Warnhinweise<\/h3>\n<p>Nur f\u00fcr Erwachsene. Konsultieren Sie Ihren Arzt bzw. Ihre \u00c4rztin, bevor Sie dieses oder ein anderes Produkt verwenden, wenn Sie schwanger sind oder stillen, Medikamente einnehmen oder an einer Erkrankung leiden. Ausserhalb der Reichweite von Kindern aufbewahren.<\/p>\n<\/p><\/div>\n<div class=\"chcg-allergens\">\n<h3>Allergeninformationen<\/h3>\n<p>Keine Allergeninformationen auf der Produktverpackung angegeben.<\/p>\n<\/p><\/div>\n<div class=\"chcg-storage\">\n<h3>Lagerung<\/h3>\n<p>Bei Raumtemperatur an einem trockenen Ort und ausserhalb der Reichweite von Kleinkindern aufbewahren.<\/p>\n<\/p><\/div>\n<div class=\"chcg-dietary\">\n<h3>Ern\u00e4hrungshinweise<\/h3>\n<ul>\n<li>Laktosefrei<\/li>\n<\/ul><\/div>\n<\/div>\n","protected":false},"excerpt":{"rendered":"<p>Swanson L-Tyrosine 500mg liefert pro Kapsel 500 mg L-Tyrosin in freier Form als hochwertige Aminos\u00e4ure-Erg\u00e4nzung. Packung mit 100 Kapseln f\u00fcr eine bequeme t\u00e4gliche Einnahme.<\/p>\n","protected":false},"featured_media":3909,"comment_status":"closed","ping_status":"open","template":"","meta":[],"product_brand":[16],"product_cat":[514,516,90,48,521,21],"product_tag":[],"class_list":{"0":"post-3908","1":"product","2":"type-product","3":"status-publish","4":"has-post-thumbnail","6":"product_brand-swanson","7":"product_cat-aminosaeuren-und-bcaas","8":"product_cat-einzelne-aminosaeuren-aminosaeuren-und-bcaas","9":"product_cat-fitness-training","10":"product_cat-gesunde-ernaehrung","11":"product_cat-l-tyrosin-aminosaeuren-und-bcaas","12":"product_cat-vitamine-und-mineralstoffe","14":"first","15":"outofstock","16":"taxable","17":"shipping-taxable","18":"purchasable","19":"product-type-simple"},"yoast_head":"<!-- This site is optimized with the Yoast SEO plugin v27.5 - https:\/\/yoast.com\/product\/yoast-seo-wordpress\/ -->\n<title>L-Tyrosine 500mg \u2013 Swanson | ecosupplements.ch<\/title>\n<meta name=\"description\" content=\"Swanson L-Tyrosine 500mg \u2013 500 mg L-Tyrosin in freier Form pro Kapsel, 100 Kapseln im praktischen Vorratspack. Jetzt bestellen.\" \/>\n<meta name=\"robots\" content=\"index, follow, max-snippet:-1, max-image-preview:large, max-video-preview:-1\" \/>\n<link rel=\"canonical\" href=\"https:\/\/ecosupplements.ch\/?product=swanson-l-tyrozyna-500mg-100-kaps\" \/>\n<meta property=\"og:locale\" content=\"de_DE\" \/>\n<meta property=\"og:type\" content=\"article\" \/>\n<meta property=\"og:title\" content=\"L-Tyrosine 500mg \u2013 Swanson | ecosupplements.ch\" \/>\n<meta property=\"og:description\" content=\"Swanson L-Tyrosine 500mg \u2013 500 mg L-Tyrosin in freier Form pro Kapsel, 100 Kapseln im praktischen Vorratspack. Jetzt bestellen.\" \/>\n<meta property=\"og:url\" content=\"https:\/\/ecosupplements.ch\/?product=swanson-l-tyrozyna-500mg-100-kaps\" \/>\n<meta property=\"og:site_name\" content=\"Eco Supplements\" \/>\n<meta property=\"article:modified_time\" content=\"2026-05-13T07:23:59+00:00\" \/>\n<meta property=\"og:image\" content=\"https:\/\/ecosupplements.ch\/wp-content\/uploads\/2026\/05\/SWANSON-L-Tyrozyna-500mg-100-kaps.jpg\" \/>\n\t<meta property=\"og:image:width\" content=\"650\" \/>\n\t<meta property=\"og:image:height\" content=\"650\" \/>\n\t<meta property=\"og:image:type\" content=\"image\/jpeg\" \/>\n<meta name=\"twitter:card\" content=\"summary_large_image\" \/>\n<meta name=\"twitter:label1\" content=\"Price\" \/>\n\t<meta name=\"twitter:data1\" content=\"&#067;&#072;&#070;&nbsp;9.60\" \/>\n\t<meta name=\"twitter:label2\" content=\"Availability\" \/>\n\t<meta name=\"twitter:data2\" content=\"Out of stock\" \/>\n<script type=\"application\/ld+json\" class=\"yoast-schema-graph\">{\"@context\":\"https:\\\/\\\/schema.org\",\"@graph\":[{\"@type\":\"WebPage\",\"@id\":\"https:\\\/\\\/ecosupplements.ch\\\/?product=swanson-l-tyrozyna-500mg-100-kaps\",\"url\":\"https:\\\/\\\/ecosupplements.ch\\\/?product=swanson-l-tyrozyna-500mg-100-kaps\",\"name\":\"L-Tyrosine 500mg \u2013 Swanson | ecosupplements.ch\",\"isPartOf\":{\"@id\":\"https:\\\/\\\/ecosupplements.ch\\\/#website\"},\"primaryImageOfPage\":{\"@id\":\"https:\\\/\\\/ecosupplements.ch\\\/?product=swanson-l-tyrozyna-500mg-100-kaps#primaryimage\"},\"image\":{\"@id\":\"https:\\\/\\\/ecosupplements.ch\\\/?product=swanson-l-tyrozyna-500mg-100-kaps#primaryimage\"},\"thumbnailUrl\":\"https:\\\/\\\/ecosupplements.ch\\\/wp-content\\\/uploads\\\/2026\\\/05\\\/SWANSON-L-Tyrozyna-500mg-100-kaps.jpg\",\"datePublished\":\"2026-05-11T14:54:29+00:00\",\"dateModified\":\"2026-05-13T07:23:59+00:00\",\"description\":\"Swanson L-Tyrosine 500mg \u2013 500 mg L-Tyrosin in freier Form pro Kapsel, 100 Kapseln im praktischen Vorratspack. Jetzt bestellen.\",\"breadcrumb\":{\"@id\":\"https:\\\/\\\/ecosupplements.ch\\\/?product=swanson-l-tyrozyna-500mg-100-kaps#breadcrumb\"},\"inLanguage\":\"de-CH\",\"potentialAction\":[{\"@type\":\"ReadAction\",\"target\":[\"https:\\\/\\\/ecosupplements.ch\\\/?product=swanson-l-tyrozyna-500mg-100-kaps\"]}]},{\"@type\":\"ImageObject\",\"inLanguage\":\"de-CH\",\"@id\":\"https:\\\/\\\/ecosupplements.ch\\\/?product=swanson-l-tyrozyna-500mg-100-kaps#primaryimage\",\"url\":\"https:\\\/\\\/ecosupplements.ch\\\/wp-content\\\/uploads\\\/2026\\\/05\\\/SWANSON-L-Tyrozyna-500mg-100-kaps.jpg\",\"contentUrl\":\"https:\\\/\\\/ecosupplements.ch\\\/wp-content\\\/uploads\\\/2026\\\/05\\\/SWANSON-L-Tyrozyna-500mg-100-kaps.jpg\",\"width\":650,\"height\":650,\"caption\":\"SWANSON L-Tyrozyna 500mg 100 kaps\"},{\"@type\":\"BreadcrumbList\",\"@id\":\"https:\\\/\\\/ecosupplements.ch\\\/?product=swanson-l-tyrozyna-500mg-100-kaps#breadcrumb\",\"itemListElement\":[{\"@type\":\"ListItem\",\"position\":1,\"name\":\"Home\",\"item\":\"https:\\\/\\\/ecosupplements.ch\\\/\"},{\"@type\":\"ListItem\",\"position\":2,\"name\":\"Shop\",\"item\":\"https:\\\/\\\/ecosupplements.ch\\\/?page_id=14\"},{\"@type\":\"ListItem\",\"position\":3,\"name\":\"SWANSON L-Tyrozyna 500mg 100 kaps\"}]},{\"@type\":\"WebSite\",\"@id\":\"https:\\\/\\\/ecosupplements.ch\\\/#website\",\"url\":\"https:\\\/\\\/ecosupplements.ch\\\/\",\"name\":\"Eco Supplements\",\"description\":\"\",\"potentialAction\":[{\"@type\":\"SearchAction\",\"target\":{\"@type\":\"EntryPoint\",\"urlTemplate\":\"https:\\\/\\\/ecosupplements.ch\\\/?s={search_term_string}\"},\"query-input\":{\"@type\":\"PropertyValueSpecification\",\"valueRequired\":true,\"valueName\":\"search_term_string\"}}],\"inLanguage\":\"de-CH\"}]}<\/script>\n<meta property=\"product:price:amount\" content=\"9.60\" \/>\n<meta property=\"product:price:currency\" content=\"CHF\" \/>\n<meta property=\"og:availability\" content=\"out of stock\" \/>\n<meta property=\"product:availability\" content=\"out of stock\" \/>\n<meta property=\"product:retailer_item_id\" content=\"087614018553\" \/>\n<meta property=\"product:condition\" content=\"new\" \/>\n<!-- \/ Yoast SEO plugin. -->","yoast_head_json":{"title":"L-Tyrosine 500mg \u2013 Swanson | ecosupplements.ch","description":"Swanson L-Tyrosine 500mg \u2013 500 mg L-Tyrosin in freier Form pro Kapsel, 100 Kapseln im praktischen Vorratspack. Jetzt bestellen.","robots":{"index":"index","follow":"follow","max-snippet":"max-snippet:-1","max-image-preview":"max-image-preview:large","max-video-preview":"max-video-preview:-1"},"canonical":"https:\/\/ecosupplements.ch\/?product=swanson-l-tyrozyna-500mg-100-kaps","og_locale":"de_DE","og_type":"article","og_title":"L-Tyrosine 500mg \u2013 Swanson | ecosupplements.ch","og_description":"Swanson L-Tyrosine 500mg \u2013 500 mg L-Tyrosin in freier Form pro Kapsel, 100 Kapseln im praktischen Vorratspack. Jetzt bestellen.","og_url":"https:\/\/ecosupplements.ch\/?product=swanson-l-tyrozyna-500mg-100-kaps","og_site_name":"Eco Supplements","article_modified_time":"2026-05-13T07:23:59+00:00","og_image":[{"width":650,"height":650,"url":"https:\/\/ecosupplements.ch\/wp-content\/uploads\/2026\/05\/SWANSON-L-Tyrozyna-500mg-100-kaps.jpg","type":"image\/jpeg"}],"twitter_card":"summary_large_image","twitter_misc":{"Price":"&#67;&#72;&#70;&nbsp;9.60","Availability":"Out of stock"},"schema":{"@context":"https:\/\/schema.org","@graph":[{"@type":"WebPage","@id":"https:\/\/ecosupplements.ch\/?product=swanson-l-tyrozyna-500mg-100-kaps","url":"https:\/\/ecosupplements.ch\/?product=swanson-l-tyrozyna-500mg-100-kaps","name":"L-Tyrosine 500mg \u2013 Swanson | ecosupplements.ch","isPartOf":{"@id":"https:\/\/ecosupplements.ch\/#website"},"primaryImageOfPage":{"@id":"https:\/\/ecosupplements.ch\/?product=swanson-l-tyrozyna-500mg-100-kaps#primaryimage"},"image":{"@id":"https:\/\/ecosupplements.ch\/?product=swanson-l-tyrozyna-500mg-100-kaps#primaryimage"},"thumbnailUrl":"https:\/\/ecosupplements.ch\/wp-content\/uploads\/2026\/05\/SWANSON-L-Tyrozyna-500mg-100-kaps.jpg","datePublished":"2026-05-11T14:54:29+00:00","dateModified":"2026-05-13T07:23:59+00:00","description":"Swanson L-Tyrosine 500mg \u2013 500 mg L-Tyrosin in freier Form pro Kapsel, 100 Kapseln im praktischen Vorratspack. Jetzt bestellen.","breadcrumb":{"@id":"https:\/\/ecosupplements.ch\/?product=swanson-l-tyrozyna-500mg-100-kaps#breadcrumb"},"inLanguage":"de-CH","potentialAction":[{"@type":"ReadAction","target":["https:\/\/ecosupplements.ch\/?product=swanson-l-tyrozyna-500mg-100-kaps"]}]},{"@type":"ImageObject","inLanguage":"de-CH","@id":"https:\/\/ecosupplements.ch\/?product=swanson-l-tyrozyna-500mg-100-kaps#primaryimage","url":"https:\/\/ecosupplements.ch\/wp-content\/uploads\/2026\/05\/SWANSON-L-Tyrozyna-500mg-100-kaps.jpg","contentUrl":"https:\/\/ecosupplements.ch\/wp-content\/uploads\/2026\/05\/SWANSON-L-Tyrozyna-500mg-100-kaps.jpg","width":650,"height":650,"caption":"SWANSON L-Tyrozyna 500mg 100 kaps"},{"@type":"BreadcrumbList","@id":"https:\/\/ecosupplements.ch\/?product=swanson-l-tyrozyna-500mg-100-kaps#breadcrumb","itemListElement":[{"@type":"ListItem","position":1,"name":"Home","item":"https:\/\/ecosupplements.ch\/"},{"@type":"ListItem","position":2,"name":"Shop","item":"https:\/\/ecosupplements.ch\/?page_id=14"},{"@type":"ListItem","position":3,"name":"SWANSON L-Tyrozyna 500mg 100 kaps"}]},{"@type":"WebSite","@id":"https:\/\/ecosupplements.ch\/#website","url":"https:\/\/ecosupplements.ch\/","name":"Eco Supplements","description":"","potentialAction":[{"@type":"SearchAction","target":{"@type":"EntryPoint","urlTemplate":"https:\/\/ecosupplements.ch\/?s={search_term_string}"},"query-input":{"@type":"PropertyValueSpecification","valueRequired":true,"valueName":"search_term_string"}}],"inLanguage":"de-CH"}]},"product_price_amount":"9.60","product_price_currency":"CHF","og_availability":"out of stock","product_availability":"out of stock","product_retailer_item_id":"087614018553","product_condition":"new"},"_links":{"self":[{"href":"https:\/\/ecosupplements.ch\/index.php?rest_route=\/wp\/v2\/product\/3908","targetHints":{"allow":["GET"]}}],"collection":[{"href":"https:\/\/ecosupplements.ch\/index.php?rest_route=\/wp\/v2\/product"}],"about":[{"href":"https:\/\/ecosupplements.ch\/index.php?rest_route=\/wp\/v2\/types\/product"}],"replies":[{"embeddable":true,"href":"https:\/\/ecosupplements.ch\/index.php?rest_route=%2Fwp%2Fv2%2Fcomments&post=3908"}],"wp:featuredmedia":[{"embeddable":true,"href":"https:\/\/ecosupplements.ch\/index.php?rest_route=\/wp\/v2\/media\/3909"}],"wp:attachment":[{"href":"https:\/\/ecosupplements.ch\/index.php?rest_route=%2Fwp%2Fv2%2Fmedia&parent=3908"}],"wp:term":[{"taxonomy":"product_brand","embeddable":true,"href":"https:\/\/ecosupplements.ch\/index.php?rest_route=%2Fwp%2Fv2%2Fproduct_brand&post=3908"},{"taxonomy":"product_cat","embeddable":true,"href":"https:\/\/ecosupplements.ch\/index.php?rest_route=%2Fwp%2Fv2%2Fproduct_cat&post=3908"},{"taxonomy":"product_tag","embeddable":true,"href":"https:\/\/ecosupplements.ch\/index.php?rest_route=%2Fwp%2Fv2%2Fproduct_tag&post=3908"}],"curies":[{"name":"wp","href":"https:\/\/api.w.org\/{rel}","templated":true}]}}