{"id":3928,"date":"2026-05-11T14:54:36","date_gmt":"2026-05-11T14:54:36","guid":{"rendered":"https:\/\/ecosupplements.ch\/?product=swanson-oregano-oil-120-kapsu%c2%b3ki-elowe"},"modified":"2026-05-13T07:24:05","modified_gmt":"2026-05-13T07:24:05","slug":"swanson-oregano-oil-120-kapsu%c2%b3ki-elowe","status":"publish","type":"product","link":"https:\/\/ecosupplements.ch\/?product=swanson-oregano-oil-120-kapsu%c2%b3ki-elowe","title":{"rendered":"SWANSON Oregano Oil 120 kapsu\u00b3ki \u00bfelowe"},"content":{"rendered":"<div class=\"chcg-product-description\">\n<h2 class=\"chcg-heading\">\u00dcber Swanson \u2013 Oregano Oil 120 Weichkapseln<\/h2>\n<div class=\"chcg-intro\">\n<p>Oregano\u00f6l wird seit Jahrhunderten in der traditionellen Naturheilkunde gesch\u00e4tzt und erfreut sich auch heute grosser Beliebtheit als nat\u00fcrliches Nahrungserg\u00e4nzungsmittel. Swanson verwendet f\u00fcr dieses Produkt einen hochwertigen 10:1-Extrakt aus den Bl\u00e4ttern von <em>Origanum vulgare<\/em>, wodurch jede Weichkapsel eine konzentrierte Menge von 150 mg Oregano\u00f6l-Extrakt liefert.<\/p>\n<p>Das Oregano\u00f6l ist in Oliven\u00f6l eingebettet, was eine optimale Aufnahme erm\u00f6glicht und gleichzeitig zur unkomplizierten t\u00e4glichen Einnahme beitr\u00e4gt. Die praktischen Weichkapseln sind einfach zu schlucken und eignen sich gut f\u00fcr die Integration in eine ausgewogene Ern\u00e4hrung und einen gesunden Lebensstil.<\/p>\n<p>Mit 120 Weichkapseln pro Packung bietet Swanson Oregano Oil einen grossz\u00fcgigen Vorrat, der \u2013 je nach gew\u00e4hlter Tagesdosis \u2013 f\u00fcr einen Zeitraum von 30 bis 120 Tagen ausreicht.<\/p>\n<\/p><\/div>\n<div class=\"chcg-nutrition\">\n<h3>N\u00e4hrwertangaben<\/h3>\n<table class=\"chcg-nutrition-table\">\n<thead>\n<tr>\n<th>N\u00e4hrstoff<\/th>\n<th>Pro Portion (1 Weichkapsel)<\/th>\n<\/tr>\n<\/thead>\n<tbody>\n<tr>\n<td>Oregano\u00f6l (<em>Origanum vulgare<\/em>) (Blatt) (10:1-Extrakt)<\/td>\n<td>150 mg *<\/td>\n<\/tr>\n<\/tbody>\n<\/table>\n<p class=\"chcg-footnote\">* Kein festgelegter Tagesbedarf.<\/p>\n<\/p><\/div>\n<div class=\"chcg-ingredients\">\n<h3>Zutaten<\/h3>\n<p>Oregano\u00f6l (<em>Origanum vulgare<\/em>) (Blatt) (10:1-Extrakt) 150 mg. Weitere Zutaten: Oliven\u00f6l, Gelatine, Glycerin, gereinigtes Wasser.<\/p>\n<p class=\"chcg-capsule-shell\">Kapselh\u00fclle: Gelatine, Glycerin, gereinigtes Wasser.<\/p>\n<\/p><\/div>\n<div class=\"chcg-dosage\">\n<h3>Verzehrempfehlung<\/h3>\n<p>Als Nahrungserg\u00e4nzungsmittel eine Weichkapsel ein- bis viermal t\u00e4glich mit Wasser einnehmen.<\/p>\n<\/p><\/div>\n<div class=\"chcg-warnings\">\n<h3>Warnhinweise<\/h3>\n<p>Nur f\u00fcr Erwachsene. Dieses Produkt nicht einnehmen, wenn Sie schwanger sind oder stillen. Konsultieren Sie Ihre \u00c4rztin oder Ihren Arzt vor der Einnahme dieses oder eines anderen Produkts, wenn Sie Medikamente einnehmen oder an einer Erkrankung leiden. Ausserhalb der Reichweite von Kindern aufbewahren. Nicht verwenden, wenn die Schutzversiegelung besch\u00e4digt ist.<\/p>\n<\/p><\/div>\n<div class=\"chcg-allergens\">\n<h3>Allergeninformationen<\/h3>\n<p>Keine Allergene sind auf dem Etikett ausdr\u00fccklich deklariert. Das Produkt enth\u00e4lt Gelatine (Herkunft vom Hersteller nicht spezifiziert).<\/p>\n<\/p><\/div>\n<div class=\"chcg-storage\">\n<h3>Lagerung<\/h3>\n<p>An einem k\u00fchlen, trockenen Ort lagern. Nicht im K\u00fchlschrank aufbewahren.<\/p>\n<\/p><\/div>\n<div class=\"chcg-dietary\">\n<h3>Ern\u00e4hrungshinweise<\/h3>\n<ul>\n<li>Laktosefrei<\/li>\n<\/ul><\/div>\n<\/div>\n","protected":false},"excerpt":{"rendered":"<p>Swanson Oregano Oil liefert 150 mg konzentrierten 10:1-Extrakt aus Origanum vulgare pro Weichkapsel. Die Packung enth\u00e4lt 120 Weichkapseln f\u00fcr eine flexible t\u00e4gliche Einnahme. Praktisch, hochdosiert und mit Oliven\u00f6l kombiniert.<\/p>\n","protected":false},"featured_media":3929,"comment_status":"closed","ping_status":"open","template":"","meta":[],"product_brand":[16],"product_cat":[48,25,44,102,21],"product_tag":[],"class_list":{"0":"post-3928","1":"product","2":"type-product","3":"status-publish","4":"has-post-thumbnail","6":"product_brand-swanson","7":"product_cat-gesunde-ernaehrung","8":"product_cat-gesundheit-und-wohlbefinden","9":"product_cat-pflanzliche-nahrungsergaenzungsmittel","10":"product_cat-verdauungsgesundheit","11":"product_cat-vitamine-und-mineralstoffe","13":"first","14":"outofstock","15":"taxable","16":"shipping-taxable","17":"purchasable","18":"product-type-simple"},"yoast_head":"<!-- This site is optimized with the Yoast SEO plugin v27.5 - https:\/\/yoast.com\/product\/yoast-seo-wordpress\/ -->\n<title>Oregano Oil 120 Weichkapseln \u2013 Swanson | ecosupplements.ch<\/title>\n<meta name=\"description\" content=\"Swanson Oregano Oil mit 150 mg 10:1-Extrakt pro Weichkapsel \u2013 120 St\u00fcck f\u00fcr eine flexible t\u00e4gliche Einnahme. Jetzt bestellen.\" \/>\n<meta name=\"robots\" content=\"index, follow, max-snippet:-1, max-image-preview:large, max-video-preview:-1\" \/>\n<link rel=\"canonical\" href=\"https:\/\/ecosupplements.ch\/?product=swanson-oregano-oil-120-kapsu\u00b3ki-elowe\" \/>\n<meta property=\"og:locale\" content=\"de_DE\" \/>\n<meta property=\"og:type\" content=\"article\" \/>\n<meta property=\"og:title\" content=\"Oregano Oil 120 Weichkapseln \u2013 Swanson | ecosupplements.ch\" \/>\n<meta property=\"og:description\" content=\"Swanson Oregano Oil mit 150 mg 10:1-Extrakt pro Weichkapsel \u2013 120 St\u00fcck f\u00fcr eine flexible t\u00e4gliche Einnahme. Jetzt bestellen.\" \/>\n<meta property=\"og:url\" content=\"https:\/\/ecosupplements.ch\/?product=swanson-oregano-oil-120-kapsu\u00b3ki-elowe\" \/>\n<meta property=\"og:site_name\" content=\"Eco Supplements\" \/>\n<meta property=\"article:modified_time\" content=\"2026-05-13T07:24:05+00:00\" \/>\n<meta property=\"og:image\" content=\"https:\/\/ecosupplements.ch\/wp-content\/uploads\/2026\/05\/SWANSON-Oregano-Oil-120-kapsu\u00b3ki-\u00bfelowe.jpg\" \/>\n\t<meta property=\"og:image:width\" content=\"1080\" \/>\n\t<meta property=\"og:image:height\" content=\"1080\" \/>\n\t<meta property=\"og:image:type\" content=\"image\/jpeg\" \/>\n<meta name=\"twitter:card\" content=\"summary_large_image\" \/>\n<meta name=\"twitter:label1\" content=\"Price\" \/>\n\t<meta name=\"twitter:data1\" content=\"&#067;&#072;&#070;&nbsp;10.55\" \/>\n\t<meta name=\"twitter:label2\" content=\"Availability\" \/>\n\t<meta name=\"twitter:data2\" content=\"Out of stock\" \/>\n<script type=\"application\/ld+json\" class=\"yoast-schema-graph\">{\"@context\":\"https:\\\/\\\/schema.org\",\"@graph\":[{\"@type\":\"WebPage\",\"@id\":\"https:\\\/\\\/ecosupplements.ch\\\/?product=swanson-oregano-oil-120-kapsu%c2%b3ki-elowe\",\"url\":\"https:\\\/\\\/ecosupplements.ch\\\/?product=swanson-oregano-oil-120-kapsu%c2%b3ki-elowe\",\"name\":\"Oregano Oil 120 Weichkapseln \u2013 Swanson | ecosupplements.ch\",\"isPartOf\":{\"@id\":\"https:\\\/\\\/ecosupplements.ch\\\/#website\"},\"primaryImageOfPage\":{\"@id\":\"https:\\\/\\\/ecosupplements.ch\\\/?product=swanson-oregano-oil-120-kapsu%c2%b3ki-elowe#primaryimage\"},\"image\":{\"@id\":\"https:\\\/\\\/ecosupplements.ch\\\/?product=swanson-oregano-oil-120-kapsu%c2%b3ki-elowe#primaryimage\"},\"thumbnailUrl\":\"https:\\\/\\\/ecosupplements.ch\\\/wp-content\\\/uploads\\\/2026\\\/05\\\/SWANSON-Oregano-Oil-120-kapsu\u00b3ki-\u00bfelowe.jpg\",\"datePublished\":\"2026-05-11T14:54:36+00:00\",\"dateModified\":\"2026-05-13T07:24:05+00:00\",\"description\":\"Swanson Oregano Oil mit 150 mg 10:1-Extrakt pro Weichkapsel \u2013 120 St\u00fcck f\u00fcr eine flexible t\u00e4gliche Einnahme. Jetzt bestellen.\",\"breadcrumb\":{\"@id\":\"https:\\\/\\\/ecosupplements.ch\\\/?product=swanson-oregano-oil-120-kapsu%c2%b3ki-elowe#breadcrumb\"},\"inLanguage\":\"de-CH\",\"potentialAction\":[{\"@type\":\"ReadAction\",\"target\":[\"https:\\\/\\\/ecosupplements.ch\\\/?product=swanson-oregano-oil-120-kapsu%c2%b3ki-elowe\"]}]},{\"@type\":\"ImageObject\",\"inLanguage\":\"de-CH\",\"@id\":\"https:\\\/\\\/ecosupplements.ch\\\/?product=swanson-oregano-oil-120-kapsu%c2%b3ki-elowe#primaryimage\",\"url\":\"https:\\\/\\\/ecosupplements.ch\\\/wp-content\\\/uploads\\\/2026\\\/05\\\/SWANSON-Oregano-Oil-120-kapsu\u00b3ki-\u00bfelowe.jpg\",\"contentUrl\":\"https:\\\/\\\/ecosupplements.ch\\\/wp-content\\\/uploads\\\/2026\\\/05\\\/SWANSON-Oregano-Oil-120-kapsu\u00b3ki-\u00bfelowe.jpg\",\"width\":1080,\"height\":1080,\"caption\":\"SWANSON Oregano Oil 120 kapsu\u00b3ki \u00bfelowe\"},{\"@type\":\"BreadcrumbList\",\"@id\":\"https:\\\/\\\/ecosupplements.ch\\\/?product=swanson-oregano-oil-120-kapsu%c2%b3ki-elowe#breadcrumb\",\"itemListElement\":[{\"@type\":\"ListItem\",\"position\":1,\"name\":\"Home\",\"item\":\"https:\\\/\\\/ecosupplements.ch\\\/\"},{\"@type\":\"ListItem\",\"position\":2,\"name\":\"Shop\",\"item\":\"https:\\\/\\\/ecosupplements.ch\\\/?page_id=14\"},{\"@type\":\"ListItem\",\"position\":3,\"name\":\"SWANSON Oregano Oil 120 kapsu\u00b3ki \u00bfelowe\"}]},{\"@type\":\"WebSite\",\"@id\":\"https:\\\/\\\/ecosupplements.ch\\\/#website\",\"url\":\"https:\\\/\\\/ecosupplements.ch\\\/\",\"name\":\"Eco Supplements\",\"description\":\"\",\"potentialAction\":[{\"@type\":\"SearchAction\",\"target\":{\"@type\":\"EntryPoint\",\"urlTemplate\":\"https:\\\/\\\/ecosupplements.ch\\\/?s={search_term_string}\"},\"query-input\":{\"@type\":\"PropertyValueSpecification\",\"valueRequired\":true,\"valueName\":\"search_term_string\"}}],\"inLanguage\":\"de-CH\"}]}<\/script>\n<meta property=\"product:price:amount\" content=\"10.55\" \/>\n<meta property=\"product:price:currency\" content=\"CHF\" \/>\n<meta property=\"og:availability\" content=\"out of stock\" \/>\n<meta property=\"product:availability\" content=\"out of stock\" \/>\n<meta property=\"product:retailer_item_id\" content=\"087614110165\" \/>\n<meta property=\"product:condition\" content=\"new\" \/>\n<!-- \/ Yoast SEO plugin. -->","yoast_head_json":{"title":"Oregano Oil 120 Weichkapseln \u2013 Swanson | ecosupplements.ch","description":"Swanson Oregano Oil mit 150 mg 10:1-Extrakt pro Weichkapsel \u2013 120 St\u00fcck f\u00fcr eine flexible t\u00e4gliche Einnahme. Jetzt bestellen.","robots":{"index":"index","follow":"follow","max-snippet":"max-snippet:-1","max-image-preview":"max-image-preview:large","max-video-preview":"max-video-preview:-1"},"canonical":"https:\/\/ecosupplements.ch\/?product=swanson-oregano-oil-120-kapsu\u00b3ki-elowe","og_locale":"de_DE","og_type":"article","og_title":"Oregano Oil 120 Weichkapseln \u2013 Swanson | ecosupplements.ch","og_description":"Swanson Oregano Oil mit 150 mg 10:1-Extrakt pro Weichkapsel \u2013 120 St\u00fcck f\u00fcr eine flexible t\u00e4gliche Einnahme. Jetzt bestellen.","og_url":"https:\/\/ecosupplements.ch\/?product=swanson-oregano-oil-120-kapsu\u00b3ki-elowe","og_site_name":"Eco Supplements","article_modified_time":"2026-05-13T07:24:05+00:00","og_image":[{"width":1080,"height":1080,"url":"https:\/\/ecosupplements.ch\/wp-content\/uploads\/2026\/05\/SWANSON-Oregano-Oil-120-kapsu\u00b3ki-\u00bfelowe.jpg","type":"image\/jpeg"}],"twitter_card":"summary_large_image","twitter_misc":{"Price":"&#67;&#72;&#70;&nbsp;10.55","Availability":"Out of stock"},"schema":{"@context":"https:\/\/schema.org","@graph":[{"@type":"WebPage","@id":"https:\/\/ecosupplements.ch\/?product=swanson-oregano-oil-120-kapsu%c2%b3ki-elowe","url":"https:\/\/ecosupplements.ch\/?product=swanson-oregano-oil-120-kapsu%c2%b3ki-elowe","name":"Oregano Oil 120 Weichkapseln \u2013 Swanson | ecosupplements.ch","isPartOf":{"@id":"https:\/\/ecosupplements.ch\/#website"},"primaryImageOfPage":{"@id":"https:\/\/ecosupplements.ch\/?product=swanson-oregano-oil-120-kapsu%c2%b3ki-elowe#primaryimage"},"image":{"@id":"https:\/\/ecosupplements.ch\/?product=swanson-oregano-oil-120-kapsu%c2%b3ki-elowe#primaryimage"},"thumbnailUrl":"https:\/\/ecosupplements.ch\/wp-content\/uploads\/2026\/05\/SWANSON-Oregano-Oil-120-kapsu\u00b3ki-\u00bfelowe.jpg","datePublished":"2026-05-11T14:54:36+00:00","dateModified":"2026-05-13T07:24:05+00:00","description":"Swanson Oregano Oil mit 150 mg 10:1-Extrakt pro Weichkapsel \u2013 120 St\u00fcck f\u00fcr eine flexible t\u00e4gliche Einnahme. Jetzt bestellen.","breadcrumb":{"@id":"https:\/\/ecosupplements.ch\/?product=swanson-oregano-oil-120-kapsu%c2%b3ki-elowe#breadcrumb"},"inLanguage":"de-CH","potentialAction":[{"@type":"ReadAction","target":["https:\/\/ecosupplements.ch\/?product=swanson-oregano-oil-120-kapsu%c2%b3ki-elowe"]}]},{"@type":"ImageObject","inLanguage":"de-CH","@id":"https:\/\/ecosupplements.ch\/?product=swanson-oregano-oil-120-kapsu%c2%b3ki-elowe#primaryimage","url":"https:\/\/ecosupplements.ch\/wp-content\/uploads\/2026\/05\/SWANSON-Oregano-Oil-120-kapsu\u00b3ki-\u00bfelowe.jpg","contentUrl":"https:\/\/ecosupplements.ch\/wp-content\/uploads\/2026\/05\/SWANSON-Oregano-Oil-120-kapsu\u00b3ki-\u00bfelowe.jpg","width":1080,"height":1080,"caption":"SWANSON Oregano Oil 120 kapsu\u00b3ki \u00bfelowe"},{"@type":"BreadcrumbList","@id":"https:\/\/ecosupplements.ch\/?product=swanson-oregano-oil-120-kapsu%c2%b3ki-elowe#breadcrumb","itemListElement":[{"@type":"ListItem","position":1,"name":"Home","item":"https:\/\/ecosupplements.ch\/"},{"@type":"ListItem","position":2,"name":"Shop","item":"https:\/\/ecosupplements.ch\/?page_id=14"},{"@type":"ListItem","position":3,"name":"SWANSON Oregano Oil 120 kapsu\u00b3ki \u00bfelowe"}]},{"@type":"WebSite","@id":"https:\/\/ecosupplements.ch\/#website","url":"https:\/\/ecosupplements.ch\/","name":"Eco Supplements","description":"","potentialAction":[{"@type":"SearchAction","target":{"@type":"EntryPoint","urlTemplate":"https:\/\/ecosupplements.ch\/?s={search_term_string}"},"query-input":{"@type":"PropertyValueSpecification","valueRequired":true,"valueName":"search_term_string"}}],"inLanguage":"de-CH"}]},"product_price_amount":"10.55","product_price_currency":"CHF","og_availability":"out of stock","product_availability":"out of stock","product_retailer_item_id":"087614110165","product_condition":"new"},"_links":{"self":[{"href":"https:\/\/ecosupplements.ch\/index.php?rest_route=\/wp\/v2\/product\/3928","targetHints":{"allow":["GET"]}}],"collection":[{"href":"https:\/\/ecosupplements.ch\/index.php?rest_route=\/wp\/v2\/product"}],"about":[{"href":"https:\/\/ecosupplements.ch\/index.php?rest_route=\/wp\/v2\/types\/product"}],"replies":[{"embeddable":true,"href":"https:\/\/ecosupplements.ch\/index.php?rest_route=%2Fwp%2Fv2%2Fcomments&post=3928"}],"wp:featuredmedia":[{"embeddable":true,"href":"https:\/\/ecosupplements.ch\/index.php?rest_route=\/wp\/v2\/media\/3929"}],"wp:attachment":[{"href":"https:\/\/ecosupplements.ch\/index.php?rest_route=%2Fwp%2Fv2%2Fmedia&parent=3928"}],"wp:term":[{"taxonomy":"product_brand","embeddable":true,"href":"https:\/\/ecosupplements.ch\/index.php?rest_route=%2Fwp%2Fv2%2Fproduct_brand&post=3928"},{"taxonomy":"product_cat","embeddable":true,"href":"https:\/\/ecosupplements.ch\/index.php?rest_route=%2Fwp%2Fv2%2Fproduct_cat&post=3928"},{"taxonomy":"product_tag","embeddable":true,"href":"https:\/\/ecosupplements.ch\/index.php?rest_route=%2Fwp%2Fv2%2Fproduct_tag&post=3928"}],"curies":[{"name":"wp","href":"https:\/\/api.w.org\/{rel}","templated":true}]}}