{"id":3952,"date":"2026-05-11T14:54:44","date_gmt":"2026-05-11T14:54:44","guid":{"rendered":"https:\/\/ecosupplements.ch\/?product=swanson-triphala-500mg-100-kaps"},"modified":"2026-05-13T07:24:12","modified_gmt":"2026-05-13T07:24:12","slug":"swanson-triphala-500mg-100-kaps","status":"publish","type":"product","link":"https:\/\/ecosupplements.ch\/?product=swanson-triphala-500mg-100-kaps","title":{"rendered":"SWANSON Triphala 500mg 100 kaps"},"content":{"rendered":"<div class=\"chcg-product-description\">\n<h2 class=\"chcg-heading\">\u00dcber Swanson \u2013 Triphala 500mg \u2013 100 Kapseln<\/h2>\n<div class=\"chcg-intro\">\n<p>Triphala ist eine der bekanntesten und traditionsreichsten Kr\u00e4uterkombinationen der ayurvedischen Heilkunde. Sie besteht aus drei Fr\u00fcchten: Amla (<em>Emblica officinalis<\/em>), Harada (<em>Terminalia chebula<\/em>) und Behada (<em>Terminalia bellerica<\/em>). Diese Kombination wird seit Jahrhunderten in der traditionellen indischen Medizin gesch\u00e4tzt und wird heute weltweit als Nahrungserg\u00e4nzungsmittel eingesetzt.<\/p>\n<p>Swanson Triphala 500mg liefert pro Kapsel 500 mg des klassischen Dreifr\u00fcchte-Extrakts in praktischer Kapselform. Jede Portion von zwei Kapseln enth\u00e4lt 1 g Triphala-Fr\u00fcchteextrakt und erm\u00f6glicht eine flexible, bedarfsgerechte Dosierung \u00fcber den Tag verteilt.<\/p>\n<p>Das Produkt von Swanson \u2013 einem renommierten amerikanischen Nahrungserg\u00e4nzungsmittelhersteller \u2013 steht f\u00fcr gleichbleibende Qualit\u00e4t und sorgf\u00e4ltige Zusammensetzung. Mit 100 Kapseln pro Packung bietet es einen Vorrat f\u00fcr eine l\u00e4ngere Anwendungsperiode.<\/p>\n<\/p><\/div>\n<div class=\"chcg-nutrition\">\n<h3>N\u00e4hrwertangaben<\/h3>\n<table class=\"chcg-nutrition-table\">\n<thead>\n<tr>\n<th>N\u00e4hrstoff<\/th>\n<th>Pro Portion (2 Kapseln)<\/th>\n<\/tr>\n<\/thead>\n<tbody>\n<tr>\n<td>Triphala (Fr\u00fcchte) [<em>Emblica officinalis<\/em> (Amla), <em>Terminalia chebula<\/em> (Harada), <em>Terminalia bellerica<\/em> (Behada)]<\/td>\n<td>1 g *<\/td>\n<\/tr>\n<\/tbody>\n<\/table>\n<p class=\"chcg-footnote\">* Kein etablierter Tagesreferenzwert vorhanden.<\/p>\n<\/p><\/div>\n<div class=\"chcg-ingredients\">\n<h3>Zutaten<\/h3>\n<p>Triphala (Fr\u00fcchte) 1 g [<em>Emblica officinalis<\/em> (Amla), <em>Terminalia chebula<\/em> (Harada), <em>Terminalia bellerica<\/em> (Behada)]. Weitere Zutaten: Gelatine, kann eines oder beide der folgenden Bestandteile enthalten: Magnesiumstearat, Siliciumdioxid.<\/p>\n<p class=\"chcg-capsule-shell\">Kapselh\u00fclle: Gelatine<\/p>\n<\/p><\/div>\n<div class=\"chcg-dosage\">\n<h3>Verzehrempfehlung<\/h3>\n<p>Als Nahrungserg\u00e4nzungsmittel zwei Kapseln zwei- bis dreimal t\u00e4glich mit Wasser einnehmen.<\/p>\n<\/p><\/div>\n<div class=\"chcg-warnings\">\n<h3>Warnhinweise<\/h3>\n<p>Nur f\u00fcr Erwachsene. Dieses Produkt nicht einnehmen, wenn Sie schwanger sind oder stillen. Konsultieren Sie Ihre \u00c4rztin oder Ihren Arzt, bevor Sie dieses oder ein anderes Produkt verwenden, wenn Sie Medikamente einnehmen oder an einer Erkrankung leiden. Ausserhalb der Reichweite von Kindern aufbewahren. Nicht verwenden, wenn die Versiegelung besch\u00e4digt ist.<\/p>\n<\/p><\/div>\n<div class=\"chcg-allergens\">\n<h3>Allergeninformationen<\/h3>\n<p>Keine Allergene explizit deklariert. Die Kapselh\u00fclle enth\u00e4lt Gelatine (laut Herstellerangaben aus Schweine- und\/oder Rinderknochen\/-haut).<\/p>\n<\/p><\/div>\n<div class=\"chcg-storage\">\n<h3>Lagerung<\/h3>\n<p>An einem k\u00fchlen, trockenen Ort aufbewahren.<\/p>\n<\/p><\/div>\n<div class=\"chcg-dietary\">\n<h3>Ern\u00e4hrungshinweise<\/h3>\n<ul>\n<li>Nicht vegan (Kapselh\u00fclle aus Gelatine)<\/li>\n<li>Nicht vegetarisch (Kapselh\u00fclle aus Gelatine)<\/li>\n<\/ul><\/div>\n<\/div>\n","protected":false},"excerpt":{"rendered":"<p>Swanson Triphala 500mg vereint die drei ayurvedischen Fr\u00fcchte Amla, Harada und Behada in praktischen Kapseln. Pro Packung sind 100 Kapseln enthalten \u2013 ausreichend f\u00fcr bis zu 50 Portionen. Kapselh\u00fclle enth\u00e4lt Gelatine; nicht vegan\/vegetarisch.<\/p>\n","protected":false},"featured_media":3953,"comment_status":"closed","ping_status":"open","template":"","meta":[],"product_brand":[16],"product_cat":[48,25,44,102,21],"product_tag":[],"class_list":{"0":"post-3952","1":"product","2":"type-product","3":"status-publish","4":"has-post-thumbnail","6":"product_brand-swanson","7":"product_cat-gesunde-ernaehrung","8":"product_cat-gesundheit-und-wohlbefinden","9":"product_cat-pflanzliche-nahrungsergaenzungsmittel","10":"product_cat-verdauungsgesundheit","11":"product_cat-vitamine-und-mineralstoffe","13":"first","14":"outofstock","15":"taxable","16":"shipping-taxable","17":"purchasable","18":"product-type-simple"},"yoast_head":"<!-- This site is optimized with the Yoast SEO plugin v27.5 - https:\/\/yoast.com\/product\/yoast-seo-wordpress\/ -->\n<title>Swanson Triphala 500mg 100 Kapseln | ecosupplements.ch<\/title>\n<meta name=\"description\" content=\"Triphala 500mg von Swanson mit Amla, Harada und Behada \u2013 100 Kapseln f\u00fcr bis zu 50 Portionen. Jetzt bestellen.\" \/>\n<meta name=\"robots\" content=\"index, follow, max-snippet:-1, max-image-preview:large, max-video-preview:-1\" \/>\n<link rel=\"canonical\" href=\"https:\/\/ecosupplements.ch\/?product=swanson-triphala-500mg-100-kaps\" \/>\n<meta property=\"og:locale\" content=\"de_DE\" \/>\n<meta property=\"og:type\" content=\"article\" \/>\n<meta property=\"og:title\" content=\"Swanson Triphala 500mg 100 Kapseln | ecosupplements.ch\" \/>\n<meta property=\"og:description\" content=\"Triphala 500mg von Swanson mit Amla, Harada und Behada \u2013 100 Kapseln f\u00fcr bis zu 50 Portionen. Jetzt bestellen.\" \/>\n<meta property=\"og:url\" content=\"https:\/\/ecosupplements.ch\/?product=swanson-triphala-500mg-100-kaps\" \/>\n<meta property=\"og:site_name\" content=\"Eco Supplements\" \/>\n<meta property=\"article:modified_time\" content=\"2026-05-13T07:24:12+00:00\" \/>\n<meta property=\"og:image\" content=\"https:\/\/ecosupplements.ch\/wp-content\/uploads\/2026\/05\/SWANSON-Triphala-500mg-100-kaps.jpg\" \/>\n\t<meta property=\"og:image:width\" content=\"650\" \/>\n\t<meta property=\"og:image:height\" content=\"650\" \/>\n\t<meta property=\"og:image:type\" content=\"image\/jpeg\" \/>\n<meta name=\"twitter:card\" content=\"summary_large_image\" \/>\n<meta name=\"twitter:label1\" content=\"Price\" \/>\n\t<meta name=\"twitter:data1\" content=\"&#067;&#072;&#070;&nbsp;8.64\" \/>\n\t<meta name=\"twitter:label2\" content=\"Availability\" \/>\n\t<meta name=\"twitter:data2\" content=\"Out of stock\" \/>\n<script type=\"application\/ld+json\" class=\"yoast-schema-graph\">{\"@context\":\"https:\\\/\\\/schema.org\",\"@graph\":[{\"@type\":\"WebPage\",\"@id\":\"https:\\\/\\\/ecosupplements.ch\\\/?product=swanson-triphala-500mg-100-kaps\",\"url\":\"https:\\\/\\\/ecosupplements.ch\\\/?product=swanson-triphala-500mg-100-kaps\",\"name\":\"Swanson Triphala 500mg 100 Kapseln | ecosupplements.ch\",\"isPartOf\":{\"@id\":\"https:\\\/\\\/ecosupplements.ch\\\/#website\"},\"primaryImageOfPage\":{\"@id\":\"https:\\\/\\\/ecosupplements.ch\\\/?product=swanson-triphala-500mg-100-kaps#primaryimage\"},\"image\":{\"@id\":\"https:\\\/\\\/ecosupplements.ch\\\/?product=swanson-triphala-500mg-100-kaps#primaryimage\"},\"thumbnailUrl\":\"https:\\\/\\\/ecosupplements.ch\\\/wp-content\\\/uploads\\\/2026\\\/05\\\/SWANSON-Triphala-500mg-100-kaps.jpg\",\"datePublished\":\"2026-05-11T14:54:44+00:00\",\"dateModified\":\"2026-05-13T07:24:12+00:00\",\"description\":\"Triphala 500mg von Swanson mit Amla, Harada und Behada \u2013 100 Kapseln f\u00fcr bis zu 50 Portionen. Jetzt bestellen.\",\"breadcrumb\":{\"@id\":\"https:\\\/\\\/ecosupplements.ch\\\/?product=swanson-triphala-500mg-100-kaps#breadcrumb\"},\"inLanguage\":\"de-CH\",\"potentialAction\":[{\"@type\":\"ReadAction\",\"target\":[\"https:\\\/\\\/ecosupplements.ch\\\/?product=swanson-triphala-500mg-100-kaps\"]}]},{\"@type\":\"ImageObject\",\"inLanguage\":\"de-CH\",\"@id\":\"https:\\\/\\\/ecosupplements.ch\\\/?product=swanson-triphala-500mg-100-kaps#primaryimage\",\"url\":\"https:\\\/\\\/ecosupplements.ch\\\/wp-content\\\/uploads\\\/2026\\\/05\\\/SWANSON-Triphala-500mg-100-kaps.jpg\",\"contentUrl\":\"https:\\\/\\\/ecosupplements.ch\\\/wp-content\\\/uploads\\\/2026\\\/05\\\/SWANSON-Triphala-500mg-100-kaps.jpg\",\"width\":650,\"height\":650,\"caption\":\"SWANSON Triphala 500mg 100 kaps\"},{\"@type\":\"BreadcrumbList\",\"@id\":\"https:\\\/\\\/ecosupplements.ch\\\/?product=swanson-triphala-500mg-100-kaps#breadcrumb\",\"itemListElement\":[{\"@type\":\"ListItem\",\"position\":1,\"name\":\"Home\",\"item\":\"https:\\\/\\\/ecosupplements.ch\\\/\"},{\"@type\":\"ListItem\",\"position\":2,\"name\":\"Shop\",\"item\":\"https:\\\/\\\/ecosupplements.ch\\\/?page_id=14\"},{\"@type\":\"ListItem\",\"position\":3,\"name\":\"SWANSON Triphala 500mg 100 kaps\"}]},{\"@type\":\"WebSite\",\"@id\":\"https:\\\/\\\/ecosupplements.ch\\\/#website\",\"url\":\"https:\\\/\\\/ecosupplements.ch\\\/\",\"name\":\"Eco Supplements\",\"description\":\"\",\"potentialAction\":[{\"@type\":\"SearchAction\",\"target\":{\"@type\":\"EntryPoint\",\"urlTemplate\":\"https:\\\/\\\/ecosupplements.ch\\\/?s={search_term_string}\"},\"query-input\":{\"@type\":\"PropertyValueSpecification\",\"valueRequired\":true,\"valueName\":\"search_term_string\"}}],\"inLanguage\":\"de-CH\"}]}<\/script>\n<meta property=\"product:price:amount\" content=\"8.64\" \/>\n<meta property=\"product:price:currency\" content=\"CHF\" \/>\n<meta property=\"og:availability\" content=\"out of stock\" \/>\n<meta property=\"product:availability\" content=\"out of stock\" \/>\n<meta property=\"product:retailer_item_id\" content=\"087614110394\" \/>\n<meta property=\"product:condition\" content=\"new\" \/>\n<!-- \/ Yoast SEO plugin. -->","yoast_head_json":{"title":"Swanson Triphala 500mg 100 Kapseln | ecosupplements.ch","description":"Triphala 500mg von Swanson mit Amla, Harada und Behada \u2013 100 Kapseln f\u00fcr bis zu 50 Portionen. Jetzt bestellen.","robots":{"index":"index","follow":"follow","max-snippet":"max-snippet:-1","max-image-preview":"max-image-preview:large","max-video-preview":"max-video-preview:-1"},"canonical":"https:\/\/ecosupplements.ch\/?product=swanson-triphala-500mg-100-kaps","og_locale":"de_DE","og_type":"article","og_title":"Swanson Triphala 500mg 100 Kapseln | ecosupplements.ch","og_description":"Triphala 500mg von Swanson mit Amla, Harada und Behada \u2013 100 Kapseln f\u00fcr bis zu 50 Portionen. Jetzt bestellen.","og_url":"https:\/\/ecosupplements.ch\/?product=swanson-triphala-500mg-100-kaps","og_site_name":"Eco Supplements","article_modified_time":"2026-05-13T07:24:12+00:00","og_image":[{"width":650,"height":650,"url":"https:\/\/ecosupplements.ch\/wp-content\/uploads\/2026\/05\/SWANSON-Triphala-500mg-100-kaps.jpg","type":"image\/jpeg"}],"twitter_card":"summary_large_image","twitter_misc":{"Price":"&#67;&#72;&#70;&nbsp;8.64","Availability":"Out of stock"},"schema":{"@context":"https:\/\/schema.org","@graph":[{"@type":"WebPage","@id":"https:\/\/ecosupplements.ch\/?product=swanson-triphala-500mg-100-kaps","url":"https:\/\/ecosupplements.ch\/?product=swanson-triphala-500mg-100-kaps","name":"Swanson Triphala 500mg 100 Kapseln | ecosupplements.ch","isPartOf":{"@id":"https:\/\/ecosupplements.ch\/#website"},"primaryImageOfPage":{"@id":"https:\/\/ecosupplements.ch\/?product=swanson-triphala-500mg-100-kaps#primaryimage"},"image":{"@id":"https:\/\/ecosupplements.ch\/?product=swanson-triphala-500mg-100-kaps#primaryimage"},"thumbnailUrl":"https:\/\/ecosupplements.ch\/wp-content\/uploads\/2026\/05\/SWANSON-Triphala-500mg-100-kaps.jpg","datePublished":"2026-05-11T14:54:44+00:00","dateModified":"2026-05-13T07:24:12+00:00","description":"Triphala 500mg von Swanson mit Amla, Harada und Behada \u2013 100 Kapseln f\u00fcr bis zu 50 Portionen. Jetzt bestellen.","breadcrumb":{"@id":"https:\/\/ecosupplements.ch\/?product=swanson-triphala-500mg-100-kaps#breadcrumb"},"inLanguage":"de-CH","potentialAction":[{"@type":"ReadAction","target":["https:\/\/ecosupplements.ch\/?product=swanson-triphala-500mg-100-kaps"]}]},{"@type":"ImageObject","inLanguage":"de-CH","@id":"https:\/\/ecosupplements.ch\/?product=swanson-triphala-500mg-100-kaps#primaryimage","url":"https:\/\/ecosupplements.ch\/wp-content\/uploads\/2026\/05\/SWANSON-Triphala-500mg-100-kaps.jpg","contentUrl":"https:\/\/ecosupplements.ch\/wp-content\/uploads\/2026\/05\/SWANSON-Triphala-500mg-100-kaps.jpg","width":650,"height":650,"caption":"SWANSON Triphala 500mg 100 kaps"},{"@type":"BreadcrumbList","@id":"https:\/\/ecosupplements.ch\/?product=swanson-triphala-500mg-100-kaps#breadcrumb","itemListElement":[{"@type":"ListItem","position":1,"name":"Home","item":"https:\/\/ecosupplements.ch\/"},{"@type":"ListItem","position":2,"name":"Shop","item":"https:\/\/ecosupplements.ch\/?page_id=14"},{"@type":"ListItem","position":3,"name":"SWANSON Triphala 500mg 100 kaps"}]},{"@type":"WebSite","@id":"https:\/\/ecosupplements.ch\/#website","url":"https:\/\/ecosupplements.ch\/","name":"Eco Supplements","description":"","potentialAction":[{"@type":"SearchAction","target":{"@type":"EntryPoint","urlTemplate":"https:\/\/ecosupplements.ch\/?s={search_term_string}"},"query-input":{"@type":"PropertyValueSpecification","valueRequired":true,"valueName":"search_term_string"}}],"inLanguage":"de-CH"}]},"product_price_amount":"8.64","product_price_currency":"CHF","og_availability":"out of stock","product_availability":"out of stock","product_retailer_item_id":"087614110394","product_condition":"new"},"_links":{"self":[{"href":"https:\/\/ecosupplements.ch\/index.php?rest_route=\/wp\/v2\/product\/3952","targetHints":{"allow":["GET"]}}],"collection":[{"href":"https:\/\/ecosupplements.ch\/index.php?rest_route=\/wp\/v2\/product"}],"about":[{"href":"https:\/\/ecosupplements.ch\/index.php?rest_route=\/wp\/v2\/types\/product"}],"replies":[{"embeddable":true,"href":"https:\/\/ecosupplements.ch\/index.php?rest_route=%2Fwp%2Fv2%2Fcomments&post=3952"}],"wp:featuredmedia":[{"embeddable":true,"href":"https:\/\/ecosupplements.ch\/index.php?rest_route=\/wp\/v2\/media\/3953"}],"wp:attachment":[{"href":"https:\/\/ecosupplements.ch\/index.php?rest_route=%2Fwp%2Fv2%2Fmedia&parent=3952"}],"wp:term":[{"taxonomy":"product_brand","embeddable":true,"href":"https:\/\/ecosupplements.ch\/index.php?rest_route=%2Fwp%2Fv2%2Fproduct_brand&post=3952"},{"taxonomy":"product_cat","embeddable":true,"href":"https:\/\/ecosupplements.ch\/index.php?rest_route=%2Fwp%2Fv2%2Fproduct_cat&post=3952"},{"taxonomy":"product_tag","embeddable":true,"href":"https:\/\/ecosupplements.ch\/index.php?rest_route=%2Fwp%2Fv2%2Fproduct_tag&post=3952"}],"curies":[{"name":"wp","href":"https:\/\/api.w.org\/{rel}","templated":true}]}}