{"id":4036,"date":"2026-05-11T14:55:18","date_gmt":"2026-05-11T14:55:18","guid":{"rendered":"https:\/\/ecosupplements.ch\/?product=natrol-kids-melatonin-30-tablets-strawberry"},"modified":"2026-05-13T07:24:58","modified_gmt":"2026-05-13T07:24:58","slug":"natrol-kids-melatonin-30-tablets-strawberry","status":"publish","type":"product","link":"https:\/\/ecosupplements.ch\/?product=natrol-kids-melatonin-30-tablets-strawberry","title":{"rendered":"Natrol Kids Melatonin (30 Tablets, Strawberry)"},"content":{"rendered":"<div class=\"chcg-product-description\">\n<h2 class=\"chcg-heading\">\u00dcber Natrol \u2013 Kids Melatonin (30 Tabletten, Erdbeere)<\/h2>\n<div class=\"chcg-intro\">\n<p>Natrol Kids Melatonin ist ein speziell f\u00fcr Kinder ab 4 Jahren entwickeltes Nahrungserg\u00e4nzungsmittel mit 1 mg Melatonin pro Tablette. Die angenehme Erdbeergeschmack macht die Einnahme f\u00fcr Kinder einfach und unkompliziert \u2013 ganz ohne Wasser. Melatonin tr\u00e4gt dazu bei, die Einschlafzeit zu verk\u00fcrzen.<\/p>\n<p>Die Fast-Dissolve-Tabletten l\u00f6sen sich im Mund auf oder k\u00f6nnen gekaut werden, was sie besonders praktisch f\u00fcr den abendlichen Einsatz macht. Zus\u00e4tzlich enth\u00e4lt die Formel Zitronenmelissen-Extrakt (Melissa officinalis), eine traditionell verwendete Pflanze, die seit Jahrhunderten im Bereich der Entspannung bekannt ist.<\/p>\n<p>Mit dem milden S\u00fcssungsmittel Xylitol und nat\u00fcrlichen Aromen ist dieses Produkt zahnfreundlich formuliert und enth\u00e4lt keine k\u00fcnstlichen Farbstoffe \u2013 die rote Farbe stammt ausschliesslich aus Rote-Bete-Extrakt.<\/p>\n<\/p><\/div>\n<div class=\"chcg-nutrition\">\n<h3>N\u00e4hrwertangaben<\/h3>\n<table class=\"chcg-nutrition-table\">\n<thead>\n<tr>\n<th>N\u00e4hrstoff<\/th>\n<th>Pro Portion (1 Tablette)<\/th>\n<\/tr>\n<\/thead>\n<tbody>\n<tr>\n<td>Melatonin<\/td>\n<td>1 mg<\/td>\n<\/tr>\n<tr>\n<td>Zitronenmelissen-Extrakt (<em>Melissa officinalis<\/em>) (oberirdische Pflanzenteile)<\/td>\n<td>*<\/td>\n<\/tr>\n<\/tbody>\n<\/table>\n<p class=\"chcg-footnote\">* Kein festgelegter Tagesbedarf.<\/p>\n<\/p><\/div>\n<div class=\"chcg-ingredients\">\n<h3>Zutaten<\/h3>\n<p>Melatonin, Zitronenmelissen-Extrakt (<em>Melissa officinalis<\/em>) (oberirdische Pflanzenteile), Xylitol, Dextrin, Maltodextrin, Crospovidon, modifizierte Lebensmittelst\u00e4rke, Rote-Bete-Extrakt (Farbstoff), Stearins\u00e4ure, nat\u00fcrliches Aroma, Magnesiumstearat, Siliziumdioxid, Zitronens\u00e4ure, Steviolglykoside.<\/p>\n<\/p><\/div>\n<div class=\"chcg-dosage\">\n<h3>Verzehrempfehlung<\/h3>\n<p>F\u00fcr Kinder ab 4 Jahren: 1 Tablette 30 Minuten vor dem Schlafengehen einnehmen. Die Tablette im Mund zergehen lassen oder kauen, bevor sie geschluckt wird. Kein Wasser erforderlich.<\/p>\n<\/p><\/div>\n<div class=\"chcg-warnings\">\n<h3>Warnhinweise<\/h3>\n<p>Vor der Einnahme dieses Produkts einen Arzt oder eine \u00c4rztin konsultieren, wenn Sie schwanger sind, stillen, unter 18 Jahre alt sind, Medikamente oder andere Produkte mit Magnesium einnehmen oder an einer Erkrankung leiden (einschliesslich Nierenerkrankungen). Bei unerw\u00fcnschten Reaktionen die Einnahme sofort abbrechen. Melatonin kann Schl\u00e4frigkeit oder M\u00fcdigkeit verursachen \u2013 nicht einnehmen beim Autofahren, Bedienen schwerer Maschinen oder beim Konsum von Alkohol. Nur f\u00fcr den gelegentlichen und kurzfristigen Gebrauch bestimmt. Ausschliesslich gem\u00e4ss Anweisung verwenden und die empfohlene Dosierung nicht \u00fcberschreiten.<\/p>\n<\/p><\/div>\n<div class=\"chcg-allergens\">\n<h3>Allergeninformationen<\/h3>\n<p>Enth\u00e4lt: Weizen. Enth\u00e4lt kein: Milch, Ei, Fisch, Krebstiere und Schalentiere, Schalenfr\u00fcchte (Baumn\u00fcsse), Erdn\u00fcsse, Sojabohnen, Sesam.<\/p>\n<\/p><\/div>\n<div class=\"chcg-storage\">\n<h3>Lagerung<\/h3>\n<p>An einem k\u00fchlen, trockenen Ort aufbewahren. Ausserhalb der Reichweite von Kindern aufbewahren.<\/p>\n<\/p><\/div>\n<div class=\"chcg-dietary\">\n<h3>Ern\u00e4hrungshinweise<\/h3>\n<ul>\n<li>Vegetarisch<\/li>\n<li>Laktosefrei<\/li>\n<\/ul><\/div>\n<\/div>\n","protected":false},"excerpt":{"rendered":"<p>Natrol Kids Melatonin unterst\u00fctzt das Einschlafen bei Kindern ab 4 Jahren mit 1 mg Melatonin pro Tablette. Die Fast-Dissolve-Tabletten mit Erdbeergeschmack l\u00f6sen sich im Mund auf \u2013 ganz ohne Wasser. 30 Tabletten pro Packung.<\/p>\n","protected":false},"featured_media":4037,"comment_status":"closed","ping_status":"open","template":"","meta":[],"product_brand":[208],"product_cat":[48,25,138,56,83],"product_tag":[],"class_list":{"0":"post-4036","1":"product","2":"type-product","3":"status-publish","4":"has-post-thumbnail","6":"product_brand-natrol","7":"product_cat-gesunde-ernaehrung","8":"product_cat-gesundheit-und-wohlbefinden","9":"product_cat-gummibaerchen","10":"product_cat-kindergesundheit","11":"product_cat-schlafunterstuetzung","13":"first","14":"outofstock","15":"taxable","16":"shipping-taxable","17":"purchasable","18":"product-type-simple"},"yoast_head":"<!-- This site is optimized with the Yoast SEO plugin v27.5 - https:\/\/yoast.com\/product\/yoast-seo-wordpress\/ -->\n<title>Natrol Kids Melatonin 30 Tabletten \u2013 Natrol | ecosupplements.ch<\/title>\n<meta name=\"description\" content=\"Natrol Kids Melatonin mit 1 mg pro Tablette \u2013 speziell f\u00fcr Kinder ab 4 Jahren, mit Erdbeergeschmack, 30 Fast-Dissolve-Tabletten. Jetzt bestellen.\" \/>\n<meta name=\"robots\" content=\"index, follow, max-snippet:-1, max-image-preview:large, max-video-preview:-1\" \/>\n<link rel=\"canonical\" href=\"https:\/\/ecosupplements.ch\/?product=natrol-kids-melatonin-30-tablets-strawberry\" \/>\n<meta property=\"og:locale\" content=\"de_DE\" \/>\n<meta property=\"og:type\" content=\"article\" \/>\n<meta property=\"og:title\" content=\"Natrol Kids Melatonin 30 Tabletten \u2013 Natrol | ecosupplements.ch\" \/>\n<meta property=\"og:description\" content=\"Natrol Kids Melatonin mit 1 mg pro Tablette \u2013 speziell f\u00fcr Kinder ab 4 Jahren, mit Erdbeergeschmack, 30 Fast-Dissolve-Tabletten. Jetzt bestellen.\" \/>\n<meta property=\"og:url\" content=\"https:\/\/ecosupplements.ch\/?product=natrol-kids-melatonin-30-tablets-strawberry\" \/>\n<meta property=\"og:site_name\" content=\"Eco Supplements\" \/>\n<meta property=\"article:modified_time\" content=\"2026-05-13T07:24:58+00:00\" \/>\n<meta property=\"og:image\" content=\"https:\/\/ecosupplements.ch\/wp-content\/uploads\/2026\/05\/Natrol-Kids-Melatonin-30-Tablets-Strawberry.webp\" \/>\n\t<meta property=\"og:image:width\" content=\"1000\" \/>\n\t<meta property=\"og:image:height\" content=\"1000\" \/>\n\t<meta property=\"og:image:type\" content=\"image\/jpeg\" \/>\n<meta name=\"twitter:card\" content=\"summary_large_image\" \/>\n<meta name=\"twitter:label1\" content=\"Price\" \/>\n\t<meta name=\"twitter:data1\" content=\"&#067;&#072;&#070;&nbsp;13.09\" \/>\n\t<meta name=\"twitter:label2\" content=\"Availability\" \/>\n\t<meta name=\"twitter:data2\" content=\"Out of stock\" \/>\n<script type=\"application\/ld+json\" class=\"yoast-schema-graph\">{\"@context\":\"https:\\\/\\\/schema.org\",\"@graph\":[{\"@type\":\"WebPage\",\"@id\":\"https:\\\/\\\/ecosupplements.ch\\\/?product=natrol-kids-melatonin-30-tablets-strawberry\",\"url\":\"https:\\\/\\\/ecosupplements.ch\\\/?product=natrol-kids-melatonin-30-tablets-strawberry\",\"name\":\"Natrol Kids Melatonin 30 Tabletten \u2013 Natrol | ecosupplements.ch\",\"isPartOf\":{\"@id\":\"https:\\\/\\\/ecosupplements.ch\\\/#website\"},\"primaryImageOfPage\":{\"@id\":\"https:\\\/\\\/ecosupplements.ch\\\/?product=natrol-kids-melatonin-30-tablets-strawberry#primaryimage\"},\"image\":{\"@id\":\"https:\\\/\\\/ecosupplements.ch\\\/?product=natrol-kids-melatonin-30-tablets-strawberry#primaryimage\"},\"thumbnailUrl\":\"https:\\\/\\\/ecosupplements.ch\\\/wp-content\\\/uploads\\\/2026\\\/05\\\/Natrol-Kids-Melatonin-30-Tablets-Strawberry.webp\",\"datePublished\":\"2026-05-11T14:55:18+00:00\",\"dateModified\":\"2026-05-13T07:24:58+00:00\",\"description\":\"Natrol Kids Melatonin mit 1 mg pro Tablette \u2013 speziell f\u00fcr Kinder ab 4 Jahren, mit Erdbeergeschmack, 30 Fast-Dissolve-Tabletten. Jetzt bestellen.\",\"breadcrumb\":{\"@id\":\"https:\\\/\\\/ecosupplements.ch\\\/?product=natrol-kids-melatonin-30-tablets-strawberry#breadcrumb\"},\"inLanguage\":\"de-CH\",\"potentialAction\":[{\"@type\":\"ReadAction\",\"target\":[\"https:\\\/\\\/ecosupplements.ch\\\/?product=natrol-kids-melatonin-30-tablets-strawberry\"]}]},{\"@type\":\"ImageObject\",\"inLanguage\":\"de-CH\",\"@id\":\"https:\\\/\\\/ecosupplements.ch\\\/?product=natrol-kids-melatonin-30-tablets-strawberry#primaryimage\",\"url\":\"https:\\\/\\\/ecosupplements.ch\\\/wp-content\\\/uploads\\\/2026\\\/05\\\/Natrol-Kids-Melatonin-30-Tablets-Strawberry.webp\",\"contentUrl\":\"https:\\\/\\\/ecosupplements.ch\\\/wp-content\\\/uploads\\\/2026\\\/05\\\/Natrol-Kids-Melatonin-30-Tablets-Strawberry.webp\",\"width\":1000,\"height\":1000,\"caption\":\"Natrol Kids Melatonin (30 Tablets\"},{\"@type\":\"BreadcrumbList\",\"@id\":\"https:\\\/\\\/ecosupplements.ch\\\/?product=natrol-kids-melatonin-30-tablets-strawberry#breadcrumb\",\"itemListElement\":[{\"@type\":\"ListItem\",\"position\":1,\"name\":\"Home\",\"item\":\"https:\\\/\\\/ecosupplements.ch\\\/\"},{\"@type\":\"ListItem\",\"position\":2,\"name\":\"Shop\",\"item\":\"https:\\\/\\\/ecosupplements.ch\\\/?page_id=14\"},{\"@type\":\"ListItem\",\"position\":3,\"name\":\"Natrol Kids Melatonin (30 Tablets, Strawberry)\"}]},{\"@type\":\"WebSite\",\"@id\":\"https:\\\/\\\/ecosupplements.ch\\\/#website\",\"url\":\"https:\\\/\\\/ecosupplements.ch\\\/\",\"name\":\"Eco Supplements\",\"description\":\"\",\"potentialAction\":[{\"@type\":\"SearchAction\",\"target\":{\"@type\":\"EntryPoint\",\"urlTemplate\":\"https:\\\/\\\/ecosupplements.ch\\\/?s={search_term_string}\"},\"query-input\":{\"@type\":\"PropertyValueSpecification\",\"valueRequired\":true,\"valueName\":\"search_term_string\"}}],\"inLanguage\":\"de-CH\"}]}<\/script>\n<meta property=\"product:price:amount\" content=\"13.09\" \/>\n<meta property=\"product:price:currency\" content=\"CHF\" \/>\n<meta property=\"og:availability\" content=\"out of stock\" \/>\n<meta property=\"product:availability\" content=\"out of stock\" \/>\n<meta property=\"product:retailer_item_id\" content=\"047469076979\" \/>\n<meta property=\"product:condition\" content=\"new\" \/>\n<!-- \/ Yoast SEO plugin. -->","yoast_head_json":{"title":"Natrol Kids Melatonin 30 Tabletten \u2013 Natrol | ecosupplements.ch","description":"Natrol Kids Melatonin mit 1 mg pro Tablette \u2013 speziell f\u00fcr Kinder ab 4 Jahren, mit Erdbeergeschmack, 30 Fast-Dissolve-Tabletten. Jetzt bestellen.","robots":{"index":"index","follow":"follow","max-snippet":"max-snippet:-1","max-image-preview":"max-image-preview:large","max-video-preview":"max-video-preview:-1"},"canonical":"https:\/\/ecosupplements.ch\/?product=natrol-kids-melatonin-30-tablets-strawberry","og_locale":"de_DE","og_type":"article","og_title":"Natrol Kids Melatonin 30 Tabletten \u2013 Natrol | ecosupplements.ch","og_description":"Natrol Kids Melatonin mit 1 mg pro Tablette \u2013 speziell f\u00fcr Kinder ab 4 Jahren, mit Erdbeergeschmack, 30 Fast-Dissolve-Tabletten. Jetzt bestellen.","og_url":"https:\/\/ecosupplements.ch\/?product=natrol-kids-melatonin-30-tablets-strawberry","og_site_name":"Eco Supplements","article_modified_time":"2026-05-13T07:24:58+00:00","og_image":[{"width":1000,"height":1000,"url":"https:\/\/ecosupplements.ch\/wp-content\/uploads\/2026\/05\/Natrol-Kids-Melatonin-30-Tablets-Strawberry.webp","type":"image\/jpeg"}],"twitter_card":"summary_large_image","twitter_misc":{"Price":"&#67;&#72;&#70;&nbsp;13.09","Availability":"Out of stock"},"schema":{"@context":"https:\/\/schema.org","@graph":[{"@type":"WebPage","@id":"https:\/\/ecosupplements.ch\/?product=natrol-kids-melatonin-30-tablets-strawberry","url":"https:\/\/ecosupplements.ch\/?product=natrol-kids-melatonin-30-tablets-strawberry","name":"Natrol Kids Melatonin 30 Tabletten \u2013 Natrol | ecosupplements.ch","isPartOf":{"@id":"https:\/\/ecosupplements.ch\/#website"},"primaryImageOfPage":{"@id":"https:\/\/ecosupplements.ch\/?product=natrol-kids-melatonin-30-tablets-strawberry#primaryimage"},"image":{"@id":"https:\/\/ecosupplements.ch\/?product=natrol-kids-melatonin-30-tablets-strawberry#primaryimage"},"thumbnailUrl":"https:\/\/ecosupplements.ch\/wp-content\/uploads\/2026\/05\/Natrol-Kids-Melatonin-30-Tablets-Strawberry.webp","datePublished":"2026-05-11T14:55:18+00:00","dateModified":"2026-05-13T07:24:58+00:00","description":"Natrol Kids Melatonin mit 1 mg pro Tablette \u2013 speziell f\u00fcr Kinder ab 4 Jahren, mit Erdbeergeschmack, 30 Fast-Dissolve-Tabletten. Jetzt bestellen.","breadcrumb":{"@id":"https:\/\/ecosupplements.ch\/?product=natrol-kids-melatonin-30-tablets-strawberry#breadcrumb"},"inLanguage":"de-CH","potentialAction":[{"@type":"ReadAction","target":["https:\/\/ecosupplements.ch\/?product=natrol-kids-melatonin-30-tablets-strawberry"]}]},{"@type":"ImageObject","inLanguage":"de-CH","@id":"https:\/\/ecosupplements.ch\/?product=natrol-kids-melatonin-30-tablets-strawberry#primaryimage","url":"https:\/\/ecosupplements.ch\/wp-content\/uploads\/2026\/05\/Natrol-Kids-Melatonin-30-Tablets-Strawberry.webp","contentUrl":"https:\/\/ecosupplements.ch\/wp-content\/uploads\/2026\/05\/Natrol-Kids-Melatonin-30-Tablets-Strawberry.webp","width":1000,"height":1000,"caption":"Natrol Kids Melatonin (30 Tablets"},{"@type":"BreadcrumbList","@id":"https:\/\/ecosupplements.ch\/?product=natrol-kids-melatonin-30-tablets-strawberry#breadcrumb","itemListElement":[{"@type":"ListItem","position":1,"name":"Home","item":"https:\/\/ecosupplements.ch\/"},{"@type":"ListItem","position":2,"name":"Shop","item":"https:\/\/ecosupplements.ch\/?page_id=14"},{"@type":"ListItem","position":3,"name":"Natrol Kids Melatonin (30 Tablets, Strawberry)"}]},{"@type":"WebSite","@id":"https:\/\/ecosupplements.ch\/#website","url":"https:\/\/ecosupplements.ch\/","name":"Eco Supplements","description":"","potentialAction":[{"@type":"SearchAction","target":{"@type":"EntryPoint","urlTemplate":"https:\/\/ecosupplements.ch\/?s={search_term_string}"},"query-input":{"@type":"PropertyValueSpecification","valueRequired":true,"valueName":"search_term_string"}}],"inLanguage":"de-CH"}]},"product_price_amount":"13.09","product_price_currency":"CHF","og_availability":"out of stock","product_availability":"out of stock","product_retailer_item_id":"047469076979","product_condition":"new"},"_links":{"self":[{"href":"https:\/\/ecosupplements.ch\/index.php?rest_route=\/wp\/v2\/product\/4036","targetHints":{"allow":["GET"]}}],"collection":[{"href":"https:\/\/ecosupplements.ch\/index.php?rest_route=\/wp\/v2\/product"}],"about":[{"href":"https:\/\/ecosupplements.ch\/index.php?rest_route=\/wp\/v2\/types\/product"}],"replies":[{"embeddable":true,"href":"https:\/\/ecosupplements.ch\/index.php?rest_route=%2Fwp%2Fv2%2Fcomments&post=4036"}],"wp:featuredmedia":[{"embeddable":true,"href":"https:\/\/ecosupplements.ch\/index.php?rest_route=\/wp\/v2\/media\/4037"}],"wp:attachment":[{"href":"https:\/\/ecosupplements.ch\/index.php?rest_route=%2Fwp%2Fv2%2Fmedia&parent=4036"}],"wp:term":[{"taxonomy":"product_brand","embeddable":true,"href":"https:\/\/ecosupplements.ch\/index.php?rest_route=%2Fwp%2Fv2%2Fproduct_brand&post=4036"},{"taxonomy":"product_cat","embeddable":true,"href":"https:\/\/ecosupplements.ch\/index.php?rest_route=%2Fwp%2Fv2%2Fproduct_cat&post=4036"},{"taxonomy":"product_tag","embeddable":true,"href":"https:\/\/ecosupplements.ch\/index.php?rest_route=%2Fwp%2Fv2%2Fproduct_tag&post=4036"}],"curies":[{"name":"wp","href":"https:\/\/api.w.org\/{rel}","templated":true}]}}