{"id":4111,"date":"2026-05-11T14:55:53","date_gmt":"2026-05-11T14:55:53","guid":{"rendered":"https:\/\/ecosupplements.ch\/?product=natural-factors-calcium-magnesium-21-plus-vitamin-d3-90-capsules"},"modified":"2026-05-13T07:27:16","modified_gmt":"2026-05-13T07:27:16","slug":"natural-factors-calcium-magnesium-21-plus-vitamin-d3-90-capsules","status":"publish","type":"product","link":"https:\/\/ecosupplements.ch\/?product=natural-factors-calcium-magnesium-21-plus-vitamin-d3-90-capsules","title":{"rendered":"Natural Factors Calcium &amp; Magnesium 2:1 Plus Vitamin D3 (90 Capsules)"},"content":{"rendered":"<div class=\"chcg-product-description\">\n<h2 class=\"chcg-heading\">\u00dcber Natural Factors \u2013 Calcium &amp; Magnesium 2:1 Plus Vitamin D3 (90 Kapseln)<\/h2>\n<div class=\"chcg-intro\">\n<p>Calcium und Magnesium geh\u00f6ren zu den wichtigsten Mineralstoffen des menschlichen K\u00f6rpers. Natural Factors kombiniert beide in einem bew\u00e4hrten 2:1-Verh\u00e4ltnis \u2013 erg\u00e4nzt durch Vitamin D3 (Cholecalciferol), das zur normalen Aufnahme und Verwertung von Calcium beitr\u00e4gt. Diese sorgf\u00e4ltig abgestimmte Formel unterst\u00fctzt die Erhaltung normaler Knochen und Z\u00e4hne sowie die normale Muskelfunktion.<\/p>\n<p>Magnesium tr\u00e4gt zur Verringerung von M\u00fcdigkeit und Ersch\u00f6pfung bei und unterst\u00fctzt den normalen Energiestoffwechsel. Vitamin D3 wiederum tr\u00e4gt zur Erhaltung einer normalen Muskelfunktion sowie zu einem normalen Immunsystem bei. Die Kombination dieser drei N\u00e4hrstoffe in einer einzigen Kapsel macht dieses Produkt zu einer praktischen L\u00f6sung f\u00fcr den t\u00e4glichen Bedarf.<\/p>\n<p>Natural Factors steht seit Jahrzehnten f\u00fcr hochwertige Nahrungserg\u00e4nzungsmittel mit klar deklarierten Inhaltsstoffen. Dieses Produkt enth\u00e4lt keine k\u00fcnstlichen Farbstoffe, Konservierungsstoffe oder S\u00fcssstoffe und wird ohne den Einsatz von GVO hergestellt.<\/p>\n<\/p><\/div>\n<div class=\"chcg-nutrition\">\n<h3>N\u00e4hrwertangaben<\/h3>\n<table class=\"chcg-nutrition-table\">\n<thead>\n<tr>\n<th>N\u00e4hrstoff<\/th>\n<th>Pro Kapsel<\/th>\n<\/tr>\n<\/thead>\n<tbody>\n<tr>\n<td>Calcium (Carbonat)<\/td>\n<td>250 mg<\/td>\n<\/tr>\n<tr>\n<td>Magnesium (Oxid)<\/td>\n<td>125 mg<\/td>\n<\/tr>\n<tr>\n<td>Vitamin D3 (Cholecalciferol)<\/td>\n<td>100 IU (2,5 mcg)<\/td>\n<\/tr>\n<\/tbody>\n<\/table><\/div>\n<div class=\"chcg-ingredients\">\n<h3>Zutaten<\/h3>\n<p>Calcium (Carbonat) 250 mg, Magnesium (Oxid) 125 mg, Vitamin D3 (Cholecalciferol) 100 IU (2,5 mcg). Weitere Zutaten: Mikrokristalline Cellulose, Magnesiumstearat pflanzlicher Herkunft (Trennmittel).<\/p>\n<p class=\"chcg-capsule-shell\">Kapselh\u00fclle: Gelatinekapsel (Gelatine, gereinigtes Wasser, Titandioxid)<\/p>\n<\/p><\/div>\n<div class=\"chcg-dosage\">\n<h3>Verzehrempfehlung<\/h3>\n<p>Empfohlene Tagesdosis f\u00fcr Erwachsene: 1\u20134 Kapseln t\u00e4glich, einige Stunden vor oder nach der Einnahme anderer Medikamente, oder gem\u00e4ss Anweisung einer Fachperson f\u00fcr Gesundheitspflege.<\/p>\n<\/p><\/div>\n<div class=\"chcg-warnings\">\n<h3>Warnhinweise<\/h3>\n<p>Bei manchen Personen kann Durchfall auftreten. Ausserhalb der Reichweite von Kindern aufbewahren.<\/p>\n<\/p><\/div>\n<div class=\"chcg-allergens\">\n<h3>Allergeninformationen<\/h3>\n<p>Enth\u00e4lt keine k\u00fcnstlichen Farbstoffe, Konservierungsstoffe oder S\u00fcssstoffe; kein Milchprodukt, Zucker, Weizen, Gluten, Hefe, Soja, Ei, Fisch, Schalentiere, Baumn\u00fcsse oder GVO.<\/p>\n<\/p><\/div>\n<div class=\"chcg-storage\">\n<h3>Lagerung<\/h3>\n<p>Bitte den Produktangaben auf der Verpackung entnehmen. K\u00fchl, trocken und lichtgesch\u00fctzt lagern.<\/p>\n<\/p><\/div>\n<div class=\"chcg-dietary\">\n<h3>Ern\u00e4hrungshinweise<\/h3>\n<ul>\n<li>Glutenfrei<\/li>\n<li>Laktosefrei<\/li>\n<\/ul><\/div>\n<\/div>\n","protected":false},"excerpt":{"rendered":"<p>Natural Factors Calcium &amp; Magnesium 2:1 Plus Vitamin D3 unterst\u00fctzt Knochen, Z\u00e4hne und Muskeln mit einer bew\u00e4hrten Mineralstoffkombination. 90 Kapseln, glutenfrei und ohne GVO.<\/p>\n","protected":false},"featured_media":4112,"comment_status":"closed","ping_status":"open","template":"","meta":[],"product_brand":[296],"product_cat":[25,21],"product_tag":[],"class_list":{"0":"post-4111","1":"product","2":"type-product","3":"status-publish","4":"has-post-thumbnail","6":"product_brand-natural-factors","7":"product_cat-gesundheit-und-wohlbefinden","8":"product_cat-vitamine-und-mineralstoffe","10":"first","11":"outofstock","12":"taxable","13":"shipping-taxable","14":"purchasable","15":"product-type-simple"},"yoast_head":"<!-- This site is optimized with the Yoast SEO plugin v27.5 - https:\/\/yoast.com\/product\/yoast-seo-wordpress\/ -->\n<title>Calcium &amp; Magnesium 2:1 + Vitamin D3 \u2013 Natural Factors | ecosupplements.ch<\/title>\n<meta name=\"description\" content=\"Calcium &amp; Magnesium im 2:1-Verh\u00e4ltnis plus Vitamin D3 f\u00fcr Knochen und Muskeln \u2013 90 Kapseln von Natural Factors, glutenfrei. Jetzt bestellen.\" \/>\n<meta name=\"robots\" content=\"index, follow, max-snippet:-1, max-image-preview:large, max-video-preview:-1\" \/>\n<link rel=\"canonical\" href=\"https:\/\/ecosupplements.ch\/?product=natural-factors-calcium-magnesium-21-plus-vitamin-d3-90-capsules\" \/>\n<meta property=\"og:locale\" content=\"de_DE\" \/>\n<meta property=\"og:type\" content=\"article\" \/>\n<meta property=\"og:title\" content=\"Calcium &amp; Magnesium 2:1 + Vitamin D3 \u2013 Natural Factors | ecosupplements.ch\" \/>\n<meta property=\"og:description\" content=\"Calcium &amp; Magnesium im 2:1-Verh\u00e4ltnis plus Vitamin D3 f\u00fcr Knochen und Muskeln \u2013 90 Kapseln von Natural Factors, glutenfrei. Jetzt bestellen.\" \/>\n<meta property=\"og:url\" content=\"https:\/\/ecosupplements.ch\/?product=natural-factors-calcium-magnesium-21-plus-vitamin-d3-90-capsules\" \/>\n<meta property=\"og:site_name\" content=\"Eco Supplements\" \/>\n<meta property=\"article:modified_time\" content=\"2026-05-13T07:27:16+00:00\" \/>\n<meta property=\"og:image\" content=\"https:\/\/ecosupplements.ch\/wp-content\/uploads\/2026\/05\/Natural-Factors-Calcium-Magnesium-21-Plus-Vitamin-D3-90-Capsules.webp\" \/>\n\t<meta property=\"og:image:width\" content=\"1000\" \/>\n\t<meta property=\"og:image:height\" content=\"1000\" \/>\n\t<meta property=\"og:image:type\" content=\"image\/jpeg\" \/>\n<meta name=\"twitter:card\" content=\"summary_large_image\" \/>\n<meta name=\"twitter:label1\" content=\"Price\" \/>\n\t<meta name=\"twitter:data1\" content=\"&#067;&#072;&#070;&nbsp;9.90\" \/>\n\t<meta name=\"twitter:label2\" content=\"Availability\" \/>\n\t<meta name=\"twitter:data2\" content=\"Out of stock\" \/>\n<script type=\"application\/ld+json\" class=\"yoast-schema-graph\">{\"@context\":\"https:\\\/\\\/schema.org\",\"@graph\":[{\"@type\":\"WebPage\",\"@id\":\"https:\\\/\\\/ecosupplements.ch\\\/?product=natural-factors-calcium-magnesium-21-plus-vitamin-d3-90-capsules\",\"url\":\"https:\\\/\\\/ecosupplements.ch\\\/?product=natural-factors-calcium-magnesium-21-plus-vitamin-d3-90-capsules\",\"name\":\"Calcium & Magnesium 2:1 + Vitamin D3 \u2013 Natural Factors | ecosupplements.ch\",\"isPartOf\":{\"@id\":\"https:\\\/\\\/ecosupplements.ch\\\/#website\"},\"primaryImageOfPage\":{\"@id\":\"https:\\\/\\\/ecosupplements.ch\\\/?product=natural-factors-calcium-magnesium-21-plus-vitamin-d3-90-capsules#primaryimage\"},\"image\":{\"@id\":\"https:\\\/\\\/ecosupplements.ch\\\/?product=natural-factors-calcium-magnesium-21-plus-vitamin-d3-90-capsules#primaryimage\"},\"thumbnailUrl\":\"https:\\\/\\\/ecosupplements.ch\\\/wp-content\\\/uploads\\\/2026\\\/05\\\/Natural-Factors-Calcium-Magnesium-21-Plus-Vitamin-D3-90-Capsules.webp\",\"datePublished\":\"2026-05-11T14:55:53+00:00\",\"dateModified\":\"2026-05-13T07:27:16+00:00\",\"description\":\"Calcium & Magnesium im 2:1-Verh\u00e4ltnis plus Vitamin D3 f\u00fcr Knochen und Muskeln \u2013 90 Kapseln von Natural Factors, glutenfrei. Jetzt bestellen.\",\"breadcrumb\":{\"@id\":\"https:\\\/\\\/ecosupplements.ch\\\/?product=natural-factors-calcium-magnesium-21-plus-vitamin-d3-90-capsules#breadcrumb\"},\"inLanguage\":\"de-CH\",\"potentialAction\":[{\"@type\":\"ReadAction\",\"target\":[\"https:\\\/\\\/ecosupplements.ch\\\/?product=natural-factors-calcium-magnesium-21-plus-vitamin-d3-90-capsules\"]}]},{\"@type\":\"ImageObject\",\"inLanguage\":\"de-CH\",\"@id\":\"https:\\\/\\\/ecosupplements.ch\\\/?product=natural-factors-calcium-magnesium-21-plus-vitamin-d3-90-capsules#primaryimage\",\"url\":\"https:\\\/\\\/ecosupplements.ch\\\/wp-content\\\/uploads\\\/2026\\\/05\\\/Natural-Factors-Calcium-Magnesium-21-Plus-Vitamin-D3-90-Capsules.webp\",\"contentUrl\":\"https:\\\/\\\/ecosupplements.ch\\\/wp-content\\\/uploads\\\/2026\\\/05\\\/Natural-Factors-Calcium-Magnesium-21-Plus-Vitamin-D3-90-Capsules.webp\",\"width\":1000,\"height\":1000,\"caption\":\"Natural Factors Calcium & Magnesium 2:1 Plus Vitamin D3 (90 Capsules)\"},{\"@type\":\"BreadcrumbList\",\"@id\":\"https:\\\/\\\/ecosupplements.ch\\\/?product=natural-factors-calcium-magnesium-21-plus-vitamin-d3-90-capsules#breadcrumb\",\"itemListElement\":[{\"@type\":\"ListItem\",\"position\":1,\"name\":\"Home\",\"item\":\"https:\\\/\\\/ecosupplements.ch\\\/\"},{\"@type\":\"ListItem\",\"position\":2,\"name\":\"Shop\",\"item\":\"https:\\\/\\\/ecosupplements.ch\\\/?page_id=14\"},{\"@type\":\"ListItem\",\"position\":3,\"name\":\"Natural Factors Calcium &amp; Magnesium 2:1 Plus Vitamin D3 (90 Capsules)\"}]},{\"@type\":\"WebSite\",\"@id\":\"https:\\\/\\\/ecosupplements.ch\\\/#website\",\"url\":\"https:\\\/\\\/ecosupplements.ch\\\/\",\"name\":\"Eco Supplements\",\"description\":\"\",\"potentialAction\":[{\"@type\":\"SearchAction\",\"target\":{\"@type\":\"EntryPoint\",\"urlTemplate\":\"https:\\\/\\\/ecosupplements.ch\\\/?s={search_term_string}\"},\"query-input\":{\"@type\":\"PropertyValueSpecification\",\"valueRequired\":true,\"valueName\":\"search_term_string\"}}],\"inLanguage\":\"de-CH\"}]}<\/script>\n<meta property=\"product:price:amount\" content=\"9.90\" \/>\n<meta property=\"product:price:currency\" content=\"CHF\" \/>\n<meta property=\"og:availability\" content=\"out of stock\" \/>\n<meta property=\"product:availability\" content=\"out of stock\" \/>\n<meta property=\"product:retailer_item_id\" content=\"068958016252\" \/>\n<meta property=\"product:condition\" content=\"new\" \/>\n<!-- \/ Yoast SEO plugin. -->","yoast_head_json":{"title":"Calcium & Magnesium 2:1 + Vitamin D3 \u2013 Natural Factors | ecosupplements.ch","description":"Calcium & Magnesium im 2:1-Verh\u00e4ltnis plus Vitamin D3 f\u00fcr Knochen und Muskeln \u2013 90 Kapseln von Natural Factors, glutenfrei. Jetzt bestellen.","robots":{"index":"index","follow":"follow","max-snippet":"max-snippet:-1","max-image-preview":"max-image-preview:large","max-video-preview":"max-video-preview:-1"},"canonical":"https:\/\/ecosupplements.ch\/?product=natural-factors-calcium-magnesium-21-plus-vitamin-d3-90-capsules","og_locale":"de_DE","og_type":"article","og_title":"Calcium & Magnesium 2:1 + Vitamin D3 \u2013 Natural Factors | ecosupplements.ch","og_description":"Calcium & Magnesium im 2:1-Verh\u00e4ltnis plus Vitamin D3 f\u00fcr Knochen und Muskeln \u2013 90 Kapseln von Natural Factors, glutenfrei. Jetzt bestellen.","og_url":"https:\/\/ecosupplements.ch\/?product=natural-factors-calcium-magnesium-21-plus-vitamin-d3-90-capsules","og_site_name":"Eco Supplements","article_modified_time":"2026-05-13T07:27:16+00:00","og_image":[{"width":1000,"height":1000,"url":"https:\/\/ecosupplements.ch\/wp-content\/uploads\/2026\/05\/Natural-Factors-Calcium-Magnesium-21-Plus-Vitamin-D3-90-Capsules.webp","type":"image\/jpeg"}],"twitter_card":"summary_large_image","twitter_misc":{"Price":"&#67;&#72;&#70;&nbsp;9.90","Availability":"Out of stock"},"schema":{"@context":"https:\/\/schema.org","@graph":[{"@type":"WebPage","@id":"https:\/\/ecosupplements.ch\/?product=natural-factors-calcium-magnesium-21-plus-vitamin-d3-90-capsules","url":"https:\/\/ecosupplements.ch\/?product=natural-factors-calcium-magnesium-21-plus-vitamin-d3-90-capsules","name":"Calcium & Magnesium 2:1 + Vitamin D3 \u2013 Natural Factors | ecosupplements.ch","isPartOf":{"@id":"https:\/\/ecosupplements.ch\/#website"},"primaryImageOfPage":{"@id":"https:\/\/ecosupplements.ch\/?product=natural-factors-calcium-magnesium-21-plus-vitamin-d3-90-capsules#primaryimage"},"image":{"@id":"https:\/\/ecosupplements.ch\/?product=natural-factors-calcium-magnesium-21-plus-vitamin-d3-90-capsules#primaryimage"},"thumbnailUrl":"https:\/\/ecosupplements.ch\/wp-content\/uploads\/2026\/05\/Natural-Factors-Calcium-Magnesium-21-Plus-Vitamin-D3-90-Capsules.webp","datePublished":"2026-05-11T14:55:53+00:00","dateModified":"2026-05-13T07:27:16+00:00","description":"Calcium & Magnesium im 2:1-Verh\u00e4ltnis plus Vitamin D3 f\u00fcr Knochen und Muskeln \u2013 90 Kapseln von Natural Factors, glutenfrei. Jetzt bestellen.","breadcrumb":{"@id":"https:\/\/ecosupplements.ch\/?product=natural-factors-calcium-magnesium-21-plus-vitamin-d3-90-capsules#breadcrumb"},"inLanguage":"de-CH","potentialAction":[{"@type":"ReadAction","target":["https:\/\/ecosupplements.ch\/?product=natural-factors-calcium-magnesium-21-plus-vitamin-d3-90-capsules"]}]},{"@type":"ImageObject","inLanguage":"de-CH","@id":"https:\/\/ecosupplements.ch\/?product=natural-factors-calcium-magnesium-21-plus-vitamin-d3-90-capsules#primaryimage","url":"https:\/\/ecosupplements.ch\/wp-content\/uploads\/2026\/05\/Natural-Factors-Calcium-Magnesium-21-Plus-Vitamin-D3-90-Capsules.webp","contentUrl":"https:\/\/ecosupplements.ch\/wp-content\/uploads\/2026\/05\/Natural-Factors-Calcium-Magnesium-21-Plus-Vitamin-D3-90-Capsules.webp","width":1000,"height":1000,"caption":"Natural Factors Calcium & Magnesium 2:1 Plus Vitamin D3 (90 Capsules)"},{"@type":"BreadcrumbList","@id":"https:\/\/ecosupplements.ch\/?product=natural-factors-calcium-magnesium-21-plus-vitamin-d3-90-capsules#breadcrumb","itemListElement":[{"@type":"ListItem","position":1,"name":"Home","item":"https:\/\/ecosupplements.ch\/"},{"@type":"ListItem","position":2,"name":"Shop","item":"https:\/\/ecosupplements.ch\/?page_id=14"},{"@type":"ListItem","position":3,"name":"Natural Factors Calcium &amp; Magnesium 2:1 Plus Vitamin D3 (90 Capsules)"}]},{"@type":"WebSite","@id":"https:\/\/ecosupplements.ch\/#website","url":"https:\/\/ecosupplements.ch\/","name":"Eco Supplements","description":"","potentialAction":[{"@type":"SearchAction","target":{"@type":"EntryPoint","urlTemplate":"https:\/\/ecosupplements.ch\/?s={search_term_string}"},"query-input":{"@type":"PropertyValueSpecification","valueRequired":true,"valueName":"search_term_string"}}],"inLanguage":"de-CH"}]},"product_price_amount":"9.90","product_price_currency":"CHF","og_availability":"out of stock","product_availability":"out of stock","product_retailer_item_id":"068958016252","product_condition":"new"},"_links":{"self":[{"href":"https:\/\/ecosupplements.ch\/index.php?rest_route=\/wp\/v2\/product\/4111","targetHints":{"allow":["GET"]}}],"collection":[{"href":"https:\/\/ecosupplements.ch\/index.php?rest_route=\/wp\/v2\/product"}],"about":[{"href":"https:\/\/ecosupplements.ch\/index.php?rest_route=\/wp\/v2\/types\/product"}],"replies":[{"embeddable":true,"href":"https:\/\/ecosupplements.ch\/index.php?rest_route=%2Fwp%2Fv2%2Fcomments&post=4111"}],"wp:featuredmedia":[{"embeddable":true,"href":"https:\/\/ecosupplements.ch\/index.php?rest_route=\/wp\/v2\/media\/4112"}],"wp:attachment":[{"href":"https:\/\/ecosupplements.ch\/index.php?rest_route=%2Fwp%2Fv2%2Fmedia&parent=4111"}],"wp:term":[{"taxonomy":"product_brand","embeddable":true,"href":"https:\/\/ecosupplements.ch\/index.php?rest_route=%2Fwp%2Fv2%2Fproduct_brand&post=4111"},{"taxonomy":"product_cat","embeddable":true,"href":"https:\/\/ecosupplements.ch\/index.php?rest_route=%2Fwp%2Fv2%2Fproduct_cat&post=4111"},{"taxonomy":"product_tag","embeddable":true,"href":"https:\/\/ecosupplements.ch\/index.php?rest_route=%2Fwp%2Fv2%2Fproduct_tag&post=4111"}],"curies":[{"name":"wp","href":"https:\/\/api.w.org\/{rel}","templated":true}]}}