{"id":4137,"date":"2026-05-11T14:56:03","date_gmt":"2026-05-11T14:56:03","guid":{"rendered":"https:\/\/ecosupplements.ch\/?product=natural-factors-pea400-palmitoylethanolamide-90-veggie-capsules"},"modified":"2026-05-13T07:27:11","modified_gmt":"2026-05-13T07:27:11","slug":"natural-factors-pea400-palmitoylethanolamide-90-veggie-capsules","status":"publish","type":"product","link":"https:\/\/ecosupplements.ch\/?product=natural-factors-pea400-palmitoylethanolamide-90-veggie-capsules","title":{"rendered":"Natural Factors PEA400 Palmitoylethanolamide (90 Veggie Capsules)"},"content":{"rendered":"<div class=\"chcg-product-description\">\n<h2 class=\"chcg-heading\">\u00dcber Natural Factors \u2013 PEA400 Palmitoylethanolamide (90 Veggie Kapseln)<\/h2>\n<div class=\"chcg-intro\">\n<p>Palmitoylethanolamide (PEA) ist eine nat\u00fcrlich vorkommende Fetts\u00e4ureamide, die vom K\u00f6rper selbst produziert wird und seit Jahrzehnten intensiv erforscht wird. Natural Factors PEA400 liefert pro Kapsel 400 mg reines Palmitoylethanolamide aus Saflor\u00f6l-Samen \u2013 in einer vegetarischen Kapsel ohne tierische Bestandteile. Die empfohlene Tagesdosis von 3 Kapseln entspricht 1200 mg PEA.<\/p>\n<p>Natural Factors setzt bei PEA400 auf eine sorgf\u00e4ltig gew\u00e4hlte Rohstoffquelle aus Saflor-Samen (safflower oil) und verzichtet vollst\u00e4ndig auf k\u00fcnstliche Zusatzstoffe, Farbstoffe oder Konservierungsmittel. Das Produkt ist vegan, glutenfrei und frei von den g\u00e4ngigsten Allergenen \u2013 ideal f\u00fcr Menschen mit besonderen Ern\u00e4hrungsanforderungen.<\/p>\n<p>Mit 90 Kapseln pro Packung deckt PEA400 bei der empfohlenen Tagesdosis von 3 Kapseln einen Vorrat von 30 Tagen ab. Das Produkt eignet sich f\u00fcr Erwachsene, die ihr t\u00e4gliches Wohlbefinden gezielt unterst\u00fctzen m\u00f6chten.<\/p>\n<\/p><\/div>\n<div class=\"chcg-nutrition\">\n<h3>N\u00e4hrwertangaben<\/h3>\n<table class=\"chcg-nutrition-table\">\n<thead>\n<tr>\n<th>N\u00e4hrstoff<\/th>\n<th>Pro Portion<\/th>\n<\/tr>\n<\/thead>\n<tbody>\n<tr>\n<td>Palmitoylethanolamide (Saflor\u00f6l) (Samen) \u2013 pro Kapsel<\/td>\n<td>400 mg<\/td>\n<\/tr>\n<tr>\n<td>Palmitoylethanolamide \u2013 pro Tagesdosis (3 Kapseln)<\/td>\n<td>1200 mg<\/td>\n<\/tr>\n<\/tbody>\n<\/table>\n<p class=\"chcg-footnote\">* Kein festgelegter Tagesreferenzwert vorhanden.<\/p>\n<\/p><\/div>\n<div class=\"chcg-ingredients\">\n<h3>Zutaten<\/h3>\n<p>Aktiver Wirkstoff: Palmitoylethanolamide (Saflor\u00f6l) (Samen) 400 mg. Weitere Zutaten: Mikrokristalline Cellulose, Magnesiumstearat pflanzlicher Herkunft (Trennmittel), Siliciumdioxid, Stearins\u00e4ure.<\/p>\n<p class=\"chcg-capsule-shell\">Kapselh\u00fclle: Vegetarische Kapsel (Kohlenhydratgummi [Cellulose], gereinigtes Wasser)<\/p>\n<\/p><\/div>\n<div class=\"chcg-dosage\">\n<h3>Verzehrempfehlung<\/h3>\n<p>Empfohlene Tagesdosis f\u00fcr Erwachsene: 3 Kapseln einmal t\u00e4glich oder gem\u00e4ss Anweisung einer Fachperson des Gesundheitswesens. Bei einer Anwendung \u00fcber 4 Monate hinaus ist eine Fachperson des Gesundheitswesens zu konsultieren.<\/p>\n<\/p><\/div>\n<div class=\"chcg-warnings\">\n<h3>Warnhinweise<\/h3>\n<p>Eine Fachperson des Gesundheitswesens konsultieren, wenn Symptome anhalten oder sich verschlechtern. Vor der Einnahme eine Fachperson des Gesundheitswesens konsultieren, wenn Sie schwanger sind oder stillen. Ausserhalb der Reichweite von Kindern aufbewahren.<\/p>\n<\/p><\/div>\n<div class=\"chcg-allergens\">\n<h3>Allergeninformationen<\/h3>\n<p>Enth\u00e4lt keine k\u00fcnstlichen Farbstoffe, Konservierungsmittel oder S\u00fcssstoffe; kein Milchprodukte, St\u00e4rke, Zucker, Weizen, Gluten, Hefe, Soja, Mais, Ei oder Fisch.<\/p>\n<\/p><\/div>\n<div class=\"chcg-dietary\">\n<h3>Ern\u00e4hrungshinweise<\/h3>\n<ul>\n<li>Vegan<\/li>\n<li>Vegetarisch<\/li>\n<li>Glutenfrei<\/li>\n<li>Laktosefrei<\/li>\n<\/ul><\/div>\n<\/div>\n","protected":false},"excerpt":{"rendered":"<p>Natural Factors PEA400 liefert 400 mg Palmitoylethanolamide pro vegetarischer Kapsel \u2013 vegan, glutenfrei und frei von k\u00fcnstlichen Zus\u00e4tzen. 90 Kapseln pro Packung f\u00fcr 30 Tage bei empfohlener Tagesdosis.<\/p>\n","protected":false},"featured_media":4138,"comment_status":"closed","ping_status":"open","template":"","meta":[],"product_brand":[296],"product_cat":[25],"product_tag":[],"class_list":{"0":"post-4137","1":"product","2":"type-product","3":"status-publish","4":"has-post-thumbnail","6":"product_brand-natural-factors","7":"product_cat-gesundheit-und-wohlbefinden","9":"first","10":"outofstock","11":"taxable","12":"shipping-taxable","13":"purchasable","14":"product-type-simple"},"yoast_head":"<!-- This site is optimized with the Yoast SEO plugin v27.5 - https:\/\/yoast.com\/product\/yoast-seo-wordpress\/ -->\n<title>PEA400 Palmitoylethanolamide 90 Kapseln \u2013 Natural Factors | ecosupplements.ch<\/title>\n<meta name=\"description\" content=\"Natural Factors PEA400 liefert 400 mg Palmitoylethanolamide pro Kapsel \u2013 vegan, glutenfrei, 90 Veggie Kapseln. Jetzt bestellen.\" \/>\n<meta name=\"robots\" content=\"index, follow, max-snippet:-1, max-image-preview:large, max-video-preview:-1\" \/>\n<link rel=\"canonical\" href=\"https:\/\/ecosupplements.ch\/?product=natural-factors-pea400-palmitoylethanolamide-90-veggie-capsules\" \/>\n<meta property=\"og:locale\" content=\"de_DE\" \/>\n<meta property=\"og:type\" content=\"article\" \/>\n<meta property=\"og:title\" content=\"PEA400 Palmitoylethanolamide 90 Kapseln \u2013 Natural Factors | ecosupplements.ch\" \/>\n<meta property=\"og:description\" content=\"Natural Factors PEA400 liefert 400 mg Palmitoylethanolamide pro Kapsel \u2013 vegan, glutenfrei, 90 Veggie Kapseln. Jetzt bestellen.\" \/>\n<meta property=\"og:url\" content=\"https:\/\/ecosupplements.ch\/?product=natural-factors-pea400-palmitoylethanolamide-90-veggie-capsules\" \/>\n<meta property=\"og:site_name\" content=\"Eco Supplements\" \/>\n<meta property=\"article:modified_time\" content=\"2026-05-13T07:27:11+00:00\" \/>\n<meta property=\"og:image\" content=\"https:\/\/ecosupplements.ch\/wp-content\/uploads\/2026\/05\/Natural-Factors-PEA400-Palmitoylethanolamide-90-Veggie-Capsules.webp\" \/>\n\t<meta property=\"og:image:width\" content=\"1000\" \/>\n\t<meta property=\"og:image:height\" content=\"1000\" \/>\n\t<meta property=\"og:image:type\" content=\"image\/jpeg\" \/>\n<meta name=\"twitter:card\" content=\"summary_large_image\" \/>\n<meta name=\"twitter:label1\" content=\"Price\" \/>\n\t<meta name=\"twitter:data1\" content=\"&#067;&#072;&#070;&nbsp;20.39\" \/>\n\t<meta name=\"twitter:label2\" content=\"Availability\" \/>\n\t<meta name=\"twitter:data2\" content=\"Out of stock\" \/>\n<script type=\"application\/ld+json\" class=\"yoast-schema-graph\">{\"@context\":\"https:\\\/\\\/schema.org\",\"@graph\":[{\"@type\":\"WebPage\",\"@id\":\"https:\\\/\\\/ecosupplements.ch\\\/?product=natural-factors-pea400-palmitoylethanolamide-90-veggie-capsules\",\"url\":\"https:\\\/\\\/ecosupplements.ch\\\/?product=natural-factors-pea400-palmitoylethanolamide-90-veggie-capsules\",\"name\":\"PEA400 Palmitoylethanolamide 90 Kapseln \u2013 Natural Factors | ecosupplements.ch\",\"isPartOf\":{\"@id\":\"https:\\\/\\\/ecosupplements.ch\\\/#website\"},\"primaryImageOfPage\":{\"@id\":\"https:\\\/\\\/ecosupplements.ch\\\/?product=natural-factors-pea400-palmitoylethanolamide-90-veggie-capsules#primaryimage\"},\"image\":{\"@id\":\"https:\\\/\\\/ecosupplements.ch\\\/?product=natural-factors-pea400-palmitoylethanolamide-90-veggie-capsules#primaryimage\"},\"thumbnailUrl\":\"https:\\\/\\\/ecosupplements.ch\\\/wp-content\\\/uploads\\\/2026\\\/05\\\/Natural-Factors-PEA400-Palmitoylethanolamide-90-Veggie-Capsules.webp\",\"datePublished\":\"2026-05-11T14:56:03+00:00\",\"dateModified\":\"2026-05-13T07:27:11+00:00\",\"description\":\"Natural Factors PEA400 liefert 400 mg Palmitoylethanolamide pro Kapsel \u2013 vegan, glutenfrei, 90 Veggie Kapseln. Jetzt bestellen.\",\"breadcrumb\":{\"@id\":\"https:\\\/\\\/ecosupplements.ch\\\/?product=natural-factors-pea400-palmitoylethanolamide-90-veggie-capsules#breadcrumb\"},\"inLanguage\":\"de-CH\",\"potentialAction\":[{\"@type\":\"ReadAction\",\"target\":[\"https:\\\/\\\/ecosupplements.ch\\\/?product=natural-factors-pea400-palmitoylethanolamide-90-veggie-capsules\"]}]},{\"@type\":\"ImageObject\",\"inLanguage\":\"de-CH\",\"@id\":\"https:\\\/\\\/ecosupplements.ch\\\/?product=natural-factors-pea400-palmitoylethanolamide-90-veggie-capsules#primaryimage\",\"url\":\"https:\\\/\\\/ecosupplements.ch\\\/wp-content\\\/uploads\\\/2026\\\/05\\\/Natural-Factors-PEA400-Palmitoylethanolamide-90-Veggie-Capsules.webp\",\"contentUrl\":\"https:\\\/\\\/ecosupplements.ch\\\/wp-content\\\/uploads\\\/2026\\\/05\\\/Natural-Factors-PEA400-Palmitoylethanolamide-90-Veggie-Capsules.webp\",\"width\":1000,\"height\":1000,\"caption\":\"Natural Factors PEA400 Palmitoylethanolamide (90 Veggie Capsules)\"},{\"@type\":\"BreadcrumbList\",\"@id\":\"https:\\\/\\\/ecosupplements.ch\\\/?product=natural-factors-pea400-palmitoylethanolamide-90-veggie-capsules#breadcrumb\",\"itemListElement\":[{\"@type\":\"ListItem\",\"position\":1,\"name\":\"Home\",\"item\":\"https:\\\/\\\/ecosupplements.ch\\\/\"},{\"@type\":\"ListItem\",\"position\":2,\"name\":\"Shop\",\"item\":\"https:\\\/\\\/ecosupplements.ch\\\/?page_id=14\"},{\"@type\":\"ListItem\",\"position\":3,\"name\":\"Natural Factors PEA400 Palmitoylethanolamide (90 Veggie Capsules)\"}]},{\"@type\":\"WebSite\",\"@id\":\"https:\\\/\\\/ecosupplements.ch\\\/#website\",\"url\":\"https:\\\/\\\/ecosupplements.ch\\\/\",\"name\":\"Eco Supplements\",\"description\":\"\",\"potentialAction\":[{\"@type\":\"SearchAction\",\"target\":{\"@type\":\"EntryPoint\",\"urlTemplate\":\"https:\\\/\\\/ecosupplements.ch\\\/?s={search_term_string}\"},\"query-input\":{\"@type\":\"PropertyValueSpecification\",\"valueRequired\":true,\"valueName\":\"search_term_string\"}}],\"inLanguage\":\"de-CH\"}]}<\/script>\n<meta property=\"product:price:amount\" content=\"20.39\" \/>\n<meta property=\"product:price:currency\" content=\"CHF\" \/>\n<meta property=\"og:availability\" content=\"out of stock\" \/>\n<meta property=\"product:availability\" content=\"out of stock\" \/>\n<meta property=\"product:retailer_item_id\" content=\"068958027005\" \/>\n<meta property=\"product:condition\" content=\"new\" \/>\n<!-- \/ Yoast SEO plugin. -->","yoast_head_json":{"title":"PEA400 Palmitoylethanolamide 90 Kapseln \u2013 Natural Factors | ecosupplements.ch","description":"Natural Factors PEA400 liefert 400 mg Palmitoylethanolamide pro Kapsel \u2013 vegan, glutenfrei, 90 Veggie Kapseln. Jetzt bestellen.","robots":{"index":"index","follow":"follow","max-snippet":"max-snippet:-1","max-image-preview":"max-image-preview:large","max-video-preview":"max-video-preview:-1"},"canonical":"https:\/\/ecosupplements.ch\/?product=natural-factors-pea400-palmitoylethanolamide-90-veggie-capsules","og_locale":"de_DE","og_type":"article","og_title":"PEA400 Palmitoylethanolamide 90 Kapseln \u2013 Natural Factors | ecosupplements.ch","og_description":"Natural Factors PEA400 liefert 400 mg Palmitoylethanolamide pro Kapsel \u2013 vegan, glutenfrei, 90 Veggie Kapseln. Jetzt bestellen.","og_url":"https:\/\/ecosupplements.ch\/?product=natural-factors-pea400-palmitoylethanolamide-90-veggie-capsules","og_site_name":"Eco Supplements","article_modified_time":"2026-05-13T07:27:11+00:00","og_image":[{"width":1000,"height":1000,"url":"https:\/\/ecosupplements.ch\/wp-content\/uploads\/2026\/05\/Natural-Factors-PEA400-Palmitoylethanolamide-90-Veggie-Capsules.webp","type":"image\/jpeg"}],"twitter_card":"summary_large_image","twitter_misc":{"Price":"&#67;&#72;&#70;&nbsp;20.39","Availability":"Out of stock"},"schema":{"@context":"https:\/\/schema.org","@graph":[{"@type":"WebPage","@id":"https:\/\/ecosupplements.ch\/?product=natural-factors-pea400-palmitoylethanolamide-90-veggie-capsules","url":"https:\/\/ecosupplements.ch\/?product=natural-factors-pea400-palmitoylethanolamide-90-veggie-capsules","name":"PEA400 Palmitoylethanolamide 90 Kapseln \u2013 Natural Factors | ecosupplements.ch","isPartOf":{"@id":"https:\/\/ecosupplements.ch\/#website"},"primaryImageOfPage":{"@id":"https:\/\/ecosupplements.ch\/?product=natural-factors-pea400-palmitoylethanolamide-90-veggie-capsules#primaryimage"},"image":{"@id":"https:\/\/ecosupplements.ch\/?product=natural-factors-pea400-palmitoylethanolamide-90-veggie-capsules#primaryimage"},"thumbnailUrl":"https:\/\/ecosupplements.ch\/wp-content\/uploads\/2026\/05\/Natural-Factors-PEA400-Palmitoylethanolamide-90-Veggie-Capsules.webp","datePublished":"2026-05-11T14:56:03+00:00","dateModified":"2026-05-13T07:27:11+00:00","description":"Natural Factors PEA400 liefert 400 mg Palmitoylethanolamide pro Kapsel \u2013 vegan, glutenfrei, 90 Veggie Kapseln. Jetzt bestellen.","breadcrumb":{"@id":"https:\/\/ecosupplements.ch\/?product=natural-factors-pea400-palmitoylethanolamide-90-veggie-capsules#breadcrumb"},"inLanguage":"de-CH","potentialAction":[{"@type":"ReadAction","target":["https:\/\/ecosupplements.ch\/?product=natural-factors-pea400-palmitoylethanolamide-90-veggie-capsules"]}]},{"@type":"ImageObject","inLanguage":"de-CH","@id":"https:\/\/ecosupplements.ch\/?product=natural-factors-pea400-palmitoylethanolamide-90-veggie-capsules#primaryimage","url":"https:\/\/ecosupplements.ch\/wp-content\/uploads\/2026\/05\/Natural-Factors-PEA400-Palmitoylethanolamide-90-Veggie-Capsules.webp","contentUrl":"https:\/\/ecosupplements.ch\/wp-content\/uploads\/2026\/05\/Natural-Factors-PEA400-Palmitoylethanolamide-90-Veggie-Capsules.webp","width":1000,"height":1000,"caption":"Natural Factors PEA400 Palmitoylethanolamide (90 Veggie Capsules)"},{"@type":"BreadcrumbList","@id":"https:\/\/ecosupplements.ch\/?product=natural-factors-pea400-palmitoylethanolamide-90-veggie-capsules#breadcrumb","itemListElement":[{"@type":"ListItem","position":1,"name":"Home","item":"https:\/\/ecosupplements.ch\/"},{"@type":"ListItem","position":2,"name":"Shop","item":"https:\/\/ecosupplements.ch\/?page_id=14"},{"@type":"ListItem","position":3,"name":"Natural Factors PEA400 Palmitoylethanolamide (90 Veggie Capsules)"}]},{"@type":"WebSite","@id":"https:\/\/ecosupplements.ch\/#website","url":"https:\/\/ecosupplements.ch\/","name":"Eco Supplements","description":"","potentialAction":[{"@type":"SearchAction","target":{"@type":"EntryPoint","urlTemplate":"https:\/\/ecosupplements.ch\/?s={search_term_string}"},"query-input":{"@type":"PropertyValueSpecification","valueRequired":true,"valueName":"search_term_string"}}],"inLanguage":"de-CH"}]},"product_price_amount":"20.39","product_price_currency":"CHF","og_availability":"out of stock","product_availability":"out of stock","product_retailer_item_id":"068958027005","product_condition":"new"},"_links":{"self":[{"href":"https:\/\/ecosupplements.ch\/index.php?rest_route=\/wp\/v2\/product\/4137","targetHints":{"allow":["GET"]}}],"collection":[{"href":"https:\/\/ecosupplements.ch\/index.php?rest_route=\/wp\/v2\/product"}],"about":[{"href":"https:\/\/ecosupplements.ch\/index.php?rest_route=\/wp\/v2\/types\/product"}],"replies":[{"embeddable":true,"href":"https:\/\/ecosupplements.ch\/index.php?rest_route=%2Fwp%2Fv2%2Fcomments&post=4137"}],"wp:featuredmedia":[{"embeddable":true,"href":"https:\/\/ecosupplements.ch\/index.php?rest_route=\/wp\/v2\/media\/4138"}],"wp:attachment":[{"href":"https:\/\/ecosupplements.ch\/index.php?rest_route=%2Fwp%2Fv2%2Fmedia&parent=4137"}],"wp:term":[{"taxonomy":"product_brand","embeddable":true,"href":"https:\/\/ecosupplements.ch\/index.php?rest_route=%2Fwp%2Fv2%2Fproduct_brand&post=4137"},{"taxonomy":"product_cat","embeddable":true,"href":"https:\/\/ecosupplements.ch\/index.php?rest_route=%2Fwp%2Fv2%2Fproduct_cat&post=4137"},{"taxonomy":"product_tag","embeddable":true,"href":"https:\/\/ecosupplements.ch\/index.php?rest_route=%2Fwp%2Fv2%2Fproduct_tag&post=4137"}],"curies":[{"name":"wp","href":"https:\/\/api.w.org\/{rel}","templated":true}]}}