{"id":4161,"date":"2026-05-11T14:56:13","date_gmt":"2026-05-11T14:56:13","guid":{"rendered":"https:\/\/ecosupplements.ch\/?product=natural-factors-vitamin-b12-1000-mcg-90-tablets"},"modified":"2026-05-13T07:27:11","modified_gmt":"2026-05-13T07:27:11","slug":"natural-factors-vitamin-b12-1000-mcg-90-tablets","status":"publish","type":"product","link":"https:\/\/ecosupplements.ch\/?product=natural-factors-vitamin-b12-1000-mcg-90-tablets","title":{"rendered":"Natural Factors Vitamin B12 1000 mcg (90 Tablets)"},"content":{"rendered":"<div class=\"chcg-product-description\">\n<h2 class=\"chcg-heading\">\u00dcber Natural Factors \u2013 Vitamin B12 1000 mcg (90 Tabletten)<\/h2>\n<div class=\"chcg-intro\">\n<p>Vitamin B12 ist ein essenzielles wasserl\u00f6sliches Vitamin, das eine zentrale Rolle im Energiestoffwechsel, der Bildung roter Blutk\u00f6rperchen sowie der normalen Funktion des Nervensystems spielt. Da Vitamin B12 fast ausschliesslich in tierischen Produkten vorkommt, kann ein ausreichender Versorgungsstatus \u2013 insbesondere bei veganer oder vegetarischer Ern\u00e4hrung sowie im h\u00f6heren Lebensalter \u2013 eine Herausforderung darstellen.<\/p>\n<p>Natural Factors Vitamin B12 1000 mcg liefert Cyanocobalamin, eine gut erforschte und stabile Form von Vitamin B12, in einer praktischen Tablette mit 1000 mcg pro Portion. Die hochdosierte Formulierung eignet sich zur gezielten Unterst\u00fctzung der t\u00e4glichen Versorgung und kann helfen, einem Mangel entgegenzuwirken.<\/p>\n<p>Natural Factors steht seit Jahrzehnten f\u00fcr hochwertige Nahrungserg\u00e4nzungsmittel mit sorgf\u00e4ltig ausgew\u00e4hlten Zutaten. Dieses Produkt enth\u00e4lt keine k\u00fcnstlichen Zusatzstoffe, ist frei von Gluten, Soja, Ei, Milchprodukten und weiteren h\u00e4ufigen Allergenen \u2013 und eignet sich sowohl f\u00fcr Veganer als auch f\u00fcr Vegetarier.<\/p>\n<\/p><\/div>\n<div class=\"chcg-nutrition\">\n<h3>N\u00e4hrwertangaben<\/h3>\n<table class=\"chcg-nutrition-table\">\n<thead>\n<tr>\n<th>N\u00e4hrstoff<\/th>\n<th>Pro Portion (1 Tablette)<\/th>\n<\/tr>\n<\/thead>\n<tbody>\n<tr>\n<td>Vitamin B12 (als Cyanocobalamin)<\/td>\n<td>1000 mcg<\/td>\n<\/tr>\n<\/tbody>\n<\/table><\/div>\n<div class=\"chcg-ingredients\">\n<h3>Zutaten<\/h3>\n<p><strong>Wirkstoff:<\/strong> Vitamin B12 (Cyanocobalamin) 1000 mcg.<\/p>\n<p><strong>Weitere Zutaten:<\/strong> Mikrokristalline Cellulose, Stearins\u00e4ure, Croscarmellose-Natrium, Magnesiumstearat (pflanzlicher Herkunft).<\/p>\n<\/p><\/div>\n<div class=\"chcg-dosage\">\n<h3>Verzehrempfehlung<\/h3>\n<p>1 Tablette t\u00e4glich oder gem\u00e4ss Anweisung einer Fachperson des Gesundheitswesens.<\/p>\n<\/p><\/div>\n<div class=\"chcg-warnings\">\n<h3>Warnhinweise<\/h3>\n<p>Wie bei jedem Nahrungserg\u00e4nzungsmittel sollten Sie vor der Einnahme eine Fachperson des Gesundheitswesens konsultieren, wenn Sie schwanger sind, stillen oder eine Schwangerschaft planen, wenn Sie Medikamente einnehmen, an einer Erkrankung leiden oder einen chirurgischen Eingriff erwarten. Eine Vitamin-B12-Supplementierung kann einen Fols\u00e4uremangel verschleiern; konsultieren Sie eine Fachperson des Gesundheitswesens, wenn Sie unsicher sind, ob Ihre Fols\u00e4ureversorgung ausreichend ist. Ausserhalb der Reichweite von Kindern aufbewahren.<\/p>\n<\/p><\/div>\n<div class=\"chcg-allergens\">\n<h3>Allergeninformationen<\/h3>\n<p>Enth\u00e4lt keine k\u00fcnstlichen Farbstoffe, Konservierungsstoffe oder S\u00fcssstoffe; frei von Milchprodukten, St\u00e4rke, Zucker, Weizen, Gluten, Hefe, Soja, Mais, Ei, Fisch, Schalentieren, tierischen Produkten, Salz, Schalenfr\u00fcchten (Baumn\u00fcsse) und GVO.<\/p>\n<\/p><\/div>\n<div class=\"chcg-dietary\">\n<h3>Ern\u00e4hrungshinweise<\/h3>\n<ul>\n<li>Vegan<\/li>\n<li>Vegetarisch<\/li>\n<li>Glutenfrei<\/li>\n<li>Laktosefrei<\/li>\n<\/ul><\/div>\n<\/div>\n","protected":false},"excerpt":{"rendered":"<p>Natural Factors Vitamin B12 1000 mcg unterst\u00fctzt Energiestoffwechsel und Nervensystem mit 1000 mcg Cyanocobalamin pro Tablette. 90 Tabletten, vegan und glutenfrei \u2013 ideal f\u00fcr eine gezielte t\u00e4gliche B12-Versorgung.<\/p>\n","protected":false},"featured_media":4162,"comment_status":"closed","ping_status":"open","template":"","meta":[],"product_brand":[296],"product_cat":[20],"product_tag":[],"class_list":{"0":"post-4161","1":"product","2":"type-product","3":"status-publish","4":"has-post-thumbnail","6":"product_brand-natural-factors","7":"product_cat-neue-produkte","9":"first","10":"outofstock","11":"taxable","12":"shipping-taxable","13":"purchasable","14":"product-type-simple"},"yoast_head":"<!-- This site is optimized with the Yoast SEO plugin v27.5 - https:\/\/yoast.com\/product\/yoast-seo-wordpress\/ -->\n<title>Vitamin B12 1000 mcg (90 Tabletten) \u2013 Natural Factors | ecosupplements.ch<\/title>\n<meta name=\"description\" content=\"Natural Factors Vitamin B12 1000 mcg \u2013 90 vegane Tabletten f\u00fcr Energiestoffwechsel und Nervensystem. Glutenfrei, ohne Zusatzstoffe. Jetzt bestellen.\" \/>\n<meta name=\"robots\" content=\"index, follow, max-snippet:-1, max-image-preview:large, max-video-preview:-1\" \/>\n<link rel=\"canonical\" href=\"https:\/\/ecosupplements.ch\/?product=natural-factors-vitamin-b12-1000-mcg-90-tablets\" \/>\n<meta property=\"og:locale\" content=\"de_DE\" \/>\n<meta property=\"og:type\" content=\"article\" \/>\n<meta property=\"og:title\" content=\"Vitamin B12 1000 mcg (90 Tabletten) \u2013 Natural Factors | ecosupplements.ch\" \/>\n<meta property=\"og:description\" content=\"Natural Factors Vitamin B12 1000 mcg \u2013 90 vegane Tabletten f\u00fcr Energiestoffwechsel und Nervensystem. Glutenfrei, ohne Zusatzstoffe. Jetzt bestellen.\" \/>\n<meta property=\"og:url\" content=\"https:\/\/ecosupplements.ch\/?product=natural-factors-vitamin-b12-1000-mcg-90-tablets\" \/>\n<meta property=\"og:site_name\" content=\"Eco Supplements\" \/>\n<meta property=\"article:modified_time\" content=\"2026-05-13T07:27:11+00:00\" \/>\n<meta property=\"og:image\" content=\"https:\/\/ecosupplements.ch\/wp-content\/uploads\/2026\/05\/Natural-Factors-Vitamin-B12-1000-mcg-90-Tablets.webp\" \/>\n\t<meta property=\"og:image:width\" content=\"1000\" \/>\n\t<meta property=\"og:image:height\" content=\"1000\" \/>\n\t<meta property=\"og:image:type\" content=\"image\/jpeg\" \/>\n<meta name=\"twitter:card\" content=\"summary_large_image\" \/>\n<meta name=\"twitter:label1\" content=\"Price\" \/>\n\t<meta name=\"twitter:data1\" content=\"&#067;&#072;&#070;&nbsp;6.67\" \/>\n\t<meta name=\"twitter:label2\" content=\"Availability\" \/>\n\t<meta name=\"twitter:data2\" content=\"Out of stock\" \/>\n<script type=\"application\/ld+json\" class=\"yoast-schema-graph\">{\"@context\":\"https:\\\/\\\/schema.org\",\"@graph\":[{\"@type\":\"WebPage\",\"@id\":\"https:\\\/\\\/ecosupplements.ch\\\/?product=natural-factors-vitamin-b12-1000-mcg-90-tablets\",\"url\":\"https:\\\/\\\/ecosupplements.ch\\\/?product=natural-factors-vitamin-b12-1000-mcg-90-tablets\",\"name\":\"Vitamin B12 1000 mcg (90 Tabletten) \u2013 Natural Factors | ecosupplements.ch\",\"isPartOf\":{\"@id\":\"https:\\\/\\\/ecosupplements.ch\\\/#website\"},\"primaryImageOfPage\":{\"@id\":\"https:\\\/\\\/ecosupplements.ch\\\/?product=natural-factors-vitamin-b12-1000-mcg-90-tablets#primaryimage\"},\"image\":{\"@id\":\"https:\\\/\\\/ecosupplements.ch\\\/?product=natural-factors-vitamin-b12-1000-mcg-90-tablets#primaryimage\"},\"thumbnailUrl\":\"https:\\\/\\\/ecosupplements.ch\\\/wp-content\\\/uploads\\\/2026\\\/05\\\/Natural-Factors-Vitamin-B12-1000-mcg-90-Tablets.webp\",\"datePublished\":\"2026-05-11T14:56:13+00:00\",\"dateModified\":\"2026-05-13T07:27:11+00:00\",\"description\":\"Natural Factors Vitamin B12 1000 mcg \u2013 90 vegane Tabletten f\u00fcr Energiestoffwechsel und Nervensystem. Glutenfrei, ohne Zusatzstoffe. Jetzt bestellen.\",\"breadcrumb\":{\"@id\":\"https:\\\/\\\/ecosupplements.ch\\\/?product=natural-factors-vitamin-b12-1000-mcg-90-tablets#breadcrumb\"},\"inLanguage\":\"de-CH\",\"potentialAction\":[{\"@type\":\"ReadAction\",\"target\":[\"https:\\\/\\\/ecosupplements.ch\\\/?product=natural-factors-vitamin-b12-1000-mcg-90-tablets\"]}]},{\"@type\":\"ImageObject\",\"inLanguage\":\"de-CH\",\"@id\":\"https:\\\/\\\/ecosupplements.ch\\\/?product=natural-factors-vitamin-b12-1000-mcg-90-tablets#primaryimage\",\"url\":\"https:\\\/\\\/ecosupplements.ch\\\/wp-content\\\/uploads\\\/2026\\\/05\\\/Natural-Factors-Vitamin-B12-1000-mcg-90-Tablets.webp\",\"contentUrl\":\"https:\\\/\\\/ecosupplements.ch\\\/wp-content\\\/uploads\\\/2026\\\/05\\\/Natural-Factors-Vitamin-B12-1000-mcg-90-Tablets.webp\",\"width\":1000,\"height\":1000,\"caption\":\"Natural Factors Vitamin B12 1000 mcg (90 Tablets)\"},{\"@type\":\"BreadcrumbList\",\"@id\":\"https:\\\/\\\/ecosupplements.ch\\\/?product=natural-factors-vitamin-b12-1000-mcg-90-tablets#breadcrumb\",\"itemListElement\":[{\"@type\":\"ListItem\",\"position\":1,\"name\":\"Home\",\"item\":\"https:\\\/\\\/ecosupplements.ch\\\/\"},{\"@type\":\"ListItem\",\"position\":2,\"name\":\"Shop\",\"item\":\"https:\\\/\\\/ecosupplements.ch\\\/?page_id=14\"},{\"@type\":\"ListItem\",\"position\":3,\"name\":\"Natural Factors Vitamin B12 1000 mcg (90 Tablets)\"}]},{\"@type\":\"WebSite\",\"@id\":\"https:\\\/\\\/ecosupplements.ch\\\/#website\",\"url\":\"https:\\\/\\\/ecosupplements.ch\\\/\",\"name\":\"Eco Supplements\",\"description\":\"\",\"potentialAction\":[{\"@type\":\"SearchAction\",\"target\":{\"@type\":\"EntryPoint\",\"urlTemplate\":\"https:\\\/\\\/ecosupplements.ch\\\/?s={search_term_string}\"},\"query-input\":{\"@type\":\"PropertyValueSpecification\",\"valueRequired\":true,\"valueName\":\"search_term_string\"}}],\"inLanguage\":\"de-CH\"}]}<\/script>\n<meta property=\"product:price:amount\" content=\"6.67\" \/>\n<meta property=\"product:price:currency\" content=\"CHF\" \/>\n<meta property=\"og:availability\" content=\"out of stock\" \/>\n<meta property=\"product:availability\" content=\"out of stock\" \/>\n<meta property=\"product:retailer_item_id\" content=\"068958012469\" \/>\n<meta property=\"product:condition\" content=\"new\" \/>\n<!-- \/ Yoast SEO plugin. -->","yoast_head_json":{"title":"Vitamin B12 1000 mcg (90 Tabletten) \u2013 Natural Factors | ecosupplements.ch","description":"Natural Factors Vitamin B12 1000 mcg \u2013 90 vegane Tabletten f\u00fcr Energiestoffwechsel und Nervensystem. Glutenfrei, ohne Zusatzstoffe. Jetzt bestellen.","robots":{"index":"index","follow":"follow","max-snippet":"max-snippet:-1","max-image-preview":"max-image-preview:large","max-video-preview":"max-video-preview:-1"},"canonical":"https:\/\/ecosupplements.ch\/?product=natural-factors-vitamin-b12-1000-mcg-90-tablets","og_locale":"de_DE","og_type":"article","og_title":"Vitamin B12 1000 mcg (90 Tabletten) \u2013 Natural Factors | ecosupplements.ch","og_description":"Natural Factors Vitamin B12 1000 mcg \u2013 90 vegane Tabletten f\u00fcr Energiestoffwechsel und Nervensystem. Glutenfrei, ohne Zusatzstoffe. Jetzt bestellen.","og_url":"https:\/\/ecosupplements.ch\/?product=natural-factors-vitamin-b12-1000-mcg-90-tablets","og_site_name":"Eco Supplements","article_modified_time":"2026-05-13T07:27:11+00:00","og_image":[{"width":1000,"height":1000,"url":"https:\/\/ecosupplements.ch\/wp-content\/uploads\/2026\/05\/Natural-Factors-Vitamin-B12-1000-mcg-90-Tablets.webp","type":"image\/jpeg"}],"twitter_card":"summary_large_image","twitter_misc":{"Price":"&#67;&#72;&#70;&nbsp;6.67","Availability":"Out of stock"},"schema":{"@context":"https:\/\/schema.org","@graph":[{"@type":"WebPage","@id":"https:\/\/ecosupplements.ch\/?product=natural-factors-vitamin-b12-1000-mcg-90-tablets","url":"https:\/\/ecosupplements.ch\/?product=natural-factors-vitamin-b12-1000-mcg-90-tablets","name":"Vitamin B12 1000 mcg (90 Tabletten) \u2013 Natural Factors | ecosupplements.ch","isPartOf":{"@id":"https:\/\/ecosupplements.ch\/#website"},"primaryImageOfPage":{"@id":"https:\/\/ecosupplements.ch\/?product=natural-factors-vitamin-b12-1000-mcg-90-tablets#primaryimage"},"image":{"@id":"https:\/\/ecosupplements.ch\/?product=natural-factors-vitamin-b12-1000-mcg-90-tablets#primaryimage"},"thumbnailUrl":"https:\/\/ecosupplements.ch\/wp-content\/uploads\/2026\/05\/Natural-Factors-Vitamin-B12-1000-mcg-90-Tablets.webp","datePublished":"2026-05-11T14:56:13+00:00","dateModified":"2026-05-13T07:27:11+00:00","description":"Natural Factors Vitamin B12 1000 mcg \u2013 90 vegane Tabletten f\u00fcr Energiestoffwechsel und Nervensystem. Glutenfrei, ohne Zusatzstoffe. Jetzt bestellen.","breadcrumb":{"@id":"https:\/\/ecosupplements.ch\/?product=natural-factors-vitamin-b12-1000-mcg-90-tablets#breadcrumb"},"inLanguage":"de-CH","potentialAction":[{"@type":"ReadAction","target":["https:\/\/ecosupplements.ch\/?product=natural-factors-vitamin-b12-1000-mcg-90-tablets"]}]},{"@type":"ImageObject","inLanguage":"de-CH","@id":"https:\/\/ecosupplements.ch\/?product=natural-factors-vitamin-b12-1000-mcg-90-tablets#primaryimage","url":"https:\/\/ecosupplements.ch\/wp-content\/uploads\/2026\/05\/Natural-Factors-Vitamin-B12-1000-mcg-90-Tablets.webp","contentUrl":"https:\/\/ecosupplements.ch\/wp-content\/uploads\/2026\/05\/Natural-Factors-Vitamin-B12-1000-mcg-90-Tablets.webp","width":1000,"height":1000,"caption":"Natural Factors Vitamin B12 1000 mcg (90 Tablets)"},{"@type":"BreadcrumbList","@id":"https:\/\/ecosupplements.ch\/?product=natural-factors-vitamin-b12-1000-mcg-90-tablets#breadcrumb","itemListElement":[{"@type":"ListItem","position":1,"name":"Home","item":"https:\/\/ecosupplements.ch\/"},{"@type":"ListItem","position":2,"name":"Shop","item":"https:\/\/ecosupplements.ch\/?page_id=14"},{"@type":"ListItem","position":3,"name":"Natural Factors Vitamin B12 1000 mcg (90 Tablets)"}]},{"@type":"WebSite","@id":"https:\/\/ecosupplements.ch\/#website","url":"https:\/\/ecosupplements.ch\/","name":"Eco Supplements","description":"","potentialAction":[{"@type":"SearchAction","target":{"@type":"EntryPoint","urlTemplate":"https:\/\/ecosupplements.ch\/?s={search_term_string}"},"query-input":{"@type":"PropertyValueSpecification","valueRequired":true,"valueName":"search_term_string"}}],"inLanguage":"de-CH"}]},"product_price_amount":"6.67","product_price_currency":"CHF","og_availability":"out of stock","product_availability":"out of stock","product_retailer_item_id":"068958012469","product_condition":"new"},"_links":{"self":[{"href":"https:\/\/ecosupplements.ch\/index.php?rest_route=\/wp\/v2\/product\/4161","targetHints":{"allow":["GET"]}}],"collection":[{"href":"https:\/\/ecosupplements.ch\/index.php?rest_route=\/wp\/v2\/product"}],"about":[{"href":"https:\/\/ecosupplements.ch\/index.php?rest_route=\/wp\/v2\/types\/product"}],"replies":[{"embeddable":true,"href":"https:\/\/ecosupplements.ch\/index.php?rest_route=%2Fwp%2Fv2%2Fcomments&post=4161"}],"wp:featuredmedia":[{"embeddable":true,"href":"https:\/\/ecosupplements.ch\/index.php?rest_route=\/wp\/v2\/media\/4162"}],"wp:attachment":[{"href":"https:\/\/ecosupplements.ch\/index.php?rest_route=%2Fwp%2Fv2%2Fmedia&parent=4161"}],"wp:term":[{"taxonomy":"product_brand","embeddable":true,"href":"https:\/\/ecosupplements.ch\/index.php?rest_route=%2Fwp%2Fv2%2Fproduct_brand&post=4161"},{"taxonomy":"product_cat","embeddable":true,"href":"https:\/\/ecosupplements.ch\/index.php?rest_route=%2Fwp%2Fv2%2Fproduct_cat&post=4161"},{"taxonomy":"product_tag","embeddable":true,"href":"https:\/\/ecosupplements.ch\/index.php?rest_route=%2Fwp%2Fv2%2Fproduct_tag&post=4161"}],"curies":[{"name":"wp","href":"https:\/\/api.w.org\/{rel}","templated":true}]}}