{"id":4173,"date":"2026-05-11T14:56:19","date_gmt":"2026-05-11T14:56:19","guid":{"rendered":"https:\/\/ecosupplements.ch\/?product=natures-way-activated-charcoal-100-capsules"},"modified":"2026-05-13T07:27:04","modified_gmt":"2026-05-13T07:27:04","slug":"natures-way-activated-charcoal-100-capsules","status":"publish","type":"product","link":"https:\/\/ecosupplements.ch\/?product=natures-way-activated-charcoal-100-capsules","title":{"rendered":"Natures Way Activated Charcoal (100 Capsules)"},"content":{"rendered":"<div class=\"chcg-product-description\">\n<h2 class=\"chcg-heading\">\u00dcber Natures Way \u2013 Activated Charcoal (100 Kapseln)<\/h2>\n<div class=\"chcg-intro\">\n<p>Natures Way Activated Charcoal bietet aktivierte Pflanzenkohle in praktischer Kapselform. Aktivierte Kohle ist f\u00fcr ihre adsorbierende Wirkung bekannt und wird traditionell zur Unterst\u00fctzung der Verdauung eingesetzt. Jede Portion (2 Kapseln) liefert 560 mg aktivierte Kohle.<\/p>\n<p>Das Produkt von Natures Way zeichnet sich durch seine sorgf\u00e4ltige Zusammensetzung aus: ohne k\u00fcnstliche Farbstoffe, Aromen oder Konservierungsmittel sowie ohne Gluten, Salz, Weizen, Mais, Soja oder Milchprodukte. Mit 100 Kapseln pro Packung und 50 Portionen bietet dieses Produkt einen guten Vorrat f\u00fcr den bedarfsgerechten Einsatz.<\/p>\n<p>Activated Charcoal von Natures Way ist ein etabliertes Produkt aus dem Sortiment einer der bekanntesten amerikanischen Nahrungserg\u00e4nzungsmittel-Marken \u2013 seit Jahrzehnten f\u00fcr Qualit\u00e4t und Nat\u00fcrlichkeit bekannt.<\/p>\n<\/p><\/div>\n<div class=\"chcg-nutrition\">\n<h3>N\u00e4hrwertangaben<\/h3>\n<table class=\"chcg-nutrition-table\">\n<thead>\n<tr>\n<th>N\u00e4hrstoff<\/th>\n<th>Pro Portion (2 Kapseln)<\/th>\n<\/tr>\n<\/thead>\n<tbody>\n<tr>\n<td>Aktivierte Kohle (Charcoal)<\/td>\n<td>560 mg*<\/td>\n<\/tr>\n<\/tbody>\n<\/table>\n<p class=\"chcg-footnote\">* Kein festgelegter Tagesreferenzwert vorhanden.<\/p>\n<\/p><\/div>\n<div class=\"chcg-ingredients\">\n<h3>Zutaten<\/h3>\n<p>Aktivierte Kohle 560 mg.<\/p>\n<p class=\"chcg-capsule-shell\">Kapselh\u00fclle: Gelatine.<\/p>\n<\/p><\/div>\n<div class=\"chcg-dosage\">\n<h3>Verzehrempfehlung<\/h3>\n<p>Erwachsene nehmen 2 Kapseln vor oder nach den Mahlzeiten, nach Bedarf. Nicht mehr als 6 Kapseln t\u00e4glich einnehmen. Nur wie angegeben verwenden. Nicht f\u00fcr den dauerhaften t\u00e4glichen Gebrauch geeignet. Mindestens zwei Stunden vor oder nach der Einnahme von Medikamenten oder anderen Nahrungserg\u00e4nzungsmitteln einnehmen, da aktivierte Kohle deren Aufnahme beeinflussen kann.<\/p>\n<\/p><\/div>\n<div class=\"chcg-warnings\">\n<h3>Warnhinweise<\/h3>\n<p>Wenn Sie schwanger sind, stillen oder Medikamente einnehmen, konsultieren Sie vor der Anwendung eine Fachperson des Gesundheitswesens. Mindestens zwei Stunden vor oder nach der Einnahme von Medikamenten oder anderen Nahrungserg\u00e4nzungsmitteln einnehmen, da aktivierte Kohle deren Aufnahme beeinflussen kann. Dieses Produkt kann dunklen Stuhlgang verursachen, was unbedenklich ist. Ausserhalb der Reichweite von Kindern aufbewahren. Das Produkt ist mit einem inneren Schutzsiegel versehen. Nicht verwenden, wenn das Siegel besch\u00e4digt oder nicht vorhanden ist.<\/p>\n<\/p><\/div>\n<div class=\"chcg-allergens\">\n<h3>Allergeninformationen<\/h3>\n<p>Glutenfrei. Ohne Salz, Weizen, Mais, Soja, Milchprodukte sowie ohne k\u00fcnstliche Farbstoffe, Aromen oder Konservierungsmittel. Enth\u00e4lt Gelatine (Kapselh\u00fclle).<\/p>\n<\/p><\/div>\n<div class=\"chcg-storage\">\n<h3>Lagerung<\/h3>\n<p>Bei Raumtemperatur lagern. \u00dcberm\u00e4ssige Hitze und direkte Sonneneinstrahlung vermeiden. Beh\u00e4lter nach Gebrauch fest verschlossen halten.<\/p>\n<\/p><\/div>\n<div class=\"chcg-dietary\">\n<h3>Ern\u00e4hrungshinweise<\/h3>\n<ul>\n<li>Glutenfrei<\/li>\n<li>Laktosefrei<\/li>\n<\/ul><\/div>\n<\/div>\n","protected":false},"excerpt":{"rendered":"<p>Natures Way Activated Charcoal liefert 560 mg aktivierte Kohle pro Portion zur bedarfsgerechten Unterst\u00fctzung der Verdauung. Praktische Kapselform, 100 Kapseln pro Packung, glutenfrei und ohne k\u00fcnstliche Zusatzstoffe.<\/p>\n","protected":false},"featured_media":4174,"comment_status":"closed","ping_status":"open","template":"","meta":[],"product_brand":[469],"product_cat":[48],"product_tag":[],"class_list":{"0":"post-4173","1":"product","2":"type-product","3":"status-publish","4":"has-post-thumbnail","6":"product_brand-natures-way","7":"product_cat-gesunde-ernaehrung","9":"first","10":"outofstock","11":"taxable","12":"shipping-taxable","13":"purchasable","14":"product-type-simple"},"yoast_head":"<!-- This site is optimized with the Yoast SEO plugin v27.5 - https:\/\/yoast.com\/product\/yoast-seo-wordpress\/ -->\n<title>Natures Way Activated Charcoal 100 Kapseln | ecosupplements.ch<\/title>\n<meta name=\"description\" content=\"Aktivierte Kohle von Natures Way \u2013 560 mg pro Portion, 100 Kapseln, glutenfrei und ohne k\u00fcnstliche Zusatzstoffe. Jetzt bestellen.\" \/>\n<meta name=\"robots\" content=\"index, follow, max-snippet:-1, max-image-preview:large, max-video-preview:-1\" \/>\n<link rel=\"canonical\" href=\"https:\/\/ecosupplements.ch\/?product=natures-way-activated-charcoal-100-capsules\" \/>\n<meta property=\"og:locale\" content=\"de_DE\" \/>\n<meta property=\"og:type\" content=\"article\" \/>\n<meta property=\"og:title\" content=\"Natures Way Activated Charcoal 100 Kapseln | ecosupplements.ch\" \/>\n<meta property=\"og:description\" content=\"Aktivierte Kohle von Natures Way \u2013 560 mg pro Portion, 100 Kapseln, glutenfrei und ohne k\u00fcnstliche Zusatzstoffe. Jetzt bestellen.\" \/>\n<meta property=\"og:url\" content=\"https:\/\/ecosupplements.ch\/?product=natures-way-activated-charcoal-100-capsules\" \/>\n<meta property=\"og:site_name\" content=\"Eco Supplements\" \/>\n<meta property=\"article:modified_time\" content=\"2026-05-13T07:27:04+00:00\" \/>\n<meta property=\"og:image\" content=\"https:\/\/ecosupplements.ch\/wp-content\/uploads\/2026\/05\/Natures-Way-Activated-Charcoal-100-Capsules.webp\" \/>\n\t<meta property=\"og:image:width\" content=\"1000\" \/>\n\t<meta property=\"og:image:height\" content=\"1000\" \/>\n\t<meta property=\"og:image:type\" content=\"image\/jpeg\" \/>\n<meta name=\"twitter:card\" content=\"summary_large_image\" \/>\n<meta name=\"twitter:label1\" content=\"Price\" \/>\n\t<meta name=\"twitter:data1\" content=\"&#067;&#072;&#070;&nbsp;12.45\" \/>\n\t<meta name=\"twitter:label2\" content=\"Availability\" \/>\n\t<meta name=\"twitter:data2\" content=\"Out of stock\" \/>\n<script type=\"application\/ld+json\" class=\"yoast-schema-graph\">{\"@context\":\"https:\\\/\\\/schema.org\",\"@graph\":[{\"@type\":\"WebPage\",\"@id\":\"https:\\\/\\\/ecosupplements.ch\\\/?product=natures-way-activated-charcoal-100-capsules\",\"url\":\"https:\\\/\\\/ecosupplements.ch\\\/?product=natures-way-activated-charcoal-100-capsules\",\"name\":\"Natures Way Activated Charcoal 100 Kapseln | ecosupplements.ch\",\"isPartOf\":{\"@id\":\"https:\\\/\\\/ecosupplements.ch\\\/#website\"},\"primaryImageOfPage\":{\"@id\":\"https:\\\/\\\/ecosupplements.ch\\\/?product=natures-way-activated-charcoal-100-capsules#primaryimage\"},\"image\":{\"@id\":\"https:\\\/\\\/ecosupplements.ch\\\/?product=natures-way-activated-charcoal-100-capsules#primaryimage\"},\"thumbnailUrl\":\"https:\\\/\\\/ecosupplements.ch\\\/wp-content\\\/uploads\\\/2026\\\/05\\\/Natures-Way-Activated-Charcoal-100-Capsules.webp\",\"datePublished\":\"2026-05-11T14:56:19+00:00\",\"dateModified\":\"2026-05-13T07:27:04+00:00\",\"description\":\"Aktivierte Kohle von Natures Way \u2013 560 mg pro Portion, 100 Kapseln, glutenfrei und ohne k\u00fcnstliche Zusatzstoffe. Jetzt bestellen.\",\"breadcrumb\":{\"@id\":\"https:\\\/\\\/ecosupplements.ch\\\/?product=natures-way-activated-charcoal-100-capsules#breadcrumb\"},\"inLanguage\":\"de-CH\",\"potentialAction\":[{\"@type\":\"ReadAction\",\"target\":[\"https:\\\/\\\/ecosupplements.ch\\\/?product=natures-way-activated-charcoal-100-capsules\"]}]},{\"@type\":\"ImageObject\",\"inLanguage\":\"de-CH\",\"@id\":\"https:\\\/\\\/ecosupplements.ch\\\/?product=natures-way-activated-charcoal-100-capsules#primaryimage\",\"url\":\"https:\\\/\\\/ecosupplements.ch\\\/wp-content\\\/uploads\\\/2026\\\/05\\\/Natures-Way-Activated-Charcoal-100-Capsules.webp\",\"contentUrl\":\"https:\\\/\\\/ecosupplements.ch\\\/wp-content\\\/uploads\\\/2026\\\/05\\\/Natures-Way-Activated-Charcoal-100-Capsules.webp\",\"width\":1000,\"height\":1000,\"caption\":\"Natures Way Activated Charcoal (100 Capsules)\"},{\"@type\":\"BreadcrumbList\",\"@id\":\"https:\\\/\\\/ecosupplements.ch\\\/?product=natures-way-activated-charcoal-100-capsules#breadcrumb\",\"itemListElement\":[{\"@type\":\"ListItem\",\"position\":1,\"name\":\"Home\",\"item\":\"https:\\\/\\\/ecosupplements.ch\\\/\"},{\"@type\":\"ListItem\",\"position\":2,\"name\":\"Shop\",\"item\":\"https:\\\/\\\/ecosupplements.ch\\\/?page_id=14\"},{\"@type\":\"ListItem\",\"position\":3,\"name\":\"Natures Way Activated Charcoal (100 Capsules)\"}]},{\"@type\":\"WebSite\",\"@id\":\"https:\\\/\\\/ecosupplements.ch\\\/#website\",\"url\":\"https:\\\/\\\/ecosupplements.ch\\\/\",\"name\":\"Eco Supplements\",\"description\":\"\",\"potentialAction\":[{\"@type\":\"SearchAction\",\"target\":{\"@type\":\"EntryPoint\",\"urlTemplate\":\"https:\\\/\\\/ecosupplements.ch\\\/?s={search_term_string}\"},\"query-input\":{\"@type\":\"PropertyValueSpecification\",\"valueRequired\":true,\"valueName\":\"search_term_string\"}}],\"inLanguage\":\"de-CH\"}]}<\/script>\n<meta property=\"product:price:amount\" content=\"12.45\" \/>\n<meta property=\"product:price:currency\" content=\"CHF\" \/>\n<meta property=\"og:availability\" content=\"out of stock\" \/>\n<meta property=\"product:availability\" content=\"out of stock\" \/>\n<meta property=\"product:retailer_item_id\" content=\"033674020708\" \/>\n<meta property=\"product:condition\" content=\"new\" \/>\n<!-- \/ Yoast SEO plugin. -->","yoast_head_json":{"title":"Natures Way Activated Charcoal 100 Kapseln | ecosupplements.ch","description":"Aktivierte Kohle von Natures Way \u2013 560 mg pro Portion, 100 Kapseln, glutenfrei und ohne k\u00fcnstliche Zusatzstoffe. Jetzt bestellen.","robots":{"index":"index","follow":"follow","max-snippet":"max-snippet:-1","max-image-preview":"max-image-preview:large","max-video-preview":"max-video-preview:-1"},"canonical":"https:\/\/ecosupplements.ch\/?product=natures-way-activated-charcoal-100-capsules","og_locale":"de_DE","og_type":"article","og_title":"Natures Way Activated Charcoal 100 Kapseln | ecosupplements.ch","og_description":"Aktivierte Kohle von Natures Way \u2013 560 mg pro Portion, 100 Kapseln, glutenfrei und ohne k\u00fcnstliche Zusatzstoffe. Jetzt bestellen.","og_url":"https:\/\/ecosupplements.ch\/?product=natures-way-activated-charcoal-100-capsules","og_site_name":"Eco Supplements","article_modified_time":"2026-05-13T07:27:04+00:00","og_image":[{"width":1000,"height":1000,"url":"https:\/\/ecosupplements.ch\/wp-content\/uploads\/2026\/05\/Natures-Way-Activated-Charcoal-100-Capsules.webp","type":"image\/jpeg"}],"twitter_card":"summary_large_image","twitter_misc":{"Price":"&#67;&#72;&#70;&nbsp;12.45","Availability":"Out of stock"},"schema":{"@context":"https:\/\/schema.org","@graph":[{"@type":"WebPage","@id":"https:\/\/ecosupplements.ch\/?product=natures-way-activated-charcoal-100-capsules","url":"https:\/\/ecosupplements.ch\/?product=natures-way-activated-charcoal-100-capsules","name":"Natures Way Activated Charcoal 100 Kapseln | ecosupplements.ch","isPartOf":{"@id":"https:\/\/ecosupplements.ch\/#website"},"primaryImageOfPage":{"@id":"https:\/\/ecosupplements.ch\/?product=natures-way-activated-charcoal-100-capsules#primaryimage"},"image":{"@id":"https:\/\/ecosupplements.ch\/?product=natures-way-activated-charcoal-100-capsules#primaryimage"},"thumbnailUrl":"https:\/\/ecosupplements.ch\/wp-content\/uploads\/2026\/05\/Natures-Way-Activated-Charcoal-100-Capsules.webp","datePublished":"2026-05-11T14:56:19+00:00","dateModified":"2026-05-13T07:27:04+00:00","description":"Aktivierte Kohle von Natures Way \u2013 560 mg pro Portion, 100 Kapseln, glutenfrei und ohne k\u00fcnstliche Zusatzstoffe. Jetzt bestellen.","breadcrumb":{"@id":"https:\/\/ecosupplements.ch\/?product=natures-way-activated-charcoal-100-capsules#breadcrumb"},"inLanguage":"de-CH","potentialAction":[{"@type":"ReadAction","target":["https:\/\/ecosupplements.ch\/?product=natures-way-activated-charcoal-100-capsules"]}]},{"@type":"ImageObject","inLanguage":"de-CH","@id":"https:\/\/ecosupplements.ch\/?product=natures-way-activated-charcoal-100-capsules#primaryimage","url":"https:\/\/ecosupplements.ch\/wp-content\/uploads\/2026\/05\/Natures-Way-Activated-Charcoal-100-Capsules.webp","contentUrl":"https:\/\/ecosupplements.ch\/wp-content\/uploads\/2026\/05\/Natures-Way-Activated-Charcoal-100-Capsules.webp","width":1000,"height":1000,"caption":"Natures Way Activated Charcoal (100 Capsules)"},{"@type":"BreadcrumbList","@id":"https:\/\/ecosupplements.ch\/?product=natures-way-activated-charcoal-100-capsules#breadcrumb","itemListElement":[{"@type":"ListItem","position":1,"name":"Home","item":"https:\/\/ecosupplements.ch\/"},{"@type":"ListItem","position":2,"name":"Shop","item":"https:\/\/ecosupplements.ch\/?page_id=14"},{"@type":"ListItem","position":3,"name":"Natures Way Activated Charcoal (100 Capsules)"}]},{"@type":"WebSite","@id":"https:\/\/ecosupplements.ch\/#website","url":"https:\/\/ecosupplements.ch\/","name":"Eco Supplements","description":"","potentialAction":[{"@type":"SearchAction","target":{"@type":"EntryPoint","urlTemplate":"https:\/\/ecosupplements.ch\/?s={search_term_string}"},"query-input":{"@type":"PropertyValueSpecification","valueRequired":true,"valueName":"search_term_string"}}],"inLanguage":"de-CH"}]},"product_price_amount":"12.45","product_price_currency":"CHF","og_availability":"out of stock","product_availability":"out of stock","product_retailer_item_id":"033674020708","product_condition":"new"},"_links":{"self":[{"href":"https:\/\/ecosupplements.ch\/index.php?rest_route=\/wp\/v2\/product\/4173","targetHints":{"allow":["GET"]}}],"collection":[{"href":"https:\/\/ecosupplements.ch\/index.php?rest_route=\/wp\/v2\/product"}],"about":[{"href":"https:\/\/ecosupplements.ch\/index.php?rest_route=\/wp\/v2\/types\/product"}],"replies":[{"embeddable":true,"href":"https:\/\/ecosupplements.ch\/index.php?rest_route=%2Fwp%2Fv2%2Fcomments&post=4173"}],"wp:featuredmedia":[{"embeddable":true,"href":"https:\/\/ecosupplements.ch\/index.php?rest_route=\/wp\/v2\/media\/4174"}],"wp:attachment":[{"href":"https:\/\/ecosupplements.ch\/index.php?rest_route=%2Fwp%2Fv2%2Fmedia&parent=4173"}],"wp:term":[{"taxonomy":"product_brand","embeddable":true,"href":"https:\/\/ecosupplements.ch\/index.php?rest_route=%2Fwp%2Fv2%2Fproduct_brand&post=4173"},{"taxonomy":"product_cat","embeddable":true,"href":"https:\/\/ecosupplements.ch\/index.php?rest_route=%2Fwp%2Fv2%2Fproduct_cat&post=4173"},{"taxonomy":"product_tag","embeddable":true,"href":"https:\/\/ecosupplements.ch\/index.php?rest_route=%2Fwp%2Fv2%2Fproduct_tag&post=4173"}],"curies":[{"name":"wp","href":"https:\/\/api.w.org\/{rel}","templated":true}]}}