{"id":4186,"date":"2026-05-11T14:56:25","date_gmt":"2026-05-11T14:56:25","guid":{"rendered":"https:\/\/ecosupplements.ch\/?product=natures-way-alive-calcium-d3-gummies-60-gummies"},"modified":"2026-05-13T07:27:04","modified_gmt":"2026-05-13T07:27:04","slug":"natures-way-alive-calcium-d3-gummies-60-gummies","status":"publish","type":"product","link":"https:\/\/ecosupplements.ch\/?product=natures-way-alive-calcium-d3-gummies-60-gummies","title":{"rendered":"Natures Way Alive!\u00ae Calcium + D3 Gummies (60 Gummies)"},"content":{"rendered":"<div class=\"chcg-product-description\">\n<h2 class=\"chcg-heading\">\u00dcber Natures Way \u2013 Alive!\u00ae Calcium + D3 Gummies (60 Gummies)<\/h2>\n<div class=\"chcg-intro\">\n<p>Die Alive!\u00ae Calcium + D3 Gummies von Natures Way vereinen zwei essentielle N\u00e4hrstoffe f\u00fcr die Knochengesundheit in einer praktischen und wohlschmeckenden Gummiform. Mit 520 mg Calcium und 50 mcg (2&#8217;000 IU) Vitamin D3 pro Portion unterst\u00fctzen diese Gummies die normale Erhaltung der Knochen und die Funktion des Immunsystems \u2013 eine angenehme Alternative zu herk\u00f6mmlichen Tabletten oder Kapseln.<\/p>\n<p>Jede Portion enth\u00e4lt zudem eine einzigartige Mischung aus Frucht- und Gem\u00fcsepulvern \u2013 darunter Orange, Heidelbeere, Karotte, Granatapfel und Brokkoli \u2013 f\u00fcr eine nat\u00fcrliche Bereicherung der t\u00e4glichen Ern\u00e4hrung. Die Gummies sind frei von Gelatine und Gluten und werden mit nat\u00fcrlichen Aromen sowie pflanzenbasierten Inhaltsstoffen hergestellt.<\/p>\n<p>Mit 60 Gummies pro Packung (30 Portionen) bieten die Alive!\u00ae Calcium + D3 Gummies eine bequeme Monatsration f\u00fcr Erwachsene, die ihre t\u00e4gliche Calcium- und Vitamin-D3-Versorgung auf genussvolle Weise sicherstellen m\u00f6chten.<\/p>\n<\/p><\/div>\n<div class=\"chcg-nutrition\">\n<h3>N\u00e4hrwertangaben<\/h3>\n<table class=\"chcg-nutrition-table\">\n<thead>\n<tr>\n<th>N\u00e4hrstoff<\/th>\n<th>Pro Portion (2 Gummies)<\/th>\n<\/tr>\n<\/thead>\n<tbody>\n<tr>\n<td>Kalorien<\/td>\n<td>30<\/td>\n<\/tr>\n<tr>\n<td>Gesamtkohlenhydrate<\/td>\n<td>7 g (3% des Tagesbedarfs)<\/td>\n<\/tr>\n<tr>\n<td>\u2013 Gesamtzucker<\/td>\n<td>5 g<\/td>\n<\/tr>\n<tr>\n<td>\u2013 davon zugesetzter Zucker<\/td>\n<td>5 g (10% des Tagesbedarfs)<\/td>\n<\/tr>\n<tr>\n<td>Vitamin D3 (als Cholecalciferol)<\/td>\n<td>50 mcg \/ 2&#8217;000 IU (250% des Tagesbedarfs)<\/td>\n<\/tr>\n<tr>\n<td>Calcium (als Tricalciumphosphat)<\/td>\n<td>520 mg (40% des Tagesbedarfs)<\/td>\n<\/tr>\n<tr>\n<td>Phosphor (als Tricalciumphosphat)<\/td>\n<td>230 mg (18\u201321% des Tagesbedarfs)<\/td>\n<\/tr>\n<tr>\n<td>Natrium<\/td>\n<td>20 mg (1% des Tagesbedarfs)<\/td>\n<\/tr>\n<tr>\n<td>Orchard Fruits &amp; Garden Veggies Powder Blend<\/td>\n<td>100 mg **<\/td>\n<\/tr>\n<\/tbody>\n<\/table>\n<p class=\"chcg-footnote\">** Kein festgelegter Tagesbedarf.<\/p>\n<\/p><\/div>\n<div class=\"chcg-ingredients\">\n<h3>Zutaten<\/h3>\n<p>Vitamin D3 (als Cholecalciferol), Calcium (als Tricalciumphosphat), Phosphor (als Tricalciumphosphat), Natrium, Orchard Fruits &amp; Garden Veggies Powder Blend (Orange, Heidelbeere, Karotte, Pflaume, Granatapfel, Erdbeere, Birne, Apfel, Rote Bete, Himbeere, Ananas, K\u00fcrbis, Kirsche, Blumenkohl, Traube, Banane, Kohl, Tomate, Acai, Spargel, Rosenkohl, Cranberry, Gurke, Erbse, Brokkoli, Spinat).<\/p>\n<p>Weitere Zutaten: Biologischer Tapioka-Sirup, Rohrzucker, gereinigtes Wasser, Pektin, Zitronens\u00e4ure, nat\u00fcrliche Aromen, Natriumcitrat, Gem\u00fcse- und Fruchtfarbstoffe, Kokos\u00f6l, Bienenwachs.<\/p>\n<\/p><\/div>\n<div class=\"chcg-dosage\">\n<h3>Verzehrempfehlung<\/h3>\n<p>Erwachsene kauen 2 Gummies zweimal t\u00e4glich, mit oder ohne Mahlzeit. Nicht f\u00fcr Kinder formuliert.<\/p>\n<\/p><\/div>\n<div class=\"chcg-warnings\">\n<h3>Warnhinweise<\/h3>\n<p>Die empfohlene Tagesdosis nicht \u00fcberschreiten. Nicht einnehmen, wenn Sie schwanger sind oder stillen. Bei Nierenerkrankungen, Hyperkalz\u00e4mie oder Hyperkalziurie oder bei der Einnahme von Medikamenten vor der Anwendung einen Arzt oder eine \u00c4rztin konsultieren. Ausserhalb der Reichweite von Kindern aufbewahren. Nicht verwenden, wenn das Sicherheitssiegel unter dem kindersicheren Verschluss besch\u00e4digt oder nicht vorhanden ist.<\/p>\n<\/p><\/div>\n<div class=\"chcg-allergens\">\n<h3>Allergeninformationen<\/h3>\n<p>Enth\u00e4lt Schalenfr\u00fcchte (Kokosnuss). Frei von: Gelatine, Gluten, Soja, Milchprodukten, hefehaltigen Inhaltsstoffen, Weizen, Erdn\u00fcssen, Eiern.<\/p>\n<\/p><\/div>\n<div class=\"chcg-storage\">\n<h3>Lagerung<\/h3>\n<p>Beh\u00e4lter fest verschlossen halten. Bei Raumtemperatur lagern. \u00dcberm\u00e4ssige Hitze und direkte Sonneneinstrahlung vermeiden.<\/p>\n<\/p><\/div>\n<div class=\"chcg-dietary\">\n<h3>Ern\u00e4hrungshinweise<\/h3>\n<ul>\n<li>Vegetarisch<\/li>\n<li>Glutenfrei<\/li>\n<li>Laktosefrei<\/li>\n<\/ul><\/div>\n<\/div>\n","protected":false},"excerpt":{"rendered":"<p>Alive!\u00ae Calcium + D3 Gummies von Natures Way liefern 520 mg Calcium und 2&#8217;000 IU Vitamin D3 pro Portion zur Unterst\u00fctzung der Knochen. Glutenfrei, ohne Gelatine \u2013 60 Gummies (30 Portionen).<\/p>\n","protected":false},"featured_media":4187,"comment_status":"closed","ping_status":"open","template":"","meta":[],"product_brand":[469],"product_cat":[48,21],"product_tag":[],"class_list":{"0":"post-4186","1":"product","2":"type-product","3":"status-publish","4":"has-post-thumbnail","6":"product_brand-natures-way","7":"product_cat-gesunde-ernaehrung","8":"product_cat-vitamine-und-mineralstoffe","10":"first","11":"outofstock","12":"taxable","13":"shipping-taxable","14":"purchasable","15":"product-type-simple"},"yoast_head":"<!-- This site is optimized with the Yoast SEO plugin v27.5 - https:\/\/yoast.com\/product\/yoast-seo-wordpress\/ -->\n<title>Alive!\u00ae Calcium + D3 Gummies \u2013 Natures Way | ecosupplements.ch<\/title>\n<meta name=\"description\" content=\"Calcium + D3 Gummies von Natures Way mit 520 mg Calcium und 2&#039;000 IU Vitamin D3 pro Portion \u2013 glutenfrei, 60 Gummies. Jetzt bestellen.\" \/>\n<meta name=\"robots\" content=\"index, follow, max-snippet:-1, max-image-preview:large, max-video-preview:-1\" \/>\n<link rel=\"canonical\" href=\"https:\/\/ecosupplements.ch\/?product=natures-way-alive-calcium-d3-gummies-60-gummies\" \/>\n<meta property=\"og:locale\" content=\"de_DE\" \/>\n<meta property=\"og:type\" content=\"article\" \/>\n<meta property=\"og:title\" content=\"Alive!\u00ae Calcium + D3 Gummies \u2013 Natures Way | ecosupplements.ch\" \/>\n<meta property=\"og:description\" content=\"Calcium + D3 Gummies von Natures Way mit 520 mg Calcium und 2&#039;000 IU Vitamin D3 pro Portion \u2013 glutenfrei, 60 Gummies. Jetzt bestellen.\" \/>\n<meta property=\"og:url\" content=\"https:\/\/ecosupplements.ch\/?product=natures-way-alive-calcium-d3-gummies-60-gummies\" \/>\n<meta property=\"og:site_name\" content=\"Eco Supplements\" \/>\n<meta property=\"article:modified_time\" content=\"2026-05-13T07:27:04+00:00\" \/>\n<meta property=\"og:image\" content=\"https:\/\/ecosupplements.ch\/wp-content\/uploads\/2026\/05\/Natures-Way-Alive\u00ae-Calcium-D3-Gummies-60-Gummies.webp\" \/>\n\t<meta property=\"og:image:width\" content=\"1000\" \/>\n\t<meta property=\"og:image:height\" content=\"1000\" \/>\n\t<meta property=\"og:image:type\" content=\"image\/jpeg\" \/>\n<meta name=\"twitter:card\" content=\"summary_large_image\" \/>\n<meta name=\"twitter:label1\" content=\"Price\" \/>\n\t<meta name=\"twitter:data1\" content=\"&#067;&#072;&#070;&nbsp;13.10\" \/>\n\t<meta name=\"twitter:label2\" content=\"Availability\" \/>\n\t<meta name=\"twitter:data2\" content=\"Out of stock\" \/>\n<script type=\"application\/ld+json\" class=\"yoast-schema-graph\">{\"@context\":\"https:\\\/\\\/schema.org\",\"@graph\":[{\"@type\":\"WebPage\",\"@id\":\"https:\\\/\\\/ecosupplements.ch\\\/?product=natures-way-alive-calcium-d3-gummies-60-gummies\",\"url\":\"https:\\\/\\\/ecosupplements.ch\\\/?product=natures-way-alive-calcium-d3-gummies-60-gummies\",\"name\":\"Alive!\u00ae Calcium + D3 Gummies \u2013 Natures Way | ecosupplements.ch\",\"isPartOf\":{\"@id\":\"https:\\\/\\\/ecosupplements.ch\\\/#website\"},\"primaryImageOfPage\":{\"@id\":\"https:\\\/\\\/ecosupplements.ch\\\/?product=natures-way-alive-calcium-d3-gummies-60-gummies#primaryimage\"},\"image\":{\"@id\":\"https:\\\/\\\/ecosupplements.ch\\\/?product=natures-way-alive-calcium-d3-gummies-60-gummies#primaryimage\"},\"thumbnailUrl\":\"https:\\\/\\\/ecosupplements.ch\\\/wp-content\\\/uploads\\\/2026\\\/05\\\/Natures-Way-Alive\u00ae-Calcium-D3-Gummies-60-Gummies.webp\",\"datePublished\":\"2026-05-11T14:56:25+00:00\",\"dateModified\":\"2026-05-13T07:27:04+00:00\",\"description\":\"Calcium + D3 Gummies von Natures Way mit 520 mg Calcium und 2'000 IU Vitamin D3 pro Portion \u2013 glutenfrei, 60 Gummies. Jetzt bestellen.\",\"breadcrumb\":{\"@id\":\"https:\\\/\\\/ecosupplements.ch\\\/?product=natures-way-alive-calcium-d3-gummies-60-gummies#breadcrumb\"},\"inLanguage\":\"de-CH\",\"potentialAction\":[{\"@type\":\"ReadAction\",\"target\":[\"https:\\\/\\\/ecosupplements.ch\\\/?product=natures-way-alive-calcium-d3-gummies-60-gummies\"]}]},{\"@type\":\"ImageObject\",\"inLanguage\":\"de-CH\",\"@id\":\"https:\\\/\\\/ecosupplements.ch\\\/?product=natures-way-alive-calcium-d3-gummies-60-gummies#primaryimage\",\"url\":\"https:\\\/\\\/ecosupplements.ch\\\/wp-content\\\/uploads\\\/2026\\\/05\\\/Natures-Way-Alive\u00ae-Calcium-D3-Gummies-60-Gummies.webp\",\"contentUrl\":\"https:\\\/\\\/ecosupplements.ch\\\/wp-content\\\/uploads\\\/2026\\\/05\\\/Natures-Way-Alive\u00ae-Calcium-D3-Gummies-60-Gummies.webp\",\"width\":1000,\"height\":1000,\"caption\":\"Natures Way Alive!\u00ae Calcium + D3 Gummies (60 Gummies)\"},{\"@type\":\"BreadcrumbList\",\"@id\":\"https:\\\/\\\/ecosupplements.ch\\\/?product=natures-way-alive-calcium-d3-gummies-60-gummies#breadcrumb\",\"itemListElement\":[{\"@type\":\"ListItem\",\"position\":1,\"name\":\"Home\",\"item\":\"https:\\\/\\\/ecosupplements.ch\\\/\"},{\"@type\":\"ListItem\",\"position\":2,\"name\":\"Shop\",\"item\":\"https:\\\/\\\/ecosupplements.ch\\\/?page_id=14\"},{\"@type\":\"ListItem\",\"position\":3,\"name\":\"Natures Way Alive!\u00ae Calcium + D3 Gummies (60 Gummies)\"}]},{\"@type\":\"WebSite\",\"@id\":\"https:\\\/\\\/ecosupplements.ch\\\/#website\",\"url\":\"https:\\\/\\\/ecosupplements.ch\\\/\",\"name\":\"Eco Supplements\",\"description\":\"\",\"potentialAction\":[{\"@type\":\"SearchAction\",\"target\":{\"@type\":\"EntryPoint\",\"urlTemplate\":\"https:\\\/\\\/ecosupplements.ch\\\/?s={search_term_string}\"},\"query-input\":{\"@type\":\"PropertyValueSpecification\",\"valueRequired\":true,\"valueName\":\"search_term_string\"}}],\"inLanguage\":\"de-CH\"}]}<\/script>\n<meta property=\"product:price:amount\" content=\"13.10\" \/>\n<meta property=\"product:price:currency\" content=\"CHF\" \/>\n<meta property=\"og:availability\" content=\"out of stock\" \/>\n<meta property=\"product:availability\" content=\"out of stock\" \/>\n<meta property=\"product:retailer_item_id\" content=\"033674102558\" \/>\n<meta property=\"product:condition\" content=\"new\" \/>\n<!-- \/ Yoast SEO plugin. -->","yoast_head_json":{"title":"Alive!\u00ae Calcium + D3 Gummies \u2013 Natures Way | ecosupplements.ch","description":"Calcium + D3 Gummies von Natures Way mit 520 mg Calcium und 2'000 IU Vitamin D3 pro Portion \u2013 glutenfrei, 60 Gummies. Jetzt bestellen.","robots":{"index":"index","follow":"follow","max-snippet":"max-snippet:-1","max-image-preview":"max-image-preview:large","max-video-preview":"max-video-preview:-1"},"canonical":"https:\/\/ecosupplements.ch\/?product=natures-way-alive-calcium-d3-gummies-60-gummies","og_locale":"de_DE","og_type":"article","og_title":"Alive!\u00ae Calcium + D3 Gummies \u2013 Natures Way | ecosupplements.ch","og_description":"Calcium + D3 Gummies von Natures Way mit 520 mg Calcium und 2'000 IU Vitamin D3 pro Portion \u2013 glutenfrei, 60 Gummies. Jetzt bestellen.","og_url":"https:\/\/ecosupplements.ch\/?product=natures-way-alive-calcium-d3-gummies-60-gummies","og_site_name":"Eco Supplements","article_modified_time":"2026-05-13T07:27:04+00:00","og_image":[{"width":1000,"height":1000,"url":"https:\/\/ecosupplements.ch\/wp-content\/uploads\/2026\/05\/Natures-Way-Alive\u00ae-Calcium-D3-Gummies-60-Gummies.webp","type":"image\/jpeg"}],"twitter_card":"summary_large_image","twitter_misc":{"Price":"&#67;&#72;&#70;&nbsp;13.10","Availability":"Out of stock"},"schema":{"@context":"https:\/\/schema.org","@graph":[{"@type":"WebPage","@id":"https:\/\/ecosupplements.ch\/?product=natures-way-alive-calcium-d3-gummies-60-gummies","url":"https:\/\/ecosupplements.ch\/?product=natures-way-alive-calcium-d3-gummies-60-gummies","name":"Alive!\u00ae Calcium + D3 Gummies \u2013 Natures Way | ecosupplements.ch","isPartOf":{"@id":"https:\/\/ecosupplements.ch\/#website"},"primaryImageOfPage":{"@id":"https:\/\/ecosupplements.ch\/?product=natures-way-alive-calcium-d3-gummies-60-gummies#primaryimage"},"image":{"@id":"https:\/\/ecosupplements.ch\/?product=natures-way-alive-calcium-d3-gummies-60-gummies#primaryimage"},"thumbnailUrl":"https:\/\/ecosupplements.ch\/wp-content\/uploads\/2026\/05\/Natures-Way-Alive\u00ae-Calcium-D3-Gummies-60-Gummies.webp","datePublished":"2026-05-11T14:56:25+00:00","dateModified":"2026-05-13T07:27:04+00:00","description":"Calcium + D3 Gummies von Natures Way mit 520 mg Calcium und 2'000 IU Vitamin D3 pro Portion \u2013 glutenfrei, 60 Gummies. Jetzt bestellen.","breadcrumb":{"@id":"https:\/\/ecosupplements.ch\/?product=natures-way-alive-calcium-d3-gummies-60-gummies#breadcrumb"},"inLanguage":"de-CH","potentialAction":[{"@type":"ReadAction","target":["https:\/\/ecosupplements.ch\/?product=natures-way-alive-calcium-d3-gummies-60-gummies"]}]},{"@type":"ImageObject","inLanguage":"de-CH","@id":"https:\/\/ecosupplements.ch\/?product=natures-way-alive-calcium-d3-gummies-60-gummies#primaryimage","url":"https:\/\/ecosupplements.ch\/wp-content\/uploads\/2026\/05\/Natures-Way-Alive\u00ae-Calcium-D3-Gummies-60-Gummies.webp","contentUrl":"https:\/\/ecosupplements.ch\/wp-content\/uploads\/2026\/05\/Natures-Way-Alive\u00ae-Calcium-D3-Gummies-60-Gummies.webp","width":1000,"height":1000,"caption":"Natures Way Alive!\u00ae Calcium + D3 Gummies (60 Gummies)"},{"@type":"BreadcrumbList","@id":"https:\/\/ecosupplements.ch\/?product=natures-way-alive-calcium-d3-gummies-60-gummies#breadcrumb","itemListElement":[{"@type":"ListItem","position":1,"name":"Home","item":"https:\/\/ecosupplements.ch\/"},{"@type":"ListItem","position":2,"name":"Shop","item":"https:\/\/ecosupplements.ch\/?page_id=14"},{"@type":"ListItem","position":3,"name":"Natures Way Alive!\u00ae Calcium + D3 Gummies (60 Gummies)"}]},{"@type":"WebSite","@id":"https:\/\/ecosupplements.ch\/#website","url":"https:\/\/ecosupplements.ch\/","name":"Eco Supplements","description":"","potentialAction":[{"@type":"SearchAction","target":{"@type":"EntryPoint","urlTemplate":"https:\/\/ecosupplements.ch\/?s={search_term_string}"},"query-input":{"@type":"PropertyValueSpecification","valueRequired":true,"valueName":"search_term_string"}}],"inLanguage":"de-CH"}]},"product_price_amount":"13.10","product_price_currency":"CHF","og_availability":"out of stock","product_availability":"out of stock","product_retailer_item_id":"033674102558","product_condition":"new"},"_links":{"self":[{"href":"https:\/\/ecosupplements.ch\/index.php?rest_route=\/wp\/v2\/product\/4186","targetHints":{"allow":["GET"]}}],"collection":[{"href":"https:\/\/ecosupplements.ch\/index.php?rest_route=\/wp\/v2\/product"}],"about":[{"href":"https:\/\/ecosupplements.ch\/index.php?rest_route=\/wp\/v2\/types\/product"}],"replies":[{"embeddable":true,"href":"https:\/\/ecosupplements.ch\/index.php?rest_route=%2Fwp%2Fv2%2Fcomments&post=4186"}],"wp:featuredmedia":[{"embeddable":true,"href":"https:\/\/ecosupplements.ch\/index.php?rest_route=\/wp\/v2\/media\/4187"}],"wp:attachment":[{"href":"https:\/\/ecosupplements.ch\/index.php?rest_route=%2Fwp%2Fv2%2Fmedia&parent=4186"}],"wp:term":[{"taxonomy":"product_brand","embeddable":true,"href":"https:\/\/ecosupplements.ch\/index.php?rest_route=%2Fwp%2Fv2%2Fproduct_brand&post=4186"},{"taxonomy":"product_cat","embeddable":true,"href":"https:\/\/ecosupplements.ch\/index.php?rest_route=%2Fwp%2Fv2%2Fproduct_cat&post=4186"},{"taxonomy":"product_tag","embeddable":true,"href":"https:\/\/ecosupplements.ch\/index.php?rest_route=%2Fwp%2Fv2%2Fproduct_tag&post=4186"}],"curies":[{"name":"wp","href":"https:\/\/api.w.org\/{rel}","templated":true}]}}