{"id":4206,"date":"2026-05-11T14:56:35","date_gmt":"2026-05-11T14:56:35","guid":{"rendered":"https:\/\/ecosupplements.ch\/?product=natures-way-alive-max3-potency-multivitamin-180-tablets"},"modified":"2026-05-13T07:27:04","modified_gmt":"2026-05-13T07:27:04","slug":"natures-way-alive-max3-potency-multivitamin-180-tablets","status":"publish","type":"product","link":"https:\/\/ecosupplements.ch\/?product=natures-way-alive-max3-potency-multivitamin-180-tablets","title":{"rendered":"Natures Way Alive!\u00ae Max3 Potency Multivitamin (180 Tablets)"},"content":{"rendered":"<div class=\"chcg-product-description\">\n<h2 class=\"chcg-heading\">\u00dcber Natures Way \u2013 Alive!\u00ae Max3 Potency Multivitamin (180 Tabletten)<\/h2>\n<div class=\"chcg-intro\">\n<p>Das Alive!\u00ae Max3 Potency Multivitamin von Natures Way ist ein umfassendes Nahrungserg\u00e4nzungsmittel mit 23 essenziellen Vitaminen und Mineralstoffen in hochdosierten Mengen. Die Formel wurde entwickelt, um den N\u00e4hrstoffbedarf aktiver Erwachsener zu unterst\u00fctzen \u2013 mit Vitamin C (1&#8217;000 mg), Vitamin D3 (50 mcg), Vitamin E (100 mg) sowie einem breiten B-Vitaminkomplex f\u00fcr den normalen Energiestoffwechsel und die Funktion des Nervensystems.<\/p>\n<p>Erg\u00e4nzend zu den klassischen N\u00e4hrstoffen enth\u00e4lt jede Tagesportion einzigartige Mischungen aus gr\u00fcnen Pflanzenextrakten (Daily Greens\u2122 Blend), Obst- und Gem\u00fcsepulvern (Orchard Fruits\u2122 &amp; Garden Veggies\u2122 Powder Blend) sowie einer Pilzmyzel-Mischung aus neun biologisch angebauten Pilzarten. Diese Kombination macht das Alive!\u00ae Max3 zu einem aussergew\u00f6hnlich vielseitigen Multivitamin-Pr\u00e4parat.<\/p>\n<p>Mit 180 Tabletten pro Packung \u2013 entsprechend 60 Tagesdosen \u2013 bietet dieses Produkt eine praktische Versorgung f\u00fcr zwei Monate. Das Produkt ist glutenfrei und enth\u00e4lt keine k\u00fcnstlichen Farbstoffe. Es enth\u00e4lt Folat in Form von Quatrefolic\u00ae sowie Vitamin B12 als Methylcobalamin f\u00fcr eine optimale Bioverf\u00fcgbarkeit.<\/p>\n<\/p><\/div>\n<div class=\"chcg-nutrition\">\n<h3>N\u00e4hrwertangaben<\/h3>\n<table class=\"chcg-nutrition-table\">\n<thead>\n<tr>\n<th>N\u00e4hrstoff<\/th>\n<th>Pro Portion (3 Tabletten)<\/th>\n<\/tr>\n<\/thead>\n<tbody>\n<tr>\n<td>Kalorien<\/td>\n<td>10<\/td>\n<\/tr>\n<tr>\n<td>Gesamtkohlenhydrate<\/td>\n<td>2 g (&lt;1% des Tagesbedarfs)<\/td>\n<\/tr>\n<tr>\n<td>Vitamin A (67% [1&#8217;809 mcg] Beta-Carotin, 33% [891 mcg] Retinylacetat)<\/td>\n<td>2&#8217;700 mcg (300% des Tagesbedarfs)<\/td>\n<\/tr>\n<tr>\n<td>Vitamin C (Ascorbins\u00e4ure)<\/td>\n<td>1&#8217;000 mg (1&#8217;111% des Tagesbedarfs)<\/td>\n<\/tr>\n<tr>\n<td>Vitamin D3 (als Cholecalciferol)<\/td>\n<td>50 mcg (250% des Tagesbedarfs)<\/td>\n<\/tr>\n<tr>\n<td>Vitamin E (als d-alpha-Tocopherylsuccinat)<\/td>\n<td>100 mg (667% des Tagesbedarfs)<\/td>\n<\/tr>\n<tr>\n<td>Vitamin K (als Phytomenadion)<\/td>\n<td>120 mcg (100% des Tagesbedarfs)<\/td>\n<\/tr>\n<tr>\n<td>Thiamin (als Thiaminmononitrat)<\/td>\n<td>20 mg (1&#8217;667% des Tagesbedarfs)<\/td>\n<\/tr>\n<tr>\n<td>Riboflavin<\/td>\n<td>20 mg (1&#8217;538% des Tagesbedarfs)<\/td>\n<\/tr>\n<tr>\n<td>Niacin (als Niacinamid)<\/td>\n<td>100 mg (625% des Tagesbedarfs)<\/td>\n<\/tr>\n<tr>\n<td>Vitamin B6 (als Pyridoxin-HCl \/ Pyridoxal-5-phosphat)<\/td>\n<td>50 mg (2&#8217;529% des Tagesbedarfs)<\/td>\n<\/tr>\n<tr>\n<td>Folat (418 mcg Quatrefolic\u00ae Marke (6S)-5-Methyltetrahydrofolat-Glucosaminsalz)<\/td>\n<td>400 mcg DFE (100% des Tagesbedarfs)<\/td>\n<\/tr>\n<tr>\n<td>Vitamin B12 (als Methylcobalamin)<\/td>\n<td>80 mcg (3&#8217;333% des Tagesbedarfs)<\/td>\n<\/tr>\n<tr>\n<td>Biotin<\/td>\n<td>33 mcg (110% des Tagesbedarfs)<\/td>\n<\/tr>\n<tr>\n<td>Pantothens\u00e4ure (als D-Calciumpantothenat)<\/td>\n<td>63 mg (1&#8217;260% des Tagesbedarfs)<\/td>\n<\/tr>\n<tr>\n<td>Cholin (als Cholinbitartrat)<\/td>\n<td>30 mg (5% des Tagesbedarfs)<\/td>\n<\/tr>\n<tr>\n<td>Calcium (als Calciumcitrat, Carbonat, D-Calciumpantothenat)<\/td>\n<td>325 mg (25% des Tagesbedarfs)<\/td>\n<\/tr>\n<tr>\n<td>Iod (als Kaliumiodid und aus Kelpulver)<\/td>\n<td>150 mcg (100% des Tagesbedarfs)<\/td>\n<\/tr>\n<tr>\n<td>Magnesium (als Magnesiumoxid)<\/td>\n<td>130 mg (31% des Tagesbedarfs)<\/td>\n<\/tr>\n<tr>\n<td>Zink (als Zinkgluconat)<\/td>\n<td>11 mg (100% des Tagesbedarfs)<\/td>\n<\/tr>\n<tr>\n<td>Selen (als L-Selenomethionin)<\/td>\n<td>158 mcg (287% des Tagesbedarfs)<\/td>\n<\/tr>\n<tr>\n<td>Kupfer (als Kupferbisglycinchelat)<\/td>\n<td>0,9 mg (100% des Tagesbedarfs)<\/td>\n<\/tr>\n<tr>\n<td>Mangan (als Manganbisglycinchelat)<\/td>\n<td>5,8 mg (252% des Tagesbedarfs)<\/td>\n<\/tr>\n<tr>\n<td>Molybd\u00e4n (als Natriummolybdat)<\/td>\n<td>45 mcg (100% des Tagesbedarfs)<\/td>\n<\/tr>\n<\/tbody>\n<\/table>\n<p class=\"chcg-footnote\">DV = Tagesbedarf (Daily Value) gem\u00e4ss US-amerikanischen Referenzwerten. Schweizer Referenzwerte k\u00f6nnen abweichen.<\/p>\n<\/p><\/div>\n<div class=\"chcg-ingredients\">\n<h3>Zutaten<\/h3>\n<p>Vitamin A (67% [1&#8217;809 mcg] Beta-Carotin, 33% [891 mcg] Retinylacetat); Vitamin C (Ascorbins\u00e4ure); Vitamin D3 (als Cholecalciferol); Vitamin E (als d-alpha-Tocopherylsuccinat); Vitamin K (als Phytomenadion); Thiamin (als Thiaminmononitrat); Riboflavin; Niacin (als Niacinamid); Vitamin B6 (als Pyridoxin-HCl \/ Pyridoxal-5-phosphat); Folat (418 mcg Quatrefolic\u00ae Marke (6S)-5-Methyltetrahydrofolat-Glucosaminsalz); Vitamin B12 (als Methylcobalamin); Biotin; Pantothens\u00e4ure (als D-Calciumpantothenat); Cholin (als Cholinbitartrat); Calcium (als Calciumcitrat, Carbonat, D-Calciumpantothenat); Iod (als Kaliumiodid und aus Kelpulver); Magnesium (als Magnesiumoxid); Zink (als Zinkgluconat); Selen (als L-Selenomethionin); Kupfer (als Kupferbisglycinchelat); Mangan (als Manganbisglycinchelat); Molybd\u00e4n (als Natriummolybdat).<\/p>\n<p>Daily Greens\u2122 Blend: Spirulina, Kelp, Gerste (Gras), Benediktendistel (St\u00e4ngel, Blatt, Bl\u00fcte), Blaugr\u00fcne Alge (Aphanizomenon flos-aquae), Chlorella (Mikroalge), Koriander (Blatt), L\u00f6wenzahn (oberirdische Teile), Zitronenmelisse (Blatt), Zitronengras (Cymbopogon citratus) (oberirdische Teile), Brennnessel (Urtica spp.) (Blatt), Spitzwegerich (Blatt), Weizen (Gras).<\/p>\n<p>Orchard Fruits\u2122 &amp; Garden Veggies\u2122 Powder Blend: Rote Beete, Apfel, Granatapfel, Karotte, Orange, Spargel, Rosenkohl, Kohl, Gurke, Erbse, Birne, K\u00fcrbis, Tomate, Blaubeere, Banane, Cranberry, Ananas, Erdbeere, Himbeere, A\u00e7a\u00ed, Pflaume, Blumenkohl, Kirsche, Traube, Brokkoli, Spinat.<\/p>\n<p>Mushroom Mycelial &amp; Primordia Biomass Defense Blend: Bio-Reishi, Bio-Shiitake, Bio-Austernpilz, Bio-Enokitake, Bio-Igelstachelbart, Bio-Maitake, Bio-Agarikon, Bio-Mandelpilz, Bio-Chaga.<\/p>\n<p>Cardio Blend: Weissdornbeere.<\/p>\n<p>Digestive Enzyme Blend: Bromelain.<\/p>\n<p>Omega-3\/6\/9-Fetts\u00e4uren-Samenmischung. Citrus-Bioflavonoid-Komplex.<\/p>\n<p>Weitere Zutaten: Cellulose, Stearins\u00e4ure, Natriumcroscarmellose, Hypromellose, Siliciumdioxid, Magnesiumstearat, Glycerin, Gelatine, brauner Reis.<\/p>\n<\/p><\/div>\n<div class=\"chcg-dosage\">\n<h3>Verzehrempfehlung<\/h3>\n<p>Erwachsene nehmen t\u00e4glich 3 Tabletten, vorzugsweise zu einer Mahlzeit. Nicht f\u00fcr Kinder formuliert. Die empfohlene Tagesdosis nicht \u00fcberschreiten.<\/p>\n<\/p><\/div>\n<div class=\"chcg-warnings\">\n<h3>Warnhinweise<\/h3>\n<p>Nicht einnehmen w\u00e4hrend der Schwangerschaft oder Stillzeit. Bei Blutgerinnungsst\u00f6rungen oder bei Einnahme von Medikamenten vor der Anwendung eine Fachperson f\u00fcr Gesundheit konsultieren. Achtung: Die versehentliche \u00dcberdosierung eisenhaltiger Produkte ist eine der h\u00e4ufigsten Ursachen f\u00fcr t\u00f6dliche Vergiftungen bei Kindern unter 6 Jahren. Dieses Produkt ausserhalb der Reichweite von Kindern aufbewahren. Bei versehentlicher \u00dcberdosierung sofort eine \u00c4rztin, einen Arzt oder eine Giftnotrufzentrale kontaktieren. Nicht verwenden, wenn das Sicherheitssiegel unter dem kindersicheren Verschluss besch\u00e4digt oder nicht vorhanden ist.<\/p>\n<\/p><\/div>\n<div class=\"chcg-allergens\">\n<h3>Allergeninformationen<\/h3>\n<p>Enth\u00e4lt Gelatine (aus tierischer Quelle). Frei von Gluten und k\u00fcnstlichen Farbstoffen. Kein zugesetztes Eisen.<\/p>\n<\/p><\/div>\n<div class=\"chcg-storage\">\n<h3>Lagerung<\/h3>\n<p>An einem k\u00fchlen, trockenen Ort lagern.<\/p>\n<\/p><\/div>\n<div class=\"chcg-dietary\">\n<h3>Ern\u00e4hrungshinweise<\/h3>\n<ul>\n<li>Glutenfrei<\/li>\n<li>Laktosefrei<\/li>\n<\/ul><\/div>\n<\/div>\n","protected":false},"excerpt":{"rendered":"<p>Alive!\u00ae Max3 Potency von Natures Way ist ein hochdosiertes Multivitamin mit 23 N\u00e4hrstoffen, Pflanzen-, Frucht- und Pilzextrakten. Pro Packung: 180 Tabletten (60 Tagesdosen). Glutenfrei und ohne k\u00fcnstliche Farbstoffe.<\/p>\n","protected":false},"featured_media":4207,"comment_status":"closed","ping_status":"open","template":"","meta":[],"product_brand":[469],"product_cat":[48,21],"product_tag":[],"class_list":{"0":"post-4206","1":"product","2":"type-product","3":"status-publish","4":"has-post-thumbnail","6":"product_brand-natures-way","7":"product_cat-gesunde-ernaehrung","8":"product_cat-vitamine-und-mineralstoffe","10":"first","11":"outofstock","12":"taxable","13":"shipping-taxable","14":"purchasable","15":"product-type-simple"},"yoast_head":"<!-- This site is optimized with the Yoast SEO plugin v27.5 - https:\/\/yoast.com\/product\/yoast-seo-wordpress\/ -->\n<title>Alive!\u00ae Max3 Multivitamin 180 Tabletten \u2013 Natures Way | ecosupplements.ch<\/title>\n<meta name=\"description\" content=\"Hochdosiertes Multivitamin mit 23 N\u00e4hrstoffen, Gr\u00fcnpflanzen- und Pilzextrakten \u2013 180 Tabletten f\u00fcr 60 Tagesdosen, glutenfrei. Jetzt bestellen.\" \/>\n<meta name=\"robots\" content=\"index, follow, max-snippet:-1, max-image-preview:large, max-video-preview:-1\" \/>\n<link rel=\"canonical\" href=\"https:\/\/ecosupplements.ch\/?product=natures-way-alive-max3-potency-multivitamin-180-tablets\" \/>\n<meta property=\"og:locale\" content=\"de_DE\" \/>\n<meta property=\"og:type\" content=\"article\" \/>\n<meta property=\"og:title\" content=\"Alive!\u00ae Max3 Multivitamin 180 Tabletten \u2013 Natures Way | ecosupplements.ch\" \/>\n<meta property=\"og:description\" content=\"Hochdosiertes Multivitamin mit 23 N\u00e4hrstoffen, Gr\u00fcnpflanzen- und Pilzextrakten \u2013 180 Tabletten f\u00fcr 60 Tagesdosen, glutenfrei. Jetzt bestellen.\" \/>\n<meta property=\"og:url\" content=\"https:\/\/ecosupplements.ch\/?product=natures-way-alive-max3-potency-multivitamin-180-tablets\" \/>\n<meta property=\"og:site_name\" content=\"Eco Supplements\" \/>\n<meta property=\"article:modified_time\" content=\"2026-05-13T07:27:04+00:00\" \/>\n<meta property=\"og:image\" content=\"https:\/\/ecosupplements.ch\/wp-content\/uploads\/2026\/05\/Natures-Way-Alive\u00ae-Max3-Potency-Multivitamin-180-Tablets.webp\" \/>\n\t<meta property=\"og:image:width\" content=\"1000\" \/>\n\t<meta property=\"og:image:height\" content=\"1000\" \/>\n\t<meta property=\"og:image:type\" content=\"image\/jpeg\" \/>\n<meta name=\"twitter:card\" content=\"summary_large_image\" \/>\n<meta name=\"twitter:label1\" content=\"Price\" \/>\n\t<meta name=\"twitter:data1\" content=\"&#067;&#072;&#070;&nbsp;46.19\" \/>\n\t<meta name=\"twitter:label2\" content=\"Availability\" \/>\n\t<meta name=\"twitter:data2\" content=\"Out of stock\" \/>\n<script type=\"application\/ld+json\" class=\"yoast-schema-graph\">{\"@context\":\"https:\\\/\\\/schema.org\",\"@graph\":[{\"@type\":\"WebPage\",\"@id\":\"https:\\\/\\\/ecosupplements.ch\\\/?product=natures-way-alive-max3-potency-multivitamin-180-tablets\",\"url\":\"https:\\\/\\\/ecosupplements.ch\\\/?product=natures-way-alive-max3-potency-multivitamin-180-tablets\",\"name\":\"Alive!\u00ae Max3 Multivitamin 180 Tabletten \u2013 Natures Way | ecosupplements.ch\",\"isPartOf\":{\"@id\":\"https:\\\/\\\/ecosupplements.ch\\\/#website\"},\"primaryImageOfPage\":{\"@id\":\"https:\\\/\\\/ecosupplements.ch\\\/?product=natures-way-alive-max3-potency-multivitamin-180-tablets#primaryimage\"},\"image\":{\"@id\":\"https:\\\/\\\/ecosupplements.ch\\\/?product=natures-way-alive-max3-potency-multivitamin-180-tablets#primaryimage\"},\"thumbnailUrl\":\"https:\\\/\\\/ecosupplements.ch\\\/wp-content\\\/uploads\\\/2026\\\/05\\\/Natures-Way-Alive\u00ae-Max3-Potency-Multivitamin-180-Tablets.webp\",\"datePublished\":\"2026-05-11T14:56:35+00:00\",\"dateModified\":\"2026-05-13T07:27:04+00:00\",\"description\":\"Hochdosiertes Multivitamin mit 23 N\u00e4hrstoffen, Gr\u00fcnpflanzen- und Pilzextrakten \u2013 180 Tabletten f\u00fcr 60 Tagesdosen, glutenfrei. Jetzt bestellen.\",\"breadcrumb\":{\"@id\":\"https:\\\/\\\/ecosupplements.ch\\\/?product=natures-way-alive-max3-potency-multivitamin-180-tablets#breadcrumb\"},\"inLanguage\":\"de-CH\",\"potentialAction\":[{\"@type\":\"ReadAction\",\"target\":[\"https:\\\/\\\/ecosupplements.ch\\\/?product=natures-way-alive-max3-potency-multivitamin-180-tablets\"]}]},{\"@type\":\"ImageObject\",\"inLanguage\":\"de-CH\",\"@id\":\"https:\\\/\\\/ecosupplements.ch\\\/?product=natures-way-alive-max3-potency-multivitamin-180-tablets#primaryimage\",\"url\":\"https:\\\/\\\/ecosupplements.ch\\\/wp-content\\\/uploads\\\/2026\\\/05\\\/Natures-Way-Alive\u00ae-Max3-Potency-Multivitamin-180-Tablets.webp\",\"contentUrl\":\"https:\\\/\\\/ecosupplements.ch\\\/wp-content\\\/uploads\\\/2026\\\/05\\\/Natures-Way-Alive\u00ae-Max3-Potency-Multivitamin-180-Tablets.webp\",\"width\":1000,\"height\":1000,\"caption\":\"Natures Way Alive!\u00ae Max3 Potency Multivitamin (180 Tablets)\"},{\"@type\":\"BreadcrumbList\",\"@id\":\"https:\\\/\\\/ecosupplements.ch\\\/?product=natures-way-alive-max3-potency-multivitamin-180-tablets#breadcrumb\",\"itemListElement\":[{\"@type\":\"ListItem\",\"position\":1,\"name\":\"Home\",\"item\":\"https:\\\/\\\/ecosupplements.ch\\\/\"},{\"@type\":\"ListItem\",\"position\":2,\"name\":\"Shop\",\"item\":\"https:\\\/\\\/ecosupplements.ch\\\/?page_id=14\"},{\"@type\":\"ListItem\",\"position\":3,\"name\":\"Natures Way Alive!\u00ae Max3 Potency Multivitamin (180 Tablets)\"}]},{\"@type\":\"WebSite\",\"@id\":\"https:\\\/\\\/ecosupplements.ch\\\/#website\",\"url\":\"https:\\\/\\\/ecosupplements.ch\\\/\",\"name\":\"Eco Supplements\",\"description\":\"\",\"potentialAction\":[{\"@type\":\"SearchAction\",\"target\":{\"@type\":\"EntryPoint\",\"urlTemplate\":\"https:\\\/\\\/ecosupplements.ch\\\/?s={search_term_string}\"},\"query-input\":{\"@type\":\"PropertyValueSpecification\",\"valueRequired\":true,\"valueName\":\"search_term_string\"}}],\"inLanguage\":\"de-CH\"}]}<\/script>\n<meta property=\"product:price:amount\" content=\"46.19\" \/>\n<meta property=\"product:price:currency\" content=\"CHF\" \/>\n<meta property=\"og:availability\" content=\"out of stock\" \/>\n<meta property=\"product:availability\" content=\"out of stock\" \/>\n<meta property=\"product:retailer_item_id\" content=\"033674149287\" \/>\n<meta property=\"product:condition\" content=\"new\" \/>\n<!-- \/ Yoast SEO plugin. -->","yoast_head_json":{"title":"Alive!\u00ae Max3 Multivitamin 180 Tabletten \u2013 Natures Way | ecosupplements.ch","description":"Hochdosiertes Multivitamin mit 23 N\u00e4hrstoffen, Gr\u00fcnpflanzen- und Pilzextrakten \u2013 180 Tabletten f\u00fcr 60 Tagesdosen, glutenfrei. Jetzt bestellen.","robots":{"index":"index","follow":"follow","max-snippet":"max-snippet:-1","max-image-preview":"max-image-preview:large","max-video-preview":"max-video-preview:-1"},"canonical":"https:\/\/ecosupplements.ch\/?product=natures-way-alive-max3-potency-multivitamin-180-tablets","og_locale":"de_DE","og_type":"article","og_title":"Alive!\u00ae Max3 Multivitamin 180 Tabletten \u2013 Natures Way | ecosupplements.ch","og_description":"Hochdosiertes Multivitamin mit 23 N\u00e4hrstoffen, Gr\u00fcnpflanzen- und Pilzextrakten \u2013 180 Tabletten f\u00fcr 60 Tagesdosen, glutenfrei. Jetzt bestellen.","og_url":"https:\/\/ecosupplements.ch\/?product=natures-way-alive-max3-potency-multivitamin-180-tablets","og_site_name":"Eco Supplements","article_modified_time":"2026-05-13T07:27:04+00:00","og_image":[{"width":1000,"height":1000,"url":"https:\/\/ecosupplements.ch\/wp-content\/uploads\/2026\/05\/Natures-Way-Alive\u00ae-Max3-Potency-Multivitamin-180-Tablets.webp","type":"image\/jpeg"}],"twitter_card":"summary_large_image","twitter_misc":{"Price":"&#67;&#72;&#70;&nbsp;46.19","Availability":"Out of stock"},"schema":{"@context":"https:\/\/schema.org","@graph":[{"@type":"WebPage","@id":"https:\/\/ecosupplements.ch\/?product=natures-way-alive-max3-potency-multivitamin-180-tablets","url":"https:\/\/ecosupplements.ch\/?product=natures-way-alive-max3-potency-multivitamin-180-tablets","name":"Alive!\u00ae Max3 Multivitamin 180 Tabletten \u2013 Natures Way | ecosupplements.ch","isPartOf":{"@id":"https:\/\/ecosupplements.ch\/#website"},"primaryImageOfPage":{"@id":"https:\/\/ecosupplements.ch\/?product=natures-way-alive-max3-potency-multivitamin-180-tablets#primaryimage"},"image":{"@id":"https:\/\/ecosupplements.ch\/?product=natures-way-alive-max3-potency-multivitamin-180-tablets#primaryimage"},"thumbnailUrl":"https:\/\/ecosupplements.ch\/wp-content\/uploads\/2026\/05\/Natures-Way-Alive\u00ae-Max3-Potency-Multivitamin-180-Tablets.webp","datePublished":"2026-05-11T14:56:35+00:00","dateModified":"2026-05-13T07:27:04+00:00","description":"Hochdosiertes Multivitamin mit 23 N\u00e4hrstoffen, Gr\u00fcnpflanzen- und Pilzextrakten \u2013 180 Tabletten f\u00fcr 60 Tagesdosen, glutenfrei. Jetzt bestellen.","breadcrumb":{"@id":"https:\/\/ecosupplements.ch\/?product=natures-way-alive-max3-potency-multivitamin-180-tablets#breadcrumb"},"inLanguage":"de-CH","potentialAction":[{"@type":"ReadAction","target":["https:\/\/ecosupplements.ch\/?product=natures-way-alive-max3-potency-multivitamin-180-tablets"]}]},{"@type":"ImageObject","inLanguage":"de-CH","@id":"https:\/\/ecosupplements.ch\/?product=natures-way-alive-max3-potency-multivitamin-180-tablets#primaryimage","url":"https:\/\/ecosupplements.ch\/wp-content\/uploads\/2026\/05\/Natures-Way-Alive\u00ae-Max3-Potency-Multivitamin-180-Tablets.webp","contentUrl":"https:\/\/ecosupplements.ch\/wp-content\/uploads\/2026\/05\/Natures-Way-Alive\u00ae-Max3-Potency-Multivitamin-180-Tablets.webp","width":1000,"height":1000,"caption":"Natures Way Alive!\u00ae Max3 Potency Multivitamin (180 Tablets)"},{"@type":"BreadcrumbList","@id":"https:\/\/ecosupplements.ch\/?product=natures-way-alive-max3-potency-multivitamin-180-tablets#breadcrumb","itemListElement":[{"@type":"ListItem","position":1,"name":"Home","item":"https:\/\/ecosupplements.ch\/"},{"@type":"ListItem","position":2,"name":"Shop","item":"https:\/\/ecosupplements.ch\/?page_id=14"},{"@type":"ListItem","position":3,"name":"Natures Way Alive!\u00ae Max3 Potency Multivitamin (180 Tablets)"}]},{"@type":"WebSite","@id":"https:\/\/ecosupplements.ch\/#website","url":"https:\/\/ecosupplements.ch\/","name":"Eco Supplements","description":"","potentialAction":[{"@type":"SearchAction","target":{"@type":"EntryPoint","urlTemplate":"https:\/\/ecosupplements.ch\/?s={search_term_string}"},"query-input":{"@type":"PropertyValueSpecification","valueRequired":true,"valueName":"search_term_string"}}],"inLanguage":"de-CH"}]},"product_price_amount":"46.19","product_price_currency":"CHF","og_availability":"out of stock","product_availability":"out of stock","product_retailer_item_id":"033674149287","product_condition":"new"},"_links":{"self":[{"href":"https:\/\/ecosupplements.ch\/index.php?rest_route=\/wp\/v2\/product\/4206","targetHints":{"allow":["GET"]}}],"collection":[{"href":"https:\/\/ecosupplements.ch\/index.php?rest_route=\/wp\/v2\/product"}],"about":[{"href":"https:\/\/ecosupplements.ch\/index.php?rest_route=\/wp\/v2\/types\/product"}],"replies":[{"embeddable":true,"href":"https:\/\/ecosupplements.ch\/index.php?rest_route=%2Fwp%2Fv2%2Fcomments&post=4206"}],"wp:featuredmedia":[{"embeddable":true,"href":"https:\/\/ecosupplements.ch\/index.php?rest_route=\/wp\/v2\/media\/4207"}],"wp:attachment":[{"href":"https:\/\/ecosupplements.ch\/index.php?rest_route=%2Fwp%2Fv2%2Fmedia&parent=4206"}],"wp:term":[{"taxonomy":"product_brand","embeddable":true,"href":"https:\/\/ecosupplements.ch\/index.php?rest_route=%2Fwp%2Fv2%2Fproduct_brand&post=4206"},{"taxonomy":"product_cat","embeddable":true,"href":"https:\/\/ecosupplements.ch\/index.php?rest_route=%2Fwp%2Fv2%2Fproduct_cat&post=4206"},{"taxonomy":"product_tag","embeddable":true,"href":"https:\/\/ecosupplements.ch\/index.php?rest_route=%2Fwp%2Fv2%2Fproduct_tag&post=4206"}],"curies":[{"name":"wp","href":"https:\/\/api.w.org\/{rel}","templated":true}]}}