{"id":4278,"date":"2026-05-11T14:57:12","date_gmt":"2026-05-11T14:57:12","guid":{"rendered":"https:\/\/ecosupplements.ch\/?product=natures-way-hops-flowers-100-capsules"},"modified":"2026-05-13T07:27:41","modified_gmt":"2026-05-13T07:27:41","slug":"natures-way-hops-flowers-100-capsules","status":"publish","type":"product","link":"https:\/\/ecosupplements.ch\/?product=natures-way-hops-flowers-100-capsules","title":{"rendered":"Natures Way Hops Flowers (100 Capsules)"},"content":{"rendered":"<div class=\"chcg-product-description\">\n<h2 class=\"chcg-heading\">\u00dcber Natures Way \u2013 Hops Flowers (100 Kapseln)<\/h2>\n<div class=\"chcg-intro\">\n<p>Hopfenbl\u00fcten werden seit Jahrhunderten in der traditionellen Pflanzenheilkunde eingesetzt und sind vor allem f\u00fcr ihre beruhigenden Eigenschaften bekannt. Natures Way Hops Flowers liefert pro Tagesportion 620 mg Hopfenbl\u00fcten (Humulus lupulus) in praktischer Kapselform \u2013 ideal f\u00fcr alle, die einen nat\u00fcrlichen Bestandteil in ihre t\u00e4gliche Routine integrieren m\u00f6chten.<\/p>\n<p>Die veganen Kapseln sind frei von Gelatine und bestehen aus pflanzlicher Hypromellose, was dieses Produkt sowohl f\u00fcr Veganer als auch f\u00fcr Vegetarier geeignet macht. Die sorgf\u00e4ltig ausgew\u00e4hlten Zutaten kommen ohne k\u00fcnstliche Farb- und Aromastoffe, Konservierungsmittel sowie ohne Gluten, Weizen, Soja oder Milchprodukte aus.<\/p>\n<p>Natures Way ist eine bew\u00e4hrte amerikanische Marke mit langj\u00e4hriger Erfahrung in der Herstellung hochwertiger pflanzlicher Nahrungserg\u00e4nzungsmittel. Jede Packung enth\u00e4lt 100 Kapseln \u2013 entsprechend 50 Tagesportionen.<\/p>\n<\/p><\/div>\n<div class=\"chcg-nutrition\">\n<h3>N\u00e4hrwertangaben<\/h3>\n<table class=\"chcg-nutrition-table\">\n<thead>\n<tr>\n<th>N\u00e4hrstoff<\/th>\n<th>Pro Portion (2 Kapseln)<\/th>\n<\/tr>\n<\/thead>\n<tbody>\n<tr>\n<td>Hopfen (Bl\u00fcte)<\/td>\n<td>620 mg*<\/td>\n<\/tr>\n<\/tbody>\n<\/table>\n<p class=\"chcg-footnote\">* Kein etablierter t\u00e4glicher Referenzwert vorhanden.<\/p>\n<\/p><\/div>\n<div class=\"chcg-ingredients\">\n<h3>Zutaten<\/h3>\n<p>Hopfen (Bl\u00fcte) 620 mg pro Portion. Weitere Zutaten: Magnesiumstearat.<\/p>\n<p class=\"chcg-capsule-shell\">Kapselh\u00fclle: Pflanzliche Kapsel (Hypromellose \/ modifizierte Zellulose)<\/p>\n<\/p><\/div>\n<div class=\"chcg-dosage\">\n<h3>Verzehrempfehlung<\/h3>\n<p>T\u00e4glich 2 Kapseln zu einer Mahlzeit oder mit einem vollen Glas Wasser (ca. 240 ml) einnehmen.<\/p>\n<\/p><\/div>\n<div class=\"chcg-warnings\">\n<h3>Warnhinweise<\/h3>\n<p>Wenn Sie schwanger sind, stillen oder Medikamente einnehmen, konsultieren Sie vor der Einnahme einen Arzt oder eine \u00c4rztin. Ausserhalb der Reichweite von Kindern aufbewahren. Das Produkt ist durch ein inneres Siegel gesichert. Nicht verwenden, wenn das Siegel besch\u00e4digt oder nicht vorhanden ist.<\/p>\n<\/p><\/div>\n<div class=\"chcg-allergens\">\n<h3>Allergeninformationen<\/h3>\n<p>Frei von: Zucker, Salz, Gluten, Weizen, Mais, Soja, Milchprodukten, Gelatine, k\u00fcnstlichen Farbstoffen, k\u00fcnstlichen Aromastoffen und Konservierungsmitteln.<\/p>\n<\/p><\/div>\n<div class=\"chcg-storage\">\n<h3>Lagerung<\/h3>\n<p>Beh\u00e4lter fest verschlossen halten. Bei Raumtemperatur lagern. \u00dcberm\u00e4ssige W\u00e4rme und direkte Sonneneinstrahlung vermeiden.<\/p>\n<\/p><\/div>\n<div class=\"chcg-dietary\">\n<h3>Ern\u00e4hrungshinweise<\/h3>\n<ul>\n<li>Vegan<\/li>\n<li>Vegetarisch<\/li>\n<li>Glutenfrei<\/li>\n<li>Laktosefrei<\/li>\n<\/ul><\/div>\n<\/div>\n","protected":false},"excerpt":{"rendered":"<p>Natures Way Hops Flowers bietet 620 mg Hopfenbl\u00fcten pro Tagesportion in veganen Kapseln. Die Packung enth\u00e4lt 100 Kapseln (50 Portionen) und ist frei von Gluten, Soja und Milchprodukten.<\/p>\n","protected":false},"featured_media":4279,"comment_status":"closed","ping_status":"open","template":"","meta":[],"product_brand":[469],"product_cat":[48],"product_tag":[],"class_list":{"0":"post-4278","1":"product","2":"type-product","3":"status-publish","4":"has-post-thumbnail","6":"product_brand-natures-way","7":"product_cat-gesunde-ernaehrung","9":"first","10":"outofstock","11":"taxable","12":"shipping-taxable","13":"purchasable","14":"product-type-simple"},"yoast_head":"<!-- This site is optimized with the Yoast SEO plugin v27.5 - https:\/\/yoast.com\/product\/yoast-seo-wordpress\/ -->\n<title>Natures Way Hops Flowers 100 Kapseln | ecosupplements.ch<\/title>\n<meta name=\"description\" content=\"Natures Way Hops Flowers \u2013 620 mg Hopfenbl\u00fcten pro Portion in 100 veganen Kapseln, glutenfrei und ohne k\u00fcnstliche Zus\u00e4tze. Jetzt bestellen.\" \/>\n<meta name=\"robots\" content=\"index, follow, max-snippet:-1, max-image-preview:large, max-video-preview:-1\" \/>\n<link rel=\"canonical\" href=\"https:\/\/ecosupplements.ch\/?product=natures-way-hops-flowers-100-capsules\" \/>\n<meta property=\"og:locale\" content=\"de_DE\" \/>\n<meta property=\"og:type\" content=\"article\" \/>\n<meta property=\"og:title\" content=\"Natures Way Hops Flowers 100 Kapseln | ecosupplements.ch\" \/>\n<meta property=\"og:description\" content=\"Natures Way Hops Flowers \u2013 620 mg Hopfenbl\u00fcten pro Portion in 100 veganen Kapseln, glutenfrei und ohne k\u00fcnstliche Zus\u00e4tze. Jetzt bestellen.\" \/>\n<meta property=\"og:url\" content=\"https:\/\/ecosupplements.ch\/?product=natures-way-hops-flowers-100-capsules\" \/>\n<meta property=\"og:site_name\" content=\"Eco Supplements\" \/>\n<meta property=\"article:modified_time\" content=\"2026-05-13T07:27:41+00:00\" \/>\n<meta property=\"og:image\" content=\"https:\/\/ecosupplements.ch\/wp-content\/uploads\/2026\/05\/Natures-Way-Hops-Flowers-100-Capsules.webp\" \/>\n\t<meta property=\"og:image:width\" content=\"1000\" \/>\n\t<meta property=\"og:image:height\" content=\"1000\" \/>\n\t<meta property=\"og:image:type\" content=\"image\/jpeg\" \/>\n<meta name=\"twitter:card\" content=\"summary_large_image\" \/>\n<meta name=\"twitter:label1\" content=\"Price\" \/>\n\t<meta name=\"twitter:data1\" content=\"&#067;&#072;&#070;&nbsp;8.55\" \/>\n\t<meta name=\"twitter:label2\" content=\"Availability\" \/>\n\t<meta name=\"twitter:data2\" content=\"Out of stock\" \/>\n<script type=\"application\/ld+json\" class=\"yoast-schema-graph\">{\"@context\":\"https:\\\/\\\/schema.org\",\"@graph\":[{\"@type\":\"WebPage\",\"@id\":\"https:\\\/\\\/ecosupplements.ch\\\/?product=natures-way-hops-flowers-100-capsules\",\"url\":\"https:\\\/\\\/ecosupplements.ch\\\/?product=natures-way-hops-flowers-100-capsules\",\"name\":\"Natures Way Hops Flowers 100 Kapseln | ecosupplements.ch\",\"isPartOf\":{\"@id\":\"https:\\\/\\\/ecosupplements.ch\\\/#website\"},\"primaryImageOfPage\":{\"@id\":\"https:\\\/\\\/ecosupplements.ch\\\/?product=natures-way-hops-flowers-100-capsules#primaryimage\"},\"image\":{\"@id\":\"https:\\\/\\\/ecosupplements.ch\\\/?product=natures-way-hops-flowers-100-capsules#primaryimage\"},\"thumbnailUrl\":\"https:\\\/\\\/ecosupplements.ch\\\/wp-content\\\/uploads\\\/2026\\\/05\\\/Natures-Way-Hops-Flowers-100-Capsules.webp\",\"datePublished\":\"2026-05-11T14:57:12+00:00\",\"dateModified\":\"2026-05-13T07:27:41+00:00\",\"description\":\"Natures Way Hops Flowers \u2013 620 mg Hopfenbl\u00fcten pro Portion in 100 veganen Kapseln, glutenfrei und ohne k\u00fcnstliche Zus\u00e4tze. Jetzt bestellen.\",\"breadcrumb\":{\"@id\":\"https:\\\/\\\/ecosupplements.ch\\\/?product=natures-way-hops-flowers-100-capsules#breadcrumb\"},\"inLanguage\":\"de-CH\",\"potentialAction\":[{\"@type\":\"ReadAction\",\"target\":[\"https:\\\/\\\/ecosupplements.ch\\\/?product=natures-way-hops-flowers-100-capsules\"]}]},{\"@type\":\"ImageObject\",\"inLanguage\":\"de-CH\",\"@id\":\"https:\\\/\\\/ecosupplements.ch\\\/?product=natures-way-hops-flowers-100-capsules#primaryimage\",\"url\":\"https:\\\/\\\/ecosupplements.ch\\\/wp-content\\\/uploads\\\/2026\\\/05\\\/Natures-Way-Hops-Flowers-100-Capsules.webp\",\"contentUrl\":\"https:\\\/\\\/ecosupplements.ch\\\/wp-content\\\/uploads\\\/2026\\\/05\\\/Natures-Way-Hops-Flowers-100-Capsules.webp\",\"width\":1000,\"height\":1000,\"caption\":\"Natures Way Hops Flowers (100 Capsules)\"},{\"@type\":\"BreadcrumbList\",\"@id\":\"https:\\\/\\\/ecosupplements.ch\\\/?product=natures-way-hops-flowers-100-capsules#breadcrumb\",\"itemListElement\":[{\"@type\":\"ListItem\",\"position\":1,\"name\":\"Home\",\"item\":\"https:\\\/\\\/ecosupplements.ch\\\/\"},{\"@type\":\"ListItem\",\"position\":2,\"name\":\"Shop\",\"item\":\"https:\\\/\\\/ecosupplements.ch\\\/?page_id=14\"},{\"@type\":\"ListItem\",\"position\":3,\"name\":\"Natures Way Hops Flowers (100 Capsules)\"}]},{\"@type\":\"WebSite\",\"@id\":\"https:\\\/\\\/ecosupplements.ch\\\/#website\",\"url\":\"https:\\\/\\\/ecosupplements.ch\\\/\",\"name\":\"Eco Supplements\",\"description\":\"\",\"potentialAction\":[{\"@type\":\"SearchAction\",\"target\":{\"@type\":\"EntryPoint\",\"urlTemplate\":\"https:\\\/\\\/ecosupplements.ch\\\/?s={search_term_string}\"},\"query-input\":{\"@type\":\"PropertyValueSpecification\",\"valueRequired\":true,\"valueName\":\"search_term_string\"}}],\"inLanguage\":\"de-CH\"}]}<\/script>\n<meta property=\"product:price:amount\" content=\"8.55\" \/>\n<meta property=\"product:price:currency\" content=\"CHF\" \/>\n<meta property=\"og:availability\" content=\"out of stock\" \/>\n<meta property=\"product:availability\" content=\"out of stock\" \/>\n<meta property=\"product:retailer_item_id\" content=\"033674141557\" \/>\n<meta property=\"product:condition\" content=\"new\" \/>\n<!-- \/ Yoast SEO plugin. -->","yoast_head_json":{"title":"Natures Way Hops Flowers 100 Kapseln | ecosupplements.ch","description":"Natures Way Hops Flowers \u2013 620 mg Hopfenbl\u00fcten pro Portion in 100 veganen Kapseln, glutenfrei und ohne k\u00fcnstliche Zus\u00e4tze. Jetzt bestellen.","robots":{"index":"index","follow":"follow","max-snippet":"max-snippet:-1","max-image-preview":"max-image-preview:large","max-video-preview":"max-video-preview:-1"},"canonical":"https:\/\/ecosupplements.ch\/?product=natures-way-hops-flowers-100-capsules","og_locale":"de_DE","og_type":"article","og_title":"Natures Way Hops Flowers 100 Kapseln | ecosupplements.ch","og_description":"Natures Way Hops Flowers \u2013 620 mg Hopfenbl\u00fcten pro Portion in 100 veganen Kapseln, glutenfrei und ohne k\u00fcnstliche Zus\u00e4tze. Jetzt bestellen.","og_url":"https:\/\/ecosupplements.ch\/?product=natures-way-hops-flowers-100-capsules","og_site_name":"Eco Supplements","article_modified_time":"2026-05-13T07:27:41+00:00","og_image":[{"width":1000,"height":1000,"url":"https:\/\/ecosupplements.ch\/wp-content\/uploads\/2026\/05\/Natures-Way-Hops-Flowers-100-Capsules.webp","type":"image\/jpeg"}],"twitter_card":"summary_large_image","twitter_misc":{"Price":"&#67;&#72;&#70;&nbsp;8.55","Availability":"Out of stock"},"schema":{"@context":"https:\/\/schema.org","@graph":[{"@type":"WebPage","@id":"https:\/\/ecosupplements.ch\/?product=natures-way-hops-flowers-100-capsules","url":"https:\/\/ecosupplements.ch\/?product=natures-way-hops-flowers-100-capsules","name":"Natures Way Hops Flowers 100 Kapseln | ecosupplements.ch","isPartOf":{"@id":"https:\/\/ecosupplements.ch\/#website"},"primaryImageOfPage":{"@id":"https:\/\/ecosupplements.ch\/?product=natures-way-hops-flowers-100-capsules#primaryimage"},"image":{"@id":"https:\/\/ecosupplements.ch\/?product=natures-way-hops-flowers-100-capsules#primaryimage"},"thumbnailUrl":"https:\/\/ecosupplements.ch\/wp-content\/uploads\/2026\/05\/Natures-Way-Hops-Flowers-100-Capsules.webp","datePublished":"2026-05-11T14:57:12+00:00","dateModified":"2026-05-13T07:27:41+00:00","description":"Natures Way Hops Flowers \u2013 620 mg Hopfenbl\u00fcten pro Portion in 100 veganen Kapseln, glutenfrei und ohne k\u00fcnstliche Zus\u00e4tze. Jetzt bestellen.","breadcrumb":{"@id":"https:\/\/ecosupplements.ch\/?product=natures-way-hops-flowers-100-capsules#breadcrumb"},"inLanguage":"de-CH","potentialAction":[{"@type":"ReadAction","target":["https:\/\/ecosupplements.ch\/?product=natures-way-hops-flowers-100-capsules"]}]},{"@type":"ImageObject","inLanguage":"de-CH","@id":"https:\/\/ecosupplements.ch\/?product=natures-way-hops-flowers-100-capsules#primaryimage","url":"https:\/\/ecosupplements.ch\/wp-content\/uploads\/2026\/05\/Natures-Way-Hops-Flowers-100-Capsules.webp","contentUrl":"https:\/\/ecosupplements.ch\/wp-content\/uploads\/2026\/05\/Natures-Way-Hops-Flowers-100-Capsules.webp","width":1000,"height":1000,"caption":"Natures Way Hops Flowers (100 Capsules)"},{"@type":"BreadcrumbList","@id":"https:\/\/ecosupplements.ch\/?product=natures-way-hops-flowers-100-capsules#breadcrumb","itemListElement":[{"@type":"ListItem","position":1,"name":"Home","item":"https:\/\/ecosupplements.ch\/"},{"@type":"ListItem","position":2,"name":"Shop","item":"https:\/\/ecosupplements.ch\/?page_id=14"},{"@type":"ListItem","position":3,"name":"Natures Way Hops Flowers (100 Capsules)"}]},{"@type":"WebSite","@id":"https:\/\/ecosupplements.ch\/#website","url":"https:\/\/ecosupplements.ch\/","name":"Eco Supplements","description":"","potentialAction":[{"@type":"SearchAction","target":{"@type":"EntryPoint","urlTemplate":"https:\/\/ecosupplements.ch\/?s={search_term_string}"},"query-input":{"@type":"PropertyValueSpecification","valueRequired":true,"valueName":"search_term_string"}}],"inLanguage":"de-CH"}]},"product_price_amount":"8.55","product_price_currency":"CHF","og_availability":"out of stock","product_availability":"out of stock","product_retailer_item_id":"033674141557","product_condition":"new"},"_links":{"self":[{"href":"https:\/\/ecosupplements.ch\/index.php?rest_route=\/wp\/v2\/product\/4278","targetHints":{"allow":["GET"]}}],"collection":[{"href":"https:\/\/ecosupplements.ch\/index.php?rest_route=\/wp\/v2\/product"}],"about":[{"href":"https:\/\/ecosupplements.ch\/index.php?rest_route=\/wp\/v2\/types\/product"}],"replies":[{"embeddable":true,"href":"https:\/\/ecosupplements.ch\/index.php?rest_route=%2Fwp%2Fv2%2Fcomments&post=4278"}],"wp:featuredmedia":[{"embeddable":true,"href":"https:\/\/ecosupplements.ch\/index.php?rest_route=\/wp\/v2\/media\/4279"}],"wp:attachment":[{"href":"https:\/\/ecosupplements.ch\/index.php?rest_route=%2Fwp%2Fv2%2Fmedia&parent=4278"}],"wp:term":[{"taxonomy":"product_brand","embeddable":true,"href":"https:\/\/ecosupplements.ch\/index.php?rest_route=%2Fwp%2Fv2%2Fproduct_brand&post=4278"},{"taxonomy":"product_cat","embeddable":true,"href":"https:\/\/ecosupplements.ch\/index.php?rest_route=%2Fwp%2Fv2%2Fproduct_cat&post=4278"},{"taxonomy":"product_tag","embeddable":true,"href":"https:\/\/ecosupplements.ch\/index.php?rest_route=%2Fwp%2Fv2%2Fproduct_tag&post=4278"}],"curies":[{"name":"wp","href":"https:\/\/api.w.org\/{rel}","templated":true}]}}