{"id":4376,"date":"2026-05-11T14:58:01","date_gmt":"2026-05-11T14:58:01","guid":{"rendered":"https:\/\/ecosupplements.ch\/?product=puritans-pride-one-daily-mens-multivitamin-100-caplets"},"modified":"2026-05-13T07:26:50","modified_gmt":"2026-05-13T07:26:50","slug":"puritans-pride-one-daily-mens-multivitamin-100-caplets","status":"publish","type":"product","link":"https:\/\/ecosupplements.ch\/?product=puritans-pride-one-daily-mens-multivitamin-100-caplets","title":{"rendered":"Puritan&#8217;s Pride One Daily Men&#8217;s Multivitamin (100 Caplets)"},"content":{"rendered":"<div class=\"chcg-product-description\">\n<h2 class=\"chcg-heading\">\u00dcber Puritan&#8217;s Pride \u2013 One Daily Men&#8217;s Multivitamin (100 Tabletten)<\/h2>\n<div class=\"chcg-intro\">\n<p>Das <strong>Puritan&#8217;s Pride One Daily Men&#8217;s Multivitamin<\/strong> ist ein umfassendes Multivitaminpr\u00e4parat, das speziell auf die Bed\u00fcrfnisse erwachsener M\u00e4nner ausgerichtet ist. Mit einer einzigen Tablette pro Tag liefert es 21 essentielle Vitamine und Mineralstoffe \u2013 darunter Vitamin A, C, D3, E, K sowie den vollst\u00e4ndigen B-Vitamin-Komplex \u2013 und unterst\u00fctzt so eine ausgewogene N\u00e4hrstoffversorgung im Alltag.<\/p>\n<p>Die Formel enth\u00e4lt Vitamin D3 (Cholecalciferol) zur Unterst\u00fctzung einer normalen Knochengesundheit und Immunfunktion, Vitamin C und E als antioxidativ wirkende N\u00e4hrstoffe sowie Zink, Selen und Magnesium f\u00fcr vielf\u00e4ltige K\u00f6rperfunktionen. Lycopene ist ebenfalls enthalten \u2013 ein pflanzliches Carotinoid, das nat\u00fcrlicherweise in roten Fr\u00fcchten und Gem\u00fcsen vorkommt.<\/p>\n<p>Mit 100 Tabletten pro Packung deckt dieses Pr\u00e4parat einen Bedarf von 100 Tagen. Es ist glutenfrei, laktosefrei und enth\u00e4lt keine Farbstoffe, keinen Zucker, keine Hefe und keinen Fisch \u2013 ideal f\u00fcr M\u00e4nner, die eine t\u00e4gliche Basisversorgung mit Mikron\u00e4hrstoffen anstreben.<\/p>\n<\/p><\/div>\n<div class=\"chcg-nutrition\">\n<h3>N\u00e4hrwertangaben<\/h3>\n<table class=\"chcg-nutrition-table\">\n<thead>\n<tr>\n<th>N\u00e4hrstoff<\/th>\n<th>Pro Portion (1 Tablette)<\/th>\n<\/tr>\n<\/thead>\n<tbody>\n<tr>\n<td>Vitamin A (als Vitamin-A-Acetat und 14 % als Beta-Carotin)<\/td>\n<td>1&#8217;050 mcg (117 % TRV)<\/td>\n<\/tr>\n<tr>\n<td>Vitamin C (als Ascorbins\u00e4ure)<\/td>\n<td>60 mg (67 % TRV)<\/td>\n<\/tr>\n<tr>\n<td>Vitamin D (als D3 Cholecalciferol)<\/td>\n<td>17,5 mcg \/ 700 IU (88 % TRV)<\/td>\n<\/tr>\n<tr>\n<td>Vitamin E (als dl-Alpha-Tocopherylacetat)<\/td>\n<td>10,125 mg (68 % TRV)<\/td>\n<\/tr>\n<tr>\n<td>Vitamin K (als Phytomenadion)<\/td>\n<td>20 mcg (17 % TRV)<\/td>\n<\/tr>\n<tr>\n<td>Thiamin (Vitamin B-1) (als Thiaminmononitrat)<\/td>\n<td>1,35 mg (113 % TRV)<\/td>\n<\/tr>\n<tr>\n<td>Riboflavin (Vitamin B-2)<\/td>\n<td>1,7 mg (131 % TRV)<\/td>\n<\/tr>\n<tr>\n<td>Niacin (als Niacinamid)<\/td>\n<td>18 mg (113 % TRV)<\/td>\n<\/tr>\n<tr>\n<td>Vitamin B-6 (als Pyridoxinhydrochlorid)<\/td>\n<td>3 mg (176 % TRV)<\/td>\n<\/tr>\n<tr>\n<td>Folat (400 mcg Fols\u00e4ure)<\/td>\n<td>666 mcg DF\u00c4 (167 % TRV)<\/td>\n<\/tr>\n<tr>\n<td>Vitamin B-12 (als Cyanocobalamin)<\/td>\n<td>18 mcg (750 % TRV)<\/td>\n<\/tr>\n<tr>\n<td>Biotin (als d-Biotin)<\/td>\n<td>75 mcg (250 % TRV)<\/td>\n<\/tr>\n<tr>\n<td>Pantothens\u00e4ure (als d-Calciumpantothenat)<\/td>\n<td>16 mg (320 % TRV)<\/td>\n<\/tr>\n<tr>\n<td>Calcium (als Calciumcarbonat)<\/td>\n<td>210 mg (16 % TRV)<\/td>\n<\/tr>\n<tr>\n<td>Magnesium (als Magnesiumoxid)<\/td>\n<td>140 mg (33 % TRV)<\/td>\n<\/tr>\n<tr>\n<td>Zink (als Zinkoxid)<\/td>\n<td>15 mg (136 % TRV)<\/td>\n<\/tr>\n<tr>\n<td>Selen (als Natriumselenat)<\/td>\n<td>110 mcg (200 % TRV)<\/td>\n<\/tr>\n<tr>\n<td>Kupfer (als Kupferoxid)<\/td>\n<td>2 mg (222 % TRV)<\/td>\n<\/tr>\n<tr>\n<td>Mangan (als Mangansulfat)<\/td>\n<td>2 mg (87 % TRV)<\/td>\n<\/tr>\n<tr>\n<td>Chrom (als Chromchlorid)<\/td>\n<td>120 mcg (343 % TRV)<\/td>\n<\/tr>\n<tr>\n<td>Lycopene<\/td>\n<td>300 mcg (*)<\/td>\n<\/tr>\n<\/tbody>\n<\/table>\n<p class=\"chcg-footnote\">TRV = Tagesbedarf-Referenzwert. * Kein Referenzwert festgelegt.<\/p>\n<\/p><\/div>\n<div class=\"chcg-ingredients\">\n<h3>Zutaten<\/h3>\n<p>Pflanzliche Cellulose, Gelatine. Enth\u00e4lt &lt;2 % von: Siliziumdioxid, pflanzliches Magnesiumstearat, pflanzliche Stearins\u00e4ure.<\/p>\n<p class=\"chcg-capsule-shell\">Kapselh\u00fclle: Beschichtete Tablette; Beschichtung nicht separat auf dem Etikett aufgef\u00fchrt.<\/p>\n<\/p><\/div>\n<div class=\"chcg-dosage\">\n<h3>Verzehrempfehlung<\/h3>\n<p>F\u00fcr erwachsene M\u00e4nner: t\u00e4glich eine (1) Tablette einnehmen, vorzugsweise zu einer Mahlzeit.<\/p>\n<\/p><\/div>\n<div class=\"chcg-warnings\">\n<h3>Warnhinweise<\/h3>\n<p>Dieses Produkt ist f\u00fcr die Anwendung durch M\u00e4nner bestimmt und nicht f\u00fcr die Anwendung durch Frauen vorgesehen. Wenn Sie Medikamente einnehmen, einen medizinischen oder chirurgischen Eingriff planen oder an einer Erkrankung leiden, konsultieren Sie vor der Einnahme einen Arzt. Bei unerw\u00fcnschten Reaktionen die Einnahme abbrechen und einen Arzt aufsuchen. Ausserhalb der Reichweite von Kindern aufbewahren. Nicht verwenden, wenn die Schutzfolie unter dem Verschluss besch\u00e4digt oder nicht vorhanden ist.<\/p>\n<\/p><\/div>\n<div class=\"chcg-allergens\">\n<h3>Allergeninformationen<\/h3>\n<p>Ohne k\u00fcnstliche Farbstoffe oder Aromen. Ohne Zucker, Milch, Laktose, Gluten, Weizen, Hefe und Fisch.<\/p>\n<\/p><\/div>\n<div class=\"chcg-storage\">\n<h3>Lagerung<\/h3>\n<p>Bei Raumtemperatur lagern.<\/p>\n<\/p><\/div>\n<div class=\"chcg-dietary\">\n<h3>Ern\u00e4hrungshinweise<\/h3>\n<ul>\n<li>Glutenfrei<\/li>\n<li>Laktosefrei<\/li>\n<\/ul><\/div>\n<\/div>\n","protected":false},"excerpt":{"rendered":"<p>Puritan&#8217;s Pride One Daily Men&#8217;s Multivitamin versorgt erwachsene M\u00e4nner t\u00e4glich mit 21 Vitaminen und Mineralstoffen in einer einzigen Tablette. Glutenfrei und laktosefrei \u2013 100 Tabletten f\u00fcr 100 Tage.<\/p>\n","protected":false},"featured_media":4377,"comment_status":"closed","ping_status":"open","template":"","meta":[],"product_brand":[258],"product_cat":[25,26,171,21],"product_tag":[],"class_list":{"0":"post-4376","1":"product","2":"type-product","3":"status-publish","4":"has-post-thumbnail","6":"product_brand-puritans-pride","7":"product_cat-gesundheit-und-wohlbefinden","8":"product_cat-multivitamine","9":"product_cat-vitamine-und-mineralien","10":"product_cat-vitamine-und-mineralstoffe","12":"first","13":"outofstock","14":"taxable","15":"shipping-taxable","16":"purchasable","17":"product-type-simple"},"yoast_head":"<!-- This site is optimized with the Yoast SEO plugin v27.5 - https:\/\/yoast.com\/product\/yoast-seo-wordpress\/ -->\n<title>One Daily Men&#039;s Multivitamin \u2013 Puritan&#039;s Pride | ecosupplements.ch<\/title>\n<meta name=\"description\" content=\"T\u00e4gliche N\u00e4hrstoffversorgung f\u00fcr M\u00e4nner: 21 Vitamine &amp; Mineralstoffe pro Tablette, glutenfrei, 100 Tage Vorrat. Jetzt bestellen.\" \/>\n<meta name=\"robots\" content=\"index, follow, max-snippet:-1, max-image-preview:large, max-video-preview:-1\" \/>\n<link rel=\"canonical\" href=\"https:\/\/ecosupplements.ch\/?product=puritans-pride-one-daily-mens-multivitamin-100-caplets\" \/>\n<meta property=\"og:locale\" content=\"de_DE\" \/>\n<meta property=\"og:type\" content=\"article\" \/>\n<meta property=\"og:title\" content=\"One Daily Men&#039;s Multivitamin \u2013 Puritan&#039;s Pride | ecosupplements.ch\" \/>\n<meta property=\"og:description\" content=\"T\u00e4gliche N\u00e4hrstoffversorgung f\u00fcr M\u00e4nner: 21 Vitamine &amp; Mineralstoffe pro Tablette, glutenfrei, 100 Tage Vorrat. Jetzt bestellen.\" \/>\n<meta property=\"og:url\" content=\"https:\/\/ecosupplements.ch\/?product=puritans-pride-one-daily-mens-multivitamin-100-caplets\" \/>\n<meta property=\"og:site_name\" content=\"Eco Supplements\" \/>\n<meta property=\"article:modified_time\" content=\"2026-05-13T07:26:50+00:00\" \/>\n<meta property=\"og:image\" content=\"https:\/\/ecosupplements.ch\/wp-content\/uploads\/2026\/05\/Puritans-Pride-One-Daily-Mens-Multivitamin-100-Caplets.webp\" \/>\n\t<meta property=\"og:image:width\" content=\"1000\" \/>\n\t<meta property=\"og:image:height\" content=\"1000\" \/>\n\t<meta property=\"og:image:type\" content=\"image\/jpeg\" \/>\n<meta name=\"twitter:card\" content=\"summary_large_image\" \/>\n<meta name=\"twitter:label1\" content=\"Price\" \/>\n\t<meta name=\"twitter:data1\" content=\"&#067;&#072;&#070;&nbsp;11.39\" \/>\n\t<meta name=\"twitter:label2\" content=\"Availability\" \/>\n\t<meta name=\"twitter:data2\" content=\"Out of stock\" \/>\n<script type=\"application\/ld+json\" class=\"yoast-schema-graph\">{\"@context\":\"https:\\\/\\\/schema.org\",\"@graph\":[{\"@type\":\"WebPage\",\"@id\":\"https:\\\/\\\/ecosupplements.ch\\\/?product=puritans-pride-one-daily-mens-multivitamin-100-caplets\",\"url\":\"https:\\\/\\\/ecosupplements.ch\\\/?product=puritans-pride-one-daily-mens-multivitamin-100-caplets\",\"name\":\"One Daily Men's Multivitamin \u2013 Puritan's Pride | ecosupplements.ch\",\"isPartOf\":{\"@id\":\"https:\\\/\\\/ecosupplements.ch\\\/#website\"},\"primaryImageOfPage\":{\"@id\":\"https:\\\/\\\/ecosupplements.ch\\\/?product=puritans-pride-one-daily-mens-multivitamin-100-caplets#primaryimage\"},\"image\":{\"@id\":\"https:\\\/\\\/ecosupplements.ch\\\/?product=puritans-pride-one-daily-mens-multivitamin-100-caplets#primaryimage\"},\"thumbnailUrl\":\"https:\\\/\\\/ecosupplements.ch\\\/wp-content\\\/uploads\\\/2026\\\/05\\\/Puritans-Pride-One-Daily-Mens-Multivitamin-100-Caplets.webp\",\"datePublished\":\"2026-05-11T14:58:01+00:00\",\"dateModified\":\"2026-05-13T07:26:50+00:00\",\"description\":\"T\u00e4gliche N\u00e4hrstoffversorgung f\u00fcr M\u00e4nner: 21 Vitamine & Mineralstoffe pro Tablette, glutenfrei, 100 Tage Vorrat. Jetzt bestellen.\",\"breadcrumb\":{\"@id\":\"https:\\\/\\\/ecosupplements.ch\\\/?product=puritans-pride-one-daily-mens-multivitamin-100-caplets#breadcrumb\"},\"inLanguage\":\"de-CH\",\"potentialAction\":[{\"@type\":\"ReadAction\",\"target\":[\"https:\\\/\\\/ecosupplements.ch\\\/?product=puritans-pride-one-daily-mens-multivitamin-100-caplets\"]}]},{\"@type\":\"ImageObject\",\"inLanguage\":\"de-CH\",\"@id\":\"https:\\\/\\\/ecosupplements.ch\\\/?product=puritans-pride-one-daily-mens-multivitamin-100-caplets#primaryimage\",\"url\":\"https:\\\/\\\/ecosupplements.ch\\\/wp-content\\\/uploads\\\/2026\\\/05\\\/Puritans-Pride-One-Daily-Mens-Multivitamin-100-Caplets.webp\",\"contentUrl\":\"https:\\\/\\\/ecosupplements.ch\\\/wp-content\\\/uploads\\\/2026\\\/05\\\/Puritans-Pride-One-Daily-Mens-Multivitamin-100-Caplets.webp\",\"width\":1000,\"height\":1000,\"caption\":\"Puritan's Pride One Daily Men's Multivitamin (100 Caplets)\"},{\"@type\":\"BreadcrumbList\",\"@id\":\"https:\\\/\\\/ecosupplements.ch\\\/?product=puritans-pride-one-daily-mens-multivitamin-100-caplets#breadcrumb\",\"itemListElement\":[{\"@type\":\"ListItem\",\"position\":1,\"name\":\"Home\",\"item\":\"https:\\\/\\\/ecosupplements.ch\\\/\"},{\"@type\":\"ListItem\",\"position\":2,\"name\":\"Shop\",\"item\":\"https:\\\/\\\/ecosupplements.ch\\\/?page_id=14\"},{\"@type\":\"ListItem\",\"position\":3,\"name\":\"Puritan&#8217;s Pride One Daily Men&#8217;s Multivitamin (100 Caplets)\"}]},{\"@type\":\"WebSite\",\"@id\":\"https:\\\/\\\/ecosupplements.ch\\\/#website\",\"url\":\"https:\\\/\\\/ecosupplements.ch\\\/\",\"name\":\"Eco Supplements\",\"description\":\"\",\"potentialAction\":[{\"@type\":\"SearchAction\",\"target\":{\"@type\":\"EntryPoint\",\"urlTemplate\":\"https:\\\/\\\/ecosupplements.ch\\\/?s={search_term_string}\"},\"query-input\":{\"@type\":\"PropertyValueSpecification\",\"valueRequired\":true,\"valueName\":\"search_term_string\"}}],\"inLanguage\":\"de-CH\"}]}<\/script>\n<meta property=\"product:price:amount\" content=\"11.39\" \/>\n<meta property=\"product:price:currency\" content=\"CHF\" \/>\n<meta property=\"og:availability\" content=\"out of stock\" \/>\n<meta property=\"product:availability\" content=\"out of stock\" \/>\n<meta property=\"product:retailer_item_id\" content=\"025077130467\" \/>\n<meta property=\"product:condition\" content=\"new\" \/>\n<!-- \/ Yoast SEO plugin. -->","yoast_head_json":{"title":"One Daily Men's Multivitamin \u2013 Puritan's Pride | ecosupplements.ch","description":"T\u00e4gliche N\u00e4hrstoffversorgung f\u00fcr M\u00e4nner: 21 Vitamine & Mineralstoffe pro Tablette, glutenfrei, 100 Tage Vorrat. Jetzt bestellen.","robots":{"index":"index","follow":"follow","max-snippet":"max-snippet:-1","max-image-preview":"max-image-preview:large","max-video-preview":"max-video-preview:-1"},"canonical":"https:\/\/ecosupplements.ch\/?product=puritans-pride-one-daily-mens-multivitamin-100-caplets","og_locale":"de_DE","og_type":"article","og_title":"One Daily Men's Multivitamin \u2013 Puritan's Pride | ecosupplements.ch","og_description":"T\u00e4gliche N\u00e4hrstoffversorgung f\u00fcr M\u00e4nner: 21 Vitamine & Mineralstoffe pro Tablette, glutenfrei, 100 Tage Vorrat. Jetzt bestellen.","og_url":"https:\/\/ecosupplements.ch\/?product=puritans-pride-one-daily-mens-multivitamin-100-caplets","og_site_name":"Eco Supplements","article_modified_time":"2026-05-13T07:26:50+00:00","og_image":[{"width":1000,"height":1000,"url":"https:\/\/ecosupplements.ch\/wp-content\/uploads\/2026\/05\/Puritans-Pride-One-Daily-Mens-Multivitamin-100-Caplets.webp","type":"image\/jpeg"}],"twitter_card":"summary_large_image","twitter_misc":{"Price":"&#67;&#72;&#70;&nbsp;11.39","Availability":"Out of stock"},"schema":{"@context":"https:\/\/schema.org","@graph":[{"@type":"WebPage","@id":"https:\/\/ecosupplements.ch\/?product=puritans-pride-one-daily-mens-multivitamin-100-caplets","url":"https:\/\/ecosupplements.ch\/?product=puritans-pride-one-daily-mens-multivitamin-100-caplets","name":"One Daily Men's Multivitamin \u2013 Puritan's Pride | ecosupplements.ch","isPartOf":{"@id":"https:\/\/ecosupplements.ch\/#website"},"primaryImageOfPage":{"@id":"https:\/\/ecosupplements.ch\/?product=puritans-pride-one-daily-mens-multivitamin-100-caplets#primaryimage"},"image":{"@id":"https:\/\/ecosupplements.ch\/?product=puritans-pride-one-daily-mens-multivitamin-100-caplets#primaryimage"},"thumbnailUrl":"https:\/\/ecosupplements.ch\/wp-content\/uploads\/2026\/05\/Puritans-Pride-One-Daily-Mens-Multivitamin-100-Caplets.webp","datePublished":"2026-05-11T14:58:01+00:00","dateModified":"2026-05-13T07:26:50+00:00","description":"T\u00e4gliche N\u00e4hrstoffversorgung f\u00fcr M\u00e4nner: 21 Vitamine & Mineralstoffe pro Tablette, glutenfrei, 100 Tage Vorrat. Jetzt bestellen.","breadcrumb":{"@id":"https:\/\/ecosupplements.ch\/?product=puritans-pride-one-daily-mens-multivitamin-100-caplets#breadcrumb"},"inLanguage":"de-CH","potentialAction":[{"@type":"ReadAction","target":["https:\/\/ecosupplements.ch\/?product=puritans-pride-one-daily-mens-multivitamin-100-caplets"]}]},{"@type":"ImageObject","inLanguage":"de-CH","@id":"https:\/\/ecosupplements.ch\/?product=puritans-pride-one-daily-mens-multivitamin-100-caplets#primaryimage","url":"https:\/\/ecosupplements.ch\/wp-content\/uploads\/2026\/05\/Puritans-Pride-One-Daily-Mens-Multivitamin-100-Caplets.webp","contentUrl":"https:\/\/ecosupplements.ch\/wp-content\/uploads\/2026\/05\/Puritans-Pride-One-Daily-Mens-Multivitamin-100-Caplets.webp","width":1000,"height":1000,"caption":"Puritan's Pride One Daily Men's Multivitamin (100 Caplets)"},{"@type":"BreadcrumbList","@id":"https:\/\/ecosupplements.ch\/?product=puritans-pride-one-daily-mens-multivitamin-100-caplets#breadcrumb","itemListElement":[{"@type":"ListItem","position":1,"name":"Home","item":"https:\/\/ecosupplements.ch\/"},{"@type":"ListItem","position":2,"name":"Shop","item":"https:\/\/ecosupplements.ch\/?page_id=14"},{"@type":"ListItem","position":3,"name":"Puritan&#8217;s Pride One Daily Men&#8217;s Multivitamin (100 Caplets)"}]},{"@type":"WebSite","@id":"https:\/\/ecosupplements.ch\/#website","url":"https:\/\/ecosupplements.ch\/","name":"Eco Supplements","description":"","potentialAction":[{"@type":"SearchAction","target":{"@type":"EntryPoint","urlTemplate":"https:\/\/ecosupplements.ch\/?s={search_term_string}"},"query-input":{"@type":"PropertyValueSpecification","valueRequired":true,"valueName":"search_term_string"}}],"inLanguage":"de-CH"}]},"product_price_amount":"11.39","product_price_currency":"CHF","og_availability":"out of stock","product_availability":"out of stock","product_retailer_item_id":"025077130467","product_condition":"new"},"_links":{"self":[{"href":"https:\/\/ecosupplements.ch\/index.php?rest_route=\/wp\/v2\/product\/4376","targetHints":{"allow":["GET"]}}],"collection":[{"href":"https:\/\/ecosupplements.ch\/index.php?rest_route=\/wp\/v2\/product"}],"about":[{"href":"https:\/\/ecosupplements.ch\/index.php?rest_route=\/wp\/v2\/types\/product"}],"replies":[{"embeddable":true,"href":"https:\/\/ecosupplements.ch\/index.php?rest_route=%2Fwp%2Fv2%2Fcomments&post=4376"}],"wp:featuredmedia":[{"embeddable":true,"href":"https:\/\/ecosupplements.ch\/index.php?rest_route=\/wp\/v2\/media\/4377"}],"wp:attachment":[{"href":"https:\/\/ecosupplements.ch\/index.php?rest_route=%2Fwp%2Fv2%2Fmedia&parent=4376"}],"wp:term":[{"taxonomy":"product_brand","embeddable":true,"href":"https:\/\/ecosupplements.ch\/index.php?rest_route=%2Fwp%2Fv2%2Fproduct_brand&post=4376"},{"taxonomy":"product_cat","embeddable":true,"href":"https:\/\/ecosupplements.ch\/index.php?rest_route=%2Fwp%2Fv2%2Fproduct_cat&post=4376"},{"taxonomy":"product_tag","embeddable":true,"href":"https:\/\/ecosupplements.ch\/index.php?rest_route=%2Fwp%2Fv2%2Fproduct_tag&post=4376"}],"curies":[{"name":"wp","href":"https:\/\/api.w.org\/{rel}","templated":true}]}}