{"id":4416,"date":"2026-05-11T14:58:22","date_gmt":"2026-05-11T14:58:22","guid":{"rendered":"https:\/\/ecosupplements.ch\/?product=puritans-pride-vitamin-d3-5000-iu-100-softgels"},"modified":"2026-05-13T07:25:38","modified_gmt":"2026-05-13T07:25:38","slug":"puritans-pride-vitamin-d3-5000-iu-100-softgels","status":"publish","type":"product","link":"https:\/\/ecosupplements.ch\/?product=puritans-pride-vitamin-d3-5000-iu-100-softgels","title":{"rendered":"Puritan&#8217;s Pride Vitamin D3 5000 IU (100 Softgels)"},"content":{"rendered":"<div class=\"chcg-product-description\">\n<h2 class=\"chcg-heading\">\u00dcber Puritan&#8217;s Pride \u2013 Vitamin D3 5000 IU (100 Softgels)<\/h2>\n<div class=\"chcg-intro\">\n<p>Vitamin D3 (Cholecalciferol) ist die k\u00f6rpereigene Form von Vitamin D, die in der Haut durch Sonnenlichteinwirkung gebildet wird. Puritan&#8217;s Pride liefert mit diesem Pr\u00e4parat eine hochdosierte Versorgung von 125 mcg (5000 IU) pro Softgel \u2013 praktisch und schnell resorbierbar dank der Rapid-Release-Formulierung in Softgel-Form.<\/p>\n<p>Vitamin D tr\u00e4gt zur normalen Funktion des Immunsystems bei, unterst\u00fctzt die Erhaltung normaler Knochen und Z\u00e4hne und ist an der normalen Muskelfunktion beteiligt. Es spielt zudem eine wichtige Rolle bei der normalen Aufnahme und Verwertung von Kalzium und Phosphor im K\u00f6rper.<\/p>\n<p>Die praktischen Softgels sind glutenfrei und laktosefrei und enthalten keine k\u00fcnstlichen Farb-, Aroma- oder S\u00fcssungsmittel sowie keine Konservierungsstoffe \u2013 ideal f\u00fcr alle, die auf eine saubere Zutatenliste Wert legen.<\/p>\n<\/p><\/div>\n<div class=\"chcg-nutrition\">\n<h3>N\u00e4hrwertangaben<\/h3>\n<table class=\"chcg-nutrition-table\">\n<thead>\n<tr>\n<th>N\u00e4hrstoff<\/th>\n<th>Pro Portion (1 Softgel)<\/th>\n<\/tr>\n<\/thead>\n<tbody>\n<tr>\n<td>Vitamin D3 (als Cholecalciferol)<\/td>\n<td>125 mcg (5000 IU) | 625 % des Tagesbedarfs<\/td>\n<\/tr>\n<\/tbody>\n<\/table><\/div>\n<div class=\"chcg-ingredients\">\n<h3>Zutaten<\/h3>\n<p>Vitamin D3 (als Cholecalciferol) 125 mcg (5000 IU). Weitere Zutaten: Soja\u00f6l, Gelatine, pflanzliches Glycerin, Mais\u00f6l.<\/p>\n<p class=\"chcg-capsule-shell\">Kapselh\u00fclle: Gelatine, pflanzliches Glycerin<\/p>\n<\/p><\/div>\n<div class=\"chcg-dosage\">\n<h3>Verzehrempfehlung<\/h3>\n<p>F\u00fcr Erwachsene: t\u00e4glich ein (1) Softgel einnehmen, vorzugsweise zu einer Mahlzeit.<\/p>\n<\/p><\/div>\n<div class=\"chcg-warnings\">\n<h3>Warnhinweise<\/h3>\n<p>Wenn Sie schwanger sind, stillen, Medikamente einnehmen oder an einer Erkrankung leiden, konsultieren Sie bitte vor der Einnahme Ihren Arzt. Bei unerw\u00fcnschten Reaktionen die Einnahme abbrechen und einen Arzt aufsuchen. Ausserhalb der Reichweite von Kindern aufbewahren. Nicht verwenden, wenn die Schutzfolie unter dem Verschluss besch\u00e4digt oder nicht vorhanden ist.<\/p>\n<\/p><\/div>\n<div class=\"chcg-allergens\">\n<h3>Allergeninformationen<\/h3>\n<p>Frei von: k\u00fcnstlichen Farbstoffen, k\u00fcnstlichen Aromen, k\u00fcnstlichen S\u00fcssungsmitteln, Konservierungsstoffen, Zucker, St\u00e4rke, Milch, Laktose, Soja, Gluten, Weizen, Hefe, Fisch. Natriumfrei.<\/p>\n<\/p><\/div>\n<div class=\"chcg-storage\">\n<h3>Lagerung<\/h3>\n<p>Bei Raumtemperatur lagern.<\/p>\n<\/p><\/div>\n<div class=\"chcg-dietary\">\n<h3>Ern\u00e4hrungshinweise<\/h3>\n<ul>\n<li>Glutenfrei<\/li>\n<li>Laktosefrei<\/li>\n<\/ul><\/div>\n<\/div>\n","protected":false},"excerpt":{"rendered":"<p>Vitamin D3 5000 IU (125 mcg) pro Softgel f\u00fcr Knochen, Z\u00e4hne, Muskeln und das Immunsystem. 100 schnell resorbierbare Rapid-Release-Softgels von Puritan&#8217;s Pride \u2013 glutenfrei und laktosefrei.<\/p>\n","protected":false},"featured_media":4417,"comment_status":"closed","ping_status":"open","template":"","meta":[],"product_brand":[258],"product_cat":[27,25,26,30,21],"product_tag":[],"class_list":{"0":"post-4416","1":"product","2":"type-product","3":"status-publish","4":"has-post-thumbnail","6":"product_brand-puritans-pride","7":"product_cat-einige-vitamine","8":"product_cat-gesundheit-und-wohlbefinden","9":"product_cat-multivitamine","10":"product_cat-vitamin-d","11":"product_cat-vitamine-und-mineralstoffe","13":"first","14":"outofstock","15":"taxable","16":"shipping-taxable","17":"purchasable","18":"product-type-simple"},"yoast_head":"<!-- This site is optimized with the Yoast SEO plugin v27.5 - https:\/\/yoast.com\/product\/yoast-seo-wordpress\/ -->\n<title>Vitamin D3 5000 IU Softgels \u2013 Puritan&#039;s Pride | ecosupplements.ch<\/title>\n<meta name=\"description\" content=\"Puritan&#039;s Pride Vitamin D3 5000 IU \u2013 100 Softgels f\u00fcr Knochen, Immunsystem und Muskeln. Glutenfrei, laktosefrei. Jetzt bestellen.\" \/>\n<meta name=\"robots\" content=\"index, follow, max-snippet:-1, max-image-preview:large, max-video-preview:-1\" \/>\n<link rel=\"canonical\" href=\"https:\/\/ecosupplements.ch\/?product=puritans-pride-vitamin-d3-5000-iu-100-softgels\" \/>\n<meta property=\"og:locale\" content=\"de_DE\" \/>\n<meta property=\"og:type\" content=\"article\" \/>\n<meta property=\"og:title\" content=\"Vitamin D3 5000 IU Softgels \u2013 Puritan&#039;s Pride | ecosupplements.ch\" \/>\n<meta property=\"og:description\" content=\"Puritan&#039;s Pride Vitamin D3 5000 IU \u2013 100 Softgels f\u00fcr Knochen, Immunsystem und Muskeln. Glutenfrei, laktosefrei. Jetzt bestellen.\" \/>\n<meta property=\"og:url\" content=\"https:\/\/ecosupplements.ch\/?product=puritans-pride-vitamin-d3-5000-iu-100-softgels\" \/>\n<meta property=\"og:site_name\" content=\"Eco Supplements\" \/>\n<meta property=\"article:modified_time\" content=\"2026-05-13T07:25:38+00:00\" \/>\n<meta property=\"og:image\" content=\"https:\/\/ecosupplements.ch\/wp-content\/uploads\/2026\/05\/Puritans-Pride-Vitamin-D3-5000-IU-100-Softgels.webp\" \/>\n\t<meta property=\"og:image:width\" content=\"1000\" \/>\n\t<meta property=\"og:image:height\" content=\"1000\" \/>\n\t<meta property=\"og:image:type\" content=\"image\/jpeg\" \/>\n<meta name=\"twitter:card\" content=\"summary_large_image\" \/>\n<meta name=\"twitter:label1\" content=\"Price\" \/>\n\t<meta name=\"twitter:data1\" content=\"&#067;&#072;&#070;&nbsp;4.99\" \/>\n\t<meta name=\"twitter:label2\" content=\"Availability\" \/>\n\t<meta name=\"twitter:data2\" content=\"Out of stock\" \/>\n<script type=\"application\/ld+json\" class=\"yoast-schema-graph\">{\"@context\":\"https:\\\/\\\/schema.org\",\"@graph\":[{\"@type\":\"WebPage\",\"@id\":\"https:\\\/\\\/ecosupplements.ch\\\/?product=puritans-pride-vitamin-d3-5000-iu-100-softgels\",\"url\":\"https:\\\/\\\/ecosupplements.ch\\\/?product=puritans-pride-vitamin-d3-5000-iu-100-softgels\",\"name\":\"Vitamin D3 5000 IU Softgels \u2013 Puritan's Pride | ecosupplements.ch\",\"isPartOf\":{\"@id\":\"https:\\\/\\\/ecosupplements.ch\\\/#website\"},\"primaryImageOfPage\":{\"@id\":\"https:\\\/\\\/ecosupplements.ch\\\/?product=puritans-pride-vitamin-d3-5000-iu-100-softgels#primaryimage\"},\"image\":{\"@id\":\"https:\\\/\\\/ecosupplements.ch\\\/?product=puritans-pride-vitamin-d3-5000-iu-100-softgels#primaryimage\"},\"thumbnailUrl\":\"https:\\\/\\\/ecosupplements.ch\\\/wp-content\\\/uploads\\\/2026\\\/05\\\/Puritans-Pride-Vitamin-D3-5000-IU-100-Softgels.webp\",\"datePublished\":\"2026-05-11T14:58:22+00:00\",\"dateModified\":\"2026-05-13T07:25:38+00:00\",\"description\":\"Puritan's Pride Vitamin D3 5000 IU \u2013 100 Softgels f\u00fcr Knochen, Immunsystem und Muskeln. Glutenfrei, laktosefrei. Jetzt bestellen.\",\"breadcrumb\":{\"@id\":\"https:\\\/\\\/ecosupplements.ch\\\/?product=puritans-pride-vitamin-d3-5000-iu-100-softgels#breadcrumb\"},\"inLanguage\":\"de-CH\",\"potentialAction\":[{\"@type\":\"ReadAction\",\"target\":[\"https:\\\/\\\/ecosupplements.ch\\\/?product=puritans-pride-vitamin-d3-5000-iu-100-softgels\"]}]},{\"@type\":\"ImageObject\",\"inLanguage\":\"de-CH\",\"@id\":\"https:\\\/\\\/ecosupplements.ch\\\/?product=puritans-pride-vitamin-d3-5000-iu-100-softgels#primaryimage\",\"url\":\"https:\\\/\\\/ecosupplements.ch\\\/wp-content\\\/uploads\\\/2026\\\/05\\\/Puritans-Pride-Vitamin-D3-5000-IU-100-Softgels.webp\",\"contentUrl\":\"https:\\\/\\\/ecosupplements.ch\\\/wp-content\\\/uploads\\\/2026\\\/05\\\/Puritans-Pride-Vitamin-D3-5000-IU-100-Softgels.webp\",\"width\":1000,\"height\":1000,\"caption\":\"Puritan's Pride Vitamin D3 5000 IU (100 Softgels)\"},{\"@type\":\"BreadcrumbList\",\"@id\":\"https:\\\/\\\/ecosupplements.ch\\\/?product=puritans-pride-vitamin-d3-5000-iu-100-softgels#breadcrumb\",\"itemListElement\":[{\"@type\":\"ListItem\",\"position\":1,\"name\":\"Home\",\"item\":\"https:\\\/\\\/ecosupplements.ch\\\/\"},{\"@type\":\"ListItem\",\"position\":2,\"name\":\"Shop\",\"item\":\"https:\\\/\\\/ecosupplements.ch\\\/?page_id=14\"},{\"@type\":\"ListItem\",\"position\":3,\"name\":\"Puritan&#8217;s Pride Vitamin D3 5000 IU (100 Softgels)\"}]},{\"@type\":\"WebSite\",\"@id\":\"https:\\\/\\\/ecosupplements.ch\\\/#website\",\"url\":\"https:\\\/\\\/ecosupplements.ch\\\/\",\"name\":\"Eco Supplements\",\"description\":\"\",\"potentialAction\":[{\"@type\":\"SearchAction\",\"target\":{\"@type\":\"EntryPoint\",\"urlTemplate\":\"https:\\\/\\\/ecosupplements.ch\\\/?s={search_term_string}\"},\"query-input\":{\"@type\":\"PropertyValueSpecification\",\"valueRequired\":true,\"valueName\":\"search_term_string\"}}],\"inLanguage\":\"de-CH\"}]}<\/script>\n<meta property=\"product:price:amount\" content=\"4.99\" \/>\n<meta property=\"product:price:currency\" content=\"CHF\" \/>\n<meta property=\"og:availability\" content=\"out of stock\" \/>\n<meta property=\"product:availability\" content=\"out of stock\" \/>\n<meta property=\"product:retailer_item_id\" content=\"025077193776\" \/>\n<meta property=\"product:condition\" content=\"new\" \/>\n<!-- \/ Yoast SEO plugin. -->","yoast_head_json":{"title":"Vitamin D3 5000 IU Softgels \u2013 Puritan's Pride | ecosupplements.ch","description":"Puritan's Pride Vitamin D3 5000 IU \u2013 100 Softgels f\u00fcr Knochen, Immunsystem und Muskeln. Glutenfrei, laktosefrei. Jetzt bestellen.","robots":{"index":"index","follow":"follow","max-snippet":"max-snippet:-1","max-image-preview":"max-image-preview:large","max-video-preview":"max-video-preview:-1"},"canonical":"https:\/\/ecosupplements.ch\/?product=puritans-pride-vitamin-d3-5000-iu-100-softgels","og_locale":"de_DE","og_type":"article","og_title":"Vitamin D3 5000 IU Softgels \u2013 Puritan's Pride | ecosupplements.ch","og_description":"Puritan's Pride Vitamin D3 5000 IU \u2013 100 Softgels f\u00fcr Knochen, Immunsystem und Muskeln. Glutenfrei, laktosefrei. Jetzt bestellen.","og_url":"https:\/\/ecosupplements.ch\/?product=puritans-pride-vitamin-d3-5000-iu-100-softgels","og_site_name":"Eco Supplements","article_modified_time":"2026-05-13T07:25:38+00:00","og_image":[{"width":1000,"height":1000,"url":"https:\/\/ecosupplements.ch\/wp-content\/uploads\/2026\/05\/Puritans-Pride-Vitamin-D3-5000-IU-100-Softgels.webp","type":"image\/jpeg"}],"twitter_card":"summary_large_image","twitter_misc":{"Price":"&#67;&#72;&#70;&nbsp;4.99","Availability":"Out of stock"},"schema":{"@context":"https:\/\/schema.org","@graph":[{"@type":"WebPage","@id":"https:\/\/ecosupplements.ch\/?product=puritans-pride-vitamin-d3-5000-iu-100-softgels","url":"https:\/\/ecosupplements.ch\/?product=puritans-pride-vitamin-d3-5000-iu-100-softgels","name":"Vitamin D3 5000 IU Softgels \u2013 Puritan's Pride | ecosupplements.ch","isPartOf":{"@id":"https:\/\/ecosupplements.ch\/#website"},"primaryImageOfPage":{"@id":"https:\/\/ecosupplements.ch\/?product=puritans-pride-vitamin-d3-5000-iu-100-softgels#primaryimage"},"image":{"@id":"https:\/\/ecosupplements.ch\/?product=puritans-pride-vitamin-d3-5000-iu-100-softgels#primaryimage"},"thumbnailUrl":"https:\/\/ecosupplements.ch\/wp-content\/uploads\/2026\/05\/Puritans-Pride-Vitamin-D3-5000-IU-100-Softgels.webp","datePublished":"2026-05-11T14:58:22+00:00","dateModified":"2026-05-13T07:25:38+00:00","description":"Puritan's Pride Vitamin D3 5000 IU \u2013 100 Softgels f\u00fcr Knochen, Immunsystem und Muskeln. Glutenfrei, laktosefrei. Jetzt bestellen.","breadcrumb":{"@id":"https:\/\/ecosupplements.ch\/?product=puritans-pride-vitamin-d3-5000-iu-100-softgels#breadcrumb"},"inLanguage":"de-CH","potentialAction":[{"@type":"ReadAction","target":["https:\/\/ecosupplements.ch\/?product=puritans-pride-vitamin-d3-5000-iu-100-softgels"]}]},{"@type":"ImageObject","inLanguage":"de-CH","@id":"https:\/\/ecosupplements.ch\/?product=puritans-pride-vitamin-d3-5000-iu-100-softgels#primaryimage","url":"https:\/\/ecosupplements.ch\/wp-content\/uploads\/2026\/05\/Puritans-Pride-Vitamin-D3-5000-IU-100-Softgels.webp","contentUrl":"https:\/\/ecosupplements.ch\/wp-content\/uploads\/2026\/05\/Puritans-Pride-Vitamin-D3-5000-IU-100-Softgels.webp","width":1000,"height":1000,"caption":"Puritan's Pride Vitamin D3 5000 IU (100 Softgels)"},{"@type":"BreadcrumbList","@id":"https:\/\/ecosupplements.ch\/?product=puritans-pride-vitamin-d3-5000-iu-100-softgels#breadcrumb","itemListElement":[{"@type":"ListItem","position":1,"name":"Home","item":"https:\/\/ecosupplements.ch\/"},{"@type":"ListItem","position":2,"name":"Shop","item":"https:\/\/ecosupplements.ch\/?page_id=14"},{"@type":"ListItem","position":3,"name":"Puritan&#8217;s Pride Vitamin D3 5000 IU (100 Softgels)"}]},{"@type":"WebSite","@id":"https:\/\/ecosupplements.ch\/#website","url":"https:\/\/ecosupplements.ch\/","name":"Eco Supplements","description":"","potentialAction":[{"@type":"SearchAction","target":{"@type":"EntryPoint","urlTemplate":"https:\/\/ecosupplements.ch\/?s={search_term_string}"},"query-input":{"@type":"PropertyValueSpecification","valueRequired":true,"valueName":"search_term_string"}}],"inLanguage":"de-CH"}]},"product_price_amount":"4.99","product_price_currency":"CHF","og_availability":"out of stock","product_availability":"out of stock","product_retailer_item_id":"025077193776","product_condition":"new"},"_links":{"self":[{"href":"https:\/\/ecosupplements.ch\/index.php?rest_route=\/wp\/v2\/product\/4416","targetHints":{"allow":["GET"]}}],"collection":[{"href":"https:\/\/ecosupplements.ch\/index.php?rest_route=\/wp\/v2\/product"}],"about":[{"href":"https:\/\/ecosupplements.ch\/index.php?rest_route=\/wp\/v2\/types\/product"}],"replies":[{"embeddable":true,"href":"https:\/\/ecosupplements.ch\/index.php?rest_route=%2Fwp%2Fv2%2Fcomments&post=4416"}],"wp:featuredmedia":[{"embeddable":true,"href":"https:\/\/ecosupplements.ch\/index.php?rest_route=\/wp\/v2\/media\/4417"}],"wp:attachment":[{"href":"https:\/\/ecosupplements.ch\/index.php?rest_route=%2Fwp%2Fv2%2Fmedia&parent=4416"}],"wp:term":[{"taxonomy":"product_brand","embeddable":true,"href":"https:\/\/ecosupplements.ch\/index.php?rest_route=%2Fwp%2Fv2%2Fproduct_brand&post=4416"},{"taxonomy":"product_cat","embeddable":true,"href":"https:\/\/ecosupplements.ch\/index.php?rest_route=%2Fwp%2Fv2%2Fproduct_cat&post=4416"},{"taxonomy":"product_tag","embeddable":true,"href":"https:\/\/ecosupplements.ch\/index.php?rest_route=%2Fwp%2Fv2%2Fproduct_tag&post=4416"}],"curies":[{"name":"wp","href":"https:\/\/api.w.org\/{rel}","templated":true}]}}